{"id":10135,"date":"2021-09-10T16:19:52","date_gmt":"2021-09-10T16:19:52","guid":{"rendered":"https:\/\/calftel.com\/politica-de-privacidad\/"},"modified":"2022-06-23T19:29:42","modified_gmt":"2022-06-23T19:29:42","slug":"politica-de-privacidad","status":"publish","type":"page","link":"https:\/\/calftel.com\/es\/politica-de-privacidad\/","title":{"rendered":"Politica de Privacidad"},"content":{"rendered":"\n<h1 class=\"has-text-align-center wp-block-heading\">Politica de Privacidad<\/h1>\n\n<p class=\"has-text-align-center\"><strong>Ultima actualizaci\u00f3n: (7\/25\/2017)<\/strong><\/p>\n\n<p>Hampel Corp (\u00abnosotros\u00bb, o \u00abnuestro\u00bb) opera <a href=\"http:\/\/www.calf-tel.com\/\">http:\/\/www.calf-tel.com<\/a> y <a href=\"http:\/\/www.hampelcorp.com\/\">http:\/\/www.hampelcorp.com<\/a> (el\u00bbSitio\u00bb).<\/p>\n\n<p>Esta p\u00e1gina le informa sobre nuestras pol\u00edticas con respecto a la recopilaci\u00f3n, uso y divulgaci\u00f3n de la Informaci\u00f3n personal que recibimos de los usuarios del Sitio. Usamos su informaci\u00f3n personal solo para proporcionar y mejorar el sitio. Al utilizar el Sitio, acepta la recopilaci\u00f3n y el uso de informaci\u00f3n de acuerdo con esta pol\u00edtica.<\/p>\n\n<h5 class=\"wp-block-heading\"><strong>Recopilaci\u00f3n y uso de informaci\u00f3n durante el uso de nuestro sitio,<\/strong><\/h5>\n\n<p>Es posible que le pidamos que nos proporcione cierta informaci\u00f3n de identificaci\u00f3n personal que pueda usarse para contactarlo o identificarlo. La informaci\u00f3n de identificaci\u00f3n personal puede incluir, entre otros, su nombre (\u00abInformaci\u00f3n personal\u00bb).<\/p>\n\n<h5 class=\"wp-block-heading\"><strong>Dato de registro<\/strong><\/h5>\n\n<p>Como muchos operadores de sitios, recopilamos informaci\u00f3n que su navegador env\u00eda cada vez que visita nuestro Sitio (\u00abDatos de registro\u00bb). Estos Datos de registro pueden incluir informaci\u00f3n como la direcci\u00f3n de Protocolo de Internet (\u00abIP\u00bb) de su computadora, el tipo de navegador, la versi\u00f3n del navegador, las p\u00e1ginas de nuestro Sitio que visita, la hora y fecha de su visita, el tiempo que pas\u00f3 en esas p\u00e1ginas y otras Estad\u00edsticas. Adem\u00e1s, podemos utilizar servicios de terceros, como Google Analytics, que recopilan, supervisan y analizan esto &#8230; La secci\u00f3n de datos de registro es para empresas que utilizan servicios de an\u00e1lisis o seguimiento en sitios web o aplicaciones, como Google Analytics.<\/p>\n\n<h5 class=\"wp-block-heading\"><strong>Communicaciones<\/strong><\/h5>\n\n<p>Podemos utilizar su informaci\u00f3n personal para comunicarnos con usted con boletines, materiales de marketing o promocionales y otra informaci\u00f3n que &#8230; La secci\u00f3n Comunicaciones es para empresas que pueden comunicarse con los usuarios por correo electr\u00f3nico (boletines informativos por correo electr\u00f3nico) u otros m\u00e9todos.<\/p>\n\n<h5 class=\"wp-block-heading\">Cookies<\/h5>\n\n<p>Las cookies son archivos con una peque\u00f1a cantidad de datos, que pueden incluir un identificador \u00fanico an\u00f3nimo. Las cookies se env\u00edan a su navegador desde un sitio web y se almacenan en el disco duro de su computadora. Como muchos sitios, utilizamos \u00abcookies\u00bb para recopilar informaci\u00f3n. Puede indicarle a su navegador que rechace todas las cookies o que indique cu\u00e1ndo se env\u00eda una cookie. Sin embargo, si no acepta las cookies, es posible que no pueda utilizar algunas partes de nuestro sitio.<\/p>\n\n<h5 class=\"wp-block-heading\"><strong>Seguridad<\/strong><\/h5>\n\n<p>La seguridad de su informaci\u00f3n personal es importante para nosotros, pero recuerde que ning\u00fan m\u00e9todo de transmisi\u00f3n a trav\u00e9s de Internet o m\u00e9todo de almacenamiento electr\u00f3nico es 100% seguro. Si bien nos esforzamos por utilizar medios comercialmente aceptables para proteger su informaci\u00f3n personal, no podemos garantizar su seguridad absoluta.<\/p>\n\n<h5 class=\"wp-block-heading\"><strong>Cambios a esta pol\u00edtica de privacidad<\/strong><\/h5>\n\n<p>Esta Pol\u00edtica de privacidad es efectiva a partir del 25 de julio de 2017 y permanecer\u00e1 vigente excepto con respecto a cualquier cambio en sus disposiciones en el futuro, que entrar\u00e1 en vigencia inmediatamente despu\u00e9s de su publicaci\u00f3n en esta p\u00e1gina. Nos reservamos el derecho de actualizar o cambiar nuestra Pol\u00edtica de privacidad en cualquier momento y debe consultar esta Pol\u00edtica de privacidad peri\u00f3dicamente. Su uso continuo del Servicio despu\u00e9s de que publiquemos cualquier modificaci\u00f3n a la Pol\u00edtica de privacidad en esta p\u00e1gina constituir\u00e1 su reconocimiento de las modificaciones y su consentimiento para cumplir y estar sujeto a la Pol\u00edtica de privacidad modificada. Si realizamos cambios sustanciales a esta Pol\u00edtica de privacidad, se lo notificaremos a trav\u00e9s de la direcci\u00f3n de correo electr\u00f3nico que nos proporcion\u00f3 o colocando un aviso destacado en nuestro sitio web.<\/p>\n\n<h5 class=\"wp-block-heading\"><strong>Contactenos<\/strong><\/h5>\n\n<p>If you have any questions about this Privacy Policy, please\u00a0<a href=\"https:\/\/calftel.com\/en\/contact-us\">contact us<\/a>.<\/p>\n","protected":false},"excerpt":{"rendered":"","protected":false},"author":14,"featured_media":0,"parent":0,"menu_order":0,"comment_status":"closed","ping_status":"open","template":"","meta":{"_acf_changed":false,"footnotes":""},"class_list":["post-10135","page","type-page","status-publish","hentry"],"acf":[],"yoast_head":"<!-- This site is optimized with the Yoast SEO plugin v27.1.1 - https:\/\/yoast.com\/product\/yoast-seo-wordpress\/ -->\n<title>Politica de Privacidad - Calf-Tel<\/title>\n<meta name=\"robots\" content=\"index, follow, max-snippet:-1, max-image-preview:large, max-video-preview:-1\" \/>\n<link rel=\"canonical\" href=\"https:\/\/calftel.com\/es\/politica-de-privacidad\/\" \/>\n<meta property=\"og:locale\" content=\"es_ES\" \/>\n<meta property=\"og:type\" content=\"article\" \/>\n<meta property=\"og:title\" content=\"Politica de Privacidad - Calf-Tel\" \/>\n<meta property=\"og:url\" content=\"https:\/\/calftel.com\/es\/politica-de-privacidad\/\" \/>\n<meta property=\"og:site_name\" content=\"Calf-Tel\" \/>\n<meta property=\"article:publisher\" content=\"https:\/\/www.facebook.com\/calftel\/\" \/>\n<meta property=\"article:modified_time\" content=\"2022-06-23T19:29:42+00:00\" \/>\n<meta name=\"twitter:card\" content=\"summary_large_image\" \/>\n<meta name=\"twitter:label1\" content=\"Tiempo de lectura\" \/>\n\t<meta name=\"twitter:data1\" content=\"3 minutos\" \/>\n<script type=\"application\/ld+json\" class=\"yoast-schema-graph\">{\"@context\":\"https:\/\/schema.org\",\"@graph\":[{\"@type\":\"WebPage\",\"@id\":\"https:\/\/calftel.com\/es\/politica-de-privacidad\/\",\"url\":\"https:\/\/calftel.com\/es\/politica-de-privacidad\/\",\"name\":\"Politica de Privacidad - Calf-Tel\",\"isPartOf\":{\"@id\":\"https:\/\/calftel.com\/es\/#website\"},\"datePublished\":\"2021-09-10T16:19:52+00:00\",\"dateModified\":\"2022-06-23T19:29:42+00:00\",\"breadcrumb\":{\"@id\":\"https:\/\/calftel.com\/es\/politica-de-privacidad\/#breadcrumb\"},\"inLanguage\":\"es\",\"potentialAction\":[{\"@type\":\"ReadAction\",\"target\":[\"https:\/\/calftel.com\/es\/politica-de-privacidad\/\"]}]},{\"@type\":\"BreadcrumbList\",\"@id\":\"https:\/\/calftel.com\/es\/politica-de-privacidad\/#breadcrumb\",\"itemListElement\":[{\"@type\":\"ListItem\",\"position\":1,\"name\":\"Home\",\"item\":\"https:\/\/calftel.com\/es\/\"},{\"@type\":\"ListItem\",\"position\":2,\"name\":\"Politica de Privacidad\"}]},{\"@type\":\"WebSite\",\"@id\":\"https:\/\/calftel.com\/es\/#website\",\"url\":\"https:\/\/calftel.com\/es\/\",\"name\":\"Calf-Tel\",\"description\":\"Calf Hutch Experts\",\"publisher\":{\"@id\":\"https:\/\/calftel.com\/es\/#organization\"},\"potentialAction\":[{\"@type\":\"SearchAction\",\"target\":{\"@type\":\"EntryPoint\",\"urlTemplate\":\"https:\/\/calftel.com\/es\/?s={search_term_string}\"},\"query-input\":{\"@type\":\"PropertyValueSpecification\",\"valueRequired\":true,\"valueName\":\"search_term_string\"}}],\"inLanguage\":\"es\"},{\"@type\":\"Organization\",\"@id\":\"https:\/\/calftel.com\/es\/#organization\",\"name\":\"Calf-Tel by Hampel\",\"url\":\"https:\/\/calftel.com\/es\/\",\"logo\":{\"@type\":\"ImageObject\",\"inLanguage\":\"es\",\"@id\":\"https:\/\/calftel.com\/es\/#\/schema\/logo\/image\/\",\"url\":\"https:\/\/calftel.com\/wp-content\/uploads\/2021\/11\/Hampels-CalfTel-USA-EST-1981-Color.png\",\"contentUrl\":\"https:\/\/calftel.com\/wp-content\/uploads\/2021\/11\/Hampels-CalfTel-USA-EST-1981-Color.png\",\"width\":1080,\"height\":516,\"caption\":\"Calf-Tel by Hampel\"},\"image\":{\"@id\":\"https:\/\/calftel.com\/es\/#\/schema\/logo\/image\/\"},\"sameAs\":[\"https:\/\/www.facebook.com\/calftel\/\",\"https:\/\/www.instagram.com\/calftel\/\",\"https:\/\/linkedin.com\/company\/calf-tel\/\",\"https:\/\/www.youtube.com\/channel\/UCq73euoWhx5k1kOjHBHXM_g\"]}]}<\/script>\n<!-- \/ Yoast SEO plugin. -->","yoast_head_json":{"title":"Politica de Privacidad - Calf-Tel","robots":{"index":"index","follow":"follow","max-snippet":"max-snippet:-1","max-image-preview":"max-image-preview:large","max-video-preview":"max-video-preview:-1"},"canonical":"https:\/\/calftel.com\/es\/politica-de-privacidad\/","og_locale":"es_ES","og_type":"article","og_title":"Politica de Privacidad - Calf-Tel","og_url":"https:\/\/calftel.com\/es\/politica-de-privacidad\/","og_site_name":"Calf-Tel","article_publisher":"https:\/\/www.facebook.com\/calftel\/","article_modified_time":"2022-06-23T19:29:42+00:00","twitter_card":"summary_large_image","twitter_misc":{"Tiempo de lectura":"3 minutos"},"schema":{"@context":"https:\/\/schema.org","@graph":[{"@type":"WebPage","@id":"https:\/\/calftel.com\/es\/politica-de-privacidad\/","url":"https:\/\/calftel.com\/es\/politica-de-privacidad\/","name":"Politica de Privacidad - Calf-Tel","isPartOf":{"@id":"https:\/\/calftel.com\/es\/#website"},"datePublished":"2021-09-10T16:19:52+00:00","dateModified":"2022-06-23T19:29:42+00:00","breadcrumb":{"@id":"https:\/\/calftel.com\/es\/politica-de-privacidad\/#breadcrumb"},"inLanguage":"es","potentialAction":[{"@type":"ReadAction","target":["https:\/\/calftel.com\/es\/politica-de-privacidad\/"]}]},{"@type":"BreadcrumbList","@id":"https:\/\/calftel.com\/es\/politica-de-privacidad\/#breadcrumb","itemListElement":[{"@type":"ListItem","position":1,"name":"Home","item":"https:\/\/calftel.com\/es\/"},{"@type":"ListItem","position":2,"name":"Politica de Privacidad"}]},{"@type":"WebSite","@id":"https:\/\/calftel.com\/es\/#website","url":"https:\/\/calftel.com\/es\/","name":"Calf-Tel","description":"Calf Hutch Experts","publisher":{"@id":"https:\/\/calftel.com\/es\/#organization"},"potentialAction":[{"@type":"SearchAction","target":{"@type":"EntryPoint","urlTemplate":"https:\/\/calftel.com\/es\/?s={search_term_string}"},"query-input":{"@type":"PropertyValueSpecification","valueRequired":true,"valueName":"search_term_string"}}],"inLanguage":"es"},{"@type":"Organization","@id":"https:\/\/calftel.com\/es\/#organization","name":"Calf-Tel by Hampel","url":"https:\/\/calftel.com\/es\/","logo":{"@type":"ImageObject","inLanguage":"es","@id":"https:\/\/calftel.com\/es\/#\/schema\/logo\/image\/","url":"https:\/\/calftel.com\/wp-content\/uploads\/2021\/11\/Hampels-CalfTel-USA-EST-1981-Color.png","contentUrl":"https:\/\/calftel.com\/wp-content\/uploads\/2021\/11\/Hampels-CalfTel-USA-EST-1981-Color.png","width":1080,"height":516,"caption":"Calf-Tel by Hampel"},"image":{"@id":"https:\/\/calftel.com\/es\/#\/schema\/logo\/image\/"},"sameAs":["https:\/\/www.facebook.com\/calftel\/","https:\/\/www.instagram.com\/calftel\/","https:\/\/linkedin.com\/company\/calf-tel\/","https:\/\/www.youtube.com\/channel\/UCq73euoWhx5k1kOjHBHXM_g"]}]}},"_links":{"self":[{"href":"https:\/\/calftel.com\/es\/wp-json\/wp\/v2\/pages\/10135","targetHints":{"allow":["GET"]}}],"collection":[{"href":"https:\/\/calftel.com\/es\/wp-json\/wp\/v2\/pages"}],"about":[{"href":"https:\/\/calftel.com\/es\/wp-json\/wp\/v2\/types\/page"}],"author":[{"embeddable":true,"href":"https:\/\/calftel.com\/es\/wp-json\/wp\/v2\/users\/14"}],"replies":[{"embeddable":true,"href":"https:\/\/calftel.com\/es\/wp-json\/wp\/v2\/comments?post=10135"}],"version-history":[{"count":0,"href":"https:\/\/calftel.com\/es\/wp-json\/wp\/v2\/pages\/10135\/revisions"}],"wp:attachment":[{"href":"https:\/\/calftel.com\/es\/wp-json\/wp\/v2\/media?parent=10135"}],"curies":[{"name":"wp","href":"https:\/\/api.w.org\/{rel}","templated":true}]}}