{"id":10178,"date":"2021-09-10T21:28:00","date_gmt":"2021-09-10T21:28:00","guid":{"rendered":"https:\/\/calftel.com\/calf-corner\/"},"modified":"2022-06-23T19:25:23","modified_gmt":"2022-06-23T19:25:23","slug":"calf-corner","status":"publish","type":"page","link":"https:\/\/calftel.com\/es\/calf-corner\/","title":{"rendered":"Calf Corner"},"content":{"rendered":"\n<div class=\"wp-block-cover alignfull is-light pattern-hero-image gt-remove-margin-top\" style=\"padding-top:0px;padding-right:0px;padding-bottom:0px;padding-left:0px;min-height:546px;aspect-ratio:unset;\"><span aria-hidden=\"true\" class=\"has-background-dim-0 wp-block-cover__gradient-background has-background-dim\"><\/span><img loading=\"lazy\" decoding=\"async\" width=\"2000\" height=\"600\" class=\"wp-block-cover__image-background wp-image-9988\" alt=\"\" src=\"https:\/\/calftel.com\/wp-content\/uploads\/2021\/09\/Calf-Corner-Hero-2-2.jpg\" style=\"object-position:62% 30%\" data-object-fit=\"cover\" data-object-position=\"62% 30%\" srcset=\"https:\/\/calftel.com\/wp-content\/uploads\/2021\/09\/Calf-Corner-Hero-2-2.jpg 2000w, https:\/\/calftel.com\/wp-content\/uploads\/2021\/09\/Calf-Corner-Hero-2-2-300x90.jpg 300w, https:\/\/calftel.com\/wp-content\/uploads\/2021\/09\/Calf-Corner-Hero-2-2-1024x307.jpg 1024w, https:\/\/calftel.com\/wp-content\/uploads\/2021\/09\/Calf-Corner-Hero-2-2-768x230.jpg 768w, https:\/\/calftel.com\/wp-content\/uploads\/2021\/09\/Calf-Corner-Hero-2-2-1536x461.jpg 1536w\" sizes=\"auto, (max-width: 2000px) 100vw, 2000px\" \/><div class=\"wp-block-cover__inner-container is-layout-flow wp-block-cover-is-layout-flow\">\n<h1 class=\"has-text-align-center wp-block-heading\"><mark style=\"background-color:rgba(0, 0, 0, 0)\" class=\"has-inline-color has-white-color\">Calf Corner<\/mark><\/h1>\n<\/div><\/div>\n\n<p class=\"has-text-align-center\">Entendemos que cuidar a sus becerras es su prioridad n\u00famero uno. <br\/>Calf Corner lo mantiene actualizado sobre los pr\u00f3ximos eventos, la informaci\u00f3n y los datos m\u00e1s recientes sobre la crianza de becerras saludables y productivas.<\/p>\n\n<div class=\"wp-block-columns alignwide is-layout-flex wp-container-core-columns-is-layout-9d6595d7 wp-block-columns-is-layout-flex\">\n<div class=\"wp-block-column is-layout-flow wp-block-column-is-layout-flow\">\n<figure class=\"wp-block-image size-large\"><img loading=\"lazy\" decoding=\"async\" width=\"403\" height=\"268\" src=\"https:\/\/calftel.com\/wp-content\/uploads\/2021\/07\/Blog.jpg\" alt=\"\" class=\"wp-image-7108\" srcset=\"https:\/\/calftel.com\/wp-content\/uploads\/2021\/07\/Blog.jpg 403w, https:\/\/calftel.com\/wp-content\/uploads\/2021\/07\/Blog-300x200.jpg 300w\" sizes=\"auto, (max-width: 403px) 100vw, 403px\" \/><\/figure>\n\n\n<h5 class=\"has-text-align-center wp-block-heading\">Blog<\/h5>\n\n\n\n<p class=\"has-text-align-center\">\u00a1Visite el blog de Calf-Tel para aprender todo sobre las becerras!<br\/><\/p>\n\n\n\n<div class=\"wp-block-buttons is-horizontal is-content-justification-center is-layout-flex wp-container-core-buttons-is-layout-499968f5 wp-block-buttons-is-layout-flex\">\n<div class=\"wp-block-button is-style-secondary-fill\"><a class=\"wp-block-button__link\" href=\"https:\/\/calftel.com\/calf-corner\/category\/blog\/\">Ver el blog<\/a><\/div>\n<\/div>\n<\/div>\n\n\n\n<div class=\"wp-block-column is-layout-flow wp-block-column-is-layout-flow\">\n<figure class=\"wp-block-image size-large\"><img loading=\"lazy\" decoding=\"async\" width=\"403\" height=\"268\" src=\"https:\/\/calftel.com\/wp-content\/uploads\/2021\/06\/Calf-Barn-Tours.jpg\" alt=\"\" class=\"wp-image-7033\" srcset=\"https:\/\/calftel.com\/wp-content\/uploads\/2021\/06\/Calf-Barn-Tours.jpg 403w, https:\/\/calftel.com\/wp-content\/uploads\/2021\/06\/Calf-Barn-Tours-300x200.jpg 300w\" sizes=\"auto, (max-width: 403px) 100vw, 403px\" \/><\/figure>\n\n\n<h5 class=\"has-text-align-center wp-block-heading\">Tours virtuales Calf-Tel<\/h5>\n\n\n\n<p class=\"has-text-align-center\">Desde la comodidad de su hogar, realice un recorrido por las granjas que utilizan Calf-Tel.<\/p>\n\n\n\n<div class=\"wp-block-buttons is-horizontal is-content-justification-center is-layout-flex wp-container-core-buttons-is-layout-499968f5 wp-block-buttons-is-layout-flex\">\n<div class=\"wp-block-button is-style-secondary-fill\"><a class=\"wp-block-button__link\" href=\"https:\/\/calftel.com\/calf-corner\/category\/virtual-calftel-tours\/\">Ver tours virtuales Calf-Tel<\/a><\/div>\n<\/div>\n<\/div>\n\n\n\n<div class=\"wp-block-column is-layout-flow wp-block-column-is-layout-flow\">\n<figure class=\"wp-block-image size-large\"><img loading=\"lazy\" decoding=\"async\" width=\"403\" height=\"268\" src=\"https:\/\/calftel.com\/wp-content\/uploads\/2021\/07\/Webinar-Image-2.jpg\" alt=\"\" class=\"wp-image-7216\" srcset=\"https:\/\/calftel.com\/wp-content\/uploads\/2021\/07\/Webinar-Image-2.jpg 403w, https:\/\/calftel.com\/wp-content\/uploads\/2021\/07\/Webinar-Image-2-300x200.jpg 300w\" sizes=\"auto, (max-width: 403px) 100vw, 403px\" \/><\/figure>\n\n\n<h5 class=\"has-text-align-center wp-block-heading\">Webinars<\/h5>\n\n\n\n<p class=\"has-text-align-center\">Escuche a los especialistas de becerras de todo el mundo y obtenga una nueva perspectiva sobre la crianza.<\/p>\n\n\n\n<div class=\"wp-block-buttons is-horizontal is-content-justification-center is-layout-flex wp-container-core-buttons-is-layout-499968f5 wp-block-buttons-is-layout-flex\">\n<div class=\"wp-block-button is-style-secondary-fill\"><a class=\"wp-block-button__link\" href=\"https:\/\/calftel.com\/es\/calf-corner\/category\/sin-categorizar\/\">Ver webinars<\/a><\/div>\n<\/div>\n<\/div>\n<\/div>\n\n<div class=\"wp-block-group alignfull has-blue-gray-background-color has-background gt-remove-margin-bottom\"><div class=\"wp-block-group__inner-container is-layout-flow wp-block-group-is-layout-flow\">\n<div class=\"wp-block-columns alignwide is-layout-flex wp-container-core-columns-is-layout-9d6595d7 wp-block-columns-is-layout-flex\">\n<div class=\"wp-block-column is-layout-flow wp-block-column-is-layout-flow\">\n<figure class=\"wp-block-image size-large\"><img loading=\"lazy\" decoding=\"async\" width=\"403\" height=\"268\" src=\"https:\/\/calftel.com\/wp-content\/uploads\/2021\/07\/News.jpg\" alt=\"\" class=\"wp-image-7093\" srcset=\"https:\/\/calftel.com\/wp-content\/uploads\/2021\/07\/News.jpg 403w, https:\/\/calftel.com\/wp-content\/uploads\/2021\/07\/News-300x200.jpg 300w\" sizes=\"auto, (max-width: 403px) 100vw, 403px\" \/><\/figure>\n\n\n<h5 class=\"has-text-align-center wp-block-heading\">Noticias<\/h5>\n\n\n\n<p class=\"has-text-align-center\">Nos preocupamos por mantenerlo informado sobre los \u00faltimos acontecimientos aqu\u00ed en Calf-Tel.<\/p>\n\n\n\n<div class=\"wp-block-buttons is-horizontal is-content-justification-center is-layout-flex wp-container-core-buttons-is-layout-499968f5 wp-block-buttons-is-layout-flex\">\n<div class=\"wp-block-button is-style-secondary-fill\"><a class=\"wp-block-button__link\" href=\"https:\/\/calftel.com\/calf-corner\/category\/news\/\">Ver noticias<\/a><\/div>\n<\/div>\n<\/div>\n\n\n\n<div class=\"wp-block-column is-layout-flow wp-block-column-is-layout-flow\">\n<figure class=\"wp-block-image size-large\"><img loading=\"lazy\" decoding=\"async\" width=\"403\" height=\"268\" src=\"https:\/\/calftel.com\/wp-content\/uploads\/2021\/07\/Events-1.jpg\" alt=\"\" class=\"wp-image-7223\" srcset=\"https:\/\/calftel.com\/wp-content\/uploads\/2021\/07\/Events-1.jpg 403w, https:\/\/calftel.com\/wp-content\/uploads\/2021\/07\/Events-1-300x200.jpg 300w\" sizes=\"auto, (max-width: 403px) 100vw, 403px\" \/><\/figure>\n\n\n<h5 class=\"has-text-align-center wp-block-heading\">Eventos<\/h5>\n\n\n\n<p class=\"has-text-align-center\">\u00a1Haga un viaje a un evento que ocurra cerca de usted y aseg\u00farese de encontrar el stand de Calf-Tel!<\/p>\n\n\n\n<div class=\"wp-block-buttons is-horizontal is-content-justification-center is-layout-flex wp-container-core-buttons-is-layout-499968f5 wp-block-buttons-is-layout-flex\">\n<div class=\"wp-block-button is-style-secondary-fill\"><a class=\"wp-block-button__link\" href=\"https:\/\/calftel.com\/es\/calf-corner\/eventos\/\">Ver eventos<\/a><\/div>\n<\/div>\n<\/div>\n\n\n\n<div class=\"wp-block-column is-layout-flow wp-block-column-is-layout-flow\">\n<figure class=\"wp-block-image size-large\"><img loading=\"lazy\" decoding=\"async\" width=\"403\" height=\"268\" src=\"https:\/\/calftel.com\/wp-content\/uploads\/2021\/07\/Contests-1.jpg\" alt=\"\" class=\"wp-image-7229\" srcset=\"https:\/\/calftel.com\/wp-content\/uploads\/2021\/07\/Contests-1.jpg 403w, https:\/\/calftel.com\/wp-content\/uploads\/2021\/07\/Contests-1-300x200.jpg 300w\" sizes=\"auto, (max-width: 403px) 100vw, 403px\" \/><\/figure>\n\n\n<h5 class=\"has-text-align-center wp-block-heading\">Concursos<\/h5>\n\n\n\n<p class=\"has-text-align-center\">\u00a1Participe en concursos y gane productos, equipo Calf-Tel y otros obsequios emocionantes!<\/p>\n\n\n\n<div class=\"wp-block-buttons is-horizontal is-content-justification-center is-layout-flex wp-container-core-buttons-is-layout-499968f5 wp-block-buttons-is-layout-flex\">\n<div class=\"wp-block-button is-style-secondary-fill\"><a class=\"wp-block-button__link\" href=\"https:\/\/calftel.com\/contest\/\">Ver concursos<\/a><\/div>\n<\/div>\n<\/div>\n<\/div>\n<\/div><\/div>\n","protected":false},"excerpt":{"rendered":"","protected":false},"author":14,"featured_media":0,"parent":0,"menu_order":0,"comment_status":"closed","ping_status":"closed","template":"","meta":{"_acf_changed":false,"footnotes":""},"class_list":["post-10178","page","type-page","status-publish","hentry"],"acf":[],"yoast_head":"<!-- This site is optimized with the Yoast SEO plugin v27.4 - https:\/\/yoast.com\/product\/yoast-seo-wordpress\/ -->\n<title>Calf Corner - Calf-Tel<\/title>\n<meta name=\"robots\" content=\"index, follow, max-snippet:-1, max-image-preview:large, max-video-preview:-1\" \/>\n<link rel=\"canonical\" href=\"https:\/\/calftel.com\/es\/calf-corner\/\" \/>\n<meta property=\"og:locale\" content=\"es_ES\" \/>\n<meta property=\"og:type\" content=\"article\" \/>\n<meta property=\"og:title\" content=\"Calf Corner - Calf-Tel\" \/>\n<meta property=\"og:url\" content=\"https:\/\/calftel.com\/es\/calf-corner\/\" \/>\n<meta property=\"og:site_name\" content=\"Calf-Tel\" \/>\n<meta property=\"article:publisher\" content=\"https:\/\/www.facebook.com\/calftel\/\" \/>\n<meta property=\"article:modified_time\" content=\"2022-06-23T19:25:23+00:00\" \/>\n<meta property=\"og:image\" content=\"https:\/\/calftel.com\/wp-content\/uploads\/2021\/09\/Calf-Corner-Hero-2-2.jpg\" \/>\n<meta name=\"twitter:card\" content=\"summary_large_image\" \/>\n<meta name=\"twitter:label1\" content=\"Tiempo de lectura\" \/>\n\t<meta name=\"twitter:data1\" content=\"1 minuto\" \/>\n<script type=\"application\/ld+json\" class=\"yoast-schema-graph\">{\"@context\":\"https:\\\/\\\/schema.org\",\"@graph\":[{\"@type\":\"WebPage\",\"@id\":\"https:\\\/\\\/calftel.com\\\/es\\\/calf-corner\\\/\",\"url\":\"https:\\\/\\\/calftel.com\\\/es\\\/calf-corner\\\/\",\"name\":\"Calf Corner - Calf-Tel\",\"isPartOf\":{\"@id\":\"https:\\\/\\\/calftel.com\\\/es\\\/#website\"},\"primaryImageOfPage\":{\"@id\":\"https:\\\/\\\/calftel.com\\\/es\\\/calf-corner\\\/#primaryimage\"},\"image\":{\"@id\":\"https:\\\/\\\/calftel.com\\\/es\\\/calf-corner\\\/#primaryimage\"},\"thumbnailUrl\":\"https:\\\/\\\/calftel.com\\\/wp-content\\\/uploads\\\/2021\\\/09\\\/Calf-Corner-Hero-2-2.jpg\",\"datePublished\":\"2021-09-10T21:28:00+00:00\",\"dateModified\":\"2022-06-23T19:25:23+00:00\",\"breadcrumb\":{\"@id\":\"https:\\\/\\\/calftel.com\\\/es\\\/calf-corner\\\/#breadcrumb\"},\"inLanguage\":\"es\",\"potentialAction\":[{\"@type\":\"ReadAction\",\"target\":[\"https:\\\/\\\/calftel.com\\\/es\\\/calf-corner\\\/\"]}]},{\"@type\":\"ImageObject\",\"inLanguage\":\"es\",\"@id\":\"https:\\\/\\\/calftel.com\\\/es\\\/calf-corner\\\/#primaryimage\",\"url\":\"https:\\\/\\\/calftel.com\\\/wp-content\\\/uploads\\\/2021\\\/09\\\/Calf-Corner-Hero-2-2.jpg\",\"contentUrl\":\"https:\\\/\\\/calftel.com\\\/wp-content\\\/uploads\\\/2021\\\/09\\\/Calf-Corner-Hero-2-2.jpg\"},{\"@type\":\"BreadcrumbList\",\"@id\":\"https:\\\/\\\/calftel.com\\\/es\\\/calf-corner\\\/#breadcrumb\",\"itemListElement\":[{\"@type\":\"ListItem\",\"position\":1,\"name\":\"Home\",\"item\":\"https:\\\/\\\/calftel.com\\\/es\\\/\"},{\"@type\":\"ListItem\",\"position\":2,\"name\":\"Calf Corner\"}]},{\"@type\":\"WebSite\",\"@id\":\"https:\\\/\\\/calftel.com\\\/es\\\/#website\",\"url\":\"https:\\\/\\\/calftel.com\\\/es\\\/\",\"name\":\"Calf-Tel\",\"description\":\"Calf Hutch Experts\",\"publisher\":{\"@id\":\"https:\\\/\\\/calftel.com\\\/es\\\/#organization\"},\"potentialAction\":[{\"@type\":\"SearchAction\",\"target\":{\"@type\":\"EntryPoint\",\"urlTemplate\":\"https:\\\/\\\/calftel.com\\\/es\\\/?s={search_term_string}\"},\"query-input\":{\"@type\":\"PropertyValueSpecification\",\"valueRequired\":true,\"valueName\":\"search_term_string\"}}],\"inLanguage\":\"es\"},{\"@type\":\"Organization\",\"@id\":\"https:\\\/\\\/calftel.com\\\/es\\\/#organization\",\"name\":\"Calf-Tel by Hampel\",\"url\":\"https:\\\/\\\/calftel.com\\\/es\\\/\",\"logo\":{\"@type\":\"ImageObject\",\"inLanguage\":\"es\",\"@id\":\"https:\\\/\\\/calftel.com\\\/es\\\/#\\\/schema\\\/logo\\\/image\\\/\",\"url\":\"https:\\\/\\\/calftel.com\\\/wp-content\\\/uploads\\\/2021\\\/11\\\/Hampels-CalfTel-USA-EST-1981-Color.png\",\"contentUrl\":\"https:\\\/\\\/calftel.com\\\/wp-content\\\/uploads\\\/2021\\\/11\\\/Hampels-CalfTel-USA-EST-1981-Color.png\",\"width\":1080,\"height\":516,\"caption\":\"Calf-Tel by Hampel\"},\"image\":{\"@id\":\"https:\\\/\\\/calftel.com\\\/es\\\/#\\\/schema\\\/logo\\\/image\\\/\"},\"sameAs\":[\"https:\\\/\\\/www.facebook.com\\\/calftel\\\/\",\"https:\\\/\\\/www.instagram.com\\\/calftel\\\/\",\"https:\\\/\\\/linkedin.com\\\/company\\\/calf-tel\\\/\",\"https:\\\/\\\/www.youtube.com\\\/channel\\\/UCq73euoWhx5k1kOjHBHXM_g\"]}]}<\/script>\n<!-- \/ Yoast SEO plugin. -->","yoast_head_json":{"title":"Calf Corner - Calf-Tel","robots":{"index":"index","follow":"follow","max-snippet":"max-snippet:-1","max-image-preview":"max-image-preview:large","max-video-preview":"max-video-preview:-1"},"canonical":"https:\/\/calftel.com\/es\/calf-corner\/","og_locale":"es_ES","og_type":"article","og_title":"Calf Corner - Calf-Tel","og_url":"https:\/\/calftel.com\/es\/calf-corner\/","og_site_name":"Calf-Tel","article_publisher":"https:\/\/www.facebook.com\/calftel\/","article_modified_time":"2022-06-23T19:25:23+00:00","og_image":[{"url":"https:\/\/calftel.com\/wp-content\/uploads\/2021\/09\/Calf-Corner-Hero-2-2.jpg","type":"","width":"","height":""}],"twitter_card":"summary_large_image","twitter_misc":{"Tiempo de lectura":"1 minuto"},"schema":{"@context":"https:\/\/schema.org","@graph":[{"@type":"WebPage","@id":"https:\/\/calftel.com\/es\/calf-corner\/","url":"https:\/\/calftel.com\/es\/calf-corner\/","name":"Calf Corner - Calf-Tel","isPartOf":{"@id":"https:\/\/calftel.com\/es\/#website"},"primaryImageOfPage":{"@id":"https:\/\/calftel.com\/es\/calf-corner\/#primaryimage"},"image":{"@id":"https:\/\/calftel.com\/es\/calf-corner\/#primaryimage"},"thumbnailUrl":"https:\/\/calftel.com\/wp-content\/uploads\/2021\/09\/Calf-Corner-Hero-2-2.jpg","datePublished":"2021-09-10T21:28:00+00:00","dateModified":"2022-06-23T19:25:23+00:00","breadcrumb":{"@id":"https:\/\/calftel.com\/es\/calf-corner\/#breadcrumb"},"inLanguage":"es","potentialAction":[{"@type":"ReadAction","target":["https:\/\/calftel.com\/es\/calf-corner\/"]}]},{"@type":"ImageObject","inLanguage":"es","@id":"https:\/\/calftel.com\/es\/calf-corner\/#primaryimage","url":"https:\/\/calftel.com\/wp-content\/uploads\/2021\/09\/Calf-Corner-Hero-2-2.jpg","contentUrl":"https:\/\/calftel.com\/wp-content\/uploads\/2021\/09\/Calf-Corner-Hero-2-2.jpg"},{"@type":"BreadcrumbList","@id":"https:\/\/calftel.com\/es\/calf-corner\/#breadcrumb","itemListElement":[{"@type":"ListItem","position":1,"name":"Home","item":"https:\/\/calftel.com\/es\/"},{"@type":"ListItem","position":2,"name":"Calf Corner"}]},{"@type":"WebSite","@id":"https:\/\/calftel.com\/es\/#website","url":"https:\/\/calftel.com\/es\/","name":"Calf-Tel","description":"Calf Hutch Experts","publisher":{"@id":"https:\/\/calftel.com\/es\/#organization"},"potentialAction":[{"@type":"SearchAction","target":{"@type":"EntryPoint","urlTemplate":"https:\/\/calftel.com\/es\/?s={search_term_string}"},"query-input":{"@type":"PropertyValueSpecification","valueRequired":true,"valueName":"search_term_string"}}],"inLanguage":"es"},{"@type":"Organization","@id":"https:\/\/calftel.com\/es\/#organization","name":"Calf-Tel by Hampel","url":"https:\/\/calftel.com\/es\/","logo":{"@type":"ImageObject","inLanguage":"es","@id":"https:\/\/calftel.com\/es\/#\/schema\/logo\/image\/","url":"https:\/\/calftel.com\/wp-content\/uploads\/2021\/11\/Hampels-CalfTel-USA-EST-1981-Color.png","contentUrl":"https:\/\/calftel.com\/wp-content\/uploads\/2021\/11\/Hampels-CalfTel-USA-EST-1981-Color.png","width":1080,"height":516,"caption":"Calf-Tel by Hampel"},"image":{"@id":"https:\/\/calftel.com\/es\/#\/schema\/logo\/image\/"},"sameAs":["https:\/\/www.facebook.com\/calftel\/","https:\/\/www.instagram.com\/calftel\/","https:\/\/linkedin.com\/company\/calf-tel\/","https:\/\/www.youtube.com\/channel\/UCq73euoWhx5k1kOjHBHXM_g"]}]}},"_links":{"self":[{"href":"https:\/\/calftel.com\/es\/wp-json\/wp\/v2\/pages\/10178","targetHints":{"allow":["GET"]}}],"collection":[{"href":"https:\/\/calftel.com\/es\/wp-json\/wp\/v2\/pages"}],"about":[{"href":"https:\/\/calftel.com\/es\/wp-json\/wp\/v2\/types\/page"}],"author":[{"embeddable":true,"href":"https:\/\/calftel.com\/es\/wp-json\/wp\/v2\/users\/14"}],"replies":[{"embeddable":true,"href":"https:\/\/calftel.com\/es\/wp-json\/wp\/v2\/comments?post=10178"}],"version-history":[{"count":0,"href":"https:\/\/calftel.com\/es\/wp-json\/wp\/v2\/pages\/10178\/revisions"}],"wp:attachment":[{"href":"https:\/\/calftel.com\/es\/wp-json\/wp\/v2\/media?parent=10178"}],"curies":[{"name":"wp","href":"https:\/\/api.w.org\/{rel}","templated":true}]}}