{"id":10619,"date":"2021-09-13T14:57:01","date_gmt":"2021-09-13T14:57:01","guid":{"rendered":"https:\/\/calftel.com\/garantia\/"},"modified":"2022-06-06T19:43:27","modified_gmt":"2022-06-06T19:43:27","slug":"garantia","status":"publish","type":"page","link":"https:\/\/calftel.com\/es\/garantia\/","title":{"rendered":"Garant\u00eda"},"content":{"rendered":"\n<h1 class=\"has-text-align-center wp-block-heading\">Garant\u00eda<\/h1>\n\n<h5 class=\"wp-block-heading\"><strong>Garant\u00eda limitada de diez a\u00f1os en casetas<\/strong><\/h5>\n\n<p>Estamos orgullosos de respaldar nuestro trabajo con una garant\u00eda limitada de 10 a\u00f1os en todos los productos de la serie O, la serie I, la serie S y las casetas de destete (casetas grupales).<\/p>\n\n<p>Reconociendo la fuerza, la durabilidad y la calidad en la l\u00ednea de productos de Calf-Tel, Calf-Tel fue el primero en tener una garant\u00eda de 10 a\u00f1os para sus unidades de alojamiento de becerros. Los productos de Calf-Tel superan la prueba del tiempo. No es raro ver que las casetas de Calf-Tel, fabricadas hace 25 a\u00f1os, se sigan utilizando hoy en d\u00eda.<\/p>\n\n<h5 class=\"wp-block-heading\">Un a\u00f1o de garant\u00eda para los accesorios de Calf-tel<\/h5>\n\n<p>Calf-Tel ofrece una garant\u00eda de un a\u00f1o desde el momento de la compra en sus accesorios para casetas y productos de la serie C. Los productos da\u00f1ados o defectuosos ser\u00e1n sustituidos en su totalidad.<\/p>\n\n<p>Hampel, el fabricante de Calf-Tel, tiene la certificaci\u00f3n ISO 9001:2015, una norma empresarial internacional adoptada por numerosos pa\u00edses de todo el mundo. La ISO especifica un enfoque de procesos para mejorar la eficacia del sistema de administraci\u00f3n de la calidad de una empresa. La certificaci\u00f3n de Hampel establece procesos de calidad que garantizan la entrega puntual de piezas y soluciones de dise\u00f1o de m\u00e1xima calidad. <\/p>\n\n<p>P\u00f3ngase en contacto con nosotros para conocer todos los detalles.<\/p>\n","protected":false},"excerpt":{"rendered":"","protected":false},"author":14,"featured_media":0,"parent":0,"menu_order":0,"comment_status":"closed","ping_status":"closed","template":"","meta":{"_acf_changed":false,"footnotes":""},"class_list":["post-10619","page","type-page","status-publish","hentry"],"acf":[],"yoast_head":"<!-- This site is optimized with the Yoast SEO plugin v27.4 - https:\/\/yoast.com\/product\/yoast-seo-wordpress\/ -->\n<title>Garant\u00eda - Calf-Tel<\/title>\n<meta name=\"robots\" content=\"index, follow, max-snippet:-1, max-image-preview:large, max-video-preview:-1\" \/>\n<link rel=\"canonical\" href=\"https:\/\/calftel.com\/es\/garantia\/\" \/>\n<meta property=\"og:locale\" content=\"es_ES\" \/>\n<meta property=\"og:type\" content=\"article\" \/>\n<meta property=\"og:title\" content=\"Garant\u00eda - Calf-Tel\" \/>\n<meta property=\"og:url\" content=\"https:\/\/calftel.com\/es\/garantia\/\" \/>\n<meta property=\"og:site_name\" content=\"Calf-Tel\" \/>\n<meta property=\"article:publisher\" content=\"https:\/\/www.facebook.com\/calftel\/\" \/>\n<meta property=\"article:modified_time\" content=\"2022-06-06T19:43:27+00:00\" \/>\n<meta name=\"twitter:card\" content=\"summary_large_image\" \/>\n<meta name=\"twitter:label1\" content=\"Tiempo de lectura\" \/>\n\t<meta name=\"twitter:data1\" content=\"1 minuto\" \/>\n<script type=\"application\/ld+json\" class=\"yoast-schema-graph\">{\"@context\":\"https:\\\/\\\/schema.org\",\"@graph\":[{\"@type\":\"WebPage\",\"@id\":\"https:\\\/\\\/calftel.com\\\/es\\\/garantia\\\/\",\"url\":\"https:\\\/\\\/calftel.com\\\/es\\\/garantia\\\/\",\"name\":\"Garant\u00eda - Calf-Tel\",\"isPartOf\":{\"@id\":\"https:\\\/\\\/calftel.com\\\/es\\\/#website\"},\"datePublished\":\"2021-09-13T14:57:01+00:00\",\"dateModified\":\"2022-06-06T19:43:27+00:00\",\"breadcrumb\":{\"@id\":\"https:\\\/\\\/calftel.com\\\/es\\\/garantia\\\/#breadcrumb\"},\"inLanguage\":\"es\",\"potentialAction\":[{\"@type\":\"ReadAction\",\"target\":[\"https:\\\/\\\/calftel.com\\\/es\\\/garantia\\\/\"]}]},{\"@type\":\"BreadcrumbList\",\"@id\":\"https:\\\/\\\/calftel.com\\\/es\\\/garantia\\\/#breadcrumb\",\"itemListElement\":[{\"@type\":\"ListItem\",\"position\":1,\"name\":\"Home\",\"item\":\"https:\\\/\\\/calftel.com\\\/es\\\/\"},{\"@type\":\"ListItem\",\"position\":2,\"name\":\"Garant\u00eda\"}]},{\"@type\":\"WebSite\",\"@id\":\"https:\\\/\\\/calftel.com\\\/es\\\/#website\",\"url\":\"https:\\\/\\\/calftel.com\\\/es\\\/\",\"name\":\"Calf-Tel\",\"description\":\"Calf Hutch Experts\",\"publisher\":{\"@id\":\"https:\\\/\\\/calftel.com\\\/es\\\/#organization\"},\"potentialAction\":[{\"@type\":\"SearchAction\",\"target\":{\"@type\":\"EntryPoint\",\"urlTemplate\":\"https:\\\/\\\/calftel.com\\\/es\\\/?s={search_term_string}\"},\"query-input\":{\"@type\":\"PropertyValueSpecification\",\"valueRequired\":true,\"valueName\":\"search_term_string\"}}],\"inLanguage\":\"es\"},{\"@type\":\"Organization\",\"@id\":\"https:\\\/\\\/calftel.com\\\/es\\\/#organization\",\"name\":\"Calf-Tel by Hampel\",\"url\":\"https:\\\/\\\/calftel.com\\\/es\\\/\",\"logo\":{\"@type\":\"ImageObject\",\"inLanguage\":\"es\",\"@id\":\"https:\\\/\\\/calftel.com\\\/es\\\/#\\\/schema\\\/logo\\\/image\\\/\",\"url\":\"https:\\\/\\\/calftel.com\\\/wp-content\\\/uploads\\\/2021\\\/11\\\/Hampels-CalfTel-USA-EST-1981-Color.png\",\"contentUrl\":\"https:\\\/\\\/calftel.com\\\/wp-content\\\/uploads\\\/2021\\\/11\\\/Hampels-CalfTel-USA-EST-1981-Color.png\",\"width\":1080,\"height\":516,\"caption\":\"Calf-Tel by Hampel\"},\"image\":{\"@id\":\"https:\\\/\\\/calftel.com\\\/es\\\/#\\\/schema\\\/logo\\\/image\\\/\"},\"sameAs\":[\"https:\\\/\\\/www.facebook.com\\\/calftel\\\/\",\"https:\\\/\\\/www.instagram.com\\\/calftel\\\/\",\"https:\\\/\\\/linkedin.com\\\/company\\\/calf-tel\\\/\",\"https:\\\/\\\/www.youtube.com\\\/channel\\\/UCq73euoWhx5k1kOjHBHXM_g\"]}]}<\/script>\n<!-- \/ Yoast SEO plugin. -->","yoast_head_json":{"title":"Garant\u00eda - Calf-Tel","robots":{"index":"index","follow":"follow","max-snippet":"max-snippet:-1","max-image-preview":"max-image-preview:large","max-video-preview":"max-video-preview:-1"},"canonical":"https:\/\/calftel.com\/es\/garantia\/","og_locale":"es_ES","og_type":"article","og_title":"Garant\u00eda - Calf-Tel","og_url":"https:\/\/calftel.com\/es\/garantia\/","og_site_name":"Calf-Tel","article_publisher":"https:\/\/www.facebook.com\/calftel\/","article_modified_time":"2022-06-06T19:43:27+00:00","twitter_card":"summary_large_image","twitter_misc":{"Tiempo de lectura":"1 minuto"},"schema":{"@context":"https:\/\/schema.org","@graph":[{"@type":"WebPage","@id":"https:\/\/calftel.com\/es\/garantia\/","url":"https:\/\/calftel.com\/es\/garantia\/","name":"Garant\u00eda - Calf-Tel","isPartOf":{"@id":"https:\/\/calftel.com\/es\/#website"},"datePublished":"2021-09-13T14:57:01+00:00","dateModified":"2022-06-06T19:43:27+00:00","breadcrumb":{"@id":"https:\/\/calftel.com\/es\/garantia\/#breadcrumb"},"inLanguage":"es","potentialAction":[{"@type":"ReadAction","target":["https:\/\/calftel.com\/es\/garantia\/"]}]},{"@type":"BreadcrumbList","@id":"https:\/\/calftel.com\/es\/garantia\/#breadcrumb","itemListElement":[{"@type":"ListItem","position":1,"name":"Home","item":"https:\/\/calftel.com\/es\/"},{"@type":"ListItem","position":2,"name":"Garant\u00eda"}]},{"@type":"WebSite","@id":"https:\/\/calftel.com\/es\/#website","url":"https:\/\/calftel.com\/es\/","name":"Calf-Tel","description":"Calf Hutch Experts","publisher":{"@id":"https:\/\/calftel.com\/es\/#organization"},"potentialAction":[{"@type":"SearchAction","target":{"@type":"EntryPoint","urlTemplate":"https:\/\/calftel.com\/es\/?s={search_term_string}"},"query-input":{"@type":"PropertyValueSpecification","valueRequired":true,"valueName":"search_term_string"}}],"inLanguage":"es"},{"@type":"Organization","@id":"https:\/\/calftel.com\/es\/#organization","name":"Calf-Tel by Hampel","url":"https:\/\/calftel.com\/es\/","logo":{"@type":"ImageObject","inLanguage":"es","@id":"https:\/\/calftel.com\/es\/#\/schema\/logo\/image\/","url":"https:\/\/calftel.com\/wp-content\/uploads\/2021\/11\/Hampels-CalfTel-USA-EST-1981-Color.png","contentUrl":"https:\/\/calftel.com\/wp-content\/uploads\/2021\/11\/Hampels-CalfTel-USA-EST-1981-Color.png","width":1080,"height":516,"caption":"Calf-Tel by Hampel"},"image":{"@id":"https:\/\/calftel.com\/es\/#\/schema\/logo\/image\/"},"sameAs":["https:\/\/www.facebook.com\/calftel\/","https:\/\/www.instagram.com\/calftel\/","https:\/\/linkedin.com\/company\/calf-tel\/","https:\/\/www.youtube.com\/channel\/UCq73euoWhx5k1kOjHBHXM_g"]}]}},"_links":{"self":[{"href":"https:\/\/calftel.com\/es\/wp-json\/wp\/v2\/pages\/10619","targetHints":{"allow":["GET"]}}],"collection":[{"href":"https:\/\/calftel.com\/es\/wp-json\/wp\/v2\/pages"}],"about":[{"href":"https:\/\/calftel.com\/es\/wp-json\/wp\/v2\/types\/page"}],"author":[{"embeddable":true,"href":"https:\/\/calftel.com\/es\/wp-json\/wp\/v2\/users\/14"}],"replies":[{"embeddable":true,"href":"https:\/\/calftel.com\/es\/wp-json\/wp\/v2\/comments?post=10619"}],"version-history":[{"count":0,"href":"https:\/\/calftel.com\/es\/wp-json\/wp\/v2\/pages\/10619\/revisions"}],"wp:attachment":[{"href":"https:\/\/calftel.com\/es\/wp-json\/wp\/v2\/media?parent=10619"}],"curies":[{"name":"wp","href":"https:\/\/api.w.org\/{rel}","templated":true}]}}