{"id":10787,"date":"2021-09-14T16:14:55","date_gmt":"2021-09-14T16:14:55","guid":{"rendered":"https:\/\/calftel.com\/politica-de-envios\/"},"modified":"2021-09-14T16:15:36","modified_gmt":"2021-09-14T16:15:36","slug":"politica-de-envios","status":"publish","type":"page","link":"https:\/\/calftel.com\/es\/politica-de-envios\/","title":{"rendered":"Politica de envios"},"content":{"rendered":"\n<h1 class=\"has-text-align-center wp-block-heading\">Politica de envios<\/h1>\n\n<p>Gracias por visitar y comprar en Calf-Tel.com. A continuaci\u00f3n se encuentran los t\u00e9rminos y condiciones que constituyen nuestra Pol\u00edtica de env\u00edo.<\/p>\n\n<h3 class=\"wp-block-heading\">Pol\u00edtica de env\u00edo nacional<\/h3>\n\n<h5 class=\"wp-block-heading\"><strong>Tiempo de procesamiento del env\u00edo<\/strong><\/h5>\n\n<p>Todos los pedidos de Calf-Tel.com se procesan dentro de 1-2 d\u00edas h\u00e1biles. Los pedidos de Calf-Tel.com no se env\u00edan ni se entregan los fines de semana o d\u00edas festivos. La hora l\u00edmite de env\u00edo es a las 3 pm CST. Los pedidos de Calf-Tel.com realizados despu\u00e9s de las 3 p.m. CST se procesar\u00e1n el siguiente d\u00eda h\u00e1bil. Todas las fechas de env\u00edo est\u00e1n pendientes de verificaci\u00f3n de tarjeta de cr\u00e9dito para la mercanc\u00eda en existencia. Por favor, espere entre 1 y 2 d\u00edas h\u00e1biles para que se procese su pedido antes de enviarlo.<\/p>\n\n<p>Si estamos experimentando un gran volumen de pedidos en l\u00ednea, los env\u00edos pueden retrasarse unos d\u00edas. Permita d\u00edas adicionales en tr\u00e1nsito para la entrega. Si hubiera un retraso significativo en el env\u00edo de su pedido, nos comunicaremos con usted por correo electr\u00f3nico o por tel\u00e9fono.<\/p>\n\n<p>Si anticipamos un tiempo de entrega m\u00e1s largo, se anotar\u00e1 en la descripci\u00f3n del art\u00edculo.<\/p>\n\n<h5 class=\"wp-block-heading\">Tarifas de env\u00edo y estimaciones de entrega<\/h5>\n\n<p>Los gastos de env\u00edo de su pedido se calcular\u00e1n y se mostrar\u00e1n al finalizar la compra.<br\/>Todos los env\u00edos se enviar\u00e1n por tierra a trav\u00e9s de un transportista con la mejor tarifa posible seg\u00fan su regi\u00f3n.<br\/>Ocasionalmente pueden producirse retrasos en la entrega.<\/p>\n\n<h5 class=\"wp-block-heading\">Direcciones de env\u00edo<\/h5>\n\n<p>Calf-Tel.com realiza env\u00edos a direcciones dentro de los EE. UU. Continentales<\/p>\n\n<ul class=\"wp-block-list\"><li>Los pedidos no se pueden enviar a apartados de correos<\/li><li>Actualmente, no realizamos env\u00edos a Haw\u00e1i, Alaska ni a los territorios de EE. UU.<\/li><li>Los pedidos solo se env\u00edan en d\u00edas h\u00e1biles, que son de lunes a viernes<\/li><\/ul>\n\n<h5 class=\"wp-block-heading\">Confirmaci\u00f3n de env\u00edo y seguimiento de pedidos<\/h5>\n\n<p>Recibir\u00e1 un correo electr\u00f3nico de confirmaci\u00f3n de env\u00edo una vez que se haya enviado su pedido con su (s) n\u00famero (s) de seguimiento. El n\u00famero de seguimiento estar\u00e1 activo dentro de las 24 horas.<\/p>\n\n<h5 class=\"wp-block-heading\">Derechos de aduanas, aranceles e impuestos<\/h5>\n\n<p>Calf-Tel.com no es responsable de las aduanas e impuestos aplicados a su pedido. Todas las tarifas impuestas durante o despu\u00e9s del env\u00edo son responsabilidad del cliente (tarifas, impuestos, etc.).<\/p>\n\n<h5 class=\"wp-block-heading\">Da\u00f1os y perjuicios<\/h5>\n\n<p>Calf-Tel.com no se hace responsable de los productos da\u00f1ados o perdidos durante el env\u00edo. Si recibi\u00f3 su pedido da\u00f1ado, comun\u00edquese con el transportista para presentar una reclamaci\u00f3n.<\/p>\n\n<p>Guarde todos los materiales de embalaje y los productos da\u00f1ados antes de presentar una reclamaci\u00f3n.<\/p>\n\n<h5 class=\"wp-block-heading\">Pol\u00edtica de env\u00edos internacionales<\/h5>\n\n<p>Actualmente no enviamos pedidos en l\u00ednea fuera de EE. UU.<\/p>\n\n<h5 class=\"wp-block-heading\">Pol\u00edtica de devoluciones<\/h5>\n\n<p>Nuestra Pol\u00edtica de devoluci\u00f3n y reembolso proporciona informaci\u00f3n detallada sobre las opciones y los procedimientos para devolver su pedido.<\/p>\n\n<h5 class=\"wp-block-heading\">Tenga en cuenta<\/h5>\n\n<ul class=\"wp-block-list\"><li>Recibir\u00e1 su pedido entre 5 y 10 d\u00edas h\u00e1biles a partir de la fecha de env\u00edo, no desde la fecha en que se realiz\u00f3 el pedido.<\/li><li>Despu\u00e9s de que su pago sea autorizado y verificado, a\u00fan puede tomar hasta dos d\u00edas h\u00e1biles procesar su pedido en nuestro almac\u00e9n.<\/li><li>Es posible que se solicite a los pedidos marcados por el sistema (SF) que verifiquen informaci\u00f3n adicional y no somos responsables de la demora en el procesamiento de su pedido.<\/li><li>Los d\u00edas h\u00e1biles no incluyen fines de semana ni feriados. Los pedidos realizados el viernes despu\u00e9s de las 12 p.m. CST o durante el fin de semana comenzar\u00e1n a procesarse el lunes siguiente<\/li><\/ul>\n","protected":false},"excerpt":{"rendered":"","protected":false},"author":14,"featured_media":0,"parent":0,"menu_order":0,"comment_status":"closed","ping_status":"closed","template":"","meta":{"_acf_changed":false,"footnotes":""},"class_list":["post-10787","page","type-page","status-publish","hentry"],"acf":[],"yoast_head":"<!-- This site is optimized with the Yoast SEO plugin v27.4 - https:\/\/yoast.com\/product\/yoast-seo-wordpress\/ -->\n<title>Politica de envios - Calf-Tel<\/title>\n<meta name=\"robots\" content=\"index, follow, max-snippet:-1, max-image-preview:large, max-video-preview:-1\" \/>\n<link rel=\"canonical\" href=\"https:\/\/calftel.com\/es\/politica-de-envios\/\" \/>\n<meta property=\"og:locale\" content=\"es_ES\" \/>\n<meta property=\"og:type\" content=\"article\" \/>\n<meta property=\"og:title\" content=\"Politica de envios - Calf-Tel\" \/>\n<meta property=\"og:url\" content=\"https:\/\/calftel.com\/es\/politica-de-envios\/\" \/>\n<meta property=\"og:site_name\" content=\"Calf-Tel\" \/>\n<meta property=\"article:publisher\" content=\"https:\/\/www.facebook.com\/calftel\/\" \/>\n<meta property=\"article:modified_time\" content=\"2021-09-14T16:15:36+00:00\" \/>\n<meta name=\"twitter:card\" content=\"summary_large_image\" \/>\n<meta name=\"twitter:label1\" content=\"Tiempo de lectura\" \/>\n\t<meta name=\"twitter:data1\" content=\"3 minutos\" \/>\n<script type=\"application\/ld+json\" class=\"yoast-schema-graph\">{\"@context\":\"https:\\\/\\\/schema.org\",\"@graph\":[{\"@type\":\"WebPage\",\"@id\":\"https:\\\/\\\/calftel.com\\\/es\\\/politica-de-envios\\\/\",\"url\":\"https:\\\/\\\/calftel.com\\\/es\\\/politica-de-envios\\\/\",\"name\":\"Politica de envios - Calf-Tel\",\"isPartOf\":{\"@id\":\"https:\\\/\\\/calftel.com\\\/es\\\/#website\"},\"datePublished\":\"2021-09-14T16:14:55+00:00\",\"dateModified\":\"2021-09-14T16:15:36+00:00\",\"breadcrumb\":{\"@id\":\"https:\\\/\\\/calftel.com\\\/es\\\/politica-de-envios\\\/#breadcrumb\"},\"inLanguage\":\"es\",\"potentialAction\":[{\"@type\":\"ReadAction\",\"target\":[\"https:\\\/\\\/calftel.com\\\/es\\\/politica-de-envios\\\/\"]}]},{\"@type\":\"BreadcrumbList\",\"@id\":\"https:\\\/\\\/calftel.com\\\/es\\\/politica-de-envios\\\/#breadcrumb\",\"itemListElement\":[{\"@type\":\"ListItem\",\"position\":1,\"name\":\"Home\",\"item\":\"https:\\\/\\\/calftel.com\\\/es\\\/\"},{\"@type\":\"ListItem\",\"position\":2,\"name\":\"Politica de envios\"}]},{\"@type\":\"WebSite\",\"@id\":\"https:\\\/\\\/calftel.com\\\/es\\\/#website\",\"url\":\"https:\\\/\\\/calftel.com\\\/es\\\/\",\"name\":\"Calf-Tel\",\"description\":\"Calf Hutch Experts\",\"publisher\":{\"@id\":\"https:\\\/\\\/calftel.com\\\/es\\\/#organization\"},\"potentialAction\":[{\"@type\":\"SearchAction\",\"target\":{\"@type\":\"EntryPoint\",\"urlTemplate\":\"https:\\\/\\\/calftel.com\\\/es\\\/?s={search_term_string}\"},\"query-input\":{\"@type\":\"PropertyValueSpecification\",\"valueRequired\":true,\"valueName\":\"search_term_string\"}}],\"inLanguage\":\"es\"},{\"@type\":\"Organization\",\"@id\":\"https:\\\/\\\/calftel.com\\\/es\\\/#organization\",\"name\":\"Calf-Tel by Hampel\",\"url\":\"https:\\\/\\\/calftel.com\\\/es\\\/\",\"logo\":{\"@type\":\"ImageObject\",\"inLanguage\":\"es\",\"@id\":\"https:\\\/\\\/calftel.com\\\/es\\\/#\\\/schema\\\/logo\\\/image\\\/\",\"url\":\"https:\\\/\\\/calftel.com\\\/wp-content\\\/uploads\\\/2021\\\/11\\\/Hampels-CalfTel-USA-EST-1981-Color.png\",\"contentUrl\":\"https:\\\/\\\/calftel.com\\\/wp-content\\\/uploads\\\/2021\\\/11\\\/Hampels-CalfTel-USA-EST-1981-Color.png\",\"width\":1080,\"height\":516,\"caption\":\"Calf-Tel by Hampel\"},\"image\":{\"@id\":\"https:\\\/\\\/calftel.com\\\/es\\\/#\\\/schema\\\/logo\\\/image\\\/\"},\"sameAs\":[\"https:\\\/\\\/www.facebook.com\\\/calftel\\\/\",\"https:\\\/\\\/www.instagram.com\\\/calftel\\\/\",\"https:\\\/\\\/linkedin.com\\\/company\\\/calf-tel\\\/\",\"https:\\\/\\\/www.youtube.com\\\/channel\\\/UCq73euoWhx5k1kOjHBHXM_g\"]}]}<\/script>\n<!-- \/ Yoast SEO plugin. -->","yoast_head_json":{"title":"Politica de envios - Calf-Tel","robots":{"index":"index","follow":"follow","max-snippet":"max-snippet:-1","max-image-preview":"max-image-preview:large","max-video-preview":"max-video-preview:-1"},"canonical":"https:\/\/calftel.com\/es\/politica-de-envios\/","og_locale":"es_ES","og_type":"article","og_title":"Politica de envios - Calf-Tel","og_url":"https:\/\/calftel.com\/es\/politica-de-envios\/","og_site_name":"Calf-Tel","article_publisher":"https:\/\/www.facebook.com\/calftel\/","article_modified_time":"2021-09-14T16:15:36+00:00","twitter_card":"summary_large_image","twitter_misc":{"Tiempo de lectura":"3 minutos"},"schema":{"@context":"https:\/\/schema.org","@graph":[{"@type":"WebPage","@id":"https:\/\/calftel.com\/es\/politica-de-envios\/","url":"https:\/\/calftel.com\/es\/politica-de-envios\/","name":"Politica de envios - Calf-Tel","isPartOf":{"@id":"https:\/\/calftel.com\/es\/#website"},"datePublished":"2021-09-14T16:14:55+00:00","dateModified":"2021-09-14T16:15:36+00:00","breadcrumb":{"@id":"https:\/\/calftel.com\/es\/politica-de-envios\/#breadcrumb"},"inLanguage":"es","potentialAction":[{"@type":"ReadAction","target":["https:\/\/calftel.com\/es\/politica-de-envios\/"]}]},{"@type":"BreadcrumbList","@id":"https:\/\/calftel.com\/es\/politica-de-envios\/#breadcrumb","itemListElement":[{"@type":"ListItem","position":1,"name":"Home","item":"https:\/\/calftel.com\/es\/"},{"@type":"ListItem","position":2,"name":"Politica de envios"}]},{"@type":"WebSite","@id":"https:\/\/calftel.com\/es\/#website","url":"https:\/\/calftel.com\/es\/","name":"Calf-Tel","description":"Calf Hutch Experts","publisher":{"@id":"https:\/\/calftel.com\/es\/#organization"},"potentialAction":[{"@type":"SearchAction","target":{"@type":"EntryPoint","urlTemplate":"https:\/\/calftel.com\/es\/?s={search_term_string}"},"query-input":{"@type":"PropertyValueSpecification","valueRequired":true,"valueName":"search_term_string"}}],"inLanguage":"es"},{"@type":"Organization","@id":"https:\/\/calftel.com\/es\/#organization","name":"Calf-Tel by Hampel","url":"https:\/\/calftel.com\/es\/","logo":{"@type":"ImageObject","inLanguage":"es","@id":"https:\/\/calftel.com\/es\/#\/schema\/logo\/image\/","url":"https:\/\/calftel.com\/wp-content\/uploads\/2021\/11\/Hampels-CalfTel-USA-EST-1981-Color.png","contentUrl":"https:\/\/calftel.com\/wp-content\/uploads\/2021\/11\/Hampels-CalfTel-USA-EST-1981-Color.png","width":1080,"height":516,"caption":"Calf-Tel by Hampel"},"image":{"@id":"https:\/\/calftel.com\/es\/#\/schema\/logo\/image\/"},"sameAs":["https:\/\/www.facebook.com\/calftel\/","https:\/\/www.instagram.com\/calftel\/","https:\/\/linkedin.com\/company\/calf-tel\/","https:\/\/www.youtube.com\/channel\/UCq73euoWhx5k1kOjHBHXM_g"]}]}},"_links":{"self":[{"href":"https:\/\/calftel.com\/es\/wp-json\/wp\/v2\/pages\/10787","targetHints":{"allow":["GET"]}}],"collection":[{"href":"https:\/\/calftel.com\/es\/wp-json\/wp\/v2\/pages"}],"about":[{"href":"https:\/\/calftel.com\/es\/wp-json\/wp\/v2\/types\/page"}],"author":[{"embeddable":true,"href":"https:\/\/calftel.com\/es\/wp-json\/wp\/v2\/users\/14"}],"replies":[{"embeddable":true,"href":"https:\/\/calftel.com\/es\/wp-json\/wp\/v2\/comments?post=10787"}],"version-history":[{"count":0,"href":"https:\/\/calftel.com\/es\/wp-json\/wp\/v2\/pages\/10787\/revisions"}],"wp:attachment":[{"href":"https:\/\/calftel.com\/es\/wp-json\/wp\/v2\/media?parent=10787"}],"curies":[{"name":"wp","href":"https:\/\/api.w.org\/{rel}","templated":true}]}}