{"id":10182,"date":"2021-09-10T22:59:00","date_gmt":"2021-09-10T22:59:00","guid":{"rendered":"https:\/\/calftel.com\/product\/%series%\/cerca-de-alambre-clasica\/"},"modified":"2021-10-15T12:16:25","modified_gmt":"2021-10-15T12:16:25","slug":"cerca-de-alambre-clasica","status":"publish","type":"product","link":"https:\/\/calftel.com\/es\/product\/serie-c-es\/cerca-de-alambre-clasica\/","title":{"rendered":"Cerca de Alambre Cl\u00e1sica"},"content":{"rendered":"\n<div class=\"wp-block-cover alignfull has-background-dim-40 has-background-dim pattern-hero-product gt-remove-margin-top\"><img loading=\"lazy\" decoding=\"async\" width=\"2000\" height=\"600\" class=\"wp-block-cover__image-background wp-image-6812\" alt=\"\" src=\"https:\/\/calftel.com\/wp-content\/uploads\/2021\/05\/Classic-Wire-Fence-Hero-Image-1.jpg\" style=\"object-position:66% 13%\" data-object-fit=\"cover\" data-object-position=\"66% 13%\" srcset=\"https:\/\/calftel.com\/wp-content\/uploads\/2021\/05\/Classic-Wire-Fence-Hero-Image-1.jpg 2000w, https:\/\/calftel.com\/wp-content\/uploads\/2021\/05\/Classic-Wire-Fence-Hero-Image-1-300x90.jpg 300w, https:\/\/calftel.com\/wp-content\/uploads\/2021\/05\/Classic-Wire-Fence-Hero-Image-1-1024x307.jpg 1024w, https:\/\/calftel.com\/wp-content\/uploads\/2021\/05\/Classic-Wire-Fence-Hero-Image-1-768x230.jpg 768w, https:\/\/calftel.com\/wp-content\/uploads\/2021\/05\/Classic-Wire-Fence-Hero-Image-1-1536x461.jpg 1536w\" sizes=\"auto, (max-width: 2000px) 100vw, 2000px\" \/><div class=\"wp-block-cover__inner-container is-layout-flow wp-block-cover-is-layout-flow\">\n<p class=\"has-text-align-center hero-product-series gt-remove-margin-bottom\">Serie C<\/p>\n\n\n\n<h1 class=\"alignwide has-text-align-center hero-product-name gt-remove-margin-top gt-remove-margin-bottom wp-block-heading\">Cerca de Alambre Cl\u00e1sica<\/h1>\n\n\n\n<p class=\"has-text-align-center hero-product-tagline gt-remove-margin-top\"><\/p>\n<\/div><\/div>\n\n<div class=\"wp-block-columns alignwide pattern-product-intro is-layout-flex wp-container-core-columns-is-layout-9d6595d7 wp-block-columns-is-layout-flex\">\n<div class=\"wp-block-column is-vertically-aligned-center is-layout-flow wp-block-column-is-layout-flow\" style=\"flex-basis:40%\">\n<h5 class=\"wp-block-heading\">La clasica cerca de alambre estandar.<\/h5>\n\n\n\n<p>Fabricada con acero galvanizado de 1\/4 \u00bb de di\u00e1metro, la cerca de alambre cl\u00e1sica es un dise\u00f1o econ\u00f3mico combinado con caracter\u00edsticas convenientes. Opciones disponibles: recto o cortado y doblado, con o sin aberturas de alimentaci\u00f3n, o aberturas de alimentaci\u00f3n desplegables.<\/p>\n\n\n\n<ul class=\"wp-block-list\"><li>Se adapta a 20 | 64, 24 | 74 y 35 | 85 casetas Calf-Tel<\/li><li>Peso ligero, facil de mover y manejar<\/li><li>Flujo de aire y ventilaci\u00f3n superior<\/li><li>Atar la jaula con un perno y varillas en L<\/li><\/ul>\n\n\n<div id=accessories-associated-listing-block_6074ebbb6e6ae class=\"block-product-docs alignwide\">\n                        <ul class=\"doc-listing\">\n                                    <li class=\"doc-item\">\n                        <a href=\"https:\/\/calftel.com\/wp-content\/uploads\/2021\/04\/L-Rod-to-Hutch-Fence-Attachment-Assembly-Instructions-2.pdf\" target=\"_blank\">\n                            <!--                                 Assembly Instructions\n                             -->\n                            L-Rod to Hutch &#8211; Fence Attachment Assembly Instructions                        <\/a>\n                    <\/li>\n                                    <li class=\"doc-item\">\n                        <a href=\"https:\/\/calftel.com\/wp-content\/uploads\/2021\/04\/Wire-Bottle-Holder-Hutch-Fence-Mount-Assembly-Instructions-2-1.pdf\" target=\"_blank\">\n                            <!--                                 Assembly Instructions\n                             -->\n                            Wire Bottle Holder Hutch &#038; Fence Mount Assembly Instructions                        <\/a>\n                    <\/li>\n                                <\/ul>\n            <\/div>\n\n\n<div class=\"wp-block-buttons is-layout-flex wp-block-buttons-is-layout-flex\">\n<div class=\"wp-block-button is-style-outline is-style-outline--1\"><a class=\"wp-block-button__link\" href=\"https:\/\/calf-tel.box.com\/s\/i3shgv2cu7wzs7th8dgs284kezcfjutc\">Informaci\u00f3n sobre el producto C-Series PDF<\/a><\/div>\n<\/div>\n\n\n\n<div class=\"wp-block-buttons is-layout-flex wp-block-buttons-is-layout-flex\">\n<div class=\"wp-block-button is-style-fill\"><a class=\"wp-block-button__link has-very-dark-gray-color has-very-light-gray-background-color has-text-color has-background\" href=\"https:\/\/calftel.com\/es\/accessories\/\">Tienda de Accesorios<\/a><\/div>\n\n\n\n<div class=\"wp-block-button is-style-secondary-fill\"><a class=\"wp-block-button__link\" href=\"\/personalizador\">Personalizaci\u00f3n de productos<\/a><\/div>\n<\/div>\n<\/div>\n\n\n\n<div class=\"wp-block-column is-vertically-aligned-center is-layout-flow wp-block-column-is-layout-flow\">\n<figure class=\"wp-block-image size-full is-style-zoom\"><img loading=\"lazy\" decoding=\"async\" width=\"1024\" height=\"768\" src=\"https:\/\/calftel.com\/wp-content\/uploads\/2021\/05\/Classic-Wire-Fence-1.png\" alt=\"\" class=\"wp-image-9619\" srcset=\"https:\/\/calftel.com\/wp-content\/uploads\/2021\/05\/Classic-Wire-Fence-1.png 1024w, https:\/\/calftel.com\/wp-content\/uploads\/2021\/05\/Classic-Wire-Fence-1-300x225.png 300w, https:\/\/calftel.com\/wp-content\/uploads\/2021\/05\/Classic-Wire-Fence-1-768x576.png 768w\" sizes=\"auto, (max-width: 1024px) 100vw, 1024px\" \/><\/figure>\n<\/div>\n<\/div>\n\n<figure class=\"wp-block-embed is-type-video is-provider-youtube wp-block-embed-youtube wp-embed-aspect-16-9 wp-has-aspect-ratio\"><div class=\"wp-block-embed__wrapper\">\n<iframe loading=\"lazy\" title=\"Calf-Tel New Containment Series\" width=\"640\" height=\"360\" src=\"https:\/\/www.youtube.com\/embed\/UpVBBN0RWac?feature=oembed\" frameborder=\"0\" allow=\"accelerometer; autoplay; clipboard-write; encrypted-media; gyroscope; picture-in-picture; web-share\" referrerpolicy=\"strict-origin-when-cross-origin\" allowfullscreen><\/iframe>\n<\/div><\/figure>\n\n<div class=\"wp-block-blockgallery-masonry alignwide\"><div class=\"blockgallery has-caption-style-dark has-gutter\"><ul class=\"has-grid-xlrg has-gutter-15 has-gutter-mobile-15\"><li class=\"blockgallery--item\"><figure class=\"blockgallery--figure\"><img loading=\"lazy\" decoding=\"async\" width=\"1024\" height=\"768\" src=\"https:\/\/calftel.com\/wp-content\/uploads\/2021\/05\/Classic-Wire-Fence.jpg\" alt=\"\" data-id=\"6774\" data-link=\"https:\/\/calftel.com\/product\/c-series\/classic-wire-fence\/classic-wire-fence-2\/\" class=\"wp-image-6779\" srcset=\"https:\/\/calftel.com\/wp-content\/uploads\/2021\/05\/Classic-Wire-Fence.jpg 1024w, https:\/\/calftel.com\/wp-content\/uploads\/2021\/05\/Classic-Wire-Fence-300x225.jpg 300w, https:\/\/calftel.com\/wp-content\/uploads\/2021\/05\/Classic-Wire-Fence-768x576.jpg 768w\" sizes=\"auto, (max-width: 1024px) 100vw, 1024px\" \/><\/figure><\/li><li class=\"blockgallery--item\"><figure class=\"blockgallery--figure\"><img loading=\"lazy\" decoding=\"async\" width=\"1024\" height=\"768\" src=\"https:\/\/calftel.com\/wp-content\/uploads\/2021\/05\/Untitled-5.jpg\" alt=\"\" data-id=\"6780\" data-link=\"https:\/\/calftel.com\/product\/c-series\/classic-wire-fence\/untitled-5-2\/\" class=\"wp-image-6785\" srcset=\"https:\/\/calftel.com\/wp-content\/uploads\/2021\/05\/Untitled-5.jpg 1024w, https:\/\/calftel.com\/wp-content\/uploads\/2021\/05\/Untitled-5-300x225.jpg 300w, https:\/\/calftel.com\/wp-content\/uploads\/2021\/05\/Untitled-5-768x576.jpg 768w\" sizes=\"auto, (max-width: 1024px) 100vw, 1024px\" \/><\/figure><\/li><\/ul><\/div><\/div>\n\n<div class=\"wp-block-group alignfull product-specifications\"><div class=\"wp-block-group__inner-container is-layout-flow wp-block-group-is-layout-flow\">\n<div class=\"wp-block-columns alignwide is-layout-flex wp-container-core-columns-is-layout-9d6595d7 wp-block-columns-is-layout-flex\">\n<div class=\"wp-block-column is-vertically-aligned-center is-layout-flow wp-block-column-is-layout-flow\" style=\"flex-basis:40%\">\n<figure class=\"wp-block-image size-full is-style-zoom\"><img loading=\"lazy\" decoding=\"async\" width=\"1024\" height=\"768\" src=\"https:\/\/calftel.com\/wp-content\/uploads\/2021\/05\/Classic-Wire-Fence-on-New-hutch.jpg\" alt=\"\" class=\"wp-image-9848\" srcset=\"https:\/\/calftel.com\/wp-content\/uploads\/2021\/05\/Classic-Wire-Fence-on-New-hutch.jpg 1024w, https:\/\/calftel.com\/wp-content\/uploads\/2021\/05\/Classic-Wire-Fence-on-New-hutch-300x225.jpg 300w, https:\/\/calftel.com\/wp-content\/uploads\/2021\/05\/Classic-Wire-Fence-on-New-hutch-768x576.jpg 768w\" sizes=\"auto, (max-width: 1024px) 100vw, 1024px\" \/><\/figure>\n<\/div>\n\n\n\n<div class=\"wp-block-column is-vertically-aligned-center is-layout-flow wp-block-column-is-layout-flow\">\n<h2 class=\"wp-block-heading\">Especificaciones<\/h2>\n\n\n\n<figure class=\"wp-block-table is-style-regular\"><table><thead><tr><th class=\"has-text-align-left\" data-align=\"left\">Medidas<\/th><th class=\"has-text-align-left\" data-align=\"left\"><\/th><\/tr><\/thead><tbody><tr><td class=\"has-text-align-left\" data-align=\"left\"><strong>Largo<\/strong><\/td><td class=\"has-text-align-left\" data-align=\"left\">72&#8243;<br\/>183 cm<\/td><\/tr><tr><td class=\"has-text-align-left\" data-align=\"left\"><strong>Ancho<\/strong><\/td><td class=\"has-text-align-left\" data-align=\"left\">48&#8243;<br\/>122 cm<\/td><\/tr><tr><td class=\"has-text-align-left\" data-align=\"left\"><strong>Alto<\/strong><\/td><td class=\"has-text-align-left\" data-align=\"left\">42&#8243;<br\/>107 cm<\/td><\/tr><tr><td class=\"has-text-align-left\" data-align=\"left\"><strong>Peso<\/strong><\/td><td class=\"has-text-align-left\" data-align=\"left\">32.5 lbs.<br\/>14.7 kg.<\/td><\/tr><\/tbody><\/table><\/figure>\n<\/div>\n<\/div>\n<\/div><\/div>\n<div id=features-listing-block_60707e5dfbb9c class=\"block-features-listing alignfull\">\n    <div class=\"header\">\n        \n\n<h2 class=\"card-heading wp-block-heading\">Caracter\u00edsticas y ventajas<\/h2>\n\n\n    <\/div>\n\n                        <div class=\"features-list\">\n                                    <div class=\"features-row\">\n                        <div class=\"thumbnail\"><img loading=\"lazy\" decoding=\"async\" width=\"640\" height=\"480\" src=\"https:\/\/calftel.com\/wp-content\/uploads\/2021\/06\/L-Rod-Connection.png\" class=\"attachment-large size-large wp-post-image\" alt=\"\" srcset=\"https:\/\/calftel.com\/wp-content\/uploads\/2021\/06\/L-Rod-Connection.png 800w, https:\/\/calftel.com\/wp-content\/uploads\/2021\/06\/L-Rod-Connection-300x225.png 300w, https:\/\/calftel.com\/wp-content\/uploads\/2021\/06\/L-Rod-Connection-768x576.png 768w\" sizes=\"auto, (max-width: 640px) 100vw, 640px\" \/><\/div>\n                        <div class=\"content\">\n                            <!-- <h3>L-rods &#8211; Cerca de alambre cl\u00e1sica<\/h3> -->\n                            <div class=\"excerpt\"><!-- wp:heading {\"level\":3} -->\n<h3>L-rods<\/h3>\n<!-- \/wp:heading --><!-- wp:paragraph {\"translatedWithWPMLTM\":\"1\"} -->\n<p>Fuerte y facil de usar. Facil de poner y quitar de la caseta.<\/p>\n<!-- \/wp:paragraph --><\/div>\n                        <\/div>\n                    <\/div>\n                                    <div class=\"features-row\">\n                        <div class=\"thumbnail\"><img loading=\"lazy\" decoding=\"async\" width=\"640\" height=\"480\" src=\"https:\/\/calftel.com\/wp-content\/uploads\/2021\/06\/Classic-Wire-Fence-Openings-01-1-1024x768.png\" class=\"attachment-large size-large wp-post-image\" alt=\"\" srcset=\"https:\/\/calftel.com\/wp-content\/uploads\/2021\/06\/Classic-Wire-Fence-Openings-01-1-1024x768.png 1024w, https:\/\/calftel.com\/wp-content\/uploads\/2021\/06\/Classic-Wire-Fence-Openings-01-1-300x225.png 300w, https:\/\/calftel.com\/wp-content\/uploads\/2021\/06\/Classic-Wire-Fence-Openings-01-1-768x576.png 768w, https:\/\/calftel.com\/wp-content\/uploads\/2021\/06\/Classic-Wire-Fence-Openings-01-1-1536x1152.png 1536w, https:\/\/calftel.com\/wp-content\/uploads\/2021\/06\/Classic-Wire-Fence-Openings-01-1-2048x1536.png 2048w\" sizes=\"auto, (max-width: 640px) 100vw, 640px\" \/><\/div>\n                        <div class=\"content\">\n                            <!-- <h3>Aperturas para comedero- Cerca de alambre cl\u00e1sica<\/h3> -->\n                            <div class=\"excerpt\"><!-- wp:heading {\"level\":3,\"translatedWithWPMLTM\":\"1\"} -->\n<h3>Aperturas para comedero<\/h3>\n<!-- \/wp:heading --><!-- wp:paragraph {\"translatedWithWPMLTM\":\"1\"} -->\n<p>Disponibles sin aperturas para comedero. Las aperturas para comedero pueden personalizarse para estar de cada lado o cerrados.<\/p>\n<!-- \/wp:paragraph --><\/div>\n                        <\/div>\n                    <\/div>\n                                <\/div>\n            <\/div><div id=accessories-associated-listing-block_6070b6bd72643 class=\"block-accessories-associated-listing alignfull\">\n    <div class=\"header\">\n        \n\n<h2 class=\"card-heading wp-block-heading\">Accesorios relacionados<\/h2>\n\n\n    <\/div>\n\n        <\/div>","protected":false},"excerpt":{"rendered":"<p>Ligera, f\u00e1cil de mover y manejar, la cerca de alambre cl\u00e1sica es a la vez eficiente para el productor y econ\u00f3mica para la operaci\u00f3n.<\/p>\n","protected":false},"featured_media":16798,"template":"","series":[174],"class_list":["post-10182","product","type-product","status-publish","has-post-thumbnail","hentry","series-serie-c-es"],"acf":[],"yoast_head":"<!-- This site is optimized with the Yoast SEO plugin v27.1.1 - https:\/\/yoast.com\/product\/yoast-seo-wordpress\/ -->\n<title>Cerca de Alambre Cl\u00e1sica - Calf-Tel<\/title>\n<meta name=\"robots\" content=\"index, follow, max-snippet:-1, max-image-preview:large, max-video-preview:-1\" \/>\n<link rel=\"canonical\" href=\"https:\/\/calftel.com\/es\/product\/serie-c-es\/cerca-de-alambre-clasica\/\" \/>\n<meta property=\"og:locale\" content=\"es_ES\" \/>\n<meta property=\"og:type\" content=\"article\" \/>\n<meta property=\"og:title\" content=\"Cerca de Alambre Cl\u00e1sica - Calf-Tel\" \/>\n<meta property=\"og:description\" content=\"Ligera, f\u00e1cil de mover y manejar, la cerca de alambre cl\u00e1sica es a la vez eficiente para el productor y econ\u00f3mica para la operaci\u00f3n.\" \/>\n<meta property=\"og:url\" content=\"https:\/\/calftel.com\/es\/product\/serie-c-es\/cerca-de-alambre-clasica\/\" \/>\n<meta property=\"og:site_name\" content=\"Calf-Tel\" \/>\n<meta property=\"article:publisher\" content=\"https:\/\/www.facebook.com\/calftel\/\" \/>\n<meta property=\"article:modified_time\" content=\"2021-10-15T12:16:25+00:00\" \/>\n<meta property=\"og:image\" content=\"https:\/\/calftel.com\/wp-content\/uploads\/2021\/05\/Classic-Wire-Fence-1.png\" \/>\n\t<meta property=\"og:image:width\" content=\"1024\" \/>\n\t<meta property=\"og:image:height\" content=\"768\" \/>\n\t<meta property=\"og:image:type\" content=\"image\/png\" \/>\n<meta name=\"twitter:card\" content=\"summary_large_image\" \/>\n<meta name=\"twitter:label1\" content=\"Tiempo de lectura\" \/>\n\t<meta name=\"twitter:data1\" content=\"1 minuto\" \/>\n<script type=\"application\/ld+json\" class=\"yoast-schema-graph\">{\"@context\":\"https:\/\/schema.org\",\"@graph\":[{\"@type\":[\"WebPage\",\"ItemPage\"],\"@id\":\"https:\/\/calftel.com\/es\/product\/serie-c-es\/cerca-de-alambre-clasica\/\",\"url\":\"https:\/\/calftel.com\/es\/product\/serie-c-es\/cerca-de-alambre-clasica\/\",\"name\":\"Cerca de Alambre Cl\u00e1sica - Calf-Tel\",\"isPartOf\":{\"@id\":\"https:\/\/calftel.com\/es\/#website\"},\"primaryImageOfPage\":{\"@id\":\"https:\/\/calftel.com\/es\/product\/serie-c-es\/cerca-de-alambre-clasica\/#primaryimage\"},\"image\":{\"@id\":\"https:\/\/calftel.com\/es\/product\/serie-c-es\/cerca-de-alambre-clasica\/#primaryimage\"},\"thumbnailUrl\":\"https:\/\/calftel.com\/wp-content\/uploads\/2023\/07\/Artboard-4.png\",\"datePublished\":\"2021-09-10T22:59:00+00:00\",\"dateModified\":\"2021-10-15T12:16:25+00:00\",\"breadcrumb\":{\"@id\":\"https:\/\/calftel.com\/es\/product\/serie-c-es\/cerca-de-alambre-clasica\/#breadcrumb\"},\"inLanguage\":\"es\",\"potentialAction\":[{\"@type\":\"ReadAction\",\"target\":[\"https:\/\/calftel.com\/es\/product\/serie-c-es\/cerca-de-alambre-clasica\/\"]}]},{\"@type\":\"ImageObject\",\"inLanguage\":\"es\",\"@id\":\"https:\/\/calftel.com\/es\/product\/serie-c-es\/cerca-de-alambre-clasica\/#primaryimage\",\"url\":\"https:\/\/calftel.com\/wp-content\/uploads\/2023\/07\/Artboard-4.png\",\"contentUrl\":\"https:\/\/calftel.com\/wp-content\/uploads\/2023\/07\/Artboard-4.png\",\"width\":1024,\"height\":768},{\"@type\":\"BreadcrumbList\",\"@id\":\"https:\/\/calftel.com\/es\/product\/serie-c-es\/cerca-de-alambre-clasica\/#breadcrumb\",\"itemListElement\":[{\"@type\":\"ListItem\",\"position\":1,\"name\":\"Home\",\"item\":\"https:\/\/calftel.com\/es\/\"},{\"@type\":\"ListItem\",\"position\":2,\"name\":\"Serie-C\",\"item\":\"https:\/\/calftel.com\/es\/series\/serie-c-es\/\"},{\"@type\":\"ListItem\",\"position\":3,\"name\":\"Cerca de Alambre Cl\u00e1sica\"}]},{\"@type\":\"WebSite\",\"@id\":\"https:\/\/calftel.com\/es\/#website\",\"url\":\"https:\/\/calftel.com\/es\/\",\"name\":\"Calf-Tel\",\"description\":\"Calf Hutch Experts\",\"publisher\":{\"@id\":\"https:\/\/calftel.com\/es\/#organization\"},\"potentialAction\":[{\"@type\":\"SearchAction\",\"target\":{\"@type\":\"EntryPoint\",\"urlTemplate\":\"https:\/\/calftel.com\/es\/?s={search_term_string}\"},\"query-input\":{\"@type\":\"PropertyValueSpecification\",\"valueRequired\":true,\"valueName\":\"search_term_string\"}}],\"inLanguage\":\"es\"},{\"@type\":\"Organization\",\"@id\":\"https:\/\/calftel.com\/es\/#organization\",\"name\":\"Calf-Tel by Hampel\",\"url\":\"https:\/\/calftel.com\/es\/\",\"logo\":{\"@type\":\"ImageObject\",\"inLanguage\":\"es\",\"@id\":\"https:\/\/calftel.com\/es\/#\/schema\/logo\/image\/\",\"url\":\"https:\/\/calftel.com\/wp-content\/uploads\/2021\/11\/Hampels-CalfTel-USA-EST-1981-Color.png\",\"contentUrl\":\"https:\/\/calftel.com\/wp-content\/uploads\/2021\/11\/Hampels-CalfTel-USA-EST-1981-Color.png\",\"width\":1080,\"height\":516,\"caption\":\"Calf-Tel by Hampel\"},\"image\":{\"@id\":\"https:\/\/calftel.com\/es\/#\/schema\/logo\/image\/\"},\"sameAs\":[\"https:\/\/www.facebook.com\/calftel\/\",\"https:\/\/www.instagram.com\/calftel\/\",\"https:\/\/linkedin.com\/company\/calf-tel\/\",\"https:\/\/www.youtube.com\/channel\/UCq73euoWhx5k1kOjHBHXM_g\"]}]}<\/script>\n<!-- \/ Yoast SEO plugin. -->","yoast_head_json":{"title":"Cerca de Alambre Cl\u00e1sica - Calf-Tel","robots":{"index":"index","follow":"follow","max-snippet":"max-snippet:-1","max-image-preview":"max-image-preview:large","max-video-preview":"max-video-preview:-1"},"canonical":"https:\/\/calftel.com\/es\/product\/serie-c-es\/cerca-de-alambre-clasica\/","og_locale":"es_ES","og_type":"article","og_title":"Cerca de Alambre Cl\u00e1sica - Calf-Tel","og_description":"Ligera, f\u00e1cil de mover y manejar, la cerca de alambre cl\u00e1sica es a la vez eficiente para el productor y econ\u00f3mica para la operaci\u00f3n.","og_url":"https:\/\/calftel.com\/es\/product\/serie-c-es\/cerca-de-alambre-clasica\/","og_site_name":"Calf-Tel","article_publisher":"https:\/\/www.facebook.com\/calftel\/","article_modified_time":"2021-10-15T12:16:25+00:00","og_image":[{"width":1024,"height":768,"url":"https:\/\/calftel.com\/wp-content\/uploads\/2021\/05\/Classic-Wire-Fence-1.png","type":"image\/png"}],"twitter_card":"summary_large_image","twitter_misc":{"Tiempo de lectura":"1 minuto"},"schema":{"@context":"https:\/\/schema.org","@graph":[{"@type":["WebPage","ItemPage"],"@id":"https:\/\/calftel.com\/es\/product\/serie-c-es\/cerca-de-alambre-clasica\/","url":"https:\/\/calftel.com\/es\/product\/serie-c-es\/cerca-de-alambre-clasica\/","name":"Cerca de Alambre Cl\u00e1sica - Calf-Tel","isPartOf":{"@id":"https:\/\/calftel.com\/es\/#website"},"primaryImageOfPage":{"@id":"https:\/\/calftel.com\/es\/product\/serie-c-es\/cerca-de-alambre-clasica\/#primaryimage"},"image":{"@id":"https:\/\/calftel.com\/es\/product\/serie-c-es\/cerca-de-alambre-clasica\/#primaryimage"},"thumbnailUrl":"https:\/\/calftel.com\/wp-content\/uploads\/2023\/07\/Artboard-4.png","datePublished":"2021-09-10T22:59:00+00:00","dateModified":"2021-10-15T12:16:25+00:00","breadcrumb":{"@id":"https:\/\/calftel.com\/es\/product\/serie-c-es\/cerca-de-alambre-clasica\/#breadcrumb"},"inLanguage":"es","potentialAction":[{"@type":"ReadAction","target":["https:\/\/calftel.com\/es\/product\/serie-c-es\/cerca-de-alambre-clasica\/"]}]},{"@type":"ImageObject","inLanguage":"es","@id":"https:\/\/calftel.com\/es\/product\/serie-c-es\/cerca-de-alambre-clasica\/#primaryimage","url":"https:\/\/calftel.com\/wp-content\/uploads\/2023\/07\/Artboard-4.png","contentUrl":"https:\/\/calftel.com\/wp-content\/uploads\/2023\/07\/Artboard-4.png","width":1024,"height":768},{"@type":"BreadcrumbList","@id":"https:\/\/calftel.com\/es\/product\/serie-c-es\/cerca-de-alambre-clasica\/#breadcrumb","itemListElement":[{"@type":"ListItem","position":1,"name":"Home","item":"https:\/\/calftel.com\/es\/"},{"@type":"ListItem","position":2,"name":"Serie-C","item":"https:\/\/calftel.com\/es\/series\/serie-c-es\/"},{"@type":"ListItem","position":3,"name":"Cerca de Alambre Cl\u00e1sica"}]},{"@type":"WebSite","@id":"https:\/\/calftel.com\/es\/#website","url":"https:\/\/calftel.com\/es\/","name":"Calf-Tel","description":"Calf Hutch Experts","publisher":{"@id":"https:\/\/calftel.com\/es\/#organization"},"potentialAction":[{"@type":"SearchAction","target":{"@type":"EntryPoint","urlTemplate":"https:\/\/calftel.com\/es\/?s={search_term_string}"},"query-input":{"@type":"PropertyValueSpecification","valueRequired":true,"valueName":"search_term_string"}}],"inLanguage":"es"},{"@type":"Organization","@id":"https:\/\/calftel.com\/es\/#organization","name":"Calf-Tel by Hampel","url":"https:\/\/calftel.com\/es\/","logo":{"@type":"ImageObject","inLanguage":"es","@id":"https:\/\/calftel.com\/es\/#\/schema\/logo\/image\/","url":"https:\/\/calftel.com\/wp-content\/uploads\/2021\/11\/Hampels-CalfTel-USA-EST-1981-Color.png","contentUrl":"https:\/\/calftel.com\/wp-content\/uploads\/2021\/11\/Hampels-CalfTel-USA-EST-1981-Color.png","width":1080,"height":516,"caption":"Calf-Tel by Hampel"},"image":{"@id":"https:\/\/calftel.com\/es\/#\/schema\/logo\/image\/"},"sameAs":["https:\/\/www.facebook.com\/calftel\/","https:\/\/www.instagram.com\/calftel\/","https:\/\/linkedin.com\/company\/calf-tel\/","https:\/\/www.youtube.com\/channel\/UCq73euoWhx5k1kOjHBHXM_g"]}]}},"_links":{"self":[{"href":"https:\/\/calftel.com\/es\/wp-json\/wp\/v2\/product\/10182","targetHints":{"allow":["GET"]}}],"collection":[{"href":"https:\/\/calftel.com\/es\/wp-json\/wp\/v2\/product"}],"about":[{"href":"https:\/\/calftel.com\/es\/wp-json\/wp\/v2\/types\/product"}],"wp:featuredmedia":[{"embeddable":true,"href":"https:\/\/calftel.com\/es\/wp-json\/wp\/v2\/media\/16798"}],"wp:attachment":[{"href":"https:\/\/calftel.com\/es\/wp-json\/wp\/v2\/media?parent=10182"}],"wp:term":[{"taxonomy":"series","embeddable":true,"href":"https:\/\/calftel.com\/es\/wp-json\/wp\/v2\/series?post=10182"}],"curies":[{"name":"wp","href":"https:\/\/api.w.org\/{rel}","templated":true}]}}