{"id":11012,"date":"2021-09-16T20:12:14","date_gmt":"2021-09-16T20:12:14","guid":{"rendered":"https:\/\/calftel.com\/product\/%series%\/standard-breezeway-panels\/"},"modified":"2021-11-10T08:28:02","modified_gmt":"2021-11-10T08:28:02","slug":"standard-breezeway-panels","status":"publish","type":"product","link":"https:\/\/calftel.com\/es\/product\/serie-i-es\/standard-breezeway-panels\/","title":{"rendered":"Paneles est\u00e1ndar ventilados Breezeway"},"content":{"rendered":"\n<div class=\"wp-block-cover alignfull has-background-dim pattern-hero-product gt-remove-margin-top\"><img loading=\"lazy\" decoding=\"async\" width=\"2000\" height=\"600\" class=\"wp-block-cover__image-background wp-image-7282\" alt=\"\" src=\"https:\/\/calftel.com\/wp-content\/uploads\/2021\/05\/Standard-Breezeway-Hero.jpg\" style=\"object-position:61% 83%\" data-object-fit=\"cover\" data-object-position=\"61% 83%\" srcset=\"https:\/\/calftel.com\/wp-content\/uploads\/2021\/05\/Standard-Breezeway-Hero.jpg 2000w, https:\/\/calftel.com\/wp-content\/uploads\/2021\/05\/Standard-Breezeway-Hero-300x90.jpg 300w, https:\/\/calftel.com\/wp-content\/uploads\/2021\/05\/Standard-Breezeway-Hero-1024x307.jpg 1024w, https:\/\/calftel.com\/wp-content\/uploads\/2021\/05\/Standard-Breezeway-Hero-768x230.jpg 768w, https:\/\/calftel.com\/wp-content\/uploads\/2021\/05\/Standard-Breezeway-Hero-1536x461.jpg 1536w\" sizes=\"auto, (max-width: 2000px) 100vw, 2000px\" \/><div class=\"wp-block-cover__inner-container is-layout-flow wp-block-cover-is-layout-flow\">\n<p class=\"has-text-align-center hero-product-series gt-remove-margin-bottom\">Serie C<\/p>\n\n\n\n<h1 class=\"alignwide has-text-align-center hero-product-name gt-remove-margin-top gt-remove-margin-bottom wp-block-heading\">Paneles Standard Breezeway<\/h1>\n\n\n\n<p class=\"has-text-align-center hero-product-tagline gt-remove-margin-top\"><\/p>\n<\/div><\/div>\n\n<div class=\"wp-block-columns alignwide pattern-product-intro is-layout-flex wp-container-core-columns-is-layout-9d6595d7 wp-block-columns-is-layout-flex\">\n<div class=\"wp-block-column is-vertically-aligned-center is-layout-flow wp-block-column-is-layout-flow\" style=\"flex-basis:40%\">\n<h6 class=\"wp-block-heading\">Mayor flujo de aire y ventilaci\u00f3n para criar becerros sanos y productivos.<\/h6>\n\n\n\n<p>Los paneles est\u00e1ndar de Calf-Tel proporcionan a los becerros un espacio extra mientras se utiliza el espacio interior del establo de forma eficiente. El dise\u00f1o del panel de concepto abierto proporciona al becerro acceso al aire fresco y una ventilaci\u00f3n m\u00e1s limpia. Opci\u00f3n de paneles traseros de acero inoxidable, de alambre pesado o de acero tubular.<\/p>\n\n\n\n<ul class=\"wp-block-list\"><li>Se adapta a los paneles laterales 16|44, 19|54, 22|64, 26|74 y 30|84<\/li><li>El ancho de 46,25&#8243; proporciona espacio adicional para los becerros y utiliza el espacio interior de forma m\u00e1s eficiente<\/li><li>La parte delantera y trasera del panel permite una mayor ventilaci\u00f3n<\/li><li>Puerta de acceso ligera<\/li><li>Palanca segura: lo suficientemente f\u00e1cil de abrir con una mano<\/li><li>Disponibles soportes opcionales de alambre, acero o reforzados<\/li><\/ul>\n\n\n<div id=accessories-associated-listing-block_6074ebbb6e6ae class=\"block-product-docs alignwide\">\n                        <ul class=\"doc-listing\">\n                                    <li class=\"doc-item\">\n                        <a href=\"https:\/\/calftel.com\/wp-content\/uploads\/2021\/04\/Chute-Bottle-Holder-Pen-Hutch-Fence-Mount-2.pdf\" target=\"_blank\">\n                            <!--                                 Assembly Instructions\n                             -->\n                            Chute Bottle Holder Pen, Fence and Hutch Mount Assembly Instructions                        <\/a>\n                    <\/li>\n                                <\/ul>\n            <\/div>\n\n\n<div class=\"wp-block-buttons is-layout-flex wp-block-buttons-is-layout-flex\">\n<div class=\"wp-block-button is-style-fill\"><a class=\"wp-block-button__link has-very-dark-gray-color has-very-light-gray-background-color has-text-color has-background\" href=\"https:\/\/calftel.com\/es\/accessories\/\">Tienda de Accesorios<\/a><\/div>\n\n\n\n<div class=\"wp-block-button is-style-secondary-fill\"><a class=\"wp-block-button__link\" href=\"\/personalizador\">Personalizaci\u00f3n de productos<\/a><\/div>\n<\/div>\n<\/div>\n\n\n\n<div class=\"wp-block-column is-vertically-aligned-center is-layout-flow wp-block-column-is-layout-flow\">\n<figure class=\"wp-block-image size-full is-style-zoom\"><img loading=\"lazy\" decoding=\"async\" width=\"1024\" height=\"768\" src=\"https:\/\/calftel.com\/wp-content\/uploads\/2021\/05\/Standard-Breezeway-with-Wire-Back.png\" alt=\"\" class=\"wp-image-8757\" srcset=\"https:\/\/calftel.com\/wp-content\/uploads\/2021\/05\/Standard-Breezeway-with-Wire-Back.png 1024w, https:\/\/calftel.com\/wp-content\/uploads\/2021\/05\/Standard-Breezeway-with-Wire-Back-300x225.png 300w, https:\/\/calftel.com\/wp-content\/uploads\/2021\/05\/Standard-Breezeway-with-Wire-Back-768x576.png 768w\" sizes=\"auto, (max-width: 1024px) 100vw, 1024px\" \/><\/figure>\n<\/div>\n<\/div>\n\n<div class=\"wp-block-blockgallery-masonry alignwide\"><div class=\"blockgallery has-caption-style-dark has-gutter\"><ul class=\"has-grid-xlrg has-gutter-15 has-gutter-mobile-15\"><li class=\"blockgallery--item\"><figure class=\"blockgallery--figure\"><img loading=\"lazy\" decoding=\"async\" width=\"1024\" height=\"768\" src=\"https:\/\/calftel.com\/wp-content\/uploads\/2021\/05\/Standard-Breezeway-Lifestyle-Image-2.jpg\" alt=\"\" data-id=\"5283\" data-link=\"https:\/\/calftel.com\/product\/i-series\/standard-breezeway-panels\/standard-breezeway-lifestyle-image-2\/\" class=\"wp-image-5288\" srcset=\"https:\/\/calftel.com\/wp-content\/uploads\/2021\/05\/Standard-Breezeway-Lifestyle-Image-2.jpg 1024w, https:\/\/calftel.com\/wp-content\/uploads\/2021\/05\/Standard-Breezeway-Lifestyle-Image-2-300x225.jpg 300w, https:\/\/calftel.com\/wp-content\/uploads\/2021\/05\/Standard-Breezeway-Lifestyle-Image-2-768x576.jpg 768w\" sizes=\"auto, (max-width: 1024px) 100vw, 1024px\" \/><\/figure><\/li><li class=\"blockgallery--item\"><figure class=\"blockgallery--figure\"><img loading=\"lazy\" decoding=\"async\" width=\"1024\" height=\"768\" src=\"https:\/\/calftel.com\/wp-content\/uploads\/2021\/05\/Standard-Breezeway-Site-Shot.jpg\" alt=\"\" data-id=\"8759\" data-link=\"https:\/\/calftel.com\/product\/i-series\/standard-breezeway-panels\/standard-breezeway-site-shot\/\" class=\"wp-image-8764\" srcset=\"https:\/\/calftel.com\/wp-content\/uploads\/2021\/05\/Standard-Breezeway-Site-Shot.jpg 1024w, https:\/\/calftel.com\/wp-content\/uploads\/2021\/05\/Standard-Breezeway-Site-Shot-300x225.jpg 300w, https:\/\/calftel.com\/wp-content\/uploads\/2021\/05\/Standard-Breezeway-Site-Shot-768x576.jpg 768w\" sizes=\"auto, (max-width: 1024px) 100vw, 1024px\" \/><\/figure><\/li><\/ul><\/div><\/div>\n\n<div class=\"wp-block-group alignfull product-specifications\"><div class=\"wp-block-group__inner-container is-layout-flow wp-block-group-is-layout-flow\">\n<div class=\"wp-block-columns alignwide is-layout-flex wp-container-core-columns-is-layout-9d6595d7 wp-block-columns-is-layout-flex\">\n<div class=\"wp-block-column is-vertically-aligned-center is-layout-flow wp-block-column-is-layout-flow\" style=\"flex-basis:40%\">\n<figure class=\"wp-block-image size-large is-style-zoom\"><img loading=\"lazy\" decoding=\"async\" width=\"1024\" height=\"768\" src=\"https:\/\/calftel.com\/wp-content\/uploads\/2021\/06\/Standard-Breezeway-Dimensions-1024x768.jpg\" alt=\"\" class=\"wp-image-5294\" srcset=\"https:\/\/calftel.com\/wp-content\/uploads\/2021\/06\/Standard-Breezeway-Dimensions-1024x768.jpg 1024w, https:\/\/calftel.com\/wp-content\/uploads\/2021\/06\/Standard-Breezeway-Dimensions-300x225.jpg 300w, https:\/\/calftel.com\/wp-content\/uploads\/2021\/06\/Standard-Breezeway-Dimensions-768x576.jpg 768w, https:\/\/calftel.com\/wp-content\/uploads\/2021\/06\/Standard-Breezeway-Dimensions-1536x1152.jpg 1536w, https:\/\/calftel.com\/wp-content\/uploads\/2021\/06\/Standard-Breezeway-Dimensions.jpg 2000w\" sizes=\"auto, (max-width: 1024px) 100vw, 1024px\" \/><\/figure>\n<\/div>\n\n\n\n<div class=\"wp-block-column is-vertically-aligned-center is-layout-flow wp-block-column-is-layout-flow\">\n<h2 class=\"wp-block-heading\">Especificaciones<\/h2>\n\n\n\n<figure class=\"wp-block-table is-style-regular\"><table><thead><tr><th class=\"has-text-align-left\" data-align=\"left\">Peso<\/th><th class=\"has-text-align-left\" data-align=\"left\"><\/th><\/tr><\/thead><tbody><tr><td class=\"has-text-align-left\" data-align=\"left\"><strong>Panel frontal <strong>\u2013<\/strong> Est\u00e1ndar ventilado\/ Breezeway<\/strong><\/td><td class=\"has-text-align-left\" data-align=\"left\">32 lbs.<br\/>14.5 kg.<\/td><\/tr><tr><td class=\"has-text-align-left\" data-align=\"left\"><strong>Panel<\/strong> <strong>Posterior de alambre<\/strong> <strong>\u2013<\/strong> <strong>Est\u00e1ndar ventilado \/ Breezeway<\/strong><\/td><td class=\"has-text-align-left\" data-align=\"left\">20 lbs.<br\/>9 kg. <\/td><\/tr><tr><td class=\"has-text-align-left\" data-align=\"left\"><strong>Panel posterior de Acero \u2013 est\u00e1ndar ventilado \/ Breezeway<\/strong><\/td><td class=\"has-text-align-left\" data-align=\"left\">32 lbs.<br\/>15 kg.<\/td><\/tr><tr><td class=\"has-text-align-left\" data-align=\"left\"><strong>Panel posterior Reforzado \u2013 est\u00e1ndar ventilado \/ Breezeway<\/strong><\/td><td class=\"has-text-align-left\" data-align=\"left\">29 lbs. <br\/>13 kg.<\/td><\/tr><tr><td class=\"has-text-align-left\" data-align=\"left\"><strong>Tama\u00f1o del panel*<\/strong><\/td><td class=\"has-text-align-left\" data-align=\"left\">26-45 lbs.<br\/>12-20 kg.<\/td><\/tr><\/tbody><\/table><figcaption>*El peso puede variar en funci\u00f3n del tama\u00f1o del panel lateral<br\/><\/figcaption><\/figure>\n\n\n\n<figure class=\"wp-block-table is-style-regular\"><table><thead><tr><th class=\"has-text-align-left\" data-align=\"left\">Medidas<\/th><th class=\"has-text-align-left\" data-align=\"left\"><\/th><\/tr><\/thead><tbody><tr><td class=\"has-text-align-left\" data-align=\"left\"><strong>Ancho del Panel frontal y posterior <strong>\u2013<\/strong> est\u00e1ndar ventilado \/ Breezeway<\/strong><\/td><td class=\"has-text-align-left\" data-align=\"left\">46.25&#8243;<br\/>117.47cm<\/td><\/tr><tr><td class=\"has-text-align-left\" data-align=\"left\"><strong>Altura de panel frontal y posterior<\/strong> <strong>\u2013<\/strong> <strong>Est\u00e1ndar ventilado \/ Breezeway<\/strong><\/td><td class=\"has-text-align-left\" data-align=\"left\">45&#8243;<br\/>114.3cm <\/td><\/tr><\/tbody><\/table><\/figure>\n\n\n\n<p><\/p>\n<\/div>\n<\/div>\n<\/div><\/div>\n<div id=features-listing-block_60707e5dfbb9c class=\"block-features-listing alignfull\">\n    <div class=\"header\">\n        \n\n<h2 class=\"card-heading wp-block-heading\">Caracter\u00edsticas y ventajas<\/h2>\n\n\n    <\/div>\n\n                        <div class=\"features-list\">\n                                    <div class=\"features-row\">\n                        <div class=\"thumbnail\"><img loading=\"lazy\" decoding=\"async\" width=\"640\" height=\"480\" src=\"https:\/\/calftel.com\/wp-content\/uploads\/2021\/06\/Compact-Breezeway-Secure-Lever.png\" class=\"attachment-large size-large wp-post-image\" alt=\"\" srcset=\"https:\/\/calftel.com\/wp-content\/uploads\/2021\/06\/Compact-Breezeway-Secure-Lever.png 800w, https:\/\/calftel.com\/wp-content\/uploads\/2021\/06\/Compact-Breezeway-Secure-Lever-300x225.png 300w, https:\/\/calftel.com\/wp-content\/uploads\/2021\/06\/Compact-Breezeway-Secure-Lever-768x576.png 768w\" sizes=\"auto, (max-width: 640px) 100vw, 640px\" \/><\/div>\n                        <div class=\"content\">\n                            <!-- <h3>Palanca de seguridad compacta de Breezeway<\/h3> -->\n                            <div class=\"excerpt\"><!-- wp:heading {\"level\":3,\"translatedWithWPMLTM\":\"1\"} -->\n<h3>Seguro de pestillo<\/h3>\n<!-- \/wp:heading --><!-- wp:paragraph {\"translatedWithWPMLTM\":\"1\"} -->\n<p>Facilmente de abrir con una mano.<\/p>\n<!-- \/wp:paragraph --><\/div>\n                        <\/div>\n                    <\/div>\n                                    <div class=\"features-row\">\n                        <div class=\"thumbnail\"><img loading=\"lazy\" decoding=\"async\" width=\"640\" height=\"480\" src=\"https:\/\/calftel.com\/wp-content\/uploads\/2021\/06\/Standard-Breezeway-Light-Weight-Access-Door-1.png\" class=\"attachment-large size-large wp-post-image\" alt=\"\" srcset=\"https:\/\/calftel.com\/wp-content\/uploads\/2021\/06\/Standard-Breezeway-Light-Weight-Access-Door-1.png 800w, https:\/\/calftel.com\/wp-content\/uploads\/2021\/06\/Standard-Breezeway-Light-Weight-Access-Door-1-300x225.png 300w, https:\/\/calftel.com\/wp-content\/uploads\/2021\/06\/Standard-Breezeway-Light-Weight-Access-Door-1-768x576.png 768w\" sizes=\"auto, (max-width: 640px) 100vw, 640px\" \/><\/div>\n                        <div class=\"content\">\n                            <!-- <h3>Puerta de acceso ligero est\u00e1ndar Breezeway<\/h3> -->\n                            <div class=\"excerpt\"><!-- wp:heading {\"level\":3,\"translatedWithWPMLTM\":\"1\"} -->\n<h3>Puerta de acceso ligera<\/h3>\n<!-- \/wp:heading --><!-- wp:paragraph {\"translatedWithWPMLTM\":\"1\"} -->\n<p>Puerta frontal ligera para facilitar el acceso al becerro.<\/p>\n<!-- \/wp:paragraph --><\/div>\n                        <\/div>\n                    <\/div>\n                                    <div class=\"features-row\">\n                        <div class=\"thumbnail\"><img loading=\"lazy\" decoding=\"async\" width=\"640\" height=\"480\" src=\"https:\/\/calftel.com\/wp-content\/uploads\/2021\/06\/Standard-Breezeway-L-rod.png\" class=\"attachment-large size-large wp-post-image\" alt=\"\" srcset=\"https:\/\/calftel.com\/wp-content\/uploads\/2021\/06\/Standard-Breezeway-L-rod.png 800w, https:\/\/calftel.com\/wp-content\/uploads\/2021\/06\/Standard-Breezeway-L-rod-300x225.png 300w, https:\/\/calftel.com\/wp-content\/uploads\/2021\/06\/Standard-Breezeway-L-rod-768x576.png 768w\" sizes=\"auto, (max-width: 640px) 100vw, 640px\" \/><\/div>\n                        <div class=\"content\">\n                            <!-- <h3>Est\u00e1ndar de Breezeway Varilla en L<\/h3> -->\n                            <div class=\"excerpt\"><!-- wp:heading {\"level\":3,\"translatedWithWPMLTM\":\"1\"} -->\n<h3>Varillas-L<\/h3>\n<!-- \/wp:heading --><!-- wp:paragraph {\"translatedWithWPMLTM\":\"1\"} -->\n<p>Resistente y f\u00e1cil de usar para un r\u00e1pido montaje y desmontaje.<\/p>\n<!-- \/wp:paragraph --><\/div>\n                        <\/div>\n                    <\/div>\n                                    <div class=\"features-row\">\n                        <div class=\"thumbnail\"><img loading=\"lazy\" decoding=\"async\" width=\"640\" height=\"480\" src=\"https:\/\/calftel.com\/wp-content\/uploads\/2021\/06\/Standard-Breezeway-Back-Options.png\" class=\"attachment-large size-large wp-post-image\" alt=\"\" srcset=\"https:\/\/calftel.com\/wp-content\/uploads\/2021\/06\/Standard-Breezeway-Back-Options.png 800w, https:\/\/calftel.com\/wp-content\/uploads\/2021\/06\/Standard-Breezeway-Back-Options-300x225.png 300w, https:\/\/calftel.com\/wp-content\/uploads\/2021\/06\/Standard-Breezeway-Back-Options-768x576.png 768w\" sizes=\"auto, (max-width: 640px) 100vw, 640px\" \/><\/div>\n                        <div class=\"content\">\n                            <!-- <h3>Opciones de reverso est\u00e1ndar de Breezeway<\/h3> -->\n                            <div class=\"excerpt\"><!-- wp:heading {\"level\":3,\"translatedWithWPMLTM\":\"1\"} -->\n<h3>Paneles posteriores opcionales de Breezeway<\/h3>\n<!-- \/wp:heading --><!-- wp:paragraph {\"translatedWithWPMLTM\":\"1\"} -->\n<p>Una variedad de paneles traseros para corrales Breezeway est\u00e1ndar para que usted encuentre el ajuste perfecto para la necesidades de su ganader\u00eda. <span style=\"font-size: revert; font-family: var(--theme-body--font);\">Disponemos de reversos opcionales de alambre, acero o mejorados.<\/span><\/p>\n<!-- \/wp:paragraph --><\/div>\n                        <\/div>\n                    <\/div>\n                                <\/div>\n            <\/div><div id=accessories-associated-listing-block_6070b6bd72643 class=\"block-accessories-associated-listing alignfull\">\n    <div class=\"header\">\n        \n\n<h2 class=\"card-heading wp-block-heading\">Accesorios relacionados<\/h2>\n\n\n    <\/div>\n\n        <\/div>","protected":false},"excerpt":{"rendered":"<p>Del mismo tama\u00f1o que nuestros paneles est\u00e1ndar, el Standard Breezeway da a su becerro acceso a un mayor flujo de aire y una ventilaci\u00f3n m\u00e1s limpia.<\/p>\n","protected":false},"featured_media":20004,"template":"","series":[172],"class_list":["post-11012","product","type-product","status-publish","has-post-thumbnail","hentry","series-serie-i-es"],"acf":[],"yoast_head":"<!-- This site is optimized with the Yoast SEO plugin v27.4 - https:\/\/yoast.com\/product\/yoast-seo-wordpress\/ -->\n<title>Paneles est\u00e1ndar ventilados Breezeway - Calf-Tel<\/title>\n<meta name=\"robots\" content=\"index, follow, max-snippet:-1, max-image-preview:large, max-video-preview:-1\" \/>\n<link rel=\"canonical\" href=\"https:\/\/calftel.com\/es\/product\/serie-i-es\/standard-breezeway-panels\/\" \/>\n<meta property=\"og:locale\" content=\"es_ES\" \/>\n<meta property=\"og:type\" content=\"article\" \/>\n<meta property=\"og:title\" content=\"Paneles est\u00e1ndar ventilados Breezeway - Calf-Tel\" \/>\n<meta property=\"og:description\" content=\"Del mismo tama\u00f1o que nuestros paneles est\u00e1ndar, el Standard Breezeway da a su becerro acceso a un mayor flujo de aire y una ventilaci\u00f3n m\u00e1s limpia.\" \/>\n<meta property=\"og:url\" content=\"https:\/\/calftel.com\/es\/product\/serie-i-es\/standard-breezeway-panels\/\" \/>\n<meta property=\"og:site_name\" content=\"Calf-Tel\" \/>\n<meta property=\"article:publisher\" content=\"https:\/\/www.facebook.com\/calftel\/\" \/>\n<meta property=\"article:modified_time\" content=\"2021-11-10T08:28:02+00:00\" \/>\n<meta property=\"og:image\" content=\"https:\/\/calftel.com\/wp-content\/uploads\/2021\/05\/Standard-Breezeway-with-Wire-Back.png\" \/>\n\t<meta property=\"og:image:width\" content=\"1024\" \/>\n\t<meta property=\"og:image:height\" content=\"768\" \/>\n\t<meta property=\"og:image:type\" content=\"image\/png\" \/>\n<meta name=\"twitter:card\" content=\"summary_large_image\" \/>\n<meta name=\"twitter:label1\" content=\"Tiempo de lectura\" \/>\n\t<meta name=\"twitter:data1\" content=\"1 minuto\" \/>\n<script type=\"application\/ld+json\" class=\"yoast-schema-graph\">{\"@context\":\"https:\\\/\\\/schema.org\",\"@graph\":[{\"@type\":[\"WebPage\",\"ItemPage\"],\"@id\":\"https:\\\/\\\/calftel.com\\\/es\\\/product\\\/serie-i-es\\\/standard-breezeway-panels\\\/\",\"url\":\"https:\\\/\\\/calftel.com\\\/es\\\/product\\\/serie-i-es\\\/standard-breezeway-panels\\\/\",\"name\":\"Paneles est\u00e1ndar ventilados Breezeway - Calf-Tel\",\"isPartOf\":{\"@id\":\"https:\\\/\\\/calftel.com\\\/es\\\/#website\"},\"primaryImageOfPage\":{\"@id\":\"https:\\\/\\\/calftel.com\\\/es\\\/product\\\/serie-i-es\\\/standard-breezeway-panels\\\/#primaryimage\"},\"image\":{\"@id\":\"https:\\\/\\\/calftel.com\\\/es\\\/product\\\/serie-i-es\\\/standard-breezeway-panels\\\/#primaryimage\"},\"thumbnailUrl\":\"https:\\\/\\\/calftel.com\\\/wp-content\\\/uploads\\\/2021\\\/05\\\/Standard_BreezeWay_Gate_ISO.png\",\"datePublished\":\"2021-09-16T20:12:14+00:00\",\"dateModified\":\"2021-11-10T08:28:02+00:00\",\"breadcrumb\":{\"@id\":\"https:\\\/\\\/calftel.com\\\/es\\\/product\\\/serie-i-es\\\/standard-breezeway-panels\\\/#breadcrumb\"},\"inLanguage\":\"es\",\"potentialAction\":[{\"@type\":\"ReadAction\",\"target\":[\"https:\\\/\\\/calftel.com\\\/es\\\/product\\\/serie-i-es\\\/standard-breezeway-panels\\\/\"]}]},{\"@type\":\"ImageObject\",\"inLanguage\":\"es\",\"@id\":\"https:\\\/\\\/calftel.com\\\/es\\\/product\\\/serie-i-es\\\/standard-breezeway-panels\\\/#primaryimage\",\"url\":\"https:\\\/\\\/calftel.com\\\/wp-content\\\/uploads\\\/2021\\\/05\\\/Standard_BreezeWay_Gate_ISO.png\",\"contentUrl\":\"https:\\\/\\\/calftel.com\\\/wp-content\\\/uploads\\\/2021\\\/05\\\/Standard_BreezeWay_Gate_ISO.png\",\"width\":1080,\"height\":1080},{\"@type\":\"BreadcrumbList\",\"@id\":\"https:\\\/\\\/calftel.com\\\/es\\\/product\\\/serie-i-es\\\/standard-breezeway-panels\\\/#breadcrumb\",\"itemListElement\":[{\"@type\":\"ListItem\",\"position\":1,\"name\":\"Home\",\"item\":\"https:\\\/\\\/calftel.com\\\/es\\\/\"},{\"@type\":\"ListItem\",\"position\":2,\"name\":\"Serie-I\",\"item\":\"https:\\\/\\\/calftel.com\\\/es\\\/series\\\/serie-i-es\\\/\"},{\"@type\":\"ListItem\",\"position\":3,\"name\":\"Paneles est\u00e1ndar ventilados Breezeway\"}]},{\"@type\":\"WebSite\",\"@id\":\"https:\\\/\\\/calftel.com\\\/es\\\/#website\",\"url\":\"https:\\\/\\\/calftel.com\\\/es\\\/\",\"name\":\"Calf-Tel\",\"description\":\"Calf Hutch Experts\",\"publisher\":{\"@id\":\"https:\\\/\\\/calftel.com\\\/es\\\/#organization\"},\"potentialAction\":[{\"@type\":\"SearchAction\",\"target\":{\"@type\":\"EntryPoint\",\"urlTemplate\":\"https:\\\/\\\/calftel.com\\\/es\\\/?s={search_term_string}\"},\"query-input\":{\"@type\":\"PropertyValueSpecification\",\"valueRequired\":true,\"valueName\":\"search_term_string\"}}],\"inLanguage\":\"es\"},{\"@type\":\"Organization\",\"@id\":\"https:\\\/\\\/calftel.com\\\/es\\\/#organization\",\"name\":\"Calf-Tel by Hampel\",\"url\":\"https:\\\/\\\/calftel.com\\\/es\\\/\",\"logo\":{\"@type\":\"ImageObject\",\"inLanguage\":\"es\",\"@id\":\"https:\\\/\\\/calftel.com\\\/es\\\/#\\\/schema\\\/logo\\\/image\\\/\",\"url\":\"https:\\\/\\\/calftel.com\\\/wp-content\\\/uploads\\\/2021\\\/11\\\/Hampels-CalfTel-USA-EST-1981-Color.png\",\"contentUrl\":\"https:\\\/\\\/calftel.com\\\/wp-content\\\/uploads\\\/2021\\\/11\\\/Hampels-CalfTel-USA-EST-1981-Color.png\",\"width\":1080,\"height\":516,\"caption\":\"Calf-Tel by Hampel\"},\"image\":{\"@id\":\"https:\\\/\\\/calftel.com\\\/es\\\/#\\\/schema\\\/logo\\\/image\\\/\"},\"sameAs\":[\"https:\\\/\\\/www.facebook.com\\\/calftel\\\/\",\"https:\\\/\\\/www.instagram.com\\\/calftel\\\/\",\"https:\\\/\\\/linkedin.com\\\/company\\\/calf-tel\\\/\",\"https:\\\/\\\/www.youtube.com\\\/channel\\\/UCq73euoWhx5k1kOjHBHXM_g\"]}]}<\/script>\n<!-- \/ Yoast SEO plugin. -->","yoast_head_json":{"title":"Paneles est\u00e1ndar ventilados Breezeway - Calf-Tel","robots":{"index":"index","follow":"follow","max-snippet":"max-snippet:-1","max-image-preview":"max-image-preview:large","max-video-preview":"max-video-preview:-1"},"canonical":"https:\/\/calftel.com\/es\/product\/serie-i-es\/standard-breezeway-panels\/","og_locale":"es_ES","og_type":"article","og_title":"Paneles est\u00e1ndar ventilados Breezeway - Calf-Tel","og_description":"Del mismo tama\u00f1o que nuestros paneles est\u00e1ndar, el Standard Breezeway da a su becerro acceso a un mayor flujo de aire y una ventilaci\u00f3n m\u00e1s limpia.","og_url":"https:\/\/calftel.com\/es\/product\/serie-i-es\/standard-breezeway-panels\/","og_site_name":"Calf-Tel","article_publisher":"https:\/\/www.facebook.com\/calftel\/","article_modified_time":"2021-11-10T08:28:02+00:00","og_image":[{"width":1024,"height":768,"url":"https:\/\/calftel.com\/wp-content\/uploads\/2021\/05\/Standard-Breezeway-with-Wire-Back.png","type":"image\/png"}],"twitter_card":"summary_large_image","twitter_misc":{"Tiempo de lectura":"1 minuto"},"schema":{"@context":"https:\/\/schema.org","@graph":[{"@type":["WebPage","ItemPage"],"@id":"https:\/\/calftel.com\/es\/product\/serie-i-es\/standard-breezeway-panels\/","url":"https:\/\/calftel.com\/es\/product\/serie-i-es\/standard-breezeway-panels\/","name":"Paneles est\u00e1ndar ventilados Breezeway - Calf-Tel","isPartOf":{"@id":"https:\/\/calftel.com\/es\/#website"},"primaryImageOfPage":{"@id":"https:\/\/calftel.com\/es\/product\/serie-i-es\/standard-breezeway-panels\/#primaryimage"},"image":{"@id":"https:\/\/calftel.com\/es\/product\/serie-i-es\/standard-breezeway-panels\/#primaryimage"},"thumbnailUrl":"https:\/\/calftel.com\/wp-content\/uploads\/2021\/05\/Standard_BreezeWay_Gate_ISO.png","datePublished":"2021-09-16T20:12:14+00:00","dateModified":"2021-11-10T08:28:02+00:00","breadcrumb":{"@id":"https:\/\/calftel.com\/es\/product\/serie-i-es\/standard-breezeway-panels\/#breadcrumb"},"inLanguage":"es","potentialAction":[{"@type":"ReadAction","target":["https:\/\/calftel.com\/es\/product\/serie-i-es\/standard-breezeway-panels\/"]}]},{"@type":"ImageObject","inLanguage":"es","@id":"https:\/\/calftel.com\/es\/product\/serie-i-es\/standard-breezeway-panels\/#primaryimage","url":"https:\/\/calftel.com\/wp-content\/uploads\/2021\/05\/Standard_BreezeWay_Gate_ISO.png","contentUrl":"https:\/\/calftel.com\/wp-content\/uploads\/2021\/05\/Standard_BreezeWay_Gate_ISO.png","width":1080,"height":1080},{"@type":"BreadcrumbList","@id":"https:\/\/calftel.com\/es\/product\/serie-i-es\/standard-breezeway-panels\/#breadcrumb","itemListElement":[{"@type":"ListItem","position":1,"name":"Home","item":"https:\/\/calftel.com\/es\/"},{"@type":"ListItem","position":2,"name":"Serie-I","item":"https:\/\/calftel.com\/es\/series\/serie-i-es\/"},{"@type":"ListItem","position":3,"name":"Paneles est\u00e1ndar ventilados Breezeway"}]},{"@type":"WebSite","@id":"https:\/\/calftel.com\/es\/#website","url":"https:\/\/calftel.com\/es\/","name":"Calf-Tel","description":"Calf Hutch Experts","publisher":{"@id":"https:\/\/calftel.com\/es\/#organization"},"potentialAction":[{"@type":"SearchAction","target":{"@type":"EntryPoint","urlTemplate":"https:\/\/calftel.com\/es\/?s={search_term_string}"},"query-input":{"@type":"PropertyValueSpecification","valueRequired":true,"valueName":"search_term_string"}}],"inLanguage":"es"},{"@type":"Organization","@id":"https:\/\/calftel.com\/es\/#organization","name":"Calf-Tel by Hampel","url":"https:\/\/calftel.com\/es\/","logo":{"@type":"ImageObject","inLanguage":"es","@id":"https:\/\/calftel.com\/es\/#\/schema\/logo\/image\/","url":"https:\/\/calftel.com\/wp-content\/uploads\/2021\/11\/Hampels-CalfTel-USA-EST-1981-Color.png","contentUrl":"https:\/\/calftel.com\/wp-content\/uploads\/2021\/11\/Hampels-CalfTel-USA-EST-1981-Color.png","width":1080,"height":516,"caption":"Calf-Tel by Hampel"},"image":{"@id":"https:\/\/calftel.com\/es\/#\/schema\/logo\/image\/"},"sameAs":["https:\/\/www.facebook.com\/calftel\/","https:\/\/www.instagram.com\/calftel\/","https:\/\/linkedin.com\/company\/calf-tel\/","https:\/\/www.youtube.com\/channel\/UCq73euoWhx5k1kOjHBHXM_g"]}]}},"_links":{"self":[{"href":"https:\/\/calftel.com\/es\/wp-json\/wp\/v2\/product\/11012","targetHints":{"allow":["GET"]}}],"collection":[{"href":"https:\/\/calftel.com\/es\/wp-json\/wp\/v2\/product"}],"about":[{"href":"https:\/\/calftel.com\/es\/wp-json\/wp\/v2\/types\/product"}],"wp:featuredmedia":[{"embeddable":true,"href":"https:\/\/calftel.com\/es\/wp-json\/wp\/v2\/media\/20004"}],"wp:attachment":[{"href":"https:\/\/calftel.com\/es\/wp-json\/wp\/v2\/media?parent=11012"}],"wp:term":[{"taxonomy":"series","embeddable":true,"href":"https:\/\/calftel.com\/es\/wp-json\/wp\/v2\/series?post=11012"}],"curies":[{"name":"wp","href":"https:\/\/api.w.org\/{rel}","templated":true}]}}