{"id":8956,"date":"2021-08-26T21:08:22","date_gmt":"2021-08-26T21:08:22","guid":{"rendered":"https:\/\/calftel.com\/product\/%series%\/17-54-ecs\/"},"modified":"2021-10-28T14:19:51","modified_gmt":"2021-10-28T14:19:51","slug":"17-54-ecs","status":"publish","type":"product","link":"https:\/\/calftel.com\/es\/product\/series-o\/17-54-ecs\/","title":{"rendered":"17 | 54 (ECS)"},"content":{"rendered":"\n<div class=\"wp-block-cover alignfull has-background-dim-40 has-background-dim pattern-hero-product gt-remove-margin-top\"><img decoding=\"async\" class=\"wp-block-cover__image-background wp-image-2061\" alt=\"\" src=\"https:\/\/calftel.com\/wp-content\/uploads\/2021\/03\/ECS_site.jpg\" style=\"object-position:71% 59%\" data-object-fit=\"cover\" data-object-position=\"71% 59%\"\/><div class=\"wp-block-cover__inner-container is-layout-flow wp-block-cover-is-layout-flow\">\n<p class=\"has-text-align-center hero-product-series gt-remove-margin-bottom\"><strong>Serie-O<\/strong><\/p>\n\n\n\n<h1 class=\"has-text-align-center hero-product-name gt-remove-margin-top gt-remove-margin-bottom wp-block-heading\">17 | 54 (ECS)<\/h1>\n<\/div><\/div>\n\n<div class=\"wp-block-columns alignwide pattern-product-intro is-layout-flex wp-container-core-columns-is-layout-9d6595d7 wp-block-columns-is-layout-flex\">\n<div class=\"wp-block-column is-vertically-aligned-center is-layout-flow wp-block-column-is-layout-flow\" style=\"flex-basis:40%\">\n<h5 class=\"wp-block-heading\">El primero de su clase: Calf-Tel 17|54<\/h5>\n\n\n\n<p>El sistema de casetas elevadas para becerros de Calf-Tel 17|54 (ECS), un sistema elevado de casetas de pl\u00e1stico, con control clim\u00e1tico, ofrece una mayor durabilidad y facilita un entorno m\u00e1s limpio para la salud y bienestar de los becerros en comparaci\u00f3n con la madera. Adem\u00e1s, las casetas para becerros son de polietileno de alta resistencia y soportan las condiciones clim\u00e1ticas m\u00e1s extremas, y su pigmento que bloquea los rayos UV ayuda a prevenir su deterioro.<\/p>\n\n\n\n<ul class=\"wp-block-list\"><li>F\u00e1cil de trasladar, controlar y de mantener sus equipos<\/li><li>F\u00e1cil para alimentar, dar de beber y alojar sus becerros<\/li><li>Mucho m\u00e1s f\u00e1cil de limpiar que las casetas de madera<\/li><li>Minimiza los tiempos de colocaci\u00f3n de la cama, la alimentaci\u00f3n y la mano de obra en general<\/li><li>La caseta se cierra para proteger a la becerra de la lluvia o la nieve<\/li><li>Cabe dentro de una base de madera est\u00e1ndar de 8&#8242; x 5&#8242; y proporciona m\u00e1s espacio para el becerro<\/li><\/ul>\n\n\n\n<div class=\"wp-block-columns is-layout-flex wp-container-core-columns-is-layout-9d6595d7 wp-block-columns-is-layout-flex\">\n<div class=\"wp-block-column is-layout-flow wp-block-column-is-layout-flow\" style=\"flex-basis:100%\"><div id=accessories-associated-listing-block_6074ebbb6e6ae class=\"block-product-docs alignwide\">\n                        <ul class=\"doc-listing\">\n                                    <li class=\"doc-item\">\n                        <a href=\"https:\/\/calftel.com\/wp-content\/uploads\/2021\/04\/Elevated-Calf-System-Assembly-Instructions-3.pdf\" target=\"_blank\">\n                            <!--                                 Assembly Instructions\n                             -->\n                            Elevated Calf System Assembly Instructions                        <\/a>\n                    <\/li>\n                                <\/ul>\n            <\/div><\/div>\n<\/div>\n\n\n\n<div class=\"wp-block-buttons is-layout-flex wp-block-buttons-is-layout-flex\">\n<div class=\"wp-block-button is-style-fill\"><a class=\"wp-block-button__link has-very-dark-gray-color has-very-light-gray-background-color has-text-color has-background\" href=\"https:\/\/calftel.com\/es\/accessories\/\">Tienda de Accesorios<\/a><\/div>\n\n\n\n<div class=\"wp-block-button is-style-secondary-fill\"><a class=\"wp-block-button__link\" href=\"\/personalizador\">Personalizaci\u00f3n de productos<\/a><\/div>\n<\/div>\n<\/div>\n\n\n\n<div class=\"wp-block-column is-vertically-aligned-center is-layout-flow wp-block-column-is-layout-flow\">\n<figure class=\"wp-block-image size-full is-style-zoom\"><img loading=\"lazy\" decoding=\"async\" width=\"1024\" height=\"768\" src=\"https:\/\/calftel.com\/wp-content\/uploads\/2021\/03\/Untitled-4.png\" alt=\"\" class=\"wp-image-10232\" srcset=\"https:\/\/calftel.com\/wp-content\/uploads\/2021\/03\/Untitled-4.png 1024w, https:\/\/calftel.com\/wp-content\/uploads\/2021\/03\/Untitled-4-300x225.png 300w, https:\/\/calftel.com\/wp-content\/uploads\/2021\/03\/Untitled-4-768x576.png 768w\" sizes=\"auto, (max-width: 1024px) 100vw, 1024px\" \/><figcaption><strong>17|54 Definici\u00f3n de nombres:<\/strong><br\/><strong>1.7 metros cuadrados en el Interior | 5\u2019x4\u2032 de superficie Exterior<\/strong><\/figcaption><\/figure>\n<\/div>\n<\/div>\n\n<figure class=\"wp-block-embed alignwide is-type-video is-provider-youtube wp-block-embed-youtube wp-embed-aspect-16-9 wp-has-aspect-ratio\"><div class=\"wp-block-embed__wrapper\">\n<iframe loading=\"lazy\" title=\"Calf-Tel ECS\" width=\"640\" height=\"360\" src=\"https:\/\/www.youtube.com\/embed\/LmrlfGZmxXg?feature=oembed\" frameborder=\"0\" allow=\"accelerometer; autoplay; clipboard-write; encrypted-media; gyroscope; picture-in-picture; web-share\" referrerpolicy=\"strict-origin-when-cross-origin\" allowfullscreen><\/iframe>\n<\/div><\/figure>\n\n<figure class=\"wp-block-gallery alignwide columns-3 is-cropped wp-block-gallery-1 is-layout-flex wp-block-gallery-is-layout-flex\"><ul class=\"blocks-gallery-grid\"><li class=\"blocks-gallery-item\"><figure><img loading=\"lazy\" decoding=\"async\" width=\"1024\" height=\"768\" src=\"https:\/\/calftel.com\/wp-content\/uploads\/2021\/03\/Untitled-7.jpg\" alt=\"\" data-id=\"7491\" data-link=\"https:\/\/calftel.com\/product\/o-series\/17-54\/untitled-7-4\/\" class=\"wp-image-7496\" srcset=\"https:\/\/calftel.com\/wp-content\/uploads\/2021\/03\/Untitled-7.jpg 1024w, https:\/\/calftel.com\/wp-content\/uploads\/2021\/03\/Untitled-7-300x225.jpg 300w, https:\/\/calftel.com\/wp-content\/uploads\/2021\/03\/Untitled-7-768x576.jpg 768w\" sizes=\"auto, (max-width: 1024px) 100vw, 1024px\" \/><\/figure><\/li><li class=\"blocks-gallery-item\"><figure><img loading=\"lazy\" decoding=\"async\" width=\"1024\" height=\"768\" src=\"https:\/\/calftel.com\/wp-content\/uploads\/2021\/03\/Untitled-8.jpg\" alt=\"\" data-id=\"7497\" data-link=\"https:\/\/calftel.com\/product\/o-series\/17-54\/untitled-8-3\/\" class=\"wp-image-7502\" srcset=\"https:\/\/calftel.com\/wp-content\/uploads\/2021\/03\/Untitled-8.jpg 1024w, https:\/\/calftel.com\/wp-content\/uploads\/2021\/03\/Untitled-8-300x225.jpg 300w, https:\/\/calftel.com\/wp-content\/uploads\/2021\/03\/Untitled-8-768x576.jpg 768w\" sizes=\"auto, (max-width: 1024px) 100vw, 1024px\" \/><\/figure><\/li><li class=\"blocks-gallery-item\"><figure><img loading=\"lazy\" decoding=\"async\" width=\"1024\" height=\"768\" src=\"https:\/\/calftel.com\/wp-content\/uploads\/2021\/03\/Untitled-6.jpg\" alt=\"\" data-id=\"7509\" data-link=\"https:\/\/calftel.com\/product\/o-series\/17-54\/untitled-6-3\/\" class=\"wp-image-7514\" srcset=\"https:\/\/calftel.com\/wp-content\/uploads\/2021\/03\/Untitled-6.jpg 1024w, https:\/\/calftel.com\/wp-content\/uploads\/2021\/03\/Untitled-6-300x225.jpg 300w, https:\/\/calftel.com\/wp-content\/uploads\/2021\/03\/Untitled-6-768x576.jpg 768w\" sizes=\"auto, (max-width: 1024px) 100vw, 1024px\" \/><\/figure><\/li><\/ul><\/figure>\n\n<div class=\"wp-block-group alignfull product-specifications\"><div class=\"wp-block-group__inner-container is-layout-flow wp-block-group-is-layout-flow\">\n<div class=\"wp-block-columns alignwide is-layout-flex wp-container-core-columns-is-layout-9d6595d7 wp-block-columns-is-layout-flex\">\n<div class=\"wp-block-column is-vertically-aligned-center is-layout-flow wp-block-column-is-layout-flow\" style=\"flex-basis:40%\">\n<figure class=\"wp-block-image size-full is-style-zoom\"><img loading=\"lazy\" decoding=\"async\" width=\"1024\" height=\"768\" src=\"https:\/\/calftel.com\/wp-content\/uploads\/2021\/03\/ECS-Dimensions.jpg\" alt=\"\" class=\"wp-image-10239\" srcset=\"https:\/\/calftel.com\/wp-content\/uploads\/2021\/03\/ECS-Dimensions.jpg 1024w, https:\/\/calftel.com\/wp-content\/uploads\/2021\/03\/ECS-Dimensions-300x225.jpg 300w, https:\/\/calftel.com\/wp-content\/uploads\/2021\/03\/ECS-Dimensions-768x576.jpg 768w\" sizes=\"auto, (max-width: 1024px) 100vw, 1024px\" \/><\/figure>\n<\/div>\n\n\n\n<div class=\"wp-block-column is-vertically-aligned-center is-layout-flow wp-block-column-is-layout-flow\">\n<h2 class=\"wp-block-heading\">Especificaciones<\/h2>\n\n\n\n<figure class=\"wp-block-table is-style-regular\"><table><thead><tr><th>Medidas<\/th><th><\/th><\/tr><\/thead><tbody><tr><td><strong>Exterior<\/strong><\/td><td>67\u201d Largo x 48\u201d Ancho x 48\u201d Alto<br\/>170cm x 122cm x 122cm<\/td><\/tr><tr><td><strong>Espacio interior para uso del becerro<\/strong><\/td><td><meta charset=\"utf-8\"\/>57\u201d Largo x 46\u201d Ancho x 46\u201d Alto<br\/>145cm x 117cm x 117cm<\/td><\/tr><tr><td><strong>Peso<\/strong><\/td><td>65 lbs.<br\/>30 kg.<\/td><\/tr><\/tbody><\/table><\/figure>\n<\/div>\n<\/div>\n<\/div><\/div>\n<div id=features-listing-block_60707e5dfbb9c class=\"block-features-listing alignfull\">\n    <div class=\"header\">\n        \n\n<h2 class=\"card-heading wp-block-heading\">Caracter\u00edsticas y ventajas<\/h2>\n\n\n    <\/div>\n\n                        <div class=\"features-list\">\n                                    <div class=\"features-row\">\n                        <div class=\"thumbnail\"><img loading=\"lazy\" decoding=\"async\" width=\"1\" height=\"1\" src=\"https:\/\/calftel.com\/wp-content\/uploads\/2021\/05\/Floor_Base.jpg\" class=\"attachment-large size-large wp-post-image\" alt=\"\" \/><\/div>\n                        <div class=\"content\">\n                            <!-- <h3>Material de suelo de pl\u00e1stico Calf-Tel<\/h3> -->\n                            <div class=\"excerpt\"><!-- wp:heading {\"level\":3,\"translatedWithWPMLTM\":\"1\"} -->\n<h3>Material de suelo de pl\u00e1stico Calf-Tel<\/h3>\n<!-- \/wp:heading --><!-- wp:paragraph {\"translatedWithWPMLTM\":\"1\"} -->\n<p>Innovador suelo estructural de espuma pl\u00e1stica dise\u00f1ado para ser utilizado con madera elevada.<\/p>\n<!-- \/wp:paragraph --><\/div>\n                        <\/div>\n                    <\/div>\n                                    <div class=\"features-row\">\n                        <div class=\"thumbnail\"><img loading=\"lazy\" decoding=\"async\" width=\"1\" height=\"1\" src=\"https:\/\/calftel.com\/wp-content\/uploads\/2021\/05\/Calf-Tel_flooring__IMG_3577-Edit.jpg\" class=\"attachment-large size-large wp-post-image\" alt=\"\" \/><\/div>\n                        <div class=\"content\">\n                            <!-- <h3>Suelo de pl\u00e1stico Calf-Tel<\/h3> -->\n                            <div class=\"excerpt\"><!-- wp:heading {\"level\":3,\"translatedWithWPMLTM\":\"1\"} -->\n<h3>Suelo de pl\u00e1stico Calf-Tel<\/h3>\n<!-- \/wp:heading --><!-- wp:paragraph {\"translatedWithWPMLTM\":\"1\"} -->\n<p>El suelo de pl\u00e1stico de Calf-Tel proporciona una superficie c\u00f3moda para la cr\u00eda de terneros y reduce los problemas de bioseguridad gracias a la mejora de la ventilaci\u00f3n y el paso de los residuos.<\/p>\n<!-- \/wp:paragraph --><\/div>\n                        <\/div>\n                    <\/div>\n                                    <div class=\"features-row\">\n                        <div class=\"thumbnail\"><img loading=\"lazy\" decoding=\"async\" width=\"640\" height=\"444\" src=\"https:\/\/calftel.com\/wp-content\/uploads\/2021\/05\/ECS_Roof-scaled.jpg\" class=\"attachment-large size-large wp-post-image\" alt=\"\" srcset=\"https:\/\/calftel.com\/wp-content\/uploads\/2021\/05\/ECS_Roof-scaled.jpg 2560w, https:\/\/calftel.com\/wp-content\/uploads\/2021\/05\/ECS_Roof-300x208.jpg 300w\" sizes=\"auto, (max-width: 640px) 100vw, 640px\" \/><\/div>\n                        <div class=\"content\">\n                            <!-- <h3>Techo retr\u00e1ctil ECS<\/h3> -->\n                            <div class=\"excerpt\"><!-- wp:heading {\"level\":3,\"translatedWithWPMLTM\":\"1\"} -->\n<h3>Techo retr\u00e1ctil<\/h3>\n<!-- \/wp:heading --><!-- wp:paragraph {\"translatedWithWPMLTM\":\"1\"} -->\n<p>El techo puede abrirse para proporcionar a los becerros luz natural y una mejor ventilaci\u00f3n. El techo puede cerrarse cuando hace mal tiempo para proteger al becerro de las intemperies y mantener secos tanto al becerro como al alimento.<\/p>\n<!-- \/wp:paragraph --><\/div>\n                        <\/div>\n                    <\/div>\n                                    <div class=\"features-row\">\n                        <div class=\"thumbnail\"><img loading=\"lazy\" decoding=\"async\" width=\"640\" height=\"480\" src=\"https:\/\/calftel.com\/wp-content\/uploads\/2021\/05\/ECS_Door-open.png\" class=\"attachment-large size-large wp-post-image\" alt=\"\" srcset=\"https:\/\/calftel.com\/wp-content\/uploads\/2021\/05\/ECS_Door-open.png 3140w, https:\/\/calftel.com\/wp-content\/uploads\/2021\/05\/ECS_Door-open-300x225.png 300w\" sizes=\"auto, (max-width: 640px) 100vw, 640px\" \/><\/div>\n                        <div class=\"content\">\n                            <!-- <h3>Puerta con bisagras ECS<\/h3> -->\n                            <div class=\"excerpt\"><!-- wp:heading {\"level\":3,\"translatedWithWPMLTM\":\"1\"} -->\n<h3>Puerta con bisagra<\/h3>\n<!-- \/wp:heading --><!-- wp:paragraph {\"translatedWithWPMLTM\":\"1\"} -->\n<p>La puerta con bisagras facilita la entrada y salida de los becerros del Sistema Elevado de Becerros.<\/p>\n<!-- \/wp:paragraph --><\/div>\n                        <\/div>\n                    <\/div>\n                                    <div class=\"features-row\">\n                        <div class=\"thumbnail\"><img loading=\"lazy\" decoding=\"async\" width=\"300\" height=\"225\" src=\"https:\/\/calftel.com\/wp-content\/uploads\/2021\/05\/Rear-Vent-Feature.jpg\" class=\"attachment-large size-large wp-post-image\" alt=\"\" \/><\/div>\n                        <div class=\"content\">\n                            <!-- <h3>Ventilaciones posteriores ECS<\/h3> -->\n                            <div class=\"excerpt\"><!-- wp:heading {\"level\":3,\"translatedWithWPMLTM\":\"1\"} -->\n<h3>Ventilaci\u00f3n posterior<\/h3>\n<!-- \/wp:heading --><!-- wp:paragraph {\"translatedWithWPMLTM\":\"1\"} -->\n<p>Las rejillas de ventilaci\u00f3n traseras, cuando se abren, est\u00e1n dise\u00f1adas para proporcionar un flujo de aire superior al de cualquier otra caseta del mercado.<\/p>\n<!-- \/wp:paragraph --><\/div>\n                        <\/div>\n                    <\/div>\n                                <\/div>\n            <\/div><div id=accessories-associated-listing-block_6070b6bd72643 class=\"block-accessories-associated-listing alignfull\">\n    <div class=\"header\">\n        \n\n<h2 class=\"card-heading wp-block-heading\">Accesorios relacionados<\/h2>\n\n\n    <\/div>\n\n        <\/div>\n<p><\/p>\n","protected":false},"excerpt":{"rendered":"<p>El Sistema de casetas elevadas de Calf-Tel 17|54 (ECS)- es un sistema de casetas elevadas de pl\u00e1stico y con control clim\u00e1tico, para los becerros.<\/p>\n","protected":false},"featured_media":2055,"template":"","series":[168],"class_list":["post-8956","product","type-product","status-publish","has-post-thumbnail","hentry","series-series-o"],"acf":[],"yoast_head":"<!-- This site is optimized with the Yoast SEO plugin v27.1.1 - https:\/\/yoast.com\/product\/yoast-seo-wordpress\/ -->\n<title>17 | 54 (ECS) - Calf-Tel<\/title>\n<meta name=\"robots\" content=\"index, follow, max-snippet:-1, max-image-preview:large, max-video-preview:-1\" \/>\n<link rel=\"canonical\" href=\"https:\/\/calftel.com\/es\/product\/series-o\/17-54-ecs\/\" \/>\n<meta property=\"og:locale\" content=\"es_ES\" \/>\n<meta property=\"og:type\" content=\"article\" \/>\n<meta property=\"og:title\" content=\"17 | 54 (ECS) - Calf-Tel\" \/>\n<meta property=\"og:description\" content=\"El Sistema de casetas elevadas de Calf-Tel 17|54 (ECS)- es un sistema de casetas elevadas de pl\u00e1stico y con control clim\u00e1tico, para los becerros.\" \/>\n<meta property=\"og:url\" content=\"https:\/\/calftel.com\/es\/product\/series-o\/17-54-ecs\/\" \/>\n<meta property=\"og:site_name\" content=\"Calf-Tel\" \/>\n<meta property=\"article:publisher\" content=\"https:\/\/www.facebook.com\/calftel\/\" \/>\n<meta property=\"article:modified_time\" content=\"2021-10-28T14:19:51+00:00\" \/>\n<meta property=\"og:image\" content=\"https:\/\/calftel.com\/wp-content\/uploads\/2021\/03\/ECS.png\" \/>\n\t<meta property=\"og:image:width\" content=\"544\" \/>\n\t<meta property=\"og:image:height\" content=\"400\" \/>\n\t<meta property=\"og:image:type\" content=\"image\/png\" \/>\n<meta name=\"twitter:card\" content=\"summary_large_image\" \/>\n<meta name=\"twitter:label1\" content=\"Tiempo de lectura\" \/>\n\t<meta name=\"twitter:data1\" content=\"1 minuto\" \/>\n<script type=\"application\/ld+json\" class=\"yoast-schema-graph\">{\"@context\":\"https:\/\/schema.org\",\"@graph\":[{\"@type\":[\"WebPage\",\"ItemPage\"],\"@id\":\"https:\/\/calftel.com\/es\/product\/series-o\/17-54-ecs\/\",\"url\":\"https:\/\/calftel.com\/es\/product\/series-o\/17-54-ecs\/\",\"name\":\"17 | 54 (ECS) - Calf-Tel\",\"isPartOf\":{\"@id\":\"https:\/\/calftel.com\/es\/#website\"},\"primaryImageOfPage\":{\"@id\":\"https:\/\/calftel.com\/es\/product\/series-o\/17-54-ecs\/#primaryimage\"},\"image\":{\"@id\":\"https:\/\/calftel.com\/es\/product\/series-o\/17-54-ecs\/#primaryimage\"},\"thumbnailUrl\":\"https:\/\/calftel.com\/wp-content\/uploads\/2021\/03\/ECS.png\",\"datePublished\":\"2021-08-26T21:08:22+00:00\",\"dateModified\":\"2021-10-28T14:19:51+00:00\",\"breadcrumb\":{\"@id\":\"https:\/\/calftel.com\/es\/product\/series-o\/17-54-ecs\/#breadcrumb\"},\"inLanguage\":\"es\",\"potentialAction\":[{\"@type\":\"ReadAction\",\"target\":[\"https:\/\/calftel.com\/es\/product\/series-o\/17-54-ecs\/\"]}]},{\"@type\":\"ImageObject\",\"inLanguage\":\"es\",\"@id\":\"https:\/\/calftel.com\/es\/product\/series-o\/17-54-ecs\/#primaryimage\",\"url\":\"https:\/\/calftel.com\/wp-content\/uploads\/2021\/03\/ECS.png\",\"contentUrl\":\"https:\/\/calftel.com\/wp-content\/uploads\/2021\/03\/ECS.png\",\"width\":544,\"height\":400},{\"@type\":\"BreadcrumbList\",\"@id\":\"https:\/\/calftel.com\/es\/product\/series-o\/17-54-ecs\/#breadcrumb\",\"itemListElement\":[{\"@type\":\"ListItem\",\"position\":1,\"name\":\"Home\",\"item\":\"https:\/\/calftel.com\/es\/\"},{\"@type\":\"ListItem\",\"position\":2,\"name\":\"Series-O\",\"item\":\"https:\/\/calftel.com\/es\/series\/series-o\/\"},{\"@type\":\"ListItem\",\"position\":3,\"name\":\"17 | 54 (ECS)\"}]},{\"@type\":\"WebSite\",\"@id\":\"https:\/\/calftel.com\/es\/#website\",\"url\":\"https:\/\/calftel.com\/es\/\",\"name\":\"Calf-Tel\",\"description\":\"Calf Hutch Experts\",\"publisher\":{\"@id\":\"https:\/\/calftel.com\/es\/#organization\"},\"potentialAction\":[{\"@type\":\"SearchAction\",\"target\":{\"@type\":\"EntryPoint\",\"urlTemplate\":\"https:\/\/calftel.com\/es\/?s={search_term_string}\"},\"query-input\":{\"@type\":\"PropertyValueSpecification\",\"valueRequired\":true,\"valueName\":\"search_term_string\"}}],\"inLanguage\":\"es\"},{\"@type\":\"Organization\",\"@id\":\"https:\/\/calftel.com\/es\/#organization\",\"name\":\"Calf-Tel by Hampel\",\"url\":\"https:\/\/calftel.com\/es\/\",\"logo\":{\"@type\":\"ImageObject\",\"inLanguage\":\"es\",\"@id\":\"https:\/\/calftel.com\/es\/#\/schema\/logo\/image\/\",\"url\":\"https:\/\/calftel.com\/wp-content\/uploads\/2021\/11\/Hampels-CalfTel-USA-EST-1981-Color.png\",\"contentUrl\":\"https:\/\/calftel.com\/wp-content\/uploads\/2021\/11\/Hampels-CalfTel-USA-EST-1981-Color.png\",\"width\":1080,\"height\":516,\"caption\":\"Calf-Tel by Hampel\"},\"image\":{\"@id\":\"https:\/\/calftel.com\/es\/#\/schema\/logo\/image\/\"},\"sameAs\":[\"https:\/\/www.facebook.com\/calftel\/\",\"https:\/\/www.instagram.com\/calftel\/\",\"https:\/\/linkedin.com\/company\/calf-tel\/\",\"https:\/\/www.youtube.com\/channel\/UCq73euoWhx5k1kOjHBHXM_g\"]}]}<\/script>\n<!-- \/ Yoast SEO plugin. -->","yoast_head_json":{"title":"17 | 54 (ECS) - Calf-Tel","robots":{"index":"index","follow":"follow","max-snippet":"max-snippet:-1","max-image-preview":"max-image-preview:large","max-video-preview":"max-video-preview:-1"},"canonical":"https:\/\/calftel.com\/es\/product\/series-o\/17-54-ecs\/","og_locale":"es_ES","og_type":"article","og_title":"17 | 54 (ECS) - Calf-Tel","og_description":"El Sistema de casetas elevadas de Calf-Tel 17|54 (ECS)- es un sistema de casetas elevadas de pl\u00e1stico y con control clim\u00e1tico, para los becerros.","og_url":"https:\/\/calftel.com\/es\/product\/series-o\/17-54-ecs\/","og_site_name":"Calf-Tel","article_publisher":"https:\/\/www.facebook.com\/calftel\/","article_modified_time":"2021-10-28T14:19:51+00:00","og_image":[{"width":544,"height":400,"url":"https:\/\/calftel.com\/wp-content\/uploads\/2021\/03\/ECS.png","type":"image\/png"}],"twitter_card":"summary_large_image","twitter_misc":{"Tiempo de lectura":"1 minuto"},"schema":{"@context":"https:\/\/schema.org","@graph":[{"@type":["WebPage","ItemPage"],"@id":"https:\/\/calftel.com\/es\/product\/series-o\/17-54-ecs\/","url":"https:\/\/calftel.com\/es\/product\/series-o\/17-54-ecs\/","name":"17 | 54 (ECS) - Calf-Tel","isPartOf":{"@id":"https:\/\/calftel.com\/es\/#website"},"primaryImageOfPage":{"@id":"https:\/\/calftel.com\/es\/product\/series-o\/17-54-ecs\/#primaryimage"},"image":{"@id":"https:\/\/calftel.com\/es\/product\/series-o\/17-54-ecs\/#primaryimage"},"thumbnailUrl":"https:\/\/calftel.com\/wp-content\/uploads\/2021\/03\/ECS.png","datePublished":"2021-08-26T21:08:22+00:00","dateModified":"2021-10-28T14:19:51+00:00","breadcrumb":{"@id":"https:\/\/calftel.com\/es\/product\/series-o\/17-54-ecs\/#breadcrumb"},"inLanguage":"es","potentialAction":[{"@type":"ReadAction","target":["https:\/\/calftel.com\/es\/product\/series-o\/17-54-ecs\/"]}]},{"@type":"ImageObject","inLanguage":"es","@id":"https:\/\/calftel.com\/es\/product\/series-o\/17-54-ecs\/#primaryimage","url":"https:\/\/calftel.com\/wp-content\/uploads\/2021\/03\/ECS.png","contentUrl":"https:\/\/calftel.com\/wp-content\/uploads\/2021\/03\/ECS.png","width":544,"height":400},{"@type":"BreadcrumbList","@id":"https:\/\/calftel.com\/es\/product\/series-o\/17-54-ecs\/#breadcrumb","itemListElement":[{"@type":"ListItem","position":1,"name":"Home","item":"https:\/\/calftel.com\/es\/"},{"@type":"ListItem","position":2,"name":"Series-O","item":"https:\/\/calftel.com\/es\/series\/series-o\/"},{"@type":"ListItem","position":3,"name":"17 | 54 (ECS)"}]},{"@type":"WebSite","@id":"https:\/\/calftel.com\/es\/#website","url":"https:\/\/calftel.com\/es\/","name":"Calf-Tel","description":"Calf Hutch Experts","publisher":{"@id":"https:\/\/calftel.com\/es\/#organization"},"potentialAction":[{"@type":"SearchAction","target":{"@type":"EntryPoint","urlTemplate":"https:\/\/calftel.com\/es\/?s={search_term_string}"},"query-input":{"@type":"PropertyValueSpecification","valueRequired":true,"valueName":"search_term_string"}}],"inLanguage":"es"},{"@type":"Organization","@id":"https:\/\/calftel.com\/es\/#organization","name":"Calf-Tel by Hampel","url":"https:\/\/calftel.com\/es\/","logo":{"@type":"ImageObject","inLanguage":"es","@id":"https:\/\/calftel.com\/es\/#\/schema\/logo\/image\/","url":"https:\/\/calftel.com\/wp-content\/uploads\/2021\/11\/Hampels-CalfTel-USA-EST-1981-Color.png","contentUrl":"https:\/\/calftel.com\/wp-content\/uploads\/2021\/11\/Hampels-CalfTel-USA-EST-1981-Color.png","width":1080,"height":516,"caption":"Calf-Tel by Hampel"},"image":{"@id":"https:\/\/calftel.com\/es\/#\/schema\/logo\/image\/"},"sameAs":["https:\/\/www.facebook.com\/calftel\/","https:\/\/www.instagram.com\/calftel\/","https:\/\/linkedin.com\/company\/calf-tel\/","https:\/\/www.youtube.com\/channel\/UCq73euoWhx5k1kOjHBHXM_g"]}]}},"_links":{"self":[{"href":"https:\/\/calftel.com\/es\/wp-json\/wp\/v2\/product\/8956","targetHints":{"allow":["GET"]}}],"collection":[{"href":"https:\/\/calftel.com\/es\/wp-json\/wp\/v2\/product"}],"about":[{"href":"https:\/\/calftel.com\/es\/wp-json\/wp\/v2\/types\/product"}],"wp:featuredmedia":[{"embeddable":true,"href":"https:\/\/calftel.com\/es\/wp-json\/wp\/v2\/media\/2055"}],"wp:attachment":[{"href":"https:\/\/calftel.com\/es\/wp-json\/wp\/v2\/media?parent=8956"}],"wp:term":[{"taxonomy":"series","embeddable":true,"href":"https:\/\/calftel.com\/es\/wp-json\/wp\/v2\/series?post=8956"}],"curies":[{"name":"wp","href":"https:\/\/api.w.org\/{rel}","templated":true}]}}