{"id":9138,"date":"2021-08-31T18:02:17","date_gmt":"2021-08-31T18:02:17","guid":{"rendered":"https:\/\/calftel.com\/product\/%series%\/15-54-sistema-iniciador-individual\/"},"modified":"2021-09-14T19:41:08","modified_gmt":"2021-09-14T19:41:08","slug":"15-54-sistema-iniciador-individual","status":"publish","type":"product","link":"https:\/\/calftel.com\/es\/product\/serie-s-es\/15-54-sistema-iniciador-individual\/","title":{"rendered":"15 | 54 (Sistema Iniciador Individual)"},"content":{"rendered":"\n<div class=\"wp-block-cover alignfull has-background-dim-40 has-background-dim pattern-hero-product gt-remove-margin-top\"><img loading=\"lazy\" decoding=\"async\" width=\"2000\" height=\"600\" class=\"wp-block-cover__image-background wp-image-9760\" alt=\"\" src=\"https:\/\/calftel.com\/wp-content\/uploads\/2021\/03\/S-Series-Hero-Image-1.jpg\" data-object-fit=\"cover\" srcset=\"https:\/\/calftel.com\/wp-content\/uploads\/2021\/03\/S-Series-Hero-Image-1.jpg 2000w, https:\/\/calftel.com\/wp-content\/uploads\/2021\/03\/S-Series-Hero-Image-1-300x90.jpg 300w, https:\/\/calftel.com\/wp-content\/uploads\/2021\/03\/S-Series-Hero-Image-1-1024x307.jpg 1024w, https:\/\/calftel.com\/wp-content\/uploads\/2021\/03\/S-Series-Hero-Image-1-768x230.jpg 768w, https:\/\/calftel.com\/wp-content\/uploads\/2021\/03\/S-Series-Hero-Image-1-1536x461.jpg 1536w\" sizes=\"auto, (max-width: 2000px) 100vw, 2000px\" \/><div class=\"wp-block-cover__inner-container is-layout-flow wp-block-cover-is-layout-flow\">\n<p class=\"has-text-align-center hero-product-series gt-remove-margin-bottom\"><strong>Serie-S<\/strong><\/p>\n\n\n\n<h1 class=\"alignwide has-text-align-center hero-product-name gt-remove-margin-top gt-remove-margin-bottom wp-block-heading\">15 | 54 (Sistema Iniciador Individual)<\/h1>\n<\/div><\/div>\n\n<div class=\"wp-block-columns alignwide pattern-product-intro is-layout-flex wp-container-core-columns-is-layout-9d6595d7 wp-block-columns-is-layout-flex\">\n<div class=\"wp-block-column is-vertically-aligned-center is-layout-flow wp-block-column-is-layout-flow\" style=\"flex-basis:40%\">\n<h5 class=\"wp-block-heading\">Mejore el futuro de sus becerros d\u00e1ndoles un gran comienzo.<\/h5>\n\n\n\n<p>F\u00e1cil y c\u00f3modo para el productor, mantener a sus becerros seguros, secos y abrigados nunca ha sido tan f\u00e1cil con el sistema iniciador individual. Construido pensando en el becerro y en el productor, el 15|54 incluye muchas caracter\u00edsticas incorporadas y opciones adicionales. <\/p>\n\n\n\n<p>El sistema iniciador 15|54 ayuda a completar el programa completo de becerros de Calf-Tel, desde su nacimiento hasta el destete.<\/p>\n\n\n\n<ul class=\"wp-block-list\"><li>Asa met\u00e1lica superior para facilitar el manejo<\/li><li>M\u00faltiples ranuras para ajustar el flujo de aire y la ventilaci\u00f3n<\/li><li>Puerta delantera con borde bajo para facilitar el acceso de los becerros<\/li><li>Base de extrusi\u00f3n totalmente pl\u00e1stica con flexibilidad estructurada<\/li><li>Cerradura segura: f\u00e1cil de abrir con una sola mano<\/li><li>Techo opcional para climas fr\u00edos o uso en exteriores, tambi\u00e9n se puede equipar con una l\u00e1mpara de calor<\/li><li>Base de acero opcional que puede equiparse con anclajes o ruedas<\/li><\/ul>\n\n\n<div id=accessories-associated-listing-block_6074ebbb6e6ae class=\"block-product-docs alignwide\">\n                        <ul class=\"doc-listing\">\n                                    <li class=\"doc-item\">\n                        <a href=\"https:\/\/calftel.com\/wp-content\/uploads\/2021\/04\/HampelsCalfTel-Starter-System-Assembly-Instructions_2021_8_3.pdf\" target=\"_blank\">\n                            <!--                                 Assembly Instructions\n                             -->\n                            Starter System Assembly Instructions                        <\/a>\n                    <\/li>\n                                <\/ul>\n            <\/div>\n\n\n<div class=\"wp-block-buttons is-layout-flex wp-block-buttons-is-layout-flex\">\n<div class=\"wp-block-button is-style-fill\"><a class=\"wp-block-button__link has-very-dark-gray-color has-very-light-gray-background-color has-text-color has-background\" href=\"https:\/\/calftel.com\/es\/accessories\/\">Tienda de Accesorios<\/a><\/div>\n\n\n\n<div class=\"wp-block-button is-style-secondary-fill\"><a class=\"wp-block-button__link\" href=\"\/personalizador\">Personalizaci\u00f3n de productos<\/a><\/div>\n<\/div>\n<\/div>\n\n\n\n<div class=\"wp-block-column is-vertically-aligned-center is-layout-flow wp-block-column-is-layout-flow\">\n<figure class=\"wp-block-image size-large is-style-zoom\"><img decoding=\"async\" src=\"https:\/\/calftel.com\/wp-content\/uploads\/2021\/05\/15-54-No-Base.png\" alt=\"\"\/><figcaption><strong>15|54 Naming Defined:<\/strong><br\/><strong>1.5 Interior Square Meters | 5\u2019x4\u2032 Exterior Footprint<\/strong><\/figcaption><\/figure>\n<\/div>\n<\/div>\n\n<figure class=\"wp-block-embed alignwide is-type-video is-provider-youtube wp-block-embed-youtube wp-embed-aspect-16-9 wp-has-aspect-ratio\"><div class=\"wp-block-embed__wrapper\">\n<iframe loading=\"lazy\" title=\"Calf Tel Starter System\" width=\"640\" height=\"360\" src=\"https:\/\/www.youtube.com\/embed\/9pxtcwdcehs?feature=oembed\" frameborder=\"0\" allow=\"accelerometer; autoplay; clipboard-write; encrypted-media; gyroscope; picture-in-picture; web-share\" referrerpolicy=\"strict-origin-when-cross-origin\" allowfullscreen><\/iframe>\n<\/div><\/figure>\n\n<div class=\"wp-block-blockgallery-masonry alignwide\"><div class=\"blockgallery has-caption-style-dark has-gutter\"><ul class=\"has-grid-xlrg has-gutter-15 has-gutter-mobile-15\"><li class=\"blockgallery--item\"><figure class=\"blockgallery--figure\"><img loading=\"lazy\" decoding=\"async\" width=\"1024\" height=\"768\" src=\"https:\/\/calftel.com\/wp-content\/uploads\/2021\/03\/15-54-Leg-Base-1.png\" alt=\"\" data-id=\"5031\" data-link=\"https:\/\/calftel.com\/product\/s-series\/15-54\/15-54-leg-base-2\/\" class=\"wp-image-5036\" srcset=\"https:\/\/calftel.com\/wp-content\/uploads\/2021\/03\/15-54-Leg-Base-1.png 1024w, https:\/\/calftel.com\/wp-content\/uploads\/2021\/03\/15-54-Leg-Base-1-300x225.png 300w, https:\/\/calftel.com\/wp-content\/uploads\/2021\/03\/15-54-Leg-Base-1-768x576.png 768w\" sizes=\"auto, (max-width: 1024px) 100vw, 1024px\" \/><\/figure><\/li><li class=\"blockgallery--item\"><figure class=\"blockgallery--figure\"><img loading=\"lazy\" decoding=\"async\" width=\"1024\" height=\"768\" src=\"https:\/\/calftel.com\/wp-content\/uploads\/2021\/03\/15-54-Wheel-Base-1.png\" alt=\"\" data-id=\"5037\" data-link=\"https:\/\/calftel.com\/product\/s-series\/15-54\/15-54-wheel-base-2\/\" class=\"wp-image-5042\" srcset=\"https:\/\/calftel.com\/wp-content\/uploads\/2021\/03\/15-54-Wheel-Base-1.png 1024w, https:\/\/calftel.com\/wp-content\/uploads\/2021\/03\/15-54-Wheel-Base-1-300x225.png 300w, https:\/\/calftel.com\/wp-content\/uploads\/2021\/03\/15-54-Wheel-Base-1-768x576.png 768w\" sizes=\"auto, (max-width: 1024px) 100vw, 1024px\" \/><\/figure><\/li><\/ul><\/div><\/div>\n\n<div class=\"wp-block-group alignfull product-specifications\"><div class=\"wp-block-group__inner-container is-layout-flow wp-block-group-is-layout-flow\">\n<div class=\"wp-block-columns alignwide is-layout-flex wp-container-core-columns-is-layout-9d6595d7 wp-block-columns-is-layout-flex\">\n<div class=\"wp-block-column is-vertically-aligned-center is-layout-flow wp-block-column-is-layout-flow\" style=\"flex-basis:40%\">\n<figure class=\"wp-block-image is-style-zoom\"><img loading=\"lazy\" decoding=\"async\" width=\"2000\" height=\"1500\" src=\"https:\/\/calftel.com\/wp-content\/uploads\/2021\/05\/15-54-no-base-dimensions-1.jpg\" alt=\"\" class=\"wp-image-5029\" srcset=\"https:\/\/calftel.com\/wp-content\/uploads\/2021\/05\/15-54-no-base-dimensions-1.jpg 2000w, https:\/\/calftel.com\/wp-content\/uploads\/2021\/05\/15-54-no-base-dimensions-1-300x225.jpg 300w, https:\/\/calftel.com\/wp-content\/uploads\/2021\/05\/15-54-no-base-dimensions-1-1024x768.jpg 1024w, https:\/\/calftel.com\/wp-content\/uploads\/2021\/05\/15-54-no-base-dimensions-1-768x576.jpg 768w, https:\/\/calftel.com\/wp-content\/uploads\/2021\/05\/15-54-no-base-dimensions-1-1536x1152.jpg 1536w\" sizes=\"auto, (max-width: 2000px) 100vw, 2000px\" \/><\/figure>\n<\/div>\n\n\n\n<div class=\"wp-block-column is-vertically-aligned-center is-layout-flow wp-block-column-is-layout-flow\">\n<h2 class=\"wp-block-heading\">Especificaciones<\/h2>\n\n\n\n<figure class=\"wp-block-table is-style-regular\"><table><thead><tr><th>Medidas<\/th><th><\/th><\/tr><\/thead><tbody><tr><td><strong>Exterior<\/strong><\/td><td>59.9\u201d Largo x 45\u201d Ancho x 45\u201d Alto<br\/>152cm x 114.3cm x 114.3cm<\/td><\/tr><tr><td><strong>Espacio interior para uso del becerro<\/strong><\/td><td><meta charset=\"utf-8\"\/>54\u201d Largo x 38.8\u201d Ancho x 39.2\u201d Alto<br\/>137cm x 98.5cm x 99.5cm<\/td><\/tr><tr><td><strong>Peso de la caseta<\/strong><\/td><td>68.5 lbs.<br\/>31 kg.<\/td><\/tr><tr><td><strong>Peso de la caseta con base de ruedas<\/strong><\/td><td>98 lbs.<br\/>44 kg.<\/td><\/tr><tr><td><strong>Peso de la caseta con base de anclajes<\/strong><\/td><td>86 lbs.<br\/>39 kg.<\/td><\/tr><\/tbody><\/table><\/figure>\n<\/div>\n<\/div>\n<\/div><\/div>\n<div id=features-listing-block_60707e5dfbb9c class=\"block-features-listing alignfull\">\n    <div class=\"header\">\n        \n\n<h2 class=\"card-heading wp-block-heading\">Caracter\u00edsticas y ventajas<\/h2>\n\n\n    <\/div>\n\n                        <div class=\"features-list\">\n                                    <div class=\"features-row\">\n                        <div class=\"thumbnail\"><img loading=\"lazy\" decoding=\"async\" width=\"640\" height=\"480\" src=\"https:\/\/calftel.com\/wp-content\/uploads\/2021\/05\/OptionalCoverandHeatlamp.jpg\" class=\"attachment-large size-large wp-post-image\" alt=\"\" srcset=\"https:\/\/calftel.com\/wp-content\/uploads\/2021\/05\/OptionalCoverandHeatlamp.jpg 800w, https:\/\/calftel.com\/wp-content\/uploads\/2021\/05\/OptionalCoverandHeatlamp-300x225.jpg 300w, https:\/\/calftel.com\/wp-content\/uploads\/2021\/05\/OptionalCoverandHeatlamp-768x576.jpg 768w\" sizes=\"auto, (max-width: 640px) 100vw, 640px\" \/><\/div>\n                        <div class=\"content\">\n                            <!-- <h3>Cubierta y l\u00e1mpara de calor opcionales del sistema de arranque<\/h3> -->\n                            <div class=\"excerpt\"><!-- wp:heading {\"level\":3,\"translatedWithWPMLTM\":\"1\"} -->\n<h3>Cubierta y l\u00e1mpara de calor opcionales<\/h3>\n<!-- \/wp:heading --><!-- wp:paragraph {\"translatedWithWPMLTM\":\"1\"} -->\n<p>Se pueden agregar cubiertas a parte o toda la parte superior de la unidad. Esto puede permitirle usar la unidad al aire libre, as\u00ed como tambi\u00e9n ayudar a mantener caliente al ternero. Se puede agregar una l\u00e1mpara de calor para usar la unidad como calentador.<\/p>\n<!-- \/wp:paragraph --><\/div>\n                        <\/div>\n                    <\/div>\n                                    <div class=\"features-row\">\n                        <div class=\"thumbnail\"><img loading=\"lazy\" decoding=\"async\" width=\"640\" height=\"480\" src=\"https:\/\/calftel.com\/wp-content\/uploads\/2021\/09\/Starter-System-Wheel-Kit.png\" class=\"attachment-large size-large wp-post-image\" alt=\"\" srcset=\"https:\/\/calftel.com\/wp-content\/uploads\/2021\/09\/Starter-System-Wheel-Kit.png 800w, https:\/\/calftel.com\/wp-content\/uploads\/2021\/09\/Starter-System-Wheel-Kit-300x225.png 300w, https:\/\/calftel.com\/wp-content\/uploads\/2021\/09\/Starter-System-Wheel-Kit-768x576.png 768w\" sizes=\"auto, (max-width: 640px) 100vw, 640px\" \/><\/div>\n                        <div class=\"content\">\n                            <!-- <h3>Ruedas delanteras-Sistema de inicio<\/h3> -->\n                            <div class=\"excerpt\"><!-- wp:heading {\"level\":3,\"translatedWithWPMLTM\":\"1\"} -->\n<h3>Ruedas delanteras opcionales<\/h3>\n<!-- \/wp:heading --><!-- wp:paragraph {\"translatedWithWPMLTM\":\"1\"} -->\n<p>Unidad de inicio c\u00f3modamente inclinada para facilitar la movilidad y la reubicaci\u00f3n.<\/p>\n<!-- \/wp:paragraph --><\/div>\n                        <\/div>\n                    <\/div>\n                                    <div class=\"features-row\">\n                        <div class=\"thumbnail\"><img loading=\"lazy\" decoding=\"async\" width=\"640\" height=\"480\" src=\"https:\/\/calftel.com\/wp-content\/uploads\/2021\/05\/Easy-Flip-Up-Starter-System.png\" class=\"attachment-large size-large wp-post-image\" alt=\"\" srcset=\"https:\/\/calftel.com\/wp-content\/uploads\/2021\/05\/Easy-Flip-Up-Starter-System.png 800w, https:\/\/calftel.com\/wp-content\/uploads\/2021\/05\/Easy-Flip-Up-Starter-System-300x225.png 300w, https:\/\/calftel.com\/wp-content\/uploads\/2021\/05\/Easy-Flip-Up-Starter-System-768x576.png 768w\" sizes=\"auto, (max-width: 640px) 100vw, 640px\" \/><\/div>\n                        <div class=\"content\">\n                            <!-- <h3>Sistema de Inicio F\u00e1cil de Voltear<\/h3> -->\n                            <div class=\"excerpt\"><!-- wp:heading {\"level\":3,\"translatedWithWPMLTM\":\"1\"} -->\n<h3>F\u00e1cil de girar<\/h3>\n<!-- \/wp:heading --><!-- wp:paragraph {\"translatedWithWPMLTM\":\"1\"} -->\n<p>Las fuertes bisagras posteriores permiten voltear f\u00e1cilmente las casetas de inicio y limpiar las casetas, el suelo y la base.<\/p>\n<!-- \/wp:paragraph --><\/div>\n                        <\/div>\n                    <\/div>\n                                    <div class=\"features-row\">\n                        <div class=\"thumbnail\"><img loading=\"lazy\" decoding=\"async\" width=\"640\" height=\"480\" src=\"https:\/\/calftel.com\/wp-content\/uploads\/2021\/06\/Starter-System-Optional-Floor-and-Base.png\" class=\"attachment-large size-large wp-post-image\" alt=\"\" srcset=\"https:\/\/calftel.com\/wp-content\/uploads\/2021\/06\/Starter-System-Optional-Floor-and-Base.png 800w, https:\/\/calftel.com\/wp-content\/uploads\/2021\/06\/Starter-System-Optional-Floor-and-Base-300x225.png 300w, https:\/\/calftel.com\/wp-content\/uploads\/2021\/06\/Starter-System-Optional-Floor-and-Base-768x576.png 768w\" sizes=\"auto, (max-width: 640px) 100vw, 640px\" \/><\/div>\n                        <div class=\"content\">\n                            <!-- <h3>Sistema de iniciaci\u00f3n Suelo y base opcionales<\/h3> -->\n                            <div class=\"excerpt\"><!-- wp:heading {\"level\":3,\"translatedWithWPMLTM\":\"1\"} -->\n<h3>Suelo y base opcionales<\/h3>\n<!-- \/wp:heading --><!-- wp:paragraph {\"translatedWithWPMLTM\":\"1\"} -->\n<p>La base de acero duradera, que puede equiparse con patas o ruedas, que elevan la unidad de iniciaci\u00f3n del suelo. El suelo de pl\u00e1stico de Calf-Tel proporciona un terreno duradero y estable para el becerro. El dise\u00f1o abierto permite un flujo de aire adicional y el paso de los residuos.<\/p>\n<!-- \/wp:paragraph --><\/div>\n                        <\/div>\n                    <\/div>\n                                    <div class=\"features-row\">\n                        <div class=\"thumbnail\"><img loading=\"lazy\" decoding=\"async\" width=\"640\" height=\"480\" src=\"https:\/\/calftel.com\/wp-content\/uploads\/2021\/06\/Starter-System-Adjustable-Ventilation.jpg\" class=\"attachment-large size-large wp-post-image\" alt=\"\" srcset=\"https:\/\/calftel.com\/wp-content\/uploads\/2021\/06\/Starter-System-Adjustable-Ventilation.jpg 800w, https:\/\/calftel.com\/wp-content\/uploads\/2021\/06\/Starter-System-Adjustable-Ventilation-300x225.jpg 300w, https:\/\/calftel.com\/wp-content\/uploads\/2021\/06\/Starter-System-Adjustable-Ventilation-768x576.jpg 768w\" sizes=\"auto, (max-width: 640px) 100vw, 640px\" \/><\/div>\n                        <div class=\"content\">\n                            <!-- <h3>Ventilaci\u00f3n ajustable del sistema de iniciaci\u00f3n<\/h3> -->\n                            <div class=\"excerpt\"><!-- wp:heading {\"level\":3,\"translatedWithWPMLTM\":\"1\"} -->\n<h3>Ventilaci\u00f3n ajustable<\/h3>\n<!-- \/wp:heading --><!-- wp:paragraph {\"translatedWithWPMLTM\":\"1\"} -->\n<p>El flujo de aire adecuado es uno de los aspectos m\u00e1s importantes de la salud de los becerros. Nuestro sistema de ventilaci\u00f3n ajustable le permite crear el microambiente perfecto para sus becerros.<\/p>\n<!-- \/wp:paragraph --><\/div>\n                        <\/div>\n                    <\/div>\n                                <\/div>\n            <\/div><div id=accessories-associated-listing-block_6070b6bd72643 class=\"block-accessories-associated-listing alignfull\">\n    <div class=\"header\">\n        \n\n<h2 class=\"card-heading wp-block-heading\">Accesorios relacionados<\/h2>\n\n\n    <\/div>\n\n        <\/div>","protected":false},"excerpt":{"rendered":"<p>Un sistema Iniciador COMPLETO, dise\u00f1ado para los becerros reci\u00e9n nacidos y para los productores que cuidan de ellos.<\/p>\n","protected":false},"featured_media":4999,"template":"","series":[171],"class_list":["post-9138","product","type-product","status-publish","has-post-thumbnail","hentry","series-serie-s-es"],"acf":[],"yoast_head":"<!-- This site is optimized with the Yoast SEO plugin v27.1.1 - https:\/\/yoast.com\/product\/yoast-seo-wordpress\/ -->\n<title>15 | 54 (Sistema Iniciador Individual) - Calf-Tel<\/title>\n<meta name=\"robots\" content=\"index, follow, max-snippet:-1, max-image-preview:large, max-video-preview:-1\" \/>\n<link rel=\"canonical\" href=\"https:\/\/calftel.com\/es\/product\/serie-s-es\/15-54-sistema-iniciador-individual\/\" \/>\n<meta property=\"og:locale\" content=\"es_ES\" \/>\n<meta property=\"og:type\" content=\"article\" \/>\n<meta property=\"og:title\" content=\"15 | 54 (Sistema Iniciador Individual) - Calf-Tel\" \/>\n<meta property=\"og:description\" content=\"Un sistema Iniciador COMPLETO, dise\u00f1ado para los becerros reci\u00e9n nacidos y para los productores que cuidan de ellos.\" \/>\n<meta property=\"og:url\" content=\"https:\/\/calftel.com\/es\/product\/serie-s-es\/15-54-sistema-iniciador-individual\/\" \/>\n<meta property=\"og:site_name\" content=\"Calf-Tel\" \/>\n<meta property=\"article:publisher\" content=\"https:\/\/www.facebook.com\/calftel\/\" \/>\n<meta property=\"article:modified_time\" content=\"2021-09-14T19:41:08+00:00\" \/>\n<meta property=\"og:image\" content=\"https:\/\/calftel.com\/wp-content\/uploads\/2021\/05\/15-54-No-Base.png\" \/>\n\t<meta property=\"og:image:width\" content=\"1024\" \/>\n\t<meta property=\"og:image:height\" content=\"768\" \/>\n\t<meta property=\"og:image:type\" content=\"image\/png\" \/>\n<meta name=\"twitter:card\" content=\"summary_large_image\" \/>\n<meta name=\"twitter:label1\" content=\"Tiempo de lectura\" \/>\n\t<meta name=\"twitter:data1\" content=\"1 minuto\" \/>\n<script type=\"application\/ld+json\" class=\"yoast-schema-graph\">{\"@context\":\"https:\/\/schema.org\",\"@graph\":[{\"@type\":[\"WebPage\",\"ItemPage\"],\"@id\":\"https:\/\/calftel.com\/es\/product\/serie-s-es\/15-54-sistema-iniciador-individual\/\",\"url\":\"https:\/\/calftel.com\/es\/product\/serie-s-es\/15-54-sistema-iniciador-individual\/\",\"name\":\"15 | 54 (Sistema Iniciador Individual) - Calf-Tel\",\"isPartOf\":{\"@id\":\"https:\/\/calftel.com\/es\/#website\"},\"primaryImageOfPage\":{\"@id\":\"https:\/\/calftel.com\/es\/product\/serie-s-es\/15-54-sistema-iniciador-individual\/#primaryimage\"},\"image\":{\"@id\":\"https:\/\/calftel.com\/es\/product\/serie-s-es\/15-54-sistema-iniciador-individual\/#primaryimage\"},\"thumbnailUrl\":\"https:\/\/calftel.com\/wp-content\/uploads\/2021\/05\/15-54-No-Base.png\",\"datePublished\":\"2021-08-31T18:02:17+00:00\",\"dateModified\":\"2021-09-14T19:41:08+00:00\",\"breadcrumb\":{\"@id\":\"https:\/\/calftel.com\/es\/product\/serie-s-es\/15-54-sistema-iniciador-individual\/#breadcrumb\"},\"inLanguage\":\"es\",\"potentialAction\":[{\"@type\":\"ReadAction\",\"target\":[\"https:\/\/calftel.com\/es\/product\/serie-s-es\/15-54-sistema-iniciador-individual\/\"]}]},{\"@type\":\"ImageObject\",\"inLanguage\":\"es\",\"@id\":\"https:\/\/calftel.com\/es\/product\/serie-s-es\/15-54-sistema-iniciador-individual\/#primaryimage\",\"url\":\"https:\/\/calftel.com\/wp-content\/uploads\/2021\/05\/15-54-No-Base.png\",\"contentUrl\":\"https:\/\/calftel.com\/wp-content\/uploads\/2021\/05\/15-54-No-Base.png\",\"width\":1024,\"height\":768},{\"@type\":\"BreadcrumbList\",\"@id\":\"https:\/\/calftel.com\/es\/product\/serie-s-es\/15-54-sistema-iniciador-individual\/#breadcrumb\",\"itemListElement\":[{\"@type\":\"ListItem\",\"position\":1,\"name\":\"Home\",\"item\":\"https:\/\/calftel.com\/es\/\"},{\"@type\":\"ListItem\",\"position\":2,\"name\":\"Serie-S\",\"item\":\"https:\/\/calftel.com\/es\/series\/serie-s-es\/\"},{\"@type\":\"ListItem\",\"position\":3,\"name\":\"15 | 54 (Sistema Iniciador Individual)\"}]},{\"@type\":\"WebSite\",\"@id\":\"https:\/\/calftel.com\/es\/#website\",\"url\":\"https:\/\/calftel.com\/es\/\",\"name\":\"Calf-Tel\",\"description\":\"Calf Hutch Experts\",\"publisher\":{\"@id\":\"https:\/\/calftel.com\/es\/#organization\"},\"potentialAction\":[{\"@type\":\"SearchAction\",\"target\":{\"@type\":\"EntryPoint\",\"urlTemplate\":\"https:\/\/calftel.com\/es\/?s={search_term_string}\"},\"query-input\":{\"@type\":\"PropertyValueSpecification\",\"valueRequired\":true,\"valueName\":\"search_term_string\"}}],\"inLanguage\":\"es\"},{\"@type\":\"Organization\",\"@id\":\"https:\/\/calftel.com\/es\/#organization\",\"name\":\"Calf-Tel by Hampel\",\"url\":\"https:\/\/calftel.com\/es\/\",\"logo\":{\"@type\":\"ImageObject\",\"inLanguage\":\"es\",\"@id\":\"https:\/\/calftel.com\/es\/#\/schema\/logo\/image\/\",\"url\":\"https:\/\/calftel.com\/wp-content\/uploads\/2021\/11\/Hampels-CalfTel-USA-EST-1981-Color.png\",\"contentUrl\":\"https:\/\/calftel.com\/wp-content\/uploads\/2021\/11\/Hampels-CalfTel-USA-EST-1981-Color.png\",\"width\":1080,\"height\":516,\"caption\":\"Calf-Tel by Hampel\"},\"image\":{\"@id\":\"https:\/\/calftel.com\/es\/#\/schema\/logo\/image\/\"},\"sameAs\":[\"https:\/\/www.facebook.com\/calftel\/\",\"https:\/\/www.instagram.com\/calftel\/\",\"https:\/\/linkedin.com\/company\/calf-tel\/\",\"https:\/\/www.youtube.com\/channel\/UCq73euoWhx5k1kOjHBHXM_g\"]}]}<\/script>\n<!-- \/ Yoast SEO plugin. -->","yoast_head_json":{"title":"15 | 54 (Sistema Iniciador Individual) - Calf-Tel","robots":{"index":"index","follow":"follow","max-snippet":"max-snippet:-1","max-image-preview":"max-image-preview:large","max-video-preview":"max-video-preview:-1"},"canonical":"https:\/\/calftel.com\/es\/product\/serie-s-es\/15-54-sistema-iniciador-individual\/","og_locale":"es_ES","og_type":"article","og_title":"15 | 54 (Sistema Iniciador Individual) - Calf-Tel","og_description":"Un sistema Iniciador COMPLETO, dise\u00f1ado para los becerros reci\u00e9n nacidos y para los productores que cuidan de ellos.","og_url":"https:\/\/calftel.com\/es\/product\/serie-s-es\/15-54-sistema-iniciador-individual\/","og_site_name":"Calf-Tel","article_publisher":"https:\/\/www.facebook.com\/calftel\/","article_modified_time":"2021-09-14T19:41:08+00:00","og_image":[{"width":1024,"height":768,"url":"https:\/\/calftel.com\/wp-content\/uploads\/2021\/05\/15-54-No-Base.png","type":"image\/png"}],"twitter_card":"summary_large_image","twitter_misc":{"Tiempo de lectura":"1 minuto"},"schema":{"@context":"https:\/\/schema.org","@graph":[{"@type":["WebPage","ItemPage"],"@id":"https:\/\/calftel.com\/es\/product\/serie-s-es\/15-54-sistema-iniciador-individual\/","url":"https:\/\/calftel.com\/es\/product\/serie-s-es\/15-54-sistema-iniciador-individual\/","name":"15 | 54 (Sistema Iniciador Individual) - Calf-Tel","isPartOf":{"@id":"https:\/\/calftel.com\/es\/#website"},"primaryImageOfPage":{"@id":"https:\/\/calftel.com\/es\/product\/serie-s-es\/15-54-sistema-iniciador-individual\/#primaryimage"},"image":{"@id":"https:\/\/calftel.com\/es\/product\/serie-s-es\/15-54-sistema-iniciador-individual\/#primaryimage"},"thumbnailUrl":"https:\/\/calftel.com\/wp-content\/uploads\/2021\/05\/15-54-No-Base.png","datePublished":"2021-08-31T18:02:17+00:00","dateModified":"2021-09-14T19:41:08+00:00","breadcrumb":{"@id":"https:\/\/calftel.com\/es\/product\/serie-s-es\/15-54-sistema-iniciador-individual\/#breadcrumb"},"inLanguage":"es","potentialAction":[{"@type":"ReadAction","target":["https:\/\/calftel.com\/es\/product\/serie-s-es\/15-54-sistema-iniciador-individual\/"]}]},{"@type":"ImageObject","inLanguage":"es","@id":"https:\/\/calftel.com\/es\/product\/serie-s-es\/15-54-sistema-iniciador-individual\/#primaryimage","url":"https:\/\/calftel.com\/wp-content\/uploads\/2021\/05\/15-54-No-Base.png","contentUrl":"https:\/\/calftel.com\/wp-content\/uploads\/2021\/05\/15-54-No-Base.png","width":1024,"height":768},{"@type":"BreadcrumbList","@id":"https:\/\/calftel.com\/es\/product\/serie-s-es\/15-54-sistema-iniciador-individual\/#breadcrumb","itemListElement":[{"@type":"ListItem","position":1,"name":"Home","item":"https:\/\/calftel.com\/es\/"},{"@type":"ListItem","position":2,"name":"Serie-S","item":"https:\/\/calftel.com\/es\/series\/serie-s-es\/"},{"@type":"ListItem","position":3,"name":"15 | 54 (Sistema Iniciador Individual)"}]},{"@type":"WebSite","@id":"https:\/\/calftel.com\/es\/#website","url":"https:\/\/calftel.com\/es\/","name":"Calf-Tel","description":"Calf Hutch Experts","publisher":{"@id":"https:\/\/calftel.com\/es\/#organization"},"potentialAction":[{"@type":"SearchAction","target":{"@type":"EntryPoint","urlTemplate":"https:\/\/calftel.com\/es\/?s={search_term_string}"},"query-input":{"@type":"PropertyValueSpecification","valueRequired":true,"valueName":"search_term_string"}}],"inLanguage":"es"},{"@type":"Organization","@id":"https:\/\/calftel.com\/es\/#organization","name":"Calf-Tel by Hampel","url":"https:\/\/calftel.com\/es\/","logo":{"@type":"ImageObject","inLanguage":"es","@id":"https:\/\/calftel.com\/es\/#\/schema\/logo\/image\/","url":"https:\/\/calftel.com\/wp-content\/uploads\/2021\/11\/Hampels-CalfTel-USA-EST-1981-Color.png","contentUrl":"https:\/\/calftel.com\/wp-content\/uploads\/2021\/11\/Hampels-CalfTel-USA-EST-1981-Color.png","width":1080,"height":516,"caption":"Calf-Tel by Hampel"},"image":{"@id":"https:\/\/calftel.com\/es\/#\/schema\/logo\/image\/"},"sameAs":["https:\/\/www.facebook.com\/calftel\/","https:\/\/www.instagram.com\/calftel\/","https:\/\/linkedin.com\/company\/calf-tel\/","https:\/\/www.youtube.com\/channel\/UCq73euoWhx5k1kOjHBHXM_g"]}]}},"_links":{"self":[{"href":"https:\/\/calftel.com\/es\/wp-json\/wp\/v2\/product\/9138","targetHints":{"allow":["GET"]}}],"collection":[{"href":"https:\/\/calftel.com\/es\/wp-json\/wp\/v2\/product"}],"about":[{"href":"https:\/\/calftel.com\/es\/wp-json\/wp\/v2\/types\/product"}],"wp:featuredmedia":[{"embeddable":true,"href":"https:\/\/calftel.com\/es\/wp-json\/wp\/v2\/media\/4999"}],"wp:attachment":[{"href":"https:\/\/calftel.com\/es\/wp-json\/wp\/v2\/media?parent=9138"}],"wp:term":[{"taxonomy":"series","embeddable":true,"href":"https:\/\/calftel.com\/es\/wp-json\/wp\/v2\/series?post=9138"}],"curies":[{"name":"wp","href":"https:\/\/api.w.org\/{rel}","templated":true}]}}