{"id":9139,"date":"2021-08-31T18:35:46","date_gmt":"2021-08-31T18:35:46","guid":{"rendered":"https:\/\/calftel.com\/product\/%series%\/20-64-eco\/"},"modified":"2021-09-14T19:48:28","modified_gmt":"2021-09-14T19:48:28","slug":"20-64-eco","status":"publish","type":"product","link":"https:\/\/calftel.com\/es\/product\/series-o\/20-64-eco\/","title":{"rendered":"20 | 64 (ECO)"},"content":{"rendered":"\n<div class=\"wp-block-cover alignfull has-background-dim-40 has-background-dim pattern-hero-product gt-remove-margin-top\"><img loading=\"lazy\" decoding=\"async\" width=\"2000\" height=\"600\" class=\"wp-block-cover__image-background wp-image-4664\" alt=\"\" src=\"https:\/\/calftel.com\/wp-content\/uploads\/2021\/03\/20_64-Hero-Image-r.jpg\" style=\"object-position:60% 97%\" data-object-fit=\"cover\" data-object-position=\"60% 97%\" srcset=\"https:\/\/calftel.com\/wp-content\/uploads\/2021\/03\/20_64-Hero-Image-r.jpg 2000w, https:\/\/calftel.com\/wp-content\/uploads\/2021\/03\/20_64-Hero-Image-r-300x90.jpg 300w, https:\/\/calftel.com\/wp-content\/uploads\/2021\/03\/20_64-Hero-Image-r-1024x307.jpg 1024w, https:\/\/calftel.com\/wp-content\/uploads\/2021\/03\/20_64-Hero-Image-r-768x230.jpg 768w, https:\/\/calftel.com\/wp-content\/uploads\/2021\/03\/20_64-Hero-Image-r-1536x461.jpg 1536w\" sizes=\"auto, (max-width: 2000px) 100vw, 2000px\" \/><div class=\"wp-block-cover__inner-container is-layout-flow wp-block-cover-is-layout-flow\">\n<p class=\"has-text-align-center hero-product-series gt-remove-margin-bottom\"><strong>Serie-O<\/strong><\/p>\n\n\n\n<h1 class=\"alignwide has-text-align-center hero-product-name gt-remove-margin-top gt-remove-margin-bottom wp-block-heading\">20 | 64 (ECO)<\/h1>\n<\/div><\/div>\n\n<div class=\"wp-block-columns alignwide pattern-product-intro is-layout-flex wp-container-core-columns-is-layout-9d6595d7 wp-block-columns-is-layout-flex\">\n<div class=\"wp-block-column is-vertically-aligned-center is-layout-flow wp-block-column-is-layout-flow\" style=\"flex-basis:40%\">\n<h5 class=\"wp-block-heading\">Una caseta de tama\u00f1o medio dise\u00f1ada para la eficiencia de los ranchos grandes.<\/h5>\n\n\n\n<p>La caseta 20|64 (ECO) de tama\u00f1o medio es un 18% m\u00e1s peque\u00f1o que el modelo 24|74, lo que permite a los ganaderos aprovechar una huella de carbono reducida y las econom\u00edas de escala.<\/p>\n\n\n\n<ul class=\"wp-block-list\"><li>F\u00e1cil de trasladar, controlar y de mantener sus equipos<\/li><li>Extremadamente duradera, pero lo suficientemente ligera como para manejarla con facilidad<\/li><li>La opci\u00f3n m\u00e1s eficiente de su clase en cuanto a puertas posteriores<\/li><li>Dise\u00f1ado para que cada becerro pueda obtener su entorno ideal<\/li><li>Compacta y econ\u00f3mica<\/li><\/ul>\n\n\n\n<p><strong><a href=\"https:\/\/calftel.com\/es\/serie-c\/\">Compatible C-Series Fencing Options<\/a><\/strong><\/p>\n\n\n<div id=accessories-associated-listing-block_6074ebbb6e6ae class=\"block-product-docs alignwide\">\n                        <ul class=\"doc-listing\">\n                                    <li class=\"doc-item\">\n                        <a href=\"https:\/\/calftel.com\/wp-content\/uploads\/2021\/04\/Calf-Tel_Calf_Housing_Cleaning_Guide_FINAL.pdf\" target=\"_blank\">\n                            <!--                                 How-To Guide\n                             -->\n                            Calf Hutch &#038; Pen Cleaning Guide                        <\/a>\n                    <\/li>\n                                    <li class=\"doc-item\">\n                        <a href=\"https:\/\/calftel.com\/wp-content\/uploads\/2021\/04\/Wire-Bottle-Holder-Hutch-Fence-Mount-Assembly-Instructions-2-1.pdf\" target=\"_blank\">\n                            <!--                                 Assembly Instructions\n                             -->\n                            Wire Bottle Holder Hutch &#038; Fence Mount Assembly Instructions                        <\/a>\n                    <\/li>\n                                <\/ul>\n            <\/div>\n\n\n<div class=\"wp-block-buttons is-layout-flex wp-block-buttons-is-layout-flex\">\n<div class=\"wp-block-button is-style-fill\"><a class=\"wp-block-button__link has-very-dark-gray-color has-very-light-gray-background-color has-text-color has-background\" href=\"https:\/\/calftel.com\/es\/accessories\/\">Tienda de Accesorios<\/a><\/div>\n\n\n\n<div class=\"wp-block-button is-style-secondary-fill\"><a class=\"wp-block-button__link\" href=\"\/personalizador\">Personalizaci\u00f3n de productos<\/a><\/div>\n<\/div>\n<\/div>\n\n\n\n<div class=\"wp-block-column is-vertically-aligned-center is-layout-flow wp-block-column-is-layout-flow\">\n<div class=\"wp-block-group\"><div class=\"wp-block-group__inner-container is-layout-flow wp-block-group-is-layout-flow\">\n<div class=\"wp-block-image is-style-zoom\"><figure class=\"aligncenter size-large\"><img loading=\"lazy\" decoding=\"async\" width=\"544\" height=\"400\" src=\"https:\/\/calftel.com\/wp-content\/uploads\/2021\/03\/ECO.png\" alt=\"\" class=\"wp-image-2323\" srcset=\"https:\/\/calftel.com\/wp-content\/uploads\/2021\/03\/ECO.png 544w, https:\/\/calftel.com\/wp-content\/uploads\/2021\/03\/ECO-300x221.png 300w\" sizes=\"auto, (max-width: 544px) 100vw, 544px\" \/><figcaption><strong>20|64 Naming Defined:<\/strong><br\/><strong>2.0 Interior Square Meters | 6\u2019x4\u2032 Exterior Footprint<\/strong><\/figcaption><\/figure><\/div>\n<\/div><\/div>\n\n\n\n<p><\/p>\n<\/div>\n<\/div>\n\n<figure class=\"wp-block-embed alignwide is-type-video is-provider-youtube wp-block-embed-youtube wp-embed-aspect-16-9 wp-has-aspect-ratio\"><div class=\"wp-block-embed__wrapper\">\n<iframe loading=\"lazy\" title=\"Calf Tel College Part 5 Hutches\" width=\"640\" height=\"360\" src=\"https:\/\/www.youtube.com\/embed\/phk47yImYRE?feature=oembed\" frameborder=\"0\" allow=\"accelerometer; autoplay; clipboard-write; encrypted-media; gyroscope; picture-in-picture; web-share\" referrerpolicy=\"strict-origin-when-cross-origin\" allowfullscreen><\/iframe>\n<\/div><\/figure>\n\n<figure class=\"wp-block-gallery alignwide columns-2 is-cropped wp-block-gallery-1 is-layout-flex wp-block-gallery-is-layout-flex\"><ul class=\"blocks-gallery-grid\"><li class=\"blocks-gallery-item\"><figure><img loading=\"lazy\" decoding=\"async\" width=\"1024\" height=\"768\" src=\"https:\/\/calftel.com\/wp-content\/uploads\/2021\/06\/20-64-Page-Image.jpg\" alt=\"\" data-id=\"5502\" data-full-url=\"https:\/\/calftel.com\/wp-content\/uploads\/2021\/06\/20-64-Page-Image.jpg\" data-link=\"https:\/\/calftel.com\/product\/o-series\/20-64\/20-64-page-image\/\" class=\"wp-image-5507\" srcset=\"https:\/\/calftel.com\/wp-content\/uploads\/2021\/06\/20-64-Page-Image.jpg 1024w, https:\/\/calftel.com\/wp-content\/uploads\/2021\/06\/20-64-Page-Image-300x225.jpg 300w, https:\/\/calftel.com\/wp-content\/uploads\/2021\/06\/20-64-Page-Image-768x576.jpg 768w\" sizes=\"auto, (max-width: 1024px) 100vw, 1024px\" \/><\/figure><\/li><li class=\"blocks-gallery-item\"><figure><img loading=\"lazy\" decoding=\"async\" width=\"544\" height=\"400\" src=\"https:\/\/calftel.com\/wp-content\/uploads\/2021\/03\/ECO_site.jpg\" alt=\"\" data-id=\"2234\" data-link=\"https:\/\/calftel.com\/product\/o-series\/20-64\/eco_site\/\" class=\"wp-image-2239\" srcset=\"https:\/\/calftel.com\/wp-content\/uploads\/2021\/03\/ECO_site.jpg 544w, https:\/\/calftel.com\/wp-content\/uploads\/2021\/03\/ECO_site-300x221.jpg 300w\" sizes=\"auto, (max-width: 544px) 100vw, 544px\" \/><\/figure><\/li><\/ul><\/figure>\n\n<div class=\"wp-block-group alignfull product-specifications\"><div class=\"wp-block-group__inner-container is-layout-flow wp-block-group-is-layout-flow\">\n<div class=\"wp-block-columns alignwide is-layout-flex wp-container-core-columns-is-layout-9d6595d7 wp-block-columns-is-layout-flex\">\n<div class=\"wp-block-column is-vertically-aligned-center is-layout-flow wp-block-column-is-layout-flow\" style=\"flex-basis:40%\">\n<figure class=\"wp-block-image size-large is-style-zoom\"><img loading=\"lazy\" decoding=\"async\" width=\"1024\" height=\"768\" src=\"https:\/\/calftel.com\/wp-content\/uploads\/2021\/06\/20-64-Dimensions-1024x768.jpg\" alt=\"\" class=\"wp-image-5513\" srcset=\"https:\/\/calftel.com\/wp-content\/uploads\/2021\/06\/20-64-Dimensions-1024x768.jpg 1024w, https:\/\/calftel.com\/wp-content\/uploads\/2021\/06\/20-64-Dimensions-300x225.jpg 300w, https:\/\/calftel.com\/wp-content\/uploads\/2021\/06\/20-64-Dimensions-768x576.jpg 768w, https:\/\/calftel.com\/wp-content\/uploads\/2021\/06\/20-64-Dimensions-1536x1152.jpg 1536w, https:\/\/calftel.com\/wp-content\/uploads\/2021\/06\/20-64-Dimensions.jpg 2000w\" sizes=\"auto, (max-width: 1024px) 100vw, 1024px\" \/><\/figure>\n<\/div>\n\n\n\n<div class=\"wp-block-column is-vertically-aligned-center is-layout-flow wp-block-column-is-layout-flow\">\n<h2 class=\"wp-block-heading\">Especificaciones<\/h2>\n\n\n\n<figure class=\"wp-block-table is-style-regular\"><table><thead><tr><th class=\"has-text-align-left\" data-align=\"left\">Medidas<\/th><th><\/th><\/tr><\/thead><tbody><tr><td class=\"has-text-align-left\" data-align=\"left\"><strong>Exterior<\/strong><\/td><td>73.5\u201d Largo x 46.5\u201d Ancho x 54.5\u201d Alto<br\/>187cm x 118cm x 138cm<\/td><\/tr><tr><td class=\"has-text-align-left\" data-align=\"left\"><strong>Espacio interior para uso del becerro<\/strong><\/td><td>70.5\u201d Largo x 43.5\u201d Ancho x 48\u201d Alto<br\/>179cm x 110cm x 122cm<\/td><\/tr><tr><td class=\"has-text-align-left\" data-align=\"left\"><strong>Peso<\/strong><\/td><td>43 lbs.<br\/>20 kg.<\/td><\/tr><\/tbody><\/table><\/figure>\n<\/div>\n<\/div>\n<\/div><\/div>\n<div id=features-listing-block_60707e5dfbb9c class=\"block-features-listing alignfull\">\n    <div class=\"header\">\n        \n\n<h2 class=\"card-heading wp-block-heading\">Caracter\u00edsticas y ventajas<\/h2>\n\n\n    <\/div>\n\n                        <div class=\"features-list\">\n                                    <div class=\"features-row\">\n                        <div class=\"thumbnail\"><img loading=\"lazy\" decoding=\"async\" width=\"640\" height=\"529\" src=\"https:\/\/calftel.com\/wp-content\/uploads\/2021\/04\/20-64_ventilation-1024x847.png\" class=\"attachment-large size-large wp-post-image\" alt=\"\" srcset=\"https:\/\/calftel.com\/wp-content\/uploads\/2021\/04\/20-64_ventilation-1024x847.png 1024w, https:\/\/calftel.com\/wp-content\/uploads\/2021\/04\/20-64_ventilation-300x248.png 300w, https:\/\/calftel.com\/wp-content\/uploads\/2021\/04\/20-64_ventilation-768x635.png 768w, https:\/\/calftel.com\/wp-content\/uploads\/2021\/04\/20-64_ventilation-1536x1270.png 1536w, https:\/\/calftel.com\/wp-content\/uploads\/2021\/04\/20-64_ventilation-2048x1693.png 2048w\" sizes=\"auto, (max-width: 640px) 100vw, 640px\" \/><\/div>\n                        <div class=\"content\">\n                            <!-- <h3>Ventilaci\u00f3n eco-regulable<\/h3> -->\n                            <div class=\"excerpt\"><!-- wp:heading {\"level\":3,\"translatedWithWPMLTM\":\"1\"} -->\n<h3>Ventilaci\u00f3n ajustable<\/h3>\n<!-- \/wp:heading --><!-- wp:paragraph {\"translatedWithWPMLTM\":\"1\"} -->\n<p>El flujo de aire adecuado es uno de los aspectos m\u00e1s importantes para la salud de los becerros. Las casetas Calf-Tel est\u00e1n dise\u00f1ados con un sistema de ventilaci\u00f3n ajustable que permite crear el microambiente perfecto para sus becerros.<\/p>\n<!-- \/wp:paragraph --><\/div>\n                        <\/div>\n                    <\/div>\n                                    <div class=\"features-row\">\n                        <div class=\"thumbnail\"><img loading=\"lazy\" decoding=\"async\" width=\"640\" height=\"480\" src=\"https:\/\/calftel.com\/wp-content\/uploads\/2021\/04\/Bedding-Door-1-1024x768.jpg\" class=\"attachment-large size-large wp-post-image\" alt=\"\" srcset=\"https:\/\/calftel.com\/wp-content\/uploads\/2021\/04\/Bedding-Door-1-1024x768.jpg 1024w, https:\/\/calftel.com\/wp-content\/uploads\/2021\/04\/Bedding-Door-1-300x225.jpg 300w, https:\/\/calftel.com\/wp-content\/uploads\/2021\/04\/Bedding-Door-1-768x576.jpg 768w, https:\/\/calftel.com\/wp-content\/uploads\/2021\/04\/Bedding-Door-1-1536x1152.jpg 1536w, https:\/\/calftel.com\/wp-content\/uploads\/2021\/04\/Bedding-Door-1-2048x1536.jpg 2048w\" sizes=\"auto, (max-width: 640px) 100vw, 640px\" \/><\/div>\n                        <div class=\"content\">\n                            <!-- <h3>La puerta de cama m\u00e1s grande ECO<\/h3> -->\n                            <div class=\"excerpt\"><!-- wp:heading {\"level\":3,\"translatedWithWPMLTM\":\"1\"} -->\n<h3>Puerta de cama opcional<\/h3>\n<!-- \/wp:heading --><!-- wp:paragraph {\"translatedWithWPMLTM\":\"1\"} -->\n<p>Con la puerta de cama m\u00e1s grande de su clase, la 20|64 maximiza la eficiencia y la productividad.<\/p>\n<!-- \/wp:paragraph --><\/div>\n                        <\/div>\n                    <\/div>\n                                    <div class=\"features-row\">\n                        <div class=\"thumbnail\"><img loading=\"lazy\" decoding=\"async\" width=\"640\" height=\"480\" src=\"https:\/\/calftel.com\/wp-content\/uploads\/2021\/05\/Flat-Back-Door2-1024x768.jpg\" class=\"attachment-large size-large wp-post-image\" alt=\"\" srcset=\"https:\/\/calftel.com\/wp-content\/uploads\/2021\/05\/Flat-Back-Door2-1024x768.jpg 1024w, https:\/\/calftel.com\/wp-content\/uploads\/2021\/05\/Flat-Back-Door2-300x225.jpg 300w, https:\/\/calftel.com\/wp-content\/uploads\/2021\/05\/Flat-Back-Door2-768x576.jpg 768w, https:\/\/calftel.com\/wp-content\/uploads\/2021\/05\/Flat-Back-Door2-1536x1152.jpg 1536w, https:\/\/calftel.com\/wp-content\/uploads\/2021\/05\/Flat-Back-Door2-2048x1536.jpg 2048w\" sizes=\"auto, (max-width: 640px) 100vw, 640px\" \/><\/div>\n                        <div class=\"content\">\n                            <!-- <h3>Puerta posterior lisa opcional<\/h3> -->\n                            <div class=\"excerpt\"><!-- wp:heading {\"level\":3,\"translatedWithWPMLTM\":\"1\"} -->\n<h3>Puerta posterior lisa opcional<\/h3>\n<!-- \/wp:heading --><!-- wp:paragraph {\"translatedWithWPMLTM\":\"1\"} -->\n<p>La ventilaci\u00f3n y el flujo de aire m\u00e1ximos se consiguen con la puerta posterior lisa opcional.<\/p>\n<!-- \/wp:paragraph --><\/div>\n                        <\/div>\n                    <\/div>\n                                <\/div>\n            <\/div><div id=accessories-associated-listing-block_6070b6bd72643 class=\"block-accessories-associated-listing alignfull\">\n    <div class=\"header\">\n        \n\n<h2 class=\"card-heading wp-block-heading\">Accesorios relacionados<\/h2>\n\n\n    <\/div>\n\n        <\/div>","protected":false},"excerpt":{"rendered":"<p>Con una peque\u00f1a huella de carbono, de f\u00e1cil acceso para los becerros y caracter\u00edsticas c\u00f3modas, el 20|64 (ECO) es perfecto para los ranchos grandes que necesitan maximizar la eficiencia y las econom\u00edas de escala.<\/p>\n","protected":false},"featured_media":2323,"template":"","series":[168],"class_list":["post-9139","product","type-product","status-publish","has-post-thumbnail","hentry","series-series-o"],"acf":[],"yoast_head":"<!-- This site is optimized with the Yoast SEO plugin v27.1.1 - https:\/\/yoast.com\/product\/yoast-seo-wordpress\/ -->\n<title>20 | 64 (ECO) - Calf-Tel<\/title>\n<meta name=\"robots\" content=\"index, follow, max-snippet:-1, max-image-preview:large, max-video-preview:-1\" \/>\n<link rel=\"canonical\" href=\"https:\/\/calftel.com\/es\/product\/series-o\/20-64-eco\/\" \/>\n<meta property=\"og:locale\" content=\"es_ES\" \/>\n<meta property=\"og:type\" content=\"article\" \/>\n<meta property=\"og:title\" content=\"20 | 64 (ECO) - Calf-Tel\" \/>\n<meta property=\"og:description\" content=\"Con una peque\u00f1a huella de carbono, de f\u00e1cil acceso para los becerros y caracter\u00edsticas c\u00f3modas, el 20|64 (ECO) es perfecto para los ranchos grandes que necesitan maximizar la eficiencia y las econom\u00edas de escala.\" \/>\n<meta property=\"og:url\" content=\"https:\/\/calftel.com\/es\/product\/series-o\/20-64-eco\/\" \/>\n<meta property=\"og:site_name\" content=\"Calf-Tel\" \/>\n<meta property=\"article:publisher\" content=\"https:\/\/www.facebook.com\/calftel\/\" \/>\n<meta property=\"article:modified_time\" content=\"2021-09-14T19:48:28+00:00\" \/>\n<meta property=\"og:image\" content=\"https:\/\/calftel.com\/wp-content\/uploads\/2021\/03\/ECO.png\" \/>\n\t<meta property=\"og:image:width\" content=\"544\" \/>\n\t<meta property=\"og:image:height\" content=\"400\" \/>\n\t<meta property=\"og:image:type\" content=\"image\/png\" \/>\n<meta name=\"twitter:card\" content=\"summary_large_image\" \/>\n<meta name=\"twitter:label1\" content=\"Tiempo de lectura\" \/>\n\t<meta name=\"twitter:data1\" content=\"1 minuto\" \/>\n<script type=\"application\/ld+json\" class=\"yoast-schema-graph\">{\"@context\":\"https:\/\/schema.org\",\"@graph\":[{\"@type\":[\"WebPage\",\"ItemPage\"],\"@id\":\"https:\/\/calftel.com\/es\/product\/series-o\/20-64-eco\/\",\"url\":\"https:\/\/calftel.com\/es\/product\/series-o\/20-64-eco\/\",\"name\":\"20 | 64 (ECO) - Calf-Tel\",\"isPartOf\":{\"@id\":\"https:\/\/calftel.com\/es\/#website\"},\"primaryImageOfPage\":{\"@id\":\"https:\/\/calftel.com\/es\/product\/series-o\/20-64-eco\/#primaryimage\"},\"image\":{\"@id\":\"https:\/\/calftel.com\/es\/product\/series-o\/20-64-eco\/#primaryimage\"},\"thumbnailUrl\":\"https:\/\/calftel.com\/wp-content\/uploads\/2021\/03\/ECO.png\",\"datePublished\":\"2021-08-31T18:35:46+00:00\",\"dateModified\":\"2021-09-14T19:48:28+00:00\",\"breadcrumb\":{\"@id\":\"https:\/\/calftel.com\/es\/product\/series-o\/20-64-eco\/#breadcrumb\"},\"inLanguage\":\"es\",\"potentialAction\":[{\"@type\":\"ReadAction\",\"target\":[\"https:\/\/calftel.com\/es\/product\/series-o\/20-64-eco\/\"]}]},{\"@type\":\"ImageObject\",\"inLanguage\":\"es\",\"@id\":\"https:\/\/calftel.com\/es\/product\/series-o\/20-64-eco\/#primaryimage\",\"url\":\"https:\/\/calftel.com\/wp-content\/uploads\/2021\/03\/ECO.png\",\"contentUrl\":\"https:\/\/calftel.com\/wp-content\/uploads\/2021\/03\/ECO.png\",\"width\":544,\"height\":400},{\"@type\":\"BreadcrumbList\",\"@id\":\"https:\/\/calftel.com\/es\/product\/series-o\/20-64-eco\/#breadcrumb\",\"itemListElement\":[{\"@type\":\"ListItem\",\"position\":1,\"name\":\"Home\",\"item\":\"https:\/\/calftel.com\/es\/\"},{\"@type\":\"ListItem\",\"position\":2,\"name\":\"Series-O\",\"item\":\"https:\/\/calftel.com\/es\/series\/series-o\/\"},{\"@type\":\"ListItem\",\"position\":3,\"name\":\"20 | 64 (ECO)\"}]},{\"@type\":\"WebSite\",\"@id\":\"https:\/\/calftel.com\/es\/#website\",\"url\":\"https:\/\/calftel.com\/es\/\",\"name\":\"Calf-Tel\",\"description\":\"Calf Hutch Experts\",\"publisher\":{\"@id\":\"https:\/\/calftel.com\/es\/#organization\"},\"potentialAction\":[{\"@type\":\"SearchAction\",\"target\":{\"@type\":\"EntryPoint\",\"urlTemplate\":\"https:\/\/calftel.com\/es\/?s={search_term_string}\"},\"query-input\":{\"@type\":\"PropertyValueSpecification\",\"valueRequired\":true,\"valueName\":\"search_term_string\"}}],\"inLanguage\":\"es\"},{\"@type\":\"Organization\",\"@id\":\"https:\/\/calftel.com\/es\/#organization\",\"name\":\"Calf-Tel by Hampel\",\"url\":\"https:\/\/calftel.com\/es\/\",\"logo\":{\"@type\":\"ImageObject\",\"inLanguage\":\"es\",\"@id\":\"https:\/\/calftel.com\/es\/#\/schema\/logo\/image\/\",\"url\":\"https:\/\/calftel.com\/wp-content\/uploads\/2021\/11\/Hampels-CalfTel-USA-EST-1981-Color.png\",\"contentUrl\":\"https:\/\/calftel.com\/wp-content\/uploads\/2021\/11\/Hampels-CalfTel-USA-EST-1981-Color.png\",\"width\":1080,\"height\":516,\"caption\":\"Calf-Tel by Hampel\"},\"image\":{\"@id\":\"https:\/\/calftel.com\/es\/#\/schema\/logo\/image\/\"},\"sameAs\":[\"https:\/\/www.facebook.com\/calftel\/\",\"https:\/\/www.instagram.com\/calftel\/\",\"https:\/\/linkedin.com\/company\/calf-tel\/\",\"https:\/\/www.youtube.com\/channel\/UCq73euoWhx5k1kOjHBHXM_g\"]}]}<\/script>\n<!-- \/ Yoast SEO plugin. -->","yoast_head_json":{"title":"20 | 64 (ECO) - Calf-Tel","robots":{"index":"index","follow":"follow","max-snippet":"max-snippet:-1","max-image-preview":"max-image-preview:large","max-video-preview":"max-video-preview:-1"},"canonical":"https:\/\/calftel.com\/es\/product\/series-o\/20-64-eco\/","og_locale":"es_ES","og_type":"article","og_title":"20 | 64 (ECO) - Calf-Tel","og_description":"Con una peque\u00f1a huella de carbono, de f\u00e1cil acceso para los becerros y caracter\u00edsticas c\u00f3modas, el 20|64 (ECO) es perfecto para los ranchos grandes que necesitan maximizar la eficiencia y las econom\u00edas de escala.","og_url":"https:\/\/calftel.com\/es\/product\/series-o\/20-64-eco\/","og_site_name":"Calf-Tel","article_publisher":"https:\/\/www.facebook.com\/calftel\/","article_modified_time":"2021-09-14T19:48:28+00:00","og_image":[{"width":544,"height":400,"url":"https:\/\/calftel.com\/wp-content\/uploads\/2021\/03\/ECO.png","type":"image\/png"}],"twitter_card":"summary_large_image","twitter_misc":{"Tiempo de lectura":"1 minuto"},"schema":{"@context":"https:\/\/schema.org","@graph":[{"@type":["WebPage","ItemPage"],"@id":"https:\/\/calftel.com\/es\/product\/series-o\/20-64-eco\/","url":"https:\/\/calftel.com\/es\/product\/series-o\/20-64-eco\/","name":"20 | 64 (ECO) - Calf-Tel","isPartOf":{"@id":"https:\/\/calftel.com\/es\/#website"},"primaryImageOfPage":{"@id":"https:\/\/calftel.com\/es\/product\/series-o\/20-64-eco\/#primaryimage"},"image":{"@id":"https:\/\/calftel.com\/es\/product\/series-o\/20-64-eco\/#primaryimage"},"thumbnailUrl":"https:\/\/calftel.com\/wp-content\/uploads\/2021\/03\/ECO.png","datePublished":"2021-08-31T18:35:46+00:00","dateModified":"2021-09-14T19:48:28+00:00","breadcrumb":{"@id":"https:\/\/calftel.com\/es\/product\/series-o\/20-64-eco\/#breadcrumb"},"inLanguage":"es","potentialAction":[{"@type":"ReadAction","target":["https:\/\/calftel.com\/es\/product\/series-o\/20-64-eco\/"]}]},{"@type":"ImageObject","inLanguage":"es","@id":"https:\/\/calftel.com\/es\/product\/series-o\/20-64-eco\/#primaryimage","url":"https:\/\/calftel.com\/wp-content\/uploads\/2021\/03\/ECO.png","contentUrl":"https:\/\/calftel.com\/wp-content\/uploads\/2021\/03\/ECO.png","width":544,"height":400},{"@type":"BreadcrumbList","@id":"https:\/\/calftel.com\/es\/product\/series-o\/20-64-eco\/#breadcrumb","itemListElement":[{"@type":"ListItem","position":1,"name":"Home","item":"https:\/\/calftel.com\/es\/"},{"@type":"ListItem","position":2,"name":"Series-O","item":"https:\/\/calftel.com\/es\/series\/series-o\/"},{"@type":"ListItem","position":3,"name":"20 | 64 (ECO)"}]},{"@type":"WebSite","@id":"https:\/\/calftel.com\/es\/#website","url":"https:\/\/calftel.com\/es\/","name":"Calf-Tel","description":"Calf Hutch Experts","publisher":{"@id":"https:\/\/calftel.com\/es\/#organization"},"potentialAction":[{"@type":"SearchAction","target":{"@type":"EntryPoint","urlTemplate":"https:\/\/calftel.com\/es\/?s={search_term_string}"},"query-input":{"@type":"PropertyValueSpecification","valueRequired":true,"valueName":"search_term_string"}}],"inLanguage":"es"},{"@type":"Organization","@id":"https:\/\/calftel.com\/es\/#organization","name":"Calf-Tel by Hampel","url":"https:\/\/calftel.com\/es\/","logo":{"@type":"ImageObject","inLanguage":"es","@id":"https:\/\/calftel.com\/es\/#\/schema\/logo\/image\/","url":"https:\/\/calftel.com\/wp-content\/uploads\/2021\/11\/Hampels-CalfTel-USA-EST-1981-Color.png","contentUrl":"https:\/\/calftel.com\/wp-content\/uploads\/2021\/11\/Hampels-CalfTel-USA-EST-1981-Color.png","width":1080,"height":516,"caption":"Calf-Tel by Hampel"},"image":{"@id":"https:\/\/calftel.com\/es\/#\/schema\/logo\/image\/"},"sameAs":["https:\/\/www.facebook.com\/calftel\/","https:\/\/www.instagram.com\/calftel\/","https:\/\/linkedin.com\/company\/calf-tel\/","https:\/\/www.youtube.com\/channel\/UCq73euoWhx5k1kOjHBHXM_g"]}]}},"_links":{"self":[{"href":"https:\/\/calftel.com\/es\/wp-json\/wp\/v2\/product\/9139","targetHints":{"allow":["GET"]}}],"collection":[{"href":"https:\/\/calftel.com\/es\/wp-json\/wp\/v2\/product"}],"about":[{"href":"https:\/\/calftel.com\/es\/wp-json\/wp\/v2\/types\/product"}],"wp:featuredmedia":[{"embeddable":true,"href":"https:\/\/calftel.com\/es\/wp-json\/wp\/v2\/media\/2323"}],"wp:attachment":[{"href":"https:\/\/calftel.com\/es\/wp-json\/wp\/v2\/media?parent=9139"}],"wp:term":[{"taxonomy":"series","embeddable":true,"href":"https:\/\/calftel.com\/es\/wp-json\/wp\/v2\/series?post=9139"}],"curies":[{"name":"wp","href":"https:\/\/api.w.org\/{rel}","templated":true}]}}