{"id":9141,"date":"2021-08-31T21:13:54","date_gmt":"2021-08-31T21:13:54","guid":{"rendered":"https:\/\/calftel.com\/product\/%series%\/30-58-sistema-iniciador-doble\/"},"modified":"2021-09-14T19:39:06","modified_gmt":"2021-09-14T19:39:06","slug":"30-58-sistema-iniciador-doble","status":"publish","type":"product","link":"https:\/\/calftel.com\/es\/product\/serie-s-es\/30-58-sistema-iniciador-doble\/","title":{"rendered":"30 | 58 (Sistema Iniciador Doble)"},"content":{"rendered":"\n<div class=\"wp-block-cover alignfull has-background-dim-40 has-background-dim pattern-hero-product gt-remove-margin-top\"><img loading=\"lazy\" decoding=\"async\" width=\"2000\" height=\"600\" class=\"wp-block-cover__image-background wp-image-9760\" alt=\"\" src=\"https:\/\/calftel.com\/wp-content\/uploads\/2021\/03\/S-Series-Hero-Image-1.jpg\" data-object-fit=\"cover\" srcset=\"https:\/\/calftel.com\/wp-content\/uploads\/2021\/03\/S-Series-Hero-Image-1.jpg 2000w, https:\/\/calftel.com\/wp-content\/uploads\/2021\/03\/S-Series-Hero-Image-1-300x90.jpg 300w, https:\/\/calftel.com\/wp-content\/uploads\/2021\/03\/S-Series-Hero-Image-1-1024x307.jpg 1024w, https:\/\/calftel.com\/wp-content\/uploads\/2021\/03\/S-Series-Hero-Image-1-768x230.jpg 768w, https:\/\/calftel.com\/wp-content\/uploads\/2021\/03\/S-Series-Hero-Image-1-1536x461.jpg 1536w\" sizes=\"auto, (max-width: 2000px) 100vw, 2000px\" \/><div class=\"wp-block-cover__inner-container is-layout-flow wp-block-cover-is-layout-flow\">\n<p class=\"has-text-align-center hero-product-series gt-remove-margin-bottom\"><strong>Serie-S<\/strong><\/p>\n\n\n\n<h1 class=\"alignwide has-text-align-center hero-product-name gt-remove-margin-top gt-remove-margin-bottom wp-block-heading\">30 | 58 (Sistema Iniciador Doble)<\/h1>\n<\/div><\/div>\n\n<div class=\"wp-block-columns alignwide pattern-product-intro is-layout-flex wp-container-core-columns-is-layout-9d6595d7 wp-block-columns-is-layout-flex\">\n<div class=\"wp-block-column is-vertically-aligned-center is-layout-flow wp-block-column-is-layout-flow\" style=\"flex-basis:40%\">\n<h5 class=\"wp-block-heading\">Mantenga a sus becerros seguros, secos y abrigados.<\/h5>\n\n\n\n<p>El sistema iniciador doble 30|58 combina 2 casetas iniciadoras en una base elevada que puede ser equipada con anclajes o ruedas para maximizar su eficiencia. El 30|58, aumenta la comodidad del productor y permite el cuidado personalizado de los becerros reci\u00e9n nacidos. El f\u00e1cil acceso al becerro, la maniobrabilidad sin esfuerzo y las c\u00f3modas funciones de limpieza son s\u00f3lo algunas de las muchas caracter\u00edsticas incorporadas y opciones adicionales que tienen en cuenta tanto al becerro como al productor.<\/p>\n\n\n\n<p>El sistema iniciador doble 30|58 ayuda a completar el programa completo de becerros Calf-Tel, desde el nacimiento hasta el destete.<\/p>\n\n\n\n<ul class=\"wp-block-list\"><li>Asa met\u00e1lica superior para facilitar el manejo<\/li><li>M\u00faltiples ranuras para ajustar el flujo de aire y la ventilaci\u00f3n<\/li><li>Puerta delantera con borde bajo para facilitar el acceso de los becerros<\/li><li>Base de extrusi\u00f3n totalmente pl\u00e1stica con flexibilidad estructurada<\/li><li>Cerradura segura: f\u00e1cil de abrir con una sola mano<\/li><li>Techo opcional para climas fr\u00edos o uso en exteriores, tambi\u00e9n se puede equipar con una l\u00e1mpara de calor<\/li><li>Base de acero opcional que puede equiparse con anclajes o ruedas<\/li><\/ul>\n\n\n<div id=accessories-associated-listing-block_6074ebbb6e6ae class=\"block-product-docs alignwide\">\n                        <ul class=\"doc-listing\">\n                                    <li class=\"doc-item\">\n                        <a href=\"https:\/\/calftel.com\/wp-content\/uploads\/2021\/04\/HampelsCalfTel-Starter-System-Assembly-Instructions_2021_8_3.pdf\" target=\"_blank\">\n                            <!--                                 Assembly Instructions\n                             -->\n                            Starter System Assembly Instructions                        <\/a>\n                    <\/li>\n                                <\/ul>\n            <\/div>\n\n\n<div class=\"wp-block-buttons is-layout-flex wp-block-buttons-is-layout-flex\">\n<div class=\"wp-block-button is-style-fill\"><a class=\"wp-block-button__link has-very-dark-gray-color has-very-light-gray-background-color has-text-color has-background\" href=\"https:\/\/calftel.com\/es\/accessories\/\">Tienda de Accesorios<\/a><\/div>\n\n\n\n<div class=\"wp-block-button is-style-secondary-fill\"><a class=\"wp-block-button__link\" href=\"\/personalizador\">Personalizaci\u00f3n de productos<\/a><\/div>\n<\/div>\n<\/div>\n\n\n\n<div class=\"wp-block-column is-vertically-aligned-center is-layout-flow wp-block-column-is-layout-flow\">\n<figure class=\"wp-block-image alignfull size-large\"><img loading=\"lazy\" decoding=\"async\" width=\"1024\" height=\"768\" src=\"https:\/\/calftel.com\/wp-content\/uploads\/2021\/05\/17-58-Wheel-Base.png\" alt=\"\" class=\"wp-image-5050\" srcset=\"https:\/\/calftel.com\/wp-content\/uploads\/2021\/05\/17-58-Wheel-Base.png 1024w, https:\/\/calftel.com\/wp-content\/uploads\/2021\/05\/17-58-Wheel-Base-300x225.png 300w, https:\/\/calftel.com\/wp-content\/uploads\/2021\/05\/17-58-Wheel-Base-768x576.png 768w\" sizes=\"auto, (max-width: 1024px) 100vw, 1024px\" \/><figcaption><strong>30|58 Naming Defined:<\/strong><br\/><strong>3.0<\/strong> <strong>Interior Square Meters | 5\u2019x8\u2032 Exterior Footprint<\/strong><\/figcaption><\/figure>\n<\/div>\n<\/div>\n\n<figure class=\"wp-block-embed alignwide is-type-video is-provider-youtube wp-block-embed-youtube wp-embed-aspect-16-9 wp-has-aspect-ratio\"><div class=\"wp-block-embed__wrapper\">\n<iframe loading=\"lazy\" title=\"Calf Tel Starter System\" width=\"640\" height=\"360\" src=\"https:\/\/www.youtube.com\/embed\/9pxtcwdcehs?feature=oembed\" frameborder=\"0\" allow=\"accelerometer; autoplay; clipboard-write; encrypted-media; gyroscope; picture-in-picture; web-share\" referrerpolicy=\"strict-origin-when-cross-origin\" allowfullscreen><\/iframe>\n<\/div><\/figure>\n\n<figure class=\"wp-block-gallery columns-1 is-cropped wp-block-gallery-1 is-layout-flex wp-block-gallery-is-layout-flex\"><ul class=\"blocks-gallery-grid\"><li class=\"blocks-gallery-item\"><figure><img loading=\"lazy\" decoding=\"async\" width=\"1024\" height=\"768\" src=\"https:\/\/calftel.com\/wp-content\/uploads\/2021\/03\/30-58-Leg-Base.jpg\" alt=\"\" data-id=\"5057\" data-full-url=\"https:\/\/calftel.com\/wp-content\/uploads\/2021\/03\/30-58-Leg-Base.jpg\" data-link=\"https:\/\/calftel.com\/product\/s-series\/30-58\/30-58-leg-base\/\" class=\"wp-image-5062\" srcset=\"https:\/\/calftel.com\/wp-content\/uploads\/2021\/03\/30-58-Leg-Base.jpg 1024w, https:\/\/calftel.com\/wp-content\/uploads\/2021\/03\/30-58-Leg-Base-300x225.jpg 300w, https:\/\/calftel.com\/wp-content\/uploads\/2021\/03\/30-58-Leg-Base-768x576.jpg 768w\" sizes=\"auto, (max-width: 1024px) 100vw, 1024px\" \/><\/figure><\/li><\/ul><\/figure>\n\n<div class=\"wp-block-group alignfull product-specifications\"><div class=\"wp-block-group__inner-container is-layout-flow wp-block-group-is-layout-flow\">\n<div class=\"wp-block-columns alignwide is-layout-flex wp-container-core-columns-is-layout-9d6595d7 wp-block-columns-is-layout-flex\">\n<div class=\"wp-block-column is-vertically-aligned-center is-layout-flow wp-block-column-is-layout-flow\" style=\"flex-basis:40%\">\n<figure class=\"wp-block-image size-large is-style-zoom\"><img loading=\"lazy\" decoding=\"async\" width=\"1024\" height=\"768\" src=\"https:\/\/calftel.com\/wp-content\/uploads\/2021\/05\/30-58-Wheel-Base-Dimensions-1024x768.jpg\" alt=\"\" class=\"wp-image-5056\" srcset=\"https:\/\/calftel.com\/wp-content\/uploads\/2021\/05\/30-58-Wheel-Base-Dimensions-1024x768.jpg 1024w, https:\/\/calftel.com\/wp-content\/uploads\/2021\/05\/30-58-Wheel-Base-Dimensions-300x225.jpg 300w, https:\/\/calftel.com\/wp-content\/uploads\/2021\/05\/30-58-Wheel-Base-Dimensions-768x576.jpg 768w, https:\/\/calftel.com\/wp-content\/uploads\/2021\/05\/30-58-Wheel-Base-Dimensions-1536x1152.jpg 1536w, https:\/\/calftel.com\/wp-content\/uploads\/2021\/05\/30-58-Wheel-Base-Dimensions.jpg 2000w\" sizes=\"auto, (max-width: 1024px) 100vw, 1024px\" \/><\/figure>\n<\/div>\n\n\n\n<div class=\"wp-block-column is-vertically-aligned-center is-layout-flow wp-block-column-is-layout-flow\">\n<h2 class=\"wp-block-heading\">Especificaciones<\/h2>\n\n\n\n<figure class=\"wp-block-table is-style-regular\"><table><thead><tr><th>Medidas<\/th><th><\/th><\/tr><\/thead><tbody><tr><td><strong>Exterior &#8211; Base con anclaje<\/strong><\/td><td>60\u201d Largo x 96\u201d Ancho x 71.25\u201d Alto<br\/>152cm x 243.8cm x 181cm<\/td><\/tr><tr><td><strong>Exterior &#8211; Base con ruedas<\/strong><\/td><td><meta charset=\"utf-8\"\/>60\u201d Largo x 96\u201d Ancho x 75.5\u201d Alto<br\/>152cm x 243.8cm x 191.8cm<\/td><\/tr><tr><td><strong>Espacio interior para uso del becerro<\/strong><\/td><td><meta charset=\"utf-8\"\/>108\u201d Largo x 77.6\u201d Ancho x 39.2\u201d Alto<br\/>274cm x 197cm x 99.5cm<\/td><\/tr><tr><td><strong>Peso de la caseta<\/strong><\/td><td>68.5 lbs.<br\/>31 kg.<\/td><\/tr><tr><td><strong>Peso de base para doble caseta con ruedas<\/strong><\/td><td>214 lbs.<br\/>97 kg.<\/td><\/tr><tr><td><strong>Peso de base para doble caseta con anclaje<\/strong><\/td><td>202 lbs.<br\/>92 kg.<\/td><\/tr><\/tbody><\/table><\/figure>\n<\/div>\n<\/div>\n<\/div><\/div>\n<div id=features-listing-block_60707e5dfbb9c class=\"block-features-listing alignfull\">\n    <div class=\"header\">\n        \n\n<h2 class=\"card-heading wp-block-heading\">Caracter\u00edsticas y ventajas<\/h2>\n\n\n    <\/div>\n\n                        <div class=\"features-list\">\n                                    <div class=\"features-row\">\n                        <div class=\"thumbnail\"><img loading=\"lazy\" decoding=\"async\" width=\"640\" height=\"480\" src=\"https:\/\/calftel.com\/wp-content\/uploads\/2021\/08\/Double-Starter-System-Base.png\" class=\"attachment-large size-large wp-post-image\" alt=\"\" srcset=\"https:\/\/calftel.com\/wp-content\/uploads\/2021\/08\/Double-Starter-System-Base.png 800w, https:\/\/calftel.com\/wp-content\/uploads\/2021\/08\/Double-Starter-System-Base-300x225.png 300w, https:\/\/calftel.com\/wp-content\/uploads\/2021\/08\/Double-Starter-System-Base-768x576.png 768w\" sizes=\"auto, (max-width: 640px) 100vw, 640px\" \/><\/div>\n                        <div class=\"content\">\n                            <!-- <h3>Suelo y base &#8211; Sistema de inicio doble<\/h3> -->\n                            <div class=\"excerpt\"><!-- wp:heading {\"level\":3,\"translatedWithWPMLTM\":\"1\"} -->\n<h3>Piso y Base<\/h3>\n<!-- \/wp:heading --><!-- wp:paragraph {\"translatedWithWPMLTM\":\"1\"} -->\n<p>La base de acero duradera, que puede equiparse con patas o ruedas, eleva las unidades de inicio del suelo. El suelo de pl\u00e1stico de Calf-Tel proporciona un terreno duradero y estable para el becerro. El dise\u00f1o abierto permite un flujo de aire adicional y el paso de los residuos.<\/p>\n<!-- \/wp:paragraph --><\/div>\n                        <\/div>\n                    <\/div>\n                                    <div class=\"features-row\">\n                        <div class=\"thumbnail\"><img loading=\"lazy\" decoding=\"async\" width=\"640\" height=\"480\" src=\"https:\/\/calftel.com\/wp-content\/uploads\/2021\/05\/OptionalCoverandHeatlamp.jpg\" class=\"attachment-large size-large wp-post-image\" alt=\"\" srcset=\"https:\/\/calftel.com\/wp-content\/uploads\/2021\/05\/OptionalCoverandHeatlamp.jpg 800w, https:\/\/calftel.com\/wp-content\/uploads\/2021\/05\/OptionalCoverandHeatlamp-300x225.jpg 300w, https:\/\/calftel.com\/wp-content\/uploads\/2021\/05\/OptionalCoverandHeatlamp-768x576.jpg 768w\" sizes=\"auto, (max-width: 640px) 100vw, 640px\" \/><\/div>\n                        <div class=\"content\">\n                            <!-- <h3>Cubierta y l\u00e1mpara de calor opcionales del sistema de arranque<\/h3> -->\n                            <div class=\"excerpt\"><!-- wp:heading {\"level\":3,\"translatedWithWPMLTM\":\"1\"} -->\n<h3>Cubierta y l\u00e1mpara de calor opcionales<\/h3>\n<!-- \/wp:heading --><!-- wp:paragraph {\"translatedWithWPMLTM\":\"1\"} -->\n<p>Se pueden agregar cubiertas a parte o toda la parte superior de la unidad. Esto puede permitirle usar la unidad al aire libre, as\u00ed como tambi\u00e9n ayudar a mantener caliente al ternero. Se puede agregar una l\u00e1mpara de calor para usar la unidad como calentador.<\/p>\n<!-- \/wp:paragraph --><\/div>\n                        <\/div>\n                    <\/div>\n                                    <div class=\"features-row\">\n                        <div class=\"thumbnail\"><img loading=\"lazy\" decoding=\"async\" width=\"640\" height=\"480\" src=\"https:\/\/calftel.com\/wp-content\/uploads\/2021\/05\/Easy-Flip-Up-Starter-System.png\" class=\"attachment-large size-large wp-post-image\" alt=\"\" srcset=\"https:\/\/calftel.com\/wp-content\/uploads\/2021\/05\/Easy-Flip-Up-Starter-System.png 800w, https:\/\/calftel.com\/wp-content\/uploads\/2021\/05\/Easy-Flip-Up-Starter-System-300x225.png 300w, https:\/\/calftel.com\/wp-content\/uploads\/2021\/05\/Easy-Flip-Up-Starter-System-768x576.png 768w\" sizes=\"auto, (max-width: 640px) 100vw, 640px\" \/><\/div>\n                        <div class=\"content\">\n                            <!-- <h3>Sistema de Inicio F\u00e1cil de Voltear<\/h3> -->\n                            <div class=\"excerpt\"><!-- wp:heading {\"level\":3,\"translatedWithWPMLTM\":\"1\"} -->\n<h3>F\u00e1cil de girar<\/h3>\n<!-- \/wp:heading --><!-- wp:paragraph {\"translatedWithWPMLTM\":\"1\"} -->\n<p>Las fuertes bisagras posteriores permiten voltear f\u00e1cilmente las casetas de inicio y limpiar las casetas, el suelo y la base.<\/p>\n<!-- \/wp:paragraph --><\/div>\n                        <\/div>\n                    <\/div>\n                                    <div class=\"features-row\">\n                        <div class=\"thumbnail\"><img loading=\"lazy\" decoding=\"async\" width=\"640\" height=\"480\" src=\"https:\/\/calftel.com\/wp-content\/uploads\/2021\/06\/Starter-System-Adjustable-Ventilation.jpg\" class=\"attachment-large size-large wp-post-image\" alt=\"\" srcset=\"https:\/\/calftel.com\/wp-content\/uploads\/2021\/06\/Starter-System-Adjustable-Ventilation.jpg 800w, https:\/\/calftel.com\/wp-content\/uploads\/2021\/06\/Starter-System-Adjustable-Ventilation-300x225.jpg 300w, https:\/\/calftel.com\/wp-content\/uploads\/2021\/06\/Starter-System-Adjustable-Ventilation-768x576.jpg 768w\" sizes=\"auto, (max-width: 640px) 100vw, 640px\" \/><\/div>\n                        <div class=\"content\">\n                            <!-- <h3>Ventilaci\u00f3n ajustable del sistema de iniciaci\u00f3n<\/h3> -->\n                            <div class=\"excerpt\"><!-- wp:heading {\"level\":3,\"translatedWithWPMLTM\":\"1\"} -->\n<h3>Ventilaci\u00f3n ajustable<\/h3>\n<!-- \/wp:heading --><!-- wp:paragraph {\"translatedWithWPMLTM\":\"1\"} -->\n<p>El flujo de aire adecuado es uno de los aspectos m\u00e1s importantes de la salud de los becerros. Nuestro sistema de ventilaci\u00f3n ajustable le permite crear el microambiente perfecto para sus becerros.<\/p>\n<!-- \/wp:paragraph --><\/div>\n                        <\/div>\n                    <\/div>\n                                <\/div>\n            <\/div><div id=accessories-associated-listing-block_6070b6bd72643 class=\"block-accessories-associated-listing alignfull\">\n    <div class=\"header\">\n        \n\n<h2 class=\"card-heading wp-block-heading\">Accesorios relacionados<\/h2>\n\n\n    <\/div>\n\n        <\/div>","protected":false},"excerpt":{"rendered":"<p>Un sistema iniciador COMPLETE dise\u00f1ado para 2 becerros.<\/p>\n","protected":false},"featured_media":5050,"template":"","series":[171],"class_list":["post-9141","product","type-product","status-publish","has-post-thumbnail","hentry","series-serie-s-es"],"acf":[],"yoast_head":"<!-- This site is optimized with the Yoast SEO plugin v27.4 - https:\/\/yoast.com\/product\/yoast-seo-wordpress\/ -->\n<title>30 | 58 (Sistema Iniciador Doble) - Calf-Tel<\/title>\n<meta name=\"robots\" content=\"index, follow, max-snippet:-1, max-image-preview:large, max-video-preview:-1\" \/>\n<link rel=\"canonical\" href=\"https:\/\/calftel.com\/es\/product\/serie-s-es\/30-58-sistema-iniciador-doble\/\" \/>\n<meta property=\"og:locale\" content=\"es_ES\" \/>\n<meta property=\"og:type\" content=\"article\" \/>\n<meta property=\"og:title\" content=\"30 | 58 (Sistema Iniciador Doble) - Calf-Tel\" \/>\n<meta property=\"og:description\" content=\"Un sistema iniciador COMPLETE dise\u00f1ado para 2 becerros.\" \/>\n<meta property=\"og:url\" content=\"https:\/\/calftel.com\/es\/product\/serie-s-es\/30-58-sistema-iniciador-doble\/\" \/>\n<meta property=\"og:site_name\" content=\"Calf-Tel\" \/>\n<meta property=\"article:publisher\" content=\"https:\/\/www.facebook.com\/calftel\/\" \/>\n<meta property=\"article:modified_time\" content=\"2021-09-14T19:39:06+00:00\" \/>\n<meta property=\"og:image\" content=\"https:\/\/calftel.com\/wp-content\/uploads\/2021\/05\/17-58-Wheel-Base.png\" \/>\n\t<meta property=\"og:image:width\" content=\"1024\" \/>\n\t<meta property=\"og:image:height\" content=\"768\" \/>\n\t<meta property=\"og:image:type\" content=\"image\/png\" \/>\n<meta name=\"twitter:card\" content=\"summary_large_image\" \/>\n<meta name=\"twitter:label1\" content=\"Tiempo de lectura\" \/>\n\t<meta name=\"twitter:data1\" content=\"1 minuto\" \/>\n<script type=\"application\/ld+json\" class=\"yoast-schema-graph\">{\"@context\":\"https:\\\/\\\/schema.org\",\"@graph\":[{\"@type\":[\"WebPage\",\"ItemPage\"],\"@id\":\"https:\\\/\\\/calftel.com\\\/es\\\/product\\\/serie-s-es\\\/30-58-sistema-iniciador-doble\\\/\",\"url\":\"https:\\\/\\\/calftel.com\\\/es\\\/product\\\/serie-s-es\\\/30-58-sistema-iniciador-doble\\\/\",\"name\":\"30 | 58 (Sistema Iniciador Doble) - Calf-Tel\",\"isPartOf\":{\"@id\":\"https:\\\/\\\/calftel.com\\\/es\\\/#website\"},\"primaryImageOfPage\":{\"@id\":\"https:\\\/\\\/calftel.com\\\/es\\\/product\\\/serie-s-es\\\/30-58-sistema-iniciador-doble\\\/#primaryimage\"},\"image\":{\"@id\":\"https:\\\/\\\/calftel.com\\\/es\\\/product\\\/serie-s-es\\\/30-58-sistema-iniciador-doble\\\/#primaryimage\"},\"thumbnailUrl\":\"https:\\\/\\\/calftel.com\\\/wp-content\\\/uploads\\\/2021\\\/05\\\/17-58-Wheel-Base.png\",\"datePublished\":\"2021-08-31T21:13:54+00:00\",\"dateModified\":\"2021-09-14T19:39:06+00:00\",\"breadcrumb\":{\"@id\":\"https:\\\/\\\/calftel.com\\\/es\\\/product\\\/serie-s-es\\\/30-58-sistema-iniciador-doble\\\/#breadcrumb\"},\"inLanguage\":\"es\",\"potentialAction\":[{\"@type\":\"ReadAction\",\"target\":[\"https:\\\/\\\/calftel.com\\\/es\\\/product\\\/serie-s-es\\\/30-58-sistema-iniciador-doble\\\/\"]}]},{\"@type\":\"ImageObject\",\"inLanguage\":\"es\",\"@id\":\"https:\\\/\\\/calftel.com\\\/es\\\/product\\\/serie-s-es\\\/30-58-sistema-iniciador-doble\\\/#primaryimage\",\"url\":\"https:\\\/\\\/calftel.com\\\/wp-content\\\/uploads\\\/2021\\\/05\\\/17-58-Wheel-Base.png\",\"contentUrl\":\"https:\\\/\\\/calftel.com\\\/wp-content\\\/uploads\\\/2021\\\/05\\\/17-58-Wheel-Base.png\",\"width\":1024,\"height\":768},{\"@type\":\"BreadcrumbList\",\"@id\":\"https:\\\/\\\/calftel.com\\\/es\\\/product\\\/serie-s-es\\\/30-58-sistema-iniciador-doble\\\/#breadcrumb\",\"itemListElement\":[{\"@type\":\"ListItem\",\"position\":1,\"name\":\"Home\",\"item\":\"https:\\\/\\\/calftel.com\\\/es\\\/\"},{\"@type\":\"ListItem\",\"position\":2,\"name\":\"Serie-S\",\"item\":\"https:\\\/\\\/calftel.com\\\/es\\\/series\\\/serie-s-es\\\/\"},{\"@type\":\"ListItem\",\"position\":3,\"name\":\"30 | 58 (Sistema Iniciador Doble)\"}]},{\"@type\":\"WebSite\",\"@id\":\"https:\\\/\\\/calftel.com\\\/es\\\/#website\",\"url\":\"https:\\\/\\\/calftel.com\\\/es\\\/\",\"name\":\"Calf-Tel\",\"description\":\"Calf Hutch Experts\",\"publisher\":{\"@id\":\"https:\\\/\\\/calftel.com\\\/es\\\/#organization\"},\"potentialAction\":[{\"@type\":\"SearchAction\",\"target\":{\"@type\":\"EntryPoint\",\"urlTemplate\":\"https:\\\/\\\/calftel.com\\\/es\\\/?s={search_term_string}\"},\"query-input\":{\"@type\":\"PropertyValueSpecification\",\"valueRequired\":true,\"valueName\":\"search_term_string\"}}],\"inLanguage\":\"es\"},{\"@type\":\"Organization\",\"@id\":\"https:\\\/\\\/calftel.com\\\/es\\\/#organization\",\"name\":\"Calf-Tel by Hampel\",\"url\":\"https:\\\/\\\/calftel.com\\\/es\\\/\",\"logo\":{\"@type\":\"ImageObject\",\"inLanguage\":\"es\",\"@id\":\"https:\\\/\\\/calftel.com\\\/es\\\/#\\\/schema\\\/logo\\\/image\\\/\",\"url\":\"https:\\\/\\\/calftel.com\\\/wp-content\\\/uploads\\\/2021\\\/11\\\/Hampels-CalfTel-USA-EST-1981-Color.png\",\"contentUrl\":\"https:\\\/\\\/calftel.com\\\/wp-content\\\/uploads\\\/2021\\\/11\\\/Hampels-CalfTel-USA-EST-1981-Color.png\",\"width\":1080,\"height\":516,\"caption\":\"Calf-Tel by Hampel\"},\"image\":{\"@id\":\"https:\\\/\\\/calftel.com\\\/es\\\/#\\\/schema\\\/logo\\\/image\\\/\"},\"sameAs\":[\"https:\\\/\\\/www.facebook.com\\\/calftel\\\/\",\"https:\\\/\\\/www.instagram.com\\\/calftel\\\/\",\"https:\\\/\\\/linkedin.com\\\/company\\\/calf-tel\\\/\",\"https:\\\/\\\/www.youtube.com\\\/channel\\\/UCq73euoWhx5k1kOjHBHXM_g\"]}]}<\/script>\n<!-- \/ Yoast SEO plugin. -->","yoast_head_json":{"title":"30 | 58 (Sistema Iniciador Doble) - Calf-Tel","robots":{"index":"index","follow":"follow","max-snippet":"max-snippet:-1","max-image-preview":"max-image-preview:large","max-video-preview":"max-video-preview:-1"},"canonical":"https:\/\/calftel.com\/es\/product\/serie-s-es\/30-58-sistema-iniciador-doble\/","og_locale":"es_ES","og_type":"article","og_title":"30 | 58 (Sistema Iniciador Doble) - Calf-Tel","og_description":"Un sistema iniciador COMPLETE dise\u00f1ado para 2 becerros.","og_url":"https:\/\/calftel.com\/es\/product\/serie-s-es\/30-58-sistema-iniciador-doble\/","og_site_name":"Calf-Tel","article_publisher":"https:\/\/www.facebook.com\/calftel\/","article_modified_time":"2021-09-14T19:39:06+00:00","og_image":[{"width":1024,"height":768,"url":"https:\/\/calftel.com\/wp-content\/uploads\/2021\/05\/17-58-Wheel-Base.png","type":"image\/png"}],"twitter_card":"summary_large_image","twitter_misc":{"Tiempo de lectura":"1 minuto"},"schema":{"@context":"https:\/\/schema.org","@graph":[{"@type":["WebPage","ItemPage"],"@id":"https:\/\/calftel.com\/es\/product\/serie-s-es\/30-58-sistema-iniciador-doble\/","url":"https:\/\/calftel.com\/es\/product\/serie-s-es\/30-58-sistema-iniciador-doble\/","name":"30 | 58 (Sistema Iniciador Doble) - Calf-Tel","isPartOf":{"@id":"https:\/\/calftel.com\/es\/#website"},"primaryImageOfPage":{"@id":"https:\/\/calftel.com\/es\/product\/serie-s-es\/30-58-sistema-iniciador-doble\/#primaryimage"},"image":{"@id":"https:\/\/calftel.com\/es\/product\/serie-s-es\/30-58-sistema-iniciador-doble\/#primaryimage"},"thumbnailUrl":"https:\/\/calftel.com\/wp-content\/uploads\/2021\/05\/17-58-Wheel-Base.png","datePublished":"2021-08-31T21:13:54+00:00","dateModified":"2021-09-14T19:39:06+00:00","breadcrumb":{"@id":"https:\/\/calftel.com\/es\/product\/serie-s-es\/30-58-sistema-iniciador-doble\/#breadcrumb"},"inLanguage":"es","potentialAction":[{"@type":"ReadAction","target":["https:\/\/calftel.com\/es\/product\/serie-s-es\/30-58-sistema-iniciador-doble\/"]}]},{"@type":"ImageObject","inLanguage":"es","@id":"https:\/\/calftel.com\/es\/product\/serie-s-es\/30-58-sistema-iniciador-doble\/#primaryimage","url":"https:\/\/calftel.com\/wp-content\/uploads\/2021\/05\/17-58-Wheel-Base.png","contentUrl":"https:\/\/calftel.com\/wp-content\/uploads\/2021\/05\/17-58-Wheel-Base.png","width":1024,"height":768},{"@type":"BreadcrumbList","@id":"https:\/\/calftel.com\/es\/product\/serie-s-es\/30-58-sistema-iniciador-doble\/#breadcrumb","itemListElement":[{"@type":"ListItem","position":1,"name":"Home","item":"https:\/\/calftel.com\/es\/"},{"@type":"ListItem","position":2,"name":"Serie-S","item":"https:\/\/calftel.com\/es\/series\/serie-s-es\/"},{"@type":"ListItem","position":3,"name":"30 | 58 (Sistema Iniciador Doble)"}]},{"@type":"WebSite","@id":"https:\/\/calftel.com\/es\/#website","url":"https:\/\/calftel.com\/es\/","name":"Calf-Tel","description":"Calf Hutch Experts","publisher":{"@id":"https:\/\/calftel.com\/es\/#organization"},"potentialAction":[{"@type":"SearchAction","target":{"@type":"EntryPoint","urlTemplate":"https:\/\/calftel.com\/es\/?s={search_term_string}"},"query-input":{"@type":"PropertyValueSpecification","valueRequired":true,"valueName":"search_term_string"}}],"inLanguage":"es"},{"@type":"Organization","@id":"https:\/\/calftel.com\/es\/#organization","name":"Calf-Tel by Hampel","url":"https:\/\/calftel.com\/es\/","logo":{"@type":"ImageObject","inLanguage":"es","@id":"https:\/\/calftel.com\/es\/#\/schema\/logo\/image\/","url":"https:\/\/calftel.com\/wp-content\/uploads\/2021\/11\/Hampels-CalfTel-USA-EST-1981-Color.png","contentUrl":"https:\/\/calftel.com\/wp-content\/uploads\/2021\/11\/Hampels-CalfTel-USA-EST-1981-Color.png","width":1080,"height":516,"caption":"Calf-Tel by Hampel"},"image":{"@id":"https:\/\/calftel.com\/es\/#\/schema\/logo\/image\/"},"sameAs":["https:\/\/www.facebook.com\/calftel\/","https:\/\/www.instagram.com\/calftel\/","https:\/\/linkedin.com\/company\/calf-tel\/","https:\/\/www.youtube.com\/channel\/UCq73euoWhx5k1kOjHBHXM_g"]}]}},"_links":{"self":[{"href":"https:\/\/calftel.com\/es\/wp-json\/wp\/v2\/product\/9141","targetHints":{"allow":["GET"]}}],"collection":[{"href":"https:\/\/calftel.com\/es\/wp-json\/wp\/v2\/product"}],"about":[{"href":"https:\/\/calftel.com\/es\/wp-json\/wp\/v2\/types\/product"}],"wp:featuredmedia":[{"embeddable":true,"href":"https:\/\/calftel.com\/es\/wp-json\/wp\/v2\/media\/5050"}],"wp:attachment":[{"href":"https:\/\/calftel.com\/es\/wp-json\/wp\/v2\/media?parent=9141"}],"wp:term":[{"taxonomy":"series","embeddable":true,"href":"https:\/\/calftel.com\/es\/wp-json\/wp\/v2\/series?post=9141"}],"curies":[{"name":"wp","href":"https:\/\/api.w.org\/{rel}","templated":true}]}}