{"id":8436,"date":"2021-08-16T13:18:57","date_gmt":"2021-08-16T13:18:57","guid":{"rendered":"https:\/\/calftel.local\/serie-c\/"},"modified":"2021-12-14T22:04:09","modified_gmt":"2021-12-14T22:04:09","slug":"serie-c","status":"publish","type":"page","link":"https:\/\/calftel.com\/fr\/produits\/serie-c\/","title":{"rendered":"S\u00e9rie C"},"content":{"rendered":"\n<div class=\"wp-block-cover alignfull has-background-dim-40 has-background-dim pattern-hero-image gt-remove-margin-top\"><img loading=\"lazy\" decoding=\"async\" width=\"2000\" height=\"600\" class=\"wp-block-cover__image-background wp-image-6122\" alt=\"\" src=\"https:\/\/calftel.com\/wp-content\/uploads\/2021\/06\/C-Seires.jpg\" style=\"object-position:60% 17%\" data-object-fit=\"cover\" data-object-position=\"60% 17%\" srcset=\"https:\/\/calftel.com\/wp-content\/uploads\/2021\/06\/C-Seires.jpg 2000w, https:\/\/calftel.com\/wp-content\/uploads\/2021\/06\/C-Seires-300x90.jpg 300w, https:\/\/calftel.com\/wp-content\/uploads\/2021\/06\/C-Seires-1024x307.jpg 1024w, https:\/\/calftel.com\/wp-content\/uploads\/2021\/06\/C-Seires-768x230.jpg 768w, https:\/\/calftel.com\/wp-content\/uploads\/2021\/06\/C-Seires-1536x461.jpg 1536w\" sizes=\"auto, (max-width: 2000px) 100vw, 2000px\" \/><div class=\"wp-block-cover__inner-container is-layout-flow wp-block-cover-is-layout-flow\">\n<div class=\"wp-block-image gt-remove-margin-top gt-remove-margin-bottom\"><figure class=\"aligncenter size-full is-resized\"><img decoding=\"async\" src=\"https:\/\/calftel.com\/wp-content\/uploads\/2021\/09\/Icon_CSeries.svg\" alt=\"S&#xE9;rie &quot;Containment&quot;\" class=\"wp-image-9641\" width=\"75\"\/><\/figure><\/div>\n\n\n\n<h1 class=\"has-text-align-center gt-remove-margin-top wp-block-heading\">S\u00e9rie C<\/h1>\n<\/div><\/div>\n\n<div class=\"wp-block-group alignfull pattern-series-intro-images\"><div class=\"wp-block-group__inner-container is-layout-flow wp-block-group-is-layout-flow\">\n<div class=\"wp-block-columns alignwide is-layout-flex wp-container-core-columns-is-layout-9d6595d7 wp-block-columns-is-layout-flex\">\n<div class=\"wp-block-column is-vertically-aligned-center is-layout-flow wp-block-column-is-layout-flow\">\n<h2 class=\"gt-remove-margin-bottom wp-block-heading\">S\u00e9curis\u00e9 et bien entour\u00e9.<\/h2>\n\n\n\n<p><strong>Un espace confortable pour assurer la bonne sant\u00e9 et le bien-\u00eatre des veaux.<\/strong><\/p>\n\n\n\n<p>La s\u00e9rie C conf\u00e8re \u00e0 votre jeune veau tout l&rsquo;espace dont il a besoin. Avec une exposition \u00e0 la lumi\u00e8re naturelle, une meilleure ventilation et davantage d&rsquo;espace pour les jambes, la s\u00e9rie Containment de Calf-Tel est une solution id\u00e9ale pour votre exploitation.<\/p>\n<\/div>\n\n\n\n<div class=\"wp-block-column is-layout-flow wp-block-column-is-layout-flow\">\n<figure class=\"wp-block-image size-large\"><img loading=\"lazy\" decoding=\"async\" width=\"1024\" height=\"768\" src=\"https:\/\/calftel.com\/wp-content\/uploads\/2021\/06\/Image-1.jpg\" alt=\"\" class=\"wp-image-6832\" srcset=\"https:\/\/calftel.com\/wp-content\/uploads\/2021\/06\/Image-1.jpg 1024w, https:\/\/calftel.com\/wp-content\/uploads\/2021\/06\/Image-1-300x225.jpg 300w, https:\/\/calftel.com\/wp-content\/uploads\/2021\/06\/Image-1-768x576.jpg 768w\" sizes=\"auto, (max-width: 1024px) 100vw, 1024px\" \/><\/figure>\n<\/div>\n<\/div>\n\n\n\n<figure class=\"wp-block-gallery alignwide columns-2 is-cropped wp-block-gallery-1 is-layout-flex wp-block-gallery-is-layout-flex\"><ul class=\"blocks-gallery-grid\"><li class=\"blocks-gallery-item\"><figure><img loading=\"lazy\" decoding=\"async\" width=\"1024\" height=\"768\" src=\"https:\/\/calftel.com\/wp-content\/uploads\/2021\/06\/Image-2.jpg\" alt=\"\" data-id=\"6837\" data-link=\"https:\/\/calftel.com\/products\/c-series\/image-2-3\/\" class=\"wp-image-6838\" srcset=\"https:\/\/calftel.com\/wp-content\/uploads\/2021\/06\/Image-2.jpg 1024w, https:\/\/calftel.com\/wp-content\/uploads\/2021\/06\/Image-2-300x225.jpg 300w, https:\/\/calftel.com\/wp-content\/uploads\/2021\/06\/Image-2-768x576.jpg 768w\" sizes=\"auto, (max-width: 1024px) 100vw, 1024px\" \/><\/figure><\/li><li class=\"blocks-gallery-item\"><figure><img loading=\"lazy\" decoding=\"async\" width=\"1024\" height=\"768\" src=\"https:\/\/calftel.com\/wp-content\/uploads\/2021\/09\/C-Series-MultiMax-image.jpg\" alt=\"\" data-id=\"10035\" data-full-url=\"https:\/\/calftel.com\/wp-content\/uploads\/2021\/09\/C-Series-MultiMax-image.jpg\" data-link=\"https:\/\/calftel.com\/products\/c-series\/c-series-multimax-image\/\" class=\"wp-image-10036\" srcset=\"https:\/\/calftel.com\/wp-content\/uploads\/2021\/09\/C-Series-MultiMax-image.jpg 1024w, https:\/\/calftel.com\/wp-content\/uploads\/2021\/09\/C-Series-MultiMax-image-300x225.jpg 300w, https:\/\/calftel.com\/wp-content\/uploads\/2021\/09\/C-Series-MultiMax-image-768x576.jpg 768w\" sizes=\"auto, (max-width: 1024px) 100vw, 1024px\" \/><\/figure><\/li><\/ul><\/figure>\n<\/div><\/div>\n<div id=products-card-listing-block_606bc786b5efc class=\"block-products-card-listing alignwide large\">\n    <div class=\"header\">\n        \n\n<h2 class=\"card-heading wp-block-heading\"><strong>Produits<\/strong><\/h2>\n\n\n    <\/div>    \n    \t\n\t\n<\/div><div id=accessories-associated-listing-block_606dc9cf7278d class=\"block-accessories-associated-listing alignfull\">\n    <div class=\"header\">\n        \n\n<h2 class=\"card-heading wp-block-heading\">Accessoires Associ\u00e9s<\/h2>\n\n\n    <\/div>\n\n        <\/div>","protected":false},"excerpt":{"rendered":"","protected":false},"author":14,"featured_media":0,"parent":8931,"menu_order":0,"comment_status":"closed","ping_status":"closed","template":"","meta":{"_acf_changed":false,"footnotes":""},"class_list":["post-8436","page","type-page","status-publish","hentry"],"acf":[],"yoast_head":"<!-- This site is optimized with the Yoast SEO plugin v27.4 - https:\/\/yoast.com\/product\/yoast-seo-wordpress\/ -->\n<title>S\u00e9rie C - Calf-Tel<\/title>\n<meta name=\"robots\" content=\"index, follow, max-snippet:-1, max-image-preview:large, max-video-preview:-1\" \/>\n<link rel=\"canonical\" href=\"https:\/\/calftel.com\/fr\/produits\/serie-c\/\" \/>\n<meta property=\"og:locale\" content=\"fr_FR\" \/>\n<meta property=\"og:type\" content=\"article\" \/>\n<meta property=\"og:title\" content=\"S\u00e9rie C - Calf-Tel\" \/>\n<meta property=\"og:url\" content=\"https:\/\/calftel.com\/fr\/produits\/serie-c\/\" \/>\n<meta property=\"og:site_name\" content=\"Calf-Tel\" \/>\n<meta property=\"article:publisher\" content=\"https:\/\/www.facebook.com\/calftel\/\" \/>\n<meta property=\"article:modified_time\" content=\"2021-12-14T22:04:09+00:00\" \/>\n<meta property=\"og:image\" content=\"https:\/\/calftel.com\/wp-content\/uploads\/2021\/06\/C-Seires.jpg\" \/>\n<meta name=\"twitter:card\" content=\"summary_large_image\" \/>\n<script type=\"application\/ld+json\" class=\"yoast-schema-graph\">{\"@context\":\"https:\\\/\\\/schema.org\",\"@graph\":[{\"@type\":\"WebPage\",\"@id\":\"https:\\\/\\\/calftel.com\\\/fr\\\/produits\\\/serie-c\\\/\",\"url\":\"https:\\\/\\\/calftel.com\\\/fr\\\/produits\\\/serie-c\\\/\",\"name\":\"S\u00e9rie C - Calf-Tel\",\"isPartOf\":{\"@id\":\"https:\\\/\\\/calftel.com\\\/fr\\\/#website\"},\"primaryImageOfPage\":{\"@id\":\"https:\\\/\\\/calftel.com\\\/fr\\\/produits\\\/serie-c\\\/#primaryimage\"},\"image\":{\"@id\":\"https:\\\/\\\/calftel.com\\\/fr\\\/produits\\\/serie-c\\\/#primaryimage\"},\"thumbnailUrl\":\"https:\\\/\\\/calftel.com\\\/wp-content\\\/uploads\\\/2021\\\/06\\\/C-Seires.jpg\",\"datePublished\":\"2021-08-16T13:18:57+00:00\",\"dateModified\":\"2021-12-14T22:04:09+00:00\",\"breadcrumb\":{\"@id\":\"https:\\\/\\\/calftel.com\\\/fr\\\/produits\\\/serie-c\\\/#breadcrumb\"},\"inLanguage\":\"fr-FR\",\"potentialAction\":[{\"@type\":\"ReadAction\",\"target\":[\"https:\\\/\\\/calftel.com\\\/fr\\\/produits\\\/serie-c\\\/\"]}]},{\"@type\":\"ImageObject\",\"inLanguage\":\"fr-FR\",\"@id\":\"https:\\\/\\\/calftel.com\\\/fr\\\/produits\\\/serie-c\\\/#primaryimage\",\"url\":\"https:\\\/\\\/calftel.com\\\/wp-content\\\/uploads\\\/2021\\\/06\\\/C-Seires.jpg\",\"contentUrl\":\"https:\\\/\\\/calftel.com\\\/wp-content\\\/uploads\\\/2021\\\/06\\\/C-Seires.jpg\"},{\"@type\":\"BreadcrumbList\",\"@id\":\"https:\\\/\\\/calftel.com\\\/fr\\\/produits\\\/serie-c\\\/#breadcrumb\",\"itemListElement\":[{\"@type\":\"ListItem\",\"position\":1,\"name\":\"Home\",\"item\":\"https:\\\/\\\/calftel.com\\\/fr\\\/calf-housing\\\/\"},{\"@type\":\"ListItem\",\"position\":2,\"name\":\"Produits\",\"item\":\"https:\\\/\\\/calftel.com\\\/fr\\\/produits\\\/\"},{\"@type\":\"ListItem\",\"position\":3,\"name\":\"S\u00e9rie C\"}]},{\"@type\":\"WebSite\",\"@id\":\"https:\\\/\\\/calftel.com\\\/fr\\\/#website\",\"url\":\"https:\\\/\\\/calftel.com\\\/fr\\\/\",\"name\":\"Calf-Tel\",\"description\":\"Calf Hutch Experts\",\"publisher\":{\"@id\":\"https:\\\/\\\/calftel.com\\\/fr\\\/#organization\"},\"potentialAction\":[{\"@type\":\"SearchAction\",\"target\":{\"@type\":\"EntryPoint\",\"urlTemplate\":\"https:\\\/\\\/calftel.com\\\/fr\\\/?s={search_term_string}\"},\"query-input\":{\"@type\":\"PropertyValueSpecification\",\"valueRequired\":true,\"valueName\":\"search_term_string\"}}],\"inLanguage\":\"fr-FR\"},{\"@type\":\"Organization\",\"@id\":\"https:\\\/\\\/calftel.com\\\/fr\\\/#organization\",\"name\":\"Calf-Tel by Hampel\",\"url\":\"https:\\\/\\\/calftel.com\\\/fr\\\/\",\"logo\":{\"@type\":\"ImageObject\",\"inLanguage\":\"fr-FR\",\"@id\":\"https:\\\/\\\/calftel.com\\\/fr\\\/#\\\/schema\\\/logo\\\/image\\\/\",\"url\":\"https:\\\/\\\/calftel.com\\\/wp-content\\\/uploads\\\/2021\\\/11\\\/Hampels-CalfTel-USA-EST-1981-Color.png\",\"contentUrl\":\"https:\\\/\\\/calftel.com\\\/wp-content\\\/uploads\\\/2021\\\/11\\\/Hampels-CalfTel-USA-EST-1981-Color.png\",\"width\":1080,\"height\":516,\"caption\":\"Calf-Tel by Hampel\"},\"image\":{\"@id\":\"https:\\\/\\\/calftel.com\\\/fr\\\/#\\\/schema\\\/logo\\\/image\\\/\"},\"sameAs\":[\"https:\\\/\\\/www.facebook.com\\\/calftel\\\/\",\"https:\\\/\\\/www.instagram.com\\\/calftel\\\/\",\"https:\\\/\\\/linkedin.com\\\/company\\\/calf-tel\\\/\",\"https:\\\/\\\/www.youtube.com\\\/channel\\\/UCq73euoWhx5k1kOjHBHXM_g\"]}]}<\/script>\n<!-- \/ Yoast SEO plugin. -->","yoast_head_json":{"title":"S\u00e9rie C - Calf-Tel","robots":{"index":"index","follow":"follow","max-snippet":"max-snippet:-1","max-image-preview":"max-image-preview:large","max-video-preview":"max-video-preview:-1"},"canonical":"https:\/\/calftel.com\/fr\/produits\/serie-c\/","og_locale":"fr_FR","og_type":"article","og_title":"S\u00e9rie C - Calf-Tel","og_url":"https:\/\/calftel.com\/fr\/produits\/serie-c\/","og_site_name":"Calf-Tel","article_publisher":"https:\/\/www.facebook.com\/calftel\/","article_modified_time":"2021-12-14T22:04:09+00:00","og_image":[{"url":"https:\/\/calftel.com\/wp-content\/uploads\/2021\/06\/C-Seires.jpg","type":"","width":"","height":""}],"twitter_card":"summary_large_image","schema":{"@context":"https:\/\/schema.org","@graph":[{"@type":"WebPage","@id":"https:\/\/calftel.com\/fr\/produits\/serie-c\/","url":"https:\/\/calftel.com\/fr\/produits\/serie-c\/","name":"S\u00e9rie C - Calf-Tel","isPartOf":{"@id":"https:\/\/calftel.com\/fr\/#website"},"primaryImageOfPage":{"@id":"https:\/\/calftel.com\/fr\/produits\/serie-c\/#primaryimage"},"image":{"@id":"https:\/\/calftel.com\/fr\/produits\/serie-c\/#primaryimage"},"thumbnailUrl":"https:\/\/calftel.com\/wp-content\/uploads\/2021\/06\/C-Seires.jpg","datePublished":"2021-08-16T13:18:57+00:00","dateModified":"2021-12-14T22:04:09+00:00","breadcrumb":{"@id":"https:\/\/calftel.com\/fr\/produits\/serie-c\/#breadcrumb"},"inLanguage":"fr-FR","potentialAction":[{"@type":"ReadAction","target":["https:\/\/calftel.com\/fr\/produits\/serie-c\/"]}]},{"@type":"ImageObject","inLanguage":"fr-FR","@id":"https:\/\/calftel.com\/fr\/produits\/serie-c\/#primaryimage","url":"https:\/\/calftel.com\/wp-content\/uploads\/2021\/06\/C-Seires.jpg","contentUrl":"https:\/\/calftel.com\/wp-content\/uploads\/2021\/06\/C-Seires.jpg"},{"@type":"BreadcrumbList","@id":"https:\/\/calftel.com\/fr\/produits\/serie-c\/#breadcrumb","itemListElement":[{"@type":"ListItem","position":1,"name":"Home","item":"https:\/\/calftel.com\/fr\/calf-housing\/"},{"@type":"ListItem","position":2,"name":"Produits","item":"https:\/\/calftel.com\/fr\/produits\/"},{"@type":"ListItem","position":3,"name":"S\u00e9rie C"}]},{"@type":"WebSite","@id":"https:\/\/calftel.com\/fr\/#website","url":"https:\/\/calftel.com\/fr\/","name":"Calf-Tel","description":"Calf Hutch Experts","publisher":{"@id":"https:\/\/calftel.com\/fr\/#organization"},"potentialAction":[{"@type":"SearchAction","target":{"@type":"EntryPoint","urlTemplate":"https:\/\/calftel.com\/fr\/?s={search_term_string}"},"query-input":{"@type":"PropertyValueSpecification","valueRequired":true,"valueName":"search_term_string"}}],"inLanguage":"fr-FR"},{"@type":"Organization","@id":"https:\/\/calftel.com\/fr\/#organization","name":"Calf-Tel by Hampel","url":"https:\/\/calftel.com\/fr\/","logo":{"@type":"ImageObject","inLanguage":"fr-FR","@id":"https:\/\/calftel.com\/fr\/#\/schema\/logo\/image\/","url":"https:\/\/calftel.com\/wp-content\/uploads\/2021\/11\/Hampels-CalfTel-USA-EST-1981-Color.png","contentUrl":"https:\/\/calftel.com\/wp-content\/uploads\/2021\/11\/Hampels-CalfTel-USA-EST-1981-Color.png","width":1080,"height":516,"caption":"Calf-Tel by Hampel"},"image":{"@id":"https:\/\/calftel.com\/fr\/#\/schema\/logo\/image\/"},"sameAs":["https:\/\/www.facebook.com\/calftel\/","https:\/\/www.instagram.com\/calftel\/","https:\/\/linkedin.com\/company\/calf-tel\/","https:\/\/www.youtube.com\/channel\/UCq73euoWhx5k1kOjHBHXM_g"]}]}},"_links":{"self":[{"href":"https:\/\/calftel.com\/fr\/wp-json\/wp\/v2\/pages\/8436","targetHints":{"allow":["GET"]}}],"collection":[{"href":"https:\/\/calftel.com\/fr\/wp-json\/wp\/v2\/pages"}],"about":[{"href":"https:\/\/calftel.com\/fr\/wp-json\/wp\/v2\/types\/page"}],"author":[{"embeddable":true,"href":"https:\/\/calftel.com\/fr\/wp-json\/wp\/v2\/users\/14"}],"replies":[{"embeddable":true,"href":"https:\/\/calftel.com\/fr\/wp-json\/wp\/v2\/comments?post=8436"}],"version-history":[{"count":0,"href":"https:\/\/calftel.com\/fr\/wp-json\/wp\/v2\/pages\/8436\/revisions"}],"up":[{"embeddable":true,"href":"https:\/\/calftel.com\/fr\/wp-json\/wp\/v2\/pages\/8931"}],"wp:attachment":[{"href":"https:\/\/calftel.com\/fr\/wp-json\/wp\/v2\/media?parent=8436"}],"curies":[{"name":"wp","href":"https:\/\/api.w.org\/{rel}","templated":true}]}}