{"id":8502,"date":"2021-08-19T14:05:39","date_gmt":"2021-08-19T14:05:39","guid":{"rendered":"https:\/\/calftel.local\/niches-de-groupe\/"},"modified":"2022-06-06T19:41:34","modified_gmt":"2022-06-06T19:41:34","slug":"group-housing","status":"publish","type":"page","link":"https:\/\/calftel.com\/fr\/produits\/group-housing\/","title":{"rendered":"Group Housing"},"content":{"rendered":"\n<div class=\"wp-block-cover alignfull is-light pattern-hero-image gt-remove-margin-top\"><span aria-hidden=\"true\" class=\"has-background-dim-40 wp-block-cover__gradient-background has-background-dim\"><\/span><img loading=\"lazy\" decoding=\"async\" width=\"2000\" height=\"600\" class=\"wp-block-cover__image-background wp-image-6113\" alt=\"\" src=\"https:\/\/calftel.com\/wp-content\/uploads\/2021\/06\/Group-Housing.jpg\" style=\"object-position:55% 16%\" data-object-fit=\"cover\" data-object-position=\"55% 16%\" srcset=\"https:\/\/calftel.com\/wp-content\/uploads\/2021\/06\/Group-Housing.jpg 2000w, https:\/\/calftel.com\/wp-content\/uploads\/2021\/06\/Group-Housing-300x90.jpg 300w, https:\/\/calftel.com\/wp-content\/uploads\/2021\/06\/Group-Housing-1024x307.jpg 1024w, https:\/\/calftel.com\/wp-content\/uploads\/2021\/06\/Group-Housing-768x230.jpg 768w, https:\/\/calftel.com\/wp-content\/uploads\/2021\/06\/Group-Housing-1536x461.jpg 1536w\" sizes=\"auto, (max-width: 2000px) 100vw, 2000px\" \/><div class=\"wp-block-cover__inner-container is-layout-flow wp-block-cover-is-layout-flow\">\n<div class=\"wp-block-image gt-remove-margin-top gt-remove-margin-bottom\"><figure class=\"aligncenter size-full is-resized\"><img decoding=\"async\" src=\"https:\/\/calftel.com\/wp-content\/uploads\/2021\/09\/Icon_Group.svg\" alt=\"Group Series\" class=\"wp-image-9647\" width=\"75\"\/><\/figure><\/div>\n\n\n\n<h1 class=\"has-text-align-center gt-remove-margin-top wp-block-heading\">Group Housing<\/h1>\n<\/div><\/div>\n\n<div class=\"wp-block-group alignfull pattern-series-intro-images\"><div class=\"wp-block-group__inner-container is-layout-flow wp-block-group-is-layout-flow\">\n<div class=\"wp-block-columns alignwide is-layout-flex wp-container-core-columns-is-layout-9d6595d7 wp-block-columns-is-layout-flex\">\n<div class=\"wp-block-column is-vertically-aligned-center is-layout-flow wp-block-column-is-layout-flow\">\n<h2 class=\"gt-remove-margin-bottom wp-block-heading\">Cr\u00e9er un r\u00e9el rapprochement<\/h2>\n\n\n\n<p class=\"gt-remove-margin-top\"><strong>R\u00e9duisez le niveau de stress et les probl\u00e8mes de sant\u00e9 potentiels durant les p\u00e9riodes de transition.<\/strong><\/p>\n\n\n\n<p>Tout comme les adolescents, les veaux sevr\u00e9s ne sont pas tout \u00e0 fait pr\u00eats \u00e0 affronter le monde r\u00e9el, mais ils ont tout int\u00e9r\u00eat \u00e0 apprendre \u00e0 vivre avec leurs cong\u00e9n\u00e8res. Nos installations de groupes constituent l&rsquo;environnement id\u00e9al pour cette \u00e9tape importante de leur d\u00e9veloppement.<\/p>\n<\/div>\n\n\n\n<div class=\"wp-block-column is-layout-flow wp-block-column-is-layout-flow\">\n<figure class=\"wp-block-image size-large\"><img loading=\"lazy\" decoding=\"async\" width=\"1024\" height=\"768\" src=\"https:\/\/calftel.com\/wp-content\/uploads\/2021\/06\/Group-Housing-Back-of-Hutches.jpg\" alt=\"\" class=\"wp-image-5609\" srcset=\"https:\/\/calftel.com\/wp-content\/uploads\/2021\/06\/Group-Housing-Back-of-Hutches.jpg 1024w, https:\/\/calftel.com\/wp-content\/uploads\/2021\/06\/Group-Housing-Back-of-Hutches-300x225.jpg 300w, https:\/\/calftel.com\/wp-content\/uploads\/2021\/06\/Group-Housing-Back-of-Hutches-768x576.jpg 768w\" sizes=\"auto, (max-width: 1024px) 100vw, 1024px\" \/><\/figure><\/div>\n<\/div>\n\n\n\n<div class=\"wp-block-blockgallery-masonry alignwide\"><div class=\"blockgallery has-caption-style-dark has-gutter\"><ul class=\"has-grid-xlrg has-gutter-15 has-gutter-mobile-15\"><li class=\"blockgallery--item\"><figure class=\"blockgallery--figure\"><img loading=\"lazy\" decoding=\"async\" width=\"1024\" height=\"768\" src=\"https:\/\/calftel.com\/wp-content\/uploads\/2021\/05\/Calf-Tel_GroupHousing-1024x768.jpg\" alt=\"\" data-id=\"3859\" data-link=\"https:\/\/calftel.com\/products\/group-housing\/calf-tel_grouphousing\/\" class=\"wp-image-3859\" srcset=\"https:\/\/calftel.com\/wp-content\/uploads\/2021\/05\/Calf-Tel_GroupHousing-1024x768.jpg 1024w, https:\/\/calftel.com\/wp-content\/uploads\/2021\/05\/Calf-Tel_GroupHousing-300x225.jpg 300w, https:\/\/calftel.com\/wp-content\/uploads\/2021\/05\/Calf-Tel_GroupHousing-768x576.jpg 768w, https:\/\/calftel.com\/wp-content\/uploads\/2021\/05\/Calf-Tel_GroupHousing-1536x1152.jpg 1536w, https:\/\/calftel.com\/wp-content\/uploads\/2021\/05\/Calf-Tel_GroupHousing-2048x1536.jpg 2048w\" sizes=\"auto, (max-width: 1024px) 100vw, 1024px\" \/><\/figure><\/li><li class=\"blockgallery--item\"><figure class=\"blockgallery--figure\"><img loading=\"lazy\" decoding=\"async\" width=\"1024\" height=\"768\" src=\"https:\/\/calftel.com\/wp-content\/uploads\/2021\/06\/Untitled-4.jpg\" alt=\"\" data-id=\"5614\" data-link=\"https:\/\/calftel.com\/products\/group-housing\/untitled-4\/\" class=\"wp-image-5615\" srcset=\"https:\/\/calftel.com\/wp-content\/uploads\/2021\/06\/Untitled-4.jpg 1024w, https:\/\/calftel.com\/wp-content\/uploads\/2021\/06\/Untitled-4-300x225.jpg 300w, https:\/\/calftel.com\/wp-content\/uploads\/2021\/06\/Untitled-4-768x576.jpg 768w\" sizes=\"auto, (max-width: 1024px) 100vw, 1024px\" \/><\/figure><\/li><li class=\"blockgallery--item\"><figure class=\"blockgallery--figure\"><img loading=\"lazy\" decoding=\"async\" width=\"1024\" height=\"768\" src=\"https:\/\/calftel.com\/wp-content\/uploads\/2021\/06\/Untitled-5.jpg\" alt=\"\" data-id=\"5626\" data-link=\"https:\/\/calftel.com\/products\/group-housing\/untitled-5\/\" class=\"wp-image-5627\" srcset=\"https:\/\/calftel.com\/wp-content\/uploads\/2021\/06\/Untitled-5.jpg 1024w, https:\/\/calftel.com\/wp-content\/uploads\/2021\/06\/Untitled-5-300x225.jpg 300w, https:\/\/calftel.com\/wp-content\/uploads\/2021\/06\/Untitled-5-768x576.jpg 768w\" sizes=\"auto, (max-width: 1024px) 100vw, 1024px\" \/><\/figure><\/li><li class=\"blockgallery--item\"><figure class=\"blockgallery--figure\"><img loading=\"lazy\" decoding=\"async\" width=\"1024\" height=\"768\" src=\"https:\/\/calftel.com\/wp-content\/uploads\/2021\/06\/Untitled-2.jpg\" alt=\"\" data-id=\"5632\" data-link=\"https:\/\/calftel.com\/products\/group-housing\/untitled-2\/\" class=\"wp-image-5633\" srcset=\"https:\/\/calftel.com\/wp-content\/uploads\/2021\/06\/Untitled-2.jpg 1024w, https:\/\/calftel.com\/wp-content\/uploads\/2021\/06\/Untitled-2-300x225.jpg 300w, https:\/\/calftel.com\/wp-content\/uploads\/2021\/06\/Untitled-2-768x576.jpg 768w\" sizes=\"auto, (max-width: 1024px) 100vw, 1024px\" \/><\/figure><\/li><\/ul><\/div><\/div>\n<\/div><\/div>\n<div id=products-card-listing-block_606bef30e21ec class=\"block-products-card-listing alignwide large\">\n    <div class=\"header\">\n        \n\n<h2 class=\"card-heading wp-block-heading\">Produits<\/h2>\n\n\n    <\/div>    \n    \t\n\t\n<\/div><div id=accessories-associated-listing-block_606dc653add6c class=\"block-accessories-associated-listing alignfull\">\n    <div class=\"header\">\n        \n\n<h2 class=\"card-heading wp-block-heading\">Accessoires Associ\u00e9s<\/h2>\n\n\n    <\/div>\n\n        <\/div>","protected":false},"excerpt":{"rendered":"","protected":false},"author":14,"featured_media":0,"parent":8931,"menu_order":0,"comment_status":"closed","ping_status":"closed","template":"","meta":{"_acf_changed":false,"footnotes":""},"class_list":["post-8502","page","type-page","status-publish","hentry"],"acf":[],"yoast_head":"<!-- This site is optimized with the Yoast SEO plugin v27.4 - https:\/\/yoast.com\/product\/yoast-seo-wordpress\/ -->\n<title>Group Housing - Calf-Tel<\/title>\n<meta name=\"robots\" content=\"index, follow, max-snippet:-1, max-image-preview:large, max-video-preview:-1\" \/>\n<link rel=\"canonical\" href=\"https:\/\/calftel.com\/fr\/produits\/group-housing\/\" \/>\n<meta property=\"og:locale\" content=\"fr_FR\" \/>\n<meta property=\"og:type\" content=\"article\" \/>\n<meta property=\"og:title\" content=\"Group Housing - Calf-Tel\" \/>\n<meta property=\"og:url\" content=\"https:\/\/calftel.com\/fr\/produits\/group-housing\/\" \/>\n<meta property=\"og:site_name\" content=\"Calf-Tel\" \/>\n<meta property=\"article:publisher\" content=\"https:\/\/www.facebook.com\/calftel\/\" \/>\n<meta property=\"article:modified_time\" content=\"2022-06-06T19:41:34+00:00\" \/>\n<meta property=\"og:image\" content=\"https:\/\/calftel.com\/wp-content\/uploads\/2021\/06\/Group-Housing.jpg\" \/>\n<meta name=\"twitter:card\" content=\"summary_large_image\" \/>\n<script type=\"application\/ld+json\" class=\"yoast-schema-graph\">{\"@context\":\"https:\\\/\\\/schema.org\",\"@graph\":[{\"@type\":\"WebPage\",\"@id\":\"https:\\\/\\\/calftel.com\\\/fr\\\/produits\\\/group-housing\\\/\",\"url\":\"https:\\\/\\\/calftel.com\\\/fr\\\/produits\\\/group-housing\\\/\",\"name\":\"Group Housing - Calf-Tel\",\"isPartOf\":{\"@id\":\"https:\\\/\\\/calftel.com\\\/fr\\\/#website\"},\"primaryImageOfPage\":{\"@id\":\"https:\\\/\\\/calftel.com\\\/fr\\\/produits\\\/group-housing\\\/#primaryimage\"},\"image\":{\"@id\":\"https:\\\/\\\/calftel.com\\\/fr\\\/produits\\\/group-housing\\\/#primaryimage\"},\"thumbnailUrl\":\"https:\\\/\\\/calftel.com\\\/wp-content\\\/uploads\\\/2021\\\/06\\\/Group-Housing.jpg\",\"datePublished\":\"2021-08-19T14:05:39+00:00\",\"dateModified\":\"2022-06-06T19:41:34+00:00\",\"breadcrumb\":{\"@id\":\"https:\\\/\\\/calftel.com\\\/fr\\\/produits\\\/group-housing\\\/#breadcrumb\"},\"inLanguage\":\"fr-FR\",\"potentialAction\":[{\"@type\":\"ReadAction\",\"target\":[\"https:\\\/\\\/calftel.com\\\/fr\\\/produits\\\/group-housing\\\/\"]}]},{\"@type\":\"ImageObject\",\"inLanguage\":\"fr-FR\",\"@id\":\"https:\\\/\\\/calftel.com\\\/fr\\\/produits\\\/group-housing\\\/#primaryimage\",\"url\":\"https:\\\/\\\/calftel.com\\\/wp-content\\\/uploads\\\/2021\\\/06\\\/Group-Housing.jpg\",\"contentUrl\":\"https:\\\/\\\/calftel.com\\\/wp-content\\\/uploads\\\/2021\\\/06\\\/Group-Housing.jpg\"},{\"@type\":\"BreadcrumbList\",\"@id\":\"https:\\\/\\\/calftel.com\\\/fr\\\/produits\\\/group-housing\\\/#breadcrumb\",\"itemListElement\":[{\"@type\":\"ListItem\",\"position\":1,\"name\":\"Home\",\"item\":\"https:\\\/\\\/calftel.com\\\/fr\\\/calf-housing\\\/\"},{\"@type\":\"ListItem\",\"position\":2,\"name\":\"Produits\",\"item\":\"https:\\\/\\\/calftel.com\\\/fr\\\/produits\\\/\"},{\"@type\":\"ListItem\",\"position\":3,\"name\":\"Group Housing\"}]},{\"@type\":\"WebSite\",\"@id\":\"https:\\\/\\\/calftel.com\\\/fr\\\/#website\",\"url\":\"https:\\\/\\\/calftel.com\\\/fr\\\/\",\"name\":\"Calf-Tel\",\"description\":\"Calf Hutch Experts\",\"publisher\":{\"@id\":\"https:\\\/\\\/calftel.com\\\/fr\\\/#organization\"},\"potentialAction\":[{\"@type\":\"SearchAction\",\"target\":{\"@type\":\"EntryPoint\",\"urlTemplate\":\"https:\\\/\\\/calftel.com\\\/fr\\\/?s={search_term_string}\"},\"query-input\":{\"@type\":\"PropertyValueSpecification\",\"valueRequired\":true,\"valueName\":\"search_term_string\"}}],\"inLanguage\":\"fr-FR\"},{\"@type\":\"Organization\",\"@id\":\"https:\\\/\\\/calftel.com\\\/fr\\\/#organization\",\"name\":\"Calf-Tel by Hampel\",\"url\":\"https:\\\/\\\/calftel.com\\\/fr\\\/\",\"logo\":{\"@type\":\"ImageObject\",\"inLanguage\":\"fr-FR\",\"@id\":\"https:\\\/\\\/calftel.com\\\/fr\\\/#\\\/schema\\\/logo\\\/image\\\/\",\"url\":\"https:\\\/\\\/calftel.com\\\/wp-content\\\/uploads\\\/2021\\\/11\\\/Hampels-CalfTel-USA-EST-1981-Color.png\",\"contentUrl\":\"https:\\\/\\\/calftel.com\\\/wp-content\\\/uploads\\\/2021\\\/11\\\/Hampels-CalfTel-USA-EST-1981-Color.png\",\"width\":1080,\"height\":516,\"caption\":\"Calf-Tel by Hampel\"},\"image\":{\"@id\":\"https:\\\/\\\/calftel.com\\\/fr\\\/#\\\/schema\\\/logo\\\/image\\\/\"},\"sameAs\":[\"https:\\\/\\\/www.facebook.com\\\/calftel\\\/\",\"https:\\\/\\\/www.instagram.com\\\/calftel\\\/\",\"https:\\\/\\\/linkedin.com\\\/company\\\/calf-tel\\\/\",\"https:\\\/\\\/www.youtube.com\\\/channel\\\/UCq73euoWhx5k1kOjHBHXM_g\"]}]}<\/script>\n<!-- \/ Yoast SEO plugin. -->","yoast_head_json":{"title":"Group Housing - Calf-Tel","robots":{"index":"index","follow":"follow","max-snippet":"max-snippet:-1","max-image-preview":"max-image-preview:large","max-video-preview":"max-video-preview:-1"},"canonical":"https:\/\/calftel.com\/fr\/produits\/group-housing\/","og_locale":"fr_FR","og_type":"article","og_title":"Group Housing - Calf-Tel","og_url":"https:\/\/calftel.com\/fr\/produits\/group-housing\/","og_site_name":"Calf-Tel","article_publisher":"https:\/\/www.facebook.com\/calftel\/","article_modified_time":"2022-06-06T19:41:34+00:00","og_image":[{"url":"https:\/\/calftel.com\/wp-content\/uploads\/2021\/06\/Group-Housing.jpg","type":"","width":"","height":""}],"twitter_card":"summary_large_image","schema":{"@context":"https:\/\/schema.org","@graph":[{"@type":"WebPage","@id":"https:\/\/calftel.com\/fr\/produits\/group-housing\/","url":"https:\/\/calftel.com\/fr\/produits\/group-housing\/","name":"Group Housing - Calf-Tel","isPartOf":{"@id":"https:\/\/calftel.com\/fr\/#website"},"primaryImageOfPage":{"@id":"https:\/\/calftel.com\/fr\/produits\/group-housing\/#primaryimage"},"image":{"@id":"https:\/\/calftel.com\/fr\/produits\/group-housing\/#primaryimage"},"thumbnailUrl":"https:\/\/calftel.com\/wp-content\/uploads\/2021\/06\/Group-Housing.jpg","datePublished":"2021-08-19T14:05:39+00:00","dateModified":"2022-06-06T19:41:34+00:00","breadcrumb":{"@id":"https:\/\/calftel.com\/fr\/produits\/group-housing\/#breadcrumb"},"inLanguage":"fr-FR","potentialAction":[{"@type":"ReadAction","target":["https:\/\/calftel.com\/fr\/produits\/group-housing\/"]}]},{"@type":"ImageObject","inLanguage":"fr-FR","@id":"https:\/\/calftel.com\/fr\/produits\/group-housing\/#primaryimage","url":"https:\/\/calftel.com\/wp-content\/uploads\/2021\/06\/Group-Housing.jpg","contentUrl":"https:\/\/calftel.com\/wp-content\/uploads\/2021\/06\/Group-Housing.jpg"},{"@type":"BreadcrumbList","@id":"https:\/\/calftel.com\/fr\/produits\/group-housing\/#breadcrumb","itemListElement":[{"@type":"ListItem","position":1,"name":"Home","item":"https:\/\/calftel.com\/fr\/calf-housing\/"},{"@type":"ListItem","position":2,"name":"Produits","item":"https:\/\/calftel.com\/fr\/produits\/"},{"@type":"ListItem","position":3,"name":"Group Housing"}]},{"@type":"WebSite","@id":"https:\/\/calftel.com\/fr\/#website","url":"https:\/\/calftel.com\/fr\/","name":"Calf-Tel","description":"Calf Hutch Experts","publisher":{"@id":"https:\/\/calftel.com\/fr\/#organization"},"potentialAction":[{"@type":"SearchAction","target":{"@type":"EntryPoint","urlTemplate":"https:\/\/calftel.com\/fr\/?s={search_term_string}"},"query-input":{"@type":"PropertyValueSpecification","valueRequired":true,"valueName":"search_term_string"}}],"inLanguage":"fr-FR"},{"@type":"Organization","@id":"https:\/\/calftel.com\/fr\/#organization","name":"Calf-Tel by Hampel","url":"https:\/\/calftel.com\/fr\/","logo":{"@type":"ImageObject","inLanguage":"fr-FR","@id":"https:\/\/calftel.com\/fr\/#\/schema\/logo\/image\/","url":"https:\/\/calftel.com\/wp-content\/uploads\/2021\/11\/Hampels-CalfTel-USA-EST-1981-Color.png","contentUrl":"https:\/\/calftel.com\/wp-content\/uploads\/2021\/11\/Hampels-CalfTel-USA-EST-1981-Color.png","width":1080,"height":516,"caption":"Calf-Tel by Hampel"},"image":{"@id":"https:\/\/calftel.com\/fr\/#\/schema\/logo\/image\/"},"sameAs":["https:\/\/www.facebook.com\/calftel\/","https:\/\/www.instagram.com\/calftel\/","https:\/\/linkedin.com\/company\/calf-tel\/","https:\/\/www.youtube.com\/channel\/UCq73euoWhx5k1kOjHBHXM_g"]}]}},"_links":{"self":[{"href":"https:\/\/calftel.com\/fr\/wp-json\/wp\/v2\/pages\/8502","targetHints":{"allow":["GET"]}}],"collection":[{"href":"https:\/\/calftel.com\/fr\/wp-json\/wp\/v2\/pages"}],"about":[{"href":"https:\/\/calftel.com\/fr\/wp-json\/wp\/v2\/types\/page"}],"author":[{"embeddable":true,"href":"https:\/\/calftel.com\/fr\/wp-json\/wp\/v2\/users\/14"}],"replies":[{"embeddable":true,"href":"https:\/\/calftel.com\/fr\/wp-json\/wp\/v2\/comments?post=8502"}],"version-history":[{"count":0,"href":"https:\/\/calftel.com\/fr\/wp-json\/wp\/v2\/pages\/8502\/revisions"}],"up":[{"embeddable":true,"href":"https:\/\/calftel.com\/fr\/wp-json\/wp\/v2\/pages\/8931"}],"wp:attachment":[{"href":"https:\/\/calftel.com\/fr\/wp-json\/wp\/v2\/media?parent=8502"}],"curies":[{"name":"wp","href":"https:\/\/api.w.org\/{rel}","templated":true}]}}