{"id":8514,"date":"2021-08-19T16:44:18","date_gmt":"2021-08-19T16:44:18","guid":{"rendered":"https:\/\/calftel.local\/le-coin-du-veau\/"},"modified":"2022-06-23T19:25:23","modified_gmt":"2022-06-23T19:25:23","slug":"le-coin-du-veau","status":"publish","type":"page","link":"https:\/\/calftel.com\/fr\/le-coin-du-veau\/","title":{"rendered":"Calf Corner"},"content":{"rendered":"\n<div class=\"wp-block-cover alignfull is-light pattern-hero-image gt-remove-margin-top\" style=\"padding-top:0px;padding-right:0px;padding-bottom:0px;padding-left:0px;min-height:546px;aspect-ratio:unset;\"><span aria-hidden=\"true\" class=\"has-background-dim-0 wp-block-cover__gradient-background has-background-dim\"><\/span><img loading=\"lazy\" decoding=\"async\" width=\"2000\" height=\"600\" class=\"wp-block-cover__image-background wp-image-9984\" alt=\"\" src=\"https:\/\/calftel.com\/wp-content\/uploads\/2021\/09\/Calf-Corner-Hero-2-2.jpg\" style=\"object-position:62% 30%\" data-object-fit=\"cover\" data-object-position=\"62% 30%\" srcset=\"https:\/\/calftel.com\/wp-content\/uploads\/2021\/09\/Calf-Corner-Hero-2-2.jpg 2000w, https:\/\/calftel.com\/wp-content\/uploads\/2021\/09\/Calf-Corner-Hero-2-2-300x90.jpg 300w, https:\/\/calftel.com\/wp-content\/uploads\/2021\/09\/Calf-Corner-Hero-2-2-1024x307.jpg 1024w, https:\/\/calftel.com\/wp-content\/uploads\/2021\/09\/Calf-Corner-Hero-2-2-768x230.jpg 768w, https:\/\/calftel.com\/wp-content\/uploads\/2021\/09\/Calf-Corner-Hero-2-2-1536x461.jpg 1536w\" sizes=\"auto, (max-width: 2000px) 100vw, 2000px\" \/><div class=\"wp-block-cover__inner-container is-layout-flow wp-block-cover-is-layout-flow\">\n<h1 class=\"has-text-align-center wp-block-heading\"><mark style=\"background-color:rgba(0, 0, 0, 0)\" class=\"has-inline-color has-white-color\">Calf Corner<\/mark><\/h1>\n<\/div><\/div>\n\n<p class=\"has-text-align-center\">Nous sommes conscient que bien prendre soin de vos veaux est votre priorit\u00e9 num\u00e9ro un. <br\/>Calf Corner vous tient au courant des \u00e9v\u00e9nements \u00e0 venir, des derni\u00e8res informations et des formations sur l&rsquo;\u00e9levage de veaux sains et productifs.<\/p>\n\n<div class=\"wp-block-columns alignwide is-layout-flex wp-container-core-columns-is-layout-9d6595d7 wp-block-columns-is-layout-flex\">\n<div class=\"wp-block-column is-layout-flow wp-block-column-is-layout-flow\">\n<figure class=\"wp-block-image size-large\"><img loading=\"lazy\" decoding=\"async\" width=\"403\" height=\"268\" src=\"https:\/\/calftel.com\/wp-content\/uploads\/2021\/07\/Blog.jpg\" alt=\"\" class=\"wp-image-7104\" srcset=\"https:\/\/calftel.com\/wp-content\/uploads\/2021\/07\/Blog.jpg 403w, https:\/\/calftel.com\/wp-content\/uploads\/2021\/07\/Blog-300x200.jpg 300w\" sizes=\"auto, (max-width: 403px) 100vw, 403px\" \/><\/figure>\n\n\n<h5 class=\"has-text-align-center wp-block-heading\">Blog<\/h5>\n\n\n\n<p class=\"has-text-align-center\">Rendez-vous sur le blog de Calf-Tel pour tout savoir sur les veaux !<br\/><\/p>\n\n\n\n<div class=\"wp-block-buttons is-horizontal is-content-justification-center is-layout-flex wp-container-core-buttons-is-layout-499968f5 wp-block-buttons-is-layout-flex\">\n<div class=\"wp-block-button is-style-secondary-fill\"><a class=\"wp-block-button__link\" href=\"https:\/\/calftel.com\/calf-corner\/category\/blog\/\">Consulter le Blog<\/a><\/div>\n<\/div>\n<\/div>\n\n\n\n<div class=\"wp-block-column is-layout-flow wp-block-column-is-layout-flow\">\n<figure class=\"wp-block-image size-large\"><img loading=\"lazy\" decoding=\"async\" width=\"403\" height=\"268\" src=\"https:\/\/calftel.com\/wp-content\/uploads\/2021\/06\/Calf-Barn-Tours.jpg\" alt=\"\" class=\"wp-image-7029\" srcset=\"https:\/\/calftel.com\/wp-content\/uploads\/2021\/06\/Calf-Barn-Tours.jpg 403w, https:\/\/calftel.com\/wp-content\/uploads\/2021\/06\/Calf-Barn-Tours-300x200.jpg 300w\" sizes=\"auto, (max-width: 403px) 100vw, 403px\" \/><\/figure>\n\n\n<h5 class=\"has-text-align-center wp-block-heading\">Visites Virtuelles de Calf-Tel<\/h5>\n\n\n\n<p class=\"has-text-align-center\">Depuis le confort de votre maison, effectuez une visite d&rsquo;exploitations agricoles et d&rsquo;\u00e9levages qui font appel \u00e0 Calf-Tel.<\/p>\n\n\n\n<div class=\"wp-block-buttons is-horizontal is-content-justification-center is-layout-flex wp-container-core-buttons-is-layout-499968f5 wp-block-buttons-is-layout-flex\">\n<div class=\"wp-block-button is-style-secondary-fill\"><a class=\"wp-block-button__link\" href=\"https:\/\/calftel.com\/calf-corner\/category\/virtual-calftel-tours\/\">Visites Virtuelles<\/a><\/div>\n<\/div>\n<\/div>\n\n\n\n<div class=\"wp-block-column is-layout-flow wp-block-column-is-layout-flow\">\n<figure class=\"wp-block-image size-large\"><img loading=\"lazy\" decoding=\"async\" width=\"403\" height=\"268\" src=\"https:\/\/calftel.com\/wp-content\/uploads\/2021\/07\/Webinar-Image-2.jpg\" alt=\"\" class=\"wp-image-7212\" srcset=\"https:\/\/calftel.com\/wp-content\/uploads\/2021\/07\/Webinar-Image-2.jpg 403w, https:\/\/calftel.com\/wp-content\/uploads\/2021\/07\/Webinar-Image-2-300x200.jpg 300w\" sizes=\"auto, (max-width: 403px) 100vw, 403px\" \/><\/figure>\n\n\n<h5 class=\"has-text-align-center wp-block-heading\">Webinaires<\/h5>\n\n\n\n<p class=\"has-text-align-center\">D\u00e9couvrez les t\u00e9moignages de sp\u00e9cialistes du monde entier et une nouvelle perspective sur l&rsquo;\u00e9levage des veaux.<\/p>\n\n\n\n<div class=\"wp-block-buttons is-horizontal is-content-justification-center is-layout-flex wp-container-core-buttons-is-layout-499968f5 wp-block-buttons-is-layout-flex\">\n<div class=\"wp-block-button is-style-secondary-fill\"><a class=\"wp-block-button__link\" href=\"https:\/\/calftel.com\/fr\/calf-corner\/category\/non-classifiee\/\">Consulter les Webinaires<\/a><\/div>\n<\/div>\n<\/div>\n<\/div>\n\n<div class=\"wp-block-group alignfull has-blue-gray-background-color has-background gt-remove-margin-bottom\"><div class=\"wp-block-group__inner-container is-layout-flow wp-block-group-is-layout-flow\">\n<div class=\"wp-block-columns alignwide is-layout-flex wp-container-core-columns-is-layout-9d6595d7 wp-block-columns-is-layout-flex\">\n<div class=\"wp-block-column is-layout-flow wp-block-column-is-layout-flow\">\n<figure class=\"wp-block-image size-large\"><img loading=\"lazy\" decoding=\"async\" width=\"403\" height=\"268\" src=\"https:\/\/calftel.com\/wp-content\/uploads\/2021\/07\/News.jpg\" alt=\"\" class=\"wp-image-7089\" srcset=\"https:\/\/calftel.com\/wp-content\/uploads\/2021\/07\/News.jpg 403w, https:\/\/calftel.com\/wp-content\/uploads\/2021\/07\/News-300x200.jpg 300w\" sizes=\"auto, (max-width: 403px) 100vw, 403px\" \/><\/figure>\n\n\n<h5 class=\"has-text-align-center wp-block-heading\">News<\/h5>\n\n\n\n<p class=\"has-text-align-center\">Il nous tient \u00e0 c\u0153ur de vous tenir inform\u00e9 des derni\u00e8res nouveaut\u00e9s de l&rsquo;actualit\u00e9 de Calf-Tel.<\/p>\n\n\n\n<div class=\"wp-block-buttons is-horizontal is-content-justification-center is-layout-flex wp-container-core-buttons-is-layout-499968f5 wp-block-buttons-is-layout-flex\">\n<div class=\"wp-block-button is-style-secondary-fill\"><a class=\"wp-block-button__link\" href=\"https:\/\/calftel.com\/calf-corner\/category\/news\/\">Consulter les News<\/a><\/div>\n<\/div>\n<\/div>\n\n\n\n<div class=\"wp-block-column is-layout-flow wp-block-column-is-layout-flow\">\n<figure class=\"wp-block-image size-large\"><img loading=\"lazy\" decoding=\"async\" width=\"403\" height=\"268\" src=\"https:\/\/calftel.com\/wp-content\/uploads\/2021\/07\/Events-1.jpg\" alt=\"\" class=\"wp-image-7219\" srcset=\"https:\/\/calftel.com\/wp-content\/uploads\/2021\/07\/Events-1.jpg 403w, https:\/\/calftel.com\/wp-content\/uploads\/2021\/07\/Events-1-300x200.jpg 300w\" sizes=\"auto, (max-width: 403px) 100vw, 403px\" \/><\/figure>\n\n\n<h5 class=\"has-text-align-center wp-block-heading\">\u00c9v\u00e9nements<\/h5>\n\n\n\n<p class=\"has-text-align-center\">Rendez-vous \u00e0 un \u00e9v\u00e9nement pr\u00e8s de chez vous et assurez-vous de visiter le stand de Calf-Tel !<\/p>\n\n\n\n<div class=\"wp-block-buttons is-horizontal is-content-justification-center is-layout-flex wp-container-core-buttons-is-layout-499968f5 wp-block-buttons-is-layout-flex\">\n<div class=\"wp-block-button is-style-secondary-fill\"><a class=\"wp-block-button__link\" href=\"https:\/\/calftel.com\/fr\/le-coin-du-veau\/evenements\/\">Consulter les \u00c9v\u00e9nements<\/a><\/div>\n<\/div>\n<\/div>\n\n\n\n<div class=\"wp-block-column is-layout-flow wp-block-column-is-layout-flow\">\n<figure class=\"wp-block-image size-large\"><img loading=\"lazy\" decoding=\"async\" width=\"403\" height=\"268\" src=\"https:\/\/calftel.com\/wp-content\/uploads\/2021\/07\/Contests-1.jpg\" alt=\"\" class=\"wp-image-7225\" srcset=\"https:\/\/calftel.com\/wp-content\/uploads\/2021\/07\/Contests-1.jpg 403w, https:\/\/calftel.com\/wp-content\/uploads\/2021\/07\/Contests-1-300x200.jpg 300w\" sizes=\"auto, (max-width: 403px) 100vw, 403px\" \/><\/figure>\n\n\n<h5 class=\"has-text-align-center wp-block-heading\">Concours<\/h5>\n\n\n\n<p class=\"has-text-align-center\">Participez \u00e0 des jeux-concours et remportez des produits et des \u00e9quipements Calf-Tel ainsi que d&rsquo;autres cadeaux !<\/p>\n\n\n\n<div class=\"wp-block-buttons is-horizontal is-content-justification-center is-layout-flex wp-container-core-buttons-is-layout-499968f5 wp-block-buttons-is-layout-flex\">\n<div class=\"wp-block-button is-style-secondary-fill\"><a class=\"wp-block-button__link\" href=\"https:\/\/calftel.com\/contest\/\">Consulter les Concours<\/a><\/div>\n<\/div>\n<\/div>\n<\/div>\n<\/div><\/div>\n","protected":false},"excerpt":{"rendered":"","protected":false},"author":14,"featured_media":0,"parent":0,"menu_order":0,"comment_status":"closed","ping_status":"closed","template":"","meta":{"_acf_changed":false,"footnotes":""},"class_list":["post-8514","page","type-page","status-publish","hentry"],"acf":[],"yoast_head":"<!-- This site is optimized with the Yoast SEO plugin v27.4 - https:\/\/yoast.com\/product\/yoast-seo-wordpress\/ -->\n<title>Calf Corner - Calf-Tel<\/title>\n<meta name=\"robots\" content=\"index, follow, max-snippet:-1, max-image-preview:large, max-video-preview:-1\" \/>\n<link rel=\"canonical\" href=\"https:\/\/calftel.com\/fr\/le-coin-du-veau\/\" \/>\n<meta property=\"og:locale\" content=\"fr_FR\" \/>\n<meta property=\"og:type\" content=\"article\" \/>\n<meta property=\"og:title\" content=\"Calf Corner - Calf-Tel\" \/>\n<meta property=\"og:url\" content=\"https:\/\/calftel.com\/fr\/le-coin-du-veau\/\" \/>\n<meta property=\"og:site_name\" content=\"Calf-Tel\" \/>\n<meta property=\"article:publisher\" content=\"https:\/\/www.facebook.com\/calftel\/\" \/>\n<meta property=\"article:modified_time\" content=\"2022-06-23T19:25:23+00:00\" \/>\n<meta property=\"og:image\" content=\"https:\/\/calftel.com\/wp-content\/uploads\/2021\/09\/Calf-Corner-Hero-2-2.jpg\" \/>\n<meta name=\"twitter:card\" content=\"summary_large_image\" \/>\n<meta name=\"twitter:label1\" content=\"Dur\u00e9e de lecture estim\u00e9e\" \/>\n\t<meta name=\"twitter:data1\" content=\"1 minute\" \/>\n<script type=\"application\/ld+json\" class=\"yoast-schema-graph\">{\"@context\":\"https:\\\/\\\/schema.org\",\"@graph\":[{\"@type\":\"WebPage\",\"@id\":\"https:\\\/\\\/calftel.com\\\/fr\\\/le-coin-du-veau\\\/\",\"url\":\"https:\\\/\\\/calftel.com\\\/fr\\\/le-coin-du-veau\\\/\",\"name\":\"Calf Corner - Calf-Tel\",\"isPartOf\":{\"@id\":\"https:\\\/\\\/calftel.com\\\/fr\\\/#website\"},\"primaryImageOfPage\":{\"@id\":\"https:\\\/\\\/calftel.com\\\/fr\\\/le-coin-du-veau\\\/#primaryimage\"},\"image\":{\"@id\":\"https:\\\/\\\/calftel.com\\\/fr\\\/le-coin-du-veau\\\/#primaryimage\"},\"thumbnailUrl\":\"https:\\\/\\\/calftel.com\\\/wp-content\\\/uploads\\\/2021\\\/09\\\/Calf-Corner-Hero-2-2.jpg\",\"datePublished\":\"2021-08-19T16:44:18+00:00\",\"dateModified\":\"2022-06-23T19:25:23+00:00\",\"breadcrumb\":{\"@id\":\"https:\\\/\\\/calftel.com\\\/fr\\\/le-coin-du-veau\\\/#breadcrumb\"},\"inLanguage\":\"fr-FR\",\"potentialAction\":[{\"@type\":\"ReadAction\",\"target\":[\"https:\\\/\\\/calftel.com\\\/fr\\\/le-coin-du-veau\\\/\"]}]},{\"@type\":\"ImageObject\",\"inLanguage\":\"fr-FR\",\"@id\":\"https:\\\/\\\/calftel.com\\\/fr\\\/le-coin-du-veau\\\/#primaryimage\",\"url\":\"https:\\\/\\\/calftel.com\\\/wp-content\\\/uploads\\\/2021\\\/09\\\/Calf-Corner-Hero-2-2.jpg\",\"contentUrl\":\"https:\\\/\\\/calftel.com\\\/wp-content\\\/uploads\\\/2021\\\/09\\\/Calf-Corner-Hero-2-2.jpg\"},{\"@type\":\"BreadcrumbList\",\"@id\":\"https:\\\/\\\/calftel.com\\\/fr\\\/le-coin-du-veau\\\/#breadcrumb\",\"itemListElement\":[{\"@type\":\"ListItem\",\"position\":1,\"name\":\"Home\",\"item\":\"https:\\\/\\\/calftel.com\\\/fr\\\/calf-housing\\\/\"},{\"@type\":\"ListItem\",\"position\":2,\"name\":\"Calf Corner\"}]},{\"@type\":\"WebSite\",\"@id\":\"https:\\\/\\\/calftel.com\\\/fr\\\/#website\",\"url\":\"https:\\\/\\\/calftel.com\\\/fr\\\/\",\"name\":\"Calf-Tel\",\"description\":\"Calf Hutch Experts\",\"publisher\":{\"@id\":\"https:\\\/\\\/calftel.com\\\/fr\\\/#organization\"},\"potentialAction\":[{\"@type\":\"SearchAction\",\"target\":{\"@type\":\"EntryPoint\",\"urlTemplate\":\"https:\\\/\\\/calftel.com\\\/fr\\\/?s={search_term_string}\"},\"query-input\":{\"@type\":\"PropertyValueSpecification\",\"valueRequired\":true,\"valueName\":\"search_term_string\"}}],\"inLanguage\":\"fr-FR\"},{\"@type\":\"Organization\",\"@id\":\"https:\\\/\\\/calftel.com\\\/fr\\\/#organization\",\"name\":\"Calf-Tel by Hampel\",\"url\":\"https:\\\/\\\/calftel.com\\\/fr\\\/\",\"logo\":{\"@type\":\"ImageObject\",\"inLanguage\":\"fr-FR\",\"@id\":\"https:\\\/\\\/calftel.com\\\/fr\\\/#\\\/schema\\\/logo\\\/image\\\/\",\"url\":\"https:\\\/\\\/calftel.com\\\/wp-content\\\/uploads\\\/2021\\\/11\\\/Hampels-CalfTel-USA-EST-1981-Color.png\",\"contentUrl\":\"https:\\\/\\\/calftel.com\\\/wp-content\\\/uploads\\\/2021\\\/11\\\/Hampels-CalfTel-USA-EST-1981-Color.png\",\"width\":1080,\"height\":516,\"caption\":\"Calf-Tel by Hampel\"},\"image\":{\"@id\":\"https:\\\/\\\/calftel.com\\\/fr\\\/#\\\/schema\\\/logo\\\/image\\\/\"},\"sameAs\":[\"https:\\\/\\\/www.facebook.com\\\/calftel\\\/\",\"https:\\\/\\\/www.instagram.com\\\/calftel\\\/\",\"https:\\\/\\\/linkedin.com\\\/company\\\/calf-tel\\\/\",\"https:\\\/\\\/www.youtube.com\\\/channel\\\/UCq73euoWhx5k1kOjHBHXM_g\"]}]}<\/script>\n<!-- \/ Yoast SEO plugin. -->","yoast_head_json":{"title":"Calf Corner - Calf-Tel","robots":{"index":"index","follow":"follow","max-snippet":"max-snippet:-1","max-image-preview":"max-image-preview:large","max-video-preview":"max-video-preview:-1"},"canonical":"https:\/\/calftel.com\/fr\/le-coin-du-veau\/","og_locale":"fr_FR","og_type":"article","og_title":"Calf Corner - Calf-Tel","og_url":"https:\/\/calftel.com\/fr\/le-coin-du-veau\/","og_site_name":"Calf-Tel","article_publisher":"https:\/\/www.facebook.com\/calftel\/","article_modified_time":"2022-06-23T19:25:23+00:00","og_image":[{"url":"https:\/\/calftel.com\/wp-content\/uploads\/2021\/09\/Calf-Corner-Hero-2-2.jpg","type":"","width":"","height":""}],"twitter_card":"summary_large_image","twitter_misc":{"Dur\u00e9e de lecture estim\u00e9e":"1 minute"},"schema":{"@context":"https:\/\/schema.org","@graph":[{"@type":"WebPage","@id":"https:\/\/calftel.com\/fr\/le-coin-du-veau\/","url":"https:\/\/calftel.com\/fr\/le-coin-du-veau\/","name":"Calf Corner - Calf-Tel","isPartOf":{"@id":"https:\/\/calftel.com\/fr\/#website"},"primaryImageOfPage":{"@id":"https:\/\/calftel.com\/fr\/le-coin-du-veau\/#primaryimage"},"image":{"@id":"https:\/\/calftel.com\/fr\/le-coin-du-veau\/#primaryimage"},"thumbnailUrl":"https:\/\/calftel.com\/wp-content\/uploads\/2021\/09\/Calf-Corner-Hero-2-2.jpg","datePublished":"2021-08-19T16:44:18+00:00","dateModified":"2022-06-23T19:25:23+00:00","breadcrumb":{"@id":"https:\/\/calftel.com\/fr\/le-coin-du-veau\/#breadcrumb"},"inLanguage":"fr-FR","potentialAction":[{"@type":"ReadAction","target":["https:\/\/calftel.com\/fr\/le-coin-du-veau\/"]}]},{"@type":"ImageObject","inLanguage":"fr-FR","@id":"https:\/\/calftel.com\/fr\/le-coin-du-veau\/#primaryimage","url":"https:\/\/calftel.com\/wp-content\/uploads\/2021\/09\/Calf-Corner-Hero-2-2.jpg","contentUrl":"https:\/\/calftel.com\/wp-content\/uploads\/2021\/09\/Calf-Corner-Hero-2-2.jpg"},{"@type":"BreadcrumbList","@id":"https:\/\/calftel.com\/fr\/le-coin-du-veau\/#breadcrumb","itemListElement":[{"@type":"ListItem","position":1,"name":"Home","item":"https:\/\/calftel.com\/fr\/calf-housing\/"},{"@type":"ListItem","position":2,"name":"Calf Corner"}]},{"@type":"WebSite","@id":"https:\/\/calftel.com\/fr\/#website","url":"https:\/\/calftel.com\/fr\/","name":"Calf-Tel","description":"Calf Hutch Experts","publisher":{"@id":"https:\/\/calftel.com\/fr\/#organization"},"potentialAction":[{"@type":"SearchAction","target":{"@type":"EntryPoint","urlTemplate":"https:\/\/calftel.com\/fr\/?s={search_term_string}"},"query-input":{"@type":"PropertyValueSpecification","valueRequired":true,"valueName":"search_term_string"}}],"inLanguage":"fr-FR"},{"@type":"Organization","@id":"https:\/\/calftel.com\/fr\/#organization","name":"Calf-Tel by Hampel","url":"https:\/\/calftel.com\/fr\/","logo":{"@type":"ImageObject","inLanguage":"fr-FR","@id":"https:\/\/calftel.com\/fr\/#\/schema\/logo\/image\/","url":"https:\/\/calftel.com\/wp-content\/uploads\/2021\/11\/Hampels-CalfTel-USA-EST-1981-Color.png","contentUrl":"https:\/\/calftel.com\/wp-content\/uploads\/2021\/11\/Hampels-CalfTel-USA-EST-1981-Color.png","width":1080,"height":516,"caption":"Calf-Tel by Hampel"},"image":{"@id":"https:\/\/calftel.com\/fr\/#\/schema\/logo\/image\/"},"sameAs":["https:\/\/www.facebook.com\/calftel\/","https:\/\/www.instagram.com\/calftel\/","https:\/\/linkedin.com\/company\/calf-tel\/","https:\/\/www.youtube.com\/channel\/UCq73euoWhx5k1kOjHBHXM_g"]}]}},"_links":{"self":[{"href":"https:\/\/calftel.com\/fr\/wp-json\/wp\/v2\/pages\/8514","targetHints":{"allow":["GET"]}}],"collection":[{"href":"https:\/\/calftel.com\/fr\/wp-json\/wp\/v2\/pages"}],"about":[{"href":"https:\/\/calftel.com\/fr\/wp-json\/wp\/v2\/types\/page"}],"author":[{"embeddable":true,"href":"https:\/\/calftel.com\/fr\/wp-json\/wp\/v2\/users\/14"}],"replies":[{"embeddable":true,"href":"https:\/\/calftel.com\/fr\/wp-json\/wp\/v2\/comments?post=8514"}],"version-history":[{"count":0,"href":"https:\/\/calftel.com\/fr\/wp-json\/wp\/v2\/pages\/8514\/revisions"}],"wp:attachment":[{"href":"https:\/\/calftel.com\/fr\/wp-json\/wp\/v2\/media?parent=8514"}],"curies":[{"name":"wp","href":"https:\/\/api.w.org\/{rel}","templated":true}]}}