{"id":8607,"date":"2021-08-23T08:33:49","date_gmt":"2021-08-23T08:33:49","guid":{"rendered":"https:\/\/calftel.com\/politique-de-retour\/"},"modified":"2022-06-23T19:00:44","modified_gmt":"2022-06-23T19:00:44","slug":"politique-de-retour","status":"publish","type":"page","link":"https:\/\/calftel.com\/fr\/politique-de-retour\/","title":{"rendered":"Politique de Retour"},"content":{"rendered":"\n<h1 class=\"has-text-align-center wp-block-heading\">Politique de Retour<\/h1>\n\n<p>Merci pour vos achats chez Calf-Tel.com.<br\/>Si vous n&rsquo;\u00eates pas enti\u00e8rement satisfait de votre achat, nous sommes l\u00e0 pour vous aider.<\/p>\n\n<h5 class=\"wp-block-heading\">Retours<\/h5>\n\n<p>Vous disposez de 90 jours ouvrables pour renvoyer un article \u00e0 partir de la date \u00e0 laquelle vous l&rsquo;avez re\u00e7u.<br\/>Pour \u00eatre \u00e9ligible \u00e0 un retour, votre article doit \u00eatre inutilis\u00e9 et se trouver dans le m\u00eame \u00e9tat que celui dans lequel vous l&rsquo;avez re\u00e7u.<br\/>Votre article doit \u00eatre accompagn\u00e9 du re\u00e7u ou de la preuve d&rsquo;achat.<\/p>\n\n<h5 class=\"wp-block-heading\">Remboursements<\/h5>\n\n<p>D\u00e8s que nous aurons re\u00e7u votre article, nous l&rsquo;inspecterons et vous informerons que nous avons bien r\u00e9ceptionn\u00e9 votre article retourn\u00e9. Nous vous informerons imm\u00e9diatement de l&rsquo;\u00e9tat de votre remboursement apr\u00e8s avoir inspect\u00e9 l&rsquo;article.<\/p>\n\n<p>Si votre retour est approuv\u00e9, nous proc\u00e9derons \u00e0 un remboursement sur votre mode de paiement initial.<br\/>Vous recevrez le montant cr\u00e9dit\u00e9 dans un d\u00e9lai qui d\u00e9pendra des politiques de l&rsquo;\u00e9metteur de votre carte.<\/p>\n\n<h5 class=\"wp-block-heading\">Exp\u00e9dition<\/h5>\n\n<p>Vous serez responsable des frais d&rsquo;exp\u00e9dition pour le retour de votre article. Ces frais d&rsquo;exp\u00e9dition ne sont pas remboursables.<br\/>Si vous recevez un remboursement, les frais de retour seront d\u00e9duits de votre remboursement.<\/p>\n\n<h5 class=\"wp-block-heading\">Nous Contacter<\/h5>\n\n<p>Pour toute question relative aux modalit\u00e9s de retour de votre article, nous vous invitons \u00e0 nous contacter.<br\/>800-558-8558<br\/>sales@Calf-Tel.com<\/p>\n","protected":false},"excerpt":{"rendered":"","protected":false},"author":14,"featured_media":0,"parent":0,"menu_order":0,"comment_status":"closed","ping_status":"closed","template":"","meta":{"_acf_changed":false,"footnotes":""},"class_list":["post-8607","page","type-page","status-publish","hentry"],"acf":[],"yoast_head":"<!-- This site is optimized with the Yoast SEO plugin v27.4 - https:\/\/yoast.com\/product\/yoast-seo-wordpress\/ -->\n<title>Politique de Retour - Calf-Tel<\/title>\n<meta name=\"robots\" content=\"index, follow, max-snippet:-1, max-image-preview:large, max-video-preview:-1\" \/>\n<link rel=\"canonical\" href=\"https:\/\/calftel.com\/fr\/politique-de-retour\/\" \/>\n<meta property=\"og:locale\" content=\"fr_FR\" \/>\n<meta property=\"og:type\" content=\"article\" \/>\n<meta property=\"og:title\" content=\"Politique de Retour - Calf-Tel\" \/>\n<meta property=\"og:url\" content=\"https:\/\/calftel.com\/fr\/politique-de-retour\/\" \/>\n<meta property=\"og:site_name\" content=\"Calf-Tel\" \/>\n<meta property=\"article:publisher\" content=\"https:\/\/www.facebook.com\/calftel\/\" \/>\n<meta property=\"article:modified_time\" content=\"2022-06-23T19:00:44+00:00\" \/>\n<meta name=\"twitter:card\" content=\"summary_large_image\" \/>\n<meta name=\"twitter:label1\" content=\"Dur\u00e9e de lecture estim\u00e9e\" \/>\n\t<meta name=\"twitter:data1\" content=\"1 minute\" \/>\n<script type=\"application\/ld+json\" class=\"yoast-schema-graph\">{\"@context\":\"https:\\\/\\\/schema.org\",\"@graph\":[{\"@type\":\"WebPage\",\"@id\":\"https:\\\/\\\/calftel.com\\\/fr\\\/politique-de-retour\\\/\",\"url\":\"https:\\\/\\\/calftel.com\\\/fr\\\/politique-de-retour\\\/\",\"name\":\"Politique de Retour - Calf-Tel\",\"isPartOf\":{\"@id\":\"https:\\\/\\\/calftel.com\\\/fr\\\/#website\"},\"datePublished\":\"2021-08-23T08:33:49+00:00\",\"dateModified\":\"2022-06-23T19:00:44+00:00\",\"breadcrumb\":{\"@id\":\"https:\\\/\\\/calftel.com\\\/fr\\\/politique-de-retour\\\/#breadcrumb\"},\"inLanguage\":\"fr-FR\",\"potentialAction\":[{\"@type\":\"ReadAction\",\"target\":[\"https:\\\/\\\/calftel.com\\\/fr\\\/politique-de-retour\\\/\"]}]},{\"@type\":\"BreadcrumbList\",\"@id\":\"https:\\\/\\\/calftel.com\\\/fr\\\/politique-de-retour\\\/#breadcrumb\",\"itemListElement\":[{\"@type\":\"ListItem\",\"position\":1,\"name\":\"Home\",\"item\":\"https:\\\/\\\/calftel.com\\\/fr\\\/calf-housing\\\/\"},{\"@type\":\"ListItem\",\"position\":2,\"name\":\"Politique de Retour\"}]},{\"@type\":\"WebSite\",\"@id\":\"https:\\\/\\\/calftel.com\\\/fr\\\/#website\",\"url\":\"https:\\\/\\\/calftel.com\\\/fr\\\/\",\"name\":\"Calf-Tel\",\"description\":\"Calf Hutch Experts\",\"publisher\":{\"@id\":\"https:\\\/\\\/calftel.com\\\/fr\\\/#organization\"},\"potentialAction\":[{\"@type\":\"SearchAction\",\"target\":{\"@type\":\"EntryPoint\",\"urlTemplate\":\"https:\\\/\\\/calftel.com\\\/fr\\\/?s={search_term_string}\"},\"query-input\":{\"@type\":\"PropertyValueSpecification\",\"valueRequired\":true,\"valueName\":\"search_term_string\"}}],\"inLanguage\":\"fr-FR\"},{\"@type\":\"Organization\",\"@id\":\"https:\\\/\\\/calftel.com\\\/fr\\\/#organization\",\"name\":\"Calf-Tel by Hampel\",\"url\":\"https:\\\/\\\/calftel.com\\\/fr\\\/\",\"logo\":{\"@type\":\"ImageObject\",\"inLanguage\":\"fr-FR\",\"@id\":\"https:\\\/\\\/calftel.com\\\/fr\\\/#\\\/schema\\\/logo\\\/image\\\/\",\"url\":\"https:\\\/\\\/calftel.com\\\/wp-content\\\/uploads\\\/2021\\\/11\\\/Hampels-CalfTel-USA-EST-1981-Color.png\",\"contentUrl\":\"https:\\\/\\\/calftel.com\\\/wp-content\\\/uploads\\\/2021\\\/11\\\/Hampels-CalfTel-USA-EST-1981-Color.png\",\"width\":1080,\"height\":516,\"caption\":\"Calf-Tel by Hampel\"},\"image\":{\"@id\":\"https:\\\/\\\/calftel.com\\\/fr\\\/#\\\/schema\\\/logo\\\/image\\\/\"},\"sameAs\":[\"https:\\\/\\\/www.facebook.com\\\/calftel\\\/\",\"https:\\\/\\\/www.instagram.com\\\/calftel\\\/\",\"https:\\\/\\\/linkedin.com\\\/company\\\/calf-tel\\\/\",\"https:\\\/\\\/www.youtube.com\\\/channel\\\/UCq73euoWhx5k1kOjHBHXM_g\"]}]}<\/script>\n<!-- \/ Yoast SEO plugin. -->","yoast_head_json":{"title":"Politique de Retour - Calf-Tel","robots":{"index":"index","follow":"follow","max-snippet":"max-snippet:-1","max-image-preview":"max-image-preview:large","max-video-preview":"max-video-preview:-1"},"canonical":"https:\/\/calftel.com\/fr\/politique-de-retour\/","og_locale":"fr_FR","og_type":"article","og_title":"Politique de Retour - Calf-Tel","og_url":"https:\/\/calftel.com\/fr\/politique-de-retour\/","og_site_name":"Calf-Tel","article_publisher":"https:\/\/www.facebook.com\/calftel\/","article_modified_time":"2022-06-23T19:00:44+00:00","twitter_card":"summary_large_image","twitter_misc":{"Dur\u00e9e de lecture estim\u00e9e":"1 minute"},"schema":{"@context":"https:\/\/schema.org","@graph":[{"@type":"WebPage","@id":"https:\/\/calftel.com\/fr\/politique-de-retour\/","url":"https:\/\/calftel.com\/fr\/politique-de-retour\/","name":"Politique de Retour - Calf-Tel","isPartOf":{"@id":"https:\/\/calftel.com\/fr\/#website"},"datePublished":"2021-08-23T08:33:49+00:00","dateModified":"2022-06-23T19:00:44+00:00","breadcrumb":{"@id":"https:\/\/calftel.com\/fr\/politique-de-retour\/#breadcrumb"},"inLanguage":"fr-FR","potentialAction":[{"@type":"ReadAction","target":["https:\/\/calftel.com\/fr\/politique-de-retour\/"]}]},{"@type":"BreadcrumbList","@id":"https:\/\/calftel.com\/fr\/politique-de-retour\/#breadcrumb","itemListElement":[{"@type":"ListItem","position":1,"name":"Home","item":"https:\/\/calftel.com\/fr\/calf-housing\/"},{"@type":"ListItem","position":2,"name":"Politique de Retour"}]},{"@type":"WebSite","@id":"https:\/\/calftel.com\/fr\/#website","url":"https:\/\/calftel.com\/fr\/","name":"Calf-Tel","description":"Calf Hutch Experts","publisher":{"@id":"https:\/\/calftel.com\/fr\/#organization"},"potentialAction":[{"@type":"SearchAction","target":{"@type":"EntryPoint","urlTemplate":"https:\/\/calftel.com\/fr\/?s={search_term_string}"},"query-input":{"@type":"PropertyValueSpecification","valueRequired":true,"valueName":"search_term_string"}}],"inLanguage":"fr-FR"},{"@type":"Organization","@id":"https:\/\/calftel.com\/fr\/#organization","name":"Calf-Tel by Hampel","url":"https:\/\/calftel.com\/fr\/","logo":{"@type":"ImageObject","inLanguage":"fr-FR","@id":"https:\/\/calftel.com\/fr\/#\/schema\/logo\/image\/","url":"https:\/\/calftel.com\/wp-content\/uploads\/2021\/11\/Hampels-CalfTel-USA-EST-1981-Color.png","contentUrl":"https:\/\/calftel.com\/wp-content\/uploads\/2021\/11\/Hampels-CalfTel-USA-EST-1981-Color.png","width":1080,"height":516,"caption":"Calf-Tel by Hampel"},"image":{"@id":"https:\/\/calftel.com\/fr\/#\/schema\/logo\/image\/"},"sameAs":["https:\/\/www.facebook.com\/calftel\/","https:\/\/www.instagram.com\/calftel\/","https:\/\/linkedin.com\/company\/calf-tel\/","https:\/\/www.youtube.com\/channel\/UCq73euoWhx5k1kOjHBHXM_g"]}]}},"_links":{"self":[{"href":"https:\/\/calftel.com\/fr\/wp-json\/wp\/v2\/pages\/8607","targetHints":{"allow":["GET"]}}],"collection":[{"href":"https:\/\/calftel.com\/fr\/wp-json\/wp\/v2\/pages"}],"about":[{"href":"https:\/\/calftel.com\/fr\/wp-json\/wp\/v2\/types\/page"}],"author":[{"embeddable":true,"href":"https:\/\/calftel.com\/fr\/wp-json\/wp\/v2\/users\/14"}],"replies":[{"embeddable":true,"href":"https:\/\/calftel.com\/fr\/wp-json\/wp\/v2\/comments?post=8607"}],"version-history":[{"count":0,"href":"https:\/\/calftel.com\/fr\/wp-json\/wp\/v2\/pages\/8607\/revisions"}],"wp:attachment":[{"href":"https:\/\/calftel.com\/fr\/wp-json\/wp\/v2\/media?parent=8607"}],"curies":[{"name":"wp","href":"https:\/\/api.w.org\/{rel}","templated":true}]}}