{"id":8615,"date":"2021-08-23T09:38:09","date_gmt":"2021-08-23T09:38:09","guid":{"rendered":"https:\/\/calftel.com\/assistance\/"},"modified":"2021-10-18T09:54:34","modified_gmt":"2021-10-18T09:54:34","slug":"assistance","status":"publish","type":"page","link":"https:\/\/calftel.com\/fr\/assistance\/","title":{"rendered":"Assistance"},"content":{"rendered":"\n<div class=\"wp-block-cover alignfull has-background-dim-40 has-background-dim pattern-hero-image gt-remove-margin-top\"><img loading=\"lazy\" decoding=\"async\" width=\"2000\" height=\"600\" class=\"wp-block-cover__image-background wp-image-6065\" alt=\"\" src=\"https:\/\/calftel.com\/wp-content\/uploads\/2021\/06\/Untitled-1.jpg\" data-object-fit=\"cover\" srcset=\"https:\/\/calftel.com\/wp-content\/uploads\/2021\/06\/Untitled-1.jpg 2000w, https:\/\/calftel.com\/wp-content\/uploads\/2021\/06\/Untitled-1-300x90.jpg 300w, https:\/\/calftel.com\/wp-content\/uploads\/2021\/06\/Untitled-1-1024x307.jpg 1024w, https:\/\/calftel.com\/wp-content\/uploads\/2021\/06\/Untitled-1-768x230.jpg 768w, https:\/\/calftel.com\/wp-content\/uploads\/2021\/06\/Untitled-1-1536x461.jpg 1536w\" sizes=\"auto, (max-width: 2000px) 100vw, 2000px\" \/><div class=\"wp-block-cover__inner-container is-layout-flow wp-block-cover-is-layout-flow\">\n<h1 class=\"has-text-align-center wp-block-heading\">Assistance<\/h1>\n<\/div><\/div>\n\n\n\n<h2 class=\"has-text-align-center wp-block-heading\">Nous sommes l\u00e0 pour vous<\/h2>\n\n\n\n<p class=\"has-text-align-center\">Toutes les ressources n\u00e9cessaires pour assurer votre r\u00e9ussite. Nous concevons et fabriquons les produits Calf-tel pour qu&rsquo;ils soient faciles \u00e0 installer, \u00e0 utiliser, \u00e0 nettoyer et \u00e0 d\u00e9monter. Mais cela ne veut pas dire que nous n&rsquo;avons pas concoct\u00e9 quelques trucs et astuces en cours de route. Si vous ne trouvez pas de r\u00e9ponse \u00e0 votre question ci-dessous, veuillez nous par t\u00e9l\u00e9phone.<\/p>\n\n\n\n<div class=\"wp-block-columns alignwide is-layout-flex wp-container-core-columns-is-layout-9d6595d7 wp-block-columns-is-layout-flex\">\n<div class=\"wp-block-column is-layout-flow wp-block-column-is-layout-flow\">\n<figure class=\"wp-block-image size-large\"><img loading=\"lazy\" decoding=\"async\" width=\"403\" height=\"268\" src=\"https:\/\/calftel.com\/wp-content\/uploads\/2021\/06\/Assembly-Instructions-Image.jpg\" alt=\"\" class=\"wp-image-6362\" srcset=\"https:\/\/calftel.com\/wp-content\/uploads\/2021\/06\/Assembly-Instructions-Image.jpg 403w, https:\/\/calftel.com\/wp-content\/uploads\/2021\/06\/Assembly-Instructions-Image-300x200.jpg 300w\" sizes=\"auto, (max-width: 403px) 100vw, 403px\" \/><\/figure>\n\n\n\n<h3 class=\"has-text-align-center has-medium-font-size wp-block-heading\">Instructions d&rsquo;assemblage<\/h3>\n\n\n\n<p class=\"has-text-align-center\">T\u00e9l\u00e9chargez des instructions d\u00e9taill\u00e9es pour l&rsquo;installation de vos produits Calf-Tel. \u00c9galement utile pour commander des pi\u00e8ces de rechange.<\/p>\n\n\n\n<div class=\"wp-block-buttons is-content-justification-center is-layout-flex wp-block-buttons-is-layout-flex\">\n<div class=\"wp-block-button is-style-secondary-fill\"><a class=\"wp-block-button__link\" href=\"https:\/\/calftel.com\/support\/assembly-instructions\/\">Consulter les instructions d&rsquo;assemblage<\/a><\/div>\n<\/div>\n<\/div>\n\n\n\n<div class=\"wp-block-column is-layout-flow wp-block-column-is-layout-flow\">\n<figure class=\"wp-block-image size-large\"><img loading=\"lazy\" decoding=\"async\" width=\"403\" height=\"268\" src=\"https:\/\/calftel.com\/wp-content\/uploads\/2021\/06\/How-To-Guides.jpg\" alt=\"\" class=\"wp-image-6369\" srcset=\"https:\/\/calftel.com\/wp-content\/uploads\/2021\/06\/How-To-Guides.jpg 403w, https:\/\/calftel.com\/wp-content\/uploads\/2021\/06\/How-To-Guides-300x200.jpg 300w\" sizes=\"auto, (max-width: 403px) 100vw, 403px\" \/><\/figure>\n\n\n\n<h3 class=\"has-text-align-center has-medium-font-size wp-block-heading\">Guides Pratiques<\/h3>\n\n\n\n<p class=\"has-text-align-center\">Conseils et astuces pour entretenir <br>les structures qui abriteront<br> vos veaux.<\/p>\n\n\n\n<div class=\"wp-block-buttons is-content-justification-center is-layout-flex wp-block-buttons-is-layout-flex\">\n<div class=\"wp-block-button is-style-secondary-fill\"><a class=\"wp-block-button__link\" href=\"https:\/\/calftel.com\/support\/how-to-guides\/\">Consulter les Guides Pratiques<\/a><\/div>\n<\/div>\n<\/div>\n\n\n\n<div class=\"wp-block-column is-layout-flow wp-block-column-is-layout-flow\">\n<figure class=\"wp-block-image size-large\"><img loading=\"lazy\" decoding=\"async\" width=\"403\" height=\"268\" src=\"https:\/\/calftel.com\/wp-content\/uploads\/2021\/06\/Customizer-1.jpg\" alt=\"\" class=\"wp-image-6381\" srcset=\"https:\/\/calftel.com\/wp-content\/uploads\/2021\/06\/Customizer-1.jpg 403w, https:\/\/calftel.com\/wp-content\/uploads\/2021\/06\/Customizer-1-300x200.jpg 300w\" sizes=\"auto, (max-width: 403px) 100vw, 403px\" \/><\/figure>\n\n\n\n<h3 class=\"has-text-align-center has-medium-font-size wp-block-heading\">Personnalisateur<\/h3>\n\n\n\n<p class=\"has-text-align-center\">Concevez une installation id\u00e9ale et rentable pour votre exploitation. S\u00e9lectionnez les options qui correspondent \u00e0 vos besoins et cr\u00e9ez un environnement optimal.<\/p>\n\n\n\n<div class=\"wp-block-buttons is-content-justification-center is-layout-flex wp-block-buttons-is-layout-flex\">\n<div class=\"wp-block-button is-style-secondary-fill\"><a class=\"wp-block-button__link\" href=\"https:\/\/calftel.com\/support\/customizer\/\">Consulter le Personnalisateur<\/a><\/div>\n<\/div>\n<\/div>\n<\/div>\n\n\n\n<div class=\"wp-block-group alignfull has-blue-gray-background-color has-background\"><div class=\"wp-block-group__inner-container is-layout-flow wp-block-group-is-layout-flow\">\n<div class=\"wp-block-columns is-layout-flex wp-container-core-columns-is-layout-9d6595d7 wp-block-columns-is-layout-flex\">\n<div class=\"wp-block-column is-layout-flow wp-block-column-is-layout-flow\">\n<figure class=\"wp-block-image size-large\"><img loading=\"lazy\" decoding=\"async\" width=\"403\" height=\"268\" src=\"https:\/\/calftel.com\/wp-content\/uploads\/2021\/07\/Calf-Tel-College-Image.jpg\" alt=\"\" class=\"wp-image-7247\" srcset=\"https:\/\/calftel.com\/wp-content\/uploads\/2021\/07\/Calf-Tel-College-Image.jpg 403w, https:\/\/calftel.com\/wp-content\/uploads\/2021\/07\/Calf-Tel-College-Image-300x200.jpg 300w\" sizes=\"auto, (max-width: 403px) 100vw, 403px\" \/><\/figure>\n\n\n\n<h3 class=\"has-text-align-center has-medium-font-size wp-block-heading\">Le Calf-Tel College<\/h3>\n\n\n\n<p class=\"has-text-align-center\">Tout ce que vous devez savoir, \u00e0 un seul et m\u00eame endroit. D\u00e9couvrez ce qui fait de Calf-Tel le leader du secteur des installations pour veaux.<\/p>\n\n\n\n<div class=\"wp-block-buttons is-content-justification-center is-layout-flex wp-block-buttons-is-layout-flex\">\n<div class=\"wp-block-button is-style-secondary-fill\"><a class=\"wp-block-button__link\" href=\"https:\/\/calftel.com\/college\/\">Consulter le Calf-Tel College<\/a><\/div>\n<\/div>\n<\/div>\n\n\n\n<div class=\"wp-block-column is-layout-flow wp-block-column-is-layout-flow\">\n<figure class=\"wp-block-image size-large\"><img loading=\"lazy\" decoding=\"async\" width=\"403\" height=\"268\" src=\"https:\/\/calftel.com\/wp-content\/uploads\/2021\/06\/Videos.jpg\" alt=\"\" class=\"wp-image-6393\" srcset=\"https:\/\/calftel.com\/wp-content\/uploads\/2021\/06\/Videos.jpg 403w, https:\/\/calftel.com\/wp-content\/uploads\/2021\/06\/Videos-300x200.jpg 300w\" sizes=\"auto, (max-width: 403px) 100vw, 403px\" \/><\/figure>\n\n\n\n<h3 class=\"has-text-align-center has-medium-font-size wp-block-heading\">Vid\u00e9os<\/h3>\n\n\n\n<p class=\"has-text-align-center\">En savoir plus sur les produits Calf-Tel<br> au travers de d\u00e9monstrations et<br> et de vid\u00e9os tutorielles.<\/p>\n\n\n\n<div class=\"wp-block-buttons is-content-justification-center is-layout-flex wp-block-buttons-is-layout-flex\">\n<div class=\"wp-block-button is-style-secondary-fill\"><a class=\"wp-block-button__link\" href=\"https:\/\/calftel.com\/support\/videos\/\">Consulter les Vid\u00e9os<\/a><\/div>\n<\/div>\n<\/div>\n<\/div>\n<\/div><\/div>\n\n\n\n<div class=\"wp-block-columns alignwide is-layout-flex wp-container-core-columns-is-layout-9d6595d7 wp-block-columns-is-layout-flex\">\n<div class=\"wp-block-column is-layout-flow wp-block-column-is-layout-flow\">\n<figure class=\"wp-block-image size-large\"><img loading=\"lazy\" decoding=\"async\" width=\"403\" height=\"268\" src=\"https:\/\/calftel.com\/wp-content\/uploads\/2021\/06\/Product-Catalog.jpg\" alt=\"\" class=\"wp-image-6406\" srcset=\"https:\/\/calftel.com\/wp-content\/uploads\/2021\/06\/Product-Catalog.jpg 403w, https:\/\/calftel.com\/wp-content\/uploads\/2021\/06\/Product-Catalog-300x200.jpg 300w\" sizes=\"auto, (max-width: 403px) 100vw, 403px\" \/><\/figure>\n\n\n\n<h3 class=\"has-text-align-center has-medium-font-size wp-block-heading\">Catalogue de Produits<\/h3>\n\n\n\n<p class=\"has-text-align-center\">Consultez ou t\u00e9l\u00e9chargez un PDF de notre <br>catalogue complet de produits <br>et d&rsquo;accessoires.<\/p>\n\n\n\n<div class=\"wp-block-buttons is-content-justification-center is-layout-flex wp-block-buttons-is-layout-flex\">\n<div class=\"wp-block-button is-style-secondary-fill\"><a class=\"wp-block-button__link\" href=\"https:\/\/calftel.com\/fr\/assistance\/catalog\/\">Consulter notre Catalogue<\/a><\/div>\n<\/div>\n<\/div>\n\n\n\n<div class=\"wp-block-column is-layout-flow wp-block-column-is-layout-flow\">\n<figure class=\"wp-block-image size-large\"><img loading=\"lazy\" decoding=\"async\" width=\"403\" height=\"268\" src=\"https:\/\/calftel.com\/wp-content\/uploads\/2021\/06\/Testimonials.jpg\" alt=\"\" class=\"wp-image-6496\" srcset=\"https:\/\/calftel.com\/wp-content\/uploads\/2021\/06\/Testimonials.jpg 403w, https:\/\/calftel.com\/wp-content\/uploads\/2021\/06\/Testimonials-300x200.jpg 300w\" sizes=\"auto, (max-width: 403px) 100vw, 403px\" \/><\/figure>\n\n\n\n<h3 class=\"has-text-align-center has-medium-font-size wp-block-heading\">T\u00e9moignages<\/h3>\n\n\n\n<p class=\"has-text-align-center\">D\u00e9couvrez les t\u00e9moignages de nos clients <br>et les raisons pour lesquelles ils ont choisi <br>Calf-Tel !<\/p>\n\n\n\n<div class=\"wp-block-buttons is-content-justification-center is-layout-flex wp-block-buttons-is-layout-flex\">\n<div class=\"wp-block-button is-style-secondary-fill\"><a class=\"wp-block-button__link\" href=\"https:\/\/calftel.com\/support\/testimonials\/\">Consulter nos T\u00e9moignages<\/a><\/div>\n<\/div>\n<\/div>\n\n\n\n<div class=\"wp-block-column is-layout-flow wp-block-column-is-layout-flow\">\n<figure class=\"wp-block-image size-full\"><img loading=\"lazy\" decoding=\"async\" width=\"403\" height=\"268\" src=\"https:\/\/calftel.com\/wp-content\/uploads\/2021\/09\/FAQs.jpg\" alt=\"\" class=\"wp-image-9193\" srcset=\"https:\/\/calftel.com\/wp-content\/uploads\/2021\/09\/FAQs.jpg 403w, https:\/\/calftel.com\/wp-content\/uploads\/2021\/09\/FAQs-300x200.jpg 300w\" sizes=\"auto, (max-width: 403px) 100vw, 403px\" \/><\/figure>\n\n\n\n<h3 class=\"has-text-align-center has-medium-font-size wp-block-heading\">FAQ &#8211; Questions fr\u00e9quentes<\/h3>\n\n\n\n<p class=\"has-text-align-center\">Des questions sur Calf-Tel ? Voici quelques questions fr\u00e9quemment pos\u00e9es par des \u00e9leveurs de veaux comme vous.<\/p>\n\n\n\n<div class=\"wp-block-buttons is-content-justification-center is-layout-flex wp-block-buttons-is-layout-flex\">\n<div class=\"wp-block-button is-style-secondary-fill\"><a class=\"wp-block-button__link\" href=\"https:\/\/calftel.com\/fr\/assistance\/faq-questions-frequentes\/\">Consulter la FAQ<\/a><\/div>\n<\/div>\n<\/div>\n<\/div>\n","protected":false},"excerpt":{"rendered":"","protected":false},"author":14,"featured_media":0,"parent":0,"menu_order":0,"comment_status":"closed","ping_status":"closed","template":"","meta":{"_acf_changed":false,"footnotes":""},"class_list":["post-8615","page","type-page","status-publish","hentry"],"acf":[],"yoast_head":"<!-- This site is optimized with the Yoast SEO plugin v27.1.1 - https:\/\/yoast.com\/product\/yoast-seo-wordpress\/ -->\n<title>Assistance - Calf-Tel<\/title>\n<meta name=\"robots\" content=\"index, follow, max-snippet:-1, max-image-preview:large, max-video-preview:-1\" \/>\n<link rel=\"canonical\" href=\"https:\/\/calftel.com\/fr\/assistance\/\" \/>\n<meta property=\"og:locale\" content=\"fr_FR\" \/>\n<meta property=\"og:type\" content=\"article\" \/>\n<meta property=\"og:title\" content=\"Assistance - Calf-Tel\" \/>\n<meta property=\"og:url\" content=\"https:\/\/calftel.com\/fr\/assistance\/\" \/>\n<meta property=\"og:site_name\" content=\"Calf-Tel\" \/>\n<meta property=\"article:publisher\" content=\"https:\/\/www.facebook.com\/calftel\/\" \/>\n<meta property=\"article:modified_time\" content=\"2021-10-18T09:54:34+00:00\" \/>\n<meta property=\"og:image\" content=\"https:\/\/calftel.com\/wp-content\/uploads\/2021\/06\/Untitled-1.jpg\" \/>\n<meta name=\"twitter:card\" content=\"summary_large_image\" \/>\n<meta name=\"twitter:label1\" content=\"Dur\u00e9e de lecture estim\u00e9e\" \/>\n\t<meta name=\"twitter:data1\" content=\"1 minute\" \/>\n<script type=\"application\/ld+json\" class=\"yoast-schema-graph\">{\"@context\":\"https:\/\/schema.org\",\"@graph\":[{\"@type\":\"WebPage\",\"@id\":\"https:\/\/calftel.com\/fr\/assistance\/\",\"url\":\"https:\/\/calftel.com\/fr\/assistance\/\",\"name\":\"Assistance - Calf-Tel\",\"isPartOf\":{\"@id\":\"https:\/\/calftel.com\/fr\/#website\"},\"primaryImageOfPage\":{\"@id\":\"https:\/\/calftel.com\/fr\/assistance\/#primaryimage\"},\"image\":{\"@id\":\"https:\/\/calftel.com\/fr\/assistance\/#primaryimage\"},\"thumbnailUrl\":\"https:\/\/calftel.com\/wp-content\/uploads\/2021\/06\/Untitled-1.jpg\",\"datePublished\":\"2021-08-23T09:38:09+00:00\",\"dateModified\":\"2021-10-18T09:54:34+00:00\",\"breadcrumb\":{\"@id\":\"https:\/\/calftel.com\/fr\/assistance\/#breadcrumb\"},\"inLanguage\":\"fr-FR\",\"potentialAction\":[{\"@type\":\"ReadAction\",\"target\":[\"https:\/\/calftel.com\/fr\/assistance\/\"]}]},{\"@type\":\"ImageObject\",\"inLanguage\":\"fr-FR\",\"@id\":\"https:\/\/calftel.com\/fr\/assistance\/#primaryimage\",\"url\":\"https:\/\/calftel.com\/wp-content\/uploads\/2021\/06\/Untitled-1.jpg\",\"contentUrl\":\"https:\/\/calftel.com\/wp-content\/uploads\/2021\/06\/Untitled-1.jpg\"},{\"@type\":\"BreadcrumbList\",\"@id\":\"https:\/\/calftel.com\/fr\/assistance\/#breadcrumb\",\"itemListElement\":[{\"@type\":\"ListItem\",\"position\":1,\"name\":\"Home\",\"item\":\"https:\/\/calftel.com\/fr\/calf-housing\/\"},{\"@type\":\"ListItem\",\"position\":2,\"name\":\"Assistance\"}]},{\"@type\":\"WebSite\",\"@id\":\"https:\/\/calftel.com\/fr\/#website\",\"url\":\"https:\/\/calftel.com\/fr\/\",\"name\":\"Calf-Tel\",\"description\":\"Calf Hutch Experts\",\"publisher\":{\"@id\":\"https:\/\/calftel.com\/fr\/#organization\"},\"potentialAction\":[{\"@type\":\"SearchAction\",\"target\":{\"@type\":\"EntryPoint\",\"urlTemplate\":\"https:\/\/calftel.com\/fr\/?s={search_term_string}\"},\"query-input\":{\"@type\":\"PropertyValueSpecification\",\"valueRequired\":true,\"valueName\":\"search_term_string\"}}],\"inLanguage\":\"fr-FR\"},{\"@type\":\"Organization\",\"@id\":\"https:\/\/calftel.com\/fr\/#organization\",\"name\":\"Calf-Tel by Hampel\",\"url\":\"https:\/\/calftel.com\/fr\/\",\"logo\":{\"@type\":\"ImageObject\",\"inLanguage\":\"fr-FR\",\"@id\":\"https:\/\/calftel.com\/fr\/#\/schema\/logo\/image\/\",\"url\":\"https:\/\/calftel.com\/wp-content\/uploads\/2021\/11\/Hampels-CalfTel-USA-EST-1981-Color.png\",\"contentUrl\":\"https:\/\/calftel.com\/wp-content\/uploads\/2021\/11\/Hampels-CalfTel-USA-EST-1981-Color.png\",\"width\":1080,\"height\":516,\"caption\":\"Calf-Tel by Hampel\"},\"image\":{\"@id\":\"https:\/\/calftel.com\/fr\/#\/schema\/logo\/image\/\"},\"sameAs\":[\"https:\/\/www.facebook.com\/calftel\/\",\"https:\/\/www.instagram.com\/calftel\/\",\"https:\/\/linkedin.com\/company\/calf-tel\/\",\"https:\/\/www.youtube.com\/channel\/UCq73euoWhx5k1kOjHBHXM_g\"]}]}<\/script>\n<!-- \/ Yoast SEO plugin. -->","yoast_head_json":{"title":"Assistance - Calf-Tel","robots":{"index":"index","follow":"follow","max-snippet":"max-snippet:-1","max-image-preview":"max-image-preview:large","max-video-preview":"max-video-preview:-1"},"canonical":"https:\/\/calftel.com\/fr\/assistance\/","og_locale":"fr_FR","og_type":"article","og_title":"Assistance - Calf-Tel","og_url":"https:\/\/calftel.com\/fr\/assistance\/","og_site_name":"Calf-Tel","article_publisher":"https:\/\/www.facebook.com\/calftel\/","article_modified_time":"2021-10-18T09:54:34+00:00","og_image":[{"url":"https:\/\/calftel.com\/wp-content\/uploads\/2021\/06\/Untitled-1.jpg","type":"","width":"","height":""}],"twitter_card":"summary_large_image","twitter_misc":{"Dur\u00e9e de lecture estim\u00e9e":"1 minute"},"schema":{"@context":"https:\/\/schema.org","@graph":[{"@type":"WebPage","@id":"https:\/\/calftel.com\/fr\/assistance\/","url":"https:\/\/calftel.com\/fr\/assistance\/","name":"Assistance - Calf-Tel","isPartOf":{"@id":"https:\/\/calftel.com\/fr\/#website"},"primaryImageOfPage":{"@id":"https:\/\/calftel.com\/fr\/assistance\/#primaryimage"},"image":{"@id":"https:\/\/calftel.com\/fr\/assistance\/#primaryimage"},"thumbnailUrl":"https:\/\/calftel.com\/wp-content\/uploads\/2021\/06\/Untitled-1.jpg","datePublished":"2021-08-23T09:38:09+00:00","dateModified":"2021-10-18T09:54:34+00:00","breadcrumb":{"@id":"https:\/\/calftel.com\/fr\/assistance\/#breadcrumb"},"inLanguage":"fr-FR","potentialAction":[{"@type":"ReadAction","target":["https:\/\/calftel.com\/fr\/assistance\/"]}]},{"@type":"ImageObject","inLanguage":"fr-FR","@id":"https:\/\/calftel.com\/fr\/assistance\/#primaryimage","url":"https:\/\/calftel.com\/wp-content\/uploads\/2021\/06\/Untitled-1.jpg","contentUrl":"https:\/\/calftel.com\/wp-content\/uploads\/2021\/06\/Untitled-1.jpg"},{"@type":"BreadcrumbList","@id":"https:\/\/calftel.com\/fr\/assistance\/#breadcrumb","itemListElement":[{"@type":"ListItem","position":1,"name":"Home","item":"https:\/\/calftel.com\/fr\/calf-housing\/"},{"@type":"ListItem","position":2,"name":"Assistance"}]},{"@type":"WebSite","@id":"https:\/\/calftel.com\/fr\/#website","url":"https:\/\/calftel.com\/fr\/","name":"Calf-Tel","description":"Calf Hutch Experts","publisher":{"@id":"https:\/\/calftel.com\/fr\/#organization"},"potentialAction":[{"@type":"SearchAction","target":{"@type":"EntryPoint","urlTemplate":"https:\/\/calftel.com\/fr\/?s={search_term_string}"},"query-input":{"@type":"PropertyValueSpecification","valueRequired":true,"valueName":"search_term_string"}}],"inLanguage":"fr-FR"},{"@type":"Organization","@id":"https:\/\/calftel.com\/fr\/#organization","name":"Calf-Tel by Hampel","url":"https:\/\/calftel.com\/fr\/","logo":{"@type":"ImageObject","inLanguage":"fr-FR","@id":"https:\/\/calftel.com\/fr\/#\/schema\/logo\/image\/","url":"https:\/\/calftel.com\/wp-content\/uploads\/2021\/11\/Hampels-CalfTel-USA-EST-1981-Color.png","contentUrl":"https:\/\/calftel.com\/wp-content\/uploads\/2021\/11\/Hampels-CalfTel-USA-EST-1981-Color.png","width":1080,"height":516,"caption":"Calf-Tel by Hampel"},"image":{"@id":"https:\/\/calftel.com\/fr\/#\/schema\/logo\/image\/"},"sameAs":["https:\/\/www.facebook.com\/calftel\/","https:\/\/www.instagram.com\/calftel\/","https:\/\/linkedin.com\/company\/calf-tel\/","https:\/\/www.youtube.com\/channel\/UCq73euoWhx5k1kOjHBHXM_g"]}]}},"_links":{"self":[{"href":"https:\/\/calftel.com\/fr\/wp-json\/wp\/v2\/pages\/8615","targetHints":{"allow":["GET"]}}],"collection":[{"href":"https:\/\/calftel.com\/fr\/wp-json\/wp\/v2\/pages"}],"about":[{"href":"https:\/\/calftel.com\/fr\/wp-json\/wp\/v2\/types\/page"}],"author":[{"embeddable":true,"href":"https:\/\/calftel.com\/fr\/wp-json\/wp\/v2\/users\/14"}],"replies":[{"embeddable":true,"href":"https:\/\/calftel.com\/fr\/wp-json\/wp\/v2\/comments?post=8615"}],"version-history":[{"count":0,"href":"https:\/\/calftel.com\/fr\/wp-json\/wp\/v2\/pages\/8615\/revisions"}],"wp:attachment":[{"href":"https:\/\/calftel.com\/fr\/wp-json\/wp\/v2\/media?parent=8615"}],"curies":[{"name":"wp","href":"https:\/\/api.w.org\/{rel}","templated":true}]}}