{"id":8661,"date":"2021-08-24T07:41:58","date_gmt":"2021-08-24T07:41:58","guid":{"rendered":"https:\/\/calftel.com\/a-propos\/"},"modified":"2022-06-06T17:43:58","modified_gmt":"2022-06-06T17:43:58","slug":"a-propos","status":"publish","type":"page","link":"https:\/\/calftel.com\/fr\/a-propos\/","title":{"rendered":"\u00c0 Propos"},"content":{"rendered":"\n<div class=\"wp-block-cover alignfull is-light pattern-hero-image gt-remove-margin-top\"><span aria-hidden=\"true\" class=\"has-background-dim-40 wp-block-cover__gradient-background has-background-dim\"><\/span><img loading=\"lazy\" decoding=\"async\" width=\"2000\" height=\"600\" class=\"wp-block-cover__image-background wp-image-10218\" alt=\"\" src=\"https:\/\/calftel.com\/wp-content\/uploads\/2021\/09\/About.jpg\" style=\"object-position:61% 57%\" data-object-fit=\"cover\" data-object-position=\"61% 57%\" srcset=\"https:\/\/calftel.com\/wp-content\/uploads\/2021\/09\/About.jpg 2000w, https:\/\/calftel.com\/wp-content\/uploads\/2021\/09\/About-300x90.jpg 300w, https:\/\/calftel.com\/wp-content\/uploads\/2021\/09\/About-1024x307.jpg 1024w, https:\/\/calftel.com\/wp-content\/uploads\/2021\/09\/About-768x230.jpg 768w, https:\/\/calftel.com\/wp-content\/uploads\/2021\/09\/About-1536x461.jpg 1536w\" sizes=\"auto, (max-width: 2000px) 100vw, 2000px\" \/><div class=\"wp-block-cover__inner-container is-layout-flow wp-block-cover-is-layout-flow\">\n<h1 class=\"has-text-align-center wp-block-heading\">L&rsquo;histoire de Calf-Tel<\/h1>\n<\/div><\/div>\n\n<h2 class=\"has-text-align-center wp-block-heading\">Vous Nous Menez Vers de Plus Verts P\u00e2turages<\/h2>\n\n<div class=\"wp-block-columns is-layout-flex wp-container-core-columns-is-layout-9d6595d7 wp-block-columns-is-layout-flex\">\n<div class=\"wp-block-column is-layout-flow wp-block-column-is-layout-flow\" style=\"flex-basis:33.33%\">\n<p><strong>Ok, c&rsquo;est une m\u00e9taphore ringarde. Nous sommes \u00e9leveurs bovins, pas po\u00e8tes.<\/strong><\/p>\n\n\n\n<p>N\u00e9anmoins, il n&rsquo;en reste pas moins que, chaque jour et ce depuis 40 ans, nous nous rappelons d&rsquo;une chose : derri\u00e8re chacun des quelque deux millions de veaux \u00e9lev\u00e9s chaque ann\u00e9e dans les installations de Calf-Tel, il y a une ferme. Et cette ferme, qu&rsquo;elle abrite 10 t\u00eates ou 10 000, d\u00e9finit nos orientations futures.<\/p>\n<\/div>\n\n\n\n<div class=\"wp-block-column is-layout-flow wp-block-column-is-layout-flow\" style=\"flex-basis:66.66%\">\n<figure class=\"wp-block-embed alignwide is-type-video is-provider-youtube wp-block-embed-youtube wp-embed-aspect-16-9 wp-has-aspect-ratio\"><div class=\"wp-block-embed__wrapper\">\n<iframe loading=\"lazy\" title=\"Calf-Tel - Heart Meets Smart\" width=\"640\" height=\"360\" src=\"https:\/\/www.youtube.com\/embed\/diSfPVmLVQI?feature=oembed\" frameborder=\"0\" allow=\"accelerometer; autoplay; clipboard-write; encrypted-media; gyroscope; picture-in-picture; web-share\" referrerpolicy=\"strict-origin-when-cross-origin\" allowfullscreen><\/iframe>\n<\/div><\/figure>\n<\/div>\n<\/div>\n\n<p>En d&rsquo;autres termes, lorsque vous nous parlez de votre installation, de vos enjeux ou de vos id\u00e9es, nous sommes \u00e0 votre \u00e9coute. Et parce que nous parlons le m\u00eame langage que vous, parce que nous avons nous aussi une grande exp\u00e9rience en mati\u00e8re d&rsquo;\u00e9levage de veaux en bonne sant\u00e9, nous sommes dans une position id\u00e9ale pour nous inspirer de vos suggestions. C&rsquo;est ainsi que nous d\u00e9veloppons les solutions les plus durables, les plus efficaces et les plus rentables qui soient. Et c&rsquo;est ainsi que vous \u00e9levez des veaux plus sains et plus productifs.<\/p>\n\n<p>Chez Calf-Tel, nous promettons de rester \u00e0 votre \u00e9coute. Nous sommes conscients des difficult\u00e9s du m\u00e9tier, de la charge de travail et des d\u00e9fis que vous devez relever au quotidien. Calf-Tel vous accompagne dans la r\u00e9ussite de votre \u00e9levage de veaux.<\/p>\n\n<p>Hampel, le fabricant des produits Calf-Tel, perfectionne l&rsquo;art et la science du thermoformage du plastique de gros calibre depuis 1976.<\/p>\n\n<div class=\"wp-block-buttons is-layout-flex wp-block-buttons-is-layout-flex\">\n<div class=\"wp-block-button is-style-secondary-fill\"><a class=\"wp-block-button__link\" href=\"http:\/\/www.hampelcorp.com\/\">EN SAVOIR PLUS SUR HAMPEL<\/a><\/div>\n<\/div>\n\n<div class=\"wp-block-group alignfull has-blue-gray-background-color has-background gt-remove-margin-bottom\"><div class=\"wp-block-group__inner-container is-layout-flow wp-block-group-is-layout-flow\">\n<h2 class=\"has-text-align-center wp-block-heading\"><em>Voil\u00e0 <\/em>ce qui en fait un produit Calf-Tel.<\/h2>\n\n\n\n<p class=\"has-text-align-center\">Certes, nous avons d\u00e9marr\u00e9 avec un objectif modeste : perfectionner les habitats en bois pour les veaux. Mais au cours des quatre derni\u00e8res d\u00e9cennies, <em>l&rsquo;am\u00e9lioration en soi<\/em> est devenue notre sp\u00e9cialit\u00e9. Gr\u00e2ce \u00e0 notre technologie innovante de thermoformage, nous avons sans cesse fait \u00e9voluer et am\u00e9lior\u00e9 la durabilit\u00e9, la r\u00e9sistance aux UV, la ventilation et l&rsquo;hygi\u00e8ne de nos produits. Ainsi, nous avons pu aider des agriculteurs tels que vous \u00e0 \u00e9lever des veaux en meilleure sant\u00e9 et \u00e0 r\u00e9aliser de meilleurs b\u00e9n\u00e9fices.<\/p>\n\n\n\n<div class=\"wp-block-columns alignwide is-layout-flex wp-container-core-columns-is-layout-9d6595d7 wp-block-columns-is-layout-flex\">\n<div class=\"wp-block-column is-vertically-aligned-center is-layout-flow wp-block-column-is-layout-flow\">\n<h3 class=\"wp-block-heading\">Comment Nous Fabriquons Nos Produits<\/h3>\n\n\n\n<p>Il existe toujours diff\u00e9rentes mani\u00e8res de faire quelque chose, mais il n&rsquo;existe qu&rsquo;une seule bonne mani\u00e8re. Nous thermoformons les niches Calf-Tel \u00e0 partir de feuilles extrud\u00e9es de poly\u00e9thyl\u00e8ne. Ce proc\u00e9d\u00e9 permet d&rsquo;obtenir une coh\u00e9sion mol\u00e9culaire au sein du mat\u00e9riau plastique qui est de loin sup\u00e9rieure \u00e0 toute autre forme de fabrication, offrant ainsi une r\u00e9sistance et une durabilit\u00e9 in\u00e9gal\u00e9es.<\/p>\n<\/div>\n\n\n\n<div class=\"wp-block-column is-layout-flow wp-block-column-is-layout-flow\">\n<figure class=\"wp-block-image size-large\"><img loading=\"lazy\" decoding=\"async\" width=\"1024\" height=\"683\" src=\"https:\/\/calftel.com\/wp-content\/uploads\/2021\/05\/Thewaywemakeourproducts-1.jpg\" alt=\"\" class=\"wp-image-4941\" srcset=\"https:\/\/calftel.com\/wp-content\/uploads\/2021\/05\/Thewaywemakeourproducts-1.jpg 1024w, https:\/\/calftel.com\/wp-content\/uploads\/2021\/05\/Thewaywemakeourproducts-1-300x200.jpg 300w, https:\/\/calftel.com\/wp-content\/uploads\/2021\/05\/Thewaywemakeourproducts-1-768x512.jpg 768w\" sizes=\"auto, (max-width: 1024px) 100vw, 1024px\" \/><\/figure><\/div>\n<\/div>\n\n\n\n<div class=\"wp-block-columns alignwide is-layout-flex wp-container-core-columns-is-layout-9d6595d7 wp-block-columns-is-layout-flex\">\n<div class=\"wp-block-column is-vertically-aligned-center is-layout-flow wp-block-column-is-layout-flow\">\n<figure class=\"wp-block-image size-large\"><img loading=\"lazy\" decoding=\"async\" width=\"1024\" height=\"683\" src=\"https:\/\/calftel.com\/wp-content\/uploads\/2021\/05\/Asreliableasamilkingcow.jpg\" alt=\"\" class=\"wp-image-4947\" srcset=\"https:\/\/calftel.com\/wp-content\/uploads\/2021\/05\/Asreliableasamilkingcow.jpg 1024w, https:\/\/calftel.com\/wp-content\/uploads\/2021\/05\/Asreliableasamilkingcow-300x200.jpg 300w, https:\/\/calftel.com\/wp-content\/uploads\/2021\/05\/Asreliableasamilkingcow-768x512.jpg 768w\" sizes=\"auto, (max-width: 1024px) 100vw, 1024px\" \/><\/figure><\/div>\n\n\n\n<div class=\"wp-block-column is-vertically-aligned-center is-layout-flow wp-block-column-is-layout-flow\">\n<h3 class=\"wp-block-heading\">Aussi Fiable que Votre Meilleure Vache Laiti\u00e8re<\/h3>\n\n\n\n<p>L&rsquo;int\u00e9grit\u00e9 structurelle de nos niches Calf-Tel est \u00e9prouv\u00e9e pour r\u00e9pondre \u00e0 l&rsquo;\u00e9preuve du temps. Il n&rsquo;est pas rare de voir nos niches encore utilis\u00e9es au del\u00e0 de 25 ans. La forte masse mol\u00e9culaire des produit Calf-Tel est associ\u00e9e \u00e0 un pigment qui bloque les UV, emp\u00eachant ainsi la d\u00e9gradation pr\u00e9matur\u00e9e du plastique. Un souci de moins \u00e0 se faire.<\/p>\n<\/div>\n<\/div>\n\n\n\n<div class=\"wp-block-columns alignwide is-layout-flex wp-container-core-columns-is-layout-9d6595d7 wp-block-columns-is-layout-flex\">\n<div class=\"wp-block-column is-vertically-aligned-center is-layout-flow wp-block-column-is-layout-flow\">\n<h3 class=\"wp-block-heading\">Le Confort Nous Tient \u00c0 C\u0153ur<\/h3>\n\n\n\n<p>Des veaux heureux et en bonne sant\u00e9 sont le r\u00e9sultat direct de leur confort et du climat. Le mat\u00e9riau opaque utilis\u00e9 sur les niches Calf-Tel agit comme une barri\u00e8re \u00e0 la lumi\u00e8re directe du soleil, cr\u00e9ant ainsi de l&rsquo;ombre et des temp\u00e9ratures plus basses. Ce mat\u00e9riau r\u00e9duit \u00e9galement la condensation, que l&rsquo;on observe souvent dans les niches translucides et qui peut s&rsquo;accumuler lors de changements brusques de temps &#8211; ce qui permet aux veaux de rester au sec durant les froides journ\u00e9es d&rsquo;hiver.<\/p>\n<\/div>\n\n\n\n<div class=\"wp-block-column is-layout-flow wp-block-column-is-layout-flow\">\n<figure class=\"wp-block-image size-large\"><img loading=\"lazy\" decoding=\"async\" width=\"1024\" height=\"683\" src=\"https:\/\/calftel.com\/wp-content\/uploads\/2021\/05\/Wecareaboutcomfort.jpg\" alt=\"\" class=\"wp-image-4953\" srcset=\"https:\/\/calftel.com\/wp-content\/uploads\/2021\/05\/Wecareaboutcomfort.jpg 1024w, https:\/\/calftel.com\/wp-content\/uploads\/2021\/05\/Wecareaboutcomfort-300x200.jpg 300w, https:\/\/calftel.com\/wp-content\/uploads\/2021\/05\/Wecareaboutcomfort-768x512.jpg 768w\" sizes=\"auto, (max-width: 1024px) 100vw, 1024px\" \/><\/figure><\/div>\n<\/div>\n\n\n\n<div class=\"wp-block-columns alignwide is-layout-flex wp-container-core-columns-is-layout-9d6595d7 wp-block-columns-is-layout-flex\">\n<div class=\"wp-block-column is-vertically-aligned-center is-layout-flow wp-block-column-is-layout-flow\">\n<figure class=\"wp-block-image size-large\"><img loading=\"lazy\" decoding=\"async\" width=\"1024\" height=\"683\" src=\"https:\/\/calftel.com\/wp-content\/uploads\/2021\/05\/Wegowiththeflow.jpg\" alt=\"\" class=\"wp-image-4962\" srcset=\"https:\/\/calftel.com\/wp-content\/uploads\/2021\/05\/Wegowiththeflow.jpg 1024w, https:\/\/calftel.com\/wp-content\/uploads\/2021\/05\/Wegowiththeflow-300x200.jpg 300w, https:\/\/calftel.com\/wp-content\/uploads\/2021\/05\/Wegowiththeflow-768x512.jpg 768w\" sizes=\"auto, (max-width: 1024px) 100vw, 1024px\" \/><\/figure><\/div>\n\n\n\n<div class=\"wp-block-column is-vertically-aligned-center is-layout-flow wp-block-column-is-layout-flow\">\n<h3 class=\"wp-block-heading\">On Suit le Courant<\/h3>\n\n\n\n<p>Une bonne a\u00e9ration est essentielle pour limiter les maladies respiratoires et \u00e9liminer le stress thermique. Le flux d&rsquo;air est strat\u00e9giquement \u00e9tudi\u00e9 dans les niches Calf-Tel, et am\u00e9lior\u00e9 par une ouverture de ventilation r\u00e9glable extra-large (la plus grande du secteur) pour un confort et une respirabilit\u00e9 maximum. Nos syst\u00e8mes d&rsquo;enclos int\u00e9rieurs sont par exemple \u00e9quip\u00e9s du panneau AirMax, qui am\u00e9liore la circulation de l&rsquo;air dans des conditions difficiles.<\/p>\n<\/div>\n<\/div>\n\n\n\n<div class=\"wp-block-columns alignwide is-layout-flex wp-container-core-columns-is-layout-9d6595d7 wp-block-columns-is-layout-flex\">\n<div class=\"wp-block-column is-vertically-aligned-center is-layout-flow wp-block-column-is-layout-flow\">\n<h3 class=\"wp-block-heading\">Nous Favorisons la Bios\u00e9curit\u00e9<\/h3>\n\n\n\n<p>De nombreux mat\u00e9riaux sur le march\u00e9 sont extr\u00eamement poreux : une porte ouverte aux bact\u00e9ries, aux agents pathog\u00e8nes, aux acides de fumier et autres ind\u00e9sirables. Les niches et les enclos Calf-Tel disposent d&rsquo;une surface lisse et sans pores, ce qui les rend imperm\u00e9ables aux ind\u00e9sirables et tr\u00e8s faciles \u00e0 nettoyer et \u00e0 entretenir. Tout cela contribue \u00e0 r\u00e9duire la mortalit\u00e9, la morbidit\u00e9 et les co\u00fbts de traitement globaux, favorisant ainsi un meilleur d\u00e9veloppement des veaux.<\/p>\n<\/div>\n\n\n\n<div class=\"wp-block-column is-layout-flow wp-block-column-is-layout-flow\">\n<figure class=\"wp-block-image size-large\"><img loading=\"lazy\" decoding=\"async\" width=\"1024\" height=\"683\" src=\"https:\/\/calftel.com\/wp-content\/uploads\/2021\/05\/WePromoteBiosecurity.jpg\" alt=\"\" class=\"wp-image-4968\" srcset=\"https:\/\/calftel.com\/wp-content\/uploads\/2021\/05\/WePromoteBiosecurity.jpg 1024w, https:\/\/calftel.com\/wp-content\/uploads\/2021\/05\/WePromoteBiosecurity-300x200.jpg 300w, https:\/\/calftel.com\/wp-content\/uploads\/2021\/05\/WePromoteBiosecurity-768x512.jpg 768w\" sizes=\"auto, (max-width: 1024px) 100vw, 1024px\" \/><\/figure><\/div>\n<\/div>\n\n\n\n<div class=\"wp-block-columns alignwide is-layout-flex wp-container-core-columns-is-layout-9d6595d7 wp-block-columns-is-layout-flex\">\n<div class=\"wp-block-column is-vertically-aligned-center is-layout-flow wp-block-column-is-layout-flow\">\n<figure class=\"wp-block-image size-large\"><img loading=\"lazy\" decoding=\"async\" width=\"1024\" height=\"683\" src=\"https:\/\/calftel.com\/wp-content\/uploads\/2021\/05\/Moneytalks.jpg\" alt=\"\" class=\"wp-image-4974\" srcset=\"https:\/\/calftel.com\/wp-content\/uploads\/2021\/05\/Moneytalks.jpg 1024w, https:\/\/calftel.com\/wp-content\/uploads\/2021\/05\/Moneytalks-300x200.jpg 300w, https:\/\/calftel.com\/wp-content\/uploads\/2021\/05\/Moneytalks-768x512.jpg 768w\" sizes=\"auto, (max-width: 1024px) 100vw, 1024px\" \/><\/figure><\/div>\n\n\n\n<div class=\"wp-block-column is-vertically-aligned-center is-layout-flow wp-block-column-is-layout-flow\">\n<h3 class=\"wp-block-heading\">Le Temps, C&rsquo;est De L&rsquo;argent<\/h3>\n\n\n\n<p>Depuis 40 ans, Calf-Tel propose des produits con\u00e7us pour r\u00e9sister \u00e0 l&rsquo;\u00e9preuve du temps. Un produit durable permet de r\u00e9duire les frais d&rsquo;entretien. Si l&rsquo;on ajoute \u00e0 cela les \u00e9conomies et les avantages d&rsquo;une meilleure sant\u00e9 des veaux, on comprend pourquoi environ 2 millions de veaux sont \u00e9lev\u00e9s dans des installations Calf-Tel chaque ann\u00e9e dans le monde.<\/p>\n<\/div>\n<\/div>\n<\/div><\/div>\n","protected":false},"excerpt":{"rendered":"","protected":false},"author":14,"featured_media":1891,"parent":0,"menu_order":0,"comment_status":"closed","ping_status":"closed","template":"","meta":{"_acf_changed":false,"footnotes":""},"class_list":["post-8661","page","type-page","status-publish","has-post-thumbnail","hentry"],"acf":[],"yoast_head":"<!-- This site is optimized with the Yoast SEO plugin v27.1.1 - https:\/\/yoast.com\/product\/yoast-seo-wordpress\/ -->\n<title>\u00c0 Propos - Calf-Tel<\/title>\n<meta name=\"robots\" content=\"index, follow, max-snippet:-1, max-image-preview:large, max-video-preview:-1\" \/>\n<link rel=\"canonical\" href=\"https:\/\/calftel.com\/fr\/a-propos\/\" \/>\n<meta property=\"og:locale\" content=\"fr_FR\" \/>\n<meta property=\"og:type\" content=\"article\" \/>\n<meta property=\"og:title\" content=\"\u00c0 Propos - Calf-Tel\" \/>\n<meta property=\"og:url\" content=\"https:\/\/calftel.com\/fr\/a-propos\/\" \/>\n<meta property=\"og:site_name\" content=\"Calf-Tel\" \/>\n<meta property=\"article:publisher\" content=\"https:\/\/www.facebook.com\/calftel\/\" \/>\n<meta property=\"article:modified_time\" content=\"2022-06-06T17:43:58+00:00\" \/>\n<meta property=\"og:image\" content=\"https:\/\/calftel.com\/wp-content\/uploads\/2021\/04\/Roden_Echo_IMG_5108-3.jpg\" \/>\n\t<meta property=\"og:image:width\" content=\"1\" \/>\n\t<meta property=\"og:image:height\" content=\"1\" \/>\n\t<meta property=\"og:image:type\" content=\"image\/jpeg\" \/>\n<meta name=\"twitter:card\" content=\"summary_large_image\" \/>\n<meta name=\"twitter:label1\" content=\"Dur\u00e9e de lecture estim\u00e9e\" \/>\n\t<meta name=\"twitter:data1\" content=\"4 minutes\" \/>\n<script type=\"application\/ld+json\" class=\"yoast-schema-graph\">{\"@context\":\"https:\/\/schema.org\",\"@graph\":[{\"@type\":\"WebPage\",\"@id\":\"https:\/\/calftel.com\/fr\/a-propos\/\",\"url\":\"https:\/\/calftel.com\/fr\/a-propos\/\",\"name\":\"\u00c0 Propos - Calf-Tel\",\"isPartOf\":{\"@id\":\"https:\/\/calftel.com\/fr\/#website\"},\"primaryImageOfPage\":{\"@id\":\"https:\/\/calftel.com\/fr\/a-propos\/#primaryimage\"},\"image\":{\"@id\":\"https:\/\/calftel.com\/fr\/a-propos\/#primaryimage\"},\"thumbnailUrl\":\"https:\/\/calftel.com\/wp-content\/uploads\/2021\/04\/Roden_Echo_IMG_5108-3.jpg\",\"datePublished\":\"2021-08-24T07:41:58+00:00\",\"dateModified\":\"2022-06-06T17:43:58+00:00\",\"breadcrumb\":{\"@id\":\"https:\/\/calftel.com\/fr\/a-propos\/#breadcrumb\"},\"inLanguage\":\"fr-FR\",\"potentialAction\":[{\"@type\":\"ReadAction\",\"target\":[\"https:\/\/calftel.com\/fr\/a-propos\/\"]}]},{\"@type\":\"ImageObject\",\"inLanguage\":\"fr-FR\",\"@id\":\"https:\/\/calftel.com\/fr\/a-propos\/#primaryimage\",\"url\":\"https:\/\/calftel.com\/wp-content\/uploads\/2021\/04\/Roden_Echo_IMG_5108-3.jpg\",\"contentUrl\":\"https:\/\/calftel.com\/wp-content\/uploads\/2021\/04\/Roden_Echo_IMG_5108-3.jpg\",\"caption\":\"Barn Windmill\"},{\"@type\":\"BreadcrumbList\",\"@id\":\"https:\/\/calftel.com\/fr\/a-propos\/#breadcrumb\",\"itemListElement\":[{\"@type\":\"ListItem\",\"position\":1,\"name\":\"Home\",\"item\":\"https:\/\/calftel.com\/fr\/calf-housing\/\"},{\"@type\":\"ListItem\",\"position\":2,\"name\":\"\u00c0 Propos\"}]},{\"@type\":\"WebSite\",\"@id\":\"https:\/\/calftel.com\/fr\/#website\",\"url\":\"https:\/\/calftel.com\/fr\/\",\"name\":\"Calf-Tel\",\"description\":\"Calf Hutch Experts\",\"publisher\":{\"@id\":\"https:\/\/calftel.com\/fr\/#organization\"},\"potentialAction\":[{\"@type\":\"SearchAction\",\"target\":{\"@type\":\"EntryPoint\",\"urlTemplate\":\"https:\/\/calftel.com\/fr\/?s={search_term_string}\"},\"query-input\":{\"@type\":\"PropertyValueSpecification\",\"valueRequired\":true,\"valueName\":\"search_term_string\"}}],\"inLanguage\":\"fr-FR\"},{\"@type\":\"Organization\",\"@id\":\"https:\/\/calftel.com\/fr\/#organization\",\"name\":\"Calf-Tel by Hampel\",\"url\":\"https:\/\/calftel.com\/fr\/\",\"logo\":{\"@type\":\"ImageObject\",\"inLanguage\":\"fr-FR\",\"@id\":\"https:\/\/calftel.com\/fr\/#\/schema\/logo\/image\/\",\"url\":\"https:\/\/calftel.com\/wp-content\/uploads\/2021\/11\/Hampels-CalfTel-USA-EST-1981-Color.png\",\"contentUrl\":\"https:\/\/calftel.com\/wp-content\/uploads\/2021\/11\/Hampels-CalfTel-USA-EST-1981-Color.png\",\"width\":1080,\"height\":516,\"caption\":\"Calf-Tel by Hampel\"},\"image\":{\"@id\":\"https:\/\/calftel.com\/fr\/#\/schema\/logo\/image\/\"},\"sameAs\":[\"https:\/\/www.facebook.com\/calftel\/\",\"https:\/\/www.instagram.com\/calftel\/\",\"https:\/\/linkedin.com\/company\/calf-tel\/\",\"https:\/\/www.youtube.com\/channel\/UCq73euoWhx5k1kOjHBHXM_g\"]}]}<\/script>\n<!-- \/ Yoast SEO plugin. -->","yoast_head_json":{"title":"\u00c0 Propos - Calf-Tel","robots":{"index":"index","follow":"follow","max-snippet":"max-snippet:-1","max-image-preview":"max-image-preview:large","max-video-preview":"max-video-preview:-1"},"canonical":"https:\/\/calftel.com\/fr\/a-propos\/","og_locale":"fr_FR","og_type":"article","og_title":"\u00c0 Propos - Calf-Tel","og_url":"https:\/\/calftel.com\/fr\/a-propos\/","og_site_name":"Calf-Tel","article_publisher":"https:\/\/www.facebook.com\/calftel\/","article_modified_time":"2022-06-06T17:43:58+00:00","og_image":[{"url":"https:\/\/calftel.com\/wp-content\/uploads\/2021\/04\/Roden_Echo_IMG_5108-3.jpg","width":1,"height":1,"type":"image\/jpeg"}],"twitter_card":"summary_large_image","twitter_misc":{"Dur\u00e9e de lecture estim\u00e9e":"4 minutes"},"schema":{"@context":"https:\/\/schema.org","@graph":[{"@type":"WebPage","@id":"https:\/\/calftel.com\/fr\/a-propos\/","url":"https:\/\/calftel.com\/fr\/a-propos\/","name":"\u00c0 Propos - Calf-Tel","isPartOf":{"@id":"https:\/\/calftel.com\/fr\/#website"},"primaryImageOfPage":{"@id":"https:\/\/calftel.com\/fr\/a-propos\/#primaryimage"},"image":{"@id":"https:\/\/calftel.com\/fr\/a-propos\/#primaryimage"},"thumbnailUrl":"https:\/\/calftel.com\/wp-content\/uploads\/2021\/04\/Roden_Echo_IMG_5108-3.jpg","datePublished":"2021-08-24T07:41:58+00:00","dateModified":"2022-06-06T17:43:58+00:00","breadcrumb":{"@id":"https:\/\/calftel.com\/fr\/a-propos\/#breadcrumb"},"inLanguage":"fr-FR","potentialAction":[{"@type":"ReadAction","target":["https:\/\/calftel.com\/fr\/a-propos\/"]}]},{"@type":"ImageObject","inLanguage":"fr-FR","@id":"https:\/\/calftel.com\/fr\/a-propos\/#primaryimage","url":"https:\/\/calftel.com\/wp-content\/uploads\/2021\/04\/Roden_Echo_IMG_5108-3.jpg","contentUrl":"https:\/\/calftel.com\/wp-content\/uploads\/2021\/04\/Roden_Echo_IMG_5108-3.jpg","caption":"Barn Windmill"},{"@type":"BreadcrumbList","@id":"https:\/\/calftel.com\/fr\/a-propos\/#breadcrumb","itemListElement":[{"@type":"ListItem","position":1,"name":"Home","item":"https:\/\/calftel.com\/fr\/calf-housing\/"},{"@type":"ListItem","position":2,"name":"\u00c0 Propos"}]},{"@type":"WebSite","@id":"https:\/\/calftel.com\/fr\/#website","url":"https:\/\/calftel.com\/fr\/","name":"Calf-Tel","description":"Calf Hutch Experts","publisher":{"@id":"https:\/\/calftel.com\/fr\/#organization"},"potentialAction":[{"@type":"SearchAction","target":{"@type":"EntryPoint","urlTemplate":"https:\/\/calftel.com\/fr\/?s={search_term_string}"},"query-input":{"@type":"PropertyValueSpecification","valueRequired":true,"valueName":"search_term_string"}}],"inLanguage":"fr-FR"},{"@type":"Organization","@id":"https:\/\/calftel.com\/fr\/#organization","name":"Calf-Tel by Hampel","url":"https:\/\/calftel.com\/fr\/","logo":{"@type":"ImageObject","inLanguage":"fr-FR","@id":"https:\/\/calftel.com\/fr\/#\/schema\/logo\/image\/","url":"https:\/\/calftel.com\/wp-content\/uploads\/2021\/11\/Hampels-CalfTel-USA-EST-1981-Color.png","contentUrl":"https:\/\/calftel.com\/wp-content\/uploads\/2021\/11\/Hampels-CalfTel-USA-EST-1981-Color.png","width":1080,"height":516,"caption":"Calf-Tel by Hampel"},"image":{"@id":"https:\/\/calftel.com\/fr\/#\/schema\/logo\/image\/"},"sameAs":["https:\/\/www.facebook.com\/calftel\/","https:\/\/www.instagram.com\/calftel\/","https:\/\/linkedin.com\/company\/calf-tel\/","https:\/\/www.youtube.com\/channel\/UCq73euoWhx5k1kOjHBHXM_g"]}]}},"_links":{"self":[{"href":"https:\/\/calftel.com\/fr\/wp-json\/wp\/v2\/pages\/8661","targetHints":{"allow":["GET"]}}],"collection":[{"href":"https:\/\/calftel.com\/fr\/wp-json\/wp\/v2\/pages"}],"about":[{"href":"https:\/\/calftel.com\/fr\/wp-json\/wp\/v2\/types\/page"}],"author":[{"embeddable":true,"href":"https:\/\/calftel.com\/fr\/wp-json\/wp\/v2\/users\/14"}],"replies":[{"embeddable":true,"href":"https:\/\/calftel.com\/fr\/wp-json\/wp\/v2\/comments?post=8661"}],"version-history":[{"count":0,"href":"https:\/\/calftel.com\/fr\/wp-json\/wp\/v2\/pages\/8661\/revisions"}],"wp:featuredmedia":[{"embeddable":true,"href":"https:\/\/calftel.com\/fr\/wp-json\/wp\/v2\/media\/1891"}],"wp:attachment":[{"href":"https:\/\/calftel.com\/fr\/wp-json\/wp\/v2\/media?parent=8661"}],"curies":[{"name":"wp","href":"https:\/\/api.w.org\/{rel}","templated":true}]}}