{"id":11944,"date":"2021-10-29T08:49:54","date_gmt":"2021-10-29T08:49:54","guid":{"rendered":"https:\/\/calftel.flywheelstaging.com\/product\/%series%\/cloture-comfort\/"},"modified":"2021-11-04T14:26:49","modified_gmt":"2021-11-04T14:26:49","slug":"cloture-comfort","status":"publish","type":"product","link":"https:\/\/calftel.com\/fr\/product\/serie-c\/cloture-comfort\/","title":{"rendered":"Cl\u00f4ture Comfort"},"content":{"rendered":"\n<div class=\"wp-block-cover alignfull has-background-dim-40 has-background-dim pattern-hero-product gt-remove-margin-top\"><img loading=\"lazy\" decoding=\"async\" width=\"2000\" height=\"600\" class=\"wp-block-cover__image-background wp-image-6205\" alt=\"\" src=\"https:\/\/calftel.com\/wp-content\/uploads\/2021\/05\/Premium-Fence-Hero.jpg\" style=\"object-position:52% 58%\" data-object-fit=\"cover\" data-object-position=\"52% 58%\" srcset=\"https:\/\/calftel.com\/wp-content\/uploads\/2021\/05\/Premium-Fence-Hero.jpg 2000w, https:\/\/calftel.com\/wp-content\/uploads\/2021\/05\/Premium-Fence-Hero-300x90.jpg 300w, https:\/\/calftel.com\/wp-content\/uploads\/2021\/05\/Premium-Fence-Hero-1024x307.jpg 1024w, https:\/\/calftel.com\/wp-content\/uploads\/2021\/05\/Premium-Fence-Hero-768x230.jpg 768w, https:\/\/calftel.com\/wp-content\/uploads\/2021\/05\/Premium-Fence-Hero-1536x461.jpg 1536w\" sizes=\"auto, (max-width: 2000px) 100vw, 2000px\" \/><div class=\"wp-block-cover__inner-container is-layout-flow wp-block-cover-is-layout-flow\">\n<p class=\"has-text-align-center hero-product-series gt-remove-margin-bottom\">S\u00e9rie C<\/p>\n\n\n\n<h1 class=\"alignwide has-text-align-center hero-product-name gt-remove-margin-top gt-remove-margin-bottom wp-block-heading\">Cl\u00f4ture Comfort<\/h1>\n\n\n\n<p class=\"has-text-align-center hero-product-tagline gt-remove-margin-top\"><\/p>\n<\/div><\/div>\n\n<div class=\"wp-block-columns alignwide pattern-product-intro is-layout-flex wp-container-core-columns-is-layout-9d6595d7 wp-block-columns-is-layout-flex\">\n<div class=\"wp-block-column is-vertically-aligned-center is-layout-flow wp-block-column-is-layout-flow\" style=\"flex-basis:40%\">\n<h6 class=\"wp-block-heading\">Conception robuste &#8211; r\u00e9duit la charge de travail et favorise une bonne sant\u00e9 des veaux<\/h6>\n\n\n\n<p>La cl\u00f4ture Comfort Fence de Calf-Tel constitue pour les \u00e9leveurs laitiers un syst\u00e8me de cl\u00f4ture efficace qui r\u00e9duit consid\u00e9rablement la charge de travail et favorise le bien-\u00eatre des veaux.<\/p>\n\n\n\n<ul class=\"wp-block-list\"><li>Compatible avec les niches 14|53 (Compact), 20|64 (ECO), 24|74 (Pro II\/Deluxe II) et 35|85 (XXL)<\/li><li>Porte polyvalente ouvrant vers l&rsquo;int\u00e9rieur et l&rsquo;ext\u00e9rieur<\/li><li>Une barre de s\u00e9curit\u00e9 retient le veau dans la niche<\/li><li>Pour le nettoyage, basculez la cl\u00f4ture sur la niche<\/li><li>Pour le nettoyage, basculez la cl\u00f4ture sur la niche<\/li><li>Kit de roues disponible en option pour plus de flexibilit\u00e9<\/li><li>La cl\u00f4ture est dot\u00e9e de pieds qui la maintiennent sur\u00e9lev\u00e9e<\/li><\/ul>\n\n\n<div id=accessories-associated-listing-block_6074ebbb6e6ae class=\"block-product-docs alignwide\">\n                        <ul class=\"doc-listing\">\n                                    <li class=\"doc-item\">\n                        <a href=\"https:\/\/calftel.com\/wp-content\/uploads\/2021\/04\/Premium-Fence-Assembly-Instructions.pdf\" target=\"_blank\">\n                            <!--                                 Assembly Instructions\n                             -->\n                            Comfort Fence Assembly Instructions                        <\/a>\n                    <\/li>\n                                <\/ul>\n            <\/div>\n\n\n<div class=\"wp-block-buttons is-layout-flex wp-block-buttons-is-layout-flex\">\n<div class=\"wp-block-button is-style-fill\"><a class=\"wp-block-button__link has-very-dark-gray-color has-very-light-gray-background-color has-text-color has-background\" href=\"\/fr\/produits\/accessories\/\">Shop Accessories<\/a><\/div>\n\n\n\n<div class=\"wp-block-button is-style-secondary-fill\"><a class=\"wp-block-button__link\" href=\"\/fr\/support\/customizer\/\">Product Customizer<\/a><\/div>\n<\/div>\n<\/div>\n\n\n\n<div class=\"wp-block-column is-vertically-aligned-center is-layout-flow wp-block-column-is-layout-flow\">\n<figure class=\"wp-block-image size-large is-style-zoom\"><img loading=\"lazy\" decoding=\"async\" width=\"1024\" height=\"768\" src=\"https:\/\/calftel.com\/wp-content\/uploads\/2021\/05\/Premium-Fence.png\" alt=\"\" class=\"wp-image-4378\" srcset=\"https:\/\/calftel.com\/wp-content\/uploads\/2021\/05\/Premium-Fence.png 1024w, https:\/\/calftel.com\/wp-content\/uploads\/2021\/05\/Premium-Fence-300x225.png 300w, https:\/\/calftel.com\/wp-content\/uploads\/2021\/05\/Premium-Fence-768x576.png 768w\" sizes=\"auto, (max-width: 1024px) 100vw, 1024px\" \/><\/figure>\n<\/div>\n<\/div>\n\n<figure class=\"wp-block-embed alignwide is-type-video is-provider-youtube wp-block-embed-youtube wp-embed-aspect-16-9 wp-has-aspect-ratio\"><div class=\"wp-block-embed__wrapper\">\n<iframe loading=\"lazy\" title=\"Calf Tel College Part 8 Accessories\" width=\"640\" height=\"360\" src=\"https:\/\/www.youtube.com\/embed\/U1FKyhbfArQ?feature=oembed\" frameborder=\"0\" allow=\"accelerometer; autoplay; clipboard-write; encrypted-media; gyroscope; picture-in-picture; web-share\" referrerpolicy=\"strict-origin-when-cross-origin\" allowfullscreen><\/iframe>\n<\/div><\/figure>\n\n<div class=\"wp-block-blockgallery-masonry alignwide\"><div class=\"blockgallery has-caption-style-dark has-gutter\"><ul class=\"has-grid-xlrg has-gutter-15 has-gutter-mobile-15\"><li class=\"blockgallery--item\"><figure class=\"blockgallery--figure\"><img loading=\"lazy\" decoding=\"async\" width=\"1024\" height=\"768\" src=\"https:\/\/calftel.com\/wp-content\/uploads\/2021\/05\/Untitled-2.jpg\" alt=\"\" data-id=\"6211\" data-link=\"https:\/\/calftel.com\/product\/c-series\/premium-fence\/untitled-2-6\/\" class=\"wp-image-6212\" srcset=\"https:\/\/calftel.com\/wp-content\/uploads\/2021\/05\/Untitled-2.jpg 1024w, https:\/\/calftel.com\/wp-content\/uploads\/2021\/05\/Untitled-2-300x225.jpg 300w, https:\/\/calftel.com\/wp-content\/uploads\/2021\/05\/Untitled-2-768x576.jpg 768w\" sizes=\"auto, (max-width: 1024px) 100vw, 1024px\" \/><\/figure><\/li><li class=\"blockgallery--item\"><figure class=\"blockgallery--figure\"><img loading=\"lazy\" decoding=\"async\" width=\"1024\" height=\"768\" src=\"https:\/\/calftel.com\/wp-content\/uploads\/2021\/05\/Untitled-3.jpg\" alt=\"\" data-id=\"6217\" data-link=\"https:\/\/calftel.com\/product\/c-series\/premium-fence\/untitled-3-3\/\" class=\"wp-image-6218\" srcset=\"https:\/\/calftel.com\/wp-content\/uploads\/2021\/05\/Untitled-3.jpg 1024w, https:\/\/calftel.com\/wp-content\/uploads\/2021\/05\/Untitled-3-300x225.jpg 300w, https:\/\/calftel.com\/wp-content\/uploads\/2021\/05\/Untitled-3-768x576.jpg 768w\" sizes=\"auto, (max-width: 1024px) 100vw, 1024px\" \/><\/figure><\/li><\/ul><\/div><\/div>\n\n<div class=\"wp-block-group alignfull product-specifications\"><div class=\"wp-block-group__inner-container is-layout-flow wp-block-group-is-layout-flow\">\n<div class=\"wp-block-columns alignwide is-layout-flex wp-container-core-columns-is-layout-9d6595d7 wp-block-columns-is-layout-flex\">\n<div class=\"wp-block-column is-vertically-aligned-center is-layout-flow wp-block-column-is-layout-flow\" style=\"flex-basis:40%\">\n<figure class=\"wp-block-image size-large is-style-zoom\"><img loading=\"lazy\" decoding=\"async\" width=\"1024\" height=\"768\" src=\"https:\/\/calftel.com\/wp-content\/uploads\/2021\/05\/Comfort-Fence-Dimension-Image.jpg\" alt=\"\" class=\"wp-image-8142\" srcset=\"https:\/\/calftel.com\/wp-content\/uploads\/2021\/05\/Comfort-Fence-Dimension-Image.jpg 1024w, https:\/\/calftel.com\/wp-content\/uploads\/2021\/05\/Comfort-Fence-Dimension-Image-300x225.jpg 300w, https:\/\/calftel.com\/wp-content\/uploads\/2021\/05\/Comfort-Fence-Dimension-Image-768x576.jpg 768w\" sizes=\"auto, (max-width: 1024px) 100vw, 1024px\" \/><\/figure>\n<\/div>\n\n\n\n<div class=\"wp-block-column is-vertically-aligned-center is-layout-flow wp-block-column-is-layout-flow\">\n<h2 class=\"wp-block-heading\">Caract\u00e9ristiques<\/h2>\n\n\n\n<figure class=\"wp-block-table is-style-regular\"><table><thead><tr><th class=\"has-text-align-left\" data-align=\"left\">Dimensions<\/th><th class=\"has-text-align-left\" data-align=\"left\"><\/th><\/tr><\/thead><tbody><tr><td class=\"has-text-align-left\" data-align=\"left\"><strong>Longueur<\/strong><\/td><td class=\"has-text-align-left\" data-align=\"left\">57\u201d<br\/>145 cm<\/td><\/tr><tr><td class=\"has-text-align-left\" data-align=\"left\"><strong>Largeur<\/strong><\/td><td class=\"has-text-align-left\" data-align=\"left\">47&Prime;<br\/>123cm<\/td><\/tr><tr><td class=\"has-text-align-left\" data-align=\"left\"><strong>Hauteur<\/strong><\/td><td class=\"has-text-align-left\" data-align=\"left\">39&Prime;<br\/>100cm<\/td><\/tr><tr><td class=\"has-text-align-left\" data-align=\"left\"><strong>Poids<\/strong><\/td><td class=\"has-text-align-left\" data-align=\"left\">70 lbs.<br\/>35 kg.<\/td><\/tr><\/tbody><\/table><\/figure>\n<\/div>\n<\/div>\n<\/div><\/div>\n<div id=features-listing-block_6112ca2431d3a class=\"block-features-listing alignfull\">\n    <div class=\"header\">\n        \n\n<h2 class=\"block-heading wp-block-heading\">Caract\u00e9ristiques et Avantages<\/h2>\n\n\n    <\/div>\n\n                        <div class=\"features-list\">\n                                    <div class=\"features-row\">\n                        <div class=\"thumbnail\"><img loading=\"lazy\" decoding=\"async\" width=\"640\" height=\"480\" src=\"https:\/\/calftel.com\/wp-content\/uploads\/2021\/08\/Lever.jpg\" class=\"attachment-large size-large wp-post-image\" alt=\"\" srcset=\"https:\/\/calftel.com\/wp-content\/uploads\/2021\/08\/Lever.jpg 800w, https:\/\/calftel.com\/wp-content\/uploads\/2021\/08\/Lever-300x225.jpg 300w, https:\/\/calftel.com\/wp-content\/uploads\/2021\/08\/Lever-768x576.jpg 768w\" sizes=\"auto, (max-width: 640px) 100vw, 640px\" \/><\/div>\n                        <div class=\"content\">\n                            <!-- <h3>Levier de S\u00e9curit\u00e9 &#8211; Comfort Fence<\/h3> -->\n                            <div class=\"excerpt\"><!-- wp:heading {\"level\":3,\"translatedWithWPMLTM\":\"1\"} -->\n<h3>Levier de S\u00e9curit\u00e9<\/h3>\n<!-- \/wp:heading --><!-- wp:paragraph {\"translatedWithWPMLTM\":\"1\"} -->\n<p>Ouverture facile d&rsquo;une seule main.<\/p>\n<!-- \/wp:paragraph --><\/div>\n                        <\/div>\n                    <\/div>\n                                    <div class=\"features-row\">\n                        <div class=\"thumbnail\"><img loading=\"lazy\" decoding=\"async\" width=\"640\" height=\"480\" src=\"https:\/\/calftel.com\/wp-content\/uploads\/2021\/08\/Easy-Mobility.jpg\" class=\"attachment-large size-large wp-post-image\" alt=\"\" srcset=\"https:\/\/calftel.com\/wp-content\/uploads\/2021\/08\/Easy-Mobility.jpg 800w, https:\/\/calftel.com\/wp-content\/uploads\/2021\/08\/Easy-Mobility-300x225.jpg 300w, https:\/\/calftel.com\/wp-content\/uploads\/2021\/08\/Easy-Mobility-768x576.jpg 768w\" sizes=\"auto, (max-width: 640px) 100vw, 640px\" \/><\/div>\n                        <div class=\"content\">\n                            <!-- <h3>Comfort Fence &#8211; Mobilit\u00e9 Maximum<\/h3> -->\n                            <div class=\"excerpt\"><!-- wp:heading {\"level\":3,\"translatedWithWPMLTM\":\"1\"} -->\n<h3>Mobilit\u00e9 Maximum<\/h3>\n<!-- \/wp:heading --><!-- wp:paragraph {\"translatedWithWPMLTM\":\"1\"} -->\n<p>Basculez la niche dans la cl\u00f4ture et c&rsquo;est parti ! Ajoutez un jeu de roues \u00e0 la cl\u00f4ture pour un d\u00e9placement et un nettoyage faciles et une productivit\u00e9 accrue.<\/p>\n<!-- \/wp:paragraph --><\/div>\n                        <\/div>\n                    <\/div>\n                                    <div class=\"features-row\">\n                        <div class=\"thumbnail\"><img loading=\"lazy\" decoding=\"async\" width=\"640\" height=\"480\" src=\"https:\/\/calftel.com\/wp-content\/uploads\/2021\/08\/Optional-Wheel-Set.jpg\" class=\"attachment-large size-large wp-post-image\" alt=\"\" srcset=\"https:\/\/calftel.com\/wp-content\/uploads\/2021\/08\/Optional-Wheel-Set.jpg 800w, https:\/\/calftel.com\/wp-content\/uploads\/2021\/08\/Optional-Wheel-Set-300x225.jpg 300w, https:\/\/calftel.com\/wp-content\/uploads\/2021\/08\/Optional-Wheel-Set-768x576.jpg 768w\" sizes=\"auto, (max-width: 640px) 100vw, 640px\" \/><\/div>\n                        <div class=\"content\">\n                            <!-- <h3>Comfort Fence &#8211; Kit de Roues en Option<\/h3> -->\n                            <div class=\"excerpt\"><!-- wp:heading {\"level\":3,\"translatedWithWPMLTM\":\"1\"} -->\n<h3>Kit de Roues en Option<\/h3>\n<!-- \/wp:heading --><!-- wp:paragraph {\"translatedWithWPMLTM\":\"1\"} -->\n<p>\u00c9quipez votre cl\u00f4ture de deux roues renforc\u00e9es pour une mobilit\u00e9 et une flexibilit\u00e9 maximales<\/p>\n<!-- \/wp:paragraph --><\/div>\n                        <\/div>\n                    <\/div>\n                                <\/div>\n            <\/div><div id=accessories-associated-listing-block_6070b6bd72643 class=\"block-accessories-associated-listing alignfull\">\n    <div class=\"header\">\n        \n\n<h2 class=\"card-heading wp-block-heading\">Accessoires<\/h2>\n\n\n    <\/div>\n\n        <\/div>","protected":false},"excerpt":{"rendered":"<p>Une option de cl\u00f4ture robuste pour une meilleure efficacit\u00e9 op\u00e9rationnelle et un espace s\u00e9curis\u00e9 pour le veau.<\/p>\n","protected":false},"featured_media":4377,"template":"","series":[165],"class_list":["post-11944","product","type-product","status-publish","has-post-thumbnail","hentry","series-serie-c"],"acf":[],"yoast_head":"<!-- This site is optimized with the Yoast SEO plugin v27.4 - https:\/\/yoast.com\/product\/yoast-seo-wordpress\/ -->\n<title>Cl\u00f4ture Comfort - Calf-Tel<\/title>\n<meta name=\"robots\" content=\"index, follow, max-snippet:-1, max-image-preview:large, max-video-preview:-1\" \/>\n<link rel=\"canonical\" href=\"https:\/\/calftel.com\/fr\/product\/serie-c\/cloture-comfort\/\" \/>\n<meta property=\"og:locale\" content=\"fr_FR\" \/>\n<meta property=\"og:type\" content=\"article\" \/>\n<meta property=\"og:title\" content=\"Cl\u00f4ture Comfort - Calf-Tel\" \/>\n<meta property=\"og:description\" content=\"Une option de cl\u00f4ture robuste pour une meilleure efficacit\u00e9 op\u00e9rationnelle et un espace s\u00e9curis\u00e9 pour le veau.\" \/>\n<meta property=\"og:url\" content=\"https:\/\/calftel.com\/fr\/product\/serie-c\/cloture-comfort\/\" \/>\n<meta property=\"og:site_name\" content=\"Calf-Tel\" \/>\n<meta property=\"article:publisher\" content=\"https:\/\/www.facebook.com\/calftel\/\" \/>\n<meta property=\"article:modified_time\" content=\"2021-11-04T14:26:49+00:00\" \/>\n<meta property=\"og:image\" content=\"https:\/\/calftel.com\/wp-content\/uploads\/2021\/05\/Premium-Fence.png\" \/>\n\t<meta property=\"og:image:width\" content=\"1024\" \/>\n\t<meta property=\"og:image:height\" content=\"768\" \/>\n\t<meta property=\"og:image:type\" content=\"image\/png\" \/>\n<meta name=\"twitter:card\" content=\"summary_large_image\" \/>\n<meta name=\"twitter:label1\" content=\"Dur\u00e9e de lecture estim\u00e9e\" \/>\n\t<meta name=\"twitter:data1\" content=\"1 minute\" \/>\n<script type=\"application\/ld+json\" class=\"yoast-schema-graph\">{\"@context\":\"https:\\\/\\\/schema.org\",\"@graph\":[{\"@type\":[\"WebPage\",\"ItemPage\"],\"@id\":\"https:\\\/\\\/calftel.com\\\/fr\\\/product\\\/serie-c\\\/cloture-comfort\\\/\",\"url\":\"https:\\\/\\\/calftel.com\\\/fr\\\/product\\\/serie-c\\\/cloture-comfort\\\/\",\"name\":\"Cl\u00f4ture Comfort - Calf-Tel\",\"isPartOf\":{\"@id\":\"https:\\\/\\\/calftel.com\\\/fr\\\/#website\"},\"primaryImageOfPage\":{\"@id\":\"https:\\\/\\\/calftel.com\\\/fr\\\/product\\\/serie-c\\\/cloture-comfort\\\/#primaryimage\"},\"image\":{\"@id\":\"https:\\\/\\\/calftel.com\\\/fr\\\/product\\\/serie-c\\\/cloture-comfort\\\/#primaryimage\"},\"thumbnailUrl\":\"https:\\\/\\\/calftel.com\\\/wp-content\\\/uploads\\\/2021\\\/05\\\/Premium-Fence.png\",\"datePublished\":\"2021-10-29T08:49:54+00:00\",\"dateModified\":\"2021-11-04T14:26:49+00:00\",\"breadcrumb\":{\"@id\":\"https:\\\/\\\/calftel.com\\\/fr\\\/product\\\/serie-c\\\/cloture-comfort\\\/#breadcrumb\"},\"inLanguage\":\"fr-FR\",\"potentialAction\":[{\"@type\":\"ReadAction\",\"target\":[\"https:\\\/\\\/calftel.com\\\/fr\\\/product\\\/serie-c\\\/cloture-comfort\\\/\"]}]},{\"@type\":\"ImageObject\",\"inLanguage\":\"fr-FR\",\"@id\":\"https:\\\/\\\/calftel.com\\\/fr\\\/product\\\/serie-c\\\/cloture-comfort\\\/#primaryimage\",\"url\":\"https:\\\/\\\/calftel.com\\\/wp-content\\\/uploads\\\/2021\\\/05\\\/Premium-Fence.png\",\"contentUrl\":\"https:\\\/\\\/calftel.com\\\/wp-content\\\/uploads\\\/2021\\\/05\\\/Premium-Fence.png\",\"width\":1024,\"height\":768},{\"@type\":\"BreadcrumbList\",\"@id\":\"https:\\\/\\\/calftel.com\\\/fr\\\/product\\\/serie-c\\\/cloture-comfort\\\/#breadcrumb\",\"itemListElement\":[{\"@type\":\"ListItem\",\"position\":1,\"name\":\"Home\",\"item\":\"https:\\\/\\\/calftel.com\\\/fr\\\/calf-housing\\\/\"},{\"@type\":\"ListItem\",\"position\":2,\"name\":\"S\u00e9rie C\",\"item\":\"https:\\\/\\\/calftel.com\\\/fr\\\/series\\\/serie-c\\\/\"},{\"@type\":\"ListItem\",\"position\":3,\"name\":\"Cl\u00f4ture Comfort\"}]},{\"@type\":\"WebSite\",\"@id\":\"https:\\\/\\\/calftel.com\\\/fr\\\/#website\",\"url\":\"https:\\\/\\\/calftel.com\\\/fr\\\/\",\"name\":\"Calf-Tel\",\"description\":\"Calf Hutch Experts\",\"publisher\":{\"@id\":\"https:\\\/\\\/calftel.com\\\/fr\\\/#organization\"},\"potentialAction\":[{\"@type\":\"SearchAction\",\"target\":{\"@type\":\"EntryPoint\",\"urlTemplate\":\"https:\\\/\\\/calftel.com\\\/fr\\\/?s={search_term_string}\"},\"query-input\":{\"@type\":\"PropertyValueSpecification\",\"valueRequired\":true,\"valueName\":\"search_term_string\"}}],\"inLanguage\":\"fr-FR\"},{\"@type\":\"Organization\",\"@id\":\"https:\\\/\\\/calftel.com\\\/fr\\\/#organization\",\"name\":\"Calf-Tel by Hampel\",\"url\":\"https:\\\/\\\/calftel.com\\\/fr\\\/\",\"logo\":{\"@type\":\"ImageObject\",\"inLanguage\":\"fr-FR\",\"@id\":\"https:\\\/\\\/calftel.com\\\/fr\\\/#\\\/schema\\\/logo\\\/image\\\/\",\"url\":\"https:\\\/\\\/calftel.com\\\/wp-content\\\/uploads\\\/2021\\\/11\\\/Hampels-CalfTel-USA-EST-1981-Color.png\",\"contentUrl\":\"https:\\\/\\\/calftel.com\\\/wp-content\\\/uploads\\\/2021\\\/11\\\/Hampels-CalfTel-USA-EST-1981-Color.png\",\"width\":1080,\"height\":516,\"caption\":\"Calf-Tel by Hampel\"},\"image\":{\"@id\":\"https:\\\/\\\/calftel.com\\\/fr\\\/#\\\/schema\\\/logo\\\/image\\\/\"},\"sameAs\":[\"https:\\\/\\\/www.facebook.com\\\/calftel\\\/\",\"https:\\\/\\\/www.instagram.com\\\/calftel\\\/\",\"https:\\\/\\\/linkedin.com\\\/company\\\/calf-tel\\\/\",\"https:\\\/\\\/www.youtube.com\\\/channel\\\/UCq73euoWhx5k1kOjHBHXM_g\"]}]}<\/script>\n<!-- \/ Yoast SEO plugin. -->","yoast_head_json":{"title":"Cl\u00f4ture Comfort - Calf-Tel","robots":{"index":"index","follow":"follow","max-snippet":"max-snippet:-1","max-image-preview":"max-image-preview:large","max-video-preview":"max-video-preview:-1"},"canonical":"https:\/\/calftel.com\/fr\/product\/serie-c\/cloture-comfort\/","og_locale":"fr_FR","og_type":"article","og_title":"Cl\u00f4ture Comfort - Calf-Tel","og_description":"Une option de cl\u00f4ture robuste pour une meilleure efficacit\u00e9 op\u00e9rationnelle et un espace s\u00e9curis\u00e9 pour le veau.","og_url":"https:\/\/calftel.com\/fr\/product\/serie-c\/cloture-comfort\/","og_site_name":"Calf-Tel","article_publisher":"https:\/\/www.facebook.com\/calftel\/","article_modified_time":"2021-11-04T14:26:49+00:00","og_image":[{"width":1024,"height":768,"url":"https:\/\/calftel.com\/wp-content\/uploads\/2021\/05\/Premium-Fence.png","type":"image\/png"}],"twitter_card":"summary_large_image","twitter_misc":{"Dur\u00e9e de lecture estim\u00e9e":"1 minute"},"schema":{"@context":"https:\/\/schema.org","@graph":[{"@type":["WebPage","ItemPage"],"@id":"https:\/\/calftel.com\/fr\/product\/serie-c\/cloture-comfort\/","url":"https:\/\/calftel.com\/fr\/product\/serie-c\/cloture-comfort\/","name":"Cl\u00f4ture Comfort - Calf-Tel","isPartOf":{"@id":"https:\/\/calftel.com\/fr\/#website"},"primaryImageOfPage":{"@id":"https:\/\/calftel.com\/fr\/product\/serie-c\/cloture-comfort\/#primaryimage"},"image":{"@id":"https:\/\/calftel.com\/fr\/product\/serie-c\/cloture-comfort\/#primaryimage"},"thumbnailUrl":"https:\/\/calftel.com\/wp-content\/uploads\/2021\/05\/Premium-Fence.png","datePublished":"2021-10-29T08:49:54+00:00","dateModified":"2021-11-04T14:26:49+00:00","breadcrumb":{"@id":"https:\/\/calftel.com\/fr\/product\/serie-c\/cloture-comfort\/#breadcrumb"},"inLanguage":"fr-FR","potentialAction":[{"@type":"ReadAction","target":["https:\/\/calftel.com\/fr\/product\/serie-c\/cloture-comfort\/"]}]},{"@type":"ImageObject","inLanguage":"fr-FR","@id":"https:\/\/calftel.com\/fr\/product\/serie-c\/cloture-comfort\/#primaryimage","url":"https:\/\/calftel.com\/wp-content\/uploads\/2021\/05\/Premium-Fence.png","contentUrl":"https:\/\/calftel.com\/wp-content\/uploads\/2021\/05\/Premium-Fence.png","width":1024,"height":768},{"@type":"BreadcrumbList","@id":"https:\/\/calftel.com\/fr\/product\/serie-c\/cloture-comfort\/#breadcrumb","itemListElement":[{"@type":"ListItem","position":1,"name":"Home","item":"https:\/\/calftel.com\/fr\/calf-housing\/"},{"@type":"ListItem","position":2,"name":"S\u00e9rie C","item":"https:\/\/calftel.com\/fr\/series\/serie-c\/"},{"@type":"ListItem","position":3,"name":"Cl\u00f4ture Comfort"}]},{"@type":"WebSite","@id":"https:\/\/calftel.com\/fr\/#website","url":"https:\/\/calftel.com\/fr\/","name":"Calf-Tel","description":"Calf Hutch Experts","publisher":{"@id":"https:\/\/calftel.com\/fr\/#organization"},"potentialAction":[{"@type":"SearchAction","target":{"@type":"EntryPoint","urlTemplate":"https:\/\/calftel.com\/fr\/?s={search_term_string}"},"query-input":{"@type":"PropertyValueSpecification","valueRequired":true,"valueName":"search_term_string"}}],"inLanguage":"fr-FR"},{"@type":"Organization","@id":"https:\/\/calftel.com\/fr\/#organization","name":"Calf-Tel by Hampel","url":"https:\/\/calftel.com\/fr\/","logo":{"@type":"ImageObject","inLanguage":"fr-FR","@id":"https:\/\/calftel.com\/fr\/#\/schema\/logo\/image\/","url":"https:\/\/calftel.com\/wp-content\/uploads\/2021\/11\/Hampels-CalfTel-USA-EST-1981-Color.png","contentUrl":"https:\/\/calftel.com\/wp-content\/uploads\/2021\/11\/Hampels-CalfTel-USA-EST-1981-Color.png","width":1080,"height":516,"caption":"Calf-Tel by Hampel"},"image":{"@id":"https:\/\/calftel.com\/fr\/#\/schema\/logo\/image\/"},"sameAs":["https:\/\/www.facebook.com\/calftel\/","https:\/\/www.instagram.com\/calftel\/","https:\/\/linkedin.com\/company\/calf-tel\/","https:\/\/www.youtube.com\/channel\/UCq73euoWhx5k1kOjHBHXM_g"]}]}},"_links":{"self":[{"href":"https:\/\/calftel.com\/fr\/wp-json\/wp\/v2\/product\/11944","targetHints":{"allow":["GET"]}}],"collection":[{"href":"https:\/\/calftel.com\/fr\/wp-json\/wp\/v2\/product"}],"about":[{"href":"https:\/\/calftel.com\/fr\/wp-json\/wp\/v2\/types\/product"}],"wp:featuredmedia":[{"embeddable":true,"href":"https:\/\/calftel.com\/fr\/wp-json\/wp\/v2\/media\/4377"}],"wp:attachment":[{"href":"https:\/\/calftel.com\/fr\/wp-json\/wp\/v2\/media?parent=11944"}],"wp:term":[{"taxonomy":"series","embeddable":true,"href":"https:\/\/calftel.com\/fr\/wp-json\/wp\/v2\/series?post=11944"}],"curies":[{"name":"wp","href":"https:\/\/api.w.org\/{rel}","templated":true}]}}