{"id":11945,"date":"2021-10-29T14:21:24","date_gmt":"2021-10-29T14:21:24","guid":{"rendered":"https:\/\/calftel.flywheelstaging.com\/product\/%series%\/cloture-multimax\/"},"modified":"2021-11-04T14:45:57","modified_gmt":"2021-11-04T14:45:57","slug":"cloture-multimax","status":"publish","type":"product","link":"https:\/\/calftel.com\/fr\/product\/serie-c\/cloture-multimax\/","title":{"rendered":"Cl\u00f4ture MultiMax"},"content":{"rendered":"\n<div class=\"wp-block-cover alignfull has-background-dim-40 has-background-dim pattern-hero-product gt-remove-margin-top\"><img loading=\"lazy\" decoding=\"async\" width=\"2000\" height=\"600\" class=\"wp-block-cover__image-background wp-image-5749\" alt=\"\" src=\"https:\/\/calftel.com\/wp-content\/uploads\/2021\/03\/Untitled-2.jpg\" style=\"object-position:55% 50%\" data-object-fit=\"cover\" data-object-position=\"55% 50%\" srcset=\"https:\/\/calftel.com\/wp-content\/uploads\/2021\/03\/Untitled-2.jpg 2000w, https:\/\/calftel.com\/wp-content\/uploads\/2021\/03\/Untitled-2-300x90.jpg 300w, https:\/\/calftel.com\/wp-content\/uploads\/2021\/03\/Untitled-2-1024x307.jpg 1024w, https:\/\/calftel.com\/wp-content\/uploads\/2021\/03\/Untitled-2-768x230.jpg 768w, https:\/\/calftel.com\/wp-content\/uploads\/2021\/03\/Untitled-2-1536x461.jpg 1536w\" sizes=\"auto, (max-width: 2000px) 100vw, 2000px\" \/><div class=\"wp-block-cover__inner-container is-layout-flow wp-block-cover-is-layout-flow\">\n<p class=\"has-text-align-center hero-product-series gt-remove-margin-bottom\">S\u00e9rie C<\/p>\n\n\n\n<h1 class=\"alignwide has-text-align-center hero-product-name gt-remove-margin-top gt-remove-margin-bottom wp-block-heading\">Cl\u00f4ture MultiMax<\/h1>\n\n\n\n<p class=\"has-text-align-center hero-product-tagline gt-remove-margin-top\"><\/p>\n<\/div><\/div>\n\n<div class=\"wp-block-columns alignwide pattern-product-intro is-layout-flex wp-container-core-columns-is-layout-9d6595d7 wp-block-columns-is-layout-flex\">\n<div class=\"wp-block-column is-vertically-aligned-center is-layout-flow wp-block-column-is-layout-flow\" style=\"flex-basis:40%\">\n<h5 class=\"wp-block-heading\">D\u00e9velopp\u00e9 jusqu&rsquo;\u00e0 6 veaux<\/h5>\n\n\n\n<ul class=\"wp-block-list\"><li>Compatible avec la niche de groupe Calf-Tel 54|98 (MultiMax)<\/li><li>Pour les veaux de moins de 4 mois<\/li><li>Barre \u00e0 lait optionnelle, ajustable en hauteur et supportant 5 t\u00e9tines<\/li><li>Auge en acier inoxydable en option avec vanne de vidange (peut \u00e9galement \u00eatre install\u00e9e ult\u00e9rieurement)<\/li><li>Portail \u00e0 charni\u00e8re \u00e0 l&rsquo;avant, pour un acc\u00e8s facilit\u00e9 au groupe<\/li><li>Montage et fixation faciles \u00e0 la niche de groupe<\/li><\/ul>\n\n\n\n<div class=\"wp-block-buttons is-layout-flex wp-block-buttons-is-layout-flex\">\n<div class=\"wp-block-button is-style-outline is-style-outline--1\"><a class=\"wp-block-button__link\" href=\"https:\/\/calf-tel.box.com\/s\/qb35o7utp95yculzdkpammx1xzt5fnwm\">Consulter la Fiche Produit Cl\u00f4ture MultiMax (PDF)<\/a><\/div>\n<\/div>\n\n\n\n<div class=\"wp-block-buttons is-layout-flex wp-block-buttons-is-layout-flex\">\n<div class=\"wp-block-button is-style-fill\"><a class=\"wp-block-button__link has-very-dark-gray-color has-very-light-gray-background-color has-text-color has-background\" href=\"\/fr\/produits\/accessories\/\">Shop Accessories<\/a><\/div>\n\n\n\n<div class=\"wp-block-button is-style-secondary-fill\"><a class=\"wp-block-button__link\" href=\"\/fr\/support\/customizer\/\">Product Customizer<\/a><\/div>\n<\/div>\n<\/div>\n\n\n\n<div class=\"wp-block-column is-vertically-aligned-center is-layout-flow wp-block-column-is-layout-flow\">\n<figure class=\"wp-block-image size-full is-style-zoom\"><img loading=\"lazy\" decoding=\"async\" width=\"1024\" height=\"768\" src=\"https:\/\/calftel.com\/wp-content\/uploads\/2021\/09\/Untitled-4.png\" alt=\"\" class=\"wp-image-9716\" srcset=\"https:\/\/calftel.com\/wp-content\/uploads\/2021\/09\/Untitled-4.png 1024w, https:\/\/calftel.com\/wp-content\/uploads\/2021\/09\/Untitled-4-300x225.png 300w, https:\/\/calftel.com\/wp-content\/uploads\/2021\/09\/Untitled-4-768x576.png 768w\" sizes=\"auto, (max-width: 1024px) 100vw, 1024px\" \/><\/figure>\n<\/div>\n<\/div>\n\n<div class=\"wp-block-blockgallery-masonry alignwide\"><div class=\"blockgallery has-caption-style-dark has-gutter\"><ul class=\"has-grid-xlrg has-gutter-15 has-gutter-mobile-15\"><li class=\"blockgallery--item\"><figure class=\"blockgallery--figure\"><img loading=\"lazy\" decoding=\"async\" width=\"1024\" height=\"768\" src=\"https:\/\/calftel.com\/wp-content\/uploads\/2021\/09\/Comfort-House-for-Group-Housing-2.jpg\" alt=\"\" data-id=\"9724\" data-link=\"https:\/\/calftel.com\/de\/product\/fencing-systems-de\/comfort-fence-for-group-housing\/comfort-house-for-group-housing-2\/\" class=\"wp-image-9726\" srcset=\"https:\/\/calftel.com\/wp-content\/uploads\/2021\/09\/Comfort-House-for-Group-Housing-2.jpg 1024w, https:\/\/calftel.com\/wp-content\/uploads\/2021\/09\/Comfort-House-for-Group-Housing-2-300x225.jpg 300w, https:\/\/calftel.com\/wp-content\/uploads\/2021\/09\/Comfort-House-for-Group-Housing-2-768x576.jpg 768w\" sizes=\"auto, (max-width: 1024px) 100vw, 1024px\" \/><\/figure><\/li><li class=\"blockgallery--item\"><figure class=\"blockgallery--figure\"><img loading=\"lazy\" decoding=\"async\" width=\"1024\" height=\"768\" src=\"https:\/\/calftel.com\/wp-content\/uploads\/2021\/09\/Comfort-Fence-for-Group-Housing-1.jpg\" alt=\"\" data-id=\"9730\" data-link=\"https:\/\/calftel.com\/de\/product\/fencing-systems-de\/comfort-fence-for-group-housing\/comfort-fence-for-group-housing-1\/\" class=\"wp-image-9732\" srcset=\"https:\/\/calftel.com\/wp-content\/uploads\/2021\/09\/Comfort-Fence-for-Group-Housing-1.jpg 1024w, https:\/\/calftel.com\/wp-content\/uploads\/2021\/09\/Comfort-Fence-for-Group-Housing-1-300x225.jpg 300w, https:\/\/calftel.com\/wp-content\/uploads\/2021\/09\/Comfort-Fence-for-Group-Housing-1-768x576.jpg 768w\" sizes=\"auto, (max-width: 1024px) 100vw, 1024px\" \/><\/figure><\/li><\/ul><\/div><\/div>\n\n<div class=\"wp-block-group alignfull product-specifications\"><div class=\"wp-block-group__inner-container is-layout-flow wp-block-group-is-layout-flow\">\n<div class=\"wp-block-columns alignwide is-layout-flex wp-container-core-columns-is-layout-9d6595d7 wp-block-columns-is-layout-flex\">\n<div class=\"wp-block-column is-vertically-aligned-center is-layout-flow wp-block-column-is-layout-flow\" style=\"flex-basis:40%\">\n<figure class=\"wp-block-image size-full is-style-zoom\"><img loading=\"lazy\" decoding=\"async\" width=\"1024\" height=\"768\" src=\"https:\/\/calftel.com\/wp-content\/uploads\/2021\/09\/Comfort-Fence-for-Group-Housinng.jpg\" alt=\"\" class=\"wp-image-9703\" srcset=\"https:\/\/calftel.com\/wp-content\/uploads\/2021\/09\/Comfort-Fence-for-Group-Housinng.jpg 1024w, https:\/\/calftel.com\/wp-content\/uploads\/2021\/09\/Comfort-Fence-for-Group-Housinng-300x225.jpg 300w, https:\/\/calftel.com\/wp-content\/uploads\/2021\/09\/Comfort-Fence-for-Group-Housinng-768x576.jpg 768w\" sizes=\"auto, (max-width: 1024px) 100vw, 1024px\" \/><\/figure>\n<\/div>\n\n\n\n<div class=\"wp-block-column is-vertically-aligned-center is-layout-flow wp-block-column-is-layout-flow\">\n<h2 class=\"wp-block-heading\">Caract\u00e9ristiques<\/h2>\n\n\n\n<figure class=\"wp-block-table is-style-regular\"><table><thead><tr><th class=\"has-text-align-left\" data-align=\"left\">Dimensions<\/th><th class=\"has-text-align-left\" data-align=\"left\"><\/th><\/tr><\/thead><tbody><tr><td class=\"has-text-align-left\" data-align=\"left\"><strong>Longueur<\/strong><\/td><td class=\"has-text-align-left\" data-align=\"left\">192&Prime;<br\/>187.7cm<\/td><\/tr><tr><td class=\"has-text-align-left\" data-align=\"left\"><strong>Largeur<\/strong><\/td><td class=\"has-text-align-left\" data-align=\"left\">144&Prime;<br\/>365.8cm<\/td><\/tr><tr><td class=\"has-text-align-left\" data-align=\"left\"><strong>Hauteur<\/strong><\/td><td class=\"has-text-align-left\" data-align=\"left\">43&Prime;<br\/>109cm<\/td><\/tr><tr><td class=\"has-text-align-left\" data-align=\"left\"><strong>Poids<\/strong><\/td><td class=\"has-text-align-left\" data-align=\"left\">210 lbs.<br\/>105 kg.<\/td><\/tr><\/tbody><\/table><\/figure>\n\n\n\n<p><\/p>\n<\/div>\n<\/div>\n<\/div><\/div>\n<div id=features-listing-block_60707e5dfbb9c class=\"block-features-listing alignfull\">\n    <div class=\"header\">\n        \n\n<h2 class=\"card-heading wp-block-heading\">Caract\u00e9ristiques et Avantages<\/h2>\n\n\n    <\/div>\n\n                        <div class=\"features-list\">\n                                    <div class=\"features-row\">\n                        <div class=\"thumbnail\"><img loading=\"lazy\" decoding=\"async\" width=\"640\" height=\"480\" src=\"https:\/\/calftel.com\/wp-content\/uploads\/2021\/09\/Optional-Milk-Bar.jpg\" class=\"attachment-large size-large wp-post-image\" alt=\"\" srcset=\"https:\/\/calftel.com\/wp-content\/uploads\/2021\/09\/Optional-Milk-Bar.jpg 800w, https:\/\/calftel.com\/wp-content\/uploads\/2021\/09\/Optional-Milk-Bar-300x225.jpg 300w, https:\/\/calftel.com\/wp-content\/uploads\/2021\/09\/Optional-Milk-Bar-768x576.jpg 768w\" sizes=\"auto, (max-width: 640px) 100vw, 640px\" \/><\/div>\n                        <div class=\"content\">\n                            <!-- <h3>Cl\u00f4ture MultiMax &#8211; Milk Bar (Seau \u00e0 t\u00e9tines) ou Mangeoire en acier inoxydable en Option<\/h3> -->\n                            <div class=\"excerpt\"><!-- wp:heading {\"level\":3,\"translatedWithWPMLTM\":\"1\"} -->\n<h3>Milk Bar (Seau \u00e0 t\u00e9tines) ou Mangeoire en acier inoxydable en Option<\/h3>\n<!-- \/wp:heading --><!-- wp:paragraph {\"translatedWithWPMLTM\":\"1\"} -->\n<p>Ajoutez notre Milk Bar en option \u00e0 votre cl\u00f4ture MultiMax. Un seau \u00e0 5 t\u00e9tines \u00e0 hauteur r\u00e9glable et bac en acier inoxydable avec robinet de vidange (peut \u00e9galement \u00eatre adapt\u00e9 ult\u00e9rieurement).<\/p>\n<!-- \/wp:paragraph --><\/div>\n                        <\/div>\n                    <\/div>\n                                <\/div>\n            <\/div>","protected":false},"excerpt":{"rendered":"<p>Convient jusqu&rsquo;\u00e0 6 veaux !<\/p>\n","protected":false},"featured_media":9716,"template":"","series":[165],"class_list":["post-11945","product","type-product","status-publish","has-post-thumbnail","hentry","series-serie-c"],"acf":[],"yoast_head":"<!-- This site is optimized with the Yoast SEO plugin v27.1.1 - https:\/\/yoast.com\/product\/yoast-seo-wordpress\/ -->\n<title>Cl\u00f4ture MultiMax - Calf-Tel<\/title>\n<meta name=\"robots\" content=\"index, follow, max-snippet:-1, max-image-preview:large, max-video-preview:-1\" \/>\n<link rel=\"canonical\" href=\"https:\/\/calftel.com\/fr\/product\/serie-c\/cloture-multimax\/\" \/>\n<meta property=\"og:locale\" content=\"fr_FR\" \/>\n<meta property=\"og:type\" content=\"article\" \/>\n<meta property=\"og:title\" content=\"Cl\u00f4ture MultiMax - Calf-Tel\" \/>\n<meta property=\"og:description\" content=\"Convient jusqu&#039;\u00e0 6 veaux !\" \/>\n<meta property=\"og:url\" content=\"https:\/\/calftel.com\/fr\/product\/serie-c\/cloture-multimax\/\" \/>\n<meta property=\"og:site_name\" content=\"Calf-Tel\" \/>\n<meta property=\"article:publisher\" content=\"https:\/\/www.facebook.com\/calftel\/\" \/>\n<meta property=\"article:modified_time\" content=\"2021-11-04T14:45:57+00:00\" \/>\n<meta property=\"og:image\" content=\"https:\/\/calftel.com\/wp-content\/uploads\/2021\/09\/Untitled-4.png\" \/>\n\t<meta property=\"og:image:width\" content=\"1024\" \/>\n\t<meta property=\"og:image:height\" content=\"768\" \/>\n\t<meta property=\"og:image:type\" content=\"image\/png\" \/>\n<meta name=\"twitter:card\" content=\"summary_large_image\" \/>\n<script type=\"application\/ld+json\" class=\"yoast-schema-graph\">{\"@context\":\"https:\/\/schema.org\",\"@graph\":[{\"@type\":[\"WebPage\",\"ItemPage\"],\"@id\":\"https:\/\/calftel.com\/fr\/product\/serie-c\/cloture-multimax\/\",\"url\":\"https:\/\/calftel.com\/fr\/product\/serie-c\/cloture-multimax\/\",\"name\":\"Cl\u00f4ture MultiMax - Calf-Tel\",\"isPartOf\":{\"@id\":\"https:\/\/calftel.com\/fr\/#website\"},\"primaryImageOfPage\":{\"@id\":\"https:\/\/calftel.com\/fr\/product\/serie-c\/cloture-multimax\/#primaryimage\"},\"image\":{\"@id\":\"https:\/\/calftel.com\/fr\/product\/serie-c\/cloture-multimax\/#primaryimage\"},\"thumbnailUrl\":\"https:\/\/calftel.com\/wp-content\/uploads\/2021\/09\/Untitled-4.png\",\"datePublished\":\"2021-10-29T14:21:24+00:00\",\"dateModified\":\"2021-11-04T14:45:57+00:00\",\"breadcrumb\":{\"@id\":\"https:\/\/calftel.com\/fr\/product\/serie-c\/cloture-multimax\/#breadcrumb\"},\"inLanguage\":\"fr-FR\",\"potentialAction\":[{\"@type\":\"ReadAction\",\"target\":[\"https:\/\/calftel.com\/fr\/product\/serie-c\/cloture-multimax\/\"]}]},{\"@type\":\"ImageObject\",\"inLanguage\":\"fr-FR\",\"@id\":\"https:\/\/calftel.com\/fr\/product\/serie-c\/cloture-multimax\/#primaryimage\",\"url\":\"https:\/\/calftel.com\/wp-content\/uploads\/2021\/09\/Untitled-4.png\",\"contentUrl\":\"https:\/\/calftel.com\/wp-content\/uploads\/2021\/09\/Untitled-4.png\",\"width\":1024,\"height\":768},{\"@type\":\"BreadcrumbList\",\"@id\":\"https:\/\/calftel.com\/fr\/product\/serie-c\/cloture-multimax\/#breadcrumb\",\"itemListElement\":[{\"@type\":\"ListItem\",\"position\":1,\"name\":\"Home\",\"item\":\"https:\/\/calftel.com\/fr\/calf-housing\/\"},{\"@type\":\"ListItem\",\"position\":2,\"name\":\"S\u00e9rie C\",\"item\":\"https:\/\/calftel.com\/fr\/series\/serie-c\/\"},{\"@type\":\"ListItem\",\"position\":3,\"name\":\"Cl\u00f4ture MultiMax\"}]},{\"@type\":\"WebSite\",\"@id\":\"https:\/\/calftel.com\/fr\/#website\",\"url\":\"https:\/\/calftel.com\/fr\/\",\"name\":\"Calf-Tel\",\"description\":\"Calf Hutch Experts\",\"publisher\":{\"@id\":\"https:\/\/calftel.com\/fr\/#organization\"},\"potentialAction\":[{\"@type\":\"SearchAction\",\"target\":{\"@type\":\"EntryPoint\",\"urlTemplate\":\"https:\/\/calftel.com\/fr\/?s={search_term_string}\"},\"query-input\":{\"@type\":\"PropertyValueSpecification\",\"valueRequired\":true,\"valueName\":\"search_term_string\"}}],\"inLanguage\":\"fr-FR\"},{\"@type\":\"Organization\",\"@id\":\"https:\/\/calftel.com\/fr\/#organization\",\"name\":\"Calf-Tel by Hampel\",\"url\":\"https:\/\/calftel.com\/fr\/\",\"logo\":{\"@type\":\"ImageObject\",\"inLanguage\":\"fr-FR\",\"@id\":\"https:\/\/calftel.com\/fr\/#\/schema\/logo\/image\/\",\"url\":\"https:\/\/calftel.com\/wp-content\/uploads\/2021\/11\/Hampels-CalfTel-USA-EST-1981-Color.png\",\"contentUrl\":\"https:\/\/calftel.com\/wp-content\/uploads\/2021\/11\/Hampels-CalfTel-USA-EST-1981-Color.png\",\"width\":1080,\"height\":516,\"caption\":\"Calf-Tel by Hampel\"},\"image\":{\"@id\":\"https:\/\/calftel.com\/fr\/#\/schema\/logo\/image\/\"},\"sameAs\":[\"https:\/\/www.facebook.com\/calftel\/\",\"https:\/\/www.instagram.com\/calftel\/\",\"https:\/\/linkedin.com\/company\/calf-tel\/\",\"https:\/\/www.youtube.com\/channel\/UCq73euoWhx5k1kOjHBHXM_g\"]}]}<\/script>\n<!-- \/ Yoast SEO plugin. -->","yoast_head_json":{"title":"Cl\u00f4ture MultiMax - Calf-Tel","robots":{"index":"index","follow":"follow","max-snippet":"max-snippet:-1","max-image-preview":"max-image-preview:large","max-video-preview":"max-video-preview:-1"},"canonical":"https:\/\/calftel.com\/fr\/product\/serie-c\/cloture-multimax\/","og_locale":"fr_FR","og_type":"article","og_title":"Cl\u00f4ture MultiMax - Calf-Tel","og_description":"Convient jusqu'\u00e0 6 veaux !","og_url":"https:\/\/calftel.com\/fr\/product\/serie-c\/cloture-multimax\/","og_site_name":"Calf-Tel","article_publisher":"https:\/\/www.facebook.com\/calftel\/","article_modified_time":"2021-11-04T14:45:57+00:00","og_image":[{"width":1024,"height":768,"url":"https:\/\/calftel.com\/wp-content\/uploads\/2021\/09\/Untitled-4.png","type":"image\/png"}],"twitter_card":"summary_large_image","schema":{"@context":"https:\/\/schema.org","@graph":[{"@type":["WebPage","ItemPage"],"@id":"https:\/\/calftel.com\/fr\/product\/serie-c\/cloture-multimax\/","url":"https:\/\/calftel.com\/fr\/product\/serie-c\/cloture-multimax\/","name":"Cl\u00f4ture MultiMax - Calf-Tel","isPartOf":{"@id":"https:\/\/calftel.com\/fr\/#website"},"primaryImageOfPage":{"@id":"https:\/\/calftel.com\/fr\/product\/serie-c\/cloture-multimax\/#primaryimage"},"image":{"@id":"https:\/\/calftel.com\/fr\/product\/serie-c\/cloture-multimax\/#primaryimage"},"thumbnailUrl":"https:\/\/calftel.com\/wp-content\/uploads\/2021\/09\/Untitled-4.png","datePublished":"2021-10-29T14:21:24+00:00","dateModified":"2021-11-04T14:45:57+00:00","breadcrumb":{"@id":"https:\/\/calftel.com\/fr\/product\/serie-c\/cloture-multimax\/#breadcrumb"},"inLanguage":"fr-FR","potentialAction":[{"@type":"ReadAction","target":["https:\/\/calftel.com\/fr\/product\/serie-c\/cloture-multimax\/"]}]},{"@type":"ImageObject","inLanguage":"fr-FR","@id":"https:\/\/calftel.com\/fr\/product\/serie-c\/cloture-multimax\/#primaryimage","url":"https:\/\/calftel.com\/wp-content\/uploads\/2021\/09\/Untitled-4.png","contentUrl":"https:\/\/calftel.com\/wp-content\/uploads\/2021\/09\/Untitled-4.png","width":1024,"height":768},{"@type":"BreadcrumbList","@id":"https:\/\/calftel.com\/fr\/product\/serie-c\/cloture-multimax\/#breadcrumb","itemListElement":[{"@type":"ListItem","position":1,"name":"Home","item":"https:\/\/calftel.com\/fr\/calf-housing\/"},{"@type":"ListItem","position":2,"name":"S\u00e9rie C","item":"https:\/\/calftel.com\/fr\/series\/serie-c\/"},{"@type":"ListItem","position":3,"name":"Cl\u00f4ture MultiMax"}]},{"@type":"WebSite","@id":"https:\/\/calftel.com\/fr\/#website","url":"https:\/\/calftel.com\/fr\/","name":"Calf-Tel","description":"Calf Hutch Experts","publisher":{"@id":"https:\/\/calftel.com\/fr\/#organization"},"potentialAction":[{"@type":"SearchAction","target":{"@type":"EntryPoint","urlTemplate":"https:\/\/calftel.com\/fr\/?s={search_term_string}"},"query-input":{"@type":"PropertyValueSpecification","valueRequired":true,"valueName":"search_term_string"}}],"inLanguage":"fr-FR"},{"@type":"Organization","@id":"https:\/\/calftel.com\/fr\/#organization","name":"Calf-Tel by Hampel","url":"https:\/\/calftel.com\/fr\/","logo":{"@type":"ImageObject","inLanguage":"fr-FR","@id":"https:\/\/calftel.com\/fr\/#\/schema\/logo\/image\/","url":"https:\/\/calftel.com\/wp-content\/uploads\/2021\/11\/Hampels-CalfTel-USA-EST-1981-Color.png","contentUrl":"https:\/\/calftel.com\/wp-content\/uploads\/2021\/11\/Hampels-CalfTel-USA-EST-1981-Color.png","width":1080,"height":516,"caption":"Calf-Tel by Hampel"},"image":{"@id":"https:\/\/calftel.com\/fr\/#\/schema\/logo\/image\/"},"sameAs":["https:\/\/www.facebook.com\/calftel\/","https:\/\/www.instagram.com\/calftel\/","https:\/\/linkedin.com\/company\/calf-tel\/","https:\/\/www.youtube.com\/channel\/UCq73euoWhx5k1kOjHBHXM_g"]}]}},"_links":{"self":[{"href":"https:\/\/calftel.com\/fr\/wp-json\/wp\/v2\/product\/11945","targetHints":{"allow":["GET"]}}],"collection":[{"href":"https:\/\/calftel.com\/fr\/wp-json\/wp\/v2\/product"}],"about":[{"href":"https:\/\/calftel.com\/fr\/wp-json\/wp\/v2\/types\/product"}],"wp:featuredmedia":[{"embeddable":true,"href":"https:\/\/calftel.com\/fr\/wp-json\/wp\/v2\/media\/9716"}],"wp:attachment":[{"href":"https:\/\/calftel.com\/fr\/wp-json\/wp\/v2\/media?parent=11945"}],"wp:term":[{"taxonomy":"series","embeddable":true,"href":"https:\/\/calftel.com\/fr\/wp-json\/wp\/v2\/series?post=11945"}],"curies":[{"name":"wp","href":"https:\/\/api.w.org\/{rel}","templated":true}]}}