{"id":8383,"date":"2021-08-13T10:38:47","date_gmt":"2021-08-13T10:38:47","guid":{"rendered":"https:\/\/calftel.local\/product\/%series%\/17-54-ecs\/"},"modified":"2021-11-15T09:18:38","modified_gmt":"2021-11-15T09:18:38","slug":"17-54-ecs","status":"publish","type":"product","link":"https:\/\/calftel.com\/fr\/product\/serie-o\/17-54-ecs\/","title":{"rendered":"17 | 54 (ECS)"},"content":{"rendered":"\n<div class=\"wp-block-cover alignfull has-background-dim-40 has-background-dim pattern-hero-product gt-remove-margin-top\"><img decoding=\"async\" class=\"wp-block-cover__image-background wp-image-2057\" alt=\"\" src=\"https:\/\/calftel.com\/wp-content\/uploads\/2021\/03\/ECS_site.jpg\" style=\"object-position:71% 59%\" data-object-fit=\"cover\" data-object-position=\"71% 59%\"\/><div class=\"wp-block-cover__inner-container is-layout-flow wp-block-cover-is-layout-flow\">\n<p class=\"has-text-align-center hero-product-series gt-remove-margin-bottom\"><strong>S\u00e9rie O<\/strong><\/p>\n\n\n\n<h1 class=\"has-text-align-center hero-product-name gt-remove-margin-top gt-remove-margin-bottom wp-block-heading\">17 | 54 (ECS)<\/h1>\n<\/div><\/div>\n\n<div class=\"wp-block-columns alignwide pattern-product-intro is-layout-flex wp-container-core-columns-is-layout-9d6595d7 wp-block-columns-is-layout-flex\">\n<div class=\"wp-block-column is-vertically-aligned-center is-layout-flow wp-block-column-is-layout-flow\" style=\"flex-basis:40%\">\n<h5 class=\"wp-block-heading\">Le premier de son genre : Calf-Tel 17|54<\/h5>\n\n\n\n<p>Le Calf-Tel 17|54 &#8211; Elevated Calf System (ECS), un syst\u00e8me de stabulation en plastique, climatis\u00e9 et sur\u00e9lev\u00e9, offre une plus grande durabilit\u00e9 et favorise un environnement plus propre pour une sant\u00e9 durable des veaux par rapport \u00e0 l&rsquo;utilisation du bois. En outre, les niches pour veaux en poly\u00e9thyl\u00e8ne renforc\u00e9 r\u00e9sistent aux conditions m\u00e9t\u00e9orologiques les plus rudes, et leur pigment anti-UV aide \u00e0 en pr\u00e9venir la d\u00e9gradation.<\/p>\n\n\n\n<ul class=\"wp-block-list\"><li>Grande facilit\u00e9 de d\u00e9placement, de gestion et d&rsquo;entretien de vos unit\u00e9s<\/li><li>Plus grande facilit\u00e9 \u00e0 nourrir, abreuver et coucher vos veaux<\/li><li>Bien plus facile \u00e0 nettoyer que les niches en bois<\/li><li>Minimise le temps consacr\u00e9 \u00e0 la liti\u00e8re, \u00e0 l&rsquo;alimentation et \u00e0 la manutention<\/li><li>L&rsquo;unit\u00e9 se referme pour prot\u00e9ger contre les intemp\u00e9ries<\/li><li>S&rsquo;adapte \u00e0 une base de bois standard de 8&prime; x 5&prime; et offre plus d&rsquo;espace pour le veau<\/li><\/ul>\n\n\n\n<div class=\"wp-block-columns is-layout-flex wp-container-core-columns-is-layout-9d6595d7 wp-block-columns-is-layout-flex\">\n<div class=\"wp-block-column is-layout-flow wp-block-column-is-layout-flow\" style=\"flex-basis:100%\"><div id=accessories-associated-listing-block_6074ebbb6e6ae class=\"block-product-docs alignwide\">\n                        <ul class=\"doc-listing\">\n                                    <li class=\"doc-item\">\n                        <a href=\"https:\/\/calftel.com\/wp-content\/uploads\/2021\/04\/Elevated-Calf-System-Assembly-Instructions-3.pdf\" target=\"_blank\">\n                            <!--                                 Assembly Instructions\n                             -->\n                            Elevated Calf System Assembly Instructions                        <\/a>\n                    <\/li>\n                                <\/ul>\n            <\/div><\/div>\n<\/div>\n\n\n\n<div class=\"wp-block-buttons is-layout-flex wp-block-buttons-is-layout-flex\">\n<div class=\"wp-block-button is-style-fill\"><a class=\"wp-block-button__link has-very-dark-gray-color has-very-light-gray-background-color has-text-color has-background\" href=\"https:\/\/calftel.com\/fr\/produits\/accessories\/\">Acheter des Accessoires<\/a><\/div>\n\n\n\n<div class=\"wp-block-button is-style-secondary-fill\"><a class=\"wp-block-button__link\" href=\"\/personnalisation\">Personnalisation du Produit<\/a><\/div>\n<\/div>\n<\/div>\n\n\n\n<div class=\"wp-block-column is-vertically-aligned-center is-layout-flow wp-block-column-is-layout-flow\">\n<figure class=\"wp-block-image size-full is-style-zoom\"><img loading=\"lazy\" decoding=\"async\" width=\"1024\" height=\"768\" src=\"https:\/\/calftel.com\/wp-content\/uploads\/2021\/03\/Untitled-4.png\" alt=\"\" class=\"wp-image-10228\" srcset=\"https:\/\/calftel.com\/wp-content\/uploads\/2021\/03\/Untitled-4.png 1024w, https:\/\/calftel.com\/wp-content\/uploads\/2021\/03\/Untitled-4-300x225.png 300w, https:\/\/calftel.com\/wp-content\/uploads\/2021\/03\/Untitled-4-768x576.png 768w\" sizes=\"auto, (max-width: 1024px) 100vw, 1024px\" \/><figcaption><strong>Appellation : 17|54<\/strong><br\/><strong>1,7 m\u00b2 Int\u00e9rieur | 5&rsquo;x4\u2032 Empreinte ext\u00e9rieure<\/strong><\/figcaption><\/figure>\n<\/div>\n<\/div>\n\n<figure class=\"wp-block-embed alignwide is-type-video is-provider-youtube wp-block-embed-youtube wp-embed-aspect-16-9 wp-has-aspect-ratio\"><div class=\"wp-block-embed__wrapper\">\n<iframe loading=\"lazy\" title=\"Calf-Tel ECS\" width=\"640\" height=\"360\" src=\"https:\/\/www.youtube.com\/embed\/LmrlfGZmxXg?feature=oembed\" frameborder=\"0\" allow=\"accelerometer; autoplay; clipboard-write; encrypted-media; gyroscope; picture-in-picture; web-share\" referrerpolicy=\"strict-origin-when-cross-origin\" allowfullscreen><\/iframe>\n<\/div><\/figure>\n\n<figure class=\"wp-block-gallery alignwide columns-3 is-cropped wp-block-gallery-1 is-layout-flex wp-block-gallery-is-layout-flex\"><ul class=\"blocks-gallery-grid\"><li class=\"blocks-gallery-item\"><figure><img loading=\"lazy\" decoding=\"async\" width=\"1024\" height=\"768\" src=\"https:\/\/calftel.com\/wp-content\/uploads\/2021\/03\/Untitled-7.jpg\" alt=\"\" data-id=\"7491\" data-link=\"https:\/\/calftel.com\/product\/o-series\/17-54\/untitled-7-4\/\" class=\"wp-image-7492\" srcset=\"https:\/\/calftel.com\/wp-content\/uploads\/2021\/03\/Untitled-7.jpg 1024w, https:\/\/calftel.com\/wp-content\/uploads\/2021\/03\/Untitled-7-300x225.jpg 300w, https:\/\/calftel.com\/wp-content\/uploads\/2021\/03\/Untitled-7-768x576.jpg 768w\" sizes=\"auto, (max-width: 1024px) 100vw, 1024px\" \/><\/figure><\/li><li class=\"blocks-gallery-item\"><figure><img loading=\"lazy\" decoding=\"async\" width=\"1024\" height=\"768\" src=\"https:\/\/calftel.com\/wp-content\/uploads\/2021\/03\/Untitled-8.jpg\" alt=\"\" data-id=\"7497\" data-link=\"https:\/\/calftel.com\/product\/o-series\/17-54\/untitled-8-3\/\" class=\"wp-image-7498\" srcset=\"https:\/\/calftel.com\/wp-content\/uploads\/2021\/03\/Untitled-8.jpg 1024w, https:\/\/calftel.com\/wp-content\/uploads\/2021\/03\/Untitled-8-300x225.jpg 300w, https:\/\/calftel.com\/wp-content\/uploads\/2021\/03\/Untitled-8-768x576.jpg 768w\" sizes=\"auto, (max-width: 1024px) 100vw, 1024px\" \/><\/figure><\/li><li class=\"blocks-gallery-item\"><figure><img loading=\"lazy\" decoding=\"async\" width=\"1024\" height=\"768\" src=\"https:\/\/calftel.com\/wp-content\/uploads\/2021\/03\/Untitled-6.jpg\" alt=\"\" data-id=\"7509\" data-link=\"https:\/\/calftel.com\/product\/o-series\/17-54\/untitled-6-3\/\" class=\"wp-image-7510\" srcset=\"https:\/\/calftel.com\/wp-content\/uploads\/2021\/03\/Untitled-6.jpg 1024w, https:\/\/calftel.com\/wp-content\/uploads\/2021\/03\/Untitled-6-300x225.jpg 300w, https:\/\/calftel.com\/wp-content\/uploads\/2021\/03\/Untitled-6-768x576.jpg 768w\" sizes=\"auto, (max-width: 1024px) 100vw, 1024px\" \/><\/figure><\/li><\/ul><\/figure>\n\n<div class=\"wp-block-group alignfull product-specifications\"><div class=\"wp-block-group__inner-container is-layout-flow wp-block-group-is-layout-flow\">\n<div class=\"wp-block-columns alignwide is-layout-flex wp-container-core-columns-is-layout-9d6595d7 wp-block-columns-is-layout-flex\">\n<div class=\"wp-block-column is-vertically-aligned-center is-layout-flow wp-block-column-is-layout-flow\" style=\"flex-basis:40%\">\n<figure class=\"wp-block-image size-full is-style-zoom\"><img loading=\"lazy\" decoding=\"async\" width=\"1024\" height=\"768\" src=\"https:\/\/calftel.com\/wp-content\/uploads\/2021\/03\/ECS-Dimensions.jpg\" alt=\"\" class=\"wp-image-10235\" srcset=\"https:\/\/calftel.com\/wp-content\/uploads\/2021\/03\/ECS-Dimensions.jpg 1024w, https:\/\/calftel.com\/wp-content\/uploads\/2021\/03\/ECS-Dimensions-300x225.jpg 300w, https:\/\/calftel.com\/wp-content\/uploads\/2021\/03\/ECS-Dimensions-768x576.jpg 768w\" sizes=\"auto, (max-width: 1024px) 100vw, 1024px\" \/><\/figure>\n<\/div>\n\n\n\n<div class=\"wp-block-column is-vertically-aligned-center is-layout-flow wp-block-column-is-layout-flow\">\n<h2 class=\"wp-block-heading\">Caract\u00e9ristiques<\/h2>\n\n\n\n<figure class=\"wp-block-table is-style-regular\"><table><thead><tr><th>Dimensions<\/th><th><\/th><\/tr><\/thead><tbody><tr><td><strong>Ext\u00e9rieur<\/strong><\/td><td>67\u201d L x 48\u201d l x 48\u201d H<br\/>170 cm x 122 cm x 122 cm<\/td><\/tr><tr><td><strong>Espace int\u00e9rieur Utilisable<\/strong><\/td><td><meta charset=\"utf-8\"\/>57\u201d L x 46\u201d l x 46\u201d H<br\/>145 cm x 117 cm x 117 cm<\/td><\/tr><tr><td><strong>Poids<\/strong><\/td><td>65 lbs<br\/>30 kg<\/td><\/tr><\/tbody><\/table><\/figure>\n<\/div>\n<\/div>\n<\/div><\/div>\n<div id=features-listing-block_60707e5dfbb9c class=\"block-features-listing alignfull\">\n    <div class=\"header\">\n        \n\n<h2 class=\"card-heading wp-block-heading\">Caract\u00e9ristiques et Avantages<\/h2>\n\n\n    <\/div>\n\n                        <div class=\"features-list\">\n                                    <div class=\"features-row\">\n                        <div class=\"thumbnail\"><img loading=\"lazy\" decoding=\"async\" width=\"300\" height=\"225\" src=\"https:\/\/calftel.com\/wp-content\/uploads\/2021\/05\/Rear-Vent-Feature.jpg\" class=\"attachment-large size-large wp-post-image\" alt=\"\" \/><\/div>\n                        <div class=\"content\">\n                            <!-- <h3>A\u00e9rations Arri\u00e8re Syst\u00e8me ECS<\/h3> -->\n                            <div class=\"excerpt\"><!-- wp:heading {\"level\":3,\"translatedWithWPMLTM\":\"1\"} -->\n<h3>A\u00e9rations Arri\u00e8re<\/h3>\n<!-- \/wp:heading --><!-- wp:paragraph {\"translatedWithWPMLTM\":\"1\"} -->\n<p>Les grilles d&rsquo;a\u00e9ration arri\u00e8re, une fois ouvertes, sont \u00e9tudi\u00e9es pour assurer une circulation d&rsquo;air sup\u00e9rieure \u00e0 celle de toute autre niche sur le march\u00e9.<\/p>\n<!-- \/wp:paragraph --><\/div>\n                        <\/div>\n                    <\/div>\n                                    <div class=\"features-row\">\n                        <div class=\"thumbnail\"><img loading=\"lazy\" decoding=\"async\" width=\"640\" height=\"480\" src=\"https:\/\/calftel.com\/wp-content\/uploads\/2021\/05\/ECS_Door-open.png\" class=\"attachment-large size-large wp-post-image\" alt=\"\" srcset=\"https:\/\/calftel.com\/wp-content\/uploads\/2021\/05\/ECS_Door-open.png 3140w, https:\/\/calftel.com\/wp-content\/uploads\/2021\/05\/ECS_Door-open-300x225.png 300w\" sizes=\"auto, (max-width: 640px) 100vw, 640px\" \/><\/div>\n                        <div class=\"content\">\n                            <!-- <h3>Porte Battante de Sys\u00e8me ECS<\/h3> -->\n                            <div class=\"excerpt\"><!-- wp:heading {\"level\":3,\"translatedWithWPMLTM\":\"1\"} -->\n<h3>Porte Battante<\/h3>\n<!-- \/wp:heading --><!-- wp:paragraph {\"translatedWithWPMLTM\":\"1\"} -->\n<p>La porte battante facilite l&rsquo;entr\u00e9e et la sortie des veaux du syst\u00e8me ECS Elevated Calf System.<\/p>\n<!-- \/wp:paragraph --><\/div>\n                        <\/div>\n                    <\/div>\n                                    <div class=\"features-row\">\n                        <div class=\"thumbnail\"><img loading=\"lazy\" decoding=\"async\" width=\"640\" height=\"444\" src=\"https:\/\/calftel.com\/wp-content\/uploads\/2021\/05\/ECS_Roof-scaled.jpg\" class=\"attachment-large size-large wp-post-image\" alt=\"\" srcset=\"https:\/\/calftel.com\/wp-content\/uploads\/2021\/05\/ECS_Roof-scaled.jpg 2560w, https:\/\/calftel.com\/wp-content\/uploads\/2021\/05\/ECS_Roof-300x208.jpg 300w\" sizes=\"auto, (max-width: 640px) 100vw, 640px\" \/><\/div>\n                        <div class=\"content\">\n                            <!-- <h3>Toit R\u00e9tractable pour syst\u00e8me ECS<\/h3> -->\n                            <div class=\"excerpt\"><!-- wp:heading {\"level\":3,\"translatedWithWPMLTM\":\"1\"} -->\n<h3>Toit R\u00e9tractable<\/h3>\n<!-- \/wp:heading --><!-- wp:paragraph {\"translatedWithWPMLTM\":\"1\"} -->\n<p>Le toit peut \u00eatre ouvert pour faire profiter le veau de la lumi\u00e8re naturelle du soleil et d&rsquo;une meilleure ventilation. Le toit peut \u00eatre ferm\u00e9 par mauvais temps pour prot\u00e9ger le veau des \u00e9l\u00e9ments et le maintenir au sec, ainsi que son alimentation.<\/p>\n<!-- \/wp:paragraph --><\/div>\n                        <\/div>\n                    <\/div>\n                                    <div class=\"features-row\">\n                        <div class=\"thumbnail\"><img loading=\"lazy\" decoding=\"async\" width=\"1\" height=\"1\" src=\"https:\/\/calftel.com\/wp-content\/uploads\/2021\/05\/Calf-Tel_flooring__IMG_3577-Edit.jpg\" class=\"attachment-large size-large wp-post-image\" alt=\"\" \/><\/div>\n                        <div class=\"content\">\n                            <!-- <h3>Plancher en plastique Calf-Tel<\/h3> -->\n                            <div class=\"excerpt\"><!-- wp:heading {\"level\":3,\"translatedWithWPMLTM\":\"1\"} -->\n<h3>Plancher en plastique Calf-Tel<\/h3>\n<!-- \/wp:heading --><!-- wp:paragraph {\"translatedWithWPMLTM\":\"1\"} -->\n<p>Le plancher en plastique Calf-Tel offre une surface d&rsquo;\u00e9levage confortable pour les veaux et r\u00e9duit les probl\u00e8mes sanitaires gr\u00e2ce \u00e0 une meilleure ventilation et une meilleure gestion du passage des d\u00e9chets.<\/p>\n<!-- \/wp:paragraph --><\/div>\n                        <\/div>\n                    <\/div>\n                                    <div class=\"features-row\">\n                        <div class=\"thumbnail\"><img loading=\"lazy\" decoding=\"async\" width=\"1\" height=\"1\" src=\"https:\/\/calftel.com\/wp-content\/uploads\/2021\/05\/Floor_Base.jpg\" class=\"attachment-large size-large wp-post-image\" alt=\"\" \/><\/div>\n                        <div class=\"content\">\n                            <!-- <h3>Mat\u00e9riau de Plancher en Plastique Calf-Tel<\/h3> -->\n                            <div class=\"excerpt\"><!-- wp:heading {\"level\":3,\"translatedWithWPMLTM\":\"1\"} -->\n<h3>Mat\u00e9riau de Plancher en Plastique Calf-Tel<\/h3>\n<!-- \/wp:heading --><!-- wp:paragraph {\"translatedWithWPMLTM\":\"1\"} -->\n<p>Un sol innovant, structurel, en mousse plastique, con\u00e7u pour \u00eatre utilis\u00e9 avec du bois sur\u00e9lev\u00e9.<\/p>\n<!-- \/wp:paragraph --><\/div>\n                        <\/div>\n                    <\/div>\n                                <\/div>\n            <\/div><div id=accessories-associated-listing-block_6070b6bd72643 class=\"block-accessories-associated-listing alignfull\">\n    <div class=\"header\">\n        \n\n<h2 class=\"card-heading wp-block-heading\">Accessoires Associ\u00e9s<\/h2>\n\n\n    <\/div>\n\n        <\/div>\n<p><\/p>\n","protected":false},"excerpt":{"rendered":"<p>Le Calf-Tel 17\/54 &#8211; Elevated Calf System (ECS), un syst\u00e8me de stabulation sur\u00e9lev\u00e9 en plastique et \u00e0 temp\u00e9rature contr\u00f4l\u00e9e pour veaux.<\/p>\n","protected":false},"featured_media":2051,"template":"","series":[162],"class_list":["post-8383","product","type-product","status-publish","has-post-thumbnail","hentry","series-serie-o"],"acf":[],"yoast_head":"<!-- This site is optimized with the Yoast SEO plugin v27.1.1 - https:\/\/yoast.com\/product\/yoast-seo-wordpress\/ -->\n<title>17 | 54 (ECS) - Calf-Tel<\/title>\n<meta name=\"robots\" content=\"index, follow, max-snippet:-1, max-image-preview:large, max-video-preview:-1\" \/>\n<link rel=\"canonical\" href=\"https:\/\/calftel.com\/fr\/product\/serie-o\/17-54-ecs\/\" \/>\n<meta property=\"og:locale\" content=\"fr_FR\" \/>\n<meta property=\"og:type\" content=\"article\" \/>\n<meta property=\"og:title\" content=\"17 | 54 (ECS) - Calf-Tel\" \/>\n<meta property=\"og:description\" content=\"Le Calf-Tel 17\/54 - Elevated Calf System (ECS), un syst\u00e8me de stabulation sur\u00e9lev\u00e9 en plastique et \u00e0 temp\u00e9rature contr\u00f4l\u00e9e pour veaux.\" \/>\n<meta property=\"og:url\" content=\"https:\/\/calftel.com\/fr\/product\/serie-o\/17-54-ecs\/\" \/>\n<meta property=\"og:site_name\" content=\"Calf-Tel\" \/>\n<meta property=\"article:publisher\" content=\"https:\/\/www.facebook.com\/calftel\/\" \/>\n<meta property=\"article:modified_time\" content=\"2021-11-15T09:18:38+00:00\" \/>\n<meta property=\"og:image\" content=\"https:\/\/calftel.com\/wp-content\/uploads\/2021\/03\/ECS.png\" \/>\n\t<meta property=\"og:image:width\" content=\"544\" \/>\n\t<meta property=\"og:image:height\" content=\"400\" \/>\n\t<meta property=\"og:image:type\" content=\"image\/png\" \/>\n<meta name=\"twitter:card\" content=\"summary_large_image\" \/>\n<meta name=\"twitter:label1\" content=\"Dur\u00e9e de lecture estim\u00e9e\" \/>\n\t<meta name=\"twitter:data1\" content=\"1 minute\" \/>\n<script type=\"application\/ld+json\" class=\"yoast-schema-graph\">{\"@context\":\"https:\/\/schema.org\",\"@graph\":[{\"@type\":[\"WebPage\",\"ItemPage\"],\"@id\":\"https:\/\/calftel.com\/fr\/product\/serie-o\/17-54-ecs\/\",\"url\":\"https:\/\/calftel.com\/fr\/product\/serie-o\/17-54-ecs\/\",\"name\":\"17 | 54 (ECS) - Calf-Tel\",\"isPartOf\":{\"@id\":\"https:\/\/calftel.com\/fr\/#website\"},\"primaryImageOfPage\":{\"@id\":\"https:\/\/calftel.com\/fr\/product\/serie-o\/17-54-ecs\/#primaryimage\"},\"image\":{\"@id\":\"https:\/\/calftel.com\/fr\/product\/serie-o\/17-54-ecs\/#primaryimage\"},\"thumbnailUrl\":\"https:\/\/calftel.com\/wp-content\/uploads\/2021\/03\/ECS.png\",\"datePublished\":\"2021-08-13T10:38:47+00:00\",\"dateModified\":\"2021-11-15T09:18:38+00:00\",\"breadcrumb\":{\"@id\":\"https:\/\/calftel.com\/fr\/product\/serie-o\/17-54-ecs\/#breadcrumb\"},\"inLanguage\":\"fr-FR\",\"potentialAction\":[{\"@type\":\"ReadAction\",\"target\":[\"https:\/\/calftel.com\/fr\/product\/serie-o\/17-54-ecs\/\"]}]},{\"@type\":\"ImageObject\",\"inLanguage\":\"fr-FR\",\"@id\":\"https:\/\/calftel.com\/fr\/product\/serie-o\/17-54-ecs\/#primaryimage\",\"url\":\"https:\/\/calftel.com\/wp-content\/uploads\/2021\/03\/ECS.png\",\"contentUrl\":\"https:\/\/calftel.com\/wp-content\/uploads\/2021\/03\/ECS.png\",\"width\":544,\"height\":400},{\"@type\":\"BreadcrumbList\",\"@id\":\"https:\/\/calftel.com\/fr\/product\/serie-o\/17-54-ecs\/#breadcrumb\",\"itemListElement\":[{\"@type\":\"ListItem\",\"position\":1,\"name\":\"Home\",\"item\":\"https:\/\/calftel.com\/fr\/calf-housing\/\"},{\"@type\":\"ListItem\",\"position\":2,\"name\":\"S\u00e9rie O\",\"item\":\"https:\/\/calftel.com\/fr\/series\/serie-o\/\"},{\"@type\":\"ListItem\",\"position\":3,\"name\":\"17 | 54 (ECS)\"}]},{\"@type\":\"WebSite\",\"@id\":\"https:\/\/calftel.com\/fr\/#website\",\"url\":\"https:\/\/calftel.com\/fr\/\",\"name\":\"Calf-Tel\",\"description\":\"Calf Hutch Experts\",\"publisher\":{\"@id\":\"https:\/\/calftel.com\/fr\/#organization\"},\"potentialAction\":[{\"@type\":\"SearchAction\",\"target\":{\"@type\":\"EntryPoint\",\"urlTemplate\":\"https:\/\/calftel.com\/fr\/?s={search_term_string}\"},\"query-input\":{\"@type\":\"PropertyValueSpecification\",\"valueRequired\":true,\"valueName\":\"search_term_string\"}}],\"inLanguage\":\"fr-FR\"},{\"@type\":\"Organization\",\"@id\":\"https:\/\/calftel.com\/fr\/#organization\",\"name\":\"Calf-Tel by Hampel\",\"url\":\"https:\/\/calftel.com\/fr\/\",\"logo\":{\"@type\":\"ImageObject\",\"inLanguage\":\"fr-FR\",\"@id\":\"https:\/\/calftel.com\/fr\/#\/schema\/logo\/image\/\",\"url\":\"https:\/\/calftel.com\/wp-content\/uploads\/2021\/11\/Hampels-CalfTel-USA-EST-1981-Color.png\",\"contentUrl\":\"https:\/\/calftel.com\/wp-content\/uploads\/2021\/11\/Hampels-CalfTel-USA-EST-1981-Color.png\",\"width\":1080,\"height\":516,\"caption\":\"Calf-Tel by Hampel\"},\"image\":{\"@id\":\"https:\/\/calftel.com\/fr\/#\/schema\/logo\/image\/\"},\"sameAs\":[\"https:\/\/www.facebook.com\/calftel\/\",\"https:\/\/www.instagram.com\/calftel\/\",\"https:\/\/linkedin.com\/company\/calf-tel\/\",\"https:\/\/www.youtube.com\/channel\/UCq73euoWhx5k1kOjHBHXM_g\"]}]}<\/script>\n<!-- \/ Yoast SEO plugin. -->","yoast_head_json":{"title":"17 | 54 (ECS) - Calf-Tel","robots":{"index":"index","follow":"follow","max-snippet":"max-snippet:-1","max-image-preview":"max-image-preview:large","max-video-preview":"max-video-preview:-1"},"canonical":"https:\/\/calftel.com\/fr\/product\/serie-o\/17-54-ecs\/","og_locale":"fr_FR","og_type":"article","og_title":"17 | 54 (ECS) - Calf-Tel","og_description":"Le Calf-Tel 17\/54 - Elevated Calf System (ECS), un syst\u00e8me de stabulation sur\u00e9lev\u00e9 en plastique et \u00e0 temp\u00e9rature contr\u00f4l\u00e9e pour veaux.","og_url":"https:\/\/calftel.com\/fr\/product\/serie-o\/17-54-ecs\/","og_site_name":"Calf-Tel","article_publisher":"https:\/\/www.facebook.com\/calftel\/","article_modified_time":"2021-11-15T09:18:38+00:00","og_image":[{"width":544,"height":400,"url":"https:\/\/calftel.com\/wp-content\/uploads\/2021\/03\/ECS.png","type":"image\/png"}],"twitter_card":"summary_large_image","twitter_misc":{"Dur\u00e9e de lecture estim\u00e9e":"1 minute"},"schema":{"@context":"https:\/\/schema.org","@graph":[{"@type":["WebPage","ItemPage"],"@id":"https:\/\/calftel.com\/fr\/product\/serie-o\/17-54-ecs\/","url":"https:\/\/calftel.com\/fr\/product\/serie-o\/17-54-ecs\/","name":"17 | 54 (ECS) - Calf-Tel","isPartOf":{"@id":"https:\/\/calftel.com\/fr\/#website"},"primaryImageOfPage":{"@id":"https:\/\/calftel.com\/fr\/product\/serie-o\/17-54-ecs\/#primaryimage"},"image":{"@id":"https:\/\/calftel.com\/fr\/product\/serie-o\/17-54-ecs\/#primaryimage"},"thumbnailUrl":"https:\/\/calftel.com\/wp-content\/uploads\/2021\/03\/ECS.png","datePublished":"2021-08-13T10:38:47+00:00","dateModified":"2021-11-15T09:18:38+00:00","breadcrumb":{"@id":"https:\/\/calftel.com\/fr\/product\/serie-o\/17-54-ecs\/#breadcrumb"},"inLanguage":"fr-FR","potentialAction":[{"@type":"ReadAction","target":["https:\/\/calftel.com\/fr\/product\/serie-o\/17-54-ecs\/"]}]},{"@type":"ImageObject","inLanguage":"fr-FR","@id":"https:\/\/calftel.com\/fr\/product\/serie-o\/17-54-ecs\/#primaryimage","url":"https:\/\/calftel.com\/wp-content\/uploads\/2021\/03\/ECS.png","contentUrl":"https:\/\/calftel.com\/wp-content\/uploads\/2021\/03\/ECS.png","width":544,"height":400},{"@type":"BreadcrumbList","@id":"https:\/\/calftel.com\/fr\/product\/serie-o\/17-54-ecs\/#breadcrumb","itemListElement":[{"@type":"ListItem","position":1,"name":"Home","item":"https:\/\/calftel.com\/fr\/calf-housing\/"},{"@type":"ListItem","position":2,"name":"S\u00e9rie O","item":"https:\/\/calftel.com\/fr\/series\/serie-o\/"},{"@type":"ListItem","position":3,"name":"17 | 54 (ECS)"}]},{"@type":"WebSite","@id":"https:\/\/calftel.com\/fr\/#website","url":"https:\/\/calftel.com\/fr\/","name":"Calf-Tel","description":"Calf Hutch Experts","publisher":{"@id":"https:\/\/calftel.com\/fr\/#organization"},"potentialAction":[{"@type":"SearchAction","target":{"@type":"EntryPoint","urlTemplate":"https:\/\/calftel.com\/fr\/?s={search_term_string}"},"query-input":{"@type":"PropertyValueSpecification","valueRequired":true,"valueName":"search_term_string"}}],"inLanguage":"fr-FR"},{"@type":"Organization","@id":"https:\/\/calftel.com\/fr\/#organization","name":"Calf-Tel by Hampel","url":"https:\/\/calftel.com\/fr\/","logo":{"@type":"ImageObject","inLanguage":"fr-FR","@id":"https:\/\/calftel.com\/fr\/#\/schema\/logo\/image\/","url":"https:\/\/calftel.com\/wp-content\/uploads\/2021\/11\/Hampels-CalfTel-USA-EST-1981-Color.png","contentUrl":"https:\/\/calftel.com\/wp-content\/uploads\/2021\/11\/Hampels-CalfTel-USA-EST-1981-Color.png","width":1080,"height":516,"caption":"Calf-Tel by Hampel"},"image":{"@id":"https:\/\/calftel.com\/fr\/#\/schema\/logo\/image\/"},"sameAs":["https:\/\/www.facebook.com\/calftel\/","https:\/\/www.instagram.com\/calftel\/","https:\/\/linkedin.com\/company\/calf-tel\/","https:\/\/www.youtube.com\/channel\/UCq73euoWhx5k1kOjHBHXM_g"]}]}},"_links":{"self":[{"href":"https:\/\/calftel.com\/fr\/wp-json\/wp\/v2\/product\/8383","targetHints":{"allow":["GET"]}}],"collection":[{"href":"https:\/\/calftel.com\/fr\/wp-json\/wp\/v2\/product"}],"about":[{"href":"https:\/\/calftel.com\/fr\/wp-json\/wp\/v2\/types\/product"}],"wp:featuredmedia":[{"embeddable":true,"href":"https:\/\/calftel.com\/fr\/wp-json\/wp\/v2\/media\/2051"}],"wp:attachment":[{"href":"https:\/\/calftel.com\/fr\/wp-json\/wp\/v2\/media?parent=8383"}],"wp:term":[{"taxonomy":"series","embeddable":true,"href":"https:\/\/calftel.com\/fr\/wp-json\/wp\/v2\/series?post=8383"}],"curies":[{"name":"wp","href":"https:\/\/api.w.org\/{rel}","templated":true}]}}