{"id":8403,"date":"2021-08-14T10:49:13","date_gmt":"2021-08-14T10:49:13","guid":{"rendered":"https:\/\/calftel.local\/product\/%series%\/enclos-de-groupe\/"},"modified":"2021-10-18T09:50:40","modified_gmt":"2021-10-18T09:50:40","slug":"enclos-de-groupe","status":"publish","type":"product","link":"https:\/\/calftel.com\/fr\/product\/niches-de-groupe\/enclos-de-groupe\/","title":{"rendered":"Enclos de Groupe"},"content":{"rendered":"\n<div class=\"wp-block-cover alignfull has-background-dim-40 has-background-dim pattern-hero-product gt-remove-margin-top\"><img loading=\"lazy\" decoding=\"async\" width=\"2000\" height=\"600\" class=\"wp-block-cover__image-background wp-image-10073\" alt=\"\" src=\"https:\/\/calftel.com\/wp-content\/uploads\/2021\/03\/8-ft-hero-image-1.jpg\" style=\"object-position:45% 1%\" data-object-fit=\"cover\" data-object-position=\"45% 1%\" srcset=\"https:\/\/calftel.com\/wp-content\/uploads\/2021\/03\/8-ft-hero-image-1.jpg 2000w, https:\/\/calftel.com\/wp-content\/uploads\/2021\/03\/8-ft-hero-image-1-300x90.jpg 300w, https:\/\/calftel.com\/wp-content\/uploads\/2021\/03\/8-ft-hero-image-1-1024x307.jpg 1024w, https:\/\/calftel.com\/wp-content\/uploads\/2021\/03\/8-ft-hero-image-1-768x230.jpg 768w, https:\/\/calftel.com\/wp-content\/uploads\/2021\/03\/8-ft-hero-image-1-1536x461.jpg 1536w\" sizes=\"auto, (max-width: 2000px) 100vw, 2000px\" \/><div class=\"wp-block-cover__inner-container is-layout-flow wp-block-cover-is-layout-flow\">\n<p class=\"has-text-align-center hero-product-series gt-remove-margin-bottom\"><\/p>\n\n\n\n<h1 class=\"alignwide has-text-align-center hero-product-name gt-remove-margin-top gt-remove-margin-bottom wp-block-heading\">Enclos de Groupe<\/h1>\n\n\n\n<p class=\"has-text-align-center hero-product-tagline gt-remove-margin-top\"><\/p>\n<\/div><\/div>\n\n<div class=\"wp-block-columns alignwide pattern-product-intro is-layout-flex wp-container-core-columns-is-layout-9d6595d7 wp-block-columns-is-layout-flex\">\n<div class=\"wp-block-column is-vertically-aligned-center is-layout-flow wp-block-column-is-layout-flow\" style=\"flex-basis:40%\">\n<h5 class=\"wp-block-heading\">Des niches de groupes en un instant.<\/h5>\n\n\n\n<p>Une fois les veaux arriv\u00e9s \u00e0 un certain stade, ceux-ci sont pr\u00eats \u00e0 \u00eatre transf\u00e9r\u00e9s vers des unit\u00e9s de stabulation collective. Cependant, la transition n&rsquo;est pas toujours simple. Conscients de ce fait, nous avons travaill\u00e9 au plus pr\u00e8s de nos clients pour les accompagner dans l&rsquo;int\u00e9gration progressive de leurs veaux au groupe avec une solution \u00e0 la fois innovante et simple comme bonjour !<\/p>\n\n\n<div id=accessories-associated-listing-block_6074ebbb6e6ae class=\"block-product-docs alignwide\">\n                        <ul class=\"doc-listing\">\n                                    <li class=\"doc-item\">\n                        <a href=\"https:\/\/calftel.com\/wp-content\/uploads\/2021\/04\/CT-6310K-CT-6320K-Pen-Grouping-System-Assembly-Instructions-1.pdf\" target=\"_blank\">\n                            <!--                                 Assembly Instructions\n                             -->\n                            Group Loop Tether System Assembly Instructions                        <\/a>\n                    <\/li>\n                                <\/ul>\n            <\/div>\n\n\n<div class=\"wp-block-buttons is-layout-flex wp-block-buttons-is-layout-flex\">\n<div class=\"wp-block-button is-style-fill\"><a class=\"wp-block-button__link has-very-dark-gray-color has-very-light-gray-background-color has-text-color has-background\" href=\"https:\/\/calftel.com\/fr\/produits\/accessories\/\">Acheter des Accessoires<\/a><\/div>\n\n\n\n<div class=\"wp-block-button is-style-secondary-fill\"><a class=\"wp-block-button__link\" href=\"\/personnalisation\">Personnalisation du Produit<\/a><\/div>\n<\/div>\n<\/div>\n\n\n\n<div class=\"wp-block-column is-vertically-aligned-center is-layout-flow wp-block-column-is-layout-flow\">\n<figure class=\"wp-block-image size-large is-resized is-style-zoom\"><img loading=\"lazy\" decoding=\"async\" src=\"https:\/\/calftel.com\/wp-content\/uploads\/2021\/03\/main-image.png\" alt=\"\" class=\"wp-image-3804\" width=\"748\" height=\"550\" srcset=\"https:\/\/calftel.com\/wp-content\/uploads\/2021\/03\/main-image.png 544w, https:\/\/calftel.com\/wp-content\/uploads\/2021\/03\/main-image-300x221.png 300w\" sizes=\"auto, (max-width: 748px) 100vw, 748px\" \/><\/figure>\n<\/div>\n<\/div>\n\n<figure class=\"wp-block-embed alignwide is-type-video is-provider-youtube wp-block-embed-youtube wp-embed-aspect-16-9 wp-has-aspect-ratio\"><div class=\"wp-block-embed__wrapper\">\n<iframe loading=\"lazy\" title=\"Calf-Tel Group Loop\" width=\"640\" height=\"360\" src=\"https:\/\/www.youtube.com\/embed\/kHA63S08NRA?feature=oembed\" frameborder=\"0\" allow=\"accelerometer; autoplay; clipboard-write; encrypted-media; gyroscope; picture-in-picture; web-share\" referrerpolicy=\"strict-origin-when-cross-origin\" allowfullscreen><\/iframe>\n<\/div><\/figure>\n\n<figure class=\"wp-block-gallery alignwide columns-2 is-cropped wp-block-gallery-1 is-layout-flex wp-block-gallery-is-layout-flex\"><ul class=\"blocks-gallery-grid\"><li class=\"blocks-gallery-item\"><figure><img loading=\"lazy\" decoding=\"async\" width=\"1024\" height=\"768\" src=\"https:\/\/calftel.com\/wp-content\/uploads\/2021\/03\/Pen_group-loop-installation-2-1024x768.jpg\" alt=\"\" data-id=\"3845\" data-link=\"https:\/\/calftel.com\/product\/group-housing\/group-loop\/pen_group-loop-installation-2\/\" class=\"wp-image-3846\" srcset=\"https:\/\/calftel.com\/wp-content\/uploads\/2021\/03\/Pen_group-loop-installation-2-1024x768.jpg 1024w, https:\/\/calftel.com\/wp-content\/uploads\/2021\/03\/Pen_group-loop-installation-2-300x225.jpg 300w, https:\/\/calftel.com\/wp-content\/uploads\/2021\/03\/Pen_group-loop-installation-2-768x576.jpg 768w, https:\/\/calftel.com\/wp-content\/uploads\/2021\/03\/Pen_group-loop-installation-2.jpg 1130w\" sizes=\"auto, (max-width: 1024px) 100vw, 1024px\" \/><\/figure><\/li><li class=\"blocks-gallery-item\"><figure><img loading=\"lazy\" decoding=\"async\" width=\"1024\" height=\"768\" src=\"https:\/\/calftel.com\/wp-content\/uploads\/2021\/03\/Pen_group-loop-installation-1024x768.jpg\" alt=\"\" data-id=\"3839\" data-link=\"https:\/\/calftel.com\/product\/group-housing\/group-loop\/pen_group-loop-installation\/\" class=\"wp-image-3840\" srcset=\"https:\/\/calftel.com\/wp-content\/uploads\/2021\/03\/Pen_group-loop-installation-1024x768.jpg 1024w, https:\/\/calftel.com\/wp-content\/uploads\/2021\/03\/Pen_group-loop-installation-300x225.jpg 300w, https:\/\/calftel.com\/wp-content\/uploads\/2021\/03\/Pen_group-loop-installation-768x576.jpg 768w, https:\/\/calftel.com\/wp-content\/uploads\/2021\/03\/Pen_group-loop-installation.jpg 1322w\" sizes=\"auto, (max-width: 1024px) 100vw, 1024px\" \/><\/figure><\/li><\/ul><\/figure>\n\n<div class=\"wp-block-group alignfull product-specifications\"><div class=\"wp-block-group__inner-container is-layout-flow wp-block-group-is-layout-flow\">\n<div class=\"wp-block-columns alignwide is-layout-flex wp-container-core-columns-is-layout-9d6595d7 wp-block-columns-is-layout-flex\">\n<div class=\"wp-block-column is-vertically-aligned-center is-layout-flow wp-block-column-is-layout-flow\">\n<h2 class=\"wp-block-heading\">Caract\u00e9ristiques<\/h2>\n\n\n\n<figure class=\"wp-block-table alignfull is-style-regular\"><table><thead><tr><th class=\"has-text-align-left\" data-align=\"left\">Dimensions<\/th><th class=\"has-text-align-left\" data-align=\"left\">Longueur<\/th><th class=\"has-text-align-left\" data-align=\"left\">Hauteur<\/th><th class=\"has-text-align-left\" data-align=\"left\">Poids<\/th><\/tr><\/thead><tbody><tr><td class=\"has-text-align-left\" data-align=\"left\"><strong>22 | 64 (Enclos 6&prime;)<\/strong><\/td><td class=\"has-text-align-left\" data-align=\"left\">6 ft<\/td><td class=\"has-text-align-left\" data-align=\"left\">6 ft<\/td><td class=\"has-text-align-left\" data-align=\"left\">14 lbs<\/td><\/tr><tr><td class=\"has-text-align-left\" data-align=\"left\"><strong>26 | 74 (Enclos 7&prime;)<\/strong><\/td><td class=\"has-text-align-left\" data-align=\"left\">7 ft<\/td><td class=\"has-text-align-left\" data-align=\"left\">6 ft<\/td><td class=\"has-text-align-left\" data-align=\"left\">14 lbs<\/td><\/tr><\/tbody><\/table><\/figure>\n<\/div>\n<\/div>\n<\/div><\/div>\n<div id=features-listing-block_60707e5dfbb9c class=\"block-features-listing alignfull\">\n    <div class=\"header\">\n        \n\n<h2 class=\"card-heading wp-block-heading\">Caract\u00e9ristiques et Avantages<\/h2>\n\n\n    <\/div>\n\n                        <div class=\"features-list\">\n                                    <div class=\"features-row\">\n                        <div class=\"thumbnail\"><img loading=\"lazy\" decoding=\"async\" width=\"640\" height=\"640\" src=\"https:\/\/calftel.com\/wp-content\/uploads\/2021\/05\/Group-Loop-transparent-galv-1024x1024.png\" class=\"attachment-large size-large wp-post-image\" alt=\"\" srcset=\"https:\/\/calftel.com\/wp-content\/uploads\/2021\/05\/Group-Loop-transparent-galv-1024x1024.png 1024w, https:\/\/calftel.com\/wp-content\/uploads\/2021\/05\/Group-Loop-transparent-galv-300x300.png 300w, https:\/\/calftel.com\/wp-content\/uploads\/2021\/05\/Group-Loop-transparent-galv-150x150.png 150w, https:\/\/calftel.com\/wp-content\/uploads\/2021\/05\/Group-Loop-transparent-galv-768x768.png 768w, https:\/\/calftel.com\/wp-content\/uploads\/2021\/05\/Group-Loop-transparent-galv-1536x1536.png 1536w, https:\/\/calftel.com\/wp-content\/uploads\/2021\/05\/Group-Loop-transparent-galv-2048x2048.png 2048w\" sizes=\"auto, (max-width: 640px) 100vw, 640px\" \/><\/div>\n                        <div class=\"content\">\n                            <!-- <h3>Structure Unique Solide &#8211; Enclos de Groupe<\/h3> -->\n                            <div class=\"excerpt\"><!-- wp:heading {\"level\":3,\"translatedWithWPMLTM\":\"1\"} -->\n<h3>Structure Unique Solide<\/h3>\n<!-- \/wp:heading --><!-- wp:paragraph {\"translatedWithWPMLTM\":\"1\"} -->\n<p>Une fois en place, cette arche forme une structure solide et unique, ce qui \u00e9vite que les panneaux ne s&rsquo;\u00e9cartent.<\/p>\n<!-- \/wp:paragraph --><\/div>\n                        <\/div>\n                    <\/div>\n                                    <div class=\"features-row\">\n                        <div class=\"thumbnail\"><img loading=\"lazy\" decoding=\"async\" width=\"640\" height=\"480\" src=\"https:\/\/calftel.com\/wp-content\/uploads\/2021\/06\/Customized-Fit.jpg\" class=\"attachment-large size-large wp-post-image\" alt=\"\" srcset=\"https:\/\/calftel.com\/wp-content\/uploads\/2021\/06\/Customized-Fit.jpg 800w, https:\/\/calftel.com\/wp-content\/uploads\/2021\/06\/Customized-Fit-300x225.jpg 300w, https:\/\/calftel.com\/wp-content\/uploads\/2021\/06\/Customized-Fit-768x576.jpg 768w\" sizes=\"auto, (max-width: 640px) 100vw, 640px\" \/><\/div>\n                        <div class=\"content\">\n                            <!-- <h3>Fixation Personnalis\u00e9e &#8211; Enclos de Groupe<\/h3> -->\n                            <div class=\"excerpt\"><!-- wp:heading {\"level\":3,\"translatedWithWPMLTM\":\"1\"} -->\n<h3>Fixation Personnalis\u00e9e<\/h3>\n<!-- \/wp:heading --><!-- wp:paragraph {\"translatedWithWPMLTM\":\"1\"} -->\n<p>Fixation personnalis\u00e9e entre les panneaux avant et arri\u00e8re \u00e0 l&rsquo;aide d&rsquo;un connecteur \u00e0 tige coud\u00e9e en L.<\/p>\n<!-- \/wp:paragraph --><\/div>\n                        <\/div>\n                    <\/div>\n                                    <div class=\"features-row\">\n                        <div class=\"thumbnail\"><img loading=\"lazy\" decoding=\"async\" width=\"640\" height=\"480\" src=\"https:\/\/calftel.com\/wp-content\/uploads\/2021\/06\/Easy-Connection.jpg\" class=\"attachment-large size-large wp-post-image\" alt=\"\" srcset=\"https:\/\/calftel.com\/wp-content\/uploads\/2021\/06\/Easy-Connection.jpg 800w, https:\/\/calftel.com\/wp-content\/uploads\/2021\/06\/Easy-Connection-300x225.jpg 300w, https:\/\/calftel.com\/wp-content\/uploads\/2021\/06\/Easy-Connection-768x576.jpg 768w\" sizes=\"auto, (max-width: 640px) 100vw, 640px\" \/><\/div>\n                        <div class=\"content\">\n                            <!-- <h3>Easy Connection &#8211; Enclos de Groupe<\/h3> -->\n                            <div class=\"excerpt\"><!-- wp:heading {\"level\":3} -->\n<h3>Easy Connection<\/h3>\n<!-- \/wp:heading --><!-- wp:paragraph {\"translatedWithWPMLTM\":\"1\"} -->\n<p>Le c\u00e2ble d&rsquo;acier se connecte facilement au bas de l&rsquo;arche et compl\u00e8te ainsi la boucle constitu\u00e9e par l&rsquo;enclos.<\/p>\n<!-- \/wp:paragraph --><\/div>\n                        <\/div>\n                    <\/div>\n                                <\/div>\n            <\/div>","protected":false},"excerpt":{"rendered":"<p>L&rsquo;Enclos de Groupe Calf-Tel transforme rapidement et facilement 2 enclos individuels en 1.<\/p>\n","protected":false},"featured_media":3804,"template":"","series":[164,163],"class_list":["post-8403","product","type-product","status-publish","has-post-thumbnail","hentry","series-niches-de-groupe","series-serie-i"],"acf":[],"yoast_head":"<!-- This site is optimized with the Yoast SEO plugin v27.4 - https:\/\/yoast.com\/product\/yoast-seo-wordpress\/ -->\n<title>Enclos de Groupe - Calf-Tel<\/title>\n<meta name=\"robots\" content=\"index, follow, max-snippet:-1, max-image-preview:large, max-video-preview:-1\" \/>\n<link rel=\"canonical\" href=\"https:\/\/calftel.com\/fr\/product\/niches-de-groupe\/enclos-de-groupe\/\" \/>\n<meta property=\"og:locale\" content=\"fr_FR\" \/>\n<meta property=\"og:type\" content=\"article\" \/>\n<meta property=\"og:title\" content=\"Enclos de Groupe - Calf-Tel\" \/>\n<meta property=\"og:description\" content=\"L&#039;Enclos de Groupe Calf-Tel transforme rapidement et facilement 2 enclos individuels en 1.\" \/>\n<meta property=\"og:url\" content=\"https:\/\/calftel.com\/fr\/product\/niches-de-groupe\/enclos-de-groupe\/\" \/>\n<meta property=\"og:site_name\" content=\"Calf-Tel\" \/>\n<meta property=\"article:publisher\" content=\"https:\/\/www.facebook.com\/calftel\/\" \/>\n<meta property=\"article:modified_time\" content=\"2021-10-18T09:50:40+00:00\" \/>\n<meta property=\"og:image\" content=\"https:\/\/calftel.com\/wp-content\/uploads\/2021\/03\/main-image.png\" \/>\n\t<meta property=\"og:image:width\" content=\"544\" \/>\n\t<meta property=\"og:image:height\" content=\"400\" \/>\n\t<meta property=\"og:image:type\" content=\"image\/png\" \/>\n<meta name=\"twitter:card\" content=\"summary_large_image\" \/>\n<meta name=\"twitter:label1\" content=\"Dur\u00e9e de lecture estim\u00e9e\" \/>\n\t<meta name=\"twitter:data1\" content=\"1 minute\" \/>\n<script type=\"application\/ld+json\" class=\"yoast-schema-graph\">{\"@context\":\"https:\\\/\\\/schema.org\",\"@graph\":[{\"@type\":[\"WebPage\",\"ItemPage\"],\"@id\":\"https:\\\/\\\/calftel.com\\\/fr\\\/product\\\/niches-de-groupe\\\/enclos-de-groupe\\\/\",\"url\":\"https:\\\/\\\/calftel.com\\\/fr\\\/product\\\/niches-de-groupe\\\/enclos-de-groupe\\\/\",\"name\":\"Enclos de Groupe - Calf-Tel\",\"isPartOf\":{\"@id\":\"https:\\\/\\\/calftel.com\\\/fr\\\/#website\"},\"primaryImageOfPage\":{\"@id\":\"https:\\\/\\\/calftel.com\\\/fr\\\/product\\\/niches-de-groupe\\\/enclos-de-groupe\\\/#primaryimage\"},\"image\":{\"@id\":\"https:\\\/\\\/calftel.com\\\/fr\\\/product\\\/niches-de-groupe\\\/enclos-de-groupe\\\/#primaryimage\"},\"thumbnailUrl\":\"https:\\\/\\\/calftel.com\\\/wp-content\\\/uploads\\\/2021\\\/03\\\/main-image.png\",\"datePublished\":\"2021-08-14T10:49:13+00:00\",\"dateModified\":\"2021-10-18T09:50:40+00:00\",\"breadcrumb\":{\"@id\":\"https:\\\/\\\/calftel.com\\\/fr\\\/product\\\/niches-de-groupe\\\/enclos-de-groupe\\\/#breadcrumb\"},\"inLanguage\":\"fr-FR\",\"potentialAction\":[{\"@type\":\"ReadAction\",\"target\":[\"https:\\\/\\\/calftel.com\\\/fr\\\/product\\\/niches-de-groupe\\\/enclos-de-groupe\\\/\"]}]},{\"@type\":\"ImageObject\",\"inLanguage\":\"fr-FR\",\"@id\":\"https:\\\/\\\/calftel.com\\\/fr\\\/product\\\/niches-de-groupe\\\/enclos-de-groupe\\\/#primaryimage\",\"url\":\"https:\\\/\\\/calftel.com\\\/wp-content\\\/uploads\\\/2021\\\/03\\\/main-image.png\",\"contentUrl\":\"https:\\\/\\\/calftel.com\\\/wp-content\\\/uploads\\\/2021\\\/03\\\/main-image.png\",\"width\":544,\"height\":400},{\"@type\":\"BreadcrumbList\",\"@id\":\"https:\\\/\\\/calftel.com\\\/fr\\\/product\\\/niches-de-groupe\\\/enclos-de-groupe\\\/#breadcrumb\",\"itemListElement\":[{\"@type\":\"ListItem\",\"position\":1,\"name\":\"Home\",\"item\":\"https:\\\/\\\/calftel.com\\\/fr\\\/calf-housing\\\/\"},{\"@type\":\"ListItem\",\"position\":2,\"name\":\"Niches de Groupe\",\"item\":\"https:\\\/\\\/calftel.com\\\/fr\\\/series\\\/niches-de-groupe\\\/\"},{\"@type\":\"ListItem\",\"position\":3,\"name\":\"Enclos de Groupe\"}]},{\"@type\":\"WebSite\",\"@id\":\"https:\\\/\\\/calftel.com\\\/fr\\\/#website\",\"url\":\"https:\\\/\\\/calftel.com\\\/fr\\\/\",\"name\":\"Calf-Tel\",\"description\":\"Calf Hutch Experts\",\"publisher\":{\"@id\":\"https:\\\/\\\/calftel.com\\\/fr\\\/#organization\"},\"potentialAction\":[{\"@type\":\"SearchAction\",\"target\":{\"@type\":\"EntryPoint\",\"urlTemplate\":\"https:\\\/\\\/calftel.com\\\/fr\\\/?s={search_term_string}\"},\"query-input\":{\"@type\":\"PropertyValueSpecification\",\"valueRequired\":true,\"valueName\":\"search_term_string\"}}],\"inLanguage\":\"fr-FR\"},{\"@type\":\"Organization\",\"@id\":\"https:\\\/\\\/calftel.com\\\/fr\\\/#organization\",\"name\":\"Calf-Tel by Hampel\",\"url\":\"https:\\\/\\\/calftel.com\\\/fr\\\/\",\"logo\":{\"@type\":\"ImageObject\",\"inLanguage\":\"fr-FR\",\"@id\":\"https:\\\/\\\/calftel.com\\\/fr\\\/#\\\/schema\\\/logo\\\/image\\\/\",\"url\":\"https:\\\/\\\/calftel.com\\\/wp-content\\\/uploads\\\/2021\\\/11\\\/Hampels-CalfTel-USA-EST-1981-Color.png\",\"contentUrl\":\"https:\\\/\\\/calftel.com\\\/wp-content\\\/uploads\\\/2021\\\/11\\\/Hampels-CalfTel-USA-EST-1981-Color.png\",\"width\":1080,\"height\":516,\"caption\":\"Calf-Tel by Hampel\"},\"image\":{\"@id\":\"https:\\\/\\\/calftel.com\\\/fr\\\/#\\\/schema\\\/logo\\\/image\\\/\"},\"sameAs\":[\"https:\\\/\\\/www.facebook.com\\\/calftel\\\/\",\"https:\\\/\\\/www.instagram.com\\\/calftel\\\/\",\"https:\\\/\\\/linkedin.com\\\/company\\\/calf-tel\\\/\",\"https:\\\/\\\/www.youtube.com\\\/channel\\\/UCq73euoWhx5k1kOjHBHXM_g\"]}]}<\/script>\n<!-- \/ Yoast SEO plugin. -->","yoast_head_json":{"title":"Enclos de Groupe - Calf-Tel","robots":{"index":"index","follow":"follow","max-snippet":"max-snippet:-1","max-image-preview":"max-image-preview:large","max-video-preview":"max-video-preview:-1"},"canonical":"https:\/\/calftel.com\/fr\/product\/niches-de-groupe\/enclos-de-groupe\/","og_locale":"fr_FR","og_type":"article","og_title":"Enclos de Groupe - Calf-Tel","og_description":"L'Enclos de Groupe Calf-Tel transforme rapidement et facilement 2 enclos individuels en 1.","og_url":"https:\/\/calftel.com\/fr\/product\/niches-de-groupe\/enclos-de-groupe\/","og_site_name":"Calf-Tel","article_publisher":"https:\/\/www.facebook.com\/calftel\/","article_modified_time":"2021-10-18T09:50:40+00:00","og_image":[{"width":544,"height":400,"url":"https:\/\/calftel.com\/wp-content\/uploads\/2021\/03\/main-image.png","type":"image\/png"}],"twitter_card":"summary_large_image","twitter_misc":{"Dur\u00e9e de lecture estim\u00e9e":"1 minute"},"schema":{"@context":"https:\/\/schema.org","@graph":[{"@type":["WebPage","ItemPage"],"@id":"https:\/\/calftel.com\/fr\/product\/niches-de-groupe\/enclos-de-groupe\/","url":"https:\/\/calftel.com\/fr\/product\/niches-de-groupe\/enclos-de-groupe\/","name":"Enclos de Groupe - Calf-Tel","isPartOf":{"@id":"https:\/\/calftel.com\/fr\/#website"},"primaryImageOfPage":{"@id":"https:\/\/calftel.com\/fr\/product\/niches-de-groupe\/enclos-de-groupe\/#primaryimage"},"image":{"@id":"https:\/\/calftel.com\/fr\/product\/niches-de-groupe\/enclos-de-groupe\/#primaryimage"},"thumbnailUrl":"https:\/\/calftel.com\/wp-content\/uploads\/2021\/03\/main-image.png","datePublished":"2021-08-14T10:49:13+00:00","dateModified":"2021-10-18T09:50:40+00:00","breadcrumb":{"@id":"https:\/\/calftel.com\/fr\/product\/niches-de-groupe\/enclos-de-groupe\/#breadcrumb"},"inLanguage":"fr-FR","potentialAction":[{"@type":"ReadAction","target":["https:\/\/calftel.com\/fr\/product\/niches-de-groupe\/enclos-de-groupe\/"]}]},{"@type":"ImageObject","inLanguage":"fr-FR","@id":"https:\/\/calftel.com\/fr\/product\/niches-de-groupe\/enclos-de-groupe\/#primaryimage","url":"https:\/\/calftel.com\/wp-content\/uploads\/2021\/03\/main-image.png","contentUrl":"https:\/\/calftel.com\/wp-content\/uploads\/2021\/03\/main-image.png","width":544,"height":400},{"@type":"BreadcrumbList","@id":"https:\/\/calftel.com\/fr\/product\/niches-de-groupe\/enclos-de-groupe\/#breadcrumb","itemListElement":[{"@type":"ListItem","position":1,"name":"Home","item":"https:\/\/calftel.com\/fr\/calf-housing\/"},{"@type":"ListItem","position":2,"name":"Niches de Groupe","item":"https:\/\/calftel.com\/fr\/series\/niches-de-groupe\/"},{"@type":"ListItem","position":3,"name":"Enclos de Groupe"}]},{"@type":"WebSite","@id":"https:\/\/calftel.com\/fr\/#website","url":"https:\/\/calftel.com\/fr\/","name":"Calf-Tel","description":"Calf Hutch Experts","publisher":{"@id":"https:\/\/calftel.com\/fr\/#organization"},"potentialAction":[{"@type":"SearchAction","target":{"@type":"EntryPoint","urlTemplate":"https:\/\/calftel.com\/fr\/?s={search_term_string}"},"query-input":{"@type":"PropertyValueSpecification","valueRequired":true,"valueName":"search_term_string"}}],"inLanguage":"fr-FR"},{"@type":"Organization","@id":"https:\/\/calftel.com\/fr\/#organization","name":"Calf-Tel by Hampel","url":"https:\/\/calftel.com\/fr\/","logo":{"@type":"ImageObject","inLanguage":"fr-FR","@id":"https:\/\/calftel.com\/fr\/#\/schema\/logo\/image\/","url":"https:\/\/calftel.com\/wp-content\/uploads\/2021\/11\/Hampels-CalfTel-USA-EST-1981-Color.png","contentUrl":"https:\/\/calftel.com\/wp-content\/uploads\/2021\/11\/Hampels-CalfTel-USA-EST-1981-Color.png","width":1080,"height":516,"caption":"Calf-Tel by Hampel"},"image":{"@id":"https:\/\/calftel.com\/fr\/#\/schema\/logo\/image\/"},"sameAs":["https:\/\/www.facebook.com\/calftel\/","https:\/\/www.instagram.com\/calftel\/","https:\/\/linkedin.com\/company\/calf-tel\/","https:\/\/www.youtube.com\/channel\/UCq73euoWhx5k1kOjHBHXM_g"]}]}},"_links":{"self":[{"href":"https:\/\/calftel.com\/fr\/wp-json\/wp\/v2\/product\/8403","targetHints":{"allow":["GET"]}}],"collection":[{"href":"https:\/\/calftel.com\/fr\/wp-json\/wp\/v2\/product"}],"about":[{"href":"https:\/\/calftel.com\/fr\/wp-json\/wp\/v2\/types\/product"}],"wp:featuredmedia":[{"embeddable":true,"href":"https:\/\/calftel.com\/fr\/wp-json\/wp\/v2\/media\/3804"}],"wp:attachment":[{"href":"https:\/\/calftel.com\/fr\/wp-json\/wp\/v2\/media?parent=8403"}],"wp:term":[{"taxonomy":"series","embeddable":true,"href":"https:\/\/calftel.com\/fr\/wp-json\/wp\/v2\/series?post=8403"}],"curies":[{"name":"wp","href":"https:\/\/api.w.org\/{rel}","templated":true}]}}