{"id":8408,"date":"2021-08-14T11:14:48","date_gmt":"2021-08-14T11:14:48","guid":{"rendered":"https:\/\/calftel.local\/product\/%series%\/panneaux-breezeway-standard\/"},"modified":"2021-11-15T09:18:56","modified_gmt":"2021-11-15T09:18:56","slug":"panneaux-breezeway-standard","status":"publish","type":"product","link":"https:\/\/calftel.com\/fr\/product\/serie-i\/panneaux-breezeway-standard\/","title":{"rendered":"Panneaux Standard Breezeway"},"content":{"rendered":"\n<div class=\"wp-block-cover alignfull has-background-dim pattern-hero-product gt-remove-margin-top\"><img loading=\"lazy\" decoding=\"async\" width=\"2000\" height=\"600\" class=\"wp-block-cover__image-background wp-image-7278\" alt=\"\" src=\"https:\/\/calftel.com\/wp-content\/uploads\/2021\/05\/Standard-Breezeway-Hero.jpg\" style=\"object-position:61% 83%\" data-object-fit=\"cover\" data-object-position=\"61% 83%\" srcset=\"https:\/\/calftel.com\/wp-content\/uploads\/2021\/05\/Standard-Breezeway-Hero.jpg 2000w, https:\/\/calftel.com\/wp-content\/uploads\/2021\/05\/Standard-Breezeway-Hero-300x90.jpg 300w, https:\/\/calftel.com\/wp-content\/uploads\/2021\/05\/Standard-Breezeway-Hero-1024x307.jpg 1024w, https:\/\/calftel.com\/wp-content\/uploads\/2021\/05\/Standard-Breezeway-Hero-768x230.jpg 768w, https:\/\/calftel.com\/wp-content\/uploads\/2021\/05\/Standard-Breezeway-Hero-1536x461.jpg 1536w\" sizes=\"auto, (max-width: 2000px) 100vw, 2000px\" \/><div class=\"wp-block-cover__inner-container is-layout-flow wp-block-cover-is-layout-flow\">\n<p class=\"has-text-align-center hero-product-series gt-remove-margin-bottom\">S\u00e9rie C<\/p>\n\n\n\n<h1 class=\"alignwide has-text-align-center hero-product-name gt-remove-margin-top gt-remove-margin-bottom wp-block-heading\">Panneaux Standard Breezeway<\/h1>\n\n\n\n<p class=\"has-text-align-center hero-product-tagline gt-remove-margin-top\"><\/p>\n<\/div><\/div>\n\n<div class=\"wp-block-columns alignwide pattern-product-intro is-layout-flex wp-container-core-columns-is-layout-9d6595d7 wp-block-columns-is-layout-flex\">\n<div class=\"wp-block-column is-vertically-aligned-center is-layout-flow wp-block-column-is-layout-flow\" style=\"flex-basis:40%\">\n<h6 class=\"wp-block-heading\">Une meilleure circulation de l&rsquo;air et une meilleure ventilation pour \u00e9lever des veaux en bonne sant\u00e9 et productifs.<\/h6>\n\n\n\n<p>Les panneaux Standard Breezeway de Calf-Tel offrent aux veaux de l&rsquo;espace suppl\u00e9mentaire tout en exploitant efficacement l&rsquo;espace int\u00e9rieur de l&rsquo;enclos. La conception ouverte des panneaux permet au veau d&rsquo;acc\u00e9der \u00e0 de l&rsquo;air frais et \u00e0 une ventilation plus saine. Des panneaux arri\u00e8re en grillage l\u00e9ger, en grillage renforc\u00e9 ou en acier tubulaire sont disponibles en option<\/p>\n\n\n\n<ul class=\"wp-block-list\"><li>Convient aux mod\u00e8les 16|44, 19|54, 22|64, 26|74 et 30|84<\/li><li>La largeur de 46,25 pouces offre de l&rsquo;espace suppl\u00e9mentaire pour les veaux tout en utilisant plus efficacement l&rsquo;espace int\u00e9rieur<\/li><li>L&rsquo;avant et l&rsquo;arri\u00e8re de l&rsquo;enclos permettent une meilleure ventilation<\/li><li>Porte d&rsquo;acc\u00e8s l\u00e9g\u00e8re<\/li><li>Levier s\u00e9curis\u00e9 &#8211; facilement ouvrable d&rsquo;une seule main<\/li><li>Des panneaux arri\u00e8re en grillage m\u00e9tallique, en acier ou renforc\u00e9s sont disponibles en option.<\/li><\/ul>\n\n\n<div id=accessories-associated-listing-block_6074ebbb6e6ae class=\"block-product-docs alignwide\">\n                        <ul class=\"doc-listing\">\n                                    <li class=\"doc-item\">\n                        <a href=\"https:\/\/calftel.com\/wp-content\/uploads\/2021\/04\/Chute-Bottle-Holder-Pen-Hutch-Fence-Mount-2.pdf\" target=\"_blank\">\n                            <!--                                 Assembly Instructions\n                             -->\n                            Chute Bottle Holder Pen, Fence and Hutch Mount Assembly Instructions                        <\/a>\n                    <\/li>\n                                <\/ul>\n            <\/div>\n\n\n<div class=\"wp-block-buttons is-layout-flex wp-block-buttons-is-layout-flex\">\n<div class=\"wp-block-button is-style-fill\"><a class=\"wp-block-button__link has-very-dark-gray-color has-very-light-gray-background-color has-text-color has-background\" href=\"https:\/\/calftel.com\/fr\/produits\/accessories\/\">Acheter des Accessoires<\/a><\/div>\n\n\n\n<div class=\"wp-block-button is-style-secondary-fill\"><a class=\"wp-block-button__link\" href=\"\/personnalisation\">Personnalisation du Produit<\/a><\/div>\n<\/div>\n<\/div>\n\n\n\n<div class=\"wp-block-column is-vertically-aligned-center is-layout-flow wp-block-column-is-layout-flow\">\n<figure class=\"wp-block-image size-full is-style-zoom\"><img loading=\"lazy\" decoding=\"async\" width=\"1024\" height=\"768\" src=\"https:\/\/calftel.com\/wp-content\/uploads\/2021\/05\/Standard-Breezeway-with-Wire-Back.png\" alt=\"\" class=\"wp-image-8753\" srcset=\"https:\/\/calftel.com\/wp-content\/uploads\/2021\/05\/Standard-Breezeway-with-Wire-Back.png 1024w, https:\/\/calftel.com\/wp-content\/uploads\/2021\/05\/Standard-Breezeway-with-Wire-Back-300x225.png 300w, https:\/\/calftel.com\/wp-content\/uploads\/2021\/05\/Standard-Breezeway-with-Wire-Back-768x576.png 768w\" sizes=\"auto, (max-width: 1024px) 100vw, 1024px\" \/><\/figure>\n<\/div>\n<\/div>\n\n<div class=\"wp-block-blockgallery-masonry alignwide\"><div class=\"blockgallery has-caption-style-dark has-gutter\"><ul class=\"has-grid-xlrg has-gutter-15 has-gutter-mobile-15\"><li class=\"blockgallery--item\"><figure class=\"blockgallery--figure\"><img loading=\"lazy\" decoding=\"async\" width=\"1024\" height=\"768\" src=\"https:\/\/calftel.com\/wp-content\/uploads\/2021\/05\/Standard-Breezeway-Lifestyle-Image-2.jpg\" alt=\"\" data-id=\"5283\" data-link=\"https:\/\/calftel.com\/product\/i-series\/standard-breezeway-panels\/standard-breezeway-lifestyle-image-2\/\" class=\"wp-image-5284\" srcset=\"https:\/\/calftel.com\/wp-content\/uploads\/2021\/05\/Standard-Breezeway-Lifestyle-Image-2.jpg 1024w, https:\/\/calftel.com\/wp-content\/uploads\/2021\/05\/Standard-Breezeway-Lifestyle-Image-2-300x225.jpg 300w, https:\/\/calftel.com\/wp-content\/uploads\/2021\/05\/Standard-Breezeway-Lifestyle-Image-2-768x576.jpg 768w\" sizes=\"auto, (max-width: 1024px) 100vw, 1024px\" \/><\/figure><\/li><li class=\"blockgallery--item\"><figure class=\"blockgallery--figure\"><img loading=\"lazy\" decoding=\"async\" width=\"1024\" height=\"768\" src=\"https:\/\/calftel.com\/wp-content\/uploads\/2021\/05\/Standard-Breezeway-Site-Shot.jpg\" alt=\"\" data-id=\"8759\" data-link=\"https:\/\/calftel.com\/product\/i-series\/standard-breezeway-panels\/standard-breezeway-site-shot\/\" class=\"wp-image-8760\" srcset=\"https:\/\/calftel.com\/wp-content\/uploads\/2021\/05\/Standard-Breezeway-Site-Shot.jpg 1024w, https:\/\/calftel.com\/wp-content\/uploads\/2021\/05\/Standard-Breezeway-Site-Shot-300x225.jpg 300w, https:\/\/calftel.com\/wp-content\/uploads\/2021\/05\/Standard-Breezeway-Site-Shot-768x576.jpg 768w\" sizes=\"auto, (max-width: 1024px) 100vw, 1024px\" \/><\/figure><\/li><\/ul><\/div><\/div>\n\n<div class=\"wp-block-group alignfull product-specifications\"><div class=\"wp-block-group__inner-container is-layout-flow wp-block-group-is-layout-flow\">\n<div class=\"wp-block-columns alignwide is-layout-flex wp-container-core-columns-is-layout-9d6595d7 wp-block-columns-is-layout-flex\">\n<div class=\"wp-block-column is-vertically-aligned-center is-layout-flow wp-block-column-is-layout-flow\" style=\"flex-basis:40%\">\n<figure class=\"wp-block-image size-large is-style-zoom\"><img loading=\"lazy\" decoding=\"async\" width=\"1024\" height=\"768\" src=\"https:\/\/calftel.com\/wp-content\/uploads\/2021\/06\/Standard-Breezeway-Dimensions-1024x768.jpg\" alt=\"\" class=\"wp-image-5290\" srcset=\"https:\/\/calftel.com\/wp-content\/uploads\/2021\/06\/Standard-Breezeway-Dimensions-1024x768.jpg 1024w, https:\/\/calftel.com\/wp-content\/uploads\/2021\/06\/Standard-Breezeway-Dimensions-300x225.jpg 300w, https:\/\/calftel.com\/wp-content\/uploads\/2021\/06\/Standard-Breezeway-Dimensions-768x576.jpg 768w, https:\/\/calftel.com\/wp-content\/uploads\/2021\/06\/Standard-Breezeway-Dimensions-1536x1152.jpg 1536w, https:\/\/calftel.com\/wp-content\/uploads\/2021\/06\/Standard-Breezeway-Dimensions.jpg 2000w\" sizes=\"auto, (max-width: 1024px) 100vw, 1024px\" \/><\/figure>\n<\/div>\n\n\n\n<div class=\"wp-block-column is-vertically-aligned-center is-layout-flow wp-block-column-is-layout-flow\">\n<h2 class=\"wp-block-heading\">Caract\u00e9ristiques<\/h2>\n\n\n\n<figure class=\"wp-block-table is-style-regular\"><table><thead><tr><th class=\"has-text-align-left\" data-align=\"left\">Poids<\/th><th class=\"has-text-align-left\" data-align=\"left\"><\/th><\/tr><\/thead><tbody><tr><td class=\"has-text-align-left\" data-align=\"left\"><strong>Fa\u00e7ade d&rsquo;enclos <strong>\u2013<\/strong> Standard Breezeway<\/strong><\/td><td class=\"has-text-align-left\" data-align=\"left\">32 lbs<br\/>14.5 kg<\/td><\/tr><tr><td class=\"has-text-align-left\" data-align=\"left\"><strong>Panneau Arri\u00e8re<\/strong> <strong>en Grillage M\u00e9tallique<\/strong> <strong>\u2013<\/strong> <strong>Standard Breezeway<\/strong><\/td><td class=\"has-text-align-left\" data-align=\"left\">20 lbs<br\/>9 kg <\/td><\/tr><tr><td class=\"has-text-align-left\" data-align=\"left\"><strong>Arri\u00e8re d&rsquo;enclos Acier \u2013 Standard Breezeway<\/strong><\/td><td class=\"has-text-align-left\" data-align=\"left\">32 lbs<br\/>15 kg<\/td><\/tr><tr><td class=\"has-text-align-left\" data-align=\"left\"><strong>Arri\u00e8re d&rsquo;enclos Renforc\u00e9 \u2013 Standard Breezeway<\/strong><\/td><td class=\"has-text-align-left\" data-align=\"left\">29 lbs <br\/>13 kg<\/td><\/tr><tr><td class=\"has-text-align-left\" data-align=\"left\"><strong>Panneau Lat\u00e9ral*<\/strong><\/td><td class=\"has-text-align-left\" data-align=\"left\">26-45 lbs<br\/>12-20 kg<\/td><\/tr><\/tbody><\/table><figcaption>*Le poids peut varier en fonction de la taille du panneau lat\u00e9ral<br\/><\/figcaption><\/figure>\n\n\n\n<figure class=\"wp-block-table is-style-regular\"><table><thead><tr><th class=\"has-text-align-left\" data-align=\"left\">Dimensions<\/th><th class=\"has-text-align-left\" data-align=\"left\"><\/th><\/tr><\/thead><tbody><tr><td class=\"has-text-align-left\" data-align=\"left\"><strong>Largeur Avant et Arri\u00e8re d&rsquo;enclos <strong>\u2013<\/strong> Standard Breezeway<\/strong><\/td><td class=\"has-text-align-left\" data-align=\"left\">46.25&Prime;<br\/>117.47 cm<\/td><\/tr><tr><td class=\"has-text-align-left\" data-align=\"left\"><strong>Hauteur Avant et Arri\u00e8re d&rsquo;enclos<\/strong> <strong>\u2013<\/strong> <strong>Standard Breezeway<\/strong><\/td><td class=\"has-text-align-left\" data-align=\"left\">45&Prime;<br\/>114.3 cm <\/td><\/tr><\/tbody><\/table><\/figure>\n\n\n\n<p><\/p>\n<\/div>\n<\/div>\n<\/div><\/div>\n<div id=features-listing-block_60707e5dfbb9c class=\"block-features-listing alignfull\">\n    <div class=\"header\">\n        \n\n<h2 class=\"card-heading wp-block-heading\">Caract\u00e9ristiques et Avantages<\/h2>\n\n\n    <\/div>\n\n                        <div class=\"features-list\">\n                                    <div class=\"features-row\">\n                        <div class=\"thumbnail\"><img loading=\"lazy\" decoding=\"async\" width=\"640\" height=\"480\" src=\"https:\/\/calftel.com\/wp-content\/uploads\/2021\/06\/Standard-Breezeway-Back-Options.png\" class=\"attachment-large size-large wp-post-image\" alt=\"\" srcset=\"https:\/\/calftel.com\/wp-content\/uploads\/2021\/06\/Standard-Breezeway-Back-Options.png 800w, https:\/\/calftel.com\/wp-content\/uploads\/2021\/06\/Standard-Breezeway-Back-Options-300x225.png 300w, https:\/\/calftel.com\/wp-content\/uploads\/2021\/06\/Standard-Breezeway-Back-Options-768x576.png 768w\" sizes=\"auto, (max-width: 640px) 100vw, 640px\" \/><\/div>\n                        <div class=\"content\">\n                            <!-- <h3>Options de Panneaux Arri\u00e8re Standard Breezeway<\/h3> -->\n                            <div class=\"excerpt\"><!-- wp:heading {\"level\":3,\"translatedWithWPMLTM\":\"1\"} -->\n<h3>Panneaux Arri\u00e8re Breezeway Optionnels<\/h3>\n<!-- \/wp:heading --><!-- wp:paragraph {\"translatedWithWPMLTM\":\"1\"} -->\n<p>Une s\u00e9lection de panneaux arri\u00e8re pour enclos Standard Breezeway vous est propos\u00e9e afin de trouver la solution parfaite pour les besoins de votre exploitation. <span style=\"font-size: revert; font-family: var(--theme-body--font);\">Disponibles en option avec grillage, acier ou renforc\u00e9s<\/span>.<\/p>\n<!-- \/wp:paragraph --><\/div>\n                        <\/div>\n                    <\/div>\n                                    <div class=\"features-row\">\n                        <div class=\"thumbnail\"><img loading=\"lazy\" decoding=\"async\" width=\"640\" height=\"480\" src=\"https:\/\/calftel.com\/wp-content\/uploads\/2021\/06\/Standard-Breezeway-L-rod.png\" class=\"attachment-large size-large wp-post-image\" alt=\"\" srcset=\"https:\/\/calftel.com\/wp-content\/uploads\/2021\/06\/Standard-Breezeway-L-rod.png 800w, https:\/\/calftel.com\/wp-content\/uploads\/2021\/06\/Standard-Breezeway-L-rod-300x225.png 300w, https:\/\/calftel.com\/wp-content\/uploads\/2021\/06\/Standard-Breezeway-L-rod-768x576.png 768w\" sizes=\"auto, (max-width: 640px) 100vw, 640px\" \/><\/div>\n                        <div class=\"content\">\n                            <!-- <h3>Tiges en L Standard Breezeway<\/h3> -->\n                            <div class=\"excerpt\"><!-- wp:heading {\"level\":3,\"translatedWithWPMLTM\":\"1\"} -->\n<h3>Tiges coud\u00e9es en L<\/h3>\n<!-- \/wp:heading --><!-- wp:paragraph {\"translatedWithWPMLTM\":\"1\"} -->\n<p>R\u00e9sistantes et faciles \u00e0 utiliser pour un montage et un d\u00e9montage rapides.<\/p>\n<!-- \/wp:paragraph --><\/div>\n                        <\/div>\n                    <\/div>\n                                    <div class=\"features-row\">\n                        <div class=\"thumbnail\"><img loading=\"lazy\" decoding=\"async\" width=\"640\" height=\"480\" src=\"https:\/\/calftel.com\/wp-content\/uploads\/2021\/06\/Standard-Breezeway-Light-Weight-Access-Door-1.png\" class=\"attachment-large size-large wp-post-image\" alt=\"\" srcset=\"https:\/\/calftel.com\/wp-content\/uploads\/2021\/06\/Standard-Breezeway-Light-Weight-Access-Door-1.png 800w, https:\/\/calftel.com\/wp-content\/uploads\/2021\/06\/Standard-Breezeway-Light-Weight-Access-Door-1-300x225.png 300w, https:\/\/calftel.com\/wp-content\/uploads\/2021\/06\/Standard-Breezeway-Light-Weight-Access-Door-1-768x576.png 768w\" sizes=\"auto, (max-width: 640px) 100vw, 640px\" \/><\/div>\n                        <div class=\"content\">\n                            <!-- <h3>Porte d&rsquo;acc\u00e8s l\u00e9g\u00e8re Standard Breezeway<\/h3> -->\n                            <div class=\"excerpt\"><!-- wp:heading {\"level\":3,\"translatedWithWPMLTM\":\"1\"} -->\n<h3>Porte d&rsquo;acc\u00e8s l\u00e9g\u00e8re<\/h3>\n<!-- \/wp:heading --><!-- wp:paragraph {\"translatedWithWPMLTM\":\"1\"} -->\n<p>Porte avant tr\u00e8s l\u00e9g\u00e8re pour un acc\u00e8s facile au veau.<\/p>\n<!-- \/wp:paragraph --><\/div>\n                        <\/div>\n                    <\/div>\n                                    <div class=\"features-row\">\n                        <div class=\"thumbnail\"><img loading=\"lazy\" decoding=\"async\" width=\"640\" height=\"480\" src=\"https:\/\/calftel.com\/wp-content\/uploads\/2021\/06\/Compact-Breezeway-Secure-Lever.png\" class=\"attachment-large size-large wp-post-image\" alt=\"\" srcset=\"https:\/\/calftel.com\/wp-content\/uploads\/2021\/06\/Compact-Breezeway-Secure-Lever.png 800w, https:\/\/calftel.com\/wp-content\/uploads\/2021\/06\/Compact-Breezeway-Secure-Lever-300x225.png 300w, https:\/\/calftel.com\/wp-content\/uploads\/2021\/06\/Compact-Breezeway-Secure-Lever-768x576.png 768w\" sizes=\"auto, (max-width: 640px) 100vw, 640px\" \/><\/div>\n                        <div class=\"content\">\n                            <!-- <h3>Levier de S\u00e9curit\u00e9 Compact Breezeway<\/h3> -->\n                            <div class=\"excerpt\"><!-- wp:heading {\"level\":3,\"translatedWithWPMLTM\":\"1\"} -->\n<h3>Levier de S\u00e9curit\u00e9<\/h3>\n<!-- \/wp:heading --><!-- wp:paragraph {\"translatedWithWPMLTM\":\"1\"} -->\n<p>Ouverture facile d&rsquo;une seule main.<\/p>\n<!-- \/wp:paragraph --><\/div>\n                        <\/div>\n                    <\/div>\n                                <\/div>\n            <\/div><div id=accessories-associated-listing-block_6070b6bd72643 class=\"block-accessories-associated-listing alignfull\">\n    <div class=\"header\">\n        \n\n<h2 class=\"card-heading wp-block-heading\">Accessoires Associ\u00e9s<\/h2>\n\n\n    <\/div>\n\n        <\/div>","protected":false},"excerpt":{"rendered":"<p>De m\u00eames dimensions que nos enclos standard, le Standard Breezeway assure \u00e0 votre veau une meilleure circulation de l&rsquo;air et une ventilation plus saine.<\/p>\n","protected":false},"featured_media":20000,"template":"","series":[163],"class_list":["post-8408","product","type-product","status-publish","has-post-thumbnail","hentry","series-serie-i"],"acf":[],"yoast_head":"<!-- This site is optimized with the Yoast SEO plugin v27.4 - https:\/\/yoast.com\/product\/yoast-seo-wordpress\/ -->\n<title>Panneaux Standard Breezeway - Calf-Tel<\/title>\n<meta name=\"robots\" content=\"index, follow, max-snippet:-1, max-image-preview:large, max-video-preview:-1\" \/>\n<link rel=\"canonical\" href=\"https:\/\/calftel.com\/fr\/product\/serie-i\/panneaux-breezeway-standard\/\" \/>\n<meta property=\"og:locale\" content=\"fr_FR\" \/>\n<meta property=\"og:type\" content=\"article\" \/>\n<meta property=\"og:title\" content=\"Panneaux Standard Breezeway - Calf-Tel\" \/>\n<meta property=\"og:description\" content=\"De m\u00eames dimensions que nos enclos standard, le Standard Breezeway assure \u00e0 votre veau une meilleure circulation de l&#039;air et une ventilation plus saine.\" \/>\n<meta property=\"og:url\" content=\"https:\/\/calftel.com\/fr\/product\/serie-i\/panneaux-breezeway-standard\/\" \/>\n<meta property=\"og:site_name\" content=\"Calf-Tel\" \/>\n<meta property=\"article:publisher\" content=\"https:\/\/www.facebook.com\/calftel\/\" \/>\n<meta property=\"article:modified_time\" content=\"2021-11-15T09:18:56+00:00\" \/>\n<meta property=\"og:image\" content=\"https:\/\/calftel.com\/wp-content\/uploads\/2021\/05\/Standard-Breezeway-with-Wire-Back.png\" \/>\n\t<meta property=\"og:image:width\" content=\"1024\" \/>\n\t<meta property=\"og:image:height\" content=\"768\" \/>\n\t<meta property=\"og:image:type\" content=\"image\/png\" \/>\n<meta name=\"twitter:card\" content=\"summary_large_image\" \/>\n<meta name=\"twitter:label1\" content=\"Dur\u00e9e de lecture estim\u00e9e\" \/>\n\t<meta name=\"twitter:data1\" content=\"1 minute\" \/>\n<script type=\"application\/ld+json\" class=\"yoast-schema-graph\">{\"@context\":\"https:\\\/\\\/schema.org\",\"@graph\":[{\"@type\":[\"WebPage\",\"ItemPage\"],\"@id\":\"https:\\\/\\\/calftel.com\\\/fr\\\/product\\\/serie-i\\\/panneaux-breezeway-standard\\\/\",\"url\":\"https:\\\/\\\/calftel.com\\\/fr\\\/product\\\/serie-i\\\/panneaux-breezeway-standard\\\/\",\"name\":\"Panneaux Standard Breezeway - Calf-Tel\",\"isPartOf\":{\"@id\":\"https:\\\/\\\/calftel.com\\\/fr\\\/#website\"},\"primaryImageOfPage\":{\"@id\":\"https:\\\/\\\/calftel.com\\\/fr\\\/product\\\/serie-i\\\/panneaux-breezeway-standard\\\/#primaryimage\"},\"image\":{\"@id\":\"https:\\\/\\\/calftel.com\\\/fr\\\/product\\\/serie-i\\\/panneaux-breezeway-standard\\\/#primaryimage\"},\"thumbnailUrl\":\"https:\\\/\\\/calftel.com\\\/wp-content\\\/uploads\\\/2021\\\/05\\\/Standard_BreezeWay_Gate_ISO.png\",\"datePublished\":\"2021-08-14T11:14:48+00:00\",\"dateModified\":\"2021-11-15T09:18:56+00:00\",\"breadcrumb\":{\"@id\":\"https:\\\/\\\/calftel.com\\\/fr\\\/product\\\/serie-i\\\/panneaux-breezeway-standard\\\/#breadcrumb\"},\"inLanguage\":\"fr-FR\",\"potentialAction\":[{\"@type\":\"ReadAction\",\"target\":[\"https:\\\/\\\/calftel.com\\\/fr\\\/product\\\/serie-i\\\/panneaux-breezeway-standard\\\/\"]}]},{\"@type\":\"ImageObject\",\"inLanguage\":\"fr-FR\",\"@id\":\"https:\\\/\\\/calftel.com\\\/fr\\\/product\\\/serie-i\\\/panneaux-breezeway-standard\\\/#primaryimage\",\"url\":\"https:\\\/\\\/calftel.com\\\/wp-content\\\/uploads\\\/2021\\\/05\\\/Standard_BreezeWay_Gate_ISO.png\",\"contentUrl\":\"https:\\\/\\\/calftel.com\\\/wp-content\\\/uploads\\\/2021\\\/05\\\/Standard_BreezeWay_Gate_ISO.png\",\"width\":1080,\"height\":1080},{\"@type\":\"BreadcrumbList\",\"@id\":\"https:\\\/\\\/calftel.com\\\/fr\\\/product\\\/serie-i\\\/panneaux-breezeway-standard\\\/#breadcrumb\",\"itemListElement\":[{\"@type\":\"ListItem\",\"position\":1,\"name\":\"Home\",\"item\":\"https:\\\/\\\/calftel.com\\\/fr\\\/calf-housing\\\/\"},{\"@type\":\"ListItem\",\"position\":2,\"name\":\"S\u00e9rie I\",\"item\":\"https:\\\/\\\/calftel.com\\\/fr\\\/series\\\/serie-i\\\/\"},{\"@type\":\"ListItem\",\"position\":3,\"name\":\"Panneaux Standard Breezeway\"}]},{\"@type\":\"WebSite\",\"@id\":\"https:\\\/\\\/calftel.com\\\/fr\\\/#website\",\"url\":\"https:\\\/\\\/calftel.com\\\/fr\\\/\",\"name\":\"Calf-Tel\",\"description\":\"Calf Hutch Experts\",\"publisher\":{\"@id\":\"https:\\\/\\\/calftel.com\\\/fr\\\/#organization\"},\"potentialAction\":[{\"@type\":\"SearchAction\",\"target\":{\"@type\":\"EntryPoint\",\"urlTemplate\":\"https:\\\/\\\/calftel.com\\\/fr\\\/?s={search_term_string}\"},\"query-input\":{\"@type\":\"PropertyValueSpecification\",\"valueRequired\":true,\"valueName\":\"search_term_string\"}}],\"inLanguage\":\"fr-FR\"},{\"@type\":\"Organization\",\"@id\":\"https:\\\/\\\/calftel.com\\\/fr\\\/#organization\",\"name\":\"Calf-Tel by Hampel\",\"url\":\"https:\\\/\\\/calftel.com\\\/fr\\\/\",\"logo\":{\"@type\":\"ImageObject\",\"inLanguage\":\"fr-FR\",\"@id\":\"https:\\\/\\\/calftel.com\\\/fr\\\/#\\\/schema\\\/logo\\\/image\\\/\",\"url\":\"https:\\\/\\\/calftel.com\\\/wp-content\\\/uploads\\\/2021\\\/11\\\/Hampels-CalfTel-USA-EST-1981-Color.png\",\"contentUrl\":\"https:\\\/\\\/calftel.com\\\/wp-content\\\/uploads\\\/2021\\\/11\\\/Hampels-CalfTel-USA-EST-1981-Color.png\",\"width\":1080,\"height\":516,\"caption\":\"Calf-Tel by Hampel\"},\"image\":{\"@id\":\"https:\\\/\\\/calftel.com\\\/fr\\\/#\\\/schema\\\/logo\\\/image\\\/\"},\"sameAs\":[\"https:\\\/\\\/www.facebook.com\\\/calftel\\\/\",\"https:\\\/\\\/www.instagram.com\\\/calftel\\\/\",\"https:\\\/\\\/linkedin.com\\\/company\\\/calf-tel\\\/\",\"https:\\\/\\\/www.youtube.com\\\/channel\\\/UCq73euoWhx5k1kOjHBHXM_g\"]}]}<\/script>\n<!-- \/ Yoast SEO plugin. -->","yoast_head_json":{"title":"Panneaux Standard Breezeway - Calf-Tel","robots":{"index":"index","follow":"follow","max-snippet":"max-snippet:-1","max-image-preview":"max-image-preview:large","max-video-preview":"max-video-preview:-1"},"canonical":"https:\/\/calftel.com\/fr\/product\/serie-i\/panneaux-breezeway-standard\/","og_locale":"fr_FR","og_type":"article","og_title":"Panneaux Standard Breezeway - Calf-Tel","og_description":"De m\u00eames dimensions que nos enclos standard, le Standard Breezeway assure \u00e0 votre veau une meilleure circulation de l'air et une ventilation plus saine.","og_url":"https:\/\/calftel.com\/fr\/product\/serie-i\/panneaux-breezeway-standard\/","og_site_name":"Calf-Tel","article_publisher":"https:\/\/www.facebook.com\/calftel\/","article_modified_time":"2021-11-15T09:18:56+00:00","og_image":[{"width":1024,"height":768,"url":"https:\/\/calftel.com\/wp-content\/uploads\/2021\/05\/Standard-Breezeway-with-Wire-Back.png","type":"image\/png"}],"twitter_card":"summary_large_image","twitter_misc":{"Dur\u00e9e de lecture estim\u00e9e":"1 minute"},"schema":{"@context":"https:\/\/schema.org","@graph":[{"@type":["WebPage","ItemPage"],"@id":"https:\/\/calftel.com\/fr\/product\/serie-i\/panneaux-breezeway-standard\/","url":"https:\/\/calftel.com\/fr\/product\/serie-i\/panneaux-breezeway-standard\/","name":"Panneaux Standard Breezeway - Calf-Tel","isPartOf":{"@id":"https:\/\/calftel.com\/fr\/#website"},"primaryImageOfPage":{"@id":"https:\/\/calftel.com\/fr\/product\/serie-i\/panneaux-breezeway-standard\/#primaryimage"},"image":{"@id":"https:\/\/calftel.com\/fr\/product\/serie-i\/panneaux-breezeway-standard\/#primaryimage"},"thumbnailUrl":"https:\/\/calftel.com\/wp-content\/uploads\/2021\/05\/Standard_BreezeWay_Gate_ISO.png","datePublished":"2021-08-14T11:14:48+00:00","dateModified":"2021-11-15T09:18:56+00:00","breadcrumb":{"@id":"https:\/\/calftel.com\/fr\/product\/serie-i\/panneaux-breezeway-standard\/#breadcrumb"},"inLanguage":"fr-FR","potentialAction":[{"@type":"ReadAction","target":["https:\/\/calftel.com\/fr\/product\/serie-i\/panneaux-breezeway-standard\/"]}]},{"@type":"ImageObject","inLanguage":"fr-FR","@id":"https:\/\/calftel.com\/fr\/product\/serie-i\/panneaux-breezeway-standard\/#primaryimage","url":"https:\/\/calftel.com\/wp-content\/uploads\/2021\/05\/Standard_BreezeWay_Gate_ISO.png","contentUrl":"https:\/\/calftel.com\/wp-content\/uploads\/2021\/05\/Standard_BreezeWay_Gate_ISO.png","width":1080,"height":1080},{"@type":"BreadcrumbList","@id":"https:\/\/calftel.com\/fr\/product\/serie-i\/panneaux-breezeway-standard\/#breadcrumb","itemListElement":[{"@type":"ListItem","position":1,"name":"Home","item":"https:\/\/calftel.com\/fr\/calf-housing\/"},{"@type":"ListItem","position":2,"name":"S\u00e9rie I","item":"https:\/\/calftel.com\/fr\/series\/serie-i\/"},{"@type":"ListItem","position":3,"name":"Panneaux Standard Breezeway"}]},{"@type":"WebSite","@id":"https:\/\/calftel.com\/fr\/#website","url":"https:\/\/calftel.com\/fr\/","name":"Calf-Tel","description":"Calf Hutch Experts","publisher":{"@id":"https:\/\/calftel.com\/fr\/#organization"},"potentialAction":[{"@type":"SearchAction","target":{"@type":"EntryPoint","urlTemplate":"https:\/\/calftel.com\/fr\/?s={search_term_string}"},"query-input":{"@type":"PropertyValueSpecification","valueRequired":true,"valueName":"search_term_string"}}],"inLanguage":"fr-FR"},{"@type":"Organization","@id":"https:\/\/calftel.com\/fr\/#organization","name":"Calf-Tel by Hampel","url":"https:\/\/calftel.com\/fr\/","logo":{"@type":"ImageObject","inLanguage":"fr-FR","@id":"https:\/\/calftel.com\/fr\/#\/schema\/logo\/image\/","url":"https:\/\/calftel.com\/wp-content\/uploads\/2021\/11\/Hampels-CalfTel-USA-EST-1981-Color.png","contentUrl":"https:\/\/calftel.com\/wp-content\/uploads\/2021\/11\/Hampels-CalfTel-USA-EST-1981-Color.png","width":1080,"height":516,"caption":"Calf-Tel by Hampel"},"image":{"@id":"https:\/\/calftel.com\/fr\/#\/schema\/logo\/image\/"},"sameAs":["https:\/\/www.facebook.com\/calftel\/","https:\/\/www.instagram.com\/calftel\/","https:\/\/linkedin.com\/company\/calf-tel\/","https:\/\/www.youtube.com\/channel\/UCq73euoWhx5k1kOjHBHXM_g"]}]}},"_links":{"self":[{"href":"https:\/\/calftel.com\/fr\/wp-json\/wp\/v2\/product\/8408","targetHints":{"allow":["GET"]}}],"collection":[{"href":"https:\/\/calftel.com\/fr\/wp-json\/wp\/v2\/product"}],"about":[{"href":"https:\/\/calftel.com\/fr\/wp-json\/wp\/v2\/types\/product"}],"wp:featuredmedia":[{"embeddable":true,"href":"https:\/\/calftel.com\/fr\/wp-json\/wp\/v2\/media\/20000"}],"wp:attachment":[{"href":"https:\/\/calftel.com\/fr\/wp-json\/wp\/v2\/media?parent=8408"}],"wp:term":[{"taxonomy":"series","embeddable":true,"href":"https:\/\/calftel.com\/fr\/wp-json\/wp\/v2\/series?post=8408"}],"curies":[{"name":"wp","href":"https:\/\/api.w.org\/{rel}","templated":true}]}}