{"id":8421,"date":"2021-08-16T08:59:30","date_gmt":"2021-08-16T08:59:30","guid":{"rendered":"https:\/\/calftel.local\/product\/%series%\/portillon-dacces-de-niche-elite-direct-attach\/"},"modified":"2021-12-21T16:28:21","modified_gmt":"2021-12-21T16:28:21","slug":"portillon-dacces-de-niche-elite-direct-attach","status":"publish","type":"product","link":"https:\/\/calftel.com\/fr\/product\/serie-c\/portillon-dacces-de-niche-elite-direct-attach\/","title":{"rendered":"Portillon \u00ab\u00a0Elite Direct Attach\u00a0\u00bb"},"content":{"rendered":"\n<div class=\"wp-block-cover alignfull has-background-dim-40 has-background-dim pattern-hero-product gt-remove-margin-top\"><img loading=\"lazy\" decoding=\"async\" width=\"2000\" height=\"600\" class=\"wp-block-cover__image-background wp-image-7272\" alt=\"\" src=\"https:\/\/calftel.com\/wp-content\/uploads\/2021\/05\/Direct-Attach-Gate.jpg\" data-object-fit=\"cover\" srcset=\"https:\/\/calftel.com\/wp-content\/uploads\/2021\/05\/Direct-Attach-Gate.jpg 2000w, https:\/\/calftel.com\/wp-content\/uploads\/2021\/05\/Direct-Attach-Gate-300x90.jpg 300w, https:\/\/calftel.com\/wp-content\/uploads\/2021\/05\/Direct-Attach-Gate-1024x307.jpg 1024w, https:\/\/calftel.com\/wp-content\/uploads\/2021\/05\/Direct-Attach-Gate-768x230.jpg 768w, https:\/\/calftel.com\/wp-content\/uploads\/2021\/05\/Direct-Attach-Gate-1536x461.jpg 1536w\" sizes=\"auto, (max-width: 2000px) 100vw, 2000px\" \/><div class=\"wp-block-cover__inner-container is-layout-flow wp-block-cover-is-layout-flow\">\n<p class=\"has-text-align-center hero-product-series gt-remove-margin-bottom\">S\u00e9rie C<\/p>\n\n\n\n<h1 class=\"alignwide has-text-align-center hero-product-name gt-remove-margin-top gt-remove-margin-bottom wp-block-heading\">Portillon \u00ab\u00a0Elite Direct Attach\u00a0\u00bb<\/h1>\n<\/div><\/div>\n\n<div class=\"wp-block-columns alignwide pattern-product-intro is-layout-flex wp-container-core-columns-is-layout-9d6595d7 wp-block-columns-is-layout-flex\">\n<div class=\"wp-block-column is-vertically-aligned-center is-layout-flow wp-block-column-is-layout-flow\" style=\"flex-basis:40%\">\n<h6 class=\"wp-block-heading\">Un design tout-en-un offrant aux producteurs les avantages d&rsquo;un faible encombrement.<\/h6>\n\n\n\n<p>Pens\u00e9 pour des am\u00e9nagements de stabulation et d&rsquo;alimentation tout-en-un, l&rsquo;Elite Direct Attach permet aux \u00e9leveurs de profiter pleinement d&rsquo;un encombrement r\u00e9duit et d&rsquo;\u00e9conomies d&rsquo;\u00e9chelle.<\/p>\n\n\n\n<ul class=\"wp-block-list\"><li>Compatible avec les mod\u00e8les de niches 24|74 et 35|85 \u00e0 ouverture compl\u00e8te et partielle ou avec le mod\u00e8le 20|64 \u00e0 ouverture compl\u00e8te<\/li><li>Fabriqu\u00e9 en acier galvanis\u00e9 de \u00be\u2033 sq.<\/li><li>Flux d&rsquo;air et ventilation de qualit\u00e9 sup\u00e9rieure<\/li><li>Acc\u00e8s facilit\u00e9 et imm\u00e9diat au veau<\/li><li>Compact et \u00e9conomique<\/li><\/ul>\n\n\n\n<p>Pour tout renseignement sur la tarification, la disponibilit\u00e9 et les d\u00e9lais, contactez votre <a href=\"https:\/\/calftel.com\/fr\/a-propos\/rencontrez-lequipe\/\">Responsable de Secteur<\/a>.<\/p>\n\n\n\n<div class=\"wp-block-buttons is-layout-flex wp-block-buttons-is-layout-flex\">\n<div class=\"wp-block-button is-style-outline is-style-outline--1\"><a class=\"wp-block-button__link\" href=\"https:\/\/calf-tel.box.com\/s\/i3shgv2cu7wzs7th8dgs284kezcfjutc\">Consulter la Fiche Produit S\u00e9rie C (PDF)<\/a><\/div>\n<\/div>\n\n\n\n<div class=\"wp-block-buttons is-layout-flex wp-block-buttons-is-layout-flex\">\n<div class=\"wp-block-button is-style-fill\"><a class=\"wp-block-button__link has-very-dark-gray-color has-very-light-gray-background-color has-text-color has-background\" href=\"https:\/\/calftel.com\/fr\/produits\/accessories\/\">Acheter des Accessoires<\/a><\/div>\n\n\n\n<div class=\"wp-block-button is-style-secondary-fill\"><a class=\"wp-block-button__link\" href=\"\/personnalisation\">Personnalisation du Produit<\/a><\/div>\n<\/div>\n<\/div>\n\n\n\n<div class=\"wp-block-column is-vertically-aligned-center is-layout-flow wp-block-column-is-layout-flow\">\n<figure class=\"wp-block-image size-large is-style-zoom\"><a href=\"https:\/\/calftel.com\/wp-content\/uploads\/2021\/06\/Direct-Attach-Hutch-Access-Main-Image.png\"><img loading=\"lazy\" decoding=\"async\" width=\"1024\" height=\"768\" src=\"https:\/\/calftel.com\/wp-content\/uploads\/2021\/06\/Direct-Attach-Hutch-Access-Main-Image.png\" alt=\"\" class=\"wp-image-5328\" srcset=\"https:\/\/calftel.com\/wp-content\/uploads\/2021\/06\/Direct-Attach-Hutch-Access-Main-Image.png 1024w, https:\/\/calftel.com\/wp-content\/uploads\/2021\/06\/Direct-Attach-Hutch-Access-Main-Image-300x225.png 300w, https:\/\/calftel.com\/wp-content\/uploads\/2021\/06\/Direct-Attach-Hutch-Access-Main-Image-768x576.png 768w\" sizes=\"auto, (max-width: 1024px) 100vw, 1024px\" \/><\/a><\/figure>\n<\/div>\n<\/div>\n\n<div class=\"wp-block-group alignfull product-specifications\"><div class=\"wp-block-group__inner-container is-layout-flow wp-block-group-is-layout-flow\">\n<div class=\"wp-block-columns alignwide is-layout-flex wp-container-core-columns-is-layout-9d6595d7 wp-block-columns-is-layout-flex\">\n<div class=\"wp-block-column is-vertically-aligned-center is-layout-flow wp-block-column-is-layout-flow\" style=\"flex-basis:40%\">\n<figure class=\"wp-block-image size-large is-style-zoom\"><img loading=\"lazy\" decoding=\"async\" width=\"1024\" height=\"768\" src=\"https:\/\/calftel.com\/wp-content\/uploads\/2021\/06\/Direct-Attach-Hutch-Access-Dimensions-1024x768.jpg\" alt=\"\" class=\"wp-image-5341\" srcset=\"https:\/\/calftel.com\/wp-content\/uploads\/2021\/06\/Direct-Attach-Hutch-Access-Dimensions-1024x768.jpg 1024w, https:\/\/calftel.com\/wp-content\/uploads\/2021\/06\/Direct-Attach-Hutch-Access-Dimensions-300x225.jpg 300w, https:\/\/calftel.com\/wp-content\/uploads\/2021\/06\/Direct-Attach-Hutch-Access-Dimensions-768x576.jpg 768w, https:\/\/calftel.com\/wp-content\/uploads\/2021\/06\/Direct-Attach-Hutch-Access-Dimensions-1536x1152.jpg 1536w, https:\/\/calftel.com\/wp-content\/uploads\/2021\/06\/Direct-Attach-Hutch-Access-Dimensions.jpg 2000w\" sizes=\"auto, (max-width: 1024px) 100vw, 1024px\" \/><\/figure>\n<\/div>\n\n\n\n<div class=\"wp-block-column is-vertically-aligned-center is-layout-flow wp-block-column-is-layout-flow\">\n<h2 class=\"wp-block-heading\">Caract\u00e9ristiques<\/h2>\n\n\n\n<figure class=\"wp-block-table is-style-regular\"><table><thead><tr><th class=\"has-text-align-left\" data-align=\"left\">Dimensions<\/th><th class=\"has-text-align-left\" data-align=\"left\"><\/th><\/tr><\/thead><tbody><tr><td class=\"has-text-align-left\" data-align=\"left\"><strong>Largeur<\/strong><\/td><td class=\"has-text-align-left\" data-align=\"left\">28.5&Prime;<br\/>72.39 cm<\/td><\/tr><tr><td class=\"has-text-align-left\" data-align=\"left\"><strong>Hauteur<\/strong><\/td><td class=\"has-text-align-left\" data-align=\"left\">44&Prime;<br\/>111.76 cm<\/td><\/tr><tr><td class=\"has-text-align-left\" data-align=\"left\"><strong>Poids<\/strong><\/td><td class=\"has-text-align-left\" data-align=\"left\">24 lbs <br\/>11 kg<\/td><\/tr><\/tbody><\/table><\/figure>\n<\/div>\n<\/div>\n<\/div><\/div>\n<div id=features-listing-block_60707e5dfbb9c class=\"block-features-listing alignfull\">\n    <div class=\"header\">\n        \n\n<h2 class=\"card-heading wp-block-heading\">Caract\u00e9ristiques et Avantages<\/h2>\n\n\n    <\/div>\n\n                        <div class=\"features-list\">\n                                    <div class=\"features-row\">\n                        <div class=\"thumbnail\"><img loading=\"lazy\" decoding=\"async\" width=\"640\" height=\"480\" src=\"https:\/\/calftel.com\/wp-content\/uploads\/2021\/06\/Attachment-Feature.png\" class=\"attachment-large size-large wp-post-image\" alt=\"\" srcset=\"https:\/\/calftel.com\/wp-content\/uploads\/2021\/06\/Attachment-Feature.png 800w, https:\/\/calftel.com\/wp-content\/uploads\/2021\/06\/Attachment-Feature-300x225.png 300w, https:\/\/calftel.com\/wp-content\/uploads\/2021\/06\/Attachment-Feature-768x576.png 768w\" sizes=\"auto, (max-width: 640px) 100vw, 640px\" \/><\/div>\n                        <div class=\"content\">\n                            <!-- <h3>Direct Attach<\/h3> -->\n                            <div class=\"excerpt\"><!-- wp:heading {\"level\":3} -->\n<h3>Direct Attach<\/h3>\n<!-- \/wp:heading --><!-- wp:paragraph {\"translatedWithWPMLTM\":\"1\"} -->\n<p>Se fixe en toute simplicit\u00e9 directement sur la niche. Montage et d\u00e9montage rapides. <\/p>\n<!-- \/wp:paragraph --><\/div>\n                        <\/div>\n                    <\/div>\n                                    <div class=\"features-row\">\n                        <div class=\"thumbnail\"><img loading=\"lazy\" decoding=\"async\" width=\"640\" height=\"480\" src=\"https:\/\/calftel.com\/wp-content\/uploads\/2021\/06\/Secure-Lever.png\" class=\"attachment-large size-large wp-post-image\" alt=\"\" srcset=\"https:\/\/calftel.com\/wp-content\/uploads\/2021\/06\/Secure-Lever.png 800w, https:\/\/calftel.com\/wp-content\/uploads\/2021\/06\/Secure-Lever-300x225.png 300w, https:\/\/calftel.com\/wp-content\/uploads\/2021\/06\/Secure-Lever-768x576.png 768w\" sizes=\"auto, (max-width: 640px) 100vw, 640px\" \/><\/div>\n                        <div class=\"content\">\n                            <!-- <h3>Acc\u00e8s de Nice Direct Attach &#8211; Levier de S\u00e9curit\u00e9<\/h3> -->\n                            <div class=\"excerpt\"><!-- wp:heading {\"level\":3,\"translatedWithWPMLTM\":\"1\"} -->\n<h3>Levier de S\u00e9curit\u00e9<\/h3>\n<!-- \/wp:heading --><!-- wp:paragraph {\"translatedWithWPMLTM\":\"1\"} -->\n<p>Ouverture facile d&rsquo;une seule main.<\/p>\n<!-- \/wp:paragraph --><\/div>\n                        <\/div>\n                    <\/div>\n                                <\/div>\n            <\/div><div id=accessories-associated-listing-block_6070b6bd72643 class=\"block-accessories-associated-listing alignfull\">\n    <div class=\"header\">\n        \n\n<h2 class=\"card-heading wp-block-heading\">Accessoires Associ\u00e9s<\/h2>\n\n\n    <\/div>\n\n        <\/div>","protected":false},"excerpt":{"rendered":"<p>Un design tout-en-un offrant aux producteurs les avantages d&rsquo;un faible encombrement.<\/p>\n","protected":false},"featured_media":5335,"template":"","series":[165],"class_list":["post-8421","product","type-product","status-publish","has-post-thumbnail","hentry","series-serie-c"],"acf":[],"yoast_head":"<!-- This site is optimized with the Yoast SEO plugin v27.4 - https:\/\/yoast.com\/product\/yoast-seo-wordpress\/ -->\n<title>Portillon &quot;Elite Direct Attach&quot; - Calf-Tel<\/title>\n<meta name=\"robots\" content=\"index, follow, max-snippet:-1, max-image-preview:large, max-video-preview:-1\" \/>\n<link rel=\"canonical\" href=\"https:\/\/calftel.com\/fr\/product\/serie-c\/portillon-dacces-de-niche-elite-direct-attach\/\" \/>\n<meta property=\"og:locale\" content=\"fr_FR\" \/>\n<meta property=\"og:type\" content=\"article\" \/>\n<meta property=\"og:title\" content=\"Portillon &quot;Elite Direct Attach&quot; - Calf-Tel\" \/>\n<meta property=\"og:description\" content=\"Un design tout-en-un offrant aux producteurs les avantages d&#039;un faible encombrement.\" \/>\n<meta property=\"og:url\" content=\"https:\/\/calftel.com\/fr\/product\/serie-c\/portillon-dacces-de-niche-elite-direct-attach\/\" \/>\n<meta property=\"og:site_name\" content=\"Calf-Tel\" \/>\n<meta property=\"article:publisher\" content=\"https:\/\/www.facebook.com\/calftel\/\" \/>\n<meta property=\"article:modified_time\" content=\"2021-12-21T16:28:21+00:00\" \/>\n<meta property=\"og:image\" content=\"https:\/\/calftel.com\/wp-content\/uploads\/2021\/06\/Direct-Attach-Hutch-Access-Main-Image-1.png\" \/>\n\t<meta property=\"og:image:width\" content=\"1024\" \/>\n\t<meta property=\"og:image:height\" content=\"768\" \/>\n\t<meta property=\"og:image:type\" content=\"image\/png\" \/>\n<meta name=\"twitter:card\" content=\"summary_large_image\" \/>\n<meta name=\"twitter:label1\" content=\"Dur\u00e9e de lecture estim\u00e9e\" \/>\n\t<meta name=\"twitter:data1\" content=\"1 minute\" \/>\n<script type=\"application\/ld+json\" class=\"yoast-schema-graph\">{\"@context\":\"https:\\\/\\\/schema.org\",\"@graph\":[{\"@type\":[\"WebPage\",\"ItemPage\"],\"@id\":\"https:\\\/\\\/calftel.com\\\/fr\\\/product\\\/serie-c\\\/portillon-dacces-de-niche-elite-direct-attach\\\/\",\"url\":\"https:\\\/\\\/calftel.com\\\/fr\\\/product\\\/serie-c\\\/portillon-dacces-de-niche-elite-direct-attach\\\/\",\"name\":\"Portillon \\\"Elite Direct Attach\\\" - Calf-Tel\",\"isPartOf\":{\"@id\":\"https:\\\/\\\/calftel.com\\\/fr\\\/#website\"},\"primaryImageOfPage\":{\"@id\":\"https:\\\/\\\/calftel.com\\\/fr\\\/product\\\/serie-c\\\/portillon-dacces-de-niche-elite-direct-attach\\\/#primaryimage\"},\"image\":{\"@id\":\"https:\\\/\\\/calftel.com\\\/fr\\\/product\\\/serie-c\\\/portillon-dacces-de-niche-elite-direct-attach\\\/#primaryimage\"},\"thumbnailUrl\":\"https:\\\/\\\/calftel.com\\\/wp-content\\\/uploads\\\/2021\\\/06\\\/Direct-Attach-Hutch-Access-Main-Image-1.png\",\"datePublished\":\"2021-08-16T08:59:30+00:00\",\"dateModified\":\"2021-12-21T16:28:21+00:00\",\"breadcrumb\":{\"@id\":\"https:\\\/\\\/calftel.com\\\/fr\\\/product\\\/serie-c\\\/portillon-dacces-de-niche-elite-direct-attach\\\/#breadcrumb\"},\"inLanguage\":\"fr-FR\",\"potentialAction\":[{\"@type\":\"ReadAction\",\"target\":[\"https:\\\/\\\/calftel.com\\\/fr\\\/product\\\/serie-c\\\/portillon-dacces-de-niche-elite-direct-attach\\\/\"]}]},{\"@type\":\"ImageObject\",\"inLanguage\":\"fr-FR\",\"@id\":\"https:\\\/\\\/calftel.com\\\/fr\\\/product\\\/serie-c\\\/portillon-dacces-de-niche-elite-direct-attach\\\/#primaryimage\",\"url\":\"https:\\\/\\\/calftel.com\\\/wp-content\\\/uploads\\\/2021\\\/06\\\/Direct-Attach-Hutch-Access-Main-Image-1.png\",\"contentUrl\":\"https:\\\/\\\/calftel.com\\\/wp-content\\\/uploads\\\/2021\\\/06\\\/Direct-Attach-Hutch-Access-Main-Image-1.png\",\"width\":1024,\"height\":768},{\"@type\":\"BreadcrumbList\",\"@id\":\"https:\\\/\\\/calftel.com\\\/fr\\\/product\\\/serie-c\\\/portillon-dacces-de-niche-elite-direct-attach\\\/#breadcrumb\",\"itemListElement\":[{\"@type\":\"ListItem\",\"position\":1,\"name\":\"Home\",\"item\":\"https:\\\/\\\/calftel.com\\\/fr\\\/calf-housing\\\/\"},{\"@type\":\"ListItem\",\"position\":2,\"name\":\"S\u00e9rie C\",\"item\":\"https:\\\/\\\/calftel.com\\\/fr\\\/series\\\/serie-c\\\/\"},{\"@type\":\"ListItem\",\"position\":3,\"name\":\"Portillon &#8220;Elite Direct Attach&#8221;\"}]},{\"@type\":\"WebSite\",\"@id\":\"https:\\\/\\\/calftel.com\\\/fr\\\/#website\",\"url\":\"https:\\\/\\\/calftel.com\\\/fr\\\/\",\"name\":\"Calf-Tel\",\"description\":\"Calf Hutch Experts\",\"publisher\":{\"@id\":\"https:\\\/\\\/calftel.com\\\/fr\\\/#organization\"},\"potentialAction\":[{\"@type\":\"SearchAction\",\"target\":{\"@type\":\"EntryPoint\",\"urlTemplate\":\"https:\\\/\\\/calftel.com\\\/fr\\\/?s={search_term_string}\"},\"query-input\":{\"@type\":\"PropertyValueSpecification\",\"valueRequired\":true,\"valueName\":\"search_term_string\"}}],\"inLanguage\":\"fr-FR\"},{\"@type\":\"Organization\",\"@id\":\"https:\\\/\\\/calftel.com\\\/fr\\\/#organization\",\"name\":\"Calf-Tel by Hampel\",\"url\":\"https:\\\/\\\/calftel.com\\\/fr\\\/\",\"logo\":{\"@type\":\"ImageObject\",\"inLanguage\":\"fr-FR\",\"@id\":\"https:\\\/\\\/calftel.com\\\/fr\\\/#\\\/schema\\\/logo\\\/image\\\/\",\"url\":\"https:\\\/\\\/calftel.com\\\/wp-content\\\/uploads\\\/2021\\\/11\\\/Hampels-CalfTel-USA-EST-1981-Color.png\",\"contentUrl\":\"https:\\\/\\\/calftel.com\\\/wp-content\\\/uploads\\\/2021\\\/11\\\/Hampels-CalfTel-USA-EST-1981-Color.png\",\"width\":1080,\"height\":516,\"caption\":\"Calf-Tel by Hampel\"},\"image\":{\"@id\":\"https:\\\/\\\/calftel.com\\\/fr\\\/#\\\/schema\\\/logo\\\/image\\\/\"},\"sameAs\":[\"https:\\\/\\\/www.facebook.com\\\/calftel\\\/\",\"https:\\\/\\\/www.instagram.com\\\/calftel\\\/\",\"https:\\\/\\\/linkedin.com\\\/company\\\/calf-tel\\\/\",\"https:\\\/\\\/www.youtube.com\\\/channel\\\/UCq73euoWhx5k1kOjHBHXM_g\"]}]}<\/script>\n<!-- \/ Yoast SEO plugin. -->","yoast_head_json":{"title":"Portillon \"Elite Direct Attach\" - Calf-Tel","robots":{"index":"index","follow":"follow","max-snippet":"max-snippet:-1","max-image-preview":"max-image-preview:large","max-video-preview":"max-video-preview:-1"},"canonical":"https:\/\/calftel.com\/fr\/product\/serie-c\/portillon-dacces-de-niche-elite-direct-attach\/","og_locale":"fr_FR","og_type":"article","og_title":"Portillon \"Elite Direct Attach\" - Calf-Tel","og_description":"Un design tout-en-un offrant aux producteurs les avantages d'un faible encombrement.","og_url":"https:\/\/calftel.com\/fr\/product\/serie-c\/portillon-dacces-de-niche-elite-direct-attach\/","og_site_name":"Calf-Tel","article_publisher":"https:\/\/www.facebook.com\/calftel\/","article_modified_time":"2021-12-21T16:28:21+00:00","og_image":[{"width":1024,"height":768,"url":"https:\/\/calftel.com\/wp-content\/uploads\/2021\/06\/Direct-Attach-Hutch-Access-Main-Image-1.png","type":"image\/png"}],"twitter_card":"summary_large_image","twitter_misc":{"Dur\u00e9e de lecture estim\u00e9e":"1 minute"},"schema":{"@context":"https:\/\/schema.org","@graph":[{"@type":["WebPage","ItemPage"],"@id":"https:\/\/calftel.com\/fr\/product\/serie-c\/portillon-dacces-de-niche-elite-direct-attach\/","url":"https:\/\/calftel.com\/fr\/product\/serie-c\/portillon-dacces-de-niche-elite-direct-attach\/","name":"Portillon \"Elite Direct Attach\" - Calf-Tel","isPartOf":{"@id":"https:\/\/calftel.com\/fr\/#website"},"primaryImageOfPage":{"@id":"https:\/\/calftel.com\/fr\/product\/serie-c\/portillon-dacces-de-niche-elite-direct-attach\/#primaryimage"},"image":{"@id":"https:\/\/calftel.com\/fr\/product\/serie-c\/portillon-dacces-de-niche-elite-direct-attach\/#primaryimage"},"thumbnailUrl":"https:\/\/calftel.com\/wp-content\/uploads\/2021\/06\/Direct-Attach-Hutch-Access-Main-Image-1.png","datePublished":"2021-08-16T08:59:30+00:00","dateModified":"2021-12-21T16:28:21+00:00","breadcrumb":{"@id":"https:\/\/calftel.com\/fr\/product\/serie-c\/portillon-dacces-de-niche-elite-direct-attach\/#breadcrumb"},"inLanguage":"fr-FR","potentialAction":[{"@type":"ReadAction","target":["https:\/\/calftel.com\/fr\/product\/serie-c\/portillon-dacces-de-niche-elite-direct-attach\/"]}]},{"@type":"ImageObject","inLanguage":"fr-FR","@id":"https:\/\/calftel.com\/fr\/product\/serie-c\/portillon-dacces-de-niche-elite-direct-attach\/#primaryimage","url":"https:\/\/calftel.com\/wp-content\/uploads\/2021\/06\/Direct-Attach-Hutch-Access-Main-Image-1.png","contentUrl":"https:\/\/calftel.com\/wp-content\/uploads\/2021\/06\/Direct-Attach-Hutch-Access-Main-Image-1.png","width":1024,"height":768},{"@type":"BreadcrumbList","@id":"https:\/\/calftel.com\/fr\/product\/serie-c\/portillon-dacces-de-niche-elite-direct-attach\/#breadcrumb","itemListElement":[{"@type":"ListItem","position":1,"name":"Home","item":"https:\/\/calftel.com\/fr\/calf-housing\/"},{"@type":"ListItem","position":2,"name":"S\u00e9rie C","item":"https:\/\/calftel.com\/fr\/series\/serie-c\/"},{"@type":"ListItem","position":3,"name":"Portillon &#8220;Elite Direct Attach&#8221;"}]},{"@type":"WebSite","@id":"https:\/\/calftel.com\/fr\/#website","url":"https:\/\/calftel.com\/fr\/","name":"Calf-Tel","description":"Calf Hutch Experts","publisher":{"@id":"https:\/\/calftel.com\/fr\/#organization"},"potentialAction":[{"@type":"SearchAction","target":{"@type":"EntryPoint","urlTemplate":"https:\/\/calftel.com\/fr\/?s={search_term_string}"},"query-input":{"@type":"PropertyValueSpecification","valueRequired":true,"valueName":"search_term_string"}}],"inLanguage":"fr-FR"},{"@type":"Organization","@id":"https:\/\/calftel.com\/fr\/#organization","name":"Calf-Tel by Hampel","url":"https:\/\/calftel.com\/fr\/","logo":{"@type":"ImageObject","inLanguage":"fr-FR","@id":"https:\/\/calftel.com\/fr\/#\/schema\/logo\/image\/","url":"https:\/\/calftel.com\/wp-content\/uploads\/2021\/11\/Hampels-CalfTel-USA-EST-1981-Color.png","contentUrl":"https:\/\/calftel.com\/wp-content\/uploads\/2021\/11\/Hampels-CalfTel-USA-EST-1981-Color.png","width":1080,"height":516,"caption":"Calf-Tel by Hampel"},"image":{"@id":"https:\/\/calftel.com\/fr\/#\/schema\/logo\/image\/"},"sameAs":["https:\/\/www.facebook.com\/calftel\/","https:\/\/www.instagram.com\/calftel\/","https:\/\/linkedin.com\/company\/calf-tel\/","https:\/\/www.youtube.com\/channel\/UCq73euoWhx5k1kOjHBHXM_g"]}]}},"_links":{"self":[{"href":"https:\/\/calftel.com\/fr\/wp-json\/wp\/v2\/product\/8421","targetHints":{"allow":["GET"]}}],"collection":[{"href":"https:\/\/calftel.com\/fr\/wp-json\/wp\/v2\/product"}],"about":[{"href":"https:\/\/calftel.com\/fr\/wp-json\/wp\/v2\/types\/product"}],"wp:featuredmedia":[{"embeddable":true,"href":"https:\/\/calftel.com\/fr\/wp-json\/wp\/v2\/media\/5335"}],"wp:attachment":[{"href":"https:\/\/calftel.com\/fr\/wp-json\/wp\/v2\/media?parent=8421"}],"wp:term":[{"taxonomy":"series","embeddable":true,"href":"https:\/\/calftel.com\/fr\/wp-json\/wp\/v2\/series?post=8421"}],"curies":[{"name":"wp","href":"https:\/\/api.w.org\/{rel}","templated":true}]}}