{"id":8435,"date":"2021-08-16T13:13:14","date_gmt":"2021-08-16T13:13:14","guid":{"rendered":"https:\/\/calftel.local\/product\/%series%\/cloture-en-grillage-classique-classic-wire-fence\/"},"modified":"2021-10-18T07:16:07","modified_gmt":"2021-10-18T07:16:07","slug":"cloture-en-grillage-classique-classic-wire-fence","status":"publish","type":"product","link":"https:\/\/calftel.com\/fr\/product\/serie-c\/cloture-en-grillage-classique-classic-wire-fence\/","title":{"rendered":"Cl\u00f4ture en grillage classique (Classic Wire Fence)"},"content":{"rendered":"\n<div class=\"wp-block-cover alignfull has-background-dim-40 has-background-dim pattern-hero-product gt-remove-margin-top\"><img loading=\"lazy\" decoding=\"async\" width=\"2000\" height=\"600\" class=\"wp-block-cover__image-background wp-image-6808\" alt=\"\" src=\"https:\/\/calftel.com\/wp-content\/uploads\/2021\/05\/Classic-Wire-Fence-Hero-Image-1.jpg\" style=\"object-position:66% 13%\" data-object-fit=\"cover\" data-object-position=\"66% 13%\" srcset=\"https:\/\/calftel.com\/wp-content\/uploads\/2021\/05\/Classic-Wire-Fence-Hero-Image-1.jpg 2000w, https:\/\/calftel.com\/wp-content\/uploads\/2021\/05\/Classic-Wire-Fence-Hero-Image-1-300x90.jpg 300w, https:\/\/calftel.com\/wp-content\/uploads\/2021\/05\/Classic-Wire-Fence-Hero-Image-1-1024x307.jpg 1024w, https:\/\/calftel.com\/wp-content\/uploads\/2021\/05\/Classic-Wire-Fence-Hero-Image-1-768x230.jpg 768w, https:\/\/calftel.com\/wp-content\/uploads\/2021\/05\/Classic-Wire-Fence-Hero-Image-1-1536x461.jpg 1536w\" sizes=\"auto, (max-width: 2000px) 100vw, 2000px\" \/><div class=\"wp-block-cover__inner-container is-layout-flow wp-block-cover-is-layout-flow\">\n<p class=\"has-text-align-center hero-product-series gt-remove-margin-bottom\">S\u00e9rie C<\/p>\n\n\n\n<h1 class=\"alignwide has-text-align-center hero-product-name gt-remove-margin-top gt-remove-margin-bottom wp-block-heading\">Cl\u00f4ture en grillage classique (Classic Wire Fence)<\/h1>\n\n\n\n<p class=\"has-text-align-center hero-product-tagline gt-remove-margin-top\"><\/p>\n<\/div><\/div>\n\n<div class=\"wp-block-columns alignwide pattern-product-intro is-layout-flex wp-container-core-columns-is-layout-9d6595d7 wp-block-columns-is-layout-flex\">\n<div class=\"wp-block-column is-vertically-aligned-center is-layout-flow wp-block-column-is-layout-flow\" style=\"flex-basis:40%\">\n<h5 class=\"wp-block-heading\">Une cl\u00f4ture m\u00e9tallique grillag\u00e9e classique et standard.<\/h5>\n\n\n\n<p>Fabriqu\u00e9e en acier galvanis\u00e9 de diam\u00e8tre 1\/4&Prime;, la cl\u00f4ture Classic Wire Fence constitue un design \u00e0 la fois \u00e9conomique et pratique. Options disponibles : droit ou coup\u00e9-coud\u00e9, avec ou sans ouvertures d&rsquo;alimentation.<\/p>\n\n\n\n<ul class=\"wp-block-list\"><li>Compatible avec les mod\u00e8les de niches Calf-Tel 20|64, 24|74 et 35|85<\/li><li>L\u00e9ger, facile \u00e0 transporter et \u00e0 manipuler<\/li><li>Flux d&rsquo;air et ventilation de qualit\u00e9 sup\u00e9rieure<\/li><li>Se fixe \u00e0 la niche \u00e0 l&rsquo;aide de boulons et de tiges en L<\/li><\/ul>\n\n\n<div id=accessories-associated-listing-block_6074ebbb6e6ae class=\"block-product-docs alignwide\">\n                        <ul class=\"doc-listing\">\n                                    <li class=\"doc-item\">\n                        <a href=\"https:\/\/calftel.com\/wp-content\/uploads\/2021\/04\/L-Rod-to-Hutch-Fence-Attachment-Assembly-Instructions-2.pdf\" target=\"_blank\">\n                            <!--                                 Assembly Instructions\n                             -->\n                            L-Rod to Hutch &#8211; Fence Attachment Assembly Instructions                        <\/a>\n                    <\/li>\n                                    <li class=\"doc-item\">\n                        <a href=\"https:\/\/calftel.com\/wp-content\/uploads\/2021\/04\/Wire-Bottle-Holder-Hutch-Fence-Mount-Assembly-Instructions-2-1.pdf\" target=\"_blank\">\n                            <!--                                 Assembly Instructions\n                             -->\n                            Wire Bottle Holder Hutch &#038; Fence Mount Assembly Instructions                        <\/a>\n                    <\/li>\n                                <\/ul>\n            <\/div>\n\n\n<div class=\"wp-block-buttons is-layout-flex wp-block-buttons-is-layout-flex\">\n<div class=\"wp-block-button is-style-outline is-style-outline--1\"><a class=\"wp-block-button__link\" href=\"https:\/\/calf-tel.box.com\/s\/i3shgv2cu7wzs7th8dgs284kezcfjutc\">Consulter la Fiche Produit S\u00e9rie C (PDF)<\/a><\/div>\n<\/div>\n\n\n\n<div class=\"wp-block-buttons is-layout-flex wp-block-buttons-is-layout-flex\">\n<div class=\"wp-block-button is-style-fill\"><a class=\"wp-block-button__link has-very-dark-gray-color has-very-light-gray-background-color has-text-color has-background\" href=\"https:\/\/calftel.com\/fr\/produits\/accessories\/\">Acheter des Accessoires<\/a><\/div>\n\n\n\n<div class=\"wp-block-button is-style-secondary-fill\"><a class=\"wp-block-button__link\" href=\"\/personnalisation\">Personnalisation du Produit<\/a><\/div>\n<\/div>\n<\/div>\n\n\n\n<div class=\"wp-block-column is-vertically-aligned-center is-layout-flow wp-block-column-is-layout-flow\">\n<figure class=\"wp-block-image size-full is-style-zoom\"><img loading=\"lazy\" decoding=\"async\" width=\"1024\" height=\"768\" src=\"https:\/\/calftel.com\/wp-content\/uploads\/2021\/05\/Classic-Wire-Fence-1.png\" alt=\"\" class=\"wp-image-9615\" srcset=\"https:\/\/calftel.com\/wp-content\/uploads\/2021\/05\/Classic-Wire-Fence-1.png 1024w, https:\/\/calftel.com\/wp-content\/uploads\/2021\/05\/Classic-Wire-Fence-1-300x225.png 300w, https:\/\/calftel.com\/wp-content\/uploads\/2021\/05\/Classic-Wire-Fence-1-768x576.png 768w\" sizes=\"auto, (max-width: 1024px) 100vw, 1024px\" \/><\/figure>\n<\/div>\n<\/div>\n\n<figure class=\"wp-block-embed is-type-video is-provider-youtube wp-block-embed-youtube wp-embed-aspect-16-9 wp-has-aspect-ratio\"><div class=\"wp-block-embed__wrapper\">\n<iframe loading=\"lazy\" title=\"Calf-Tel New Containment Series\" width=\"640\" height=\"360\" src=\"https:\/\/www.youtube.com\/embed\/UpVBBN0RWac?feature=oembed\" frameborder=\"0\" allow=\"accelerometer; autoplay; clipboard-write; encrypted-media; gyroscope; picture-in-picture; web-share\" referrerpolicy=\"strict-origin-when-cross-origin\" allowfullscreen><\/iframe>\n<\/div><\/figure>\n\n<div class=\"wp-block-blockgallery-masonry alignwide\"><div class=\"blockgallery has-caption-style-dark has-gutter\"><ul class=\"has-grid-xlrg has-gutter-15 has-gutter-mobile-15\"><li class=\"blockgallery--item\"><figure class=\"blockgallery--figure\"><img loading=\"lazy\" decoding=\"async\" width=\"1024\" height=\"768\" src=\"https:\/\/calftel.com\/wp-content\/uploads\/2021\/05\/Classic-Wire-Fence.jpg\" alt=\"\" data-id=\"6774\" data-link=\"https:\/\/calftel.com\/product\/c-series\/classic-wire-fence\/classic-wire-fence-2\/\" class=\"wp-image-6775\" srcset=\"https:\/\/calftel.com\/wp-content\/uploads\/2021\/05\/Classic-Wire-Fence.jpg 1024w, https:\/\/calftel.com\/wp-content\/uploads\/2021\/05\/Classic-Wire-Fence-300x225.jpg 300w, https:\/\/calftel.com\/wp-content\/uploads\/2021\/05\/Classic-Wire-Fence-768x576.jpg 768w\" sizes=\"auto, (max-width: 1024px) 100vw, 1024px\" \/><\/figure><\/li><li class=\"blockgallery--item\"><figure class=\"blockgallery--figure\"><img loading=\"lazy\" decoding=\"async\" width=\"1024\" height=\"768\" src=\"https:\/\/calftel.com\/wp-content\/uploads\/2021\/05\/Untitled-5.jpg\" alt=\"\" data-id=\"6780\" data-link=\"https:\/\/calftel.com\/product\/c-series\/classic-wire-fence\/untitled-5-2\/\" class=\"wp-image-6781\" srcset=\"https:\/\/calftel.com\/wp-content\/uploads\/2021\/05\/Untitled-5.jpg 1024w, https:\/\/calftel.com\/wp-content\/uploads\/2021\/05\/Untitled-5-300x225.jpg 300w, https:\/\/calftel.com\/wp-content\/uploads\/2021\/05\/Untitled-5-768x576.jpg 768w\" sizes=\"auto, (max-width: 1024px) 100vw, 1024px\" \/><\/figure><\/li><\/ul><\/div><\/div>\n\n<div class=\"wp-block-group alignfull product-specifications\"><div class=\"wp-block-group__inner-container is-layout-flow wp-block-group-is-layout-flow\">\n<div class=\"wp-block-columns alignwide is-layout-flex wp-container-core-columns-is-layout-9d6595d7 wp-block-columns-is-layout-flex\">\n<div class=\"wp-block-column is-vertically-aligned-center is-layout-flow wp-block-column-is-layout-flow\" style=\"flex-basis:40%\">\n<figure class=\"wp-block-image size-full is-style-zoom\"><img loading=\"lazy\" decoding=\"async\" width=\"1024\" height=\"768\" src=\"https:\/\/calftel.com\/wp-content\/uploads\/2021\/05\/Classic-Wire-Fence-on-New-hutch.jpg\" alt=\"\" class=\"wp-image-9844\" srcset=\"https:\/\/calftel.com\/wp-content\/uploads\/2021\/05\/Classic-Wire-Fence-on-New-hutch.jpg 1024w, https:\/\/calftel.com\/wp-content\/uploads\/2021\/05\/Classic-Wire-Fence-on-New-hutch-300x225.jpg 300w, https:\/\/calftel.com\/wp-content\/uploads\/2021\/05\/Classic-Wire-Fence-on-New-hutch-768x576.jpg 768w\" sizes=\"auto, (max-width: 1024px) 100vw, 1024px\" \/><\/figure>\n<\/div>\n\n\n\n<div class=\"wp-block-column is-vertically-aligned-center is-layout-flow wp-block-column-is-layout-flow\">\n<h2 class=\"wp-block-heading\">Caract\u00e9ristiques<\/h2>\n\n\n\n<figure class=\"wp-block-table is-style-regular\"><table><thead><tr><th class=\"has-text-align-left\" data-align=\"left\">Dimensions<\/th><th class=\"has-text-align-left\" data-align=\"left\"><\/th><\/tr><\/thead><tbody><tr><td class=\"has-text-align-left\" data-align=\"left\"><strong>Longueur<\/strong><\/td><td class=\"has-text-align-left\" data-align=\"left\">72&Prime;<br\/>183 cm<\/td><\/tr><tr><td class=\"has-text-align-left\" data-align=\"left\"><strong>Largeur<\/strong><\/td><td class=\"has-text-align-left\" data-align=\"left\">48&Prime;<br\/>122 cm<\/td><\/tr><tr><td class=\"has-text-align-left\" data-align=\"left\"><strong>Hauteur<\/strong><\/td><td class=\"has-text-align-left\" data-align=\"left\">42&Prime;<br\/>107 cm<\/td><\/tr><tr><td class=\"has-text-align-left\" data-align=\"left\"><strong>Poids<\/strong><\/td><td class=\"has-text-align-left\" data-align=\"left\">32.5 lbs<br\/>14.7 kg<\/td><\/tr><\/tbody><\/table><\/figure>\n<\/div>\n<\/div>\n<\/div><\/div>\n<div id=features-listing-block_60707e5dfbb9c class=\"block-features-listing alignfull\">\n    <div class=\"header\">\n        \n\n<h2 class=\"card-heading wp-block-heading\">Caract\u00e9ristiques et Avantages<\/h2>\n\n\n    <\/div>\n\n                        <div class=\"features-list\">\n                                    <div class=\"features-row\">\n                        <div class=\"thumbnail\"><img loading=\"lazy\" decoding=\"async\" width=\"640\" height=\"480\" src=\"https:\/\/calftel.com\/wp-content\/uploads\/2021\/06\/Classic-Wire-Fence-Openings-01-1-1024x768.png\" class=\"attachment-large size-large wp-post-image\" alt=\"\" srcset=\"https:\/\/calftel.com\/wp-content\/uploads\/2021\/06\/Classic-Wire-Fence-Openings-01-1-1024x768.png 1024w, https:\/\/calftel.com\/wp-content\/uploads\/2021\/06\/Classic-Wire-Fence-Openings-01-1-300x225.png 300w, https:\/\/calftel.com\/wp-content\/uploads\/2021\/06\/Classic-Wire-Fence-Openings-01-1-768x576.png 768w, https:\/\/calftel.com\/wp-content\/uploads\/2021\/06\/Classic-Wire-Fence-Openings-01-1-1536x1152.png 1536w, https:\/\/calftel.com\/wp-content\/uploads\/2021\/06\/Classic-Wire-Fence-Openings-01-1-2048x1536.png 2048w\" sizes=\"auto, (max-width: 640px) 100vw, 640px\" \/><\/div>\n                        <div class=\"content\">\n                            <!-- <h3>Ouvertures d&rsquo;Alimentation &#8211; Cl\u00f4ture Classic Wire Fence<\/h3> -->\n                            <div class=\"excerpt\"><!-- wp:heading {\"level\":3,\"translatedWithWPMLTM\":\"1\"} -->\n<h3>Ouvertures d&rsquo;Alimentation<\/h3>\n<!-- \/wp:heading --><!-- wp:paragraph {\"translatedWithWPMLTM\":\"1\"} -->\n<p>Disponible avec ou sans ouvertures d&rsquo;alimentation. Les ouvertures d&rsquo;alimentation peuvent \u00eatre adapt\u00e9es pour \u00eatre c\u00f4te \u00e0 c\u00f4te ou d\u00e9cal\u00e9es.<\/p>\n<!-- \/wp:paragraph --><\/div>\n                        <\/div>\n                    <\/div>\n                                    <div class=\"features-row\">\n                        <div class=\"thumbnail\"><img loading=\"lazy\" decoding=\"async\" width=\"640\" height=\"480\" src=\"https:\/\/calftel.com\/wp-content\/uploads\/2021\/06\/L-Rod-Connection.png\" class=\"attachment-large size-large wp-post-image\" alt=\"\" srcset=\"https:\/\/calftel.com\/wp-content\/uploads\/2021\/06\/L-Rod-Connection.png 800w, https:\/\/calftel.com\/wp-content\/uploads\/2021\/06\/L-Rod-Connection-300x225.png 300w, https:\/\/calftel.com\/wp-content\/uploads\/2021\/06\/L-Rod-Connection-768x576.png 768w\" sizes=\"auto, (max-width: 640px) 100vw, 640px\" \/><\/div>\n                        <div class=\"content\">\n                            <!-- <h3>Tiges en L &#8211; Cl\u00f4ture Classic Wire Fence<\/h3> -->\n                            <div class=\"excerpt\"><!-- wp:heading {\"level\":3,\"translatedWithWPMLTM\":\"1\"} -->\n<h3>Tiges en L<\/h3>\n<!-- \/wp:heading --><!-- wp:paragraph {\"translatedWithWPMLTM\":\"1\"} -->\n<p>R\u00e9sistantes et simples d&rsquo;utilisation. Montage et d\u00e9montage rapides sur des niches \u00e0 veaux.<\/p>\n<!-- \/wp:paragraph --><\/div>\n                        <\/div>\n                    <\/div>\n                                <\/div>\n            <\/div><div id=accessories-associated-listing-block_6070b6bd72643 class=\"block-accessories-associated-listing alignfull\">\n    <div class=\"header\">\n        \n\n<h2 class=\"card-heading wp-block-heading\">Accessoires Associ\u00e9s<\/h2>\n\n\n    <\/div>\n\n        <\/div>","protected":false},"excerpt":{"rendered":"<p>L\u00e9g\u00e8re, facile \u00e0 transporter et \u00e0 manipuler, la cl\u00f4ture grillag\u00e9e Classic Wire Fence est \u00e0 la fois efficace pour le producteur et avantageuse pour l&rsquo;exploitation.<\/p>\n","protected":false},"featured_media":4363,"template":"","series":[165],"class_list":["post-8435","product","type-product","status-publish","has-post-thumbnail","hentry","series-serie-c"],"acf":[],"yoast_head":"<!-- This site is optimized with the Yoast SEO plugin v27.6 - https:\/\/yoast.com\/product\/yoast-seo-wordpress\/ -->\n<title>Cl\u00f4ture en grillage classique (Classic Wire Fence) - Calf-Tel<\/title>\n<meta name=\"robots\" content=\"index, follow, max-snippet:-1, max-image-preview:large, max-video-preview:-1\" \/>\n<link rel=\"canonical\" href=\"https:\/\/calftel.com\/fr\/product\/serie-c\/cloture-en-grillage-classique-classic-wire-fence\/\" \/>\n<meta property=\"og:locale\" content=\"fr_FR\" \/>\n<meta property=\"og:type\" content=\"article\" \/>\n<meta property=\"og:title\" content=\"Cl\u00f4ture en grillage classique (Classic Wire Fence) - Calf-Tel\" \/>\n<meta property=\"og:description\" content=\"L\u00e9g\u00e8re, facile \u00e0 transporter et \u00e0 manipuler, la cl\u00f4ture grillag\u00e9e Classic Wire Fence est \u00e0 la fois efficace pour le producteur et avantageuse pour l&#039;exploitation.\" \/>\n<meta property=\"og:url\" content=\"https:\/\/calftel.com\/fr\/product\/serie-c\/cloture-en-grillage-classique-classic-wire-fence\/\" \/>\n<meta property=\"og:site_name\" content=\"Calf-Tel\" \/>\n<meta property=\"article:publisher\" content=\"https:\/\/www.facebook.com\/calftel\/\" \/>\n<meta property=\"article:modified_time\" content=\"2021-10-18T07:16:07+00:00\" \/>\n<meta property=\"og:image\" content=\"https:\/\/calftel.com\/wp-content\/uploads\/2021\/05\/Classic-Wire-Fence.png\" \/>\n\t<meta property=\"og:image:width\" content=\"1024\" \/>\n\t<meta property=\"og:image:height\" content=\"768\" \/>\n\t<meta property=\"og:image:type\" content=\"image\/png\" \/>\n<meta name=\"twitter:card\" content=\"summary_large_image\" \/>\n<meta name=\"twitter:label1\" content=\"Dur\u00e9e de lecture estim\u00e9e\" \/>\n\t<meta name=\"twitter:data1\" content=\"1 minute\" \/>\n<script type=\"application\/ld+json\" class=\"yoast-schema-graph\">{\"@context\":\"https:\\\/\\\/schema.org\",\"@graph\":[{\"@type\":[\"WebPage\",\"ItemPage\"],\"@id\":\"https:\\\/\\\/calftel.com\\\/fr\\\/product\\\/serie-c\\\/cloture-en-grillage-classique-classic-wire-fence\\\/\",\"url\":\"https:\\\/\\\/calftel.com\\\/fr\\\/product\\\/serie-c\\\/cloture-en-grillage-classique-classic-wire-fence\\\/\",\"name\":\"Cl\u00f4ture en grillage classique (Classic Wire Fence) - Calf-Tel\",\"isPartOf\":{\"@id\":\"https:\\\/\\\/calftel.com\\\/fr\\\/#website\"},\"primaryImageOfPage\":{\"@id\":\"https:\\\/\\\/calftel.com\\\/fr\\\/product\\\/serie-c\\\/cloture-en-grillage-classique-classic-wire-fence\\\/#primaryimage\"},\"image\":{\"@id\":\"https:\\\/\\\/calftel.com\\\/fr\\\/product\\\/serie-c\\\/cloture-en-grillage-classique-classic-wire-fence\\\/#primaryimage\"},\"thumbnailUrl\":\"https:\\\/\\\/calftel.com\\\/wp-content\\\/uploads\\\/2021\\\/05\\\/Classic-Wire-Fence.png\",\"datePublished\":\"2021-08-16T13:13:14+00:00\",\"dateModified\":\"2021-10-18T07:16:07+00:00\",\"breadcrumb\":{\"@id\":\"https:\\\/\\\/calftel.com\\\/fr\\\/product\\\/serie-c\\\/cloture-en-grillage-classique-classic-wire-fence\\\/#breadcrumb\"},\"inLanguage\":\"fr-FR\",\"potentialAction\":[{\"@type\":\"ReadAction\",\"target\":[\"https:\\\/\\\/calftel.com\\\/fr\\\/product\\\/serie-c\\\/cloture-en-grillage-classique-classic-wire-fence\\\/\"]}]},{\"@type\":\"ImageObject\",\"inLanguage\":\"fr-FR\",\"@id\":\"https:\\\/\\\/calftel.com\\\/fr\\\/product\\\/serie-c\\\/cloture-en-grillage-classique-classic-wire-fence\\\/#primaryimage\",\"url\":\"https:\\\/\\\/calftel.com\\\/wp-content\\\/uploads\\\/2021\\\/05\\\/Classic-Wire-Fence.png\",\"contentUrl\":\"https:\\\/\\\/calftel.com\\\/wp-content\\\/uploads\\\/2021\\\/05\\\/Classic-Wire-Fence.png\",\"width\":1024,\"height\":768},{\"@type\":\"BreadcrumbList\",\"@id\":\"https:\\\/\\\/calftel.com\\\/fr\\\/product\\\/serie-c\\\/cloture-en-grillage-classique-classic-wire-fence\\\/#breadcrumb\",\"itemListElement\":[{\"@type\":\"ListItem\",\"position\":1,\"name\":\"Home\",\"item\":\"https:\\\/\\\/calftel.com\\\/fr\\\/calf-housing\\\/\"},{\"@type\":\"ListItem\",\"position\":2,\"name\":\"S\u00e9rie C\",\"item\":\"https:\\\/\\\/calftel.com\\\/fr\\\/series\\\/serie-c\\\/\"},{\"@type\":\"ListItem\",\"position\":3,\"name\":\"Cl\u00f4ture en grillage classique (Classic Wire Fence)\"}]},{\"@type\":\"WebSite\",\"@id\":\"https:\\\/\\\/calftel.com\\\/fr\\\/#website\",\"url\":\"https:\\\/\\\/calftel.com\\\/fr\\\/\",\"name\":\"Calf-Tel\",\"description\":\"Calf Hutch Experts\",\"publisher\":{\"@id\":\"https:\\\/\\\/calftel.com\\\/fr\\\/#organization\"},\"potentialAction\":[{\"@type\":\"SearchAction\",\"target\":{\"@type\":\"EntryPoint\",\"urlTemplate\":\"https:\\\/\\\/calftel.com\\\/fr\\\/?s={search_term_string}\"},\"query-input\":{\"@type\":\"PropertyValueSpecification\",\"valueRequired\":true,\"valueName\":\"search_term_string\"}}],\"inLanguage\":\"fr-FR\"},{\"@type\":\"Organization\",\"@id\":\"https:\\\/\\\/calftel.com\\\/fr\\\/#organization\",\"name\":\"Calf-Tel by Hampel\",\"url\":\"https:\\\/\\\/calftel.com\\\/fr\\\/\",\"logo\":{\"@type\":\"ImageObject\",\"inLanguage\":\"fr-FR\",\"@id\":\"https:\\\/\\\/calftel.com\\\/fr\\\/#\\\/schema\\\/logo\\\/image\\\/\",\"url\":\"https:\\\/\\\/calftel.com\\\/wp-content\\\/uploads\\\/2021\\\/11\\\/Hampels-CalfTel-USA-EST-1981-Color.png\",\"contentUrl\":\"https:\\\/\\\/calftel.com\\\/wp-content\\\/uploads\\\/2021\\\/11\\\/Hampels-CalfTel-USA-EST-1981-Color.png\",\"width\":1080,\"height\":516,\"caption\":\"Calf-Tel by Hampel\"},\"image\":{\"@id\":\"https:\\\/\\\/calftel.com\\\/fr\\\/#\\\/schema\\\/logo\\\/image\\\/\"},\"sameAs\":[\"https:\\\/\\\/www.facebook.com\\\/calftel\\\/\",\"https:\\\/\\\/www.instagram.com\\\/calftel\\\/\",\"https:\\\/\\\/linkedin.com\\\/company\\\/calf-tel\\\/\",\"https:\\\/\\\/www.youtube.com\\\/channel\\\/UCq73euoWhx5k1kOjHBHXM_g\"]}]}<\/script>\n<!-- \/ Yoast SEO plugin. -->","yoast_head_json":{"title":"Cl\u00f4ture en grillage classique (Classic Wire Fence) - Calf-Tel","robots":{"index":"index","follow":"follow","max-snippet":"max-snippet:-1","max-image-preview":"max-image-preview:large","max-video-preview":"max-video-preview:-1"},"canonical":"https:\/\/calftel.com\/fr\/product\/serie-c\/cloture-en-grillage-classique-classic-wire-fence\/","og_locale":"fr_FR","og_type":"article","og_title":"Cl\u00f4ture en grillage classique (Classic Wire Fence) - Calf-Tel","og_description":"L\u00e9g\u00e8re, facile \u00e0 transporter et \u00e0 manipuler, la cl\u00f4ture grillag\u00e9e Classic Wire Fence est \u00e0 la fois efficace pour le producteur et avantageuse pour l'exploitation.","og_url":"https:\/\/calftel.com\/fr\/product\/serie-c\/cloture-en-grillage-classique-classic-wire-fence\/","og_site_name":"Calf-Tel","article_publisher":"https:\/\/www.facebook.com\/calftel\/","article_modified_time":"2021-10-18T07:16:07+00:00","og_image":[{"width":1024,"height":768,"url":"https:\/\/calftel.com\/wp-content\/uploads\/2021\/05\/Classic-Wire-Fence.png","type":"image\/png"}],"twitter_card":"summary_large_image","twitter_misc":{"Dur\u00e9e de lecture estim\u00e9e":"1 minute"},"schema":{"@context":"https:\/\/schema.org","@graph":[{"@type":["WebPage","ItemPage"],"@id":"https:\/\/calftel.com\/fr\/product\/serie-c\/cloture-en-grillage-classique-classic-wire-fence\/","url":"https:\/\/calftel.com\/fr\/product\/serie-c\/cloture-en-grillage-classique-classic-wire-fence\/","name":"Cl\u00f4ture en grillage classique (Classic Wire Fence) - Calf-Tel","isPartOf":{"@id":"https:\/\/calftel.com\/fr\/#website"},"primaryImageOfPage":{"@id":"https:\/\/calftel.com\/fr\/product\/serie-c\/cloture-en-grillage-classique-classic-wire-fence\/#primaryimage"},"image":{"@id":"https:\/\/calftel.com\/fr\/product\/serie-c\/cloture-en-grillage-classique-classic-wire-fence\/#primaryimage"},"thumbnailUrl":"https:\/\/calftel.com\/wp-content\/uploads\/2021\/05\/Classic-Wire-Fence.png","datePublished":"2021-08-16T13:13:14+00:00","dateModified":"2021-10-18T07:16:07+00:00","breadcrumb":{"@id":"https:\/\/calftel.com\/fr\/product\/serie-c\/cloture-en-grillage-classique-classic-wire-fence\/#breadcrumb"},"inLanguage":"fr-FR","potentialAction":[{"@type":"ReadAction","target":["https:\/\/calftel.com\/fr\/product\/serie-c\/cloture-en-grillage-classique-classic-wire-fence\/"]}]},{"@type":"ImageObject","inLanguage":"fr-FR","@id":"https:\/\/calftel.com\/fr\/product\/serie-c\/cloture-en-grillage-classique-classic-wire-fence\/#primaryimage","url":"https:\/\/calftel.com\/wp-content\/uploads\/2021\/05\/Classic-Wire-Fence.png","contentUrl":"https:\/\/calftel.com\/wp-content\/uploads\/2021\/05\/Classic-Wire-Fence.png","width":1024,"height":768},{"@type":"BreadcrumbList","@id":"https:\/\/calftel.com\/fr\/product\/serie-c\/cloture-en-grillage-classique-classic-wire-fence\/#breadcrumb","itemListElement":[{"@type":"ListItem","position":1,"name":"Home","item":"https:\/\/calftel.com\/fr\/calf-housing\/"},{"@type":"ListItem","position":2,"name":"S\u00e9rie C","item":"https:\/\/calftel.com\/fr\/series\/serie-c\/"},{"@type":"ListItem","position":3,"name":"Cl\u00f4ture en grillage classique (Classic Wire Fence)"}]},{"@type":"WebSite","@id":"https:\/\/calftel.com\/fr\/#website","url":"https:\/\/calftel.com\/fr\/","name":"Calf-Tel","description":"Calf Hutch Experts","publisher":{"@id":"https:\/\/calftel.com\/fr\/#organization"},"potentialAction":[{"@type":"SearchAction","target":{"@type":"EntryPoint","urlTemplate":"https:\/\/calftel.com\/fr\/?s={search_term_string}"},"query-input":{"@type":"PropertyValueSpecification","valueRequired":true,"valueName":"search_term_string"}}],"inLanguage":"fr-FR"},{"@type":"Organization","@id":"https:\/\/calftel.com\/fr\/#organization","name":"Calf-Tel by Hampel","url":"https:\/\/calftel.com\/fr\/","logo":{"@type":"ImageObject","inLanguage":"fr-FR","@id":"https:\/\/calftel.com\/fr\/#\/schema\/logo\/image\/","url":"https:\/\/calftel.com\/wp-content\/uploads\/2021\/11\/Hampels-CalfTel-USA-EST-1981-Color.png","contentUrl":"https:\/\/calftel.com\/wp-content\/uploads\/2021\/11\/Hampels-CalfTel-USA-EST-1981-Color.png","width":1080,"height":516,"caption":"Calf-Tel by Hampel"},"image":{"@id":"https:\/\/calftel.com\/fr\/#\/schema\/logo\/image\/"},"sameAs":["https:\/\/www.facebook.com\/calftel\/","https:\/\/www.instagram.com\/calftel\/","https:\/\/linkedin.com\/company\/calf-tel\/","https:\/\/www.youtube.com\/channel\/UCq73euoWhx5k1kOjHBHXM_g"]}]}},"_links":{"self":[{"href":"https:\/\/calftel.com\/fr\/wp-json\/wp\/v2\/product\/8435","targetHints":{"allow":["GET"]}}],"collection":[{"href":"https:\/\/calftel.com\/fr\/wp-json\/wp\/v2\/product"}],"about":[{"href":"https:\/\/calftel.com\/fr\/wp-json\/wp\/v2\/types\/product"}],"wp:featuredmedia":[{"embeddable":true,"href":"https:\/\/calftel.com\/fr\/wp-json\/wp\/v2\/media\/4363"}],"wp:attachment":[{"href":"https:\/\/calftel.com\/fr\/wp-json\/wp\/v2\/media?parent=8435"}],"wp:term":[{"taxonomy":"series","embeddable":true,"href":"https:\/\/calftel.com\/fr\/wp-json\/wp\/v2\/series?post=8435"}],"curies":[{"name":"wp","href":"https:\/\/api.w.org\/{rel}","templated":true}]}}