{"id":8345,"date":"2021-08-12T19:01:29","date_gmt":"2021-08-12T19:01:29","guid":{"rendered":"https:\/\/calftel.local\/o-series\/"},"modified":"2021-12-14T22:03:34","modified_gmt":"2021-12-14T22:03:34","slug":"o-series","status":"publish","type":"page","link":"https:\/\/calftel.com\/pl\/produkty\/o-series\/","title":{"rendered":"O-Series"},"content":{"rendered":"\n<div class=\"wp-block-cover alignfull has-background-dim-40 has-background-dim pattern-hero-image gt-remove-margin-top\" style=\"min-height:530px;aspect-ratio:unset;\"><img loading=\"lazy\" decoding=\"async\" width=\"2000\" height=\"600\" class=\"wp-block-cover__image-background wp-image-6088\" alt=\"\" src=\"https:\/\/calftel.com\/wp-content\/uploads\/2021\/06\/Direct-Attach-Hutch-Access-Hero-Image-r.jpg\" style=\"object-position:67% 46%\" data-object-fit=\"cover\" data-object-position=\"67% 46%\" srcset=\"https:\/\/calftel.com\/wp-content\/uploads\/2021\/06\/Direct-Attach-Hutch-Access-Hero-Image-r.jpg 2000w, https:\/\/calftel.com\/wp-content\/uploads\/2021\/06\/Direct-Attach-Hutch-Access-Hero-Image-r-300x90.jpg 300w, https:\/\/calftel.com\/wp-content\/uploads\/2021\/06\/Direct-Attach-Hutch-Access-Hero-Image-r-1024x307.jpg 1024w, https:\/\/calftel.com\/wp-content\/uploads\/2021\/06\/Direct-Attach-Hutch-Access-Hero-Image-r-768x230.jpg 768w, https:\/\/calftel.com\/wp-content\/uploads\/2021\/06\/Direct-Attach-Hutch-Access-Hero-Image-r-1536x461.jpg 1536w\" sizes=\"auto, (max-width: 2000px) 100vw, 2000px\" \/><div class=\"wp-block-cover__inner-container is-layout-flow wp-block-cover-is-layout-flow\">\n<div class=\"wp-block-image gt-remove-margin-top gt-remove-margin-bottom\"><figure class=\"aligncenter size-full is-resized\"><img decoding=\"async\" src=\"https:\/\/calftel.com\/wp-content\/uploads\/2021\/09\/Icon_OSeries.svg\" alt=\"Outdoor Series\" class=\"wp-image-9661\" width=\"75\"\/><\/figure><\/div>\n\n\n\n<h1 class=\"has-text-align-center gt-remove-margin-top wp-block-heading\">O-Series<\/h1>\n<\/div><\/div>\n\n<div class=\"wp-block-group alignfull pattern-series-intro-images\"><div class=\"wp-block-group__inner-container is-layout-flow wp-block-group-is-layout-flow\">\n<div class=\"wp-block-columns alignwide is-layout-flex wp-container-core-columns-is-layout-9d6595d7 wp-block-columns-is-layout-flex\">\n<div class=\"wp-block-column is-vertically-aligned-center is-layout-flow wp-block-column-is-layout-flow\">\n<h2 class=\"gt-remove-margin-bottom wp-block-heading\">Kieruj\u0105c si\u0119 Twoimi celami.<\/h2>\n\n\n\n<p class=\"gt-remove-margin-top\"><strong>Budki dla ciel\u0105t serii O na ka\u017cd\u0105 kiesze\u0144 i potrzeby.<\/strong><\/p>\n\n\n\n<p>Bez wzgl\u0119du na wielko\u015b\u0107 i zakres prowadzonej dzia\u0142alno\u015bci, seria zewn\u0119trznych budek dla ciel\u0105t firmy Calf-Tel mo\u017ce pom\u00f3c poprawi\u0107 wydajno\u015b\u0107 pracy, zdrowie ciel\u0105t i og\u00f3ln\u0105 rentowno\u015b\u0107. Nasze budki dla ciel\u0105t i Elevated Calf System s\u0105 zaprojektowane tak, aby stanowi\u0142y idealne rozwi\u0105zanie dla Pa\u0144stwa dzia\u0142alno\u015bci.<\/p>\n<\/div>\n\n\n\n<div class=\"wp-block-column is-layout-flow wp-block-column-is-layout-flow\">\n<div class=\"wp-block-image is-style-default\"><figure class=\"alignleft size-large\"><img loading=\"lazy\" decoding=\"async\" width=\"1024\" height=\"768\" src=\"https:\/\/calftel.com\/wp-content\/uploads\/2021\/06\/O-Series-Main-Image-1.jpg\" alt=\"\" class=\"wp-image-6701\" srcset=\"https:\/\/calftel.com\/wp-content\/uploads\/2021\/06\/O-Series-Main-Image-1.jpg 1024w, https:\/\/calftel.com\/wp-content\/uploads\/2021\/06\/O-Series-Main-Image-1-300x225.jpg 300w, https:\/\/calftel.com\/wp-content\/uploads\/2021\/06\/O-Series-Main-Image-1-768x576.jpg 768w\" sizes=\"auto, (max-width: 1024px) 100vw, 1024px\" \/><\/figure><\/div>\n\n\n\n<p><\/p>\n<\/div>\n<\/div>\n\n\n\n<div class=\"wp-block-group alignfull\"><div class=\"wp-block-group__inner-container is-layout-flow wp-block-group-is-layout-flow\">\n<div class=\"wp-block-blockgallery-masonry alignwide\"><div class=\"blockgallery has-caption-style-dark has-gutter\"><ul class=\"has-grid-lrg has-gutter-15 has-gutter-mobile-15\"><li class=\"blockgallery--item\"><figure class=\"blockgallery--figure\"><img decoding=\"async\" src=\"https:\/\/calftel.com\/wp-content\/uploads\/2021\/05\/Paramount_Calves_IMG_0525.jpg\" alt=\"\" data-id=\"2026\" data-link=\"https:\/\/calftel.com\/products\/o-series\/paramount_calves_img_0525\/\" class=\"wp-image-2029\"><\/figure><\/li><li class=\"blockgallery--item\"><figure class=\"blockgallery--figure\"><img decoding=\"async\" src=\"https:\/\/calftel.com\/wp-content\/uploads\/2021\/05\/Paramount_Calves_IMG_0403.jpg\" alt=\"\" data-id=\"2008\" data-link=\"https:\/\/calftel.com\/products\/o-series\/paramount_calves_img_0403\/\" class=\"wp-image-2011\"><\/figure><\/li><li class=\"blockgallery--item\"><figure class=\"blockgallery--figure\"><img loading=\"lazy\" decoding=\"async\" width=\"1024\" height=\"683\" src=\"https:\/\/calftel.com\/wp-content\/uploads\/2021\/05\/IMG_5604-1024x683.jpg\" alt=\"\" data-id=\"1999\" data-link=\"https:\/\/calftel.com\/products\/o-series\/img_5604\/\" class=\"wp-image-2002\" srcset=\"https:\/\/calftel.com\/wp-content\/uploads\/2021\/05\/IMG_5604-1024x683.jpg 1024w, https:\/\/calftel.com\/wp-content\/uploads\/2021\/05\/IMG_5604-300x200.jpg 300w, https:\/\/calftel.com\/wp-content\/uploads\/2021\/05\/IMG_5604-768x512.jpg 768w, https:\/\/calftel.com\/wp-content\/uploads\/2021\/05\/IMG_5604-1536x1024.jpg 1536w, https:\/\/calftel.com\/wp-content\/uploads\/2021\/05\/IMG_5604-2048x1365.jpg 2048w\" sizes=\"auto, (max-width: 1024px) 100vw, 1024px\" \/><\/figure><\/li><li class=\"blockgallery--item\"><figure class=\"blockgallery--figure\"><img decoding=\"async\" src=\"https:\/\/calftel.com\/wp-content\/uploads\/2021\/05\/Calf-Tel-0394-Print.jpg\" alt=\"\" data-id=\"2032\" data-link=\"https:\/\/calftel.com\/products\/o-series\/calf-tel-0394-print\/\" class=\"wp-image-2035\"><\/figure><\/li><li class=\"blockgallery--item\"><figure class=\"blockgallery--figure\"><img decoding=\"async\" src=\"https:\/\/calftel.com\/wp-content\/uploads\/2021\/05\/Vir-Clar_Fondulac_IMG_6268.jpg\" alt=\"\" data-id=\"2018\" data-link=\"https:\/\/calftel.com\/products\/o-series\/vir-clar_fondulac_img_6268\/\" class=\"wp-image-2021\"><\/figure><\/li><\/ul><\/div><\/div>\n<\/div><\/div>\n<\/div><\/div>\n<div id=products-card-listing-block_606dcb4309438 class=\"block-products-card-listing alignwide large\">\n    <div class=\"header\">\n        \n\n<h2 class=\"card-heading wp-block-heading\">Produkty<\/h2>\n\n\n    <\/div>    \n    \t\n\t\n<\/div><div id=accessories-associated-listing-block_607cd501cdcf6 class=\"block-accessories-associated-listing alignfull\">\n    <div class=\"header\">\n        \n\n<h2 class=\"card-heading wp-block-heading\">Powi\u0105zane akcesoria<\/h2>\n\n\n    <\/div>\n\n        <\/div>","protected":false},"excerpt":{"rendered":"","protected":false},"author":14,"featured_media":0,"parent":12098,"menu_order":0,"comment_status":"closed","ping_status":"closed","template":"","meta":{"_acf_changed":false,"footnotes":""},"class_list":["post-8345","page","type-page","status-publish","hentry"],"acf":[],"yoast_head":"<!-- This site is optimized with the Yoast SEO plugin v27.1.1 - https:\/\/yoast.com\/product\/yoast-seo-wordpress\/ -->\n<title>O-Series - Calf-Tel<\/title>\n<meta name=\"robots\" content=\"index, follow, max-snippet:-1, max-image-preview:large, max-video-preview:-1\" \/>\n<link rel=\"canonical\" href=\"https:\/\/calftel.com\/pl\/produkty\/o-series\/\" \/>\n<meta property=\"og:locale\" content=\"pl_PL\" \/>\n<meta property=\"og:type\" content=\"article\" \/>\n<meta property=\"og:title\" content=\"O-Series - Calf-Tel\" \/>\n<meta property=\"og:url\" content=\"https:\/\/calftel.com\/pl\/produkty\/o-series\/\" \/>\n<meta property=\"og:site_name\" content=\"Calf-Tel\" \/>\n<meta property=\"article:publisher\" content=\"https:\/\/www.facebook.com\/calftel\/\" \/>\n<meta property=\"article:modified_time\" content=\"2021-12-14T22:03:34+00:00\" \/>\n<meta property=\"og:image\" content=\"https:\/\/calftel.com\/wp-content\/uploads\/2021\/06\/Direct-Attach-Hutch-Access-Hero-Image-r.jpg\" \/>\n<meta name=\"twitter:card\" content=\"summary_large_image\" \/>\n<script type=\"application\/ld+json\" class=\"yoast-schema-graph\">{\"@context\":\"https:\/\/schema.org\",\"@graph\":[{\"@type\":\"WebPage\",\"@id\":\"https:\/\/calftel.com\/pl\/produkty\/o-series\/\",\"url\":\"https:\/\/calftel.com\/pl\/produkty\/o-series\/\",\"name\":\"O-Series - Calf-Tel\",\"isPartOf\":{\"@id\":\"https:\/\/calftel.com\/pl\/#website\"},\"primaryImageOfPage\":{\"@id\":\"https:\/\/calftel.com\/pl\/produkty\/o-series\/#primaryimage\"},\"image\":{\"@id\":\"https:\/\/calftel.com\/pl\/produkty\/o-series\/#primaryimage\"},\"thumbnailUrl\":\"https:\/\/calftel.com\/wp-content\/uploads\/2021\/06\/Direct-Attach-Hutch-Access-Hero-Image-r.jpg\",\"datePublished\":\"2021-08-12T19:01:29+00:00\",\"dateModified\":\"2021-12-14T22:03:34+00:00\",\"breadcrumb\":{\"@id\":\"https:\/\/calftel.com\/pl\/produkty\/o-series\/#breadcrumb\"},\"inLanguage\":\"pl-PL\",\"potentialAction\":[{\"@type\":\"ReadAction\",\"target\":[\"https:\/\/calftel.com\/pl\/produkty\/o-series\/\"]}]},{\"@type\":\"ImageObject\",\"inLanguage\":\"pl-PL\",\"@id\":\"https:\/\/calftel.com\/pl\/produkty\/o-series\/#primaryimage\",\"url\":\"https:\/\/calftel.com\/wp-content\/uploads\/2021\/06\/Direct-Attach-Hutch-Access-Hero-Image-r.jpg\",\"contentUrl\":\"https:\/\/calftel.com\/wp-content\/uploads\/2021\/06\/Direct-Attach-Hutch-Access-Hero-Image-r.jpg\"},{\"@type\":\"BreadcrumbList\",\"@id\":\"https:\/\/calftel.com\/pl\/produkty\/o-series\/#breadcrumb\",\"itemListElement\":[{\"@type\":\"ListItem\",\"position\":1,\"name\":\"Home\",\"item\":\"https:\/\/calftel.com\/pl\/calf-housing\/\"},{\"@type\":\"ListItem\",\"position\":2,\"name\":\"Produkty\",\"item\":\"https:\/\/calftel.com\/pl\/produkty\/\"},{\"@type\":\"ListItem\",\"position\":3,\"name\":\"O-Series\"}]},{\"@type\":\"WebSite\",\"@id\":\"https:\/\/calftel.com\/pl\/#website\",\"url\":\"https:\/\/calftel.com\/pl\/\",\"name\":\"Calf-Tel\",\"description\":\"Calf Hutch Experts\",\"publisher\":{\"@id\":\"https:\/\/calftel.com\/pl\/#organization\"},\"potentialAction\":[{\"@type\":\"SearchAction\",\"target\":{\"@type\":\"EntryPoint\",\"urlTemplate\":\"https:\/\/calftel.com\/pl\/?s={search_term_string}\"},\"query-input\":{\"@type\":\"PropertyValueSpecification\",\"valueRequired\":true,\"valueName\":\"search_term_string\"}}],\"inLanguage\":\"pl-PL\"},{\"@type\":\"Organization\",\"@id\":\"https:\/\/calftel.com\/pl\/#organization\",\"name\":\"Calf-Tel by Hampel\",\"url\":\"https:\/\/calftel.com\/pl\/\",\"logo\":{\"@type\":\"ImageObject\",\"inLanguage\":\"pl-PL\",\"@id\":\"https:\/\/calftel.com\/pl\/#\/schema\/logo\/image\/\",\"url\":\"https:\/\/calftel.com\/wp-content\/uploads\/2021\/11\/Hampels-CalfTel-USA-EST-1981-Color.png\",\"contentUrl\":\"https:\/\/calftel.com\/wp-content\/uploads\/2021\/11\/Hampels-CalfTel-USA-EST-1981-Color.png\",\"width\":1080,\"height\":516,\"caption\":\"Calf-Tel by Hampel\"},\"image\":{\"@id\":\"https:\/\/calftel.com\/pl\/#\/schema\/logo\/image\/\"},\"sameAs\":[\"https:\/\/www.facebook.com\/calftel\/\",\"https:\/\/www.instagram.com\/calftel\/\",\"https:\/\/linkedin.com\/company\/calf-tel\/\",\"https:\/\/www.youtube.com\/channel\/UCq73euoWhx5k1kOjHBHXM_g\"]}]}<\/script>\n<!-- \/ Yoast SEO plugin. -->","yoast_head_json":{"title":"O-Series - Calf-Tel","robots":{"index":"index","follow":"follow","max-snippet":"max-snippet:-1","max-image-preview":"max-image-preview:large","max-video-preview":"max-video-preview:-1"},"canonical":"https:\/\/calftel.com\/pl\/produkty\/o-series\/","og_locale":"pl_PL","og_type":"article","og_title":"O-Series - Calf-Tel","og_url":"https:\/\/calftel.com\/pl\/produkty\/o-series\/","og_site_name":"Calf-Tel","article_publisher":"https:\/\/www.facebook.com\/calftel\/","article_modified_time":"2021-12-14T22:03:34+00:00","og_image":[{"url":"https:\/\/calftel.com\/wp-content\/uploads\/2021\/06\/Direct-Attach-Hutch-Access-Hero-Image-r.jpg","type":"","width":"","height":""}],"twitter_card":"summary_large_image","schema":{"@context":"https:\/\/schema.org","@graph":[{"@type":"WebPage","@id":"https:\/\/calftel.com\/pl\/produkty\/o-series\/","url":"https:\/\/calftel.com\/pl\/produkty\/o-series\/","name":"O-Series - Calf-Tel","isPartOf":{"@id":"https:\/\/calftel.com\/pl\/#website"},"primaryImageOfPage":{"@id":"https:\/\/calftel.com\/pl\/produkty\/o-series\/#primaryimage"},"image":{"@id":"https:\/\/calftel.com\/pl\/produkty\/o-series\/#primaryimage"},"thumbnailUrl":"https:\/\/calftel.com\/wp-content\/uploads\/2021\/06\/Direct-Attach-Hutch-Access-Hero-Image-r.jpg","datePublished":"2021-08-12T19:01:29+00:00","dateModified":"2021-12-14T22:03:34+00:00","breadcrumb":{"@id":"https:\/\/calftel.com\/pl\/produkty\/o-series\/#breadcrumb"},"inLanguage":"pl-PL","potentialAction":[{"@type":"ReadAction","target":["https:\/\/calftel.com\/pl\/produkty\/o-series\/"]}]},{"@type":"ImageObject","inLanguage":"pl-PL","@id":"https:\/\/calftel.com\/pl\/produkty\/o-series\/#primaryimage","url":"https:\/\/calftel.com\/wp-content\/uploads\/2021\/06\/Direct-Attach-Hutch-Access-Hero-Image-r.jpg","contentUrl":"https:\/\/calftel.com\/wp-content\/uploads\/2021\/06\/Direct-Attach-Hutch-Access-Hero-Image-r.jpg"},{"@type":"BreadcrumbList","@id":"https:\/\/calftel.com\/pl\/produkty\/o-series\/#breadcrumb","itemListElement":[{"@type":"ListItem","position":1,"name":"Home","item":"https:\/\/calftel.com\/pl\/calf-housing\/"},{"@type":"ListItem","position":2,"name":"Produkty","item":"https:\/\/calftel.com\/pl\/produkty\/"},{"@type":"ListItem","position":3,"name":"O-Series"}]},{"@type":"WebSite","@id":"https:\/\/calftel.com\/pl\/#website","url":"https:\/\/calftel.com\/pl\/","name":"Calf-Tel","description":"Calf Hutch Experts","publisher":{"@id":"https:\/\/calftel.com\/pl\/#organization"},"potentialAction":[{"@type":"SearchAction","target":{"@type":"EntryPoint","urlTemplate":"https:\/\/calftel.com\/pl\/?s={search_term_string}"},"query-input":{"@type":"PropertyValueSpecification","valueRequired":true,"valueName":"search_term_string"}}],"inLanguage":"pl-PL"},{"@type":"Organization","@id":"https:\/\/calftel.com\/pl\/#organization","name":"Calf-Tel by Hampel","url":"https:\/\/calftel.com\/pl\/","logo":{"@type":"ImageObject","inLanguage":"pl-PL","@id":"https:\/\/calftel.com\/pl\/#\/schema\/logo\/image\/","url":"https:\/\/calftel.com\/wp-content\/uploads\/2021\/11\/Hampels-CalfTel-USA-EST-1981-Color.png","contentUrl":"https:\/\/calftel.com\/wp-content\/uploads\/2021\/11\/Hampels-CalfTel-USA-EST-1981-Color.png","width":1080,"height":516,"caption":"Calf-Tel by Hampel"},"image":{"@id":"https:\/\/calftel.com\/pl\/#\/schema\/logo\/image\/"},"sameAs":["https:\/\/www.facebook.com\/calftel\/","https:\/\/www.instagram.com\/calftel\/","https:\/\/linkedin.com\/company\/calf-tel\/","https:\/\/www.youtube.com\/channel\/UCq73euoWhx5k1kOjHBHXM_g"]}]}},"_links":{"self":[{"href":"https:\/\/calftel.com\/pl\/wp-json\/wp\/v2\/pages\/8345","targetHints":{"allow":["GET"]}}],"collection":[{"href":"https:\/\/calftel.com\/pl\/wp-json\/wp\/v2\/pages"}],"about":[{"href":"https:\/\/calftel.com\/pl\/wp-json\/wp\/v2\/types\/page"}],"author":[{"embeddable":true,"href":"https:\/\/calftel.com\/pl\/wp-json\/wp\/v2\/users\/14"}],"replies":[{"embeddable":true,"href":"https:\/\/calftel.com\/pl\/wp-json\/wp\/v2\/comments?post=8345"}],"version-history":[{"count":0,"href":"https:\/\/calftel.com\/pl\/wp-json\/wp\/v2\/pages\/8345\/revisions"}],"up":[{"embeddable":true,"href":"https:\/\/calftel.com\/pl\/wp-json\/wp\/v2\/pages\/12098"}],"wp:attachment":[{"href":"https:\/\/calftel.com\/pl\/wp-json\/wp\/v2\/media?parent=8345"}],"curies":[{"name":"wp","href":"https:\/\/api.w.org\/{rel}","templated":true}]}}