{"id":9247,"date":"2021-09-02T13:21:11","date_gmt":"2021-09-02T13:21:11","guid":{"rendered":"https:\/\/calftel.com\/gwarancja\/"},"modified":"2022-06-06T19:43:27","modified_gmt":"2022-06-06T19:43:27","slug":"gwarancja","status":"publish","type":"page","link":"https:\/\/calftel.com\/pl\/gwarancja\/","title":{"rendered":"Gwarancja"},"content":{"rendered":"\n<h1 class=\"has-text-align-center wp-block-heading\">Gwarancja<\/h1>\n\n<h5 class=\"wp-block-heading\"><strong>Dziesi\u0119cioletnia ograniczona gwarancja na wszystkie budki i kojce<\/strong><\/h5>\n\n<p>Z dum\u0105 wspieramy nasze rzemios\u0142o 10-letni\u0105 ograniczon\u0105 gwarancj\u0105 na wszystkie produkty serii O, serii I, serii S i Group Housing.<\/p>\n\n<p>Uznaj\u0105c si\u0142\u0119, trwa\u0142o\u015b\u0107 i jako\u015b\u0107 linii produkt\u00f3w Calf-Tel, Calf-Tel jako pierwszy wprowadzi\u0142 10-letni\u0105 gwarancj\u0119 na swoje budki i kojce dla ciel\u0105t. Produkty Calf-Tel wytrzymuj\u0105 pr\u00f3b\u0119 czasu. Nierzadko mo\u017cna zobaczy\u0107 budki Calf-Tel wyprodukowane 25 lat temu, kt\u00f3re s\u0105 nadal u\u017cywane.<\/p>\n\n<h5 class=\"wp-block-heading\">Roczna gwarancja na akcesoria Calf-Tel<\/h5>\n\n<p>Calf-Tel oferuje roczn\u0105 gwarancj\u0119 od momentu zakupu na swoje akcesoria i produkty serii C. Uszkodzone lub wadliwe produkty zostan\u0105 wymienione w ca\u0142o\u015bci.<\/p>\n\n<p>Firma Hampel, producent Calf-Tel, posiada certyfikat ISO 9001:2015, mi\u0119dzynarodowy standard biznesowy przyj\u0119ty przez wiele kraj\u00f3w na ca\u0142ym \u015bwiecie. ISO okre\u015bla podej\u015bcie procesowe w celu poprawy skuteczno\u015bci systemu zarz\u0105dzania jako\u015bci\u0105 w firmie. Certyfikat firmy Hampel ustanawia procesy jako\u015bciowe zapewniaj\u0105ce terminowe dostawy najwy\u017cszej jako\u015bci cz\u0119\u015bci i rozwi\u0105za\u0144 projektowych. <\/p>\n\n<p>Skontaktuj si\u0119 z nami, aby pozna\u0107 szczeg\u00f3\u0142y.<\/p>\n","protected":false},"excerpt":{"rendered":"","protected":false},"author":14,"featured_media":0,"parent":0,"menu_order":0,"comment_status":"closed","ping_status":"closed","template":"","meta":{"_acf_changed":false,"footnotes":""},"class_list":["post-9247","page","type-page","status-publish","hentry"],"acf":[],"yoast_head":"<!-- This site is optimized with the Yoast SEO plugin v27.4 - https:\/\/yoast.com\/product\/yoast-seo-wordpress\/ -->\n<title>Gwarancja - Calf-Tel<\/title>\n<meta name=\"robots\" content=\"index, follow, max-snippet:-1, max-image-preview:large, max-video-preview:-1\" \/>\n<link rel=\"canonical\" href=\"https:\/\/calftel.com\/pl\/gwarancja\/\" \/>\n<meta property=\"og:locale\" content=\"pl_PL\" \/>\n<meta property=\"og:type\" content=\"article\" \/>\n<meta property=\"og:title\" content=\"Gwarancja - Calf-Tel\" \/>\n<meta property=\"og:url\" content=\"https:\/\/calftel.com\/pl\/gwarancja\/\" \/>\n<meta property=\"og:site_name\" content=\"Calf-Tel\" \/>\n<meta property=\"article:publisher\" content=\"https:\/\/www.facebook.com\/calftel\/\" \/>\n<meta property=\"article:modified_time\" content=\"2022-06-06T19:43:27+00:00\" \/>\n<meta name=\"twitter:card\" content=\"summary_large_image\" \/>\n<meta name=\"twitter:label1\" content=\"Szacowany czas czytania\" \/>\n\t<meta name=\"twitter:data1\" content=\"1 minuta\" \/>\n<script type=\"application\/ld+json\" class=\"yoast-schema-graph\">{\"@context\":\"https:\\\/\\\/schema.org\",\"@graph\":[{\"@type\":\"WebPage\",\"@id\":\"https:\\\/\\\/calftel.com\\\/pl\\\/gwarancja\\\/\",\"url\":\"https:\\\/\\\/calftel.com\\\/pl\\\/gwarancja\\\/\",\"name\":\"Gwarancja - Calf-Tel\",\"isPartOf\":{\"@id\":\"https:\\\/\\\/calftel.com\\\/pl\\\/#website\"},\"datePublished\":\"2021-09-02T13:21:11+00:00\",\"dateModified\":\"2022-06-06T19:43:27+00:00\",\"breadcrumb\":{\"@id\":\"https:\\\/\\\/calftel.com\\\/pl\\\/gwarancja\\\/#breadcrumb\"},\"inLanguage\":\"pl-PL\",\"potentialAction\":[{\"@type\":\"ReadAction\",\"target\":[\"https:\\\/\\\/calftel.com\\\/pl\\\/gwarancja\\\/\"]}]},{\"@type\":\"BreadcrumbList\",\"@id\":\"https:\\\/\\\/calftel.com\\\/pl\\\/gwarancja\\\/#breadcrumb\",\"itemListElement\":[{\"@type\":\"ListItem\",\"position\":1,\"name\":\"Home\",\"item\":\"https:\\\/\\\/calftel.com\\\/pl\\\/calf-housing\\\/\"},{\"@type\":\"ListItem\",\"position\":2,\"name\":\"Gwarancja\"}]},{\"@type\":\"WebSite\",\"@id\":\"https:\\\/\\\/calftel.com\\\/pl\\\/#website\",\"url\":\"https:\\\/\\\/calftel.com\\\/pl\\\/\",\"name\":\"Calf-Tel\",\"description\":\"Calf Hutch Experts\",\"publisher\":{\"@id\":\"https:\\\/\\\/calftel.com\\\/pl\\\/#organization\"},\"potentialAction\":[{\"@type\":\"SearchAction\",\"target\":{\"@type\":\"EntryPoint\",\"urlTemplate\":\"https:\\\/\\\/calftel.com\\\/pl\\\/?s={search_term_string}\"},\"query-input\":{\"@type\":\"PropertyValueSpecification\",\"valueRequired\":true,\"valueName\":\"search_term_string\"}}],\"inLanguage\":\"pl-PL\"},{\"@type\":\"Organization\",\"@id\":\"https:\\\/\\\/calftel.com\\\/pl\\\/#organization\",\"name\":\"Calf-Tel by Hampel\",\"url\":\"https:\\\/\\\/calftel.com\\\/pl\\\/\",\"logo\":{\"@type\":\"ImageObject\",\"inLanguage\":\"pl-PL\",\"@id\":\"https:\\\/\\\/calftel.com\\\/pl\\\/#\\\/schema\\\/logo\\\/image\\\/\",\"url\":\"https:\\\/\\\/calftel.com\\\/wp-content\\\/uploads\\\/2021\\\/11\\\/Hampels-CalfTel-USA-EST-1981-Color.png\",\"contentUrl\":\"https:\\\/\\\/calftel.com\\\/wp-content\\\/uploads\\\/2021\\\/11\\\/Hampels-CalfTel-USA-EST-1981-Color.png\",\"width\":1080,\"height\":516,\"caption\":\"Calf-Tel by Hampel\"},\"image\":{\"@id\":\"https:\\\/\\\/calftel.com\\\/pl\\\/#\\\/schema\\\/logo\\\/image\\\/\"},\"sameAs\":[\"https:\\\/\\\/www.facebook.com\\\/calftel\\\/\",\"https:\\\/\\\/www.instagram.com\\\/calftel\\\/\",\"https:\\\/\\\/linkedin.com\\\/company\\\/calf-tel\\\/\",\"https:\\\/\\\/www.youtube.com\\\/channel\\\/UCq73euoWhx5k1kOjHBHXM_g\"]}]}<\/script>\n<!-- \/ Yoast SEO plugin. -->","yoast_head_json":{"title":"Gwarancja - Calf-Tel","robots":{"index":"index","follow":"follow","max-snippet":"max-snippet:-1","max-image-preview":"max-image-preview:large","max-video-preview":"max-video-preview:-1"},"canonical":"https:\/\/calftel.com\/pl\/gwarancja\/","og_locale":"pl_PL","og_type":"article","og_title":"Gwarancja - Calf-Tel","og_url":"https:\/\/calftel.com\/pl\/gwarancja\/","og_site_name":"Calf-Tel","article_publisher":"https:\/\/www.facebook.com\/calftel\/","article_modified_time":"2022-06-06T19:43:27+00:00","twitter_card":"summary_large_image","twitter_misc":{"Szacowany czas czytania":"1 minuta"},"schema":{"@context":"https:\/\/schema.org","@graph":[{"@type":"WebPage","@id":"https:\/\/calftel.com\/pl\/gwarancja\/","url":"https:\/\/calftel.com\/pl\/gwarancja\/","name":"Gwarancja - Calf-Tel","isPartOf":{"@id":"https:\/\/calftel.com\/pl\/#website"},"datePublished":"2021-09-02T13:21:11+00:00","dateModified":"2022-06-06T19:43:27+00:00","breadcrumb":{"@id":"https:\/\/calftel.com\/pl\/gwarancja\/#breadcrumb"},"inLanguage":"pl-PL","potentialAction":[{"@type":"ReadAction","target":["https:\/\/calftel.com\/pl\/gwarancja\/"]}]},{"@type":"BreadcrumbList","@id":"https:\/\/calftel.com\/pl\/gwarancja\/#breadcrumb","itemListElement":[{"@type":"ListItem","position":1,"name":"Home","item":"https:\/\/calftel.com\/pl\/calf-housing\/"},{"@type":"ListItem","position":2,"name":"Gwarancja"}]},{"@type":"WebSite","@id":"https:\/\/calftel.com\/pl\/#website","url":"https:\/\/calftel.com\/pl\/","name":"Calf-Tel","description":"Calf Hutch Experts","publisher":{"@id":"https:\/\/calftel.com\/pl\/#organization"},"potentialAction":[{"@type":"SearchAction","target":{"@type":"EntryPoint","urlTemplate":"https:\/\/calftel.com\/pl\/?s={search_term_string}"},"query-input":{"@type":"PropertyValueSpecification","valueRequired":true,"valueName":"search_term_string"}}],"inLanguage":"pl-PL"},{"@type":"Organization","@id":"https:\/\/calftel.com\/pl\/#organization","name":"Calf-Tel by Hampel","url":"https:\/\/calftel.com\/pl\/","logo":{"@type":"ImageObject","inLanguage":"pl-PL","@id":"https:\/\/calftel.com\/pl\/#\/schema\/logo\/image\/","url":"https:\/\/calftel.com\/wp-content\/uploads\/2021\/11\/Hampels-CalfTel-USA-EST-1981-Color.png","contentUrl":"https:\/\/calftel.com\/wp-content\/uploads\/2021\/11\/Hampels-CalfTel-USA-EST-1981-Color.png","width":1080,"height":516,"caption":"Calf-Tel by Hampel"},"image":{"@id":"https:\/\/calftel.com\/pl\/#\/schema\/logo\/image\/"},"sameAs":["https:\/\/www.facebook.com\/calftel\/","https:\/\/www.instagram.com\/calftel\/","https:\/\/linkedin.com\/company\/calf-tel\/","https:\/\/www.youtube.com\/channel\/UCq73euoWhx5k1kOjHBHXM_g"]}]}},"_links":{"self":[{"href":"https:\/\/calftel.com\/pl\/wp-json\/wp\/v2\/pages\/9247","targetHints":{"allow":["GET"]}}],"collection":[{"href":"https:\/\/calftel.com\/pl\/wp-json\/wp\/v2\/pages"}],"about":[{"href":"https:\/\/calftel.com\/pl\/wp-json\/wp\/v2\/types\/page"}],"author":[{"embeddable":true,"href":"https:\/\/calftel.com\/pl\/wp-json\/wp\/v2\/users\/14"}],"replies":[{"embeddable":true,"href":"https:\/\/calftel.com\/pl\/wp-json\/wp\/v2\/comments?post=9247"}],"version-history":[{"count":0,"href":"https:\/\/calftel.com\/pl\/wp-json\/wp\/v2\/pages\/9247\/revisions"}],"wp:attachment":[{"href":"https:\/\/calftel.com\/pl\/wp-json\/wp\/v2\/media?parent=9247"}],"curies":[{"name":"wp","href":"https:\/\/api.w.org\/{rel}","templated":true}]}}