{"id":9687,"date":"2021-09-08T09:46:55","date_gmt":"2021-09-08T09:46:55","guid":{"rendered":"https:\/\/calftel.com\/zasady-wysylki\/"},"modified":"2021-09-08T09:48:15","modified_gmt":"2021-09-08T09:48:15","slug":"zasady-wysylki","status":"publish","type":"page","link":"https:\/\/calftel.com\/pl\/zasady-wysylki\/","title":{"rendered":"Zasady wysy\u0142ki"},"content":{"rendered":"\n<h1 class=\"has-text-align-center wp-block-heading\">Zasady wysy\u0142ki<\/h1>\n\n<p>Dzi\u0119kujemy za odwiedziny i zakupy na Calf-Tel.com. Poni\u017cej znajduj\u0105 si\u0119 warunki, kt\u00f3re stanowi\u0105 nasz\u0105 Polityk\u0119 wysy\u0142kow\u0105.Following are the terms and conditions that constitute our Shipping Policy.<\/p>\n\n<h3 class=\"wp-block-heading\">Zasady wysy\u0142ki krajowej<\/h3>\n\n<h5 class=\"wp-block-heading\"><strong>Czas realizacji wysy\u0142ki<\/strong><\/h5>\n\n<p>Wszystkie zam\u00f3wienia na Calf-Tel.com s\u0105 realizowane w ci\u0105gu 1-2 dni roboczych. Zam\u00f3wienia z Calf-Tel.com nie s\u0105 wysy\u0142ane lub dostarczane w weekendy lub \u015bwi\u0119ta. Czas zako\u0144czenia wysy\u0142ki to 15:00 CST. Zam\u00f3wienia z\u0142o\u017cone na Calf-Tel.com po godzinie 15:00 CST zostan\u0105 zrealizowane nast\u0119pnego dnia roboczego. Wszystkie terminy wysy\u0142ki s\u0105 do czasu weryfikacji karty kredytowej dla towar\u00f3w w magazynie. Prosz\u0119 pozwoli\u0107 na 1-2 dni robocze, aby zam\u00f3wienie zosta\u0142o przetworzone przed wysy\u0142k\u0105.<\/p>\n\n<p>Je\u015bli mamy do czynienia z du\u017c\u0105 ilo\u015bci\u0105 zam\u00f3wie\u0144 online, przesy\u0142ki mog\u0105 by\u0107 op\u00f3\u017anione o kilka dni. Prosimy o uwzgl\u0119dnienie dodatkowych dni na przesy\u0142k\u0119. Je\u015bli nast\u0105pi znaczne op\u00f3\u017anienie w wysy\u0142ce Twojego zam\u00f3wienia, skontaktujemy si\u0119 z Tob\u0105 drog\u0105 mailow\u0105 lub telefoniczn\u0105.<\/p>\n\n<p>Je\u015bli przewidujemy d\u0142u\u017cszy czas realizacji zam\u00f3wienia, b\u0119dzie to zaznaczone w opisie przedmiotu.<\/p>\n\n<h5 class=\"wp-block-heading\">Ceny wysy\u0142ki i szacunki dotycz\u0105ce dostawy<\/h5>\n\n<p>Koszty wysy\u0142ki dla Twojego zam\u00f3wienia zostan\u0105 obliczone i wy\u015bwietlone przy kasie.<br\/>Wszystkie przesy\u0142ki b\u0119d\u0105 wysy\u0142ane Ground przez przewo\u017anika z najlepsz\u0105 mo\u017cliw\u0105 stawk\u0119 w oparciu o region.<br\/>Op\u00f3\u017anienia w dostawie mog\u0105 si\u0119 sporadycznie zdarza\u0107.<\/p>\n\n<h5 class=\"wp-block-heading\">Adresy przesy\u0142ek<\/h5>\n\n<p>Calf-Tel.com dostarcza produkty na adresy w obr\u0119bie kontynentalnej cz\u0119\u015bci Stan\u00f3w Zjednoczonych.<\/p>\n\n<ul class=\"wp-block-list\"><li>Zam\u00f3wienia nie mog\u0105 by\u0107 wysy\u0142ane na adresy skrytek pocztowych.<\/li><li>Obecnie nie wysy\u0142amy na Hawaje, Alask\u0119 i terytoria USA.<\/li><li>Zam\u00f3wienia s\u0105 wysy\u0142ane tylko w dni robocze, czyli od poniedzia\u0142ku do pi\u0105tku.<\/li><\/ul>\n\n<h5 class=\"wp-block-heading\">Potwierdzenie wysy\u0142ki i \u015bledzenie zam\u00f3wienia<\/h5>\n\n<p>Po wys\u0142aniu zam\u00f3wienia otrzymasz wiadomo\u015b\u0107 e-mail z potwierdzeniem wysy\u0142ki, zawieraj\u0105c\u0105 numer(y) \u015bledzenia przesy\u0142ki. Numer \u015bledzenia b\u0119dzie aktywny w ci\u0105gu 24 godzin.<\/p>\n\n<h5 class=\"wp-block-heading\">C\u0142a, op\u0142aty i podatki<\/h5>\n\n<p>Calf-Tel.com nie ponosi odpowiedzialno\u015bci za c\u0142o i podatki na\u0142o\u017cone na zam\u00f3wienie. Wszystkie op\u0142aty na\u0142o\u017cone w trakcie lub po wysy\u0142ce s\u0105 obowi\u0105zkiem klienta (taryfy, podatki, itp.).<\/p>\n\n<h5 class=\"wp-block-heading\">Uszkodzenia<\/h5>\n\n<p>Calf-Tel.com nie ponosi odpowiedzialno\u015bci za produkty uszkodzone lub zagubione podczas transportu. Je\u015bli otrzymane zam\u00f3wienie jest uszkodzone, prosimy o kontakt z przewo\u017anikiem w celu z\u0142o\u017cenia reklamacji.<\/p>\n\n<p>Prosimy o zachowanie wszystkich materia\u0142\u00f3w opakowaniowych i uszkodzonych towar\u00f3w przed zg\u0142oszeniem reklamacji.<\/p>\n\n<h5 class=\"wp-block-heading\">Zasady wysy\u0142ki mi\u0119dzynarodowej<\/h5>\n\n<p>Obecnie nie wysy\u0142amy zam\u00f3wie\u0144 online poza granice Stan\u00f3w Zjednoczonych.<\/p>\n\n<h5 class=\"wp-block-heading\">Polityka zwrot\u00f3w towar\u00f3w<\/h5>\n\n<p>Nasze zasady dotycz\u0105ce zwrot\u00f3w i refundacji zawieraj\u0105 szczeg\u00f3\u0142owe informacje na temat opcji i procedur zwrotu zam\u00f3wienia.<\/p>\n\n<h5 class=\"wp-block-heading\">Prosz\u0119 zwr\u00f3ci\u0107 uwag\u0119<\/h5>\n\n<ul class=\"wp-block-list\"><li>Otrzymasz zam\u00f3wienie w ci\u0105gu 5-10 dni roboczych od daty jego wys\u0142ania, a nie od daty z\u0142o\u017cenia zam\u00f3wienia.<\/li><li>Po autoryzacji i weryfikacji p\u0142atno\u015bci, przetwarzanie zam\u00f3wienia w naszym magazynie mo\u017ce potrwa\u0107 do dw\u00f3ch dni roboczych.<\/li><li>Zam\u00f3wienia, kt\u00f3re zosta\u0142y oflagowane przez system (SF) mog\u0105 zosta\u0107 poproszone o weryfikacj\u0119 dodatkowych informacji i nie ponosimy odpowiedzialno\u015bci za op\u00f3\u017anienia w realizacji zam\u00f3wienia.<\/li><li>Do dni roboczych nie wlicza si\u0119 weekend\u00f3w ani \u015bwi\u0105t. Zam\u00f3wienia z\u0142o\u017cone w pi\u0105tek po godzinie 12:00 CST lub w weekend rozpoczn\u0105 realizacj\u0119 w nast\u0119pny poniedzia\u0142ek.<\/li><\/ul>\n","protected":false},"excerpt":{"rendered":"","protected":false},"author":14,"featured_media":0,"parent":0,"menu_order":0,"comment_status":"closed","ping_status":"closed","template":"","meta":{"_acf_changed":false,"footnotes":""},"class_list":["post-9687","page","type-page","status-publish","hentry"],"acf":[],"yoast_head":"<!-- This site is optimized with the Yoast SEO plugin v27.4 - https:\/\/yoast.com\/product\/yoast-seo-wordpress\/ -->\n<title>Zasady wysy\u0142ki - Calf-Tel<\/title>\n<meta name=\"robots\" content=\"index, follow, max-snippet:-1, max-image-preview:large, max-video-preview:-1\" \/>\n<link rel=\"canonical\" href=\"https:\/\/calftel.com\/pl\/zasady-wysylki\/\" \/>\n<meta property=\"og:locale\" content=\"pl_PL\" \/>\n<meta property=\"og:type\" content=\"article\" \/>\n<meta property=\"og:title\" content=\"Zasady wysy\u0142ki - Calf-Tel\" \/>\n<meta property=\"og:url\" content=\"https:\/\/calftel.com\/pl\/zasady-wysylki\/\" \/>\n<meta property=\"og:site_name\" content=\"Calf-Tel\" \/>\n<meta property=\"article:publisher\" content=\"https:\/\/www.facebook.com\/calftel\/\" \/>\n<meta property=\"article:modified_time\" content=\"2021-09-08T09:48:15+00:00\" \/>\n<meta name=\"twitter:card\" content=\"summary_large_image\" \/>\n<meta name=\"twitter:label1\" content=\"Szacowany czas czytania\" \/>\n\t<meta name=\"twitter:data1\" content=\"3 minuty\" \/>\n<script type=\"application\/ld+json\" class=\"yoast-schema-graph\">{\"@context\":\"https:\\\/\\\/schema.org\",\"@graph\":[{\"@type\":\"WebPage\",\"@id\":\"https:\\\/\\\/calftel.com\\\/pl\\\/zasady-wysylki\\\/\",\"url\":\"https:\\\/\\\/calftel.com\\\/pl\\\/zasady-wysylki\\\/\",\"name\":\"Zasady wysy\u0142ki - Calf-Tel\",\"isPartOf\":{\"@id\":\"https:\\\/\\\/calftel.com\\\/pl\\\/#website\"},\"datePublished\":\"2021-09-08T09:46:55+00:00\",\"dateModified\":\"2021-09-08T09:48:15+00:00\",\"breadcrumb\":{\"@id\":\"https:\\\/\\\/calftel.com\\\/pl\\\/zasady-wysylki\\\/#breadcrumb\"},\"inLanguage\":\"pl-PL\",\"potentialAction\":[{\"@type\":\"ReadAction\",\"target\":[\"https:\\\/\\\/calftel.com\\\/pl\\\/zasady-wysylki\\\/\"]}]},{\"@type\":\"BreadcrumbList\",\"@id\":\"https:\\\/\\\/calftel.com\\\/pl\\\/zasady-wysylki\\\/#breadcrumb\",\"itemListElement\":[{\"@type\":\"ListItem\",\"position\":1,\"name\":\"Home\",\"item\":\"https:\\\/\\\/calftel.com\\\/pl\\\/calf-housing\\\/\"},{\"@type\":\"ListItem\",\"position\":2,\"name\":\"Zasady wysy\u0142ki\"}]},{\"@type\":\"WebSite\",\"@id\":\"https:\\\/\\\/calftel.com\\\/pl\\\/#website\",\"url\":\"https:\\\/\\\/calftel.com\\\/pl\\\/\",\"name\":\"Calf-Tel\",\"description\":\"Calf Hutch Experts\",\"publisher\":{\"@id\":\"https:\\\/\\\/calftel.com\\\/pl\\\/#organization\"},\"potentialAction\":[{\"@type\":\"SearchAction\",\"target\":{\"@type\":\"EntryPoint\",\"urlTemplate\":\"https:\\\/\\\/calftel.com\\\/pl\\\/?s={search_term_string}\"},\"query-input\":{\"@type\":\"PropertyValueSpecification\",\"valueRequired\":true,\"valueName\":\"search_term_string\"}}],\"inLanguage\":\"pl-PL\"},{\"@type\":\"Organization\",\"@id\":\"https:\\\/\\\/calftel.com\\\/pl\\\/#organization\",\"name\":\"Calf-Tel by Hampel\",\"url\":\"https:\\\/\\\/calftel.com\\\/pl\\\/\",\"logo\":{\"@type\":\"ImageObject\",\"inLanguage\":\"pl-PL\",\"@id\":\"https:\\\/\\\/calftel.com\\\/pl\\\/#\\\/schema\\\/logo\\\/image\\\/\",\"url\":\"https:\\\/\\\/calftel.com\\\/wp-content\\\/uploads\\\/2021\\\/11\\\/Hampels-CalfTel-USA-EST-1981-Color.png\",\"contentUrl\":\"https:\\\/\\\/calftel.com\\\/wp-content\\\/uploads\\\/2021\\\/11\\\/Hampels-CalfTel-USA-EST-1981-Color.png\",\"width\":1080,\"height\":516,\"caption\":\"Calf-Tel by Hampel\"},\"image\":{\"@id\":\"https:\\\/\\\/calftel.com\\\/pl\\\/#\\\/schema\\\/logo\\\/image\\\/\"},\"sameAs\":[\"https:\\\/\\\/www.facebook.com\\\/calftel\\\/\",\"https:\\\/\\\/www.instagram.com\\\/calftel\\\/\",\"https:\\\/\\\/linkedin.com\\\/company\\\/calf-tel\\\/\",\"https:\\\/\\\/www.youtube.com\\\/channel\\\/UCq73euoWhx5k1kOjHBHXM_g\"]}]}<\/script>\n<!-- \/ Yoast SEO plugin. -->","yoast_head_json":{"title":"Zasady wysy\u0142ki - Calf-Tel","robots":{"index":"index","follow":"follow","max-snippet":"max-snippet:-1","max-image-preview":"max-image-preview:large","max-video-preview":"max-video-preview:-1"},"canonical":"https:\/\/calftel.com\/pl\/zasady-wysylki\/","og_locale":"pl_PL","og_type":"article","og_title":"Zasady wysy\u0142ki - Calf-Tel","og_url":"https:\/\/calftel.com\/pl\/zasady-wysylki\/","og_site_name":"Calf-Tel","article_publisher":"https:\/\/www.facebook.com\/calftel\/","article_modified_time":"2021-09-08T09:48:15+00:00","twitter_card":"summary_large_image","twitter_misc":{"Szacowany czas czytania":"3 minuty"},"schema":{"@context":"https:\/\/schema.org","@graph":[{"@type":"WebPage","@id":"https:\/\/calftel.com\/pl\/zasady-wysylki\/","url":"https:\/\/calftel.com\/pl\/zasady-wysylki\/","name":"Zasady wysy\u0142ki - Calf-Tel","isPartOf":{"@id":"https:\/\/calftel.com\/pl\/#website"},"datePublished":"2021-09-08T09:46:55+00:00","dateModified":"2021-09-08T09:48:15+00:00","breadcrumb":{"@id":"https:\/\/calftel.com\/pl\/zasady-wysylki\/#breadcrumb"},"inLanguage":"pl-PL","potentialAction":[{"@type":"ReadAction","target":["https:\/\/calftel.com\/pl\/zasady-wysylki\/"]}]},{"@type":"BreadcrumbList","@id":"https:\/\/calftel.com\/pl\/zasady-wysylki\/#breadcrumb","itemListElement":[{"@type":"ListItem","position":1,"name":"Home","item":"https:\/\/calftel.com\/pl\/calf-housing\/"},{"@type":"ListItem","position":2,"name":"Zasady wysy\u0142ki"}]},{"@type":"WebSite","@id":"https:\/\/calftel.com\/pl\/#website","url":"https:\/\/calftel.com\/pl\/","name":"Calf-Tel","description":"Calf Hutch Experts","publisher":{"@id":"https:\/\/calftel.com\/pl\/#organization"},"potentialAction":[{"@type":"SearchAction","target":{"@type":"EntryPoint","urlTemplate":"https:\/\/calftel.com\/pl\/?s={search_term_string}"},"query-input":{"@type":"PropertyValueSpecification","valueRequired":true,"valueName":"search_term_string"}}],"inLanguage":"pl-PL"},{"@type":"Organization","@id":"https:\/\/calftel.com\/pl\/#organization","name":"Calf-Tel by Hampel","url":"https:\/\/calftel.com\/pl\/","logo":{"@type":"ImageObject","inLanguage":"pl-PL","@id":"https:\/\/calftel.com\/pl\/#\/schema\/logo\/image\/","url":"https:\/\/calftel.com\/wp-content\/uploads\/2021\/11\/Hampels-CalfTel-USA-EST-1981-Color.png","contentUrl":"https:\/\/calftel.com\/wp-content\/uploads\/2021\/11\/Hampels-CalfTel-USA-EST-1981-Color.png","width":1080,"height":516,"caption":"Calf-Tel by Hampel"},"image":{"@id":"https:\/\/calftel.com\/pl\/#\/schema\/logo\/image\/"},"sameAs":["https:\/\/www.facebook.com\/calftel\/","https:\/\/www.instagram.com\/calftel\/","https:\/\/linkedin.com\/company\/calf-tel\/","https:\/\/www.youtube.com\/channel\/UCq73euoWhx5k1kOjHBHXM_g"]}]}},"_links":{"self":[{"href":"https:\/\/calftel.com\/pl\/wp-json\/wp\/v2\/pages\/9687","targetHints":{"allow":["GET"]}}],"collection":[{"href":"https:\/\/calftel.com\/pl\/wp-json\/wp\/v2\/pages"}],"about":[{"href":"https:\/\/calftel.com\/pl\/wp-json\/wp\/v2\/types\/page"}],"author":[{"embeddable":true,"href":"https:\/\/calftel.com\/pl\/wp-json\/wp\/v2\/users\/14"}],"replies":[{"embeddable":true,"href":"https:\/\/calftel.com\/pl\/wp-json\/wp\/v2\/comments?post=9687"}],"version-history":[{"count":0,"href":"https:\/\/calftel.com\/pl\/wp-json\/wp\/v2\/pages\/9687\/revisions"}],"wp:attachment":[{"href":"https:\/\/calftel.com\/pl\/wp-json\/wp\/v2\/media?parent=9687"}],"curies":[{"name":"wp","href":"https:\/\/api.w.org\/{rel}","templated":true}]}}