{"id":9697,"date":"2021-09-08T11:53:19","date_gmt":"2021-09-08T11:53:19","guid":{"rendered":"https:\/\/calftel.com\/informacje-o\/"},"modified":"2022-06-06T17:43:58","modified_gmt":"2022-06-06T17:43:58","slug":"informacje-o","status":"publish","type":"page","link":"https:\/\/calftel.com\/pl\/informacje-o\/","title":{"rendered":"Informacje o"},"content":{"rendered":"\n<div class=\"wp-block-cover alignfull is-light pattern-hero-image gt-remove-margin-top\"><span aria-hidden=\"true\" class=\"has-background-dim-40 wp-block-cover__gradient-background has-background-dim\"><\/span><img loading=\"lazy\" decoding=\"async\" width=\"2000\" height=\"600\" class=\"wp-block-cover__image-background wp-image-10220\" alt=\"\" src=\"https:\/\/calftel.com\/wp-content\/uploads\/2021\/09\/About.jpg\" style=\"object-position:61% 57%\" data-object-fit=\"cover\" data-object-position=\"61% 57%\" srcset=\"https:\/\/calftel.com\/wp-content\/uploads\/2021\/09\/About.jpg 2000w, https:\/\/calftel.com\/wp-content\/uploads\/2021\/09\/About-300x90.jpg 300w, https:\/\/calftel.com\/wp-content\/uploads\/2021\/09\/About-1024x307.jpg 1024w, https:\/\/calftel.com\/wp-content\/uploads\/2021\/09\/About-768x230.jpg 768w, https:\/\/calftel.com\/wp-content\/uploads\/2021\/09\/About-1536x461.jpg 1536w\" sizes=\"auto, (max-width: 2000px) 100vw, 2000px\" \/><div class=\"wp-block-cover__inner-container is-layout-flow wp-block-cover-is-layout-flow\">\n<h1 class=\"has-text-align-center wp-block-heading\">Historia Calf-Tel<\/h1>\n<\/div><\/div>\n\n<h2 class=\"has-text-align-center wp-block-heading\">Prowadzisz nas na coraz bardziej zielone pastwiska<\/h2>\n\n<div class=\"wp-block-columns is-layout-flex wp-container-core-columns-is-layout-9d6595d7 wp-block-columns-is-layout-flex\">\n<div class=\"wp-block-column is-layout-flow wp-block-column-is-layout-flow\" style=\"flex-basis:33.33%\">\n<p><strong>Dobra, to kiepska metafora. Jeste\u015bmy hodowcami ciel\u0105t, nie pisarzami.<\/strong><\/p>\n\n\n\n<p>Mimo to od 40 lat codziennie przypominamy sobie o jednej rzeczy: za ka\u017cdym z oko\u0142o dw\u00f3ch milion\u00f3w ciel\u0105t hodowanych corocznie w produktach Calf-Tel stoi gospodarstwo rolne. I to gospodarstwo, bez wzgl\u0119du na to, czy ma 10 sztuk czy 10 000, wyznacza kierunek, w kt\u00f3rym b\u0119dziemy pod\u0105\u017ca\u0107 dalej.<\/p>\n<\/div>\n\n\n\n<div class=\"wp-block-column is-layout-flow wp-block-column-is-layout-flow\" style=\"flex-basis:66.66%\">\n<figure class=\"wp-block-embed alignwide is-type-video is-provider-youtube wp-block-embed-youtube wp-embed-aspect-16-9 wp-has-aspect-ratio\"><div class=\"wp-block-embed__wrapper\">\n<iframe loading=\"lazy\" title=\"Calf-Tel - Heart Meets Smart\" width=\"640\" height=\"360\" src=\"https:\/\/www.youtube.com\/embed\/diSfPVmLVQI?feature=oembed\" frameborder=\"0\" allow=\"accelerometer; autoplay; clipboard-write; encrypted-media; gyroscope; picture-in-picture; web-share\" referrerpolicy=\"strict-origin-when-cross-origin\" allowfullscreen><\/iframe>\n<\/div><\/figure>\n<\/div>\n<\/div>\n\n<p>Innymi s\u0142owy, kiedy m\u00f3wisz nam o swoich ustawieniach, wyzwaniach lub wielkich pomys\u0142ach, my s\u0142uchamy. A poniewa\u017c m\u00f3wimy Waszym j\u0119zykiem, poniewa\u017c my r\u00f3wnie\u017c mamy g\u0142\u0119bokie do\u015bwiadczenie w hodowli zdrowych ciel\u0105t, jeste\u015bmy w doskona\u0142ej pozycji, aby wykorzysta\u0107 Wasze uwagi jako nasze wskaz\u00f3wki. W ten spos\u00f3b tworzymy najbardziej trwa\u0142e, praco oszcz\u0119dne i op\u0142acalne rozwi\u0105zania. W ten spos\u00f3b hoduje si\u0119 zdrowsze i bardziej wydajne ciel\u0119ta.<\/p>\n\n<p>W Calf-Tel obiecujemy, \u017ce b\u0119dziemy Ci\u0119 s\u0142ucha\u0107. Jeste\u015bmy \u015bwiadomi Pa\u0144stwa dzia\u0142alno\u015bci, ci\u0119\u017ckiej pracy i wyzwa\u0144, kt\u00f3rym musz\u0105 Pa\u0144stwo stawia\u0107 czo\u0142a ka\u017cdego dnia. Calf-Tel jest Pa\u0144stwa partnerem w skutecznym odchowie ciel\u0105t.<\/p>\n\n<p>Firma Hampel, producent produkt\u00f3w Calf-Tel, od 1976 roku doskonali sztuk\u0119 i nauk\u0119 termoformowania grubego plastiku.<\/p>\n\n<div class=\"wp-block-buttons is-layout-flex wp-block-buttons-is-layout-flex\">\n<div class=\"wp-block-button is-style-secondary-fill\"><a class=\"wp-block-button__link\" href=\"http:\/\/www.hampelcorp.com\/\">DOWIEDZ SI\u0118 WI\u0118CEJ O HAMPEL<\/a><\/div>\n<\/div>\n\n<div class=\"wp-block-group alignfull has-blue-gray-background-color has-background gt-remove-margin-bottom\"><div class=\"wp-block-group__inner-container is-layout-flow wp-block-group-is-layout-flow\">\n<h2 class=\"has-text-align-center wp-block-heading\"><em>This<\/em> To w\u0142a\u015bnie sprawia, \u017ce jest to Calf-Tel<\/h2>\n\n\n\n<p class=\"has-text-align-center\">Oczywi\u015bcie, zacz\u0119li\u015bmy od niskiej poprzeczki: ulepszenia drewnianej obudowy ciel\u0105t. Ale w ci\u0105gu ostatnich czterech dekad,<em>improvement itself<\/em> samo doskonalenie sta\u0142o si\u0119 nasz\u0105 spraw\u0105. Wykorzystuj\u0105c nasz\u0105 innowacyjn\u0105 technologi\u0119 termoformowania, nieustannie rozwijamy i zwi\u0119kszamy trwa\u0142o\u015b\u0107 naszych produkt\u00f3w, ich odporno\u015b\u0107 na promieniowanie UV, wentylacj\u0119 i higien\u0119. W procesie tym pomogli\u015bmy rolnikom takim jak Ty hodowa\u0107 zdrowsze ciel\u0119ta &#8211; i zarabia\u0107 wi\u0119cej pieni\u0119dzy.<\/p>\n\n\n\n<div class=\"wp-block-columns alignwide is-layout-flex wp-container-core-columns-is-layout-9d6595d7 wp-block-columns-is-layout-flex\">\n<div class=\"wp-block-column is-vertically-aligned-center is-layout-flow wp-block-column-is-layout-flow\">\n<h3 class=\"wp-block-heading\">Spos\u00f3b, w jaki wytwarzamy nasze produkty<\/h3>\n\n\n\n<p>Zawsze jest wi\u0119cej ni\u017c jeden spos\u00f3b na zrobienie czego\u015b, ale tylko jeden najlepszy spos\u00f3b. Budki Calf-Tel s\u0105 formowane termicznie z wyt\u0142aczanych arkuszy polietylenu. Proces ten powoduje powstanie wi\u0105zania molekularnego w obr\u0119bie tworzywa sztucznego, kt\u00f3re jest znacznie lepsze ni\u017c jakakolwiek inna forma produkcji &#8211; zapewniaj\u0105c niezr\u00f3wnan\u0105 wytrzyma\u0142o\u015b\u0107 i trwa\u0142o\u015b\u0107.<\/p>\n<\/div>\n\n\n\n<div class=\"wp-block-column is-layout-flow wp-block-column-is-layout-flow\">\n<figure class=\"wp-block-image size-large\"><img loading=\"lazy\" decoding=\"async\" width=\"1024\" height=\"683\" src=\"https:\/\/calftel.com\/wp-content\/uploads\/2021\/05\/Thewaywemakeourproducts-1.jpg\" alt=\"\" class=\"wp-image-4943\" srcset=\"https:\/\/calftel.com\/wp-content\/uploads\/2021\/05\/Thewaywemakeourproducts-1.jpg 1024w, https:\/\/calftel.com\/wp-content\/uploads\/2021\/05\/Thewaywemakeourproducts-1-300x200.jpg 300w, https:\/\/calftel.com\/wp-content\/uploads\/2021\/05\/Thewaywemakeourproducts-1-768x512.jpg 768w\" sizes=\"auto, (max-width: 1024px) 100vw, 1024px\" \/><\/figure><\/div>\n<\/div>\n\n\n\n<div class=\"wp-block-columns alignwide is-layout-flex wp-container-core-columns-is-layout-9d6595d7 wp-block-columns-is-layout-flex\">\n<div class=\"wp-block-column is-vertically-aligned-center is-layout-flow wp-block-column-is-layout-flow\">\n<figure class=\"wp-block-image size-large\"><img loading=\"lazy\" decoding=\"async\" width=\"1024\" height=\"683\" src=\"https:\/\/calftel.com\/wp-content\/uploads\/2021\/05\/Asreliableasamilkingcow.jpg\" alt=\"\" class=\"wp-image-4949\" srcset=\"https:\/\/calftel.com\/wp-content\/uploads\/2021\/05\/Asreliableasamilkingcow.jpg 1024w, https:\/\/calftel.com\/wp-content\/uploads\/2021\/05\/Asreliableasamilkingcow-300x200.jpg 300w, https:\/\/calftel.com\/wp-content\/uploads\/2021\/05\/Asreliableasamilkingcow-768x512.jpg 768w\" sizes=\"auto, (max-width: 1024px) 100vw, 1024px\" \/><\/figure><\/div>\n\n\n\n<div class=\"wp-block-column is-vertically-aligned-center is-layout-flow wp-block-column-is-layout-flow\">\n<h3 class=\"wp-block-heading\">Tak niezawodny jak najlepsza krowa dojna<\/h3>\n\n\n\n<p>Integralno\u015b\u0107 strukturalna naszych budek Calf-Tel jest sprawdzona i wytrzymuje pr\u00f3b\u0119 czasu. Nierzadko zdarza si\u0119, \u017ce po 25 latach pracy nasze budki s\u0105 nadal w u\u017cyciu. Du\u017ca masa cz\u0105steczkowa Calf-Tel jest po\u0142\u0105czona z pigmentem blokuj\u0105cym promieniowanie UV, co zapobiega przedwczesnej degradacji tworzywa. Jedna rzecz mniej do zmartwienia.<\/p>\n<\/div>\n<\/div>\n\n\n\n<div class=\"wp-block-columns alignwide is-layout-flex wp-container-core-columns-is-layout-9d6595d7 wp-block-columns-is-layout-flex\">\n<div class=\"wp-block-column is-vertically-aligned-center is-layout-flow wp-block-column-is-layout-flow\">\n<h3 class=\"wp-block-heading\">Troszczymy si\u0119 o komfort<\/h3>\n\n\n\n<p>Szcz\u0119\u015bliwe, zdrowe ciel\u0119ta s\u0105 bezpo\u015brednim wynikiem komfortu i klimatu. Nieprzezroczysty materia\u0142 zastosowany w budkach Calf-Tel dzia\u0142a jak bariera dla bezpo\u015bredniego \u015bwiat\u0142a s\u0142onecznego, daj\u0105c cie\u0144 i obni\u017caj\u0105c temperatur\u0119. Materia\u0142 ten redukuje r\u00f3wnie\u017c skraplanie si\u0119 pary wodnej, cz\u0119sto wyst\u0119puj\u0105ce w przezroczystych boksach, kt\u00f3ra mo\u017ce si\u0119 gromadzi\u0107 podczas gwa\u0142townych zmian pogody &#8211; dzi\u0119ki temu ciel\u0119ta pozostaj\u0105 bardziej suche w ch\u0142odne zimowe dni.<\/p>\n<\/div>\n\n\n\n<div class=\"wp-block-column is-layout-flow wp-block-column-is-layout-flow\">\n<figure class=\"wp-block-image size-large\"><img loading=\"lazy\" decoding=\"async\" width=\"1024\" height=\"683\" src=\"https:\/\/calftel.com\/wp-content\/uploads\/2021\/05\/Wecareaboutcomfort.jpg\" alt=\"\" class=\"wp-image-4955\" srcset=\"https:\/\/calftel.com\/wp-content\/uploads\/2021\/05\/Wecareaboutcomfort.jpg 1024w, https:\/\/calftel.com\/wp-content\/uploads\/2021\/05\/Wecareaboutcomfort-300x200.jpg 300w, https:\/\/calftel.com\/wp-content\/uploads\/2021\/05\/Wecareaboutcomfort-768x512.jpg 768w\" sizes=\"auto, (max-width: 1024px) 100vw, 1024px\" \/><\/figure><\/div>\n<\/div>\n\n\n\n<div class=\"wp-block-columns alignwide is-layout-flex wp-container-core-columns-is-layout-9d6595d7 wp-block-columns-is-layout-flex\">\n<div class=\"wp-block-column is-vertically-aligned-center is-layout-flow wp-block-column-is-layout-flow\">\n<figure class=\"wp-block-image size-large\"><img loading=\"lazy\" decoding=\"async\" width=\"1024\" height=\"683\" src=\"https:\/\/calftel.com\/wp-content\/uploads\/2021\/05\/Wegowiththeflow.jpg\" alt=\"\" class=\"wp-image-4964\" srcset=\"https:\/\/calftel.com\/wp-content\/uploads\/2021\/05\/Wegowiththeflow.jpg 1024w, https:\/\/calftel.com\/wp-content\/uploads\/2021\/05\/Wegowiththeflow-300x200.jpg 300w, https:\/\/calftel.com\/wp-content\/uploads\/2021\/05\/Wegowiththeflow-768x512.jpg 768w\" sizes=\"auto, (max-width: 1024px) 100vw, 1024px\" \/><\/figure><\/div>\n\n\n\n<div class=\"wp-block-column is-vertically-aligned-center is-layout-flow wp-block-column-is-layout-flow\">\n<h3 class=\"wp-block-heading\">Pod\u0105\u017camy z pr\u0105dem<\/h3>\n\n\n\n<p>Wentylacja ma decyduj\u0105ce znaczenie w ograniczaniu chor\u00f3b uk\u0142adu oddechowego i eliminowaniu stresu cieplnego. Przep\u0142yw powietrza jest strategicznie zaprojektowany w budkach Calf-Tel i wzmocniony przez bardzo du\u017cy regulowany otw\u00f3r wentylacyjny (najwi\u0119kszy w bran\u017cy) dla maksymalnego komfortu i oddychalno\u015bci. Nasze systemy kojc\u00f3w wewn\u0119trznych dla ciel\u0105t wyposa\u017cone s\u0105 w panele AirMax poprawiaj\u0105ce przep\u0142yw powietrza w trudnych warunkach.<\/p>\n<\/div>\n<\/div>\n\n\n\n<div class=\"wp-block-columns alignwide is-layout-flex wp-container-core-columns-is-layout-9d6595d7 wp-block-columns-is-layout-flex\">\n<div class=\"wp-block-column is-vertically-aligned-center is-layout-flow wp-block-column-is-layout-flow\">\n<h3 class=\"wp-block-heading\">Promujemy bioasekuracj\u0119<\/h3>\n\n\n\n<p>Wiele materia\u0142\u00f3w dost\u0119pnych na rynku jest wyj\u0105tkowo porowatych, co stanowi otwarte drzwi dla bakterii, patogen\u00f3w, odchod\u00f3w i innych niepo\u017c\u0105danych substancji. Budki i kojce Calf-Tel maj\u0105 g\u0142adk\u0105 powierzchni\u0119 bez por\u00f3w, co sprawia, \u017ce nie przepuszczaj\u0105 wspomnianych niepo\u017c\u0105danych substancji, a tak\u017ce s\u0105 bardzo \u0142atwe w czyszczeniu i utrzymaniu. To wszystko przyczynia si\u0119 do ni\u017cszej \u015bmiertelno\u015bci, zachorowalno\u015bci i og\u00f3lnych koszt\u00f3w leczenia, co prowadzi do lepszego wzrostu ciel\u0105t.<\/p>\n<\/div>\n\n\n\n<div class=\"wp-block-column is-layout-flow wp-block-column-is-layout-flow\">\n<figure class=\"wp-block-image size-large\"><img loading=\"lazy\" decoding=\"async\" width=\"1024\" height=\"683\" src=\"https:\/\/calftel.com\/wp-content\/uploads\/2021\/05\/WePromoteBiosecurity.jpg\" alt=\"\" class=\"wp-image-4970\" srcset=\"https:\/\/calftel.com\/wp-content\/uploads\/2021\/05\/WePromoteBiosecurity.jpg 1024w, https:\/\/calftel.com\/wp-content\/uploads\/2021\/05\/WePromoteBiosecurity-300x200.jpg 300w, https:\/\/calftel.com\/wp-content\/uploads\/2021\/05\/WePromoteBiosecurity-768x512.jpg 768w\" sizes=\"auto, (max-width: 1024px) 100vw, 1024px\" \/><\/figure><\/div>\n<\/div>\n\n\n\n<div class=\"wp-block-columns alignwide is-layout-flex wp-container-core-columns-is-layout-9d6595d7 wp-block-columns-is-layout-flex\">\n<div class=\"wp-block-column is-vertically-aligned-center is-layout-flow wp-block-column-is-layout-flow\">\n<figure class=\"wp-block-image size-large\"><img loading=\"lazy\" decoding=\"async\" width=\"1024\" height=\"683\" src=\"https:\/\/calftel.com\/wp-content\/uploads\/2021\/05\/Moneytalks.jpg\" alt=\"\" class=\"wp-image-4976\" srcset=\"https:\/\/calftel.com\/wp-content\/uploads\/2021\/05\/Moneytalks.jpg 1024w, https:\/\/calftel.com\/wp-content\/uploads\/2021\/05\/Moneytalks-300x200.jpg 300w, https:\/\/calftel.com\/wp-content\/uploads\/2021\/05\/Moneytalks-768x512.jpg 768w\" sizes=\"auto, (max-width: 1024px) 100vw, 1024px\" \/><\/figure><\/div>\n\n\n\n<div class=\"wp-block-column is-vertically-aligned-center is-layout-flow wp-block-column-is-layout-flow\">\n<h3 class=\"wp-block-heading\">Pieni\u0105dze m\u00f3wi\u0105<\/h3>\n\n\n\n<p>Od 40 lat Calf-Tel wytwarza produkty, kt\u00f3re s\u0105 zbudowane tak, aby wytrzyma\u0107 pr\u00f3b\u0119 czasu. D\u0142u\u017csza \u017cywotno\u015b\u0107 produktu prowadzi do ni\u017cszych koszt\u00f3w w ca\u0142ym okresie u\u017cytkowania. W po\u0142\u0105czeniu z oszcz\u0119dno\u015bci\u0105 koszt\u00f3w i korzy\u015bciami p\u0142yn\u0105cymi z doskona\u0142ego zdrowia ciel\u0105t, mo\u017cna zrozumie\u0107 dlaczego oko\u0142o 2 miliony ciel\u0105t jest hodowanych w systemach utrzymania Calf-Tel na ca\u0142ym \u015bwiecie ka\u017cdego roku.<\/p>\n<\/div>\n<\/div>\n<\/div><\/div>\n","protected":false},"excerpt":{"rendered":"","protected":false},"author":14,"featured_media":1893,"parent":0,"menu_order":0,"comment_status":"closed","ping_status":"closed","template":"","meta":{"_acf_changed":false,"footnotes":""},"class_list":["post-9697","page","type-page","status-publish","has-post-thumbnail","hentry"],"acf":[],"yoast_head":"<!-- This site is optimized with the Yoast SEO plugin v27.4 - https:\/\/yoast.com\/product\/yoast-seo-wordpress\/ -->\n<title>Informacje o - Calf-Tel<\/title>\n<meta name=\"robots\" content=\"index, follow, max-snippet:-1, max-image-preview:large, max-video-preview:-1\" \/>\n<link rel=\"canonical\" href=\"https:\/\/calftel.com\/pl\/informacje-o\/\" \/>\n<meta property=\"og:locale\" content=\"pl_PL\" \/>\n<meta property=\"og:type\" content=\"article\" \/>\n<meta property=\"og:title\" content=\"Informacje o - Calf-Tel\" \/>\n<meta property=\"og:url\" content=\"https:\/\/calftel.com\/pl\/informacje-o\/\" \/>\n<meta property=\"og:site_name\" content=\"Calf-Tel\" \/>\n<meta property=\"article:publisher\" content=\"https:\/\/www.facebook.com\/calftel\/\" \/>\n<meta property=\"article:modified_time\" content=\"2022-06-06T17:43:58+00:00\" \/>\n<meta property=\"og:image\" content=\"https:\/\/calftel.com\/wp-content\/uploads\/2021\/04\/Roden_Echo_IMG_5108-3.jpg\" \/>\n\t<meta property=\"og:image:width\" content=\"1\" \/>\n\t<meta property=\"og:image:height\" content=\"1\" \/>\n\t<meta property=\"og:image:type\" content=\"image\/jpeg\" \/>\n<meta name=\"twitter:card\" content=\"summary_large_image\" \/>\n<meta name=\"twitter:label1\" content=\"Szacowany czas czytania\" \/>\n\t<meta name=\"twitter:data1\" content=\"4 minuty\" \/>\n<script type=\"application\/ld+json\" class=\"yoast-schema-graph\">{\"@context\":\"https:\\\/\\\/schema.org\",\"@graph\":[{\"@type\":\"WebPage\",\"@id\":\"https:\\\/\\\/calftel.com\\\/pl\\\/informacje-o\\\/\",\"url\":\"https:\\\/\\\/calftel.com\\\/pl\\\/informacje-o\\\/\",\"name\":\"Informacje o - Calf-Tel\",\"isPartOf\":{\"@id\":\"https:\\\/\\\/calftel.com\\\/pl\\\/#website\"},\"primaryImageOfPage\":{\"@id\":\"https:\\\/\\\/calftel.com\\\/pl\\\/informacje-o\\\/#primaryimage\"},\"image\":{\"@id\":\"https:\\\/\\\/calftel.com\\\/pl\\\/informacje-o\\\/#primaryimage\"},\"thumbnailUrl\":\"https:\\\/\\\/calftel.com\\\/wp-content\\\/uploads\\\/2021\\\/04\\\/Roden_Echo_IMG_5108-3.jpg\",\"datePublished\":\"2021-09-08T11:53:19+00:00\",\"dateModified\":\"2022-06-06T17:43:58+00:00\",\"breadcrumb\":{\"@id\":\"https:\\\/\\\/calftel.com\\\/pl\\\/informacje-o\\\/#breadcrumb\"},\"inLanguage\":\"pl-PL\",\"potentialAction\":[{\"@type\":\"ReadAction\",\"target\":[\"https:\\\/\\\/calftel.com\\\/pl\\\/informacje-o\\\/\"]}]},{\"@type\":\"ImageObject\",\"inLanguage\":\"pl-PL\",\"@id\":\"https:\\\/\\\/calftel.com\\\/pl\\\/informacje-o\\\/#primaryimage\",\"url\":\"https:\\\/\\\/calftel.com\\\/wp-content\\\/uploads\\\/2021\\\/04\\\/Roden_Echo_IMG_5108-3.jpg\",\"contentUrl\":\"https:\\\/\\\/calftel.com\\\/wp-content\\\/uploads\\\/2021\\\/04\\\/Roden_Echo_IMG_5108-3.jpg\",\"caption\":\"Barn Windmill\"},{\"@type\":\"BreadcrumbList\",\"@id\":\"https:\\\/\\\/calftel.com\\\/pl\\\/informacje-o\\\/#breadcrumb\",\"itemListElement\":[{\"@type\":\"ListItem\",\"position\":1,\"name\":\"Home\",\"item\":\"https:\\\/\\\/calftel.com\\\/pl\\\/calf-housing\\\/\"},{\"@type\":\"ListItem\",\"position\":2,\"name\":\"Informacje o\"}]},{\"@type\":\"WebSite\",\"@id\":\"https:\\\/\\\/calftel.com\\\/pl\\\/#website\",\"url\":\"https:\\\/\\\/calftel.com\\\/pl\\\/\",\"name\":\"Calf-Tel\",\"description\":\"Calf Hutch Experts\",\"publisher\":{\"@id\":\"https:\\\/\\\/calftel.com\\\/pl\\\/#organization\"},\"potentialAction\":[{\"@type\":\"SearchAction\",\"target\":{\"@type\":\"EntryPoint\",\"urlTemplate\":\"https:\\\/\\\/calftel.com\\\/pl\\\/?s={search_term_string}\"},\"query-input\":{\"@type\":\"PropertyValueSpecification\",\"valueRequired\":true,\"valueName\":\"search_term_string\"}}],\"inLanguage\":\"pl-PL\"},{\"@type\":\"Organization\",\"@id\":\"https:\\\/\\\/calftel.com\\\/pl\\\/#organization\",\"name\":\"Calf-Tel by Hampel\",\"url\":\"https:\\\/\\\/calftel.com\\\/pl\\\/\",\"logo\":{\"@type\":\"ImageObject\",\"inLanguage\":\"pl-PL\",\"@id\":\"https:\\\/\\\/calftel.com\\\/pl\\\/#\\\/schema\\\/logo\\\/image\\\/\",\"url\":\"https:\\\/\\\/calftel.com\\\/wp-content\\\/uploads\\\/2021\\\/11\\\/Hampels-CalfTel-USA-EST-1981-Color.png\",\"contentUrl\":\"https:\\\/\\\/calftel.com\\\/wp-content\\\/uploads\\\/2021\\\/11\\\/Hampels-CalfTel-USA-EST-1981-Color.png\",\"width\":1080,\"height\":516,\"caption\":\"Calf-Tel by Hampel\"},\"image\":{\"@id\":\"https:\\\/\\\/calftel.com\\\/pl\\\/#\\\/schema\\\/logo\\\/image\\\/\"},\"sameAs\":[\"https:\\\/\\\/www.facebook.com\\\/calftel\\\/\",\"https:\\\/\\\/www.instagram.com\\\/calftel\\\/\",\"https:\\\/\\\/linkedin.com\\\/company\\\/calf-tel\\\/\",\"https:\\\/\\\/www.youtube.com\\\/channel\\\/UCq73euoWhx5k1kOjHBHXM_g\"]}]}<\/script>\n<!-- \/ Yoast SEO plugin. -->","yoast_head_json":{"title":"Informacje o - Calf-Tel","robots":{"index":"index","follow":"follow","max-snippet":"max-snippet:-1","max-image-preview":"max-image-preview:large","max-video-preview":"max-video-preview:-1"},"canonical":"https:\/\/calftel.com\/pl\/informacje-o\/","og_locale":"pl_PL","og_type":"article","og_title":"Informacje o - Calf-Tel","og_url":"https:\/\/calftel.com\/pl\/informacje-o\/","og_site_name":"Calf-Tel","article_publisher":"https:\/\/www.facebook.com\/calftel\/","article_modified_time":"2022-06-06T17:43:58+00:00","og_image":[{"url":"https:\/\/calftel.com\/wp-content\/uploads\/2021\/04\/Roden_Echo_IMG_5108-3.jpg","width":1,"height":1,"type":"image\/jpeg"}],"twitter_card":"summary_large_image","twitter_misc":{"Szacowany czas czytania":"4 minuty"},"schema":{"@context":"https:\/\/schema.org","@graph":[{"@type":"WebPage","@id":"https:\/\/calftel.com\/pl\/informacje-o\/","url":"https:\/\/calftel.com\/pl\/informacje-o\/","name":"Informacje o - Calf-Tel","isPartOf":{"@id":"https:\/\/calftel.com\/pl\/#website"},"primaryImageOfPage":{"@id":"https:\/\/calftel.com\/pl\/informacje-o\/#primaryimage"},"image":{"@id":"https:\/\/calftel.com\/pl\/informacje-o\/#primaryimage"},"thumbnailUrl":"https:\/\/calftel.com\/wp-content\/uploads\/2021\/04\/Roden_Echo_IMG_5108-3.jpg","datePublished":"2021-09-08T11:53:19+00:00","dateModified":"2022-06-06T17:43:58+00:00","breadcrumb":{"@id":"https:\/\/calftel.com\/pl\/informacje-o\/#breadcrumb"},"inLanguage":"pl-PL","potentialAction":[{"@type":"ReadAction","target":["https:\/\/calftel.com\/pl\/informacje-o\/"]}]},{"@type":"ImageObject","inLanguage":"pl-PL","@id":"https:\/\/calftel.com\/pl\/informacje-o\/#primaryimage","url":"https:\/\/calftel.com\/wp-content\/uploads\/2021\/04\/Roden_Echo_IMG_5108-3.jpg","contentUrl":"https:\/\/calftel.com\/wp-content\/uploads\/2021\/04\/Roden_Echo_IMG_5108-3.jpg","caption":"Barn Windmill"},{"@type":"BreadcrumbList","@id":"https:\/\/calftel.com\/pl\/informacje-o\/#breadcrumb","itemListElement":[{"@type":"ListItem","position":1,"name":"Home","item":"https:\/\/calftel.com\/pl\/calf-housing\/"},{"@type":"ListItem","position":2,"name":"Informacje o"}]},{"@type":"WebSite","@id":"https:\/\/calftel.com\/pl\/#website","url":"https:\/\/calftel.com\/pl\/","name":"Calf-Tel","description":"Calf Hutch Experts","publisher":{"@id":"https:\/\/calftel.com\/pl\/#organization"},"potentialAction":[{"@type":"SearchAction","target":{"@type":"EntryPoint","urlTemplate":"https:\/\/calftel.com\/pl\/?s={search_term_string}"},"query-input":{"@type":"PropertyValueSpecification","valueRequired":true,"valueName":"search_term_string"}}],"inLanguage":"pl-PL"},{"@type":"Organization","@id":"https:\/\/calftel.com\/pl\/#organization","name":"Calf-Tel by Hampel","url":"https:\/\/calftel.com\/pl\/","logo":{"@type":"ImageObject","inLanguage":"pl-PL","@id":"https:\/\/calftel.com\/pl\/#\/schema\/logo\/image\/","url":"https:\/\/calftel.com\/wp-content\/uploads\/2021\/11\/Hampels-CalfTel-USA-EST-1981-Color.png","contentUrl":"https:\/\/calftel.com\/wp-content\/uploads\/2021\/11\/Hampels-CalfTel-USA-EST-1981-Color.png","width":1080,"height":516,"caption":"Calf-Tel by Hampel"},"image":{"@id":"https:\/\/calftel.com\/pl\/#\/schema\/logo\/image\/"},"sameAs":["https:\/\/www.facebook.com\/calftel\/","https:\/\/www.instagram.com\/calftel\/","https:\/\/linkedin.com\/company\/calf-tel\/","https:\/\/www.youtube.com\/channel\/UCq73euoWhx5k1kOjHBHXM_g"]}]}},"_links":{"self":[{"href":"https:\/\/calftel.com\/pl\/wp-json\/wp\/v2\/pages\/9697","targetHints":{"allow":["GET"]}}],"collection":[{"href":"https:\/\/calftel.com\/pl\/wp-json\/wp\/v2\/pages"}],"about":[{"href":"https:\/\/calftel.com\/pl\/wp-json\/wp\/v2\/types\/page"}],"author":[{"embeddable":true,"href":"https:\/\/calftel.com\/pl\/wp-json\/wp\/v2\/users\/14"}],"replies":[{"embeddable":true,"href":"https:\/\/calftel.com\/pl\/wp-json\/wp\/v2\/comments?post=9697"}],"version-history":[{"count":0,"href":"https:\/\/calftel.com\/pl\/wp-json\/wp\/v2\/pages\/9697\/revisions"}],"wp:featuredmedia":[{"embeddable":true,"href":"https:\/\/calftel.com\/pl\/wp-json\/wp\/v2\/media\/1893"}],"wp:attachment":[{"href":"https:\/\/calftel.com\/pl\/wp-json\/wp\/v2\/media?parent=9697"}],"curies":[{"name":"wp","href":"https:\/\/api.w.org\/{rel}","templated":true}]}}