{"id":9708,"date":"2021-09-08T13:24:56","date_gmt":"2021-09-08T13:24:56","guid":{"rendered":"https:\/\/calftel.com\/pomoc\/"},"modified":"2022-06-23T19:18:39","modified_gmt":"2022-06-23T19:18:39","slug":"pomoc","status":"publish","type":"page","link":"https:\/\/calftel.com\/pl\/pomoc\/","title":{"rendered":"Pomoc"},"content":{"rendered":"\n<div class=\"wp-block-cover alignfull is-light pattern-hero-image gt-remove-margin-top\"><span aria-hidden=\"true\" class=\"has-background-dim-40 wp-block-cover__gradient-background has-background-dim\"><\/span><img loading=\"lazy\" decoding=\"async\" width=\"2000\" height=\"600\" class=\"wp-block-cover__image-background wp-image-6067\" alt=\"\" src=\"https:\/\/calftel.com\/wp-content\/uploads\/2021\/06\/Untitled-1.jpg\" data-object-fit=\"cover\" srcset=\"https:\/\/calftel.com\/wp-content\/uploads\/2021\/06\/Untitled-1.jpg 2000w, https:\/\/calftel.com\/wp-content\/uploads\/2021\/06\/Untitled-1-300x90.jpg 300w, https:\/\/calftel.com\/wp-content\/uploads\/2021\/06\/Untitled-1-1024x307.jpg 1024w, https:\/\/calftel.com\/wp-content\/uploads\/2021\/06\/Untitled-1-768x230.jpg 768w, https:\/\/calftel.com\/wp-content\/uploads\/2021\/06\/Untitled-1-1536x461.jpg 1536w\" sizes=\"auto, (max-width: 2000px) 100vw, 2000px\" \/><div class=\"wp-block-cover__inner-container is-layout-flow wp-block-cover-is-layout-flow\">\n<h1 class=\"has-text-align-center has-white-color has-text-color wp-block-heading\">Pomoc<\/h1>\n<\/div><\/div>\n\n<h2 class=\"has-text-align-center wp-block-heading\">Jeste\u015bmy tu, aby pom\u00f3c<\/h2>\n\n<p class=\"has-text-align-center\">Zasoby, kt\u00f3re pomog\u0105 zapewni\u0107 Ci sukces. Produkty Calf-tel s\u0105 zaprojektowane i wykonane w taki spos\u00f3b, aby by\u0142y \u0142atwe w monta\u017cu, obs\u0142udze, czyszczeniu i demonta\u017cu. Nie oznacza to jednak, \u017ce po drodze nie poznali\u015bmy kilku wskaz\u00f3wek i trik\u00f3w. Je\u015bli nie znalaz\u0142e\u015b poni\u017cej odpowiedzi na swoje pytanie, zadzwo\u0144 do nas.<\/p>\n\n<div class=\"wp-block-columns alignwide is-layout-flex wp-container-core-columns-is-layout-9d6595d7 wp-block-columns-is-layout-flex\">\n<div class=\"wp-block-column is-layout-flow wp-block-column-is-layout-flow\">\n<figure class=\"wp-block-image size-large\"><img loading=\"lazy\" decoding=\"async\" width=\"403\" height=\"268\" src=\"https:\/\/calftel.com\/wp-content\/uploads\/2021\/06\/Assembly-Instructions-Image.jpg\" alt=\"\" class=\"wp-image-6364\" srcset=\"https:\/\/calftel.com\/wp-content\/uploads\/2021\/06\/Assembly-Instructions-Image.jpg 403w, https:\/\/calftel.com\/wp-content\/uploads\/2021\/06\/Assembly-Instructions-Image-300x200.jpg 300w\" sizes=\"auto, (max-width: 403px) 100vw, 403px\" \/><\/figure>\n\n\n<h3 class=\"has-text-align-center has-medium-font-size wp-block-heading\">Instrukcja monta\u017cu<\/h3>\n\n\n\n<p class=\"has-text-align-center\">Pobierz szczeg\u00f3\u0142owe instrukcje dotycz\u0105ce konfiguracji produkt\u00f3w Calf-Tel. Przydatne r\u00f3wnie\u017c przy zamawianiu cz\u0119\u015bci zamiennych.<\/p>\n\n\n\n<div class=\"wp-block-buttons is-horizontal is-content-justification-center is-layout-flex wp-container-core-buttons-is-layout-499968f5 wp-block-buttons-is-layout-flex\">\n<div class=\"wp-block-button is-style-secondary-fill\"><a class=\"wp-block-button__link\" href=\"https:\/\/calftel.com\/support\/assembly-instructions\/\">Wy\u015bwietl instrukcj\u0119 monta\u017cu<\/a><\/div>\n<\/div>\n<\/div>\n\n\n\n<div class=\"wp-block-column is-layout-flow wp-block-column-is-layout-flow\">\n<figure class=\"wp-block-image size-large\"><img loading=\"lazy\" decoding=\"async\" width=\"403\" height=\"268\" src=\"https:\/\/calftel.com\/wp-content\/uploads\/2021\/06\/How-To-Guides.jpg\" alt=\"\" class=\"wp-image-6371\" srcset=\"https:\/\/calftel.com\/wp-content\/uploads\/2021\/06\/How-To-Guides.jpg 403w, https:\/\/calftel.com\/wp-content\/uploads\/2021\/06\/How-To-Guides-300x200.jpg 300w\" sizes=\"auto, (max-width: 403px) 100vw, 403px\" \/><\/figure>\n\n\n<h3 class=\"has-text-align-center has-medium-font-size wp-block-heading\">Jak to zrobi\u0107<\/h3>\n\n\n\n<p class=\"has-text-align-center\">Porady i wskaz\u00f3wki dotycz\u0105ce piel\u0119gnacji <br\/>struktury, kt\u00f3re dbaj\u0105 o<br\/> Twoje ciel\u0119ta.<\/p>\n\n\n\n<div class=\"wp-block-buttons is-horizontal is-content-justification-center is-layout-flex wp-container-core-buttons-is-layout-499968f5 wp-block-buttons-is-layout-flex\">\n<div class=\"wp-block-button is-style-secondary-fill\"><a class=\"wp-block-button__link\" href=\"https:\/\/calftel.com\/support\/how-to-guides\/\">Wy\u015bfiedl poradniki<\/a><\/div>\n<\/div>\n<\/div>\n\n\n\n<div class=\"wp-block-column is-layout-flow wp-block-column-is-layout-flow\">\n<figure class=\"wp-block-image size-large\"><img loading=\"lazy\" decoding=\"async\" width=\"403\" height=\"268\" src=\"https:\/\/calftel.com\/wp-content\/uploads\/2021\/06\/Customizer-1.jpg\" alt=\"\" class=\"wp-image-6383\" srcset=\"https:\/\/calftel.com\/wp-content\/uploads\/2021\/06\/Customizer-1.jpg 403w, https:\/\/calftel.com\/wp-content\/uploads\/2021\/06\/Customizer-1-300x200.jpg 300w\" sizes=\"auto, (max-width: 403px) 100vw, 403px\" \/><\/figure>\n\n\n<h3 class=\"has-text-align-center has-medium-font-size wp-block-heading\">Konfiguracja<\/h3>\n\n\n\n<p class=\"has-text-align-center\">Zaprojektuj idealny, najbardziej op\u0142acalny system utrzymania ciel\u0105t dla Twojego gospodarstwa. Wybierz opcje, kt\u00f3re odpowiadaj\u0105 Twoim potrzebom i stw\u00f3rz optymalne \u015brodowisko.<\/p>\n\n\n\n<div class=\"wp-block-buttons is-horizontal is-content-justification-center is-layout-flex wp-container-core-buttons-is-layout-499968f5 wp-block-buttons-is-layout-flex\">\n<div class=\"wp-block-button is-style-secondary-fill\"><a class=\"wp-block-button__link\" href=\"https:\/\/calftel.com\/support\/customizer\/\">Zobacz konfigurator<\/a><\/div>\n<\/div>\n<\/div>\n<\/div>\n\n<div class=\"wp-block-group alignfull has-blue-gray-background-color has-background\"><div class=\"wp-block-group__inner-container is-layout-flow wp-block-group-is-layout-flow\">\n<div class=\"wp-block-columns is-layout-flex wp-container-core-columns-is-layout-9d6595d7 wp-block-columns-is-layout-flex\">\n<div class=\"wp-block-column is-layout-flow wp-block-column-is-layout-flow\">\n<figure class=\"wp-block-image size-large\"><img loading=\"lazy\" decoding=\"async\" width=\"403\" height=\"268\" src=\"https:\/\/calftel.com\/wp-content\/uploads\/2021\/07\/Calf-Tel-College-Image.jpg\" alt=\"\" class=\"wp-image-7249\" srcset=\"https:\/\/calftel.com\/wp-content\/uploads\/2021\/07\/Calf-Tel-College-Image.jpg 403w, https:\/\/calftel.com\/wp-content\/uploads\/2021\/07\/Calf-Tel-College-Image-300x200.jpg 300w\" sizes=\"auto, (max-width: 403px) 100vw, 403px\" \/><\/figure>\n\n\n<h3 class=\"has-text-align-center has-medium-font-size wp-block-heading\">Calf-Tel College<\/h3>\n\n\n\n<p class=\"has-text-align-center\">Wszystko, co musisz wiedzie\u0107, w jednym miejscu. Dowiedz si\u0119, co sprawia, \u017ce Calf-Tel jest liderem w bran\u017cy utrzymania ciel\u0105t.<\/p>\n\n\n\n<div class=\"wp-block-buttons is-horizontal is-content-justification-center is-layout-flex wp-container-core-buttons-is-layout-499968f5 wp-block-buttons-is-layout-flex\">\n<div class=\"wp-block-button is-style-secondary-fill\"><a class=\"wp-block-button__link\" href=\"https:\/\/calftel.com\/college\/\">Wy\u015bwietlanie Calf-Tel College<\/a><\/div>\n<\/div>\n<\/div>\n\n\n\n<div class=\"wp-block-column is-layout-flow wp-block-column-is-layout-flow\">\n<figure class=\"wp-block-image size-large\"><img loading=\"lazy\" decoding=\"async\" width=\"403\" height=\"268\" src=\"https:\/\/calftel.com\/wp-content\/uploads\/2021\/06\/Videos.jpg\" alt=\"\" class=\"wp-image-6395\" srcset=\"https:\/\/calftel.com\/wp-content\/uploads\/2021\/06\/Videos.jpg 403w, https:\/\/calftel.com\/wp-content\/uploads\/2021\/06\/Videos-300x200.jpg 300w\" sizes=\"auto, (max-width: 403px) 100vw, 403px\" \/><\/figure>\n\n\n<h3 class=\"has-text-align-center has-medium-font-size wp-block-heading\">Wideo<\/h3>\n\n\n\n<p class=\"has-text-align-center\">Dowiedz si\u0119 wi\u0119cej o produktach Calf-Tel<br\/> poprzez demonstracje i<br\/> filmy typu &#8222;jak to zrobi\u0107&#8221;.<\/p>\n\n\n\n<div class=\"wp-block-buttons is-horizontal is-content-justification-center is-layout-flex wp-container-core-buttons-is-layout-499968f5 wp-block-buttons-is-layout-flex\">\n<div class=\"wp-block-button is-style-secondary-fill\"><a class=\"wp-block-button__link\" href=\"https:\/\/calftel.com\/support\/videos\/\">Zobacz filmy<\/a><\/div>\n<\/div>\n<\/div>\n<\/div>\n<\/div><\/div>\n\n<div class=\"wp-block-columns alignwide is-layout-flex wp-container-core-columns-is-layout-9d6595d7 wp-block-columns-is-layout-flex\">\n<div class=\"wp-block-column is-layout-flow wp-block-column-is-layout-flow\">\n<figure class=\"wp-block-image size-large\"><img loading=\"lazy\" decoding=\"async\" width=\"403\" height=\"268\" src=\"https:\/\/calftel.com\/wp-content\/uploads\/2021\/06\/Product-Catalog.jpg\" alt=\"\" class=\"wp-image-6408\" srcset=\"https:\/\/calftel.com\/wp-content\/uploads\/2021\/06\/Product-Catalog.jpg 403w, https:\/\/calftel.com\/wp-content\/uploads\/2021\/06\/Product-Catalog-300x200.jpg 300w\" sizes=\"auto, (max-width: 403px) 100vw, 403px\" \/><\/figure>\n\n\n<h3 class=\"has-text-align-center has-medium-font-size wp-block-heading\">Katalog produkt\u00f3w<\/h3>\n\n\n\n<p class=\"has-text-align-center\">Zobacz lub pobierz plik PDF z naszymi <br\/>kompletnymi produktami i <br\/>katalog akcesori\u00f3w.<\/p>\n\n\n\n<div class=\"wp-block-buttons is-horizontal is-content-justification-center is-layout-flex wp-container-core-buttons-is-layout-499968f5 wp-block-buttons-is-layout-flex\">\n<div class=\"wp-block-button is-style-secondary-fill\"><a class=\"wp-block-button__link\" href=\"https:\/\/calftel.com\/pl\/pomoc\/catalog\/\">Zobacz katalog produkt\u00f3w<\/a><\/div>\n<\/div>\n<\/div>\n\n\n\n<div class=\"wp-block-column is-layout-flow wp-block-column-is-layout-flow\">\n<figure class=\"wp-block-image size-large\"><img loading=\"lazy\" decoding=\"async\" width=\"403\" height=\"268\" src=\"https:\/\/calftel.com\/wp-content\/uploads\/2021\/06\/Testimonials.jpg\" alt=\"\" class=\"wp-image-6498\" srcset=\"https:\/\/calftel.com\/wp-content\/uploads\/2021\/06\/Testimonials.jpg 403w, https:\/\/calftel.com\/wp-content\/uploads\/2021\/06\/Testimonials-300x200.jpg 300w\" sizes=\"auto, (max-width: 403px) 100vw, 403px\" \/><\/figure>\n\n\n<h3 class=\"has-text-align-center has-medium-font-size wp-block-heading\">Referencje<\/h3>\n\n\n\n<p class=\"has-text-align-center\">Us\u0142ysz od naszych klient\u00f3w i <br\/>dowiedz si\u0119, dlaczego wybrali <br\/>Calf-Tel!<\/p>\n\n\n\n<div class=\"wp-block-buttons is-horizontal is-content-justification-center is-layout-flex wp-container-core-buttons-is-layout-499968f5 wp-block-buttons-is-layout-flex\">\n<div class=\"wp-block-button is-style-secondary-fill\"><a class=\"wp-block-button__link\" href=\"https:\/\/calftel.com\/support\/testimonials\/\">Zobacz referencje<\/a><\/div>\n<\/div>\n<\/div>\n\n\n\n<div class=\"wp-block-column is-layout-flow wp-block-column-is-layout-flow\">\n<figure class=\"wp-block-image size-full\"><img loading=\"lazy\" decoding=\"async\" width=\"403\" height=\"268\" src=\"https:\/\/calftel.com\/wp-content\/uploads\/2021\/09\/FAQs.jpg\" alt=\"\" class=\"wp-image-9195\" srcset=\"https:\/\/calftel.com\/wp-content\/uploads\/2021\/09\/FAQs.jpg 403w, https:\/\/calftel.com\/wp-content\/uploads\/2021\/09\/FAQs-300x200.jpg 300w\" sizes=\"auto, (max-width: 403px) 100vw, 403px\" \/><\/figure>\n\n\n<h3 class=\"has-text-align-center has-medium-font-size wp-block-heading\">FAQs<\/h3>\n\n\n\n<p class=\"has-text-align-center\">Masz pytania dotycz\u0105ce Calf-Tel? Oto kilka najcz\u0119\u015bciej zadawanych pyta\u0144 przez hodowc\u00f3w ciel\u0105t takich jak Ty.<\/p>\n\n\n\n<div class=\"wp-block-buttons is-horizontal is-content-justification-center is-layout-flex wp-container-core-buttons-is-layout-499968f5 wp-block-buttons-is-layout-flex\">\n<div class=\"wp-block-button is-style-secondary-fill\"><a class=\"wp-block-button__link\" href=\"https:\/\/calftel.com\/support\/faqs\/\">Zobacz FAQs<\/a><\/div>\n<\/div>\n<\/div>\n<\/div>\n","protected":false},"excerpt":{"rendered":"","protected":false},"author":14,"featured_media":0,"parent":0,"menu_order":0,"comment_status":"closed","ping_status":"closed","template":"","meta":{"_acf_changed":false,"footnotes":""},"class_list":["post-9708","page","type-page","status-publish","hentry"],"acf":[],"yoast_head":"<!-- This site is optimized with the Yoast SEO plugin v27.4 - https:\/\/yoast.com\/product\/yoast-seo-wordpress\/ -->\n<title>Pomoc - Calf-Tel<\/title>\n<meta name=\"robots\" content=\"index, follow, max-snippet:-1, max-image-preview:large, max-video-preview:-1\" \/>\n<link rel=\"canonical\" href=\"https:\/\/calftel.com\/pl\/pomoc\/\" \/>\n<meta property=\"og:locale\" content=\"pl_PL\" \/>\n<meta property=\"og:type\" content=\"article\" \/>\n<meta property=\"og:title\" content=\"Pomoc - Calf-Tel\" \/>\n<meta property=\"og:url\" content=\"https:\/\/calftel.com\/pl\/pomoc\/\" \/>\n<meta property=\"og:site_name\" content=\"Calf-Tel\" \/>\n<meta property=\"article:publisher\" content=\"https:\/\/www.facebook.com\/calftel\/\" \/>\n<meta property=\"article:modified_time\" content=\"2022-06-23T19:18:39+00:00\" \/>\n<meta property=\"og:image\" content=\"https:\/\/calftel.com\/wp-content\/uploads\/2021\/06\/Untitled-1.jpg\" \/>\n<meta name=\"twitter:card\" content=\"summary_large_image\" \/>\n<meta name=\"twitter:label1\" content=\"Szacowany czas czytania\" \/>\n\t<meta name=\"twitter:data1\" content=\"1 minuta\" \/>\n<script type=\"application\/ld+json\" class=\"yoast-schema-graph\">{\"@context\":\"https:\\\/\\\/schema.org\",\"@graph\":[{\"@type\":\"WebPage\",\"@id\":\"https:\\\/\\\/calftel.com\\\/pl\\\/pomoc\\\/\",\"url\":\"https:\\\/\\\/calftel.com\\\/pl\\\/pomoc\\\/\",\"name\":\"Pomoc - Calf-Tel\",\"isPartOf\":{\"@id\":\"https:\\\/\\\/calftel.com\\\/pl\\\/#website\"},\"primaryImageOfPage\":{\"@id\":\"https:\\\/\\\/calftel.com\\\/pl\\\/pomoc\\\/#primaryimage\"},\"image\":{\"@id\":\"https:\\\/\\\/calftel.com\\\/pl\\\/pomoc\\\/#primaryimage\"},\"thumbnailUrl\":\"https:\\\/\\\/calftel.com\\\/wp-content\\\/uploads\\\/2021\\\/06\\\/Untitled-1.jpg\",\"datePublished\":\"2021-09-08T13:24:56+00:00\",\"dateModified\":\"2022-06-23T19:18:39+00:00\",\"breadcrumb\":{\"@id\":\"https:\\\/\\\/calftel.com\\\/pl\\\/pomoc\\\/#breadcrumb\"},\"inLanguage\":\"pl-PL\",\"potentialAction\":[{\"@type\":\"ReadAction\",\"target\":[\"https:\\\/\\\/calftel.com\\\/pl\\\/pomoc\\\/\"]}]},{\"@type\":\"ImageObject\",\"inLanguage\":\"pl-PL\",\"@id\":\"https:\\\/\\\/calftel.com\\\/pl\\\/pomoc\\\/#primaryimage\",\"url\":\"https:\\\/\\\/calftel.com\\\/wp-content\\\/uploads\\\/2021\\\/06\\\/Untitled-1.jpg\",\"contentUrl\":\"https:\\\/\\\/calftel.com\\\/wp-content\\\/uploads\\\/2021\\\/06\\\/Untitled-1.jpg\"},{\"@type\":\"BreadcrumbList\",\"@id\":\"https:\\\/\\\/calftel.com\\\/pl\\\/pomoc\\\/#breadcrumb\",\"itemListElement\":[{\"@type\":\"ListItem\",\"position\":1,\"name\":\"Home\",\"item\":\"https:\\\/\\\/calftel.com\\\/pl\\\/calf-housing\\\/\"},{\"@type\":\"ListItem\",\"position\":2,\"name\":\"Pomoc\"}]},{\"@type\":\"WebSite\",\"@id\":\"https:\\\/\\\/calftel.com\\\/pl\\\/#website\",\"url\":\"https:\\\/\\\/calftel.com\\\/pl\\\/\",\"name\":\"Calf-Tel\",\"description\":\"Calf Hutch Experts\",\"publisher\":{\"@id\":\"https:\\\/\\\/calftel.com\\\/pl\\\/#organization\"},\"potentialAction\":[{\"@type\":\"SearchAction\",\"target\":{\"@type\":\"EntryPoint\",\"urlTemplate\":\"https:\\\/\\\/calftel.com\\\/pl\\\/?s={search_term_string}\"},\"query-input\":{\"@type\":\"PropertyValueSpecification\",\"valueRequired\":true,\"valueName\":\"search_term_string\"}}],\"inLanguage\":\"pl-PL\"},{\"@type\":\"Organization\",\"@id\":\"https:\\\/\\\/calftel.com\\\/pl\\\/#organization\",\"name\":\"Calf-Tel by Hampel\",\"url\":\"https:\\\/\\\/calftel.com\\\/pl\\\/\",\"logo\":{\"@type\":\"ImageObject\",\"inLanguage\":\"pl-PL\",\"@id\":\"https:\\\/\\\/calftel.com\\\/pl\\\/#\\\/schema\\\/logo\\\/image\\\/\",\"url\":\"https:\\\/\\\/calftel.com\\\/wp-content\\\/uploads\\\/2021\\\/11\\\/Hampels-CalfTel-USA-EST-1981-Color.png\",\"contentUrl\":\"https:\\\/\\\/calftel.com\\\/wp-content\\\/uploads\\\/2021\\\/11\\\/Hampels-CalfTel-USA-EST-1981-Color.png\",\"width\":1080,\"height\":516,\"caption\":\"Calf-Tel by Hampel\"},\"image\":{\"@id\":\"https:\\\/\\\/calftel.com\\\/pl\\\/#\\\/schema\\\/logo\\\/image\\\/\"},\"sameAs\":[\"https:\\\/\\\/www.facebook.com\\\/calftel\\\/\",\"https:\\\/\\\/www.instagram.com\\\/calftel\\\/\",\"https:\\\/\\\/linkedin.com\\\/company\\\/calf-tel\\\/\",\"https:\\\/\\\/www.youtube.com\\\/channel\\\/UCq73euoWhx5k1kOjHBHXM_g\"]}]}<\/script>\n<!-- \/ Yoast SEO plugin. -->","yoast_head_json":{"title":"Pomoc - Calf-Tel","robots":{"index":"index","follow":"follow","max-snippet":"max-snippet:-1","max-image-preview":"max-image-preview:large","max-video-preview":"max-video-preview:-1"},"canonical":"https:\/\/calftel.com\/pl\/pomoc\/","og_locale":"pl_PL","og_type":"article","og_title":"Pomoc - Calf-Tel","og_url":"https:\/\/calftel.com\/pl\/pomoc\/","og_site_name":"Calf-Tel","article_publisher":"https:\/\/www.facebook.com\/calftel\/","article_modified_time":"2022-06-23T19:18:39+00:00","og_image":[{"url":"https:\/\/calftel.com\/wp-content\/uploads\/2021\/06\/Untitled-1.jpg","type":"","width":"","height":""}],"twitter_card":"summary_large_image","twitter_misc":{"Szacowany czas czytania":"1 minuta"},"schema":{"@context":"https:\/\/schema.org","@graph":[{"@type":"WebPage","@id":"https:\/\/calftel.com\/pl\/pomoc\/","url":"https:\/\/calftel.com\/pl\/pomoc\/","name":"Pomoc - Calf-Tel","isPartOf":{"@id":"https:\/\/calftel.com\/pl\/#website"},"primaryImageOfPage":{"@id":"https:\/\/calftel.com\/pl\/pomoc\/#primaryimage"},"image":{"@id":"https:\/\/calftel.com\/pl\/pomoc\/#primaryimage"},"thumbnailUrl":"https:\/\/calftel.com\/wp-content\/uploads\/2021\/06\/Untitled-1.jpg","datePublished":"2021-09-08T13:24:56+00:00","dateModified":"2022-06-23T19:18:39+00:00","breadcrumb":{"@id":"https:\/\/calftel.com\/pl\/pomoc\/#breadcrumb"},"inLanguage":"pl-PL","potentialAction":[{"@type":"ReadAction","target":["https:\/\/calftel.com\/pl\/pomoc\/"]}]},{"@type":"ImageObject","inLanguage":"pl-PL","@id":"https:\/\/calftel.com\/pl\/pomoc\/#primaryimage","url":"https:\/\/calftel.com\/wp-content\/uploads\/2021\/06\/Untitled-1.jpg","contentUrl":"https:\/\/calftel.com\/wp-content\/uploads\/2021\/06\/Untitled-1.jpg"},{"@type":"BreadcrumbList","@id":"https:\/\/calftel.com\/pl\/pomoc\/#breadcrumb","itemListElement":[{"@type":"ListItem","position":1,"name":"Home","item":"https:\/\/calftel.com\/pl\/calf-housing\/"},{"@type":"ListItem","position":2,"name":"Pomoc"}]},{"@type":"WebSite","@id":"https:\/\/calftel.com\/pl\/#website","url":"https:\/\/calftel.com\/pl\/","name":"Calf-Tel","description":"Calf Hutch Experts","publisher":{"@id":"https:\/\/calftel.com\/pl\/#organization"},"potentialAction":[{"@type":"SearchAction","target":{"@type":"EntryPoint","urlTemplate":"https:\/\/calftel.com\/pl\/?s={search_term_string}"},"query-input":{"@type":"PropertyValueSpecification","valueRequired":true,"valueName":"search_term_string"}}],"inLanguage":"pl-PL"},{"@type":"Organization","@id":"https:\/\/calftel.com\/pl\/#organization","name":"Calf-Tel by Hampel","url":"https:\/\/calftel.com\/pl\/","logo":{"@type":"ImageObject","inLanguage":"pl-PL","@id":"https:\/\/calftel.com\/pl\/#\/schema\/logo\/image\/","url":"https:\/\/calftel.com\/wp-content\/uploads\/2021\/11\/Hampels-CalfTel-USA-EST-1981-Color.png","contentUrl":"https:\/\/calftel.com\/wp-content\/uploads\/2021\/11\/Hampels-CalfTel-USA-EST-1981-Color.png","width":1080,"height":516,"caption":"Calf-Tel by Hampel"},"image":{"@id":"https:\/\/calftel.com\/pl\/#\/schema\/logo\/image\/"},"sameAs":["https:\/\/www.facebook.com\/calftel\/","https:\/\/www.instagram.com\/calftel\/","https:\/\/linkedin.com\/company\/calf-tel\/","https:\/\/www.youtube.com\/channel\/UCq73euoWhx5k1kOjHBHXM_g"]}]}},"_links":{"self":[{"href":"https:\/\/calftel.com\/pl\/wp-json\/wp\/v2\/pages\/9708","targetHints":{"allow":["GET"]}}],"collection":[{"href":"https:\/\/calftel.com\/pl\/wp-json\/wp\/v2\/pages"}],"about":[{"href":"https:\/\/calftel.com\/pl\/wp-json\/wp\/v2\/types\/page"}],"author":[{"embeddable":true,"href":"https:\/\/calftel.com\/pl\/wp-json\/wp\/v2\/users\/14"}],"replies":[{"embeddable":true,"href":"https:\/\/calftel.com\/pl\/wp-json\/wp\/v2\/comments?post=9708"}],"version-history":[{"count":0,"href":"https:\/\/calftel.com\/pl\/wp-json\/wp\/v2\/pages\/9708\/revisions"}],"wp:attachment":[{"href":"https:\/\/calftel.com\/pl\/wp-json\/wp\/v2\/media?parent=9708"}],"curies":[{"name":"wp","href":"https:\/\/api.w.org\/{rel}","templated":true}]}}