{"id":11168,"date":"2021-09-20T15:17:36","date_gmt":"2021-09-20T15:17:36","guid":{"rendered":"https:\/\/calftel.com\/product\/%series%\/1453-compact\/"},"modified":"2021-10-25T14:07:31","modified_gmt":"2021-10-25T14:07:31","slug":"1453-compact","status":"publish","type":"product","link":"https:\/\/calftel.com\/pl\/product\/o-series-pl\/1453-compact\/","title":{"rendered":"14|53 (Compact)"},"content":{"rendered":"\n<div class=\"wp-block-cover alignfull has-background-dim-40 has-background-dim pattern-hero-product gt-remove-margin-top\"><img loading=\"lazy\" decoding=\"async\" width=\"2000\" height=\"600\" class=\"wp-block-cover__image-background wp-image-9565\" alt=\"\" src=\"https:\/\/calftel.com\/wp-content\/uploads\/2021\/08\/Compact-Hero.jpg\" style=\"object-position:55% 50%\" data-object-fit=\"cover\" data-object-position=\"55% 50%\" srcset=\"https:\/\/calftel.com\/wp-content\/uploads\/2021\/08\/Compact-Hero.jpg 2000w, https:\/\/calftel.com\/wp-content\/uploads\/2021\/08\/Compact-Hero-300x90.jpg 300w, https:\/\/calftel.com\/wp-content\/uploads\/2021\/08\/Compact-Hero-1024x307.jpg 1024w, https:\/\/calftel.com\/wp-content\/uploads\/2021\/08\/Compact-Hero-768x230.jpg 768w, https:\/\/calftel.com\/wp-content\/uploads\/2021\/08\/Compact-Hero-1536x461.jpg 1536w\" sizes=\"auto, (max-width: 2000px) 100vw, 2000px\" \/><div class=\"wp-block-cover__inner-container is-layout-flow wp-block-cover-is-layout-flow\">\n<p class=\"has-text-align-center hero-product-series gt-remove-margin-bottom\">O-Serie<\/p>\n\n\n\n<h1 class=\"alignwide has-text-align-center hero-product-name gt-remove-margin-top gt-remove-margin-bottom wp-block-heading\">14 | 53<\/h1>\n\n\n\n<p class=\"has-text-align-center hero-product-tagline gt-remove-margin-top\">Compact<\/p>\n<\/div><\/div>\n\n<div class=\"wp-block-columns alignwide pattern-product-intro is-layout-flex wp-container-core-columns-is-layout-9d6595d7 wp-block-columns-is-layout-flex\">\n<div class=\"wp-block-column is-vertically-aligned-center is-layout-flow wp-block-column-is-layout-flow\" style=\"flex-basis:40%\">\n<h5 class=\"wp-block-heading\">Ideal f\u00fcr kleinere Rassen oder kurzfristigen Einsatz<\/h5>\n\n\n\n<p>Das Calf-Tel Compact Iglu ist die beste L\u00f6sung f\u00fcr kleinere K\u00e4lber oder die Haltung in den ersten Lebenswochen. Das Compact ist leicht zu reinigen, zu lagern und zu transportieren.<\/p>\n\n\n\n<ul class=\"wp-block-list\"><li>Molekulare Kunststoffverbindungen, besser als andere Kunststoffe<\/li><li>Ideal f\u00fcr kleinere Rassen oder kurzfristigen Einsatz<\/li><li>Extrem haltbar, aber leicht genug f\u00fcr eine einfache Handhabung<\/li><li>Kompakt und wirtschaftlich<\/li><\/ul>\n\n\n<div id=accessories-associated-listing-block_6074ebbb6e6ae class=\"block-product-docs alignwide\">\n                        <ul class=\"doc-listing\">\n                                    <li class=\"doc-item\">\n                        <a href=\"https:\/\/calftel.com\/wp-content\/uploads\/2021\/04\/Calf-Tel_Calf_Housing_Cleaning_Guide_FINAL.pdf\" target=\"_blank\">\n                            <!--                                 How-To Guide\n                             -->\n                            Calf Hutch &#038; Pen Cleaning Guide                        <\/a>\n                    <\/li>\n                                <\/ul>\n            <\/div>\n\n\n<div class=\"wp-block-buttons is-layout-flex wp-block-buttons-is-layout-flex\">\n<div class=\"wp-block-button is-style-fill\"><a class=\"wp-block-button__link has-very-dark-gray-color has-very-light-gray-background-color has-text-color has-background\" href=\"https:\/\/calftel.com\/pl\/accessories\/\">Shop Accessories<\/a><\/div>\n\n\n\n<div class=\"wp-block-button is-style-secondary-fill\"><a class=\"wp-block-button__link\" href=\"\/customizer\">Product Customizer<\/a><\/div>\n<\/div>\n<\/div>\n\n\n\n<div class=\"wp-block-column is-vertically-aligned-center is-layout-flow wp-block-column-is-layout-flow\">\n<figure class=\"wp-block-image size-large is-style-zoom\"><img loading=\"lazy\" decoding=\"async\" width=\"1024\" height=\"768\" src=\"https:\/\/calftel.com\/wp-content\/uploads\/2021\/08\/14-53-Compact-Hutch.png\" alt=\"\" class=\"wp-image-8339\" srcset=\"https:\/\/calftel.com\/wp-content\/uploads\/2021\/08\/14-53-Compact-Hutch.png 1024w, https:\/\/calftel.com\/wp-content\/uploads\/2021\/08\/14-53-Compact-Hutch-300x225.png 300w, https:\/\/calftel.com\/wp-content\/uploads\/2021\/08\/14-53-Compact-Hutch-768x576.png 768w\" sizes=\"auto, (max-width: 1024px) 100vw, 1024px\" \/><figcaption><strong>14|53 Naming Defined:<br\/>1.4 Interior Square Meters | 5&#8217;x3&#8242; Exterior Footprint<\/strong><\/figcaption><\/figure>\n\n\n\n<p><\/p>\n<\/div>\n<\/div>\n\n<div class=\"wp-block-columns is-layout-flex wp-container-core-columns-is-layout-9d6595d7 wp-block-columns-is-layout-flex\">\n<div class=\"wp-block-column is-layout-flow wp-block-column-is-layout-flow\" style=\"flex-basis:100%\">\n<div class=\"wp-block-blockgallery-masonry alignwide\"><div class=\"blockgallery has-caption-style-dark has-gutter\"><ul class=\"has-grid-xlrg has-gutter-15 has-gutter-mobile-15\"><li class=\"blockgallery--item\"><figure class=\"blockgallery--figure\"><img loading=\"lazy\" decoding=\"async\" width=\"1024\" height=\"768\" src=\"https:\/\/calftel.com\/wp-content\/uploads\/2021\/08\/Compact-Image-1-1.jpg\" alt=\"\" data-id=\"9568\" data-link=\"https:\/\/calftel.com\/de\/product\/o-serie\/1453-compact\/compact-image-1-2\/\" class=\"wp-image-9571\" srcset=\"https:\/\/calftel.com\/wp-content\/uploads\/2021\/08\/Compact-Image-1-1.jpg 1024w, https:\/\/calftel.com\/wp-content\/uploads\/2021\/08\/Compact-Image-1-1-300x225.jpg 300w, https:\/\/calftel.com\/wp-content\/uploads\/2021\/08\/Compact-Image-1-1-768x576.jpg 768w\" sizes=\"auto, (max-width: 1024px) 100vw, 1024px\" \/><\/figure><\/li><li class=\"blockgallery--item\"><figure class=\"blockgallery--figure\"><img loading=\"lazy\" decoding=\"async\" width=\"1024\" height=\"768\" src=\"https:\/\/calftel.com\/wp-content\/uploads\/2021\/08\/Compact-Image-1.jpg\" alt=\"\" data-id=\"9550\" data-link=\"https:\/\/calftel.com\/de\/product\/o-serie\/1453-compact\/compact-image-1\/\" class=\"wp-image-9553\" srcset=\"https:\/\/calftel.com\/wp-content\/uploads\/2021\/08\/Compact-Image-1.jpg 1024w, https:\/\/calftel.com\/wp-content\/uploads\/2021\/08\/Compact-Image-1-300x225.jpg 300w, https:\/\/calftel.com\/wp-content\/uploads\/2021\/08\/Compact-Image-1-768x576.jpg 768w\" sizes=\"auto, (max-width: 1024px) 100vw, 1024px\" \/><\/figure><\/li><\/ul><\/div><\/div>\n<\/div>\n<\/div>\n\n<div class=\"wp-block-group alignfull product-specifications\"><div class=\"wp-block-group__inner-container is-layout-flow wp-block-group-is-layout-flow\">\n<div class=\"wp-block-columns alignwide is-layout-flex wp-container-core-columns-is-layout-9d6595d7 wp-block-columns-is-layout-flex\">\n<div class=\"wp-block-column is-vertically-aligned-center is-layout-flow wp-block-column-is-layout-flow\" style=\"flex-basis:40%\">\n<figure class=\"wp-block-image size-large is-style-zoom\"><img loading=\"lazy\" decoding=\"async\" width=\"1024\" height=\"768\" src=\"https:\/\/calftel.com\/wp-content\/uploads\/2021\/08\/14-53-Dimension-Image.jpg\" alt=\"\" class=\"wp-image-8352\" srcset=\"https:\/\/calftel.com\/wp-content\/uploads\/2021\/08\/14-53-Dimension-Image.jpg 1024w, https:\/\/calftel.com\/wp-content\/uploads\/2021\/08\/14-53-Dimension-Image-300x225.jpg 300w, https:\/\/calftel.com\/wp-content\/uploads\/2021\/08\/14-53-Dimension-Image-768x576.jpg 768w\" sizes=\"auto, (max-width: 1024px) 100vw, 1024px\" \/><\/figure>\n<\/div>\n\n\n\n<div class=\"wp-block-column is-vertically-aligned-center is-layout-flow wp-block-column-is-layout-flow\">\n<h2 class=\"wp-block-heading\">Spezifikationen<\/h2>\n\n\n\n<figure class=\"wp-block-table is-style-regular\"><table><thead><tr><th class=\"has-text-align-left\" data-align=\"left\">Abmessungen<\/th><th class=\"has-text-align-left\" data-align=\"left\"><\/th><\/tr><\/thead><tbody><tr><td class=\"has-text-align-left\" data-align=\"left\"><strong>Au\u00dfen<\/strong><\/td><td class=\"has-text-align-left\" data-align=\"left\">58&#8243; L x 43&#8243; W x 46&#8243; H<br\/>147cm x 109cm x 117cm<br\/><\/td><\/tr><tr><td class=\"has-text-align-left\" data-align=\"left\"><strong>Innen <\/strong><\/td><td class=\"has-text-align-left\" data-align=\"left\">55&#8243; L x 40&#8243; W x 41&#8243; H<br\/>140cm x 102cm x 104cm<\/td><\/tr><tr><td class=\"has-text-align-left\" data-align=\"left\"><strong>Gewicht<\/strong><\/td><td class=\"has-text-align-left\" data-align=\"left\">37 lbs.<br\/>17 kg.<\/td><\/tr><\/tbody><\/table><\/figure>\n<\/div>\n<\/div>\n<\/div><\/div>\n<div id=features-listing-block_60707e5dfbb9c class=\"block-features-listing alignfull\">\n    <div class=\"header\">\n        \n\n<h2 class=\"card-heading wp-block-heading\">Eigenschaften<\/h2>\n\n\n    <\/div>\n\n                        <div class=\"features-list\">\n                                    <div class=\"features-row\">\n                        <div class=\"thumbnail\"><img loading=\"lazy\" decoding=\"async\" width=\"640\" height=\"529\" src=\"https:\/\/calftel.com\/wp-content\/uploads\/2021\/04\/20-64_ventilation-1024x847.png\" class=\"attachment-large size-large wp-post-image\" alt=\"\" srcset=\"https:\/\/calftel.com\/wp-content\/uploads\/2021\/04\/20-64_ventilation-1024x847.png 1024w, https:\/\/calftel.com\/wp-content\/uploads\/2021\/04\/20-64_ventilation-300x248.png 300w, https:\/\/calftel.com\/wp-content\/uploads\/2021\/04\/20-64_ventilation-768x635.png 768w, https:\/\/calftel.com\/wp-content\/uploads\/2021\/04\/20-64_ventilation-1536x1270.png 1536w, https:\/\/calftel.com\/wp-content\/uploads\/2021\/04\/20-64_ventilation-2048x1693.png 2048w\" sizes=\"auto, (max-width: 640px) 100vw, 640px\" \/><\/div>\n                        <div class=\"content\">\n                            <!-- <h3>Eco Regulowana Wentylacja<\/h3> -->\n                            <div class=\"excerpt\"><!-- wp:heading {\"level\":3,\"translatedWithWPMLTM\":\"1\"} -->\n<h3>Regulowana wentylacja<\/h3>\n<!-- \/wp:heading --><!-- wp:paragraph {\"translatedWithWPMLTM\":\"1\"} -->\n<p>Prawid\u0142owy przep\u0142yw powietrza jest jednym z najwa\u017cniejszych aspekt\u00f3w zdrowia ciel\u0105t. Budki Calf-Tel posiadaj\u0105 regulowany system wentylacji, kt\u00f3ry pozwala na stworzenie idealnego mikro\u015brodowiska dla ciel\u0105t.<\/p>\n<!-- \/wp:paragraph --><\/div>\n                        <\/div>\n                    <\/div>\n                                <\/div>\n            <\/div><div id=accessories-associated-listing-block_6070b6bd72643 class=\"block-accessories-associated-listing alignfull\">\n    <div class=\"header\">\n        \n\n<h2 class=\"card-heading wp-block-heading\">Zugeh\u00f6riges Zubeh\u00f6r<\/h2>\n\n\n    <\/div>\n\n                        <div class=\"post-listing\">\n                                    <div class=\"post-card\">\n                        <a href=\"https:\/\/calftel.com\/pl\/?p=7836\">\n                            <div class=\"thumbnail\"><img loading=\"lazy\" decoding=\"async\" width=\"300\" height=\"300\" src=\"https:\/\/calftel.com\/wp-content\/uploads\/2021\/06\/CT-3205-Rear-Bedding-Door-300x300.png\" class=\"attachment-medium size-medium wp-post-image\" alt=\"\" srcset=\"https:\/\/calftel.com\/wp-content\/uploads\/2021\/06\/CT-3205-Rear-Bedding-Door-300x300.png 300w, https:\/\/calftel.com\/wp-content\/uploads\/2021\/06\/CT-3205-Rear-Bedding-Door-150x150.png 150w, https:\/\/calftel.com\/wp-content\/uploads\/2021\/06\/CT-3205-Rear-Bedding-Door-768x768.png 768w, https:\/\/calftel.com\/wp-content\/uploads\/2021\/06\/CT-3205-Rear-Bedding-Door.png 800w\" sizes=\"auto, (max-width: 300px) 100vw, 300px\" \/><\/div>\n                            <div class=\"content\">\n                                <h3>Tylne drzwi \u015bcio\u0142owe<\/h3>\n                                                                    <div class=\"excerpt\"><\/div>\n                                                            <\/div>\n                            <p class=\"read-more\">Read More<\/p>\n                        <\/a>\n                    <\/div>\n                                <\/div>\n            <\/div>","protected":false},"excerpt":{"rendered":"<p>Die kleinste verf\u00fcgbare Calf-Tel-H\u00fctte ist ideal f\u00fcr kleinere Rassen oder den kurzzeitigen Einsatz.<\/p>\n","protected":false},"featured_media":8339,"template":"","series":[160],"class_list":["post-11168","product","type-product","status-publish","has-post-thumbnail","hentry","series-o-series-pl"],"acf":[],"yoast_head":"<!-- This site is optimized with the Yoast SEO plugin v27.1.1 - https:\/\/yoast.com\/product\/yoast-seo-wordpress\/ -->\n<title>14|53 (Compact) - Calf-Tel<\/title>\n<meta name=\"robots\" content=\"index, follow, max-snippet:-1, max-image-preview:large, max-video-preview:-1\" \/>\n<link rel=\"canonical\" href=\"https:\/\/calftel.com\/pl\/product\/o-series-pl\/1453-compact\/\" \/>\n<meta property=\"og:locale\" content=\"pl_PL\" \/>\n<meta property=\"og:type\" content=\"article\" \/>\n<meta property=\"og:title\" content=\"14|53 (Compact) - Calf-Tel\" \/>\n<meta property=\"og:description\" content=\"Die kleinste verf\u00fcgbare Calf-Tel-H\u00fctte ist ideal f\u00fcr kleinere Rassen oder den kurzzeitigen Einsatz.\" \/>\n<meta property=\"og:url\" content=\"https:\/\/calftel.com\/pl\/product\/o-series-pl\/1453-compact\/\" \/>\n<meta property=\"og:site_name\" content=\"Calf-Tel\" \/>\n<meta property=\"article:publisher\" content=\"https:\/\/www.facebook.com\/calftel\/\" \/>\n<meta property=\"article:modified_time\" content=\"2021-10-25T14:07:31+00:00\" \/>\n<meta property=\"og:image\" content=\"https:\/\/calftel.com\/wp-content\/uploads\/2021\/08\/14-53-Compact-Hutch.png\" \/>\n\t<meta property=\"og:image:width\" content=\"1024\" \/>\n\t<meta property=\"og:image:height\" content=\"768\" \/>\n\t<meta property=\"og:image:type\" content=\"image\/png\" \/>\n<meta name=\"twitter:card\" content=\"summary_large_image\" \/>\n<meta name=\"twitter:label1\" content=\"Szacowany czas czytania\" \/>\n\t<meta name=\"twitter:data1\" content=\"1 minuta\" \/>\n<script type=\"application\/ld+json\" class=\"yoast-schema-graph\">{\"@context\":\"https:\/\/schema.org\",\"@graph\":[{\"@type\":[\"WebPage\",\"ItemPage\"],\"@id\":\"https:\/\/calftel.com\/pl\/product\/o-series-pl\/1453-compact\/\",\"url\":\"https:\/\/calftel.com\/pl\/product\/o-series-pl\/1453-compact\/\",\"name\":\"14|53 (Compact) - Calf-Tel\",\"isPartOf\":{\"@id\":\"https:\/\/calftel.com\/pl\/#website\"},\"primaryImageOfPage\":{\"@id\":\"https:\/\/calftel.com\/pl\/product\/o-series-pl\/1453-compact\/#primaryimage\"},\"image\":{\"@id\":\"https:\/\/calftel.com\/pl\/product\/o-series-pl\/1453-compact\/#primaryimage\"},\"thumbnailUrl\":\"https:\/\/calftel.com\/wp-content\/uploads\/2021\/08\/14-53-Compact-Hutch.png\",\"datePublished\":\"2021-09-20T15:17:36+00:00\",\"dateModified\":\"2021-10-25T14:07:31+00:00\",\"breadcrumb\":{\"@id\":\"https:\/\/calftel.com\/pl\/product\/o-series-pl\/1453-compact\/#breadcrumb\"},\"inLanguage\":\"pl-PL\",\"potentialAction\":[{\"@type\":\"ReadAction\",\"target\":[\"https:\/\/calftel.com\/pl\/product\/o-series-pl\/1453-compact\/\"]}]},{\"@type\":\"ImageObject\",\"inLanguage\":\"pl-PL\",\"@id\":\"https:\/\/calftel.com\/pl\/product\/o-series-pl\/1453-compact\/#primaryimage\",\"url\":\"https:\/\/calftel.com\/wp-content\/uploads\/2021\/08\/14-53-Compact-Hutch.png\",\"contentUrl\":\"https:\/\/calftel.com\/wp-content\/uploads\/2021\/08\/14-53-Compact-Hutch.png\",\"width\":1024,\"height\":768},{\"@type\":\"BreadcrumbList\",\"@id\":\"https:\/\/calftel.com\/pl\/product\/o-series-pl\/1453-compact\/#breadcrumb\",\"itemListElement\":[{\"@type\":\"ListItem\",\"position\":1,\"name\":\"Home\",\"item\":\"https:\/\/calftel.com\/pl\/calf-housing\/\"},{\"@type\":\"ListItem\",\"position\":2,\"name\":\"O-Series\",\"item\":\"https:\/\/calftel.com\/pl\/series\/o-series-pl\/\"},{\"@type\":\"ListItem\",\"position\":3,\"name\":\"14|53 (Compact)\"}]},{\"@type\":\"WebSite\",\"@id\":\"https:\/\/calftel.com\/pl\/#website\",\"url\":\"https:\/\/calftel.com\/pl\/\",\"name\":\"Calf-Tel\",\"description\":\"Calf Hutch Experts\",\"publisher\":{\"@id\":\"https:\/\/calftel.com\/pl\/#organization\"},\"potentialAction\":[{\"@type\":\"SearchAction\",\"target\":{\"@type\":\"EntryPoint\",\"urlTemplate\":\"https:\/\/calftel.com\/pl\/?s={search_term_string}\"},\"query-input\":{\"@type\":\"PropertyValueSpecification\",\"valueRequired\":true,\"valueName\":\"search_term_string\"}}],\"inLanguage\":\"pl-PL\"},{\"@type\":\"Organization\",\"@id\":\"https:\/\/calftel.com\/pl\/#organization\",\"name\":\"Calf-Tel by Hampel\",\"url\":\"https:\/\/calftel.com\/pl\/\",\"logo\":{\"@type\":\"ImageObject\",\"inLanguage\":\"pl-PL\",\"@id\":\"https:\/\/calftel.com\/pl\/#\/schema\/logo\/image\/\",\"url\":\"https:\/\/calftel.com\/wp-content\/uploads\/2021\/11\/Hampels-CalfTel-USA-EST-1981-Color.png\",\"contentUrl\":\"https:\/\/calftel.com\/wp-content\/uploads\/2021\/11\/Hampels-CalfTel-USA-EST-1981-Color.png\",\"width\":1080,\"height\":516,\"caption\":\"Calf-Tel by Hampel\"},\"image\":{\"@id\":\"https:\/\/calftel.com\/pl\/#\/schema\/logo\/image\/\"},\"sameAs\":[\"https:\/\/www.facebook.com\/calftel\/\",\"https:\/\/www.instagram.com\/calftel\/\",\"https:\/\/linkedin.com\/company\/calf-tel\/\",\"https:\/\/www.youtube.com\/channel\/UCq73euoWhx5k1kOjHBHXM_g\"]}]}<\/script>\n<!-- \/ Yoast SEO plugin. -->","yoast_head_json":{"title":"14|53 (Compact) - Calf-Tel","robots":{"index":"index","follow":"follow","max-snippet":"max-snippet:-1","max-image-preview":"max-image-preview:large","max-video-preview":"max-video-preview:-1"},"canonical":"https:\/\/calftel.com\/pl\/product\/o-series-pl\/1453-compact\/","og_locale":"pl_PL","og_type":"article","og_title":"14|53 (Compact) - Calf-Tel","og_description":"Die kleinste verf\u00fcgbare Calf-Tel-H\u00fctte ist ideal f\u00fcr kleinere Rassen oder den kurzzeitigen Einsatz.","og_url":"https:\/\/calftel.com\/pl\/product\/o-series-pl\/1453-compact\/","og_site_name":"Calf-Tel","article_publisher":"https:\/\/www.facebook.com\/calftel\/","article_modified_time":"2021-10-25T14:07:31+00:00","og_image":[{"width":1024,"height":768,"url":"https:\/\/calftel.com\/wp-content\/uploads\/2021\/08\/14-53-Compact-Hutch.png","type":"image\/png"}],"twitter_card":"summary_large_image","twitter_misc":{"Szacowany czas czytania":"1 minuta"},"schema":{"@context":"https:\/\/schema.org","@graph":[{"@type":["WebPage","ItemPage"],"@id":"https:\/\/calftel.com\/pl\/product\/o-series-pl\/1453-compact\/","url":"https:\/\/calftel.com\/pl\/product\/o-series-pl\/1453-compact\/","name":"14|53 (Compact) - Calf-Tel","isPartOf":{"@id":"https:\/\/calftel.com\/pl\/#website"},"primaryImageOfPage":{"@id":"https:\/\/calftel.com\/pl\/product\/o-series-pl\/1453-compact\/#primaryimage"},"image":{"@id":"https:\/\/calftel.com\/pl\/product\/o-series-pl\/1453-compact\/#primaryimage"},"thumbnailUrl":"https:\/\/calftel.com\/wp-content\/uploads\/2021\/08\/14-53-Compact-Hutch.png","datePublished":"2021-09-20T15:17:36+00:00","dateModified":"2021-10-25T14:07:31+00:00","breadcrumb":{"@id":"https:\/\/calftel.com\/pl\/product\/o-series-pl\/1453-compact\/#breadcrumb"},"inLanguage":"pl-PL","potentialAction":[{"@type":"ReadAction","target":["https:\/\/calftel.com\/pl\/product\/o-series-pl\/1453-compact\/"]}]},{"@type":"ImageObject","inLanguage":"pl-PL","@id":"https:\/\/calftel.com\/pl\/product\/o-series-pl\/1453-compact\/#primaryimage","url":"https:\/\/calftel.com\/wp-content\/uploads\/2021\/08\/14-53-Compact-Hutch.png","contentUrl":"https:\/\/calftel.com\/wp-content\/uploads\/2021\/08\/14-53-Compact-Hutch.png","width":1024,"height":768},{"@type":"BreadcrumbList","@id":"https:\/\/calftel.com\/pl\/product\/o-series-pl\/1453-compact\/#breadcrumb","itemListElement":[{"@type":"ListItem","position":1,"name":"Home","item":"https:\/\/calftel.com\/pl\/calf-housing\/"},{"@type":"ListItem","position":2,"name":"O-Series","item":"https:\/\/calftel.com\/pl\/series\/o-series-pl\/"},{"@type":"ListItem","position":3,"name":"14|53 (Compact)"}]},{"@type":"WebSite","@id":"https:\/\/calftel.com\/pl\/#website","url":"https:\/\/calftel.com\/pl\/","name":"Calf-Tel","description":"Calf Hutch Experts","publisher":{"@id":"https:\/\/calftel.com\/pl\/#organization"},"potentialAction":[{"@type":"SearchAction","target":{"@type":"EntryPoint","urlTemplate":"https:\/\/calftel.com\/pl\/?s={search_term_string}"},"query-input":{"@type":"PropertyValueSpecification","valueRequired":true,"valueName":"search_term_string"}}],"inLanguage":"pl-PL"},{"@type":"Organization","@id":"https:\/\/calftel.com\/pl\/#organization","name":"Calf-Tel by Hampel","url":"https:\/\/calftel.com\/pl\/","logo":{"@type":"ImageObject","inLanguage":"pl-PL","@id":"https:\/\/calftel.com\/pl\/#\/schema\/logo\/image\/","url":"https:\/\/calftel.com\/wp-content\/uploads\/2021\/11\/Hampels-CalfTel-USA-EST-1981-Color.png","contentUrl":"https:\/\/calftel.com\/wp-content\/uploads\/2021\/11\/Hampels-CalfTel-USA-EST-1981-Color.png","width":1080,"height":516,"caption":"Calf-Tel by Hampel"},"image":{"@id":"https:\/\/calftel.com\/pl\/#\/schema\/logo\/image\/"},"sameAs":["https:\/\/www.facebook.com\/calftel\/","https:\/\/www.instagram.com\/calftel\/","https:\/\/linkedin.com\/company\/calf-tel\/","https:\/\/www.youtube.com\/channel\/UCq73euoWhx5k1kOjHBHXM_g"]}]}},"_links":{"self":[{"href":"https:\/\/calftel.com\/pl\/wp-json\/wp\/v2\/product\/11168","targetHints":{"allow":["GET"]}}],"collection":[{"href":"https:\/\/calftel.com\/pl\/wp-json\/wp\/v2\/product"}],"about":[{"href":"https:\/\/calftel.com\/pl\/wp-json\/wp\/v2\/types\/product"}],"wp:featuredmedia":[{"embeddable":true,"href":"https:\/\/calftel.com\/pl\/wp-json\/wp\/v2\/media\/8339"}],"wp:attachment":[{"href":"https:\/\/calftel.com\/pl\/wp-json\/wp\/v2\/media?parent=11168"}],"wp:term":[{"taxonomy":"series","embeddable":true,"href":"https:\/\/calftel.com\/pl\/wp-json\/wp\/v2\/series?post=11168"}],"curies":[{"name":"wp","href":"https:\/\/api.w.org\/{rel}","templated":true}]}}