{"id":8335,"date":"2021-08-12T18:07:25","date_gmt":"2021-08-12T18:07:25","guid":{"rendered":"https:\/\/calftel.local\/product\/%series%\/17-54-ecs\/"},"modified":"2021-09-14T19:49:39","modified_gmt":"2021-09-14T19:49:39","slug":"17-54-ecs","status":"publish","type":"product","link":"https:\/\/calftel.com\/pl\/product\/o-series-pl\/17-54-ecs\/","title":{"rendered":"17 | 54 (ECS)"},"content":{"rendered":"\n<div class=\"wp-block-cover alignfull has-background-dim-40 has-background-dim pattern-hero-product gt-remove-margin-top\"><img decoding=\"async\" class=\"wp-block-cover__image-background wp-image-2059\" alt=\"\" src=\"https:\/\/calftel.com\/wp-content\/uploads\/2021\/03\/ECS_site.jpg\" style=\"object-position:71% 59%\" data-object-fit=\"cover\" data-object-position=\"71% 59%\"\/><div class=\"wp-block-cover__inner-container is-layout-flow wp-block-cover-is-layout-flow\">\n<p class=\"has-text-align-center hero-product-series gt-remove-margin-bottom\"><strong>O-Series<\/strong><\/p>\n\n\n\n<h1 class=\"has-text-align-center hero-product-name gt-remove-margin-top gt-remove-margin-bottom wp-block-heading\">17 | 54 (ECS)<\/h1>\n<\/div><\/div>\n\n<div class=\"wp-block-columns alignwide pattern-product-intro is-layout-flex wp-container-core-columns-is-layout-9d6595d7 wp-block-columns-is-layout-flex\">\n<div class=\"wp-block-column is-vertically-aligned-center is-layout-flow wp-block-column-is-layout-flow\" style=\"flex-basis:40%\">\n<h5 class=\"wp-block-heading\">Pierwszy w swoim rodzaju: Calf-Tel 17|54<\/h5>\n\n\n\n<p>Calf-Tel 17|54 &#8211; Elevated Calf System (ECS), plastikowy, z kontrolowanym klimatem, podwy\u017cszony system utrzymania ciel\u0105t, oferuje zwi\u0119kszon\u0105 trwa\u0142o\u015b\u0107 i u\u0142atwia czystsze \u015brodowisko dla zr\u00f3wnowa\u017conego zdrowia ciel\u0105t w por\u00f3wnaniu do drewna. Dodatkowo, wytrzyma\u0142e, polietylenowe budki dla ciel\u0105t s\u0105 odporne na najbardziej brutalne warunki pogodowe, a pigment blokuj\u0105cy promieniowanie UV zapobiega ich niszczeniu.<\/p>\n\n\n\n<ul class=\"wp-block-list\"><li>\u0141atwo\u015b\u0107 przemieszczania, zarz\u0105dzania i utrzymania<\/li><li>\u0141atwe karmienie, pojenie i do\u015bcielanie twoich ciel\u0105t<\/li><li>Znacznie \u0142atwiejsze czyszczenie ni\u017c w przypadku budek drewnianych<\/li><li>Minimalizacja ilo\u015bci \u015bci\u00f3\u0142ki, czasu karmienia i og\u00f3lnej pracy<\/li><li>Budka zamyka si\u0119 w celu ochrony przed deszczem lub \u015bniegiem<\/li><li>Mie\u015bci si\u0119 wewn\u0105trz standardowej drewnianej podstawy 8&#8242; x 5&#8242; i zapewnia wi\u0119cej miejsca dla ciel\u0119cia<\/li><\/ul>\n\n\n\n<div class=\"wp-block-columns is-layout-flex wp-container-core-columns-is-layout-9d6595d7 wp-block-columns-is-layout-flex\">\n<div class=\"wp-block-column is-layout-flow wp-block-column-is-layout-flow\" style=\"flex-basis:100%\"><div id=accessories-associated-listing-block_6074ebbb6e6ae class=\"block-product-docs alignwide\">\n                        <ul class=\"doc-listing\">\n                                    <li class=\"doc-item\">\n                        <a href=\"https:\/\/calftel.com\/wp-content\/uploads\/2021\/04\/Elevated-Calf-System-Assembly-Instructions-3.pdf\" target=\"_blank\">\n                            <!--                                 Assembly Instructions\n                             -->\n                            Elevated Calf System Assembly Instructions                        <\/a>\n                    <\/li>\n                                <\/ul>\n            <\/div><\/div>\n<\/div>\n\n\n\n<div class=\"wp-block-buttons is-layout-flex wp-block-buttons-is-layout-flex\">\n<div class=\"wp-block-button is-style-fill\"><a class=\"wp-block-button__link has-very-dark-gray-color has-very-light-gray-background-color has-text-color has-background\" href=\"https:\/\/calftel.com\/pl\/accessories\/\">Sklep z Akcesoriami<\/a><\/div>\n\n\n\n<div class=\"wp-block-button is-style-secondary-fill\"><a class=\"wp-block-button__link\" href=\"\/ Konfiguracja\">Dostosowanie produktu<\/a><\/div>\n<\/div>\n<\/div>\n\n\n\n<div class=\"wp-block-column is-vertically-aligned-center is-layout-flow wp-block-column-is-layout-flow\">\n<figure class=\"wp-block-image size-full is-style-zoom\"><img loading=\"lazy\" decoding=\"async\" width=\"1024\" height=\"768\" src=\"https:\/\/calftel.com\/wp-content\/uploads\/2021\/03\/Untitled-4.png\" alt=\"\" class=\"wp-image-10230\" srcset=\"https:\/\/calftel.com\/wp-content\/uploads\/2021\/03\/Untitled-4.png 1024w, https:\/\/calftel.com\/wp-content\/uploads\/2021\/03\/Untitled-4-300x225.png 300w, https:\/\/calftel.com\/wp-content\/uploads\/2021\/03\/Untitled-4-768x576.png 768w\" sizes=\"auto, (max-width: 1024px) 100vw, 1024px\" \/><figcaption><strong>17|54 Naming Defined:<\/strong><br\/><strong>1,7 metra kwadratowego powierzchni wewn\u0119trznej | 5&#8217;x4&#8221; powierzchni zewn\u0119trznej<\/strong><\/figcaption><\/figure>\n<\/div>\n<\/div>\n\n<figure class=\"wp-block-embed alignwide is-type-video is-provider-youtube wp-block-embed-youtube wp-embed-aspect-16-9 wp-has-aspect-ratio\"><div class=\"wp-block-embed__wrapper\">\n<iframe loading=\"lazy\" title=\"Calf-Tel ECS\" width=\"640\" height=\"360\" src=\"https:\/\/www.youtube.com\/embed\/LmrlfGZmxXg?feature=oembed\" frameborder=\"0\" allow=\"accelerometer; autoplay; clipboard-write; encrypted-media; gyroscope; picture-in-picture; web-share\" referrerpolicy=\"strict-origin-when-cross-origin\" allowfullscreen><\/iframe>\n<\/div><\/figure>\n\n<figure class=\"wp-block-gallery alignwide columns-3 is-cropped wp-block-gallery-1 is-layout-flex wp-block-gallery-is-layout-flex\"><ul class=\"blocks-gallery-grid\"><li class=\"blocks-gallery-item\"><figure><img loading=\"lazy\" decoding=\"async\" width=\"1024\" height=\"768\" src=\"https:\/\/calftel.com\/wp-content\/uploads\/2021\/03\/Untitled-7.jpg\" alt=\"\" data-id=\"7491\" data-link=\"https:\/\/calftel.com\/product\/o-series\/17-54\/untitled-7-4\/\" class=\"wp-image-7494\" srcset=\"https:\/\/calftel.com\/wp-content\/uploads\/2021\/03\/Untitled-7.jpg 1024w, https:\/\/calftel.com\/wp-content\/uploads\/2021\/03\/Untitled-7-300x225.jpg 300w, https:\/\/calftel.com\/wp-content\/uploads\/2021\/03\/Untitled-7-768x576.jpg 768w\" sizes=\"auto, (max-width: 1024px) 100vw, 1024px\" \/><\/figure><\/li><li class=\"blocks-gallery-item\"><figure><img loading=\"lazy\" decoding=\"async\" width=\"1024\" height=\"768\" src=\"https:\/\/calftel.com\/wp-content\/uploads\/2021\/03\/Untitled-8.jpg\" alt=\"\" data-id=\"7497\" data-link=\"https:\/\/calftel.com\/product\/o-series\/17-54\/untitled-8-3\/\" class=\"wp-image-7500\" srcset=\"https:\/\/calftel.com\/wp-content\/uploads\/2021\/03\/Untitled-8.jpg 1024w, https:\/\/calftel.com\/wp-content\/uploads\/2021\/03\/Untitled-8-300x225.jpg 300w, https:\/\/calftel.com\/wp-content\/uploads\/2021\/03\/Untitled-8-768x576.jpg 768w\" sizes=\"auto, (max-width: 1024px) 100vw, 1024px\" \/><\/figure><\/li><li class=\"blocks-gallery-item\"><figure><img loading=\"lazy\" decoding=\"async\" width=\"1024\" height=\"768\" src=\"https:\/\/calftel.com\/wp-content\/uploads\/2021\/03\/Untitled-6.jpg\" alt=\"\" data-id=\"7509\" data-link=\"https:\/\/calftel.com\/product\/o-series\/17-54\/untitled-6-3\/\" class=\"wp-image-7512\" srcset=\"https:\/\/calftel.com\/wp-content\/uploads\/2021\/03\/Untitled-6.jpg 1024w, https:\/\/calftel.com\/wp-content\/uploads\/2021\/03\/Untitled-6-300x225.jpg 300w, https:\/\/calftel.com\/wp-content\/uploads\/2021\/03\/Untitled-6-768x576.jpg 768w\" sizes=\"auto, (max-width: 1024px) 100vw, 1024px\" \/><\/figure><\/li><\/ul><\/figure>\n\n<div class=\"wp-block-group alignfull product-specifications\"><div class=\"wp-block-group__inner-container is-layout-flow wp-block-group-is-layout-flow\">\n<div class=\"wp-block-columns alignwide is-layout-flex wp-container-core-columns-is-layout-9d6595d7 wp-block-columns-is-layout-flex\">\n<div class=\"wp-block-column is-vertically-aligned-center is-layout-flow wp-block-column-is-layout-flow\" style=\"flex-basis:40%\">\n<figure class=\"wp-block-image size-full is-style-zoom\"><img loading=\"lazy\" decoding=\"async\" width=\"1024\" height=\"768\" src=\"https:\/\/calftel.com\/wp-content\/uploads\/2021\/03\/ECS-Dimensions.jpg\" alt=\"\" class=\"wp-image-10237\" srcset=\"https:\/\/calftel.com\/wp-content\/uploads\/2021\/03\/ECS-Dimensions.jpg 1024w, https:\/\/calftel.com\/wp-content\/uploads\/2021\/03\/ECS-Dimensions-300x225.jpg 300w, https:\/\/calftel.com\/wp-content\/uploads\/2021\/03\/ECS-Dimensions-768x576.jpg 768w\" sizes=\"auto, (max-width: 1024px) 100vw, 1024px\" \/><\/figure>\n<\/div>\n\n\n\n<div class=\"wp-block-column is-vertically-aligned-center is-layout-flow wp-block-column-is-layout-flow\">\n<h2 class=\"wp-block-heading\">Dane techniczne<\/h2>\n\n\n\n<figure class=\"wp-block-table is-style-regular\"><table><thead><tr><th>Wymiary<\/th><th><\/th><\/tr><\/thead><tbody><tr><td><strong>Na zewn\u0105trz<\/strong><\/td><td>67\u201d D x 48\u201d S x 48\u201d W<br\/>170cm x 122cm x 122cm<\/td><\/tr><tr><td><strong>Wewn\u0119trzna przestrze\u0144 u\u017cytkowa dla ciel\u0105t<\/strong><\/td><td><meta charset=\"utf-8\"\/>57\u201d D x 46\u201d S x 46\u201d W<br\/>145cm x 117cm x 117cm<\/td><\/tr><tr><td><strong>Waga<\/strong><\/td><td>65 lbs.<br\/>30 kg.<\/td><\/tr><\/tbody><\/table><\/figure>\n<\/div>\n<\/div>\n<\/div><\/div>\n<div id=features-listing-block_60707e5dfbb9c class=\"block-features-listing alignfull\">\n    <div class=\"header\">\n        \n\n<h2 class=\"card-heading wp-block-heading\">Cechy i zalety<\/h2>\n\n\n    <\/div>\n\n                        <div class=\"features-list\">\n                                    <div class=\"features-row\">\n                        <div class=\"thumbnail\"><img loading=\"lazy\" decoding=\"async\" width=\"300\" height=\"225\" src=\"https:\/\/calftel.com\/wp-content\/uploads\/2021\/05\/Rear-Vent-Feature.jpg\" class=\"attachment-large size-large wp-post-image\" alt=\"\" \/><\/div>\n                        <div class=\"content\">\n                            <!-- <h3>Tylne otwory wentylacyjne ECS<\/h3> -->\n                            <div class=\"excerpt\"><!-- wp:heading {\"level\":3,\"translatedWithWPMLTM\":\"1\"} -->\n<h3>Tylne otwory wentylacyjne<\/h3>\n<!-- \/wp:heading --><!-- wp:paragraph {\"translatedWithWPMLTM\":\"1\"} -->\n<p>Tylne otwory wentylacyjne, po otwarciu, s\u0105 zaprojektowane tak, aby zapewni\u0107 doskona\u0142y przep\u0142yw powietrza w por\u00f3wnaniu z innymi domkami na rynku.<\/p>\n<!-- \/wp:paragraph --><\/div>\n                        <\/div>\n                    <\/div>\n                                    <div class=\"features-row\">\n                        <div class=\"thumbnail\"><img loading=\"lazy\" decoding=\"async\" width=\"640\" height=\"480\" src=\"https:\/\/calftel.com\/wp-content\/uploads\/2021\/05\/ECS_Door-open.png\" class=\"attachment-large size-large wp-post-image\" alt=\"\" srcset=\"https:\/\/calftel.com\/wp-content\/uploads\/2021\/05\/ECS_Door-open.png 3140w, https:\/\/calftel.com\/wp-content\/uploads\/2021\/05\/ECS_Door-open-300x225.png 300w\" sizes=\"auto, (max-width: 640px) 100vw, 640px\" \/><\/div>\n                        <div class=\"content\">\n                            <!-- <h3>Drzwi zawiasowe ECS<\/h3> -->\n                            <div class=\"excerpt\"><!-- wp:heading {\"level\":3,\"translatedWithWPMLTM\":\"1\"} -->\n<h3>Drzwi zawiasowe<\/h3>\n<!-- \/wp:heading --><!-- wp:paragraph {\"translatedWithWPMLTM\":\"1\"} -->\n<p>Drzwi na zawiasach umo\u017cliwiaj\u0105 \u0142atwe przenoszenie ciel\u0105t do i z systemu Elevated Calf System.<\/p>\n<!-- \/wp:paragraph --><\/div>\n                        <\/div>\n                    <\/div>\n                                    <div class=\"features-row\">\n                        <div class=\"thumbnail\"><img loading=\"lazy\" decoding=\"async\" width=\"640\" height=\"444\" src=\"https:\/\/calftel.com\/wp-content\/uploads\/2021\/05\/ECS_Roof-scaled.jpg\" class=\"attachment-large size-large wp-post-image\" alt=\"\" srcset=\"https:\/\/calftel.com\/wp-content\/uploads\/2021\/05\/ECS_Roof-scaled.jpg 2560w, https:\/\/calftel.com\/wp-content\/uploads\/2021\/05\/ECS_Roof-300x208.jpg 300w\" sizes=\"auto, (max-width: 640px) 100vw, 640px\" \/><\/div>\n                        <div class=\"content\">\n                            <!-- <h3>Dach rozsuwany ECS<\/h3> -->\n                            <div class=\"excerpt\"><!-- wp:heading {\"level\":3,\"translatedWithWPMLTM\":\"1\"} -->\n<h3>Rozsuwany dach<\/h3>\n<!-- \/wp:heading --><!-- wp:paragraph {\"translatedWithWPMLTM\":\"1\"} -->\n<p>Dach mo\u017ce by\u0107 otwierany, aby zapewni\u0107 ciel\u0119tom naturalne \u015bwiat\u0142o s\u0142oneczne i lepsz\u0105 wentylacj\u0119. Dach mo\u017ce by\u0107 zamkni\u0119ty podczas niepogody, aby chroni\u0107 ciel\u0119 przed \u017cywio\u0142ami i utrzyma\u0107 zar\u00f3wno ciel\u0119 jak i pasz\u0119 w sucho\u015bci.<\/p>\n<!-- \/wp:paragraph --><\/div>\n                        <\/div>\n                    <\/div>\n                                    <div class=\"features-row\">\n                        <div class=\"thumbnail\"><img loading=\"lazy\" decoding=\"async\" width=\"1\" height=\"1\" src=\"https:\/\/calftel.com\/wp-content\/uploads\/2021\/05\/Calf-Tel_flooring__IMG_3577-Edit.jpg\" class=\"attachment-large size-large wp-post-image\" alt=\"\" \/><\/div>\n                        <div class=\"content\">\n                            <!-- <h3>Calf-Tel Plastikowa pod\u0142oga<\/h3> -->\n                            <div class=\"excerpt\"><!-- wp:heading {\"level\":3,\"translatedWithWPMLTM\":\"1\"} -->\n<h3>Calf-Tel Plastikowa pod\u0142oga<\/h3>\n<!-- \/wp:heading --><!-- wp:paragraph {\"translatedWithWPMLTM\":\"1\"} -->\n<p>Pod\u0142oga z tworzywa sztucznego Calf-Tel zapewnia wygodn\u0105 powierzchni\u0119 do wychowu ciel\u0105t i zmniejsza obci\u0105\u017cenia biologiczne dzi\u0119ki lepszej wentylacji i przej\u015bciu odpad\u00f3w.<\/p>\n<!-- \/wp:paragraph --><\/div>\n                        <\/div>\n                    <\/div>\n                                    <div class=\"features-row\">\n                        <div class=\"thumbnail\"><img loading=\"lazy\" decoding=\"async\" width=\"1\" height=\"1\" src=\"https:\/\/calftel.com\/wp-content\/uploads\/2021\/05\/Floor_Base.jpg\" class=\"attachment-large size-large wp-post-image\" alt=\"\" \/><\/div>\n                        <div class=\"content\">\n                            <!-- <h3>Materia\u0142 pod\u0142ogowy z tworzywa sztucznego Calf-Tel<\/h3> -->\n                            <div class=\"excerpt\"><!-- wp:heading {\"level\":3,\"translatedWithWPMLTM\":\"1\"} -->\n<h3>Materia\u0142 pod\u0142ogowy z tworzywa sztucznego Calf-Tel<\/h3>\n<!-- \/wp:heading --><!-- wp:paragraph {\"translatedWithWPMLTM\":\"1\"} -->\n<p>Innowacyjna strukturalna pod\u0142oga z pianki z tworzywa sztucznego przeznaczona do stosowania z drewnian\u0105 platform\u0105.<\/p>\n<!-- \/wp:paragraph --><\/div>\n                        <\/div>\n                    <\/div>\n                                <\/div>\n            <\/div><div id=accessories-associated-listing-block_6070b6bd72643 class=\"block-accessories-associated-listing alignfull\">\n    <div class=\"header\">\n        \n\n<h2 class=\"card-heading wp-block-heading\">Powi\u0105zane akcesoria<\/h2>\n\n\n    <\/div>\n\n        <\/div>\n<p><\/p>\n","protected":false},"excerpt":{"rendered":"<p>Calf-Tel 17|54 &#8211; Podwy\u017cszony Calf System (ECS), plastikowy, z kontrolowanym klimatem, podwy\u017cszony system utrzymania ciel\u0105t.<\/p>\n","protected":false},"featured_media":2053,"template":"","series":[160],"class_list":["post-8335","product","type-product","status-publish","has-post-thumbnail","hentry","series-o-series-pl"],"acf":[],"yoast_head":"<!-- This site is optimized with the Yoast SEO plugin v27.1.1 - https:\/\/yoast.com\/product\/yoast-seo-wordpress\/ -->\n<title>17 | 54 (ECS) - Calf-Tel<\/title>\n<meta name=\"robots\" content=\"index, follow, max-snippet:-1, max-image-preview:large, max-video-preview:-1\" \/>\n<link rel=\"canonical\" href=\"https:\/\/calftel.com\/pl\/product\/o-series-pl\/17-54-ecs\/\" \/>\n<meta property=\"og:locale\" content=\"pl_PL\" \/>\n<meta property=\"og:type\" content=\"article\" \/>\n<meta property=\"og:title\" content=\"17 | 54 (ECS) - Calf-Tel\" \/>\n<meta property=\"og:description\" content=\"Calf-Tel 17|54 - Podwy\u017cszony Calf System (ECS), plastikowy, z kontrolowanym klimatem, podwy\u017cszony system utrzymania ciel\u0105t.\" \/>\n<meta property=\"og:url\" content=\"https:\/\/calftel.com\/pl\/product\/o-series-pl\/17-54-ecs\/\" \/>\n<meta property=\"og:site_name\" content=\"Calf-Tel\" \/>\n<meta property=\"article:publisher\" content=\"https:\/\/www.facebook.com\/calftel\/\" \/>\n<meta property=\"article:modified_time\" content=\"2021-09-14T19:49:39+00:00\" \/>\n<meta property=\"og:image\" content=\"https:\/\/calftel.com\/wp-content\/uploads\/2021\/03\/ECS.png\" \/>\n\t<meta property=\"og:image:width\" content=\"544\" \/>\n\t<meta property=\"og:image:height\" content=\"400\" \/>\n\t<meta property=\"og:image:type\" content=\"image\/png\" \/>\n<meta name=\"twitter:card\" content=\"summary_large_image\" \/>\n<meta name=\"twitter:label1\" content=\"Szacowany czas czytania\" \/>\n\t<meta name=\"twitter:data1\" content=\"1 minuta\" \/>\n<script type=\"application\/ld+json\" class=\"yoast-schema-graph\">{\"@context\":\"https:\/\/schema.org\",\"@graph\":[{\"@type\":[\"WebPage\",\"ItemPage\"],\"@id\":\"https:\/\/calftel.com\/pl\/product\/o-series-pl\/17-54-ecs\/\",\"url\":\"https:\/\/calftel.com\/pl\/product\/o-series-pl\/17-54-ecs\/\",\"name\":\"17 | 54 (ECS) - Calf-Tel\",\"isPartOf\":{\"@id\":\"https:\/\/calftel.com\/pl\/#website\"},\"primaryImageOfPage\":{\"@id\":\"https:\/\/calftel.com\/pl\/product\/o-series-pl\/17-54-ecs\/#primaryimage\"},\"image\":{\"@id\":\"https:\/\/calftel.com\/pl\/product\/o-series-pl\/17-54-ecs\/#primaryimage\"},\"thumbnailUrl\":\"https:\/\/calftel.com\/wp-content\/uploads\/2021\/03\/ECS.png\",\"datePublished\":\"2021-08-12T18:07:25+00:00\",\"dateModified\":\"2021-09-14T19:49:39+00:00\",\"breadcrumb\":{\"@id\":\"https:\/\/calftel.com\/pl\/product\/o-series-pl\/17-54-ecs\/#breadcrumb\"},\"inLanguage\":\"pl-PL\",\"potentialAction\":[{\"@type\":\"ReadAction\",\"target\":[\"https:\/\/calftel.com\/pl\/product\/o-series-pl\/17-54-ecs\/\"]}]},{\"@type\":\"ImageObject\",\"inLanguage\":\"pl-PL\",\"@id\":\"https:\/\/calftel.com\/pl\/product\/o-series-pl\/17-54-ecs\/#primaryimage\",\"url\":\"https:\/\/calftel.com\/wp-content\/uploads\/2021\/03\/ECS.png\",\"contentUrl\":\"https:\/\/calftel.com\/wp-content\/uploads\/2021\/03\/ECS.png\",\"width\":544,\"height\":400},{\"@type\":\"BreadcrumbList\",\"@id\":\"https:\/\/calftel.com\/pl\/product\/o-series-pl\/17-54-ecs\/#breadcrumb\",\"itemListElement\":[{\"@type\":\"ListItem\",\"position\":1,\"name\":\"Home\",\"item\":\"https:\/\/calftel.com\/pl\/calf-housing\/\"},{\"@type\":\"ListItem\",\"position\":2,\"name\":\"O-Series\",\"item\":\"https:\/\/calftel.com\/pl\/series\/o-series-pl\/\"},{\"@type\":\"ListItem\",\"position\":3,\"name\":\"17 | 54 (ECS)\"}]},{\"@type\":\"WebSite\",\"@id\":\"https:\/\/calftel.com\/pl\/#website\",\"url\":\"https:\/\/calftel.com\/pl\/\",\"name\":\"Calf-Tel\",\"description\":\"Calf Hutch Experts\",\"publisher\":{\"@id\":\"https:\/\/calftel.com\/pl\/#organization\"},\"potentialAction\":[{\"@type\":\"SearchAction\",\"target\":{\"@type\":\"EntryPoint\",\"urlTemplate\":\"https:\/\/calftel.com\/pl\/?s={search_term_string}\"},\"query-input\":{\"@type\":\"PropertyValueSpecification\",\"valueRequired\":true,\"valueName\":\"search_term_string\"}}],\"inLanguage\":\"pl-PL\"},{\"@type\":\"Organization\",\"@id\":\"https:\/\/calftel.com\/pl\/#organization\",\"name\":\"Calf-Tel by Hampel\",\"url\":\"https:\/\/calftel.com\/pl\/\",\"logo\":{\"@type\":\"ImageObject\",\"inLanguage\":\"pl-PL\",\"@id\":\"https:\/\/calftel.com\/pl\/#\/schema\/logo\/image\/\",\"url\":\"https:\/\/calftel.com\/wp-content\/uploads\/2021\/11\/Hampels-CalfTel-USA-EST-1981-Color.png\",\"contentUrl\":\"https:\/\/calftel.com\/wp-content\/uploads\/2021\/11\/Hampels-CalfTel-USA-EST-1981-Color.png\",\"width\":1080,\"height\":516,\"caption\":\"Calf-Tel by Hampel\"},\"image\":{\"@id\":\"https:\/\/calftel.com\/pl\/#\/schema\/logo\/image\/\"},\"sameAs\":[\"https:\/\/www.facebook.com\/calftel\/\",\"https:\/\/www.instagram.com\/calftel\/\",\"https:\/\/linkedin.com\/company\/calf-tel\/\",\"https:\/\/www.youtube.com\/channel\/UCq73euoWhx5k1kOjHBHXM_g\"]}]}<\/script>\n<!-- \/ Yoast SEO plugin. -->","yoast_head_json":{"title":"17 | 54 (ECS) - Calf-Tel","robots":{"index":"index","follow":"follow","max-snippet":"max-snippet:-1","max-image-preview":"max-image-preview:large","max-video-preview":"max-video-preview:-1"},"canonical":"https:\/\/calftel.com\/pl\/product\/o-series-pl\/17-54-ecs\/","og_locale":"pl_PL","og_type":"article","og_title":"17 | 54 (ECS) - Calf-Tel","og_description":"Calf-Tel 17|54 - Podwy\u017cszony Calf System (ECS), plastikowy, z kontrolowanym klimatem, podwy\u017cszony system utrzymania ciel\u0105t.","og_url":"https:\/\/calftel.com\/pl\/product\/o-series-pl\/17-54-ecs\/","og_site_name":"Calf-Tel","article_publisher":"https:\/\/www.facebook.com\/calftel\/","article_modified_time":"2021-09-14T19:49:39+00:00","og_image":[{"width":544,"height":400,"url":"https:\/\/calftel.com\/wp-content\/uploads\/2021\/03\/ECS.png","type":"image\/png"}],"twitter_card":"summary_large_image","twitter_misc":{"Szacowany czas czytania":"1 minuta"},"schema":{"@context":"https:\/\/schema.org","@graph":[{"@type":["WebPage","ItemPage"],"@id":"https:\/\/calftel.com\/pl\/product\/o-series-pl\/17-54-ecs\/","url":"https:\/\/calftel.com\/pl\/product\/o-series-pl\/17-54-ecs\/","name":"17 | 54 (ECS) - Calf-Tel","isPartOf":{"@id":"https:\/\/calftel.com\/pl\/#website"},"primaryImageOfPage":{"@id":"https:\/\/calftel.com\/pl\/product\/o-series-pl\/17-54-ecs\/#primaryimage"},"image":{"@id":"https:\/\/calftel.com\/pl\/product\/o-series-pl\/17-54-ecs\/#primaryimage"},"thumbnailUrl":"https:\/\/calftel.com\/wp-content\/uploads\/2021\/03\/ECS.png","datePublished":"2021-08-12T18:07:25+00:00","dateModified":"2021-09-14T19:49:39+00:00","breadcrumb":{"@id":"https:\/\/calftel.com\/pl\/product\/o-series-pl\/17-54-ecs\/#breadcrumb"},"inLanguage":"pl-PL","potentialAction":[{"@type":"ReadAction","target":["https:\/\/calftel.com\/pl\/product\/o-series-pl\/17-54-ecs\/"]}]},{"@type":"ImageObject","inLanguage":"pl-PL","@id":"https:\/\/calftel.com\/pl\/product\/o-series-pl\/17-54-ecs\/#primaryimage","url":"https:\/\/calftel.com\/wp-content\/uploads\/2021\/03\/ECS.png","contentUrl":"https:\/\/calftel.com\/wp-content\/uploads\/2021\/03\/ECS.png","width":544,"height":400},{"@type":"BreadcrumbList","@id":"https:\/\/calftel.com\/pl\/product\/o-series-pl\/17-54-ecs\/#breadcrumb","itemListElement":[{"@type":"ListItem","position":1,"name":"Home","item":"https:\/\/calftel.com\/pl\/calf-housing\/"},{"@type":"ListItem","position":2,"name":"O-Series","item":"https:\/\/calftel.com\/pl\/series\/o-series-pl\/"},{"@type":"ListItem","position":3,"name":"17 | 54 (ECS)"}]},{"@type":"WebSite","@id":"https:\/\/calftel.com\/pl\/#website","url":"https:\/\/calftel.com\/pl\/","name":"Calf-Tel","description":"Calf Hutch Experts","publisher":{"@id":"https:\/\/calftel.com\/pl\/#organization"},"potentialAction":[{"@type":"SearchAction","target":{"@type":"EntryPoint","urlTemplate":"https:\/\/calftel.com\/pl\/?s={search_term_string}"},"query-input":{"@type":"PropertyValueSpecification","valueRequired":true,"valueName":"search_term_string"}}],"inLanguage":"pl-PL"},{"@type":"Organization","@id":"https:\/\/calftel.com\/pl\/#organization","name":"Calf-Tel by Hampel","url":"https:\/\/calftel.com\/pl\/","logo":{"@type":"ImageObject","inLanguage":"pl-PL","@id":"https:\/\/calftel.com\/pl\/#\/schema\/logo\/image\/","url":"https:\/\/calftel.com\/wp-content\/uploads\/2021\/11\/Hampels-CalfTel-USA-EST-1981-Color.png","contentUrl":"https:\/\/calftel.com\/wp-content\/uploads\/2021\/11\/Hampels-CalfTel-USA-EST-1981-Color.png","width":1080,"height":516,"caption":"Calf-Tel by Hampel"},"image":{"@id":"https:\/\/calftel.com\/pl\/#\/schema\/logo\/image\/"},"sameAs":["https:\/\/www.facebook.com\/calftel\/","https:\/\/www.instagram.com\/calftel\/","https:\/\/linkedin.com\/company\/calf-tel\/","https:\/\/www.youtube.com\/channel\/UCq73euoWhx5k1kOjHBHXM_g"]}]}},"_links":{"self":[{"href":"https:\/\/calftel.com\/pl\/wp-json\/wp\/v2\/product\/8335","targetHints":{"allow":["GET"]}}],"collection":[{"href":"https:\/\/calftel.com\/pl\/wp-json\/wp\/v2\/product"}],"about":[{"href":"https:\/\/calftel.com\/pl\/wp-json\/wp\/v2\/types\/product"}],"wp:featuredmedia":[{"embeddable":true,"href":"https:\/\/calftel.com\/pl\/wp-json\/wp\/v2\/media\/2053"}],"wp:attachment":[{"href":"https:\/\/calftel.com\/pl\/wp-json\/wp\/v2\/media?parent=8335"}],"wp:term":[{"taxonomy":"series","embeddable":true,"href":"https:\/\/calftel.com\/pl\/wp-json\/wp\/v2\/series?post=8335"}],"curies":[{"name":"wp","href":"https:\/\/api.w.org\/{rel}","templated":true}]}}