{"id":8605,"date":"2021-08-23T08:27:38","date_gmt":"2021-08-23T08:27:38","guid":{"rendered":"https:\/\/calftel.com\/product\/%series%\/15-54-single-starter-system\/"},"modified":"2021-09-14T19:40:24","modified_gmt":"2021-09-14T19:40:24","slug":"15-54-single-starter-system","status":"publish","type":"product","link":"https:\/\/calftel.com\/pl\/product\/seria-s\/15-54-single-starter-system\/","title":{"rendered":"15 | 54 (Pojedynczy Starter System)"},"content":{"rendered":"\n<div class=\"wp-block-cover alignfull has-background-dim-40 has-background-dim pattern-hero-product gt-remove-margin-top\"><img loading=\"lazy\" decoding=\"async\" width=\"2000\" height=\"600\" class=\"wp-block-cover__image-background wp-image-9758\" alt=\"\" src=\"https:\/\/calftel.com\/wp-content\/uploads\/2021\/03\/S-Series-Hero-Image-1.jpg\" data-object-fit=\"cover\" srcset=\"https:\/\/calftel.com\/wp-content\/uploads\/2021\/03\/S-Series-Hero-Image-1.jpg 2000w, https:\/\/calftel.com\/wp-content\/uploads\/2021\/03\/S-Series-Hero-Image-1-300x90.jpg 300w, https:\/\/calftel.com\/wp-content\/uploads\/2021\/03\/S-Series-Hero-Image-1-1024x307.jpg 1024w, https:\/\/calftel.com\/wp-content\/uploads\/2021\/03\/S-Series-Hero-Image-1-768x230.jpg 768w, https:\/\/calftel.com\/wp-content\/uploads\/2021\/03\/S-Series-Hero-Image-1-1536x461.jpg 1536w\" sizes=\"auto, (max-width: 2000px) 100vw, 2000px\" \/><div class=\"wp-block-cover__inner-container is-layout-flow wp-block-cover-is-layout-flow\">\n<p class=\"has-text-align-center hero-product-series gt-remove-margin-bottom\"><strong>Seria S<\/strong><\/p>\n\n\n\n<h1 class=\"alignwide has-text-align-center hero-product-name gt-remove-margin-top gt-remove-margin-bottom wp-block-heading\">15 | 54 (Pojedynczy Starter System)<\/h1>\n<\/div><\/div>\n\n<div class=\"wp-block-columns alignwide pattern-product-intro is-layout-flex wp-container-core-columns-is-layout-9d6595d7 wp-block-columns-is-layout-flex\">\n<div class=\"wp-block-column is-vertically-aligned-center is-layout-flow wp-block-column-is-layout-flow\" style=\"flex-basis:40%\">\n<h5 class=\"wp-block-heading\">Zapewnijcie ciel\u0119tom dobry start w przysz\u0142o\u015b\u0107.<\/h5>\n\n\n\n<p>\u0141atwe i wygodne dla producenta, utrzymywanie ciel\u0105t w bezpiecze\u0144stwie, sucho\u015bci i cieple jeszcze nigdy nie by\u0142o tak proste dzi\u0119ki systemowi Single Starter. Zbudowany z my\u015bl\u0105 zar\u00f3wno o ciel\u0119tach, jak i producentach, model 15|54 zawiera wiele wbudowanych funkcji i dodatkowych opcji. <\/p>\n\n\n\n<p>System 15|54 Starter pomaga w realizacji pe\u0142nego programu Calf-Tel dla ciel\u0105t, utrzymywania ciel\u0105t od urodzenia do odsadzenia.<\/p>\n\n\n\n<ul class=\"wp-block-list\"><li>G\u00f3rna metalowa p\u0119tla u\u0142atwiaj\u0105ca przenoszenie<\/li><li>Wiele otwor\u00f3w wentylacyjnych dla regulowanego przep\u0142ywu powietrza i wentylacji<\/li><li>Drzwi wej\u015bciowe z niskim progiem dla \u0142atwego dost\u0119pu ciel\u0105t<\/li><li>Podstawa wyt\u0142aczana z tworzywa sztucznego o elastycznej strukturze<\/li><li>Bezpieczny zatrzask &#8211; wystarczaj\u0105co \u0142atwy do otwarcia jedn\u0105 r\u0119k\u0105<\/li><li>Opcjonalny dach do stosowania w niskich temperaturach lub na zewn\u0105trz, mo\u017ce by\u0107 r\u00f3wnie\u017c wyposa\u017cony w lamp\u0119 grzewcz\u0105<\/li><li>Opcjonalna podstawa stalowa, kt\u00f3ra mo\u017ce by\u0107 wyposa\u017cona w n\u00f3\u017cki lub k\u00f3\u0142ka<\/li><\/ul>\n\n\n<div id=accessories-associated-listing-block_6074ebbb6e6ae class=\"block-product-docs alignwide\">\n                        <ul class=\"doc-listing\">\n                                    <li class=\"doc-item\">\n                        <a href=\"https:\/\/calftel.com\/wp-content\/uploads\/2021\/04\/HampelsCalfTel-Starter-System-Assembly-Instructions_2021_8_3.pdf\" target=\"_blank\">\n                            <!--                                 Assembly Instructions\n                             -->\n                            Starter System Assembly Instructions                        <\/a>\n                    <\/li>\n                                <\/ul>\n            <\/div>\n\n\n<div class=\"wp-block-buttons is-layout-flex wp-block-buttons-is-layout-flex\">\n<div class=\"wp-block-button is-style-fill\"><a class=\"wp-block-button__link has-very-dark-gray-color has-very-light-gray-background-color has-text-color has-background\" href=\"https:\/\/calftel.com\/pl\/accessories\/\">Sklep z Akcesoriami<\/a><\/div>\n\n\n\n<div class=\"wp-block-button is-style-secondary-fill\"><a class=\"wp-block-button__link\" href=\"\/ Konfiguracja\">Dostosowanie produktu<\/a><\/div>\n<\/div>\n<\/div>\n\n\n\n<div class=\"wp-block-column is-vertically-aligned-center is-layout-flow wp-block-column-is-layout-flow\">\n<figure class=\"wp-block-image size-large is-style-zoom\"><img decoding=\"async\" src=\"https:\/\/calftel.com\/wp-content\/uploads\/2021\/05\/15-54-No-Base.png\" alt=\"\"\/><figcaption><strong>15|54 Naming Defined:<\/strong><br\/><strong>1,5 metra kwadratowego powierzchni wewn\u0119trznej | 5&#8217;x4&#8221; powierzchni zewn\u0119trznej<\/strong><\/figcaption><\/figure>\n<\/div>\n<\/div>\n\n<figure class=\"wp-block-embed alignwide is-type-video is-provider-youtube wp-block-embed-youtube wp-embed-aspect-16-9 wp-has-aspect-ratio\"><div class=\"wp-block-embed__wrapper\">\n<iframe loading=\"lazy\" title=\"Calf Tel Starter System\" width=\"640\" height=\"360\" src=\"https:\/\/www.youtube.com\/embed\/9pxtcwdcehs?feature=oembed\" frameborder=\"0\" allow=\"accelerometer; autoplay; clipboard-write; encrypted-media; gyroscope; picture-in-picture; web-share\" referrerpolicy=\"strict-origin-when-cross-origin\" allowfullscreen><\/iframe>\n<\/div><\/figure>\n\n<div class=\"wp-block-blockgallery-masonry alignwide\"><div class=\"blockgallery has-caption-style-dark has-gutter\"><ul class=\"has-grid-xlrg has-gutter-15 has-gutter-mobile-15\"><li class=\"blockgallery--item\"><figure class=\"blockgallery--figure\"><img loading=\"lazy\" decoding=\"async\" width=\"1024\" height=\"768\" src=\"https:\/\/calftel.com\/wp-content\/uploads\/2021\/03\/15-54-Leg-Base-1.png\" alt=\"\" data-id=\"5031\" data-link=\"https:\/\/calftel.com\/product\/s-series\/15-54\/15-54-leg-base-2\/\" class=\"wp-image-5034\" srcset=\"https:\/\/calftel.com\/wp-content\/uploads\/2021\/03\/15-54-Leg-Base-1.png 1024w, https:\/\/calftel.com\/wp-content\/uploads\/2021\/03\/15-54-Leg-Base-1-300x225.png 300w, https:\/\/calftel.com\/wp-content\/uploads\/2021\/03\/15-54-Leg-Base-1-768x576.png 768w\" sizes=\"auto, (max-width: 1024px) 100vw, 1024px\" \/><\/figure><\/li><li class=\"blockgallery--item\"><figure class=\"blockgallery--figure\"><img loading=\"lazy\" decoding=\"async\" width=\"1024\" height=\"768\" src=\"https:\/\/calftel.com\/wp-content\/uploads\/2021\/03\/15-54-Wheel-Base-1.png\" alt=\"\" data-id=\"5037\" data-link=\"https:\/\/calftel.com\/product\/s-series\/15-54\/15-54-wheel-base-2\/\" class=\"wp-image-5040\" srcset=\"https:\/\/calftel.com\/wp-content\/uploads\/2021\/03\/15-54-Wheel-Base-1.png 1024w, https:\/\/calftel.com\/wp-content\/uploads\/2021\/03\/15-54-Wheel-Base-1-300x225.png 300w, https:\/\/calftel.com\/wp-content\/uploads\/2021\/03\/15-54-Wheel-Base-1-768x576.png 768w\" sizes=\"auto, (max-width: 1024px) 100vw, 1024px\" \/><\/figure><\/li><\/ul><\/div><\/div>\n\n<div class=\"wp-block-group alignfull product-specifications\"><div class=\"wp-block-group__inner-container is-layout-flow wp-block-group-is-layout-flow\">\n<div class=\"wp-block-columns alignwide is-layout-flex wp-container-core-columns-is-layout-9d6595d7 wp-block-columns-is-layout-flex\">\n<div class=\"wp-block-column is-vertically-aligned-center is-layout-flow wp-block-column-is-layout-flow\" style=\"flex-basis:40%\">\n<figure class=\"wp-block-image is-style-zoom\"><img loading=\"lazy\" decoding=\"async\" width=\"2000\" height=\"1500\" src=\"https:\/\/calftel.com\/wp-content\/uploads\/2021\/05\/15-54-no-base-dimensions-1.jpg\" alt=\"\" class=\"wp-image-5027\" srcset=\"https:\/\/calftel.com\/wp-content\/uploads\/2021\/05\/15-54-no-base-dimensions-1.jpg 2000w, https:\/\/calftel.com\/wp-content\/uploads\/2021\/05\/15-54-no-base-dimensions-1-300x225.jpg 300w, https:\/\/calftel.com\/wp-content\/uploads\/2021\/05\/15-54-no-base-dimensions-1-1024x768.jpg 1024w, https:\/\/calftel.com\/wp-content\/uploads\/2021\/05\/15-54-no-base-dimensions-1-768x576.jpg 768w, https:\/\/calftel.com\/wp-content\/uploads\/2021\/05\/15-54-no-base-dimensions-1-1536x1152.jpg 1536w\" sizes=\"auto, (max-width: 2000px) 100vw, 2000px\" \/><\/figure>\n<\/div>\n\n\n\n<div class=\"wp-block-column is-vertically-aligned-center is-layout-flow wp-block-column-is-layout-flow\">\n<h2 class=\"wp-block-heading\">Dane techniczne<\/h2>\n\n\n\n<figure class=\"wp-block-table is-style-regular\"><table><thead><tr><th>Wymiary<\/th><th><\/th><\/tr><\/thead><tbody><tr><td><strong>Na zewn\u0105trz<\/strong><\/td><td>59.9\u201d L x 45\u201d W x 45\u201d H<br\/>152cm x 114.3cm x 114.3cm<\/td><\/tr><tr><td><strong>Wewn\u0119trzna przestrze\u0144 u\u017cytkowa dla ciel\u0105t<\/strong><\/td><td><meta charset=\"utf-8\"\/>54\u201d L x 38.8\u201d W x 39.2\u201d H<br\/>137cm x 98.5cm x 99.5cm<\/td><\/tr><tr><td><strong>Masa jednostki rozruchowej<\/strong><\/td><td>68.5 lbs.<br\/>31 kg.<\/td><\/tr><tr><td><strong>Pojedynczy ci\u0119\u017car bazowy z k\u00f3\u0142kami<\/strong><\/td><td>98 lbs.<br\/>44 kg.<\/td><\/tr><tr><td><strong>Pojedynczy obci\u0105\u017cnik bazowy z nogami<\/strong><\/td><td>86 lbs.<br\/>39 kg.<\/td><\/tr><\/tbody><\/table><\/figure>\n<\/div>\n<\/div>\n<\/div><\/div>\n<div id=features-listing-block_60707e5dfbb9c class=\"block-features-listing alignfull\">\n    <div class=\"header\">\n        \n\n<h2 class=\"card-heading wp-block-heading\">Cechy i zalety<\/h2>\n\n\n    <\/div>\n\n                        <div class=\"features-list\">\n                                    <div class=\"features-row\">\n                        <div class=\"thumbnail\"><img loading=\"lazy\" decoding=\"async\" width=\"640\" height=\"480\" src=\"https:\/\/calftel.com\/wp-content\/uploads\/2021\/06\/Starter-System-Adjustable-Ventilation.jpg\" class=\"attachment-large size-large wp-post-image\" alt=\"\" srcset=\"https:\/\/calftel.com\/wp-content\/uploads\/2021\/06\/Starter-System-Adjustable-Ventilation.jpg 800w, https:\/\/calftel.com\/wp-content\/uploads\/2021\/06\/Starter-System-Adjustable-Ventilation-300x225.jpg 300w, https:\/\/calftel.com\/wp-content\/uploads\/2021\/06\/Starter-System-Adjustable-Ventilation-768x576.jpg 768w\" sizes=\"auto, (max-width: 640px) 100vw, 640px\" \/><\/div>\n                        <div class=\"content\">\n                            <!-- <h3>Regulowana wentylacja systemu startowego<\/h3> -->\n                            <div class=\"excerpt\"><!-- wp:heading {\"level\":3,\"translatedWithWPMLTM\":\"1\"} -->\n<h3>Regulowana wentylacja<\/h3>\n<!-- \/wp:heading --><!-- wp:paragraph {\"translatedWithWPMLTM\":\"1\"} -->\n<p>Prawid\u0142owy przep\u0142yw powietrza jest jednym z najwa\u017cniejszych aspekt\u00f3w zdrowia ciel\u0105t. Nasz regulowany system wentylacji pozwala na stworzenie idealnego mikro\u015brodowiska dla Twoich ciel\u0105t.<\/p>\n<!-- \/wp:paragraph --><\/div>\n                        <\/div>\n                    <\/div>\n                                    <div class=\"features-row\">\n                        <div class=\"thumbnail\"><img loading=\"lazy\" decoding=\"async\" width=\"640\" height=\"480\" src=\"https:\/\/calftel.com\/wp-content\/uploads\/2021\/06\/Starter-System-Optional-Floor-and-Base.png\" class=\"attachment-large size-large wp-post-image\" alt=\"\" srcset=\"https:\/\/calftel.com\/wp-content\/uploads\/2021\/06\/Starter-System-Optional-Floor-and-Base.png 800w, https:\/\/calftel.com\/wp-content\/uploads\/2021\/06\/Starter-System-Optional-Floor-and-Base-300x225.png 300w, https:\/\/calftel.com\/wp-content\/uploads\/2021\/06\/Starter-System-Optional-Floor-and-Base-768x576.png 768w\" sizes=\"auto, (max-width: 640px) 100vw, 640px\" \/><\/div>\n                        <div class=\"content\">\n                            <!-- <h3>System Starter Opcjonalna pod\u0142oga i podstawa<\/h3> -->\n                            <div class=\"excerpt\"><!-- wp:heading {\"level\":3,\"translatedWithWPMLTM\":\"1\"} -->\n<h3>Opcjonalna pod\u0142oga i podstawa<\/h3>\n<!-- \/wp:heading --><!-- wp:paragraph {\"translatedWithWPMLTM\":\"1\"} -->\n<p>Trwa\u0142a stalowa podstawa, kt\u00f3ra mo\u017ce by\u0107 wyposa\u017cona w n\u00f3\u017cki lub k\u00f3\u0142ka, podnosi jednostk\u0119 startow\u0105 z ziemi. Pod\u0142oga z tworzywa sztucznego Calf-Tel zapewnia trwa\u0142e i stabilne pod\u0142o\u017ce dla ciel\u0105t. Otwarta konstrukcja pozwala na dodatkowy przep\u0142yw powietrza i przepuszczanie odpad\u00f3w.<\/p>\n<!-- \/wp:paragraph --><\/div>\n                        <\/div>\n                    <\/div>\n                                    <div class=\"features-row\">\n                        <div class=\"thumbnail\"><img loading=\"lazy\" decoding=\"async\" width=\"640\" height=\"480\" src=\"https:\/\/calftel.com\/wp-content\/uploads\/2021\/05\/OptionalCoverandHeatlamp.jpg\" class=\"attachment-large size-large wp-post-image\" alt=\"\" srcset=\"https:\/\/calftel.com\/wp-content\/uploads\/2021\/05\/OptionalCoverandHeatlamp.jpg 800w, https:\/\/calftel.com\/wp-content\/uploads\/2021\/05\/OptionalCoverandHeatlamp-300x225.jpg 300w, https:\/\/calftel.com\/wp-content\/uploads\/2021\/05\/OptionalCoverandHeatlamp-768x576.jpg 768w\" sizes=\"auto, (max-width: 640px) 100vw, 640px\" \/><\/div>\n                        <div class=\"content\">\n                            <!-- <h3>System Startowy opcjonalna dach i lampa grzewcza<\/h3> -->\n                            <div class=\"excerpt\"><!-- wp:heading {\"level\":3,\"translatedWithWPMLTM\":\"1\"} -->\n<h3>Opcjonalna dach i lampa grzewcza<\/h3>\n<!-- \/wp:heading --><!-- wp:paragraph {\"translatedWithWPMLTM\":\"1\"} -->\n<p>Pokrywy dachu mog\u0105 by\u0107 dodawane do cz\u0119\u015bci lub ca\u0142o\u015bci g\u00f3rnej cz\u0119\u015bci urz\u0105dzenia. Mo\u017ce to pozwoli\u0107 na u\u017cywanie urz\u0105dzenia na zewn\u0105trz, jak r\u00f3wnie\u017c pom\u00f3c w utrzymaniu ciep\u0142a ciel\u0119cia. Mo\u017cna doda\u0107 lamp\u0119 grzewcz\u0105, aby u\u017cywa\u0107 urz\u0105dzenia jako ogrzewacza.<\/p>\n<!-- \/wp:paragraph --><\/div>\n                        <\/div>\n                    <\/div>\n                                    <div class=\"features-row\">\n                        <div class=\"thumbnail\"><img loading=\"lazy\" decoding=\"async\" width=\"640\" height=\"480\" src=\"https:\/\/calftel.com\/wp-content\/uploads\/2021\/05\/Easy-Flip-Up-Starter-System.png\" class=\"attachment-large size-large wp-post-image\" alt=\"\" srcset=\"https:\/\/calftel.com\/wp-content\/uploads\/2021\/05\/Easy-Flip-Up-Starter-System.png 800w, https:\/\/calftel.com\/wp-content\/uploads\/2021\/05\/Easy-Flip-Up-Starter-System-300x225.png 300w, https:\/\/calftel.com\/wp-content\/uploads\/2021\/05\/Easy-Flip-Up-Starter-System-768x576.png 768w\" sizes=\"auto, (max-width: 640px) 100vw, 640px\" \/><\/div>\n                        <div class=\"content\">\n                            <!-- <h3>System rozrusznik\u00f3w Easy Flip Up<\/h3> -->\n                            <div class=\"excerpt\"><!-- wp:heading {\"level\":3} -->\n<h3>Easy Flip-Up<\/h3>\n<!-- \/wp:heading --><!-- wp:paragraph {\"translatedWithWPMLTM\":\"1\"} -->\n<p>Solidne tylne zawiasy pozwalaj\u0105 na \u0142atwe odwr\u00f3cenie modu\u0142\u00f3w startowych i wyczyszczenie boks\u00f3w, pod\u0142ogi i podstawy.<\/p>\n<!-- \/wp:paragraph --><\/div>\n                        <\/div>\n                    <\/div>\n                                    <div class=\"features-row\">\n                        <div class=\"thumbnail\"><img loading=\"lazy\" decoding=\"async\" width=\"640\" height=\"480\" src=\"https:\/\/calftel.com\/wp-content\/uploads\/2021\/09\/Starter-System-Wheel-Kit.png\" class=\"attachment-large size-large wp-post-image\" alt=\"\" srcset=\"https:\/\/calftel.com\/wp-content\/uploads\/2021\/09\/Starter-System-Wheel-Kit.png 800w, https:\/\/calftel.com\/wp-content\/uploads\/2021\/09\/Starter-System-Wheel-Kit-300x225.png 300w, https:\/\/calftel.com\/wp-content\/uploads\/2021\/09\/Starter-System-Wheel-Kit-768x576.png 768w\" sizes=\"auto, (max-width: 640px) 100vw, 640px\" \/><\/div>\n                        <div class=\"content\">\n                            <!-- <h3>Front Wheels-Starter System<\/h3> -->\n                            <div class=\"excerpt\"><!-- wp:heading {\"level\":3} -->\n<h3>Optional Front Wheels<\/h3>\n<!-- \/wp:heading -->\n\n<!-- wp:paragraph -->\n<p>Conveniently tip starter unit for easy mobility and relocation.<\/p>\n<!-- \/wp:paragraph --><\/div>\n                        <\/div>\n                    <\/div>\n                                <\/div>\n            <\/div><div id=accessories-associated-listing-block_6070b6bd72643 class=\"block-accessories-associated-listing alignfull\">\n    <div class=\"header\">\n        \n\n<h2 class=\"card-heading wp-block-heading\">Powi\u0105zane akcesoria<\/h2>\n\n\n    <\/div>\n\n        <\/div>","protected":false},"excerpt":{"rendered":"<p>KOMPLETNY system startowy przeznaczony dla nowo narodzonych ciel\u0105t i hodowc\u00f3w, kt\u00f3rzy je wychowuj\u0105.<\/p>\n","protected":false},"featured_media":4997,"template":"","series":[166],"class_list":["post-8605","product","type-product","status-publish","has-post-thumbnail","hentry","series-seria-s"],"acf":[],"yoast_head":"<!-- This site is optimized with the Yoast SEO plugin v27.4 - https:\/\/yoast.com\/product\/yoast-seo-wordpress\/ -->\n<title>15 | 54 (Pojedynczy Starter System) - Calf-Tel<\/title>\n<meta name=\"robots\" content=\"index, follow, max-snippet:-1, max-image-preview:large, max-video-preview:-1\" \/>\n<link rel=\"canonical\" href=\"https:\/\/calftel.com\/pl\/product\/seria-s\/15-54-single-starter-system\/\" \/>\n<meta property=\"og:locale\" content=\"pl_PL\" \/>\n<meta property=\"og:type\" content=\"article\" \/>\n<meta property=\"og:title\" content=\"15 | 54 (Pojedynczy Starter System) - Calf-Tel\" \/>\n<meta property=\"og:description\" content=\"KOMPLETNY system startowy przeznaczony dla nowo narodzonych ciel\u0105t i hodowc\u00f3w, kt\u00f3rzy je wychowuj\u0105.\" \/>\n<meta property=\"og:url\" content=\"https:\/\/calftel.com\/pl\/product\/seria-s\/15-54-single-starter-system\/\" \/>\n<meta property=\"og:site_name\" content=\"Calf-Tel\" \/>\n<meta property=\"article:publisher\" content=\"https:\/\/www.facebook.com\/calftel\/\" \/>\n<meta property=\"article:modified_time\" content=\"2021-09-14T19:40:24+00:00\" \/>\n<meta property=\"og:image\" content=\"https:\/\/calftel.com\/wp-content\/uploads\/2021\/05\/15-54-No-Base.png\" \/>\n\t<meta property=\"og:image:width\" content=\"1024\" \/>\n\t<meta property=\"og:image:height\" content=\"768\" \/>\n\t<meta property=\"og:image:type\" content=\"image\/png\" \/>\n<meta name=\"twitter:card\" content=\"summary_large_image\" \/>\n<meta name=\"twitter:label1\" content=\"Szacowany czas czytania\" \/>\n\t<meta name=\"twitter:data1\" content=\"1 minuta\" \/>\n<script type=\"application\/ld+json\" class=\"yoast-schema-graph\">{\"@context\":\"https:\\\/\\\/schema.org\",\"@graph\":[{\"@type\":[\"WebPage\",\"ItemPage\"],\"@id\":\"https:\\\/\\\/calftel.com\\\/pl\\\/product\\\/seria-s\\\/15-54-single-starter-system\\\/\",\"url\":\"https:\\\/\\\/calftel.com\\\/pl\\\/product\\\/seria-s\\\/15-54-single-starter-system\\\/\",\"name\":\"15 | 54 (Pojedynczy Starter System) - Calf-Tel\",\"isPartOf\":{\"@id\":\"https:\\\/\\\/calftel.com\\\/pl\\\/#website\"},\"primaryImageOfPage\":{\"@id\":\"https:\\\/\\\/calftel.com\\\/pl\\\/product\\\/seria-s\\\/15-54-single-starter-system\\\/#primaryimage\"},\"image\":{\"@id\":\"https:\\\/\\\/calftel.com\\\/pl\\\/product\\\/seria-s\\\/15-54-single-starter-system\\\/#primaryimage\"},\"thumbnailUrl\":\"https:\\\/\\\/calftel.com\\\/wp-content\\\/uploads\\\/2021\\\/05\\\/15-54-No-Base.png\",\"datePublished\":\"2021-08-23T08:27:38+00:00\",\"dateModified\":\"2021-09-14T19:40:24+00:00\",\"breadcrumb\":{\"@id\":\"https:\\\/\\\/calftel.com\\\/pl\\\/product\\\/seria-s\\\/15-54-single-starter-system\\\/#breadcrumb\"},\"inLanguage\":\"pl-PL\",\"potentialAction\":[{\"@type\":\"ReadAction\",\"target\":[\"https:\\\/\\\/calftel.com\\\/pl\\\/product\\\/seria-s\\\/15-54-single-starter-system\\\/\"]}]},{\"@type\":\"ImageObject\",\"inLanguage\":\"pl-PL\",\"@id\":\"https:\\\/\\\/calftel.com\\\/pl\\\/product\\\/seria-s\\\/15-54-single-starter-system\\\/#primaryimage\",\"url\":\"https:\\\/\\\/calftel.com\\\/wp-content\\\/uploads\\\/2021\\\/05\\\/15-54-No-Base.png\",\"contentUrl\":\"https:\\\/\\\/calftel.com\\\/wp-content\\\/uploads\\\/2021\\\/05\\\/15-54-No-Base.png\",\"width\":1024,\"height\":768},{\"@type\":\"BreadcrumbList\",\"@id\":\"https:\\\/\\\/calftel.com\\\/pl\\\/product\\\/seria-s\\\/15-54-single-starter-system\\\/#breadcrumb\",\"itemListElement\":[{\"@type\":\"ListItem\",\"position\":1,\"name\":\"Home\",\"item\":\"https:\\\/\\\/calftel.com\\\/pl\\\/calf-housing\\\/\"},{\"@type\":\"ListItem\",\"position\":2,\"name\":\"Seria S\",\"item\":\"https:\\\/\\\/calftel.com\\\/pl\\\/series\\\/seria-s\\\/\"},{\"@type\":\"ListItem\",\"position\":3,\"name\":\"15 | 54 (Pojedynczy Starter System)\"}]},{\"@type\":\"WebSite\",\"@id\":\"https:\\\/\\\/calftel.com\\\/pl\\\/#website\",\"url\":\"https:\\\/\\\/calftel.com\\\/pl\\\/\",\"name\":\"Calf-Tel\",\"description\":\"Calf Hutch Experts\",\"publisher\":{\"@id\":\"https:\\\/\\\/calftel.com\\\/pl\\\/#organization\"},\"potentialAction\":[{\"@type\":\"SearchAction\",\"target\":{\"@type\":\"EntryPoint\",\"urlTemplate\":\"https:\\\/\\\/calftel.com\\\/pl\\\/?s={search_term_string}\"},\"query-input\":{\"@type\":\"PropertyValueSpecification\",\"valueRequired\":true,\"valueName\":\"search_term_string\"}}],\"inLanguage\":\"pl-PL\"},{\"@type\":\"Organization\",\"@id\":\"https:\\\/\\\/calftel.com\\\/pl\\\/#organization\",\"name\":\"Calf-Tel by Hampel\",\"url\":\"https:\\\/\\\/calftel.com\\\/pl\\\/\",\"logo\":{\"@type\":\"ImageObject\",\"inLanguage\":\"pl-PL\",\"@id\":\"https:\\\/\\\/calftel.com\\\/pl\\\/#\\\/schema\\\/logo\\\/image\\\/\",\"url\":\"https:\\\/\\\/calftel.com\\\/wp-content\\\/uploads\\\/2021\\\/11\\\/Hampels-CalfTel-USA-EST-1981-Color.png\",\"contentUrl\":\"https:\\\/\\\/calftel.com\\\/wp-content\\\/uploads\\\/2021\\\/11\\\/Hampels-CalfTel-USA-EST-1981-Color.png\",\"width\":1080,\"height\":516,\"caption\":\"Calf-Tel by Hampel\"},\"image\":{\"@id\":\"https:\\\/\\\/calftel.com\\\/pl\\\/#\\\/schema\\\/logo\\\/image\\\/\"},\"sameAs\":[\"https:\\\/\\\/www.facebook.com\\\/calftel\\\/\",\"https:\\\/\\\/www.instagram.com\\\/calftel\\\/\",\"https:\\\/\\\/linkedin.com\\\/company\\\/calf-tel\\\/\",\"https:\\\/\\\/www.youtube.com\\\/channel\\\/UCq73euoWhx5k1kOjHBHXM_g\"]}]}<\/script>\n<!-- \/ Yoast SEO plugin. -->","yoast_head_json":{"title":"15 | 54 (Pojedynczy Starter System) - Calf-Tel","robots":{"index":"index","follow":"follow","max-snippet":"max-snippet:-1","max-image-preview":"max-image-preview:large","max-video-preview":"max-video-preview:-1"},"canonical":"https:\/\/calftel.com\/pl\/product\/seria-s\/15-54-single-starter-system\/","og_locale":"pl_PL","og_type":"article","og_title":"15 | 54 (Pojedynczy Starter System) - Calf-Tel","og_description":"KOMPLETNY system startowy przeznaczony dla nowo narodzonych ciel\u0105t i hodowc\u00f3w, kt\u00f3rzy je wychowuj\u0105.","og_url":"https:\/\/calftel.com\/pl\/product\/seria-s\/15-54-single-starter-system\/","og_site_name":"Calf-Tel","article_publisher":"https:\/\/www.facebook.com\/calftel\/","article_modified_time":"2021-09-14T19:40:24+00:00","og_image":[{"width":1024,"height":768,"url":"https:\/\/calftel.com\/wp-content\/uploads\/2021\/05\/15-54-No-Base.png","type":"image\/png"}],"twitter_card":"summary_large_image","twitter_misc":{"Szacowany czas czytania":"1 minuta"},"schema":{"@context":"https:\/\/schema.org","@graph":[{"@type":["WebPage","ItemPage"],"@id":"https:\/\/calftel.com\/pl\/product\/seria-s\/15-54-single-starter-system\/","url":"https:\/\/calftel.com\/pl\/product\/seria-s\/15-54-single-starter-system\/","name":"15 | 54 (Pojedynczy Starter System) - Calf-Tel","isPartOf":{"@id":"https:\/\/calftel.com\/pl\/#website"},"primaryImageOfPage":{"@id":"https:\/\/calftel.com\/pl\/product\/seria-s\/15-54-single-starter-system\/#primaryimage"},"image":{"@id":"https:\/\/calftel.com\/pl\/product\/seria-s\/15-54-single-starter-system\/#primaryimage"},"thumbnailUrl":"https:\/\/calftel.com\/wp-content\/uploads\/2021\/05\/15-54-No-Base.png","datePublished":"2021-08-23T08:27:38+00:00","dateModified":"2021-09-14T19:40:24+00:00","breadcrumb":{"@id":"https:\/\/calftel.com\/pl\/product\/seria-s\/15-54-single-starter-system\/#breadcrumb"},"inLanguage":"pl-PL","potentialAction":[{"@type":"ReadAction","target":["https:\/\/calftel.com\/pl\/product\/seria-s\/15-54-single-starter-system\/"]}]},{"@type":"ImageObject","inLanguage":"pl-PL","@id":"https:\/\/calftel.com\/pl\/product\/seria-s\/15-54-single-starter-system\/#primaryimage","url":"https:\/\/calftel.com\/wp-content\/uploads\/2021\/05\/15-54-No-Base.png","contentUrl":"https:\/\/calftel.com\/wp-content\/uploads\/2021\/05\/15-54-No-Base.png","width":1024,"height":768},{"@type":"BreadcrumbList","@id":"https:\/\/calftel.com\/pl\/product\/seria-s\/15-54-single-starter-system\/#breadcrumb","itemListElement":[{"@type":"ListItem","position":1,"name":"Home","item":"https:\/\/calftel.com\/pl\/calf-housing\/"},{"@type":"ListItem","position":2,"name":"Seria S","item":"https:\/\/calftel.com\/pl\/series\/seria-s\/"},{"@type":"ListItem","position":3,"name":"15 | 54 (Pojedynczy Starter System)"}]},{"@type":"WebSite","@id":"https:\/\/calftel.com\/pl\/#website","url":"https:\/\/calftel.com\/pl\/","name":"Calf-Tel","description":"Calf Hutch Experts","publisher":{"@id":"https:\/\/calftel.com\/pl\/#organization"},"potentialAction":[{"@type":"SearchAction","target":{"@type":"EntryPoint","urlTemplate":"https:\/\/calftel.com\/pl\/?s={search_term_string}"},"query-input":{"@type":"PropertyValueSpecification","valueRequired":true,"valueName":"search_term_string"}}],"inLanguage":"pl-PL"},{"@type":"Organization","@id":"https:\/\/calftel.com\/pl\/#organization","name":"Calf-Tel by Hampel","url":"https:\/\/calftel.com\/pl\/","logo":{"@type":"ImageObject","inLanguage":"pl-PL","@id":"https:\/\/calftel.com\/pl\/#\/schema\/logo\/image\/","url":"https:\/\/calftel.com\/wp-content\/uploads\/2021\/11\/Hampels-CalfTel-USA-EST-1981-Color.png","contentUrl":"https:\/\/calftel.com\/wp-content\/uploads\/2021\/11\/Hampels-CalfTel-USA-EST-1981-Color.png","width":1080,"height":516,"caption":"Calf-Tel by Hampel"},"image":{"@id":"https:\/\/calftel.com\/pl\/#\/schema\/logo\/image\/"},"sameAs":["https:\/\/www.facebook.com\/calftel\/","https:\/\/www.instagram.com\/calftel\/","https:\/\/linkedin.com\/company\/calf-tel\/","https:\/\/www.youtube.com\/channel\/UCq73euoWhx5k1kOjHBHXM_g"]}]}},"_links":{"self":[{"href":"https:\/\/calftel.com\/pl\/wp-json\/wp\/v2\/product\/8605","targetHints":{"allow":["GET"]}}],"collection":[{"href":"https:\/\/calftel.com\/pl\/wp-json\/wp\/v2\/product"}],"about":[{"href":"https:\/\/calftel.com\/pl\/wp-json\/wp\/v2\/types\/product"}],"wp:featuredmedia":[{"embeddable":true,"href":"https:\/\/calftel.com\/pl\/wp-json\/wp\/v2\/media\/4997"}],"wp:attachment":[{"href":"https:\/\/calftel.com\/pl\/wp-json\/wp\/v2\/media?parent=8605"}],"wp:term":[{"taxonomy":"series","embeddable":true,"href":"https:\/\/calftel.com\/pl\/wp-json\/wp\/v2\/series?post=8605"}],"curies":[{"name":"wp","href":"https:\/\/api.w.org\/{rel}","templated":true}]}}