{"id":9110,"date":"2021-08-30T13:24:25","date_gmt":"2021-08-30T13:24:25","guid":{"rendered":"https:\/\/calftel.com\/product\/%series%\/group-loop\/"},"modified":"2021-09-14T19:26:07","modified_gmt":"2021-09-14T19:26:07","slug":"group-loop","status":"publish","type":"product","link":"https:\/\/calftel.com\/pl\/product\/group-housing-pl\/group-loop\/","title":{"rendered":"Group Loop"},"content":{"rendered":"\n<div class=\"wp-block-cover alignfull has-background-dim-40 has-background-dim pattern-hero-product gt-remove-margin-top\"><img loading=\"lazy\" decoding=\"async\" width=\"2000\" height=\"600\" class=\"wp-block-cover__image-background wp-image-10075\" alt=\"\" src=\"https:\/\/calftel.com\/wp-content\/uploads\/2021\/03\/8-ft-hero-image-1.jpg\" style=\"object-position:45% 1%\" data-object-fit=\"cover\" data-object-position=\"45% 1%\" srcset=\"https:\/\/calftel.com\/wp-content\/uploads\/2021\/03\/8-ft-hero-image-1.jpg 2000w, https:\/\/calftel.com\/wp-content\/uploads\/2021\/03\/8-ft-hero-image-1-300x90.jpg 300w, https:\/\/calftel.com\/wp-content\/uploads\/2021\/03\/8-ft-hero-image-1-1024x307.jpg 1024w, https:\/\/calftel.com\/wp-content\/uploads\/2021\/03\/8-ft-hero-image-1-768x230.jpg 768w, https:\/\/calftel.com\/wp-content\/uploads\/2021\/03\/8-ft-hero-image-1-1536x461.jpg 1536w\" sizes=\"auto, (max-width: 2000px) 100vw, 2000px\" \/><div class=\"wp-block-cover__inner-container is-layout-flow wp-block-cover-is-layout-flow\">\n<p class=\"has-text-align-center hero-product-series gt-remove-margin-bottom\"><\/p>\n\n\n\n<h1 class=\"alignwide has-text-align-center hero-product-name gt-remove-margin-top gt-remove-margin-bottom wp-block-heading\">Group Loop<\/h1>\n\n\n\n<p class=\"has-text-align-center hero-product-tagline gt-remove-margin-top\"><\/p>\n<\/div><\/div>\n\n<div class=\"wp-block-columns alignwide pattern-product-intro is-layout-flex wp-container-core-columns-is-layout-9d6595d7 wp-block-columns-is-layout-flex\">\n<div class=\"wp-block-column is-vertically-aligned-center is-layout-flow wp-block-column-is-layout-flow\" style=\"flex-basis:40%\">\n<h5 class=\"wp-block-heading\">Grupowe zakwaterowanie w mgnieniu oka.<\/h5>\n\n\n\n<p>Gdy ciel\u0119ta osi\u0105gn\u0105 pewien etap, s\u0105 gotowe do przeniesienia do pomieszcze\u0144 grupowych. Jednak przej\u015bcie to nie zawsze jest czarno-bia\u0142e. Wiedz\u0105c o tym, pracowali\u015bmy z naszymi klientami, aby pom\u00f3c im we wprowadzeniu ich ciel\u0105t do grupy za pomoc\u0105 rozwi\u0105zania, kt\u00f3re jest zar\u00f3wno innowacyjne, jak i \u0142atwe jak raz, dwa, trzy!<\/p>\n\n\n<div id=accessories-associated-listing-block_6074ebbb6e6ae class=\"block-product-docs alignwide\">\n                        <ul class=\"doc-listing\">\n                                    <li class=\"doc-item\">\n                        <a href=\"https:\/\/calftel.com\/wp-content\/uploads\/2021\/04\/CT-6310K-CT-6320K-Pen-Grouping-System-Assembly-Instructions-1.pdf\" target=\"_blank\">\n                            <!--                                 Assembly Instructions\n                             -->\n                            Group Loop Tether System Assembly Instructions                        <\/a>\n                    <\/li>\n                                <\/ul>\n            <\/div>\n\n\n<div class=\"wp-block-buttons is-layout-flex wp-block-buttons-is-layout-flex\">\n<div class=\"wp-block-button is-style-fill\"><a class=\"wp-block-button__link has-very-dark-gray-color has-very-light-gray-background-color has-text-color has-background\" href=\"https:\/\/calftel.com\/pl\/accessories\/\">Sklep z Akcesoriami<\/a><\/div>\n\n\n\n<div class=\"wp-block-button is-style-secondary-fill\"><a class=\"wp-block-button__link\" href=\"\/ Konfiguracja\">Dostosowanie produktu<\/a><\/div>\n<\/div>\n<\/div>\n\n\n\n<div class=\"wp-block-column is-vertically-aligned-center is-layout-flow wp-block-column-is-layout-flow\">\n<figure class=\"wp-block-image size-large is-resized is-style-zoom\"><img loading=\"lazy\" decoding=\"async\" src=\"https:\/\/calftel.com\/wp-content\/uploads\/2021\/03\/main-image.png\" alt=\"\" class=\"wp-image-3806\" width=\"748\" height=\"550\" srcset=\"https:\/\/calftel.com\/wp-content\/uploads\/2021\/03\/main-image.png 544w, https:\/\/calftel.com\/wp-content\/uploads\/2021\/03\/main-image-300x221.png 300w\" sizes=\"auto, (max-width: 748px) 100vw, 748px\" \/><\/figure>\n<\/div>\n<\/div>\n\n<figure class=\"wp-block-embed alignwide is-type-video is-provider-youtube wp-block-embed-youtube wp-embed-aspect-16-9 wp-has-aspect-ratio\"><div class=\"wp-block-embed__wrapper\">\n<iframe loading=\"lazy\" title=\"Calf-Tel Group Loop\" width=\"640\" height=\"360\" src=\"https:\/\/www.youtube.com\/embed\/kHA63S08NRA?feature=oembed\" frameborder=\"0\" allow=\"accelerometer; autoplay; clipboard-write; encrypted-media; gyroscope; picture-in-picture; web-share\" referrerpolicy=\"strict-origin-when-cross-origin\" allowfullscreen><\/iframe>\n<\/div><\/figure>\n\n<figure class=\"wp-block-gallery alignwide columns-2 is-cropped wp-block-gallery-1 is-layout-flex wp-block-gallery-is-layout-flex\"><ul class=\"blocks-gallery-grid\"><li class=\"blocks-gallery-item\"><figure><img loading=\"lazy\" decoding=\"async\" width=\"1024\" height=\"768\" src=\"https:\/\/calftel.com\/wp-content\/uploads\/2021\/03\/Pen_group-loop-installation-2-1024x768.jpg\" alt=\"\" data-id=\"3845\" data-link=\"https:\/\/calftel.com\/product\/group-housing\/group-loop\/pen_group-loop-installation-2\/\" class=\"wp-image-3848\" srcset=\"https:\/\/calftel.com\/wp-content\/uploads\/2021\/03\/Pen_group-loop-installation-2-1024x768.jpg 1024w, https:\/\/calftel.com\/wp-content\/uploads\/2021\/03\/Pen_group-loop-installation-2-300x225.jpg 300w, https:\/\/calftel.com\/wp-content\/uploads\/2021\/03\/Pen_group-loop-installation-2-768x576.jpg 768w, https:\/\/calftel.com\/wp-content\/uploads\/2021\/03\/Pen_group-loop-installation-2.jpg 1130w\" sizes=\"auto, (max-width: 1024px) 100vw, 1024px\" \/><\/figure><\/li><li class=\"blocks-gallery-item\"><figure><img loading=\"lazy\" decoding=\"async\" width=\"1024\" height=\"768\" src=\"https:\/\/calftel.com\/wp-content\/uploads\/2021\/03\/Pen_group-loop-installation-1024x768.jpg\" alt=\"\" data-id=\"3839\" data-link=\"https:\/\/calftel.com\/product\/group-housing\/group-loop\/pen_group-loop-installation\/\" class=\"wp-image-3842\" srcset=\"https:\/\/calftel.com\/wp-content\/uploads\/2021\/03\/Pen_group-loop-installation-1024x768.jpg 1024w, https:\/\/calftel.com\/wp-content\/uploads\/2021\/03\/Pen_group-loop-installation-300x225.jpg 300w, https:\/\/calftel.com\/wp-content\/uploads\/2021\/03\/Pen_group-loop-installation-768x576.jpg 768w, https:\/\/calftel.com\/wp-content\/uploads\/2021\/03\/Pen_group-loop-installation.jpg 1322w\" sizes=\"auto, (max-width: 1024px) 100vw, 1024px\" \/><\/figure><\/li><\/ul><\/figure>\n\n<div class=\"wp-block-group alignfull product-specifications\"><div class=\"wp-block-group__inner-container is-layout-flow wp-block-group-is-layout-flow\">\n<div class=\"wp-block-columns alignwide is-layout-flex wp-container-core-columns-is-layout-9d6595d7 wp-block-columns-is-layout-flex\">\n<div class=\"wp-block-column is-vertically-aligned-center is-layout-flow wp-block-column-is-layout-flow\">\n<h2 class=\"wp-block-heading\">Dane techniczne<\/h2>\n\n\n\n<figure class=\"wp-block-table alignfull is-style-regular\"><table><thead><tr><th class=\"has-text-align-left\" data-align=\"left\">Wymiary<\/th><th class=\"has-text-align-left\" data-align=\"left\">D\u0142ugo\u015b\u0107<\/th><th class=\"has-text-align-left\" data-align=\"left\">Wysoko\u015b\u0107<\/th><th class=\"has-text-align-left\" data-align=\"left\">Waga<\/th><\/tr><\/thead><tbody><tr><td class=\"has-text-align-left\" data-align=\"left\"><strong>22 | 64 (6&#8242; Pen)<\/strong><\/td><td class=\"has-text-align-left\" data-align=\"left\">6 ft<\/td><td class=\"has-text-align-left\" data-align=\"left\">6 ft<\/td><td class=\"has-text-align-left\" data-align=\"left\">14 lbs.<\/td><\/tr><tr><td class=\"has-text-align-left\" data-align=\"left\"><strong>26 | 74 (7&#8242; Pen)<\/strong><\/td><td class=\"has-text-align-left\" data-align=\"left\">7 ft<\/td><td class=\"has-text-align-left\" data-align=\"left\">6 ft<\/td><td class=\"has-text-align-left\" data-align=\"left\">14 lbs.<\/td><\/tr><\/tbody><\/table><\/figure>\n<\/div>\n<\/div>\n<\/div><\/div>\n<div id=features-listing-block_60707e5dfbb9c class=\"block-features-listing alignfull\">\n    <div class=\"header\">\n        \n\n<h2 class=\"card-heading wp-block-heading\">Cechy i zalety<\/h2>\n\n\n    <\/div>\n\n                        <div class=\"features-list\">\n                                    <div class=\"features-row\">\n                        <div class=\"thumbnail\"><img loading=\"lazy\" decoding=\"async\" width=\"640\" height=\"640\" src=\"https:\/\/calftel.com\/wp-content\/uploads\/2021\/05\/Group-Loop-transparent-galv-1024x1024.png\" class=\"attachment-large size-large wp-post-image\" alt=\"\" srcset=\"https:\/\/calftel.com\/wp-content\/uploads\/2021\/05\/Group-Loop-transparent-galv-1024x1024.png 1024w, https:\/\/calftel.com\/wp-content\/uploads\/2021\/05\/Group-Loop-transparent-galv-300x300.png 300w, https:\/\/calftel.com\/wp-content\/uploads\/2021\/05\/Group-Loop-transparent-galv-150x150.png 150w, https:\/\/calftel.com\/wp-content\/uploads\/2021\/05\/Group-Loop-transparent-galv-768x768.png 768w, https:\/\/calftel.com\/wp-content\/uploads\/2021\/05\/Group-Loop-transparent-galv-1536x1536.png 1536w, https:\/\/calftel.com\/wp-content\/uploads\/2021\/05\/Group-Loop-transparent-galv-2048x2048.png 2048w\" sizes=\"auto, (max-width: 640px) 100vw, 640px\" \/><\/div>\n                        <div class=\"content\">\n                            <!-- <h3>Solidna pojedyncza struktura &#8211; p\u0119tla grupowa<\/h3> -->\n                            <div class=\"excerpt\"><!-- wp:heading {\"level\":3,\"translatedWithWPMLTM\":\"1\"} -->\n<h3>Solidna pojedyncza konstrukcja<\/h3>\n<!-- \/wp:heading --><!-- wp:paragraph {\"translatedWithWPMLTM\":\"1\"} -->\n<p>Po wstawieniu \u0142uk ten tworzy solidn\u0105, jednolit\u0105 struktur\u0119, zapobiegaj\u0105c\u0105 wypychaniu si\u0119 paneli.<\/p>\n<!-- \/wp:paragraph --><\/div>\n                        <\/div>\n                    <\/div>\n                                    <div class=\"features-row\">\n                        <div class=\"thumbnail\"><img loading=\"lazy\" decoding=\"async\" width=\"640\" height=\"480\" src=\"https:\/\/calftel.com\/wp-content\/uploads\/2021\/06\/Customized-Fit.jpg\" class=\"attachment-large size-large wp-post-image\" alt=\"\" srcset=\"https:\/\/calftel.com\/wp-content\/uploads\/2021\/06\/Customized-Fit.jpg 800w, https:\/\/calftel.com\/wp-content\/uploads\/2021\/06\/Customized-Fit-300x225.jpg 300w, https:\/\/calftel.com\/wp-content\/uploads\/2021\/06\/Customized-Fit-768x576.jpg 768w\" sizes=\"auto, (max-width: 640px) 100vw, 640px\" \/><\/div>\n                        <div class=\"content\">\n                            <!-- <h3>Indywidualne dopasowanie &#8211; P\u0119tla grupowa<\/h3> -->\n                            <div class=\"excerpt\"><!-- wp:heading {\"level\":3,\"translatedWithWPMLTM\":\"1\"} -->\n<h3>Indywidualne dopasowanie<\/h3>\n<!-- \/wp:heading --><!-- wp:paragraph {\"translatedWithWPMLTM\":\"1\"} -->\n<p>Indywidualne dopasowanie mi\u0119dzy przednim i tylnym panelem za pomoc\u0105 z\u0142\u0105cza L-rod.<\/p>\n<!-- \/wp:paragraph --><\/div>\n                        <\/div>\n                    <\/div>\n                                    <div class=\"features-row\">\n                        <div class=\"thumbnail\"><img loading=\"lazy\" decoding=\"async\" width=\"640\" height=\"480\" src=\"https:\/\/calftel.com\/wp-content\/uploads\/2021\/06\/Easy-Connection.jpg\" class=\"attachment-large size-large wp-post-image\" alt=\"\" srcset=\"https:\/\/calftel.com\/wp-content\/uploads\/2021\/06\/Easy-Connection.jpg 800w, https:\/\/calftel.com\/wp-content\/uploads\/2021\/06\/Easy-Connection-300x225.jpg 300w, https:\/\/calftel.com\/wp-content\/uploads\/2021\/06\/Easy-Connection-768x576.jpg 768w\" sizes=\"auto, (max-width: 640px) 100vw, 640px\" \/><\/div>\n                        <div class=\"content\">\n                            <!-- <h3>\u0141atwe po\u0142\u0105czenie &#8211; P\u0119tla grupowa<\/h3> -->\n                            <div class=\"excerpt\"><!-- wp:heading {\"level\":3,\"translatedWithWPMLTM\":\"1\"} -->\n<h3>\u0141atwe po\u0142\u0105czenie<\/h3>\n<!-- \/wp:heading --><!-- wp:paragraph {\"translatedWithWPMLTM\":\"1\"} -->\n<p>Stalowa linka \u0142atwo \u0142\u0105czy si\u0119 z doln\u0105 cz\u0119\u015bci\u0105 \u0142uku, ko\u0144cz\u0105c p\u0119tl\u0119.<\/p>\n<!-- \/wp:paragraph --><\/div>\n                        <\/div>\n                    <\/div>\n                                <\/div>\n            <\/div>","protected":false},"excerpt":{"rendered":"<p>Calf-Tel Group Loop szybko i \u0142atwo zamienia 2 kojce w 1.<\/p>\n","protected":false},"featured_media":3806,"template":"","series":[169,167],"class_list":["post-9110","product","type-product","status-publish","has-post-thumbnail","hentry","series-group-housing-pl","series-seria-i"],"acf":[],"yoast_head":"<!-- This site is optimized with the Yoast SEO plugin v27.4 - https:\/\/yoast.com\/product\/yoast-seo-wordpress\/ -->\n<title>Group Loop - Calf-Tel<\/title>\n<meta name=\"robots\" content=\"index, follow, max-snippet:-1, max-image-preview:large, max-video-preview:-1\" \/>\n<link rel=\"canonical\" href=\"https:\/\/calftel.com\/pl\/product\/group-housing-pl\/group-loop\/\" \/>\n<meta property=\"og:locale\" content=\"pl_PL\" \/>\n<meta property=\"og:type\" content=\"article\" \/>\n<meta property=\"og:title\" content=\"Group Loop - Calf-Tel\" \/>\n<meta property=\"og:description\" content=\"Calf-Tel Group Loop szybko i \u0142atwo zamienia 2 kojce w 1.\" \/>\n<meta property=\"og:url\" content=\"https:\/\/calftel.com\/pl\/product\/group-housing-pl\/group-loop\/\" \/>\n<meta property=\"og:site_name\" content=\"Calf-Tel\" \/>\n<meta property=\"article:publisher\" content=\"https:\/\/www.facebook.com\/calftel\/\" \/>\n<meta property=\"article:modified_time\" content=\"2021-09-14T19:26:07+00:00\" \/>\n<meta property=\"og:image\" content=\"https:\/\/calftel.com\/wp-content\/uploads\/2021\/03\/main-image.png\" \/>\n\t<meta property=\"og:image:width\" content=\"544\" \/>\n\t<meta property=\"og:image:height\" content=\"400\" \/>\n\t<meta property=\"og:image:type\" content=\"image\/png\" \/>\n<meta name=\"twitter:card\" content=\"summary_large_image\" \/>\n<meta name=\"twitter:label1\" content=\"Szacowany czas czytania\" \/>\n\t<meta name=\"twitter:data1\" content=\"1 minuta\" \/>\n<script type=\"application\/ld+json\" class=\"yoast-schema-graph\">{\"@context\":\"https:\\\/\\\/schema.org\",\"@graph\":[{\"@type\":[\"WebPage\",\"ItemPage\"],\"@id\":\"https:\\\/\\\/calftel.com\\\/pl\\\/product\\\/group-housing-pl\\\/group-loop\\\/\",\"url\":\"https:\\\/\\\/calftel.com\\\/pl\\\/product\\\/group-housing-pl\\\/group-loop\\\/\",\"name\":\"Group Loop - Calf-Tel\",\"isPartOf\":{\"@id\":\"https:\\\/\\\/calftel.com\\\/pl\\\/#website\"},\"primaryImageOfPage\":{\"@id\":\"https:\\\/\\\/calftel.com\\\/pl\\\/product\\\/group-housing-pl\\\/group-loop\\\/#primaryimage\"},\"image\":{\"@id\":\"https:\\\/\\\/calftel.com\\\/pl\\\/product\\\/group-housing-pl\\\/group-loop\\\/#primaryimage\"},\"thumbnailUrl\":\"https:\\\/\\\/calftel.com\\\/wp-content\\\/uploads\\\/2021\\\/03\\\/main-image.png\",\"datePublished\":\"2021-08-30T13:24:25+00:00\",\"dateModified\":\"2021-09-14T19:26:07+00:00\",\"breadcrumb\":{\"@id\":\"https:\\\/\\\/calftel.com\\\/pl\\\/product\\\/group-housing-pl\\\/group-loop\\\/#breadcrumb\"},\"inLanguage\":\"pl-PL\",\"potentialAction\":[{\"@type\":\"ReadAction\",\"target\":[\"https:\\\/\\\/calftel.com\\\/pl\\\/product\\\/group-housing-pl\\\/group-loop\\\/\"]}]},{\"@type\":\"ImageObject\",\"inLanguage\":\"pl-PL\",\"@id\":\"https:\\\/\\\/calftel.com\\\/pl\\\/product\\\/group-housing-pl\\\/group-loop\\\/#primaryimage\",\"url\":\"https:\\\/\\\/calftel.com\\\/wp-content\\\/uploads\\\/2021\\\/03\\\/main-image.png\",\"contentUrl\":\"https:\\\/\\\/calftel.com\\\/wp-content\\\/uploads\\\/2021\\\/03\\\/main-image.png\",\"width\":544,\"height\":400},{\"@type\":\"BreadcrumbList\",\"@id\":\"https:\\\/\\\/calftel.com\\\/pl\\\/product\\\/group-housing-pl\\\/group-loop\\\/#breadcrumb\",\"itemListElement\":[{\"@type\":\"ListItem\",\"position\":1,\"name\":\"Home\",\"item\":\"https:\\\/\\\/calftel.com\\\/pl\\\/calf-housing\\\/\"},{\"@type\":\"ListItem\",\"position\":2,\"name\":\"Group Housing\",\"item\":\"https:\\\/\\\/calftel.com\\\/pl\\\/series\\\/group-housing-pl\\\/\"},{\"@type\":\"ListItem\",\"position\":3,\"name\":\"Group Loop\"}]},{\"@type\":\"WebSite\",\"@id\":\"https:\\\/\\\/calftel.com\\\/pl\\\/#website\",\"url\":\"https:\\\/\\\/calftel.com\\\/pl\\\/\",\"name\":\"Calf-Tel\",\"description\":\"Calf Hutch Experts\",\"publisher\":{\"@id\":\"https:\\\/\\\/calftel.com\\\/pl\\\/#organization\"},\"potentialAction\":[{\"@type\":\"SearchAction\",\"target\":{\"@type\":\"EntryPoint\",\"urlTemplate\":\"https:\\\/\\\/calftel.com\\\/pl\\\/?s={search_term_string}\"},\"query-input\":{\"@type\":\"PropertyValueSpecification\",\"valueRequired\":true,\"valueName\":\"search_term_string\"}}],\"inLanguage\":\"pl-PL\"},{\"@type\":\"Organization\",\"@id\":\"https:\\\/\\\/calftel.com\\\/pl\\\/#organization\",\"name\":\"Calf-Tel by Hampel\",\"url\":\"https:\\\/\\\/calftel.com\\\/pl\\\/\",\"logo\":{\"@type\":\"ImageObject\",\"inLanguage\":\"pl-PL\",\"@id\":\"https:\\\/\\\/calftel.com\\\/pl\\\/#\\\/schema\\\/logo\\\/image\\\/\",\"url\":\"https:\\\/\\\/calftel.com\\\/wp-content\\\/uploads\\\/2021\\\/11\\\/Hampels-CalfTel-USA-EST-1981-Color.png\",\"contentUrl\":\"https:\\\/\\\/calftel.com\\\/wp-content\\\/uploads\\\/2021\\\/11\\\/Hampels-CalfTel-USA-EST-1981-Color.png\",\"width\":1080,\"height\":516,\"caption\":\"Calf-Tel by Hampel\"},\"image\":{\"@id\":\"https:\\\/\\\/calftel.com\\\/pl\\\/#\\\/schema\\\/logo\\\/image\\\/\"},\"sameAs\":[\"https:\\\/\\\/www.facebook.com\\\/calftel\\\/\",\"https:\\\/\\\/www.instagram.com\\\/calftel\\\/\",\"https:\\\/\\\/linkedin.com\\\/company\\\/calf-tel\\\/\",\"https:\\\/\\\/www.youtube.com\\\/channel\\\/UCq73euoWhx5k1kOjHBHXM_g\"]}]}<\/script>\n<!-- \/ Yoast SEO plugin. -->","yoast_head_json":{"title":"Group Loop - Calf-Tel","robots":{"index":"index","follow":"follow","max-snippet":"max-snippet:-1","max-image-preview":"max-image-preview:large","max-video-preview":"max-video-preview:-1"},"canonical":"https:\/\/calftel.com\/pl\/product\/group-housing-pl\/group-loop\/","og_locale":"pl_PL","og_type":"article","og_title":"Group Loop - Calf-Tel","og_description":"Calf-Tel Group Loop szybko i \u0142atwo zamienia 2 kojce w 1.","og_url":"https:\/\/calftel.com\/pl\/product\/group-housing-pl\/group-loop\/","og_site_name":"Calf-Tel","article_publisher":"https:\/\/www.facebook.com\/calftel\/","article_modified_time":"2021-09-14T19:26:07+00:00","og_image":[{"width":544,"height":400,"url":"https:\/\/calftel.com\/wp-content\/uploads\/2021\/03\/main-image.png","type":"image\/png"}],"twitter_card":"summary_large_image","twitter_misc":{"Szacowany czas czytania":"1 minuta"},"schema":{"@context":"https:\/\/schema.org","@graph":[{"@type":["WebPage","ItemPage"],"@id":"https:\/\/calftel.com\/pl\/product\/group-housing-pl\/group-loop\/","url":"https:\/\/calftel.com\/pl\/product\/group-housing-pl\/group-loop\/","name":"Group Loop - Calf-Tel","isPartOf":{"@id":"https:\/\/calftel.com\/pl\/#website"},"primaryImageOfPage":{"@id":"https:\/\/calftel.com\/pl\/product\/group-housing-pl\/group-loop\/#primaryimage"},"image":{"@id":"https:\/\/calftel.com\/pl\/product\/group-housing-pl\/group-loop\/#primaryimage"},"thumbnailUrl":"https:\/\/calftel.com\/wp-content\/uploads\/2021\/03\/main-image.png","datePublished":"2021-08-30T13:24:25+00:00","dateModified":"2021-09-14T19:26:07+00:00","breadcrumb":{"@id":"https:\/\/calftel.com\/pl\/product\/group-housing-pl\/group-loop\/#breadcrumb"},"inLanguage":"pl-PL","potentialAction":[{"@type":"ReadAction","target":["https:\/\/calftel.com\/pl\/product\/group-housing-pl\/group-loop\/"]}]},{"@type":"ImageObject","inLanguage":"pl-PL","@id":"https:\/\/calftel.com\/pl\/product\/group-housing-pl\/group-loop\/#primaryimage","url":"https:\/\/calftel.com\/wp-content\/uploads\/2021\/03\/main-image.png","contentUrl":"https:\/\/calftel.com\/wp-content\/uploads\/2021\/03\/main-image.png","width":544,"height":400},{"@type":"BreadcrumbList","@id":"https:\/\/calftel.com\/pl\/product\/group-housing-pl\/group-loop\/#breadcrumb","itemListElement":[{"@type":"ListItem","position":1,"name":"Home","item":"https:\/\/calftel.com\/pl\/calf-housing\/"},{"@type":"ListItem","position":2,"name":"Group Housing","item":"https:\/\/calftel.com\/pl\/series\/group-housing-pl\/"},{"@type":"ListItem","position":3,"name":"Group Loop"}]},{"@type":"WebSite","@id":"https:\/\/calftel.com\/pl\/#website","url":"https:\/\/calftel.com\/pl\/","name":"Calf-Tel","description":"Calf Hutch Experts","publisher":{"@id":"https:\/\/calftel.com\/pl\/#organization"},"potentialAction":[{"@type":"SearchAction","target":{"@type":"EntryPoint","urlTemplate":"https:\/\/calftel.com\/pl\/?s={search_term_string}"},"query-input":{"@type":"PropertyValueSpecification","valueRequired":true,"valueName":"search_term_string"}}],"inLanguage":"pl-PL"},{"@type":"Organization","@id":"https:\/\/calftel.com\/pl\/#organization","name":"Calf-Tel by Hampel","url":"https:\/\/calftel.com\/pl\/","logo":{"@type":"ImageObject","inLanguage":"pl-PL","@id":"https:\/\/calftel.com\/pl\/#\/schema\/logo\/image\/","url":"https:\/\/calftel.com\/wp-content\/uploads\/2021\/11\/Hampels-CalfTel-USA-EST-1981-Color.png","contentUrl":"https:\/\/calftel.com\/wp-content\/uploads\/2021\/11\/Hampels-CalfTel-USA-EST-1981-Color.png","width":1080,"height":516,"caption":"Calf-Tel by Hampel"},"image":{"@id":"https:\/\/calftel.com\/pl\/#\/schema\/logo\/image\/"},"sameAs":["https:\/\/www.facebook.com\/calftel\/","https:\/\/www.instagram.com\/calftel\/","https:\/\/linkedin.com\/company\/calf-tel\/","https:\/\/www.youtube.com\/channel\/UCq73euoWhx5k1kOjHBHXM_g"]}]}},"_links":{"self":[{"href":"https:\/\/calftel.com\/pl\/wp-json\/wp\/v2\/product\/9110","targetHints":{"allow":["GET"]}}],"collection":[{"href":"https:\/\/calftel.com\/pl\/wp-json\/wp\/v2\/product"}],"about":[{"href":"https:\/\/calftel.com\/pl\/wp-json\/wp\/v2\/types\/product"}],"wp:featuredmedia":[{"embeddable":true,"href":"https:\/\/calftel.com\/pl\/wp-json\/wp\/v2\/media\/3806"}],"wp:attachment":[{"href":"https:\/\/calftel.com\/pl\/wp-json\/wp\/v2\/media?parent=9110"}],"wp:term":[{"taxonomy":"series","embeddable":true,"href":"https:\/\/calftel.com\/pl\/wp-json\/wp\/v2\/series?post=9110"}],"curies":[{"name":"wp","href":"https:\/\/api.w.org\/{rel}","templated":true}]}}