{"id":9126,"date":"2021-08-31T15:28:44","date_gmt":"2021-08-31T15:28:44","guid":{"rendered":"https:\/\/calftel.com\/product\/%series%\/elite-access-front-with-wire-fence\/"},"modified":"2021-09-28T20:13:45","modified_gmt":"2021-09-28T20:13:45","slug":"elite-access-front-with-wire-fence","status":"publish","type":"product","link":"https:\/\/calftel.com\/pl\/product\/seria-c\/elite-access-front-with-wire-fence\/","title":{"rendered":"Elite Access Front with Wire Fence"},"content":{"rendered":"\n<div class=\"wp-block-cover alignfull has-background-dim-40 has-background-dim pattern-hero-product gt-remove-margin-top\"><img loading=\"lazy\" decoding=\"async\" width=\"2000\" height=\"600\" class=\"wp-block-cover__image-background wp-image-6671\" alt=\"\" src=\"https:\/\/calftel.com\/wp-content\/uploads\/2021\/05\/Elite-Access-Front-with-Wire-Side-Panels-Hero.jpg\" data-object-fit=\"cover\" srcset=\"https:\/\/calftel.com\/wp-content\/uploads\/2021\/05\/Elite-Access-Front-with-Wire-Side-Panels-Hero.jpg 2000w, https:\/\/calftel.com\/wp-content\/uploads\/2021\/05\/Elite-Access-Front-with-Wire-Side-Panels-Hero-300x90.jpg 300w, https:\/\/calftel.com\/wp-content\/uploads\/2021\/05\/Elite-Access-Front-with-Wire-Side-Panels-Hero-1024x307.jpg 1024w, https:\/\/calftel.com\/wp-content\/uploads\/2021\/05\/Elite-Access-Front-with-Wire-Side-Panels-Hero-768x230.jpg 768w, https:\/\/calftel.com\/wp-content\/uploads\/2021\/05\/Elite-Access-Front-with-Wire-Side-Panels-Hero-1536x461.jpg 1536w\" sizes=\"auto, (max-width: 2000px) 100vw, 2000px\" \/><div class=\"wp-block-cover__inner-container is-layout-flow wp-block-cover-is-layout-flow\">\n<p class=\"has-text-align-center hero-product-series gt-remove-margin-bottom\">C-Series<\/p>\n\n\n\n<h1 class=\"alignwide has-text-align-center hero-product-name gt-remove-margin-top gt-remove-margin-bottom wp-block-heading\">Elite Access Front with Wire Fence<\/h1>\n\n\n\n<p class=\"has-text-align-center hero-product-tagline gt-remove-margin-top\"><\/p>\n<\/div><\/div>\n\n<div class=\"wp-block-columns alignwide pattern-product-intro is-layout-flex wp-container-core-columns-is-layout-9d6595d7 wp-block-columns-is-layout-flex\">\n<div class=\"wp-block-column is-vertically-aligned-center is-layout-flow wp-block-column-is-layout-flow\" style=\"flex-basis:40%\">\n<h6 class=\"wp-block-heading\">Doskona\u0142a wentylacja dla ciel\u0105t oraz zwi\u0119kszona wydajno\u015b\u0107 pracy i oszcz\u0119dno\u015b\u0107 koszt\u00f3w dla producenta.<\/h6>\n\n\n\n<p>Calf-Tel dzwi wej\u015bciowe Elite sparowany z klasycznymi panelami bocznymi z drutu \u0142\u0105czy w sobie wytrzyma\u0142y, ci\u0119\u017cki punkt dost\u0119pu z lekkimi panelami bocznymi gwarantuj\u0105cymi \u0142atwo\u015b\u0107 u\u017cytkowania i d\u0142ug\u0105 \u017cywotno\u015b\u0107. <\/p>\n\n\n\n<ul class=\"wp-block-list\"><li>Pasuje do budek Calf-Tel 24|74 i 35|85<\/li><li>Lekka waga, \u0142atwe do przenoszenia i monta\u017cu<\/li><li>Boczne panele druciane wykonane z ocynkowanej ogniowo stali o \u015brednicy \u00bc&#8221;.<\/li><li>Front Elite Access zbudowany z 14-gramowej stali cynkowanej ogniowo<\/li><li>Drzwi otwieraj\u0105 si\u0119 do wewn\u0105trz lub na zewn\u0105trz dla \u0142atwego dost\u0119pu do cielaka<\/li><li>Bezpieczna d\u017awignia &#8211; wystarczaj\u0105co \u0142atwa do otwarcia jedn\u0105 r\u0119k\u0105<\/li><li>Przymocowa\u0107 do budki za pomoc\u0105 \u015bruby oczkowej i pr\u0119t\u00f3w typu L.<\/li><\/ul>\n\n\n\n<p>W sprawie cen, dost\u0119pno\u015bci i czasu realizacji prosimy o kontakt z <a href=\"https:\/\/calftel.com\/pl\/informacje-o\/meet-the-team\/\">Territory Manager<\/a>.<\/p>\n\n\n<div id=accessories-associated-listing-block_6074ebbb6e6ae class=\"block-product-docs alignwide\">\n                        <ul class=\"doc-listing\">\n                                    <li class=\"doc-item\">\n                        <a href=\"https:\/\/calftel.com\/wp-content\/uploads\/2021\/04\/L-Rod-to-Hutch-Fence-Attachment-Assembly-Instructions-2.pdf\" target=\"_blank\">\n                            <!--                                 Assembly Instructions\n                             -->\n                            L-Rod to Hutch &#8211; Fence Attachment Assembly Instructions                        <\/a>\n                    <\/li>\n                                <\/ul>\n            <\/div>\n\n\n<div class=\"wp-block-buttons is-layout-flex wp-block-buttons-is-layout-flex\">\n<div class=\"wp-block-button is-style-fill\"><a class=\"wp-block-button__link has-very-dark-gray-color has-very-light-gray-background-color has-text-color has-background\" href=\"https:\/\/calftel.com\/pl\/accessories\/\">Sklep z Akcesoriami<\/a><\/div>\n\n\n\n<div class=\"wp-block-button is-style-secondary-fill\"><a class=\"wp-block-button__link\" href=\"\/ Konfiguracja\">Dostosowanie produktu<\/a><\/div>\n<\/div>\n<\/div>\n\n\n\n<div class=\"wp-block-column is-vertically-aligned-center is-layout-flow wp-block-column-is-layout-flow\">\n<figure class=\"wp-block-image size-full is-style-zoom\"><img loading=\"lazy\" decoding=\"async\" width=\"1024\" height=\"768\" src=\"https:\/\/calftel.com\/wp-content\/uploads\/2021\/05\/Elite-Access-Front-with-Wire-Fence.png\" alt=\"\" class=\"wp-image-9610\" srcset=\"https:\/\/calftel.com\/wp-content\/uploads\/2021\/05\/Elite-Access-Front-with-Wire-Fence.png 1024w, https:\/\/calftel.com\/wp-content\/uploads\/2021\/05\/Elite-Access-Front-with-Wire-Fence-300x225.png 300w, https:\/\/calftel.com\/wp-content\/uploads\/2021\/05\/Elite-Access-Front-with-Wire-Fence-768x576.png 768w\" sizes=\"auto, (max-width: 1024px) 100vw, 1024px\" \/><\/figure>\n<\/div>\n<\/div>\n\n<figure class=\"wp-block-embed is-type-video is-provider-youtube wp-block-embed-youtube wp-embed-aspect-16-9 wp-has-aspect-ratio\"><div class=\"wp-block-embed__wrapper\">\n<iframe loading=\"lazy\" title=\"Calf-Tel New Containment Series\" width=\"640\" height=\"360\" src=\"https:\/\/www.youtube.com\/embed\/UpVBBN0RWac?feature=oembed\" frameborder=\"0\" allow=\"accelerometer; autoplay; clipboard-write; encrypted-media; gyroscope; picture-in-picture; web-share\" referrerpolicy=\"strict-origin-when-cross-origin\" allowfullscreen><\/iframe>\n<\/div><\/figure>\n\n<div class=\"wp-block-blockgallery-masonry alignwide\"><div class=\"blockgallery has-caption-style-dark has-gutter\"><ul class=\"has-grid-xlrg has-gutter-15 has-gutter-mobile-15\"><li class=\"blockgallery--item\"><figure class=\"blockgallery--figure\"><img loading=\"lazy\" decoding=\"async\" width=\"1024\" height=\"768\" src=\"https:\/\/calftel.com\/wp-content\/uploads\/2021\/05\/Elite-Access-Front-Image-1.jpg\" alt=\"\" data-id=\"8570\" data-link=\"https:\/\/calftel.com\/product\/c-series\/elite-access-front-with-wire-fence\/elite-access-front-image-1\/\" class=\"wp-image-8573\" srcset=\"https:\/\/calftel.com\/wp-content\/uploads\/2021\/05\/Elite-Access-Front-Image-1.jpg 1024w, https:\/\/calftel.com\/wp-content\/uploads\/2021\/05\/Elite-Access-Front-Image-1-300x225.jpg 300w, https:\/\/calftel.com\/wp-content\/uploads\/2021\/05\/Elite-Access-Front-Image-1-768x576.jpg 768w\" sizes=\"auto, (max-width: 1024px) 100vw, 1024px\" \/><\/figure><\/li><li class=\"blockgallery--item\"><figure class=\"blockgallery--figure\"><img loading=\"lazy\" decoding=\"async\" width=\"1024\" height=\"768\" src=\"https:\/\/calftel.com\/wp-content\/uploads\/2021\/05\/Untitled-4-1.jpg\" alt=\"\" data-id=\"8576\" data-link=\"https:\/\/calftel.com\/product\/c-series\/elite-access-front-with-wire-fence\/untitled-4-3\/\" class=\"wp-image-8579\" srcset=\"https:\/\/calftel.com\/wp-content\/uploads\/2021\/05\/Untitled-4-1.jpg 1024w, https:\/\/calftel.com\/wp-content\/uploads\/2021\/05\/Untitled-4-1-300x225.jpg 300w, https:\/\/calftel.com\/wp-content\/uploads\/2021\/05\/Untitled-4-1-768x576.jpg 768w\" sizes=\"auto, (max-width: 1024px) 100vw, 1024px\" \/><\/figure><\/li><\/ul><\/div><\/div>\n\n<div class=\"wp-block-group alignfull product-specifications\"><div class=\"wp-block-group__inner-container is-layout-flow wp-block-group-is-layout-flow\">\n<div class=\"wp-block-columns alignwide is-layout-flex wp-container-core-columns-is-layout-9d6595d7 wp-block-columns-is-layout-flex\">\n<div class=\"wp-block-column is-vertically-aligned-center is-layout-flow wp-block-column-is-layout-flow\" style=\"flex-basis:40%\">\n<figure class=\"wp-block-image size-full is-style-zoom\"><img loading=\"lazy\" decoding=\"async\" width=\"1024\" height=\"768\" src=\"https:\/\/calftel.com\/wp-content\/uploads\/2021\/05\/Elite-Front-on-Wire-Fence-on-new-hutch.jpg\" alt=\"\" class=\"wp-image-9853\" srcset=\"https:\/\/calftel.com\/wp-content\/uploads\/2021\/05\/Elite-Front-on-Wire-Fence-on-new-hutch.jpg 1024w, https:\/\/calftel.com\/wp-content\/uploads\/2021\/05\/Elite-Front-on-Wire-Fence-on-new-hutch-300x225.jpg 300w, https:\/\/calftel.com\/wp-content\/uploads\/2021\/05\/Elite-Front-on-Wire-Fence-on-new-hutch-768x576.jpg 768w\" sizes=\"auto, (max-width: 1024px) 100vw, 1024px\" \/><\/figure>\n<\/div>\n\n\n\n<div class=\"wp-block-column is-vertically-aligned-center is-layout-flow wp-block-column-is-layout-flow\">\n<h2 class=\"wp-block-heading\">Dane techniczne<\/h2>\n\n\n\n<figure class=\"wp-block-table is-style-regular\"><table><thead><tr><th class=\"has-text-align-left\" data-align=\"left\">Wymiary<\/th><th class=\"has-text-align-left\" data-align=\"left\"><\/th><\/tr><\/thead><tbody><tr><td class=\"has-text-align-left\" data-align=\"left\"><strong>D\u0142ugo\u015b\u0107<\/strong><\/td><td class=\"has-text-align-left\" data-align=\"left\">72&#8243;<br\/>183cm<\/td><\/tr><tr><td class=\"has-text-align-left\" data-align=\"left\"><strong>Szeroko\u015b\u0107<\/strong><\/td><td class=\"has-text-align-left\" data-align=\"left\">52&#8243;<br\/>132cm<\/td><\/tr><tr><td class=\"has-text-align-left\" data-align=\"left\"><strong>Wysoko\u015b\u0107<\/strong><\/td><td class=\"has-text-align-left\" data-align=\"left\">42&#8243;<br\/>106cm<\/td><\/tr><tr><td class=\"has-text-align-left\" data-align=\"left\"><strong>Waga<\/strong><\/td><td class=\"has-text-align-left\" data-align=\"left\">67.25 lbs.<br\/>30.5 kg.<\/td><\/tr><\/tbody><\/table><figcaption>Wymiary i waga ogrodzenia z przodem Elite i panelami bocznymi z drutu dla 24|74.<br\/>Specyfikacje mog\u0105 si\u0119 nieznacznie r\u00f3\u017cni\u0107 w zale\u017cno\u015bci od rozmiaru.<\/figcaption><\/figure>\n<\/div>\n<\/div>\n<\/div><\/div>\n<div id=features-listing-block_60707e5dfbb9c class=\"block-features-listing alignfull\">\n    <div class=\"header\">\n        \n\n<h2 class=\"card-heading wp-block-heading\">Cechy i zalety<\/h2>\n\n\n    <\/div>\n\n                        <div class=\"features-list\">\n                                    <div class=\"features-row\">\n                        <div class=\"thumbnail\"><img loading=\"lazy\" decoding=\"async\" width=\"640\" height=\"480\" src=\"https:\/\/calftel.com\/wp-content\/uploads\/2021\/06\/L-Rod-Connection.png\" class=\"attachment-large size-large wp-post-image\" alt=\"\" srcset=\"https:\/\/calftel.com\/wp-content\/uploads\/2021\/06\/L-Rod-Connection.png 800w, https:\/\/calftel.com\/wp-content\/uploads\/2021\/06\/L-Rod-Connection-300x225.png 300w, https:\/\/calftel.com\/wp-content\/uploads\/2021\/06\/L-Rod-Connection-768x576.png 768w\" sizes=\"auto, (max-width: 640px) 100vw, 640px\" \/><\/div>\n                        <div class=\"content\">\n                            <!-- <h3>L-pr\u0119ty &#8211; Klasyczne ogrodzenie z drutu<\/h3> -->\n                            <div class=\"excerpt\"><!-- wp:heading {\"level\":3,\"translatedWithWPMLTM\":\"1\"} -->\n<h3>L-pr\u0119ty<\/h3>\n<!-- \/wp:heading --><!-- wp:paragraph {\"translatedWithWPMLTM\":\"1\"} -->\n<p>Wytrzyma\u0142y i \u0142atwy w u\u017cyciu. Szybki monta\u017c i demonta\u017c do i od budki .<\/p>\n<!-- \/wp:paragraph --><\/div>\n                        <\/div>\n                    <\/div>\n                                    <div class=\"features-row\">\n                        <div class=\"thumbnail\"><img loading=\"lazy\" decoding=\"async\" width=\"640\" height=\"480\" src=\"https:\/\/calftel.com\/wp-content\/uploads\/2021\/09\/Elite-Lever.png\" class=\"attachment-large size-large wp-post-image\" alt=\"\" srcset=\"https:\/\/calftel.com\/wp-content\/uploads\/2021\/09\/Elite-Lever.png 800w, https:\/\/calftel.com\/wp-content\/uploads\/2021\/09\/Elite-Lever-300x225.png 300w, https:\/\/calftel.com\/wp-content\/uploads\/2021\/09\/Elite-Lever-768x576.png 768w\" sizes=\"auto, (max-width: 640px) 100vw, 640px\" \/><\/div>\n                        <div class=\"content\">\n                            <!-- <h3>Bezpieczna d\u017awignia &#8211; ogrodzenie druciane Elite, ogrodzenie pojedyncze Elite, ogrodzenie parowane Elite<\/h3> -->\n                            <div class=\"excerpt\"><!-- wp:heading {\"level\":3,\"translatedWithWPMLTM\":\"1\"} -->\n<h3>Bezpieczna d\u017awignia<\/h3>\n<!-- \/wp:heading --><!-- wp:paragraph {\"translatedWithWPMLTM\":\"1\"} -->\n<p>Wystarczaj\u0105co \u0142atwy do otwarcia jedn\u0105 r\u0119k\u0105.<\/p>\n<!-- \/wp:paragraph --><\/div>\n                        <\/div>\n                    <\/div>\n                                <\/div>\n            <\/div><div id=accessories-associated-listing-block_6070b6bd72643 class=\"block-accessories-associated-listing alignfull\">\n    <div class=\"header\">\n        \n\n<h2 class=\"card-heading wp-block-heading\">Powi\u0105zane akcesoria<\/h2>\n\n\n    <\/div>\n\n        <\/div>","protected":false},"excerpt":{"rendered":"<p>Trwa\u0142e i lekkie z dodatkowym zabezpieczeniem dla ciel\u0105t.<\/p>\n","protected":false},"featured_media":6664,"template":"","series":[170],"class_list":["post-9126","product","type-product","status-publish","has-post-thumbnail","hentry","series-seria-c"],"acf":[],"yoast_head":"<!-- This site is optimized with the Yoast SEO plugin v27.1.1 - https:\/\/yoast.com\/product\/yoast-seo-wordpress\/ -->\n<title>Elite Access Front with Wire Fence - Calf-Tel<\/title>\n<meta name=\"robots\" content=\"index, follow, max-snippet:-1, max-image-preview:large, max-video-preview:-1\" \/>\n<link rel=\"canonical\" href=\"https:\/\/calftel.com\/pl\/product\/seria-c\/elite-access-front-with-wire-fence\/\" \/>\n<meta property=\"og:locale\" content=\"pl_PL\" \/>\n<meta property=\"og:type\" content=\"article\" \/>\n<meta property=\"og:title\" content=\"Elite Access Front with Wire Fence - Calf-Tel\" \/>\n<meta property=\"og:description\" content=\"Trwa\u0142e i lekkie z dodatkowym zabezpieczeniem dla ciel\u0105t.\" \/>\n<meta property=\"og:url\" content=\"https:\/\/calftel.com\/pl\/product\/seria-c\/elite-access-front-with-wire-fence\/\" \/>\n<meta property=\"og:site_name\" content=\"Calf-Tel\" \/>\n<meta property=\"article:publisher\" content=\"https:\/\/www.facebook.com\/calftel\/\" \/>\n<meta property=\"article:modified_time\" content=\"2021-09-28T20:13:45+00:00\" \/>\n<meta property=\"og:image\" content=\"https:\/\/calftel.com\/wp-content\/uploads\/2021\/06\/Elite-Access-Front-with-Wire-Side-Panels.png\" \/>\n\t<meta property=\"og:image:width\" content=\"1024\" \/>\n\t<meta property=\"og:image:height\" content=\"768\" \/>\n\t<meta property=\"og:image:type\" content=\"image\/png\" \/>\n<meta name=\"twitter:card\" content=\"summary_large_image\" \/>\n<meta name=\"twitter:label1\" content=\"Szacowany czas czytania\" \/>\n\t<meta name=\"twitter:data1\" content=\"1 minuta\" \/>\n<script type=\"application\/ld+json\" class=\"yoast-schema-graph\">{\"@context\":\"https:\/\/schema.org\",\"@graph\":[{\"@type\":[\"WebPage\",\"ItemPage\"],\"@id\":\"https:\/\/calftel.com\/pl\/product\/seria-c\/elite-access-front-with-wire-fence\/\",\"url\":\"https:\/\/calftel.com\/pl\/product\/seria-c\/elite-access-front-with-wire-fence\/\",\"name\":\"Elite Access Front with Wire Fence - Calf-Tel\",\"isPartOf\":{\"@id\":\"https:\/\/calftel.com\/pl\/#website\"},\"primaryImageOfPage\":{\"@id\":\"https:\/\/calftel.com\/pl\/product\/seria-c\/elite-access-front-with-wire-fence\/#primaryimage\"},\"image\":{\"@id\":\"https:\/\/calftel.com\/pl\/product\/seria-c\/elite-access-front-with-wire-fence\/#primaryimage\"},\"thumbnailUrl\":\"https:\/\/calftel.com\/wp-content\/uploads\/2021\/06\/Elite-Access-Front-with-Wire-Side-Panels.png\",\"datePublished\":\"2021-08-31T15:28:44+00:00\",\"dateModified\":\"2021-09-28T20:13:45+00:00\",\"breadcrumb\":{\"@id\":\"https:\/\/calftel.com\/pl\/product\/seria-c\/elite-access-front-with-wire-fence\/#breadcrumb\"},\"inLanguage\":\"pl-PL\",\"potentialAction\":[{\"@type\":\"ReadAction\",\"target\":[\"https:\/\/calftel.com\/pl\/product\/seria-c\/elite-access-front-with-wire-fence\/\"]}]},{\"@type\":\"ImageObject\",\"inLanguage\":\"pl-PL\",\"@id\":\"https:\/\/calftel.com\/pl\/product\/seria-c\/elite-access-front-with-wire-fence\/#primaryimage\",\"url\":\"https:\/\/calftel.com\/wp-content\/uploads\/2021\/06\/Elite-Access-Front-with-Wire-Side-Panels.png\",\"contentUrl\":\"https:\/\/calftel.com\/wp-content\/uploads\/2021\/06\/Elite-Access-Front-with-Wire-Side-Panels.png\",\"width\":1024,\"height\":768},{\"@type\":\"BreadcrumbList\",\"@id\":\"https:\/\/calftel.com\/pl\/product\/seria-c\/elite-access-front-with-wire-fence\/#breadcrumb\",\"itemListElement\":[{\"@type\":\"ListItem\",\"position\":1,\"name\":\"Home\",\"item\":\"https:\/\/calftel.com\/pl\/calf-housing\/\"},{\"@type\":\"ListItem\",\"position\":2,\"name\":\"Seria C\",\"item\":\"https:\/\/calftel.com\/pl\/series\/seria-c\/\"},{\"@type\":\"ListItem\",\"position\":3,\"name\":\"Elite Access Front with Wire Fence\"}]},{\"@type\":\"WebSite\",\"@id\":\"https:\/\/calftel.com\/pl\/#website\",\"url\":\"https:\/\/calftel.com\/pl\/\",\"name\":\"Calf-Tel\",\"description\":\"Calf Hutch Experts\",\"publisher\":{\"@id\":\"https:\/\/calftel.com\/pl\/#organization\"},\"potentialAction\":[{\"@type\":\"SearchAction\",\"target\":{\"@type\":\"EntryPoint\",\"urlTemplate\":\"https:\/\/calftel.com\/pl\/?s={search_term_string}\"},\"query-input\":{\"@type\":\"PropertyValueSpecification\",\"valueRequired\":true,\"valueName\":\"search_term_string\"}}],\"inLanguage\":\"pl-PL\"},{\"@type\":\"Organization\",\"@id\":\"https:\/\/calftel.com\/pl\/#organization\",\"name\":\"Calf-Tel by Hampel\",\"url\":\"https:\/\/calftel.com\/pl\/\",\"logo\":{\"@type\":\"ImageObject\",\"inLanguage\":\"pl-PL\",\"@id\":\"https:\/\/calftel.com\/pl\/#\/schema\/logo\/image\/\",\"url\":\"https:\/\/calftel.com\/wp-content\/uploads\/2021\/11\/Hampels-CalfTel-USA-EST-1981-Color.png\",\"contentUrl\":\"https:\/\/calftel.com\/wp-content\/uploads\/2021\/11\/Hampels-CalfTel-USA-EST-1981-Color.png\",\"width\":1080,\"height\":516,\"caption\":\"Calf-Tel by Hampel\"},\"image\":{\"@id\":\"https:\/\/calftel.com\/pl\/#\/schema\/logo\/image\/\"},\"sameAs\":[\"https:\/\/www.facebook.com\/calftel\/\",\"https:\/\/www.instagram.com\/calftel\/\",\"https:\/\/linkedin.com\/company\/calf-tel\/\",\"https:\/\/www.youtube.com\/channel\/UCq73euoWhx5k1kOjHBHXM_g\"]}]}<\/script>\n<!-- \/ Yoast SEO plugin. -->","yoast_head_json":{"title":"Elite Access Front with Wire Fence - Calf-Tel","robots":{"index":"index","follow":"follow","max-snippet":"max-snippet:-1","max-image-preview":"max-image-preview:large","max-video-preview":"max-video-preview:-1"},"canonical":"https:\/\/calftel.com\/pl\/product\/seria-c\/elite-access-front-with-wire-fence\/","og_locale":"pl_PL","og_type":"article","og_title":"Elite Access Front with Wire Fence - Calf-Tel","og_description":"Trwa\u0142e i lekkie z dodatkowym zabezpieczeniem dla ciel\u0105t.","og_url":"https:\/\/calftel.com\/pl\/product\/seria-c\/elite-access-front-with-wire-fence\/","og_site_name":"Calf-Tel","article_publisher":"https:\/\/www.facebook.com\/calftel\/","article_modified_time":"2021-09-28T20:13:45+00:00","og_image":[{"width":1024,"height":768,"url":"https:\/\/calftel.com\/wp-content\/uploads\/2021\/06\/Elite-Access-Front-with-Wire-Side-Panels.png","type":"image\/png"}],"twitter_card":"summary_large_image","twitter_misc":{"Szacowany czas czytania":"1 minuta"},"schema":{"@context":"https:\/\/schema.org","@graph":[{"@type":["WebPage","ItemPage"],"@id":"https:\/\/calftel.com\/pl\/product\/seria-c\/elite-access-front-with-wire-fence\/","url":"https:\/\/calftel.com\/pl\/product\/seria-c\/elite-access-front-with-wire-fence\/","name":"Elite Access Front with Wire Fence - Calf-Tel","isPartOf":{"@id":"https:\/\/calftel.com\/pl\/#website"},"primaryImageOfPage":{"@id":"https:\/\/calftel.com\/pl\/product\/seria-c\/elite-access-front-with-wire-fence\/#primaryimage"},"image":{"@id":"https:\/\/calftel.com\/pl\/product\/seria-c\/elite-access-front-with-wire-fence\/#primaryimage"},"thumbnailUrl":"https:\/\/calftel.com\/wp-content\/uploads\/2021\/06\/Elite-Access-Front-with-Wire-Side-Panels.png","datePublished":"2021-08-31T15:28:44+00:00","dateModified":"2021-09-28T20:13:45+00:00","breadcrumb":{"@id":"https:\/\/calftel.com\/pl\/product\/seria-c\/elite-access-front-with-wire-fence\/#breadcrumb"},"inLanguage":"pl-PL","potentialAction":[{"@type":"ReadAction","target":["https:\/\/calftel.com\/pl\/product\/seria-c\/elite-access-front-with-wire-fence\/"]}]},{"@type":"ImageObject","inLanguage":"pl-PL","@id":"https:\/\/calftel.com\/pl\/product\/seria-c\/elite-access-front-with-wire-fence\/#primaryimage","url":"https:\/\/calftel.com\/wp-content\/uploads\/2021\/06\/Elite-Access-Front-with-Wire-Side-Panels.png","contentUrl":"https:\/\/calftel.com\/wp-content\/uploads\/2021\/06\/Elite-Access-Front-with-Wire-Side-Panels.png","width":1024,"height":768},{"@type":"BreadcrumbList","@id":"https:\/\/calftel.com\/pl\/product\/seria-c\/elite-access-front-with-wire-fence\/#breadcrumb","itemListElement":[{"@type":"ListItem","position":1,"name":"Home","item":"https:\/\/calftel.com\/pl\/calf-housing\/"},{"@type":"ListItem","position":2,"name":"Seria C","item":"https:\/\/calftel.com\/pl\/series\/seria-c\/"},{"@type":"ListItem","position":3,"name":"Elite Access Front with Wire Fence"}]},{"@type":"WebSite","@id":"https:\/\/calftel.com\/pl\/#website","url":"https:\/\/calftel.com\/pl\/","name":"Calf-Tel","description":"Calf Hutch Experts","publisher":{"@id":"https:\/\/calftel.com\/pl\/#organization"},"potentialAction":[{"@type":"SearchAction","target":{"@type":"EntryPoint","urlTemplate":"https:\/\/calftel.com\/pl\/?s={search_term_string}"},"query-input":{"@type":"PropertyValueSpecification","valueRequired":true,"valueName":"search_term_string"}}],"inLanguage":"pl-PL"},{"@type":"Organization","@id":"https:\/\/calftel.com\/pl\/#organization","name":"Calf-Tel by Hampel","url":"https:\/\/calftel.com\/pl\/","logo":{"@type":"ImageObject","inLanguage":"pl-PL","@id":"https:\/\/calftel.com\/pl\/#\/schema\/logo\/image\/","url":"https:\/\/calftel.com\/wp-content\/uploads\/2021\/11\/Hampels-CalfTel-USA-EST-1981-Color.png","contentUrl":"https:\/\/calftel.com\/wp-content\/uploads\/2021\/11\/Hampels-CalfTel-USA-EST-1981-Color.png","width":1080,"height":516,"caption":"Calf-Tel by Hampel"},"image":{"@id":"https:\/\/calftel.com\/pl\/#\/schema\/logo\/image\/"},"sameAs":["https:\/\/www.facebook.com\/calftel\/","https:\/\/www.instagram.com\/calftel\/","https:\/\/linkedin.com\/company\/calf-tel\/","https:\/\/www.youtube.com\/channel\/UCq73euoWhx5k1kOjHBHXM_g"]}]}},"_links":{"self":[{"href":"https:\/\/calftel.com\/pl\/wp-json\/wp\/v2\/product\/9126","targetHints":{"allow":["GET"]}}],"collection":[{"href":"https:\/\/calftel.com\/pl\/wp-json\/wp\/v2\/product"}],"about":[{"href":"https:\/\/calftel.com\/pl\/wp-json\/wp\/v2\/types\/product"}],"wp:featuredmedia":[{"embeddable":true,"href":"https:\/\/calftel.com\/pl\/wp-json\/wp\/v2\/media\/6664"}],"wp:attachment":[{"href":"https:\/\/calftel.com\/pl\/wp-json\/wp\/v2\/media?parent=9126"}],"wp:term":[{"taxonomy":"series","embeddable":true,"href":"https:\/\/calftel.com\/pl\/wp-json\/wp\/v2\/series?post=9126"}],"curies":[{"name":"wp","href":"https:\/\/api.w.org\/{rel}","templated":true}]}}