{"id":9127,"date":"2021-08-31T15:31:19","date_gmt":"2021-08-31T15:31:19","guid":{"rendered":"https:\/\/calftel.com\/product\/%series%\/elite-fence\/"},"modified":"2021-09-28T19:37:52","modified_gmt":"2021-09-28T19:37:52","slug":"elite-fence","status":"publish","type":"product","link":"https:\/\/calftel.com\/pl\/product\/seria-c\/elite-fence\/","title":{"rendered":"Ogrodzenie typu Elite"},"content":{"rendered":"\n<div class=\"wp-block-cover alignfull has-background-dim-40 has-background-dim pattern-hero-product gt-remove-margin-top\"><img loading=\"lazy\" decoding=\"async\" width=\"2000\" height=\"600\" class=\"wp-block-cover__image-background wp-image-6556\" alt=\"\" src=\"https:\/\/calftel.com\/wp-content\/uploads\/2021\/05\/Elite-Single-Fence-Hero-Image.jpg\" style=\"object-position:74% 76%\" data-object-fit=\"cover\" data-object-position=\"74% 76%\" srcset=\"https:\/\/calftel.com\/wp-content\/uploads\/2021\/05\/Elite-Single-Fence-Hero-Image.jpg 2000w, https:\/\/calftel.com\/wp-content\/uploads\/2021\/05\/Elite-Single-Fence-Hero-Image-300x90.jpg 300w, https:\/\/calftel.com\/wp-content\/uploads\/2021\/05\/Elite-Single-Fence-Hero-Image-1024x307.jpg 1024w, https:\/\/calftel.com\/wp-content\/uploads\/2021\/05\/Elite-Single-Fence-Hero-Image-768x230.jpg 768w, https:\/\/calftel.com\/wp-content\/uploads\/2021\/05\/Elite-Single-Fence-Hero-Image-1536x461.jpg 1536w\" sizes=\"auto, (max-width: 2000px) 100vw, 2000px\" \/><div class=\"wp-block-cover__inner-container is-layout-flow wp-block-cover-is-layout-flow\">\n<p class=\"has-text-align-center hero-product-series gt-remove-margin-bottom\">C-Series<\/p>\n\n\n\n<h1 class=\"alignwide has-text-align-center hero-product-name gt-remove-margin-top gt-remove-margin-bottom wp-block-heading\">Ogrodzenie typu Elite<\/h1>\n\n\n\n<p><\/p>\n<\/div><\/div>\n\n<div class=\"wp-block-columns alignwide pattern-product-intro is-layout-flex wp-container-core-columns-is-layout-9d6595d7 wp-block-columns-is-layout-flex\">\n<div class=\"wp-block-column is-vertically-aligned-center is-layout-flow wp-block-column-is-layout-flow\" style=\"flex-basis:40%\">\n<h6 class=\"wp-block-heading\">Zbudowany z my\u015bl\u0105 o dost\u0119pno\u015bci i trwa\u0142o\u015bci.<\/h6>\n\n\n\n<p>Ogrodzenie Elite to przede wszystkim dost\u0119pno\u015b\u0107 dla producenta. Potrzebujesz uzupe\u0142ni\u0107 \u015bci\u00f3\u0142k\u0119? Wystarczy przewr\u00f3ci\u0107 budk\u0119 do ogrodzenia. Musisz przenie\u015b\u0107 ca\u0142y system? Podnie\u015b ogrodzenie nad budk\u0119 i ruszajcie. Opr\u00f3cz wygody, ogrodzenie Elite zosta\u0142o zaprojektowane z my\u015bl\u0105 o maksymalnej trwa\u0142o\u015bci i d\u0142ugowieczno\u015bci &#8211; system ten b\u0119dzie odporny na codzienne zu\u017cycie i zniszczenia, zwi\u0119kszaj\u0105c og\u00f3lne oszcz\u0119dno\u015bci dla producenta.<\/p>\n\n\n\n<ul class=\"wp-block-list\"><li>Pasuje do budek Calf-Tel 24|74 i 35|85<\/li><li>Drzwi otwieraj\u0105 si\u0119 do wewn\u0105trz lub na zewn\u0105trz dla \u0142atwego dost\u0119pu do cielaka<\/li><li>Bezpieczna d\u017awignia &#8211; wystarczaj\u0105co \u0142atwa do otwarcia jedn\u0105 r\u0119k\u0105<\/li><li>Budka dla ciel\u0105t podnosi si\u0119 do ogrodzenia lub ogrodzenie unosi si\u0119 nad budk\u0119, co u\u0142atwia czyszczenie i transport<\/li><li>Doskona\u0142y przep\u0142yw powietrza i wentylacja<\/li><li>Zaprojektowany z grubej stali cynkowanej ogniowo dla maksymalnej trwa\u0142o\u015bci i d\u0142ugowieczno\u015bci<\/li><\/ul>\n\n\n\n<p>W sprawie cen, dost\u0119pno\u015bci i czasu realizacji prosimy o kontakt z <a href=\"https:\/\/calftel.com\/pl\/informacje-o\/meet-the-team\/\">Territory Manager<\/a>.<\/p>\n\n\n<div id=accessories-associated-listing-block_6074ebbb6e6ae class=\"block-product-docs alignwide\">\n                        <ul class=\"doc-listing\">\n                                    <li class=\"doc-item\">\n                        <a href=\"https:\/\/calftel.com\/wp-content\/uploads\/2021\/04\/Chute-Bottle-Holder-Pen-Hutch-Fence-Mount-2.pdf\" target=\"_blank\">\n                            <!--                                 Assembly Instructions\n                             -->\n                            Chute Bottle Holder Pen, Fence and Hutch Mount Assembly Instructions                        <\/a>\n                    <\/li>\n                                <\/ul>\n            <\/div>\n\n\n<div class=\"wp-block-buttons is-layout-flex wp-block-buttons-is-layout-flex\">\n<div class=\"wp-block-button is-style-fill\"><a class=\"wp-block-button__link has-very-dark-gray-color has-very-light-gray-background-color has-text-color has-background\" href=\"https:\/\/calftel.com\/pl\/accessories\/\">Sklep z Akcesoriami<\/a><\/div>\n\n\n\n<div class=\"wp-block-button is-style-secondary-fill\"><a class=\"wp-block-button__link\" href=\"\/ Konfiguracja\">Dostosowanie produktu<\/a><\/div>\n<\/div>\n<\/div>\n\n\n\n<div class=\"wp-block-column is-vertically-aligned-center is-layout-flow wp-block-column-is-layout-flow\">\n<figure class=\"wp-block-image size-large is-style-zoom\"><img loading=\"lazy\" decoding=\"async\" width=\"1024\" height=\"768\" src=\"https:\/\/calftel.com\/wp-content\/uploads\/2021\/05\/Elite-Single-Fence.png\" alt=\"\" class=\"wp-image-4372\" srcset=\"https:\/\/calftel.com\/wp-content\/uploads\/2021\/05\/Elite-Single-Fence.png 1024w, https:\/\/calftel.com\/wp-content\/uploads\/2021\/05\/Elite-Single-Fence-300x225.png 300w, https:\/\/calftel.com\/wp-content\/uploads\/2021\/05\/Elite-Single-Fence-768x576.png 768w\" sizes=\"auto, (max-width: 1024px) 100vw, 1024px\" \/><\/figure>\n<\/div>\n<\/div>\n\n<figure class=\"wp-block-embed is-type-video is-provider-youtube wp-block-embed-youtube wp-embed-aspect-16-9 wp-has-aspect-ratio\"><div class=\"wp-block-embed__wrapper\">\n<iframe loading=\"lazy\" title=\"Calf-Tel New Containment Series\" width=\"640\" height=\"360\" src=\"https:\/\/www.youtube.com\/embed\/UpVBBN0RWac?feature=oembed\" frameborder=\"0\" allow=\"accelerometer; autoplay; clipboard-write; encrypted-media; gyroscope; picture-in-picture; web-share\" referrerpolicy=\"strict-origin-when-cross-origin\" allowfullscreen><\/iframe>\n<\/div><\/figure>\n\n<div class=\"wp-block-group alignfull product-specifications\"><div class=\"wp-block-group__inner-container is-layout-flow wp-block-group-is-layout-flow\">\n<div class=\"wp-block-columns alignwide is-layout-flex wp-container-core-columns-is-layout-9d6595d7 wp-block-columns-is-layout-flex\">\n<div class=\"wp-block-column is-vertically-aligned-center is-layout-flow wp-block-column-is-layout-flow\" style=\"flex-basis:40%\">\n<figure class=\"wp-block-image size-large is-style-zoom\"><img loading=\"lazy\" decoding=\"async\" width=\"1024\" height=\"768\" src=\"https:\/\/calftel.com\/wp-content\/uploads\/2021\/06\/Elite-Single-Fence-Dimensions-1024x768.jpg\" alt=\"\" class=\"wp-image-5784\" srcset=\"https:\/\/calftel.com\/wp-content\/uploads\/2021\/06\/Elite-Single-Fence-Dimensions-1024x768.jpg 1024w, https:\/\/calftel.com\/wp-content\/uploads\/2021\/06\/Elite-Single-Fence-Dimensions-300x225.jpg 300w, https:\/\/calftel.com\/wp-content\/uploads\/2021\/06\/Elite-Single-Fence-Dimensions-768x576.jpg 768w, https:\/\/calftel.com\/wp-content\/uploads\/2021\/06\/Elite-Single-Fence-Dimensions-1536x1152.jpg 1536w, https:\/\/calftel.com\/wp-content\/uploads\/2021\/06\/Elite-Single-Fence-Dimensions.jpg 2000w\" sizes=\"auto, (max-width: 1024px) 100vw, 1024px\" \/><\/figure>\n<\/div>\n\n\n\n<div class=\"wp-block-column is-vertically-aligned-center is-layout-flow wp-block-column-is-layout-flow\">\n<h2 class=\"wp-block-heading\">Dane techniczne<\/h2>\n\n\n\n<figure class=\"wp-block-table is-style-regular\"><table><thead><tr><th class=\"has-text-align-left\" data-align=\"left\">Wymiary ogrodzenia dla 24\/74<\/th><th class=\"has-text-align-left\" data-align=\"left\"><\/th><\/tr><\/thead><tbody><tr><td class=\"has-text-align-left\" data-align=\"left\"><strong>D\u0142ugo\u015b\u0107<\/strong><\/td><td class=\"has-text-align-left\" data-align=\"left\">63&#8243;<br\/>160.35cm<\/td><\/tr><tr><td class=\"has-text-align-left\" data-align=\"left\"><strong>Szeroko\u015b\u0107<\/strong><\/td><td class=\"has-text-align-left\" data-align=\"left\">51.4&#8243;<br\/>130.5cm<\/td><\/tr><tr><td class=\"has-text-align-left\" data-align=\"left\"><strong>Wysoko\u015b\u0107<\/strong><\/td><td class=\"has-text-align-left\" data-align=\"left\">40&#8243;<br\/>101.6cm<\/td><\/tr><tr><td class=\"has-text-align-left\" data-align=\"left\"><strong>Waga<\/strong><\/td><td class=\"has-text-align-left\" data-align=\"left\">122.25 lbs.<br\/>55.45 kg.<\/td><\/tr><\/tbody><\/table><\/figure>\n\n\n\n<figure class=\"wp-block-table is-style-regular\"><table><thead><tr><th class=\"has-text-align-left\" data-align=\"left\">Wymiary ogrodzenia dla 35|85<\/th><th class=\"has-text-align-left\" data-align=\"left\"><\/th><\/tr><\/thead><tbody><tr><td class=\"has-text-align-left\" data-align=\"left\"><strong>D\u0142ugo\u015b\u0107<\/strong><\/td><td class=\"has-text-align-left\" data-align=\"left\">63&#8243;<br\/>160.35cm<\/td><\/tr><tr><td class=\"has-text-align-left\" data-align=\"left\"><strong>Szeroko\u015b\u0107<\/strong><\/td><td class=\"has-text-align-left\" data-align=\"left\">59.2&#8243;<br\/>150.4cm<\/td><\/tr><tr><td class=\"has-text-align-left\" data-align=\"left\"><strong>Wysoko\u015b\u0107<\/strong><\/td><td class=\"has-text-align-left\" data-align=\"left\">40&#8243;<br\/>101.6cm<\/td><\/tr><tr><td class=\"has-text-align-left\" data-align=\"left\"><strong>Waga<\/strong><\/td><td class=\"has-text-align-left\" data-align=\"left\">129.5 lbs.<br\/>58.7 kg.<\/td><\/tr><\/tbody><\/table><figcaption>Waga i wymiary mog\u0105 si\u0119 nieznacznie r\u00f3\u017cni\u0107.<\/figcaption><\/figure>\n<\/div>\n<\/div>\n<\/div><\/div>\n<div id=features-listing-block_60707e5dfbb9c class=\"block-features-listing alignfull\">\n    <div class=\"header\">\n        \n\n<h2 class=\"card-heading wp-block-heading\">Cechy i zalety<\/h2>\n\n\n    <\/div>\n\n                        <div class=\"features-list\">\n                                    <div class=\"features-row\">\n                        <div class=\"thumbnail\"><img loading=\"lazy\" decoding=\"async\" width=\"640\" height=\"480\" src=\"https:\/\/calftel.com\/wp-content\/uploads\/2021\/07\/Elite-Single-Fence-Hutch-Flipped-Up.png\" class=\"attachment-large size-large wp-post-image\" alt=\"\" srcset=\"https:\/\/calftel.com\/wp-content\/uploads\/2021\/07\/Elite-Single-Fence-Hutch-Flipped-Up.png 800w, https:\/\/calftel.com\/wp-content\/uploads\/2021\/07\/Elite-Single-Fence-Hutch-Flipped-Up-300x225.png 300w, https:\/\/calftel.com\/wp-content\/uploads\/2021\/07\/Elite-Single-Fence-Hutch-Flipped-Up-768x576.png 768w\" sizes=\"auto, (max-width: 640px) 100vw, 640px\" \/><\/div>\n                        <div class=\"content\">\n                            <!-- <h3>Budka podnosi si\u0119 do ogrodzenia-pojedyncze ogrodzenie Elite<\/h3> -->\n                            <div class=\"excerpt\"><!-- wp:heading {\"level\":3,\"translatedWithWPMLTM\":\"1\"} -->\n<h3>Budka podnosi si\u0119 do ogrodzenia<\/h3>\n<!-- \/wp:heading --><!-- wp:paragraph {\"translatedWithWPMLTM\":\"1\"} -->\n<p>Ko\u0144c\u00f3wki budki do ogrodzenia u\u0142atwiaj\u0105 czyszczenie, uzupe\u0142nianie \u015bci\u00f3\u0142ki oraz przenoszenie ogrodzenia i budki.<\/p>\n<!-- \/wp:paragraph --><\/div>\n                        <\/div>\n                    <\/div>\n                                    <div class=\"features-row\">\n                        <div class=\"thumbnail\"><img loading=\"lazy\" decoding=\"async\" width=\"640\" height=\"480\" src=\"https:\/\/calftel.com\/wp-content\/uploads\/2021\/07\/Elite-Single-Fence-Fence-Flipped-Up.png\" class=\"attachment-large size-large wp-post-image\" alt=\"\" srcset=\"https:\/\/calftel.com\/wp-content\/uploads\/2021\/07\/Elite-Single-Fence-Fence-Flipped-Up.png 800w, https:\/\/calftel.com\/wp-content\/uploads\/2021\/07\/Elite-Single-Fence-Fence-Flipped-Up-300x225.png 300w, https:\/\/calftel.com\/wp-content\/uploads\/2021\/07\/Elite-Single-Fence-Fence-Flipped-Up-768x576.png 768w\" sizes=\"auto, (max-width: 640px) 100vw, 640px\" \/><\/div>\n                        <div class=\"content\">\n                            <!-- <h3>Wskaz\u00f3wki dotycz\u0105ce unoszenia ogrodzenia nad budk\u0119 \u2013 ogrodzenie pojedyncze Elite<\/h3> -->\n                            <div class=\"excerpt\"><!-- wp:heading {\"level\":3,\"translatedWithWPMLTM\":\"1\"} -->\n<h3>Porady dotycz\u0105ce unoszenia ogrodzenia nad budk\u0119<\/h3>\n<!-- \/wp:heading --><!-- wp:paragraph {\"translatedWithWPMLTM\":\"1\"} -->\n<p>Ogrodzenie unosi si\u0119 nad budk\u0105, co u\u0142atwia czyszczenie i transport.<\/p>\n<!-- \/wp:paragraph --><\/div>\n                        <\/div>\n                    <\/div>\n                                    <div class=\"features-row\">\n                        <div class=\"thumbnail\"><img loading=\"lazy\" decoding=\"async\" width=\"640\" height=\"480\" src=\"https:\/\/calftel.com\/wp-content\/uploads\/2021\/06\/Pairing-Leg.png\" class=\"attachment-large size-large wp-post-image\" alt=\"\" srcset=\"https:\/\/calftel.com\/wp-content\/uploads\/2021\/06\/Pairing-Leg.png 800w, https:\/\/calftel.com\/wp-content\/uploads\/2021\/06\/Pairing-Leg-300x225.png 300w, https:\/\/calftel.com\/wp-content\/uploads\/2021\/06\/Pairing-Leg-768x576.png 768w\" sizes=\"auto, (max-width: 640px) 100vw, 640px\" \/><\/div>\n                        <div class=\"content\">\n                            <!-- <h3>Nogi-ogrodzenie pojedyncze Elite&amp;ogrodzenie podw\u00f3jne<\/h3> -->\n                            <div class=\"excerpt\"><!-- wp:heading {\"level\":3,\"translatedWithWPMLTM\":\"1\"} -->\n<h3>Wytrzyma\u0142e nogi<\/h3>\n<!-- \/wp:heading --><!-- wp:paragraph {\"translatedWithWPMLTM\":\"1\"} -->\n<p>Wyposa\u017cony w wytrzyma\u0142e nogi dla dodatkowej stabilno\u015bci i wsparcia.<\/p>\n<!-- \/wp:paragraph --><\/div>\n                        <\/div>\n                    <\/div>\n                                    <div class=\"features-row\">\n                        <div class=\"thumbnail\"><img loading=\"lazy\" decoding=\"async\" width=\"640\" height=\"480\" src=\"https:\/\/calftel.com\/wp-content\/uploads\/2021\/09\/Elite-Lever.png\" class=\"attachment-large size-large wp-post-image\" alt=\"\" srcset=\"https:\/\/calftel.com\/wp-content\/uploads\/2021\/09\/Elite-Lever.png 800w, https:\/\/calftel.com\/wp-content\/uploads\/2021\/09\/Elite-Lever-300x225.png 300w, https:\/\/calftel.com\/wp-content\/uploads\/2021\/09\/Elite-Lever-768x576.png 768w\" sizes=\"auto, (max-width: 640px) 100vw, 640px\" \/><\/div>\n                        <div class=\"content\">\n                            <!-- <h3>Bezpieczna d\u017awignia &#8211; ogrodzenie druciane Elite, ogrodzenie pojedyncze Elite, ogrodzenie parowane Elite<\/h3> -->\n                            <div class=\"excerpt\"><!-- wp:heading {\"level\":3,\"translatedWithWPMLTM\":\"1\"} -->\n<h3>Bezpieczna d\u017awignia<\/h3>\n<!-- \/wp:heading --><!-- wp:paragraph {\"translatedWithWPMLTM\":\"1\"} -->\n<p>Wystarczaj\u0105co \u0142atwy do otwarcia jedn\u0105 r\u0119k\u0105.<\/p>\n<!-- \/wp:paragraph --><\/div>\n                        <\/div>\n                    <\/div>\n                                <\/div>\n            <\/div><div id=accessories-associated-listing-block_6070b6bd72643 class=\"block-accessories-associated-listing alignfull\">\n    <div class=\"header\">\n        \n\n<h2 class=\"card-heading wp-block-heading\">Powi\u0105zane akcesoria<\/h2>\n\n\n    <\/div>\n\n        <\/div>","protected":false},"excerpt":{"rendered":"<p>Budka podnosi si\u0119 do ogrodzenia dla wygodnego czyszczenia lub ogrodzenie unoisi si\u0119 nad budke dla \u0142atwej mobilno\u015bci. Nasze pojedyncze ogrodzenie Elite zwi\u0119ksza wydajno\u015b\u0107.<\/p>\n","protected":false},"featured_media":4372,"template":"","series":[170],"class_list":["post-9127","product","type-product","status-publish","has-post-thumbnail","hentry","series-seria-c"],"acf":[],"yoast_head":"<!-- This site is optimized with the Yoast SEO plugin v27.1.1 - https:\/\/yoast.com\/product\/yoast-seo-wordpress\/ -->\n<title>Ogrodzenie typu Elite - Calf-Tel<\/title>\n<meta name=\"robots\" content=\"index, follow, max-snippet:-1, max-image-preview:large, max-video-preview:-1\" \/>\n<link rel=\"canonical\" href=\"https:\/\/calftel.com\/pl\/product\/seria-c\/elite-fence\/\" \/>\n<meta property=\"og:locale\" content=\"pl_PL\" \/>\n<meta property=\"og:type\" content=\"article\" \/>\n<meta property=\"og:title\" content=\"Ogrodzenie typu Elite - Calf-Tel\" \/>\n<meta property=\"og:description\" content=\"Budka podnosi si\u0119 do ogrodzenia dla wygodnego czyszczenia lub ogrodzenie unoisi si\u0119 nad budke dla \u0142atwej mobilno\u015bci. Nasze pojedyncze ogrodzenie Elite zwi\u0119ksza wydajno\u015b\u0107.\" \/>\n<meta property=\"og:url\" content=\"https:\/\/calftel.com\/pl\/product\/seria-c\/elite-fence\/\" \/>\n<meta property=\"og:site_name\" content=\"Calf-Tel\" \/>\n<meta property=\"article:publisher\" content=\"https:\/\/www.facebook.com\/calftel\/\" \/>\n<meta property=\"article:modified_time\" content=\"2021-09-28T19:37:52+00:00\" \/>\n<meta property=\"og:image\" content=\"https:\/\/calftel.com\/wp-content\/uploads\/2021\/05\/Elite-Single-Fence.png\" \/>\n\t<meta property=\"og:image:width\" content=\"1024\" \/>\n\t<meta property=\"og:image:height\" content=\"768\" \/>\n\t<meta property=\"og:image:type\" content=\"image\/png\" \/>\n<meta name=\"twitter:card\" content=\"summary_large_image\" \/>\n<meta name=\"twitter:label1\" content=\"Szacowany czas czytania\" \/>\n\t<meta name=\"twitter:data1\" content=\"1 minuta\" \/>\n<script type=\"application\/ld+json\" class=\"yoast-schema-graph\">{\"@context\":\"https:\/\/schema.org\",\"@graph\":[{\"@type\":[\"WebPage\",\"ItemPage\"],\"@id\":\"https:\/\/calftel.com\/pl\/product\/seria-c\/elite-fence\/\",\"url\":\"https:\/\/calftel.com\/pl\/product\/seria-c\/elite-fence\/\",\"name\":\"Ogrodzenie typu Elite - Calf-Tel\",\"isPartOf\":{\"@id\":\"https:\/\/calftel.com\/pl\/#website\"},\"primaryImageOfPage\":{\"@id\":\"https:\/\/calftel.com\/pl\/product\/seria-c\/elite-fence\/#primaryimage\"},\"image\":{\"@id\":\"https:\/\/calftel.com\/pl\/product\/seria-c\/elite-fence\/#primaryimage\"},\"thumbnailUrl\":\"https:\/\/calftel.com\/wp-content\/uploads\/2021\/05\/Elite-Single-Fence.png\",\"datePublished\":\"2021-08-31T15:31:19+00:00\",\"dateModified\":\"2021-09-28T19:37:52+00:00\",\"breadcrumb\":{\"@id\":\"https:\/\/calftel.com\/pl\/product\/seria-c\/elite-fence\/#breadcrumb\"},\"inLanguage\":\"pl-PL\",\"potentialAction\":[{\"@type\":\"ReadAction\",\"target\":[\"https:\/\/calftel.com\/pl\/product\/seria-c\/elite-fence\/\"]}]},{\"@type\":\"ImageObject\",\"inLanguage\":\"pl-PL\",\"@id\":\"https:\/\/calftel.com\/pl\/product\/seria-c\/elite-fence\/#primaryimage\",\"url\":\"https:\/\/calftel.com\/wp-content\/uploads\/2021\/05\/Elite-Single-Fence.png\",\"contentUrl\":\"https:\/\/calftel.com\/wp-content\/uploads\/2021\/05\/Elite-Single-Fence.png\",\"width\":1024,\"height\":768},{\"@type\":\"BreadcrumbList\",\"@id\":\"https:\/\/calftel.com\/pl\/product\/seria-c\/elite-fence\/#breadcrumb\",\"itemListElement\":[{\"@type\":\"ListItem\",\"position\":1,\"name\":\"Home\",\"item\":\"https:\/\/calftel.com\/pl\/calf-housing\/\"},{\"@type\":\"ListItem\",\"position\":2,\"name\":\"Seria C\",\"item\":\"https:\/\/calftel.com\/pl\/series\/seria-c\/\"},{\"@type\":\"ListItem\",\"position\":3,\"name\":\"Ogrodzenie typu Elite\"}]},{\"@type\":\"WebSite\",\"@id\":\"https:\/\/calftel.com\/pl\/#website\",\"url\":\"https:\/\/calftel.com\/pl\/\",\"name\":\"Calf-Tel\",\"description\":\"Calf Hutch Experts\",\"publisher\":{\"@id\":\"https:\/\/calftel.com\/pl\/#organization\"},\"potentialAction\":[{\"@type\":\"SearchAction\",\"target\":{\"@type\":\"EntryPoint\",\"urlTemplate\":\"https:\/\/calftel.com\/pl\/?s={search_term_string}\"},\"query-input\":{\"@type\":\"PropertyValueSpecification\",\"valueRequired\":true,\"valueName\":\"search_term_string\"}}],\"inLanguage\":\"pl-PL\"},{\"@type\":\"Organization\",\"@id\":\"https:\/\/calftel.com\/pl\/#organization\",\"name\":\"Calf-Tel by Hampel\",\"url\":\"https:\/\/calftel.com\/pl\/\",\"logo\":{\"@type\":\"ImageObject\",\"inLanguage\":\"pl-PL\",\"@id\":\"https:\/\/calftel.com\/pl\/#\/schema\/logo\/image\/\",\"url\":\"https:\/\/calftel.com\/wp-content\/uploads\/2021\/11\/Hampels-CalfTel-USA-EST-1981-Color.png\",\"contentUrl\":\"https:\/\/calftel.com\/wp-content\/uploads\/2021\/11\/Hampels-CalfTel-USA-EST-1981-Color.png\",\"width\":1080,\"height\":516,\"caption\":\"Calf-Tel by Hampel\"},\"image\":{\"@id\":\"https:\/\/calftel.com\/pl\/#\/schema\/logo\/image\/\"},\"sameAs\":[\"https:\/\/www.facebook.com\/calftel\/\",\"https:\/\/www.instagram.com\/calftel\/\",\"https:\/\/linkedin.com\/company\/calf-tel\/\",\"https:\/\/www.youtube.com\/channel\/UCq73euoWhx5k1kOjHBHXM_g\"]}]}<\/script>\n<!-- \/ Yoast SEO plugin. -->","yoast_head_json":{"title":"Ogrodzenie typu Elite - Calf-Tel","robots":{"index":"index","follow":"follow","max-snippet":"max-snippet:-1","max-image-preview":"max-image-preview:large","max-video-preview":"max-video-preview:-1"},"canonical":"https:\/\/calftel.com\/pl\/product\/seria-c\/elite-fence\/","og_locale":"pl_PL","og_type":"article","og_title":"Ogrodzenie typu Elite - Calf-Tel","og_description":"Budka podnosi si\u0119 do ogrodzenia dla wygodnego czyszczenia lub ogrodzenie unoisi si\u0119 nad budke dla \u0142atwej mobilno\u015bci. Nasze pojedyncze ogrodzenie Elite zwi\u0119ksza wydajno\u015b\u0107.","og_url":"https:\/\/calftel.com\/pl\/product\/seria-c\/elite-fence\/","og_site_name":"Calf-Tel","article_publisher":"https:\/\/www.facebook.com\/calftel\/","article_modified_time":"2021-09-28T19:37:52+00:00","og_image":[{"width":1024,"height":768,"url":"https:\/\/calftel.com\/wp-content\/uploads\/2021\/05\/Elite-Single-Fence.png","type":"image\/png"}],"twitter_card":"summary_large_image","twitter_misc":{"Szacowany czas czytania":"1 minuta"},"schema":{"@context":"https:\/\/schema.org","@graph":[{"@type":["WebPage","ItemPage"],"@id":"https:\/\/calftel.com\/pl\/product\/seria-c\/elite-fence\/","url":"https:\/\/calftel.com\/pl\/product\/seria-c\/elite-fence\/","name":"Ogrodzenie typu Elite - Calf-Tel","isPartOf":{"@id":"https:\/\/calftel.com\/pl\/#website"},"primaryImageOfPage":{"@id":"https:\/\/calftel.com\/pl\/product\/seria-c\/elite-fence\/#primaryimage"},"image":{"@id":"https:\/\/calftel.com\/pl\/product\/seria-c\/elite-fence\/#primaryimage"},"thumbnailUrl":"https:\/\/calftel.com\/wp-content\/uploads\/2021\/05\/Elite-Single-Fence.png","datePublished":"2021-08-31T15:31:19+00:00","dateModified":"2021-09-28T19:37:52+00:00","breadcrumb":{"@id":"https:\/\/calftel.com\/pl\/product\/seria-c\/elite-fence\/#breadcrumb"},"inLanguage":"pl-PL","potentialAction":[{"@type":"ReadAction","target":["https:\/\/calftel.com\/pl\/product\/seria-c\/elite-fence\/"]}]},{"@type":"ImageObject","inLanguage":"pl-PL","@id":"https:\/\/calftel.com\/pl\/product\/seria-c\/elite-fence\/#primaryimage","url":"https:\/\/calftel.com\/wp-content\/uploads\/2021\/05\/Elite-Single-Fence.png","contentUrl":"https:\/\/calftel.com\/wp-content\/uploads\/2021\/05\/Elite-Single-Fence.png","width":1024,"height":768},{"@type":"BreadcrumbList","@id":"https:\/\/calftel.com\/pl\/product\/seria-c\/elite-fence\/#breadcrumb","itemListElement":[{"@type":"ListItem","position":1,"name":"Home","item":"https:\/\/calftel.com\/pl\/calf-housing\/"},{"@type":"ListItem","position":2,"name":"Seria C","item":"https:\/\/calftel.com\/pl\/series\/seria-c\/"},{"@type":"ListItem","position":3,"name":"Ogrodzenie typu Elite"}]},{"@type":"WebSite","@id":"https:\/\/calftel.com\/pl\/#website","url":"https:\/\/calftel.com\/pl\/","name":"Calf-Tel","description":"Calf Hutch Experts","publisher":{"@id":"https:\/\/calftel.com\/pl\/#organization"},"potentialAction":[{"@type":"SearchAction","target":{"@type":"EntryPoint","urlTemplate":"https:\/\/calftel.com\/pl\/?s={search_term_string}"},"query-input":{"@type":"PropertyValueSpecification","valueRequired":true,"valueName":"search_term_string"}}],"inLanguage":"pl-PL"},{"@type":"Organization","@id":"https:\/\/calftel.com\/pl\/#organization","name":"Calf-Tel by Hampel","url":"https:\/\/calftel.com\/pl\/","logo":{"@type":"ImageObject","inLanguage":"pl-PL","@id":"https:\/\/calftel.com\/pl\/#\/schema\/logo\/image\/","url":"https:\/\/calftel.com\/wp-content\/uploads\/2021\/11\/Hampels-CalfTel-USA-EST-1981-Color.png","contentUrl":"https:\/\/calftel.com\/wp-content\/uploads\/2021\/11\/Hampels-CalfTel-USA-EST-1981-Color.png","width":1080,"height":516,"caption":"Calf-Tel by Hampel"},"image":{"@id":"https:\/\/calftel.com\/pl\/#\/schema\/logo\/image\/"},"sameAs":["https:\/\/www.facebook.com\/calftel\/","https:\/\/www.instagram.com\/calftel\/","https:\/\/linkedin.com\/company\/calf-tel\/","https:\/\/www.youtube.com\/channel\/UCq73euoWhx5k1kOjHBHXM_g"]}]}},"_links":{"self":[{"href":"https:\/\/calftel.com\/pl\/wp-json\/wp\/v2\/product\/9127","targetHints":{"allow":["GET"]}}],"collection":[{"href":"https:\/\/calftel.com\/pl\/wp-json\/wp\/v2\/product"}],"about":[{"href":"https:\/\/calftel.com\/pl\/wp-json\/wp\/v2\/types\/product"}],"wp:featuredmedia":[{"embeddable":true,"href":"https:\/\/calftel.com\/pl\/wp-json\/wp\/v2\/media\/4372"}],"wp:attachment":[{"href":"https:\/\/calftel.com\/pl\/wp-json\/wp\/v2\/media?parent=9127"}],"wp:term":[{"taxonomy":"series","embeddable":true,"href":"https:\/\/calftel.com\/pl\/wp-json\/wp\/v2\/series?post=9127"}],"curies":[{"name":"wp","href":"https:\/\/api.w.org\/{rel}","templated":true}]}}